{"id":2904,"date":"2016-02-29T11:32:26","date_gmt":"2016-02-29T11:32:26","guid":{"rendered":"https:\/\/www.enriquerequena.com\/?post_type=product&#038;p=2904"},"modified":"2023-02-07T16:34:08","modified_gmt":"2023-02-07T15:34:08","slug":"bidon-huile-moteur-eni-i-sint-10w40-20liters","status":"publish","type":"product","link":"https:\/\/www.enriquerequena.com\/fr\/tienda-online\/huiles-additifs-moteur\/lubrifiants-camions\/bidon-huile-moteur-eni-i-sint-10w40-20liters\/","title":{"rendered":"Bidon d&rsquo;huile pour moteur Eni i-Sint 10w40 Sigma Special Tms 20 Liters"},"content":{"rendered":"<p><span style=\"color: #3366ff;\">Bidon d&rsquo;huile\u00a0de 20 litres Eni I Sigma Special tms 10w40 est une huile moteur sp\u00e9ciale pour camions avec filtre \u00e0 particules et filtre de densit\u00e9 10W-40. Avec la qualit\u00e9 E6 et E7 permet de prolonger la dur\u00e9e de vie du produit jusqu&rsquo;\u00e0 90.000 km.<\/span><\/p>\n<p><span style=\"color: #3366ff;\">Ce conteneur est fait pour les personnes qui souhaitent effectuer des changements d&rsquo;huile \u00e0 un tr\u00e8s bon prix et avec une qualit\u00e9 optimale, sans avoir \u00e0 payer le prix d&rsquo;un conteneur de 206 litres.<\/span><\/p>\n<p><span style=\"color: #3366ff;\">Nous avons des r\u00e9ductions et des offres int\u00e9ressantes sur les huiles moteur Eni en ligne car nous sommes distributeurs.<\/span><\/p>\n<p><span style=\"color: #3366ff;\">L&rsquo;huile moteur Eni I Sigma Special tms 10w40 20 litres est conforme aux principales sp\u00e9cifications de la plupart des constructeurs automobiles:<\/span><\/p>\n<p><span style=\"color: #3366ff;\">&#8211; ACEA E7, E9<\/span><\/p>\n<p><span style=\"color: #3366ff;\">&#8211; API CI-4<\/span><\/p>\n<p><span style=\"color: #3366ff;\">&#8211; MB 228.51<\/span><\/p>\n<p><span style=\"color: #3366ff;\">&#8211; MAN M3477, M3271-1<\/span><\/p>\n<p><span style=\"color: #3366ff;\">&#8211; VOLVO: VDS-3<\/span><\/p>\n<p><span style=\"color: #3366ff;\">&#8211; RENAULT RLD-2<\/span><\/p>\n<p><span style=\"color: #3366ff;\">&#8211; MTU TYPE 3.1<\/span><\/p>\n<p><span style=\"color: #3366ff;\">&#8211; DEUTZ DQC-III-10 LA<\/span><\/p>\n<p><span style=\"color: #3366ff;\">&#8211; CUMMINS CES 20076\/ 20077<\/span><\/p>\n","protected":false},"excerpt":{"rendered":"<p>Bidon d&rsquo;huile pour moteur Eni i-Sint 10w40 Sigma Special Tms 20 Liters pour les camions avec filtre \u00e0 particules.<\/p>\n","protected":false},"featured_media":17764,"template":"","meta":[],"product_brand":[],"product_cat":[147,177,138],"product_tag":[],"class_list":{"0":"post-2904","1":"product","2":"type-product","3":"status-publish","4":"has-post-thumbnail","6":"product_cat-huiles-additifs-moteur","7":"product_cat-lubrifiants-camions","8":"product_cat-pieces-rechange-camions","10":"first","11":"instock","12":"taxable","13":"shipping-taxable","14":"purchasable","15":"product-type-simple"},"yoast_head":"<!-- This site is optimized with the Yoast SEO plugin v27.5 - https:\/\/yoast.com\/product\/yoast-seo-wordpress\/ -->\n<title>Bidon d&#039;huile pour moteur Eni i-Sint 10w40 Sigma Special 20 Liters<\/title>\n<meta name=\"description\" content=\"Vous pouvez acheter du Bidon d&#039;huile pour moteur Eni i-Sint 10w40 Sigma Special 20 Liters en ligne. Le meilleur prix pour les produits de vos v\u00e9hicules.\" \/>\n<meta name=\"robots\" content=\"index, follow, max-snippet:-1, max-image-preview:large, max-video-preview:-1\" \/>\n<link rel=\"canonical\" href=\"https:\/\/www.enriquerequena.com\/fr\/tienda-online\/huiles-additifs-moteur\/lubrifiants-camions\/bidon-huile-moteur-eni-i-sint-10w40-20liters\/\" \/>\n<meta property=\"og:locale\" content=\"fr_FR\" \/>\n<meta property=\"og:type\" content=\"article\" \/>\n<meta property=\"og:title\" content=\"Bidon d&#039;huile pour moteur Eni i-Sint 10w40 Sigma Special 20 Liters\" \/>\n<meta property=\"og:description\" content=\"Vous pouvez acheter du Bidon d&#039;huile pour moteur Eni i-Sint 10w40 Sigma Special 20 Liters en ligne. Le meilleur prix pour les produits de vos v\u00e9hicules.\" \/>\n<meta property=\"og:url\" content=\"https:\/\/www.enriquerequena.com\/fr\/tienda-online\/huiles-additifs-moteur\/lubrifiants-camions\/bidon-huile-moteur-eni-i-sint-10w40-20liters\/\" \/>\n<meta property=\"og:site_name\" content=\"ENRIQUE REQUENA\" \/>\n<meta property=\"article:modified_time\" content=\"2023-02-07T15:34:08+00:00\" \/>\n<meta property=\"og:image\" content=\"https:\/\/www.enriquerequena.com\/wp-content\/uploads\/2016\/02\/bidon-20-litros-Eni-I-Sigma-Special-tms-10w40.png\" \/>\n\t<meta property=\"og:image:width\" content=\"800\" \/>\n\t<meta property=\"og:image:height\" content=\"800\" \/>\n\t<meta property=\"og:image:type\" content=\"image\/png\" \/>\n<meta name=\"twitter:card\" content=\"summary_large_image\" \/>\n<meta name=\"twitter:label1\" content=\"Dur\u00e9e de lecture estim\u00e9e\" \/>\n\t<meta name=\"twitter:data1\" content=\"1 minute\" \/>\n<script type=\"application\/ld+json\" class=\"yoast-schema-graph\">{\"@context\":\"https:\\\/\\\/schema.org\",\"@graph\":[{\"@type\":\"WebPage\",\"@id\":\"https:\\\/\\\/www.enriquerequena.com\\\/fr\\\/tienda-online\\\/huiles-additifs-moteur\\\/lubrifiants-camions\\\/bidon-huile-moteur-eni-i-sint-10w40-20liters\\\/\",\"url\":\"https:\\\/\\\/www.enriquerequena.com\\\/fr\\\/tienda-online\\\/huiles-additifs-moteur\\\/lubrifiants-camions\\\/bidon-huile-moteur-eni-i-sint-10w40-20liters\\\/\",\"name\":\"Bidon d'huile pour moteur Eni i-Sint 10w40 Sigma Special 20 Liters\",\"isPartOf\":{\"@id\":\"https:\\\/\\\/www.enriquerequena.com\\\/fr\\\/#website\"},\"primaryImageOfPage\":{\"@id\":\"https:\\\/\\\/www.enriquerequena.com\\\/fr\\\/tienda-online\\\/huiles-additifs-moteur\\\/lubrifiants-camions\\\/bidon-huile-moteur-eni-i-sint-10w40-20liters\\\/#primaryimage\"},\"image\":{\"@id\":\"https:\\\/\\\/www.enriquerequena.com\\\/fr\\\/tienda-online\\\/huiles-additifs-moteur\\\/lubrifiants-camions\\\/bidon-huile-moteur-eni-i-sint-10w40-20liters\\\/#primaryimage\"},\"thumbnailUrl\":\"https:\\\/\\\/www.enriquerequena.com\\\/wp-content\\\/uploads\\\/2016\\\/02\\\/bidon-20-litros-Eni-I-Sigma-Special-tms-10w40.png\",\"datePublished\":\"2016-02-29T11:32:26+00:00\",\"dateModified\":\"2023-02-07T15:34:08+00:00\",\"description\":\"Vous pouvez acheter du Bidon d&#39;huile pour moteur Eni i-Sint 10w40 Sigma Special 20 Liters en ligne. Le meilleur prix pour les produits de vos v\u00e9hicules.\",\"breadcrumb\":{\"@id\":\"https:\\\/\\\/www.enriquerequena.com\\\/fr\\\/tienda-online\\\/huiles-additifs-moteur\\\/lubrifiants-camions\\\/bidon-huile-moteur-eni-i-sint-10w40-20liters\\\/#breadcrumb\"},\"inLanguage\":\"fr-FR\",\"potentialAction\":[{\"@type\":\"ReadAction\",\"target\":[\"https:\\\/\\\/www.enriquerequena.com\\\/fr\\\/tienda-online\\\/huiles-additifs-moteur\\\/lubrifiants-camions\\\/bidon-huile-moteur-eni-i-sint-10w40-20liters\\\/\"]}]},{\"@type\":\"ImageObject\",\"inLanguage\":\"fr-FR\",\"@id\":\"https:\\\/\\\/www.enriquerequena.com\\\/fr\\\/tienda-online\\\/huiles-additifs-moteur\\\/lubrifiants-camions\\\/bidon-huile-moteur-eni-i-sint-10w40-20liters\\\/#primaryimage\",\"url\":\"https:\\\/\\\/www.enriquerequena.com\\\/wp-content\\\/uploads\\\/2016\\\/02\\\/bidon-20-litros-Eni-I-Sigma-Special-tms-10w40.png\",\"contentUrl\":\"https:\\\/\\\/www.enriquerequena.com\\\/wp-content\\\/uploads\\\/2016\\\/02\\\/bidon-20-litros-Eni-I-Sigma-Special-tms-10w40.png\",\"width\":800,\"height\":800,\"caption\":\"Bid\u00f3n de aceito 20 litros Eni I\"},{\"@type\":\"WebSite\",\"@id\":\"https:\\\/\\\/www.enriquerequena.com\\\/fr\\\/#website\",\"url\":\"https:\\\/\\\/www.enriquerequena.com\\\/fr\\\/\",\"name\":\"ENRIQUE REQUENA\",\"description\":\"Sp\u00e9cialistes des transmissions cardan avec des exp\u00e9ditions dans le monde entier et des pi\u00e8ces d\u00e9tach\u00e9es pour voitures, camions et accessoires \u00e0 Valence, en Espagne. Avec vous depuis 1950!\",\"publisher\":{\"@id\":\"https:\\\/\\\/www.enriquerequena.com\\\/fr\\\/#organization\"},\"potentialAction\":[{\"@type\":\"SearchAction\",\"target\":{\"@type\":\"EntryPoint\",\"urlTemplate\":\"https:\\\/\\\/www.enriquerequena.com\\\/fr\\\/?s={search_term_string}\"},\"query-input\":{\"@type\":\"PropertyValueSpecification\",\"valueRequired\":true,\"valueName\":\"search_term_string\"}}],\"inLanguage\":\"fr-FR\"},{\"@type\":\"Organization\",\"@id\":\"https:\\\/\\\/www.enriquerequena.com\\\/fr\\\/#organization\",\"name\":\"Enrique Requena S.L.\",\"url\":\"https:\\\/\\\/www.enriquerequena.com\\\/fr\\\/\",\"logo\":{\"@type\":\"ImageObject\",\"inLanguage\":\"fr-FR\",\"@id\":\"https:\\\/\\\/www.enriquerequena.com\\\/fr\\\/#\\\/schema\\\/logo\\\/image\\\/\",\"url\":\"https:\\\/\\\/www.enriquerequena.com\\\/wp-content\\\/uploads\\\/2019\\\/11\\\/enrique-requena-recambios-logotipo.jpg\",\"contentUrl\":\"https:\\\/\\\/www.enriquerequena.com\\\/wp-content\\\/uploads\\\/2019\\\/11\\\/enrique-requena-recambios-logotipo.jpg\",\"width\":381,\"height\":75,\"caption\":\"Enrique Requena S.L.\"},\"image\":{\"@id\":\"https:\\\/\\\/www.enriquerequena.com\\\/fr\\\/#\\\/schema\\\/logo\\\/image\\\/\"}}]}<\/script>\n<!-- \/ Yoast SEO plugin. -->","yoast_head_json":{"title":"Bidon d'huile pour moteur Eni i-Sint 10w40 Sigma Special 20 Liters","description":"Vous pouvez acheter du Bidon d&#39;huile pour moteur Eni i-Sint 10w40 Sigma Special 20 Liters en ligne. Le meilleur prix pour les produits de vos v\u00e9hicules.","robots":{"index":"index","follow":"follow","max-snippet":"max-snippet:-1","max-image-preview":"max-image-preview:large","max-video-preview":"max-video-preview:-1"},"canonical":"https:\/\/www.enriquerequena.com\/fr\/tienda-online\/huiles-additifs-moteur\/lubrifiants-camions\/bidon-huile-moteur-eni-i-sint-10w40-20liters\/","og_locale":"fr_FR","og_type":"article","og_title":"Bidon d'huile pour moteur Eni i-Sint 10w40 Sigma Special 20 Liters","og_description":"Vous pouvez acheter du Bidon d&#39;huile pour moteur Eni i-Sint 10w40 Sigma Special 20 Liters en ligne. Le meilleur prix pour les produits de vos v\u00e9hicules.","og_url":"https:\/\/www.enriquerequena.com\/fr\/tienda-online\/huiles-additifs-moteur\/lubrifiants-camions\/bidon-huile-moteur-eni-i-sint-10w40-20liters\/","og_site_name":"ENRIQUE REQUENA","article_modified_time":"2023-02-07T15:34:08+00:00","og_image":[{"width":800,"height":800,"url":"https:\/\/www.enriquerequena.com\/wp-content\/uploads\/2016\/02\/bidon-20-litros-Eni-I-Sigma-Special-tms-10w40.png","type":"image\/png"}],"twitter_card":"summary_large_image","twitter_misc":{"Dur\u00e9e de lecture estim\u00e9e":"1 minute"},"schema":{"@context":"https:\/\/schema.org","@graph":[{"@type":"WebPage","@id":"https:\/\/www.enriquerequena.com\/fr\/tienda-online\/huiles-additifs-moteur\/lubrifiants-camions\/bidon-huile-moteur-eni-i-sint-10w40-20liters\/","url":"https:\/\/www.enriquerequena.com\/fr\/tienda-online\/huiles-additifs-moteur\/lubrifiants-camions\/bidon-huile-moteur-eni-i-sint-10w40-20liters\/","name":"Bidon d'huile pour moteur Eni i-Sint 10w40 Sigma Special 20 Liters","isPartOf":{"@id":"https:\/\/www.enriquerequena.com\/fr\/#website"},"primaryImageOfPage":{"@id":"https:\/\/www.enriquerequena.com\/fr\/tienda-online\/huiles-additifs-moteur\/lubrifiants-camions\/bidon-huile-moteur-eni-i-sint-10w40-20liters\/#primaryimage"},"image":{"@id":"https:\/\/www.enriquerequena.com\/fr\/tienda-online\/huiles-additifs-moteur\/lubrifiants-camions\/bidon-huile-moteur-eni-i-sint-10w40-20liters\/#primaryimage"},"thumbnailUrl":"https:\/\/www.enriquerequena.com\/wp-content\/uploads\/2016\/02\/bidon-20-litros-Eni-I-Sigma-Special-tms-10w40.png","datePublished":"2016-02-29T11:32:26+00:00","dateModified":"2023-02-07T15:34:08+00:00","description":"Vous pouvez acheter du Bidon d&#39;huile pour moteur Eni i-Sint 10w40 Sigma Special 20 Liters en ligne. Le meilleur prix pour les produits de vos v\u00e9hicules.","breadcrumb":{"@id":"https:\/\/www.enriquerequena.com\/fr\/tienda-online\/huiles-additifs-moteur\/lubrifiants-camions\/bidon-huile-moteur-eni-i-sint-10w40-20liters\/#breadcrumb"},"inLanguage":"fr-FR","potentialAction":[{"@type":"ReadAction","target":["https:\/\/www.enriquerequena.com\/fr\/tienda-online\/huiles-additifs-moteur\/lubrifiants-camions\/bidon-huile-moteur-eni-i-sint-10w40-20liters\/"]}]},{"@type":"ImageObject","inLanguage":"fr-FR","@id":"https:\/\/www.enriquerequena.com\/fr\/tienda-online\/huiles-additifs-moteur\/lubrifiants-camions\/bidon-huile-moteur-eni-i-sint-10w40-20liters\/#primaryimage","url":"https:\/\/www.enriquerequena.com\/wp-content\/uploads\/2016\/02\/bidon-20-litros-Eni-I-Sigma-Special-tms-10w40.png","contentUrl":"https:\/\/www.enriquerequena.com\/wp-content\/uploads\/2016\/02\/bidon-20-litros-Eni-I-Sigma-Special-tms-10w40.png","width":800,"height":800,"caption":"Bid\u00f3n de aceito 20 litros Eni I"},{"@type":"WebSite","@id":"https:\/\/www.enriquerequena.com\/fr\/#website","url":"https:\/\/www.enriquerequena.com\/fr\/","name":"ENRIQUE REQUENA","description":"Sp\u00e9cialistes des transmissions cardan avec des exp\u00e9ditions dans le monde entier et des pi\u00e8ces d\u00e9tach\u00e9es pour voitures, camions et accessoires \u00e0 Valence, en Espagne. Avec vous depuis 1950!","publisher":{"@id":"https:\/\/www.enriquerequena.com\/fr\/#organization"},"potentialAction":[{"@type":"SearchAction","target":{"@type":"EntryPoint","urlTemplate":"https:\/\/www.enriquerequena.com\/fr\/?s={search_term_string}"},"query-input":{"@type":"PropertyValueSpecification","valueRequired":true,"valueName":"search_term_string"}}],"inLanguage":"fr-FR"},{"@type":"Organization","@id":"https:\/\/www.enriquerequena.com\/fr\/#organization","name":"Enrique Requena S.L.","url":"https:\/\/www.enriquerequena.com\/fr\/","logo":{"@type":"ImageObject","inLanguage":"fr-FR","@id":"https:\/\/www.enriquerequena.com\/fr\/#\/schema\/logo\/image\/","url":"https:\/\/www.enriquerequena.com\/wp-content\/uploads\/2019\/11\/enrique-requena-recambios-logotipo.jpg","contentUrl":"https:\/\/www.enriquerequena.com\/wp-content\/uploads\/2019\/11\/enrique-requena-recambios-logotipo.jpg","width":381,"height":75,"caption":"Enrique Requena S.L."},"image":{"@id":"https:\/\/www.enriquerequena.com\/fr\/#\/schema\/logo\/image\/"}}]}},"_links":{"self":[{"href":"https:\/\/www.enriquerequena.com\/fr\/wp-json\/wp\/v2\/product\/2904","targetHints":{"allow":["GET"]}}],"collection":[{"href":"https:\/\/www.enriquerequena.com\/fr\/wp-json\/wp\/v2\/product"}],"about":[{"href":"https:\/\/www.enriquerequena.com\/fr\/wp-json\/wp\/v2\/types\/product"}],"wp:featuredmedia":[{"embeddable":true,"href":"https:\/\/www.enriquerequena.com\/fr\/wp-json\/wp\/v2\/media\/17764"}],"wp:attachment":[{"href":"https:\/\/www.enriquerequena.com\/fr\/wp-json\/wp\/v2\/media?parent=2904"}],"wp:term":[{"taxonomy":"product_brand","embeddable":true,"href":"https:\/\/www.enriquerequena.com\/fr\/wp-json\/wp\/v2\/product_brand?post=2904"},{"taxonomy":"product_cat","embeddable":true,"href":"https:\/\/www.enriquerequena.com\/fr\/wp-json\/wp\/v2\/product_cat?post=2904"},{"taxonomy":"product_tag","embeddable":true,"href":"https:\/\/www.enriquerequena.com\/fr\/wp-json\/wp\/v2\/product_tag?post=2904"}],"curies":[{"name":"wp","href":"https:\/\/api.w.org\/{rel}","templated":true}]}}