{"id":29156,"date":"2024-02-27T17:40:17","date_gmt":"2024-02-27T16:40:17","guid":{"rendered":"https:\/\/www.enriquerequena.com\/?post_type=product&#038;p=29156"},"modified":"2024-03-22T20:05:51","modified_gmt":"2024-03-22T19:05:51","slug":"kit-dassemblage-pivot-fusee-dessieu-nissan-atleon-400229x63b","status":"publish","type":"product","link":"https:\/\/www.enriquerequena.com\/fr\/tienda-online\/pieces-detachees-de-remplacement-direction-essieux\/kits-axes-pivot-fusee\/kit-dassemblage-pivot-fusee-dessieu-nissan-atleon-400229x63b\/","title":{"rendered":"Kit d&rsquo;assemblage, pivot de fus\u00e9e d&rsquo;essieu Nissan Atleon (une roue) &#8211; 400229X63B"},"content":{"rendered":"<p><strong>Kit d&rsquo;assemblage, pivot de fus\u00e9e d&rsquo;essieu Nissan Atleon (pour une roue) <\/strong>avec r\u00e9f\u00e9rence 400229X63B<strong>\u00a0<\/strong>est une pi\u00e8ce de Nissan <strong>neuve avec une garantie d\u2019un an<\/strong>. C\u2019est le choix le plus \u00e9conomique.<\/p>\n<p>Nos pi\u00e9ces de rechange sont similaires \u00e0 ceux des OEM avec les meilleurs prix du march\u00e9.<\/p>\n<p>Nous vendons des pi\u00e8ces d\u00e9tach\u00e9es ou pi\u00e8ces de rechange \u00e0 Valence depuis 1950 et nous vendons aussi en ligne dans le monde entier.<\/p>\n<p>N\u00b4h\u00e9sitez pas \u00e0 nous consulter pour d\u00b4autres mod\u00e8les de tout type de v\u00e9hicule. Nous avons une exp\u00e9rience de 70 ans.<\/p>\n<p>Caract\u00e9ristiques techniques Kit d&rsquo;assemblage, pivot de fus\u00e9e d&rsquo;essieu Nissan Atleon 400229X63B:<\/p>\n<ul>\n<li>Pi\u00e8ce de rechange: Kit d&rsquo;assemblage, pivot de fus\u00e9e d&rsquo;essieu, pour ne roue<\/li>\n<li>Mod\u00e8le: <strong>Nissan Atleon<\/strong>\n<ul>\n<li>ATLEON 70.14<\/li>\n<li>TK 3.95\/12 A\u00d1O 2007<\/li>\n<li>ATLEON TK3.25<\/li>\n<\/ul>\n<\/li>\n<li>Diam\u00e8tre: 34.96 mm<\/li>\n<li>Longueur: 177 mm<\/li>\n<li>Etat: pi\u00e8ce neuve<\/li>\n<li>Garantie d\u2019un an<\/li>\n<li><strong>R\u00e9f\u00e9rence:<\/strong>\n<ul>\n<li>400229X63B<\/li>\n<\/ul>\n<\/li>\n<\/ul>\n","protected":false},"excerpt":{"rendered":"<p><strong>Kit d&rsquo;assemblage, pivot de fus\u00e9e d&rsquo;essieu Nissan Atleon (pour une roue) <\/strong>avec r\u00e9f\u00e9rence <strong>400229X63B.<\/strong> Est une pi\u00e8ce de rechange neuve avec une garantie d\u2019un an.<\/p>\n","protected":false},"featured_media":29159,"template":"","meta":[],"product_brand":[],"product_cat":[9827,9938,135],"product_tag":[],"class_list":{"0":"post-29156","1":"product","2":"type-product","3":"status-publish","4":"has-post-thumbnail","6":"product_cat-pieces-detachees-de-remplacement-direction-essieux","7":"product_cat-kits-axes-pivot-fusee","8":"product_cat-pieces-rechange-voiture","9":"pa_manufacturer-nissan","10":"pa_tipo-4x4","11":"pa_tipo-camions-poids-lourds","13":"first","14":"instock","15":"taxable","16":"shipping-taxable","17":"purchasable","18":"product-type-simple"},"yoast_head":"<!-- This site is optimized with the Yoast SEO plugin v27.1.1 - https:\/\/yoast.com\/product\/yoast-seo-wordpress\/ -->\n<title>Kit d&#039;assemblage pivot fus\u00e9e d&#039;essieu Nissan Atleon 400229X63B<\/title>\n<meta name=\"description\" content=\"Kit d&#039;assemblage, pivot de fus\u00e9e d&#039;essieu Nissan Atleon (pour une roue) avec r\u00e9f\u00e9rence 400229X63B. Est une pi\u00e8ce de rechange neuve.\" \/>\n<meta name=\"robots\" content=\"index, follow, max-snippet:-1, max-image-preview:large, max-video-preview:-1\" \/>\n<link rel=\"canonical\" href=\"https:\/\/www.enriquerequena.com\/fr\/tienda-online\/pieces-detachees-de-remplacement-direction-essieux\/kits-axes-pivot-fusee\/kit-dassemblage-pivot-fusee-dessieu-nissan-atleon-400229x63b\/\" \/>\n<meta property=\"og:locale\" content=\"fr_FR\" \/>\n<meta property=\"og:type\" content=\"article\" \/>\n<meta property=\"og:title\" content=\"Kit d&#039;assemblage pivot fus\u00e9e d&#039;essieu Nissan Atleon 400229X63B\" \/>\n<meta property=\"og:description\" content=\"Kit d&#039;assemblage, pivot de fus\u00e9e d&#039;essieu Nissan Atleon (pour une roue) avec r\u00e9f\u00e9rence 400229X63B. Est une pi\u00e8ce de rechange neuve.\" \/>\n<meta property=\"og:url\" content=\"https:\/\/www.enriquerequena.com\/fr\/tienda-online\/pieces-detachees-de-remplacement-direction-essieux\/kits-axes-pivot-fusee\/kit-dassemblage-pivot-fusee-dessieu-nissan-atleon-400229x63b\/\" \/>\n<meta property=\"og:site_name\" content=\"ENRIQUE REQUENA\" \/>\n<meta property=\"article:modified_time\" content=\"2024-03-22T19:05:51+00:00\" \/>\n<meta property=\"og:image\" content=\"https:\/\/www.enriquerequena.com\/wp-content\/uploads\/2024\/02\/kit-bulones-mangueta-una-rueda-nissan-atleon-400229X63B.png\" \/>\n\t<meta property=\"og:image:width\" content=\"800\" \/>\n\t<meta property=\"og:image:height\" content=\"800\" \/>\n\t<meta property=\"og:image:type\" content=\"image\/png\" \/>\n<meta name=\"twitter:card\" content=\"summary_large_image\" \/>\n<meta name=\"twitter:label1\" content=\"Dur\u00e9e de lecture estim\u00e9e\" \/>\n\t<meta name=\"twitter:data1\" content=\"1 minute\" \/>\n<script type=\"application\/ld+json\" class=\"yoast-schema-graph\">{\"@context\":\"https:\/\/schema.org\",\"@graph\":[{\"@type\":\"WebPage\",\"@id\":\"https:\/\/www.enriquerequena.com\/fr\/tienda-online\/pieces-detachees-de-remplacement-direction-essieux\/kits-axes-pivot-fusee\/kit-dassemblage-pivot-fusee-dessieu-nissan-atleon-400229x63b\/\",\"url\":\"https:\/\/www.enriquerequena.com\/fr\/tienda-online\/pieces-detachees-de-remplacement-direction-essieux\/kits-axes-pivot-fusee\/kit-dassemblage-pivot-fusee-dessieu-nissan-atleon-400229x63b\/\",\"name\":\"Kit d'assemblage pivot fus\u00e9e d'essieu Nissan Atleon 400229X63B\",\"isPartOf\":{\"@id\":\"https:\/\/www.enriquerequena.com\/fr\/#website\"},\"primaryImageOfPage\":{\"@id\":\"https:\/\/www.enriquerequena.com\/fr\/tienda-online\/pieces-detachees-de-remplacement-direction-essieux\/kits-axes-pivot-fusee\/kit-dassemblage-pivot-fusee-dessieu-nissan-atleon-400229x63b\/#primaryimage\"},\"image\":{\"@id\":\"https:\/\/www.enriquerequena.com\/fr\/tienda-online\/pieces-detachees-de-remplacement-direction-essieux\/kits-axes-pivot-fusee\/kit-dassemblage-pivot-fusee-dessieu-nissan-atleon-400229x63b\/#primaryimage\"},\"thumbnailUrl\":\"https:\/\/www.enriquerequena.com\/wp-content\/uploads\/2024\/02\/kit-bulones-mangueta-una-rueda-nissan-atleon-400229X63B.png\",\"datePublished\":\"2024-02-27T16:40:17+00:00\",\"dateModified\":\"2024-03-22T19:05:51+00:00\",\"description\":\"Kit d'assemblage, pivot de fus\u00e9e d'essieu Nissan Atleon (pour une roue) avec r\u00e9f\u00e9rence 400229X63B. Est une pi\u00e8ce de rechange neuve.\",\"breadcrumb\":{\"@id\":\"https:\/\/www.enriquerequena.com\/fr\/tienda-online\/pieces-detachees-de-remplacement-direction-essieux\/kits-axes-pivot-fusee\/kit-dassemblage-pivot-fusee-dessieu-nissan-atleon-400229x63b\/#breadcrumb\"},\"inLanguage\":\"fr-FR\",\"potentialAction\":[{\"@type\":\"ReadAction\",\"target\":[\"https:\/\/www.enriquerequena.com\/fr\/tienda-online\/pieces-detachees-de-remplacement-direction-essieux\/kits-axes-pivot-fusee\/kit-dassemblage-pivot-fusee-dessieu-nissan-atleon-400229x63b\/\"]}]},{\"@type\":\"ImageObject\",\"inLanguage\":\"fr-FR\",\"@id\":\"https:\/\/www.enriquerequena.com\/fr\/tienda-online\/pieces-detachees-de-remplacement-direction-essieux\/kits-axes-pivot-fusee\/kit-dassemblage-pivot-fusee-dessieu-nissan-atleon-400229x63b\/#primaryimage\",\"url\":\"https:\/\/www.enriquerequena.com\/wp-content\/uploads\/2024\/02\/kit-bulones-mangueta-una-rueda-nissan-atleon-400229X63B.png\",\"contentUrl\":\"https:\/\/www.enriquerequena.com\/wp-content\/uploads\/2024\/02\/kit-bulones-mangueta-una-rueda-nissan-atleon-400229X63B.png\",\"width\":800,\"height\":800,\"caption\":\"Kit d'assemblage, pivot de fus\u00e9e d'essieu Nissan Atleon (pour une roue) avec r\u00e9f\u00e9rence 400229X63B.\"},{\"@type\":\"WebSite\",\"@id\":\"https:\/\/www.enriquerequena.com\/fr\/#website\",\"url\":\"https:\/\/www.enriquerequena.com\/fr\/\",\"name\":\"ENRIQUE REQUENA\",\"description\":\"Sp\u00e9cialistes des transmissions cardan avec des exp\u00e9ditions dans le monde entier et des pi\u00e8ces d\u00e9tach\u00e9es pour voitures, camions et accessoires \u00e0 Valence, en Espagne. Avec vous depuis 1950!\",\"publisher\":{\"@id\":\"https:\/\/www.enriquerequena.com\/fr\/#organization\"},\"potentialAction\":[{\"@type\":\"SearchAction\",\"target\":{\"@type\":\"EntryPoint\",\"urlTemplate\":\"https:\/\/www.enriquerequena.com\/fr\/?s={search_term_string}\"},\"query-input\":{\"@type\":\"PropertyValueSpecification\",\"valueRequired\":true,\"valueName\":\"search_term_string\"}}],\"inLanguage\":\"fr-FR\"},{\"@type\":\"Organization\",\"@id\":\"https:\/\/www.enriquerequena.com\/fr\/#organization\",\"name\":\"Enrique Requena S.L.\",\"url\":\"https:\/\/www.enriquerequena.com\/fr\/\",\"logo\":{\"@type\":\"ImageObject\",\"inLanguage\":\"fr-FR\",\"@id\":\"https:\/\/www.enriquerequena.com\/fr\/#\/schema\/logo\/image\/\",\"url\":\"https:\/\/www.enriquerequena.com\/wp-content\/uploads\/2019\/11\/enrique-requena-recambios-logotipo.jpg\",\"contentUrl\":\"https:\/\/www.enriquerequena.com\/wp-content\/uploads\/2019\/11\/enrique-requena-recambios-logotipo.jpg\",\"width\":381,\"height\":75,\"caption\":\"Enrique Requena S.L.\"},\"image\":{\"@id\":\"https:\/\/www.enriquerequena.com\/fr\/#\/schema\/logo\/image\/\"}}]}<\/script>\n<!-- \/ Yoast SEO plugin. -->","yoast_head_json":{"title":"Kit d'assemblage pivot fus\u00e9e d'essieu Nissan Atleon 400229X63B","description":"Kit d'assemblage, pivot de fus\u00e9e d'essieu Nissan Atleon (pour une roue) avec r\u00e9f\u00e9rence 400229X63B. Est une pi\u00e8ce de rechange neuve.","robots":{"index":"index","follow":"follow","max-snippet":"max-snippet:-1","max-image-preview":"max-image-preview:large","max-video-preview":"max-video-preview:-1"},"canonical":"https:\/\/www.enriquerequena.com\/fr\/tienda-online\/pieces-detachees-de-remplacement-direction-essieux\/kits-axes-pivot-fusee\/kit-dassemblage-pivot-fusee-dessieu-nissan-atleon-400229x63b\/","og_locale":"fr_FR","og_type":"article","og_title":"Kit d'assemblage pivot fus\u00e9e d'essieu Nissan Atleon 400229X63B","og_description":"Kit d'assemblage, pivot de fus\u00e9e d'essieu Nissan Atleon (pour une roue) avec r\u00e9f\u00e9rence 400229X63B. Est une pi\u00e8ce de rechange neuve.","og_url":"https:\/\/www.enriquerequena.com\/fr\/tienda-online\/pieces-detachees-de-remplacement-direction-essieux\/kits-axes-pivot-fusee\/kit-dassemblage-pivot-fusee-dessieu-nissan-atleon-400229x63b\/","og_site_name":"ENRIQUE REQUENA","article_modified_time":"2024-03-22T19:05:51+00:00","og_image":[{"width":800,"height":800,"url":"https:\/\/www.enriquerequena.com\/wp-content\/uploads\/2024\/02\/kit-bulones-mangueta-una-rueda-nissan-atleon-400229X63B.png","type":"image\/png"}],"twitter_card":"summary_large_image","twitter_misc":{"Dur\u00e9e de lecture estim\u00e9e":"1 minute"},"schema":{"@context":"https:\/\/schema.org","@graph":[{"@type":"WebPage","@id":"https:\/\/www.enriquerequena.com\/fr\/tienda-online\/pieces-detachees-de-remplacement-direction-essieux\/kits-axes-pivot-fusee\/kit-dassemblage-pivot-fusee-dessieu-nissan-atleon-400229x63b\/","url":"https:\/\/www.enriquerequena.com\/fr\/tienda-online\/pieces-detachees-de-remplacement-direction-essieux\/kits-axes-pivot-fusee\/kit-dassemblage-pivot-fusee-dessieu-nissan-atleon-400229x63b\/","name":"Kit d'assemblage pivot fus\u00e9e d'essieu Nissan Atleon 400229X63B","isPartOf":{"@id":"https:\/\/www.enriquerequena.com\/fr\/#website"},"primaryImageOfPage":{"@id":"https:\/\/www.enriquerequena.com\/fr\/tienda-online\/pieces-detachees-de-remplacement-direction-essieux\/kits-axes-pivot-fusee\/kit-dassemblage-pivot-fusee-dessieu-nissan-atleon-400229x63b\/#primaryimage"},"image":{"@id":"https:\/\/www.enriquerequena.com\/fr\/tienda-online\/pieces-detachees-de-remplacement-direction-essieux\/kits-axes-pivot-fusee\/kit-dassemblage-pivot-fusee-dessieu-nissan-atleon-400229x63b\/#primaryimage"},"thumbnailUrl":"https:\/\/www.enriquerequena.com\/wp-content\/uploads\/2024\/02\/kit-bulones-mangueta-una-rueda-nissan-atleon-400229X63B.png","datePublished":"2024-02-27T16:40:17+00:00","dateModified":"2024-03-22T19:05:51+00:00","description":"Kit d'assemblage, pivot de fus\u00e9e d'essieu Nissan Atleon (pour une roue) avec r\u00e9f\u00e9rence 400229X63B. Est une pi\u00e8ce de rechange neuve.","breadcrumb":{"@id":"https:\/\/www.enriquerequena.com\/fr\/tienda-online\/pieces-detachees-de-remplacement-direction-essieux\/kits-axes-pivot-fusee\/kit-dassemblage-pivot-fusee-dessieu-nissan-atleon-400229x63b\/#breadcrumb"},"inLanguage":"fr-FR","potentialAction":[{"@type":"ReadAction","target":["https:\/\/www.enriquerequena.com\/fr\/tienda-online\/pieces-detachees-de-remplacement-direction-essieux\/kits-axes-pivot-fusee\/kit-dassemblage-pivot-fusee-dessieu-nissan-atleon-400229x63b\/"]}]},{"@type":"ImageObject","inLanguage":"fr-FR","@id":"https:\/\/www.enriquerequena.com\/fr\/tienda-online\/pieces-detachees-de-remplacement-direction-essieux\/kits-axes-pivot-fusee\/kit-dassemblage-pivot-fusee-dessieu-nissan-atleon-400229x63b\/#primaryimage","url":"https:\/\/www.enriquerequena.com\/wp-content\/uploads\/2024\/02\/kit-bulones-mangueta-una-rueda-nissan-atleon-400229X63B.png","contentUrl":"https:\/\/www.enriquerequena.com\/wp-content\/uploads\/2024\/02\/kit-bulones-mangueta-una-rueda-nissan-atleon-400229X63B.png","width":800,"height":800,"caption":"Kit d'assemblage, pivot de fus\u00e9e d'essieu Nissan Atleon (pour une roue) avec r\u00e9f\u00e9rence 400229X63B."},{"@type":"WebSite","@id":"https:\/\/www.enriquerequena.com\/fr\/#website","url":"https:\/\/www.enriquerequena.com\/fr\/","name":"ENRIQUE REQUENA","description":"Sp\u00e9cialistes des transmissions cardan avec des exp\u00e9ditions dans le monde entier et des pi\u00e8ces d\u00e9tach\u00e9es pour voitures, camions et accessoires \u00e0 Valence, en Espagne. Avec vous depuis 1950!","publisher":{"@id":"https:\/\/www.enriquerequena.com\/fr\/#organization"},"potentialAction":[{"@type":"SearchAction","target":{"@type":"EntryPoint","urlTemplate":"https:\/\/www.enriquerequena.com\/fr\/?s={search_term_string}"},"query-input":{"@type":"PropertyValueSpecification","valueRequired":true,"valueName":"search_term_string"}}],"inLanguage":"fr-FR"},{"@type":"Organization","@id":"https:\/\/www.enriquerequena.com\/fr\/#organization","name":"Enrique Requena S.L.","url":"https:\/\/www.enriquerequena.com\/fr\/","logo":{"@type":"ImageObject","inLanguage":"fr-FR","@id":"https:\/\/www.enriquerequena.com\/fr\/#\/schema\/logo\/image\/","url":"https:\/\/www.enriquerequena.com\/wp-content\/uploads\/2019\/11\/enrique-requena-recambios-logotipo.jpg","contentUrl":"https:\/\/www.enriquerequena.com\/wp-content\/uploads\/2019\/11\/enrique-requena-recambios-logotipo.jpg","width":381,"height":75,"caption":"Enrique Requena S.L."},"image":{"@id":"https:\/\/www.enriquerequena.com\/fr\/#\/schema\/logo\/image\/"}}]}},"_links":{"self":[{"href":"https:\/\/www.enriquerequena.com\/fr\/wp-json\/wp\/v2\/product\/29156","targetHints":{"allow":["GET"]}}],"collection":[{"href":"https:\/\/www.enriquerequena.com\/fr\/wp-json\/wp\/v2\/product"}],"about":[{"href":"https:\/\/www.enriquerequena.com\/fr\/wp-json\/wp\/v2\/types\/product"}],"wp:featuredmedia":[{"embeddable":true,"href":"https:\/\/www.enriquerequena.com\/fr\/wp-json\/wp\/v2\/media\/29159"}],"wp:attachment":[{"href":"https:\/\/www.enriquerequena.com\/fr\/wp-json\/wp\/v2\/media?parent=29156"}],"wp:term":[{"taxonomy":"product_brand","embeddable":true,"href":"https:\/\/www.enriquerequena.com\/fr\/wp-json\/wp\/v2\/product_brand?post=29156"},{"taxonomy":"product_cat","embeddable":true,"href":"https:\/\/www.enriquerequena.com\/fr\/wp-json\/wp\/v2\/product_cat?post=29156"},{"taxonomy":"product_tag","embeddable":true,"href":"https:\/\/www.enriquerequena.com\/fr\/wp-json\/wp\/v2\/product_tag?post=29156"}],"curies":[{"name":"wp","href":"https:\/\/api.w.org\/{rel}","templated":true}]}}