{"id":2921,"date":"2016-02-29T15:39:44","date_gmt":"2016-02-29T15:39:44","guid":{"rendered":"https:\/\/www.enriquerequena.com\/?post_type=product&#038;p=2921"},"modified":"2024-02-21T16:39:17","modified_gmt":"2024-02-21T15:39:17","slug":"huile-pour-moteur-eni-i-synthetic-ms-5w30","status":"publish","type":"product","link":"https:\/\/www.enriquerequena.com\/fr\/tienda-online\/huiles-additifs-moteur\/lubrifiants-voitures\/huile-pour-moteur-eni-i-synthetic-ms-5w30\/","title":{"rendered":"Huile pour moteur Eni I Synthetic MS 5W30"},"content":{"rendered":"<p><span style=\"color: #3366ff;\">Nous avons des offres et nous sommes des distributeurs d&rsquo;huile pour moteur Eni I Synthetic MS 5W30 pour filtre \u00e0 particules en ligne.<\/span><\/p>\n<p><span style=\"color: #3366ff;\">Cette huile ou lubrifiant r\u00e9pond aux sp\u00e9cifications des principaux constructeurs automobiles.<\/span><\/p>\n<p><span style=\"color: #3366ff;\">ENI I SINT MS 5W30 5 litres<\/span><br \/>\n<span style=\"color: #3366ff;\"><strong>Caract\u00e9ristiques:<\/strong><\/span><\/p>\n<p><span style=\"color: #3366ff;\">ACEA A3 \/ B4-04, C3 &#8211; API SM \/ CF &#8211; VW 502.00 &#8211; VW 505.00 &#8211; MB 229.51 &#8211; BMW-LL-04 &#8211; r\u00e9pond aux exigences de GM dexos2<\/span><\/p>\n","protected":false},"excerpt":{"rendered":"<p>Huile pour moteur Eni I Synthetic MS 5W30 pour filtre \u00e0 particules en ligne.<\/p>\n","protected":false},"featured_media":2922,"template":"","meta":[],"product_brand":[],"product_cat":[147,174],"product_tag":[],"class_list":{"0":"post-2921","1":"product","2":"type-product","3":"status-publish","4":"has-post-thumbnail","6":"product_cat-huiles-additifs-moteur","7":"product_cat-lubrifiants-voitures","9":"first","10":"onbackorder","11":"taxable","12":"shipping-taxable","13":"purchasable","14":"product-type-simple"},"yoast_head":"<!-- This site is optimized with the Yoast SEO plugin v27.5 - https:\/\/yoast.com\/product\/yoast-seo-wordpress\/ -->\n<title>Huile pour moteur Eni I Synthetic MS 5W30 - ENRIQUE REQUENA<\/title>\n<meta name=\"description\" content=\"Vous pouvez acheter du Bidon d&#038;#38;#38;#38;#39;huile pour moteur Eni I Synthetic MS 5W30 en ligne ici. Le meilleur prix pour les produits de vos v\u00e9hicules.\" \/>\n<meta name=\"robots\" content=\"index, follow, max-snippet:-1, max-image-preview:large, max-video-preview:-1\" \/>\n<link rel=\"canonical\" href=\"https:\/\/www.enriquerequena.com\/fr\/tienda-online\/huiles-additifs-moteur\/lubrifiants-voitures\/huile-pour-moteur-eni-i-synthetic-ms-5w30\/\" \/>\n<meta property=\"og:locale\" content=\"fr_FR\" \/>\n<meta property=\"og:type\" content=\"article\" \/>\n<meta property=\"og:title\" content=\"Huile pour moteur Eni I Synthetic MS 5W30 - ENRIQUE REQUENA\" \/>\n<meta property=\"og:description\" content=\"Vous pouvez acheter du Bidon d&#038;#38;#38;#38;#39;huile pour moteur Eni I Synthetic MS 5W30 en ligne ici. Le meilleur prix pour les produits de vos v\u00e9hicules.\" \/>\n<meta property=\"og:url\" content=\"https:\/\/www.enriquerequena.com\/fr\/tienda-online\/huiles-additifs-moteur\/lubrifiants-voitures\/huile-pour-moteur-eni-i-synthetic-ms-5w30\/\" \/>\n<meta property=\"og:site_name\" content=\"ENRIQUE REQUENA\" \/>\n<meta property=\"article:modified_time\" content=\"2024-02-21T15:39:17+00:00\" \/>\n<meta property=\"og:image\" content=\"https:\/\/www.enriquerequena.com\/wp-content\/uploads\/2019\/10\/products-LATA-ACEITE-MOTOR-HUILE-MOTEUR-ENGINE-OIL-ENI-5w30-3--2.jpg\" \/>\n\t<meta property=\"og:image:width\" content=\"800\" \/>\n\t<meta property=\"og:image:height\" content=\"800\" \/>\n\t<meta property=\"og:image:type\" content=\"image\/jpeg\" \/>\n<meta name=\"twitter:card\" content=\"summary_large_image\" \/>\n<script type=\"application\/ld+json\" class=\"yoast-schema-graph\">{\"@context\":\"https:\\\/\\\/schema.org\",\"@graph\":[{\"@type\":\"WebPage\",\"@id\":\"https:\\\/\\\/www.enriquerequena.com\\\/fr\\\/tienda-online\\\/huiles-additifs-moteur\\\/lubrifiants-voitures\\\/huile-pour-moteur-eni-i-synthetic-ms-5w30\\\/\",\"url\":\"https:\\\/\\\/www.enriquerequena.com\\\/fr\\\/tienda-online\\\/huiles-additifs-moteur\\\/lubrifiants-voitures\\\/huile-pour-moteur-eni-i-synthetic-ms-5w30\\\/\",\"name\":\"Huile pour moteur Eni I Synthetic MS 5W30 - ENRIQUE REQUENA\",\"isPartOf\":{\"@id\":\"https:\\\/\\\/www.enriquerequena.com\\\/fr\\\/#website\"},\"primaryImageOfPage\":{\"@id\":\"https:\\\/\\\/www.enriquerequena.com\\\/fr\\\/tienda-online\\\/huiles-additifs-moteur\\\/lubrifiants-voitures\\\/huile-pour-moteur-eni-i-synthetic-ms-5w30\\\/#primaryimage\"},\"image\":{\"@id\":\"https:\\\/\\\/www.enriquerequena.com\\\/fr\\\/tienda-online\\\/huiles-additifs-moteur\\\/lubrifiants-voitures\\\/huile-pour-moteur-eni-i-synthetic-ms-5w30\\\/#primaryimage\"},\"thumbnailUrl\":\"https:\\\/\\\/www.enriquerequena.com\\\/wp-content\\\/uploads\\\/2019\\\/10\\\/products-LATA-ACEITE-MOTOR-HUILE-MOTEUR-ENGINE-OIL-ENI-5w30-3--2.jpg\",\"datePublished\":\"2016-02-29T15:39:44+00:00\",\"dateModified\":\"2024-02-21T15:39:17+00:00\",\"description\":\"Vous pouvez acheter du Bidon d&#38;#38;#38;#38;#39;huile pour moteur Eni I Synthetic MS 5W30 en ligne ici. Le meilleur prix pour les produits de vos v\u00e9hicules.\",\"breadcrumb\":{\"@id\":\"https:\\\/\\\/www.enriquerequena.com\\\/fr\\\/tienda-online\\\/huiles-additifs-moteur\\\/lubrifiants-voitures\\\/huile-pour-moteur-eni-i-synthetic-ms-5w30\\\/#breadcrumb\"},\"inLanguage\":\"fr-FR\",\"potentialAction\":[{\"@type\":\"ReadAction\",\"target\":[\"https:\\\/\\\/www.enriquerequena.com\\\/fr\\\/tienda-online\\\/huiles-additifs-moteur\\\/lubrifiants-voitures\\\/huile-pour-moteur-eni-i-synthetic-ms-5w30\\\/\"]}]},{\"@type\":\"ImageObject\",\"inLanguage\":\"fr-FR\",\"@id\":\"https:\\\/\\\/www.enriquerequena.com\\\/fr\\\/tienda-online\\\/huiles-additifs-moteur\\\/lubrifiants-voitures\\\/huile-pour-moteur-eni-i-synthetic-ms-5w30\\\/#primaryimage\",\"url\":\"https:\\\/\\\/www.enriquerequena.com\\\/wp-content\\\/uploads\\\/2019\\\/10\\\/products-LATA-ACEITE-MOTOR-HUILE-MOTEUR-ENGINE-OIL-ENI-5w30-3--2.jpg\",\"contentUrl\":\"https:\\\/\\\/www.enriquerequena.com\\\/wp-content\\\/uploads\\\/2019\\\/10\\\/products-LATA-ACEITE-MOTOR-HUILE-MOTEUR-ENGINE-OIL-ENI-5w30-3--2.jpg\",\"width\":800,\"height\":800,\"caption\":\"LATA ACEITE MOTOR, HUILE MOTEUR, ENGINE OIL, eni, ms, 5w30\"},{\"@type\":\"WebSite\",\"@id\":\"https:\\\/\\\/www.enriquerequena.com\\\/fr\\\/#website\",\"url\":\"https:\\\/\\\/www.enriquerequena.com\\\/fr\\\/\",\"name\":\"ENRIQUE REQUENA\",\"description\":\"Sp\u00e9cialistes des transmissions cardan avec des exp\u00e9ditions dans le monde entier et des pi\u00e8ces d\u00e9tach\u00e9es pour voitures, camions et accessoires \u00e0 Valence, en Espagne. Avec vous depuis 1950!\",\"publisher\":{\"@id\":\"https:\\\/\\\/www.enriquerequena.com\\\/fr\\\/#organization\"},\"potentialAction\":[{\"@type\":\"SearchAction\",\"target\":{\"@type\":\"EntryPoint\",\"urlTemplate\":\"https:\\\/\\\/www.enriquerequena.com\\\/fr\\\/?s={search_term_string}\"},\"query-input\":{\"@type\":\"PropertyValueSpecification\",\"valueRequired\":true,\"valueName\":\"search_term_string\"}}],\"inLanguage\":\"fr-FR\"},{\"@type\":\"Organization\",\"@id\":\"https:\\\/\\\/www.enriquerequena.com\\\/fr\\\/#organization\",\"name\":\"Enrique Requena S.L.\",\"url\":\"https:\\\/\\\/www.enriquerequena.com\\\/fr\\\/\",\"logo\":{\"@type\":\"ImageObject\",\"inLanguage\":\"fr-FR\",\"@id\":\"https:\\\/\\\/www.enriquerequena.com\\\/fr\\\/#\\\/schema\\\/logo\\\/image\\\/\",\"url\":\"https:\\\/\\\/www.enriquerequena.com\\\/wp-content\\\/uploads\\\/2019\\\/11\\\/enrique-requena-recambios-logotipo.jpg\",\"contentUrl\":\"https:\\\/\\\/www.enriquerequena.com\\\/wp-content\\\/uploads\\\/2019\\\/11\\\/enrique-requena-recambios-logotipo.jpg\",\"width\":381,\"height\":75,\"caption\":\"Enrique Requena S.L.\"},\"image\":{\"@id\":\"https:\\\/\\\/www.enriquerequena.com\\\/fr\\\/#\\\/schema\\\/logo\\\/image\\\/\"}}]}<\/script>\n<!-- \/ Yoast SEO plugin. -->","yoast_head_json":{"title":"Huile pour moteur Eni I Synthetic MS 5W30 - ENRIQUE REQUENA","description":"Vous pouvez acheter du Bidon d&#38;#38;#38;#38;#39;huile pour moteur Eni I Synthetic MS 5W30 en ligne ici. Le meilleur prix pour les produits de vos v\u00e9hicules.","robots":{"index":"index","follow":"follow","max-snippet":"max-snippet:-1","max-image-preview":"max-image-preview:large","max-video-preview":"max-video-preview:-1"},"canonical":"https:\/\/www.enriquerequena.com\/fr\/tienda-online\/huiles-additifs-moteur\/lubrifiants-voitures\/huile-pour-moteur-eni-i-synthetic-ms-5w30\/","og_locale":"fr_FR","og_type":"article","og_title":"Huile pour moteur Eni I Synthetic MS 5W30 - ENRIQUE REQUENA","og_description":"Vous pouvez acheter du Bidon d&#38;#38;#38;#38;#39;huile pour moteur Eni I Synthetic MS 5W30 en ligne ici. Le meilleur prix pour les produits de vos v\u00e9hicules.","og_url":"https:\/\/www.enriquerequena.com\/fr\/tienda-online\/huiles-additifs-moteur\/lubrifiants-voitures\/huile-pour-moteur-eni-i-synthetic-ms-5w30\/","og_site_name":"ENRIQUE REQUENA","article_modified_time":"2024-02-21T15:39:17+00:00","og_image":[{"width":800,"height":800,"url":"https:\/\/www.enriquerequena.com\/wp-content\/uploads\/2019\/10\/products-LATA-ACEITE-MOTOR-HUILE-MOTEUR-ENGINE-OIL-ENI-5w30-3--2.jpg","type":"image\/jpeg"}],"twitter_card":"summary_large_image","schema":{"@context":"https:\/\/schema.org","@graph":[{"@type":"WebPage","@id":"https:\/\/www.enriquerequena.com\/fr\/tienda-online\/huiles-additifs-moteur\/lubrifiants-voitures\/huile-pour-moteur-eni-i-synthetic-ms-5w30\/","url":"https:\/\/www.enriquerequena.com\/fr\/tienda-online\/huiles-additifs-moteur\/lubrifiants-voitures\/huile-pour-moteur-eni-i-synthetic-ms-5w30\/","name":"Huile pour moteur Eni I Synthetic MS 5W30 - ENRIQUE REQUENA","isPartOf":{"@id":"https:\/\/www.enriquerequena.com\/fr\/#website"},"primaryImageOfPage":{"@id":"https:\/\/www.enriquerequena.com\/fr\/tienda-online\/huiles-additifs-moteur\/lubrifiants-voitures\/huile-pour-moteur-eni-i-synthetic-ms-5w30\/#primaryimage"},"image":{"@id":"https:\/\/www.enriquerequena.com\/fr\/tienda-online\/huiles-additifs-moteur\/lubrifiants-voitures\/huile-pour-moteur-eni-i-synthetic-ms-5w30\/#primaryimage"},"thumbnailUrl":"https:\/\/www.enriquerequena.com\/wp-content\/uploads\/2019\/10\/products-LATA-ACEITE-MOTOR-HUILE-MOTEUR-ENGINE-OIL-ENI-5w30-3--2.jpg","datePublished":"2016-02-29T15:39:44+00:00","dateModified":"2024-02-21T15:39:17+00:00","description":"Vous pouvez acheter du Bidon d&#38;#38;#38;#38;#39;huile pour moteur Eni I Synthetic MS 5W30 en ligne ici. Le meilleur prix pour les produits de vos v\u00e9hicules.","breadcrumb":{"@id":"https:\/\/www.enriquerequena.com\/fr\/tienda-online\/huiles-additifs-moteur\/lubrifiants-voitures\/huile-pour-moteur-eni-i-synthetic-ms-5w30\/#breadcrumb"},"inLanguage":"fr-FR","potentialAction":[{"@type":"ReadAction","target":["https:\/\/www.enriquerequena.com\/fr\/tienda-online\/huiles-additifs-moteur\/lubrifiants-voitures\/huile-pour-moteur-eni-i-synthetic-ms-5w30\/"]}]},{"@type":"ImageObject","inLanguage":"fr-FR","@id":"https:\/\/www.enriquerequena.com\/fr\/tienda-online\/huiles-additifs-moteur\/lubrifiants-voitures\/huile-pour-moteur-eni-i-synthetic-ms-5w30\/#primaryimage","url":"https:\/\/www.enriquerequena.com\/wp-content\/uploads\/2019\/10\/products-LATA-ACEITE-MOTOR-HUILE-MOTEUR-ENGINE-OIL-ENI-5w30-3--2.jpg","contentUrl":"https:\/\/www.enriquerequena.com\/wp-content\/uploads\/2019\/10\/products-LATA-ACEITE-MOTOR-HUILE-MOTEUR-ENGINE-OIL-ENI-5w30-3--2.jpg","width":800,"height":800,"caption":"LATA ACEITE MOTOR, HUILE MOTEUR, ENGINE OIL, eni, ms, 5w30"},{"@type":"WebSite","@id":"https:\/\/www.enriquerequena.com\/fr\/#website","url":"https:\/\/www.enriquerequena.com\/fr\/","name":"ENRIQUE REQUENA","description":"Sp\u00e9cialistes des transmissions cardan avec des exp\u00e9ditions dans le monde entier et des pi\u00e8ces d\u00e9tach\u00e9es pour voitures, camions et accessoires \u00e0 Valence, en Espagne. Avec vous depuis 1950!","publisher":{"@id":"https:\/\/www.enriquerequena.com\/fr\/#organization"},"potentialAction":[{"@type":"SearchAction","target":{"@type":"EntryPoint","urlTemplate":"https:\/\/www.enriquerequena.com\/fr\/?s={search_term_string}"},"query-input":{"@type":"PropertyValueSpecification","valueRequired":true,"valueName":"search_term_string"}}],"inLanguage":"fr-FR"},{"@type":"Organization","@id":"https:\/\/www.enriquerequena.com\/fr\/#organization","name":"Enrique Requena S.L.","url":"https:\/\/www.enriquerequena.com\/fr\/","logo":{"@type":"ImageObject","inLanguage":"fr-FR","@id":"https:\/\/www.enriquerequena.com\/fr\/#\/schema\/logo\/image\/","url":"https:\/\/www.enriquerequena.com\/wp-content\/uploads\/2019\/11\/enrique-requena-recambios-logotipo.jpg","contentUrl":"https:\/\/www.enriquerequena.com\/wp-content\/uploads\/2019\/11\/enrique-requena-recambios-logotipo.jpg","width":381,"height":75,"caption":"Enrique Requena S.L."},"image":{"@id":"https:\/\/www.enriquerequena.com\/fr\/#\/schema\/logo\/image\/"}}]}},"_links":{"self":[{"href":"https:\/\/www.enriquerequena.com\/fr\/wp-json\/wp\/v2\/product\/2921","targetHints":{"allow":["GET"]}}],"collection":[{"href":"https:\/\/www.enriquerequena.com\/fr\/wp-json\/wp\/v2\/product"}],"about":[{"href":"https:\/\/www.enriquerequena.com\/fr\/wp-json\/wp\/v2\/types\/product"}],"wp:featuredmedia":[{"embeddable":true,"href":"https:\/\/www.enriquerequena.com\/fr\/wp-json\/wp\/v2\/media\/2922"}],"wp:attachment":[{"href":"https:\/\/www.enriquerequena.com\/fr\/wp-json\/wp\/v2\/media?parent=2921"}],"wp:term":[{"taxonomy":"product_brand","embeddable":true,"href":"https:\/\/www.enriquerequena.com\/fr\/wp-json\/wp\/v2\/product_brand?post=2921"},{"taxonomy":"product_cat","embeddable":true,"href":"https:\/\/www.enriquerequena.com\/fr\/wp-json\/wp\/v2\/product_cat?post=2921"},{"taxonomy":"product_tag","embeddable":true,"href":"https:\/\/www.enriquerequena.com\/fr\/wp-json\/wp\/v2\/product_tag?post=2921"}],"curies":[{"name":"wp","href":"https:\/\/api.w.org\/{rel}","templated":true}]}}