{"id":2937,"date":"2016-02-29T15:50:42","date_gmt":"2016-02-29T15:50:42","guid":{"rendered":"https:\/\/www.enriquerequena.com\/?post_type=product&#038;p=2937"},"modified":"2023-02-07T16:12:02","modified_gmt":"2023-02-07T15:12:02","slug":"bidon-huile-moteur-eni-i-sigma-15w40-20liters","status":"publish","type":"product","link":"https:\/\/www.enriquerequena.com\/fr\/tienda-online\/huiles-additifs-moteur\/lubrifiants-camions\/bidon-huile-moteur-eni-i-sigma-15w40-20liters\/","title":{"rendered":"Bidon d&rsquo;huile pour moteur Eni I Sigma Performance E7 15W40 20 liters"},"content":{"rendered":"<p><span style=\"color: #3366ff;\">Nous proposons 20 litres d\u2019huile ou de lubrifiant 15w40 pour camion de qualit\u00e9 e7 sur 60000 kilom\u00e8tres.<\/span><\/p>\n<p><span style=\"color: #3366ff;\">Cette huile ou lubrifiant est de la marque Eni ou Agip et est conforme aux principales sp\u00e9cifications des principaux fabricants de camions.<\/span><\/p>\n<p><span style=\"color: #3366ff;\">Cet ensemble est destin\u00e9 aux personnes qui souhaitent effectuer une vidange d&rsquo;huile \u00e0 un prix et avec une qualit\u00e9 optimale, sans avoir \u00e0 payer le prix d&rsquo;un r\u00e9cipient de 206 litres.<\/span><\/p>\n<p><span style=\"color: #3366ff;\">&#8211; Recharge: huile ou lubrifiant moteur pour camion<\/span><\/p>\n<p><span style=\"color: #3366ff;\">&#8211; Densit\u00e9: 15w40<\/span><\/p>\n<p><span style=\"color: #3366ff;\"><strong>Sp\u00e9cifications:<\/strong><\/span><\/p>\n<p><span style=\"color: #3366ff;\">&#8211; ACEA: E7<\/span><\/p>\n<p><span style=\"color: #3366ff;\">&#8211; API: CI-4<\/span><\/p>\n<p><span style=\"color: #3366ff;\">&#8211; MB: 228.31<\/span><\/p>\n<p><span style=\"color: #3366ff;\">&#8211; MAN: 3275<\/span><\/p>\n<p><span style=\"color: #3366ff;\">&#8211; VOLVO: VDS<\/span><\/p>\n","protected":false},"excerpt":{"rendered":"<p>Bidon d&rsquo;huile pour moteur Eni I Sigma Performance E7 15W40 20 liters en ligne pour les camions de qualit\u00e9 E7 \u00e0 parcourir 60000 km.<\/p>\n","protected":false},"featured_media":20282,"template":"","meta":[],"product_brand":[],"product_cat":[147,177,138],"product_tag":[],"class_list":{"0":"post-2937","1":"product","2":"type-product","3":"status-publish","4":"has-post-thumbnail","6":"product_cat-huiles-additifs-moteur","7":"product_cat-lubrifiants-camions","8":"product_cat-pieces-rechange-camions","10":"first","11":"instock","12":"taxable","13":"shipping-taxable","14":"purchasable","15":"product-type-simple"},"yoast_head":"<!-- This site is optimized with the Yoast SEO plugin v27.5 - https:\/\/yoast.com\/product\/yoast-seo-wordpress\/ -->\n<title>Bidon d&#039;huile pour moteur Eni I Sigma Performance E7 15W40 20 liters - ENRIQUE REQUENA<\/title>\n<meta name=\"description\" content=\"Vous pouvez acheter Bidon d&#039;huile pour moteur EniI Sigma Performance E7 15W40 20 liters en ligne ici. Le meilleur prix pour les produits de vos v\u00e9hicules.\" \/>\n<meta name=\"robots\" content=\"index, follow, max-snippet:-1, max-image-preview:large, max-video-preview:-1\" \/>\n<link rel=\"canonical\" href=\"https:\/\/www.enriquerequena.com\/fr\/tienda-online\/huiles-additifs-moteur\/lubrifiants-camions\/bidon-huile-moteur-eni-i-sigma-15w40-20liters\/\" \/>\n<meta property=\"og:locale\" content=\"fr_FR\" \/>\n<meta property=\"og:type\" content=\"article\" \/>\n<meta property=\"og:title\" content=\"Bidon d&#039;huile pour moteur Eni I Sigma Performance E7 15W40 20 liters - ENRIQUE REQUENA\" \/>\n<meta property=\"og:description\" content=\"Vous pouvez acheter Bidon d&#039;huile pour moteur EniI Sigma Performance E7 15W40 20 liters en ligne ici. Le meilleur prix pour les produits de vos v\u00e9hicules.\" \/>\n<meta property=\"og:url\" content=\"https:\/\/www.enriquerequena.com\/fr\/tienda-online\/huiles-additifs-moteur\/lubrifiants-camions\/bidon-huile-moteur-eni-i-sigma-15w40-20liters\/\" \/>\n<meta property=\"og:site_name\" content=\"ENRIQUE REQUENA\" \/>\n<meta property=\"article:modified_time\" content=\"2023-02-07T15:12:02+00:00\" \/>\n<meta property=\"og:image\" content=\"https:\/\/www.enriquerequena.com\/wp-content\/uploads\/2016\/02\/bidon-20-litros-eni-i-sigma-performance-e7-15w40.jpg\" \/>\n\t<meta property=\"og:image:width\" content=\"800\" \/>\n\t<meta property=\"og:image:height\" content=\"800\" \/>\n\t<meta property=\"og:image:type\" content=\"image\/jpeg\" \/>\n<meta name=\"twitter:card\" content=\"summary_large_image\" \/>\n<script type=\"application\/ld+json\" class=\"yoast-schema-graph\">{\"@context\":\"https:\\\/\\\/schema.org\",\"@graph\":[{\"@type\":\"WebPage\",\"@id\":\"https:\\\/\\\/www.enriquerequena.com\\\/fr\\\/tienda-online\\\/huiles-additifs-moteur\\\/lubrifiants-camions\\\/bidon-huile-moteur-eni-i-sigma-15w40-20liters\\\/\",\"url\":\"https:\\\/\\\/www.enriquerequena.com\\\/fr\\\/tienda-online\\\/huiles-additifs-moteur\\\/lubrifiants-camions\\\/bidon-huile-moteur-eni-i-sigma-15w40-20liters\\\/\",\"name\":\"Bidon d'huile pour moteur Eni I Sigma Performance E7 15W40 20 liters - ENRIQUE REQUENA\",\"isPartOf\":{\"@id\":\"https:\\\/\\\/www.enriquerequena.com\\\/fr\\\/#website\"},\"primaryImageOfPage\":{\"@id\":\"https:\\\/\\\/www.enriquerequena.com\\\/fr\\\/tienda-online\\\/huiles-additifs-moteur\\\/lubrifiants-camions\\\/bidon-huile-moteur-eni-i-sigma-15w40-20liters\\\/#primaryimage\"},\"image\":{\"@id\":\"https:\\\/\\\/www.enriquerequena.com\\\/fr\\\/tienda-online\\\/huiles-additifs-moteur\\\/lubrifiants-camions\\\/bidon-huile-moteur-eni-i-sigma-15w40-20liters\\\/#primaryimage\"},\"thumbnailUrl\":\"https:\\\/\\\/www.enriquerequena.com\\\/wp-content\\\/uploads\\\/2016\\\/02\\\/bidon-20-litros-eni-i-sigma-performance-e7-15w40.jpg\",\"datePublished\":\"2016-02-29T15:50:42+00:00\",\"dateModified\":\"2023-02-07T15:12:02+00:00\",\"description\":\"Vous pouvez acheter Bidon d&#39;huile pour moteur EniI Sigma Performance E7 15W40 20 liters en ligne ici. Le meilleur prix pour les produits de vos v\u00e9hicules.\",\"breadcrumb\":{\"@id\":\"https:\\\/\\\/www.enriquerequena.com\\\/fr\\\/tienda-online\\\/huiles-additifs-moteur\\\/lubrifiants-camions\\\/bidon-huile-moteur-eni-i-sigma-15w40-20liters\\\/#breadcrumb\"},\"inLanguage\":\"fr-FR\",\"potentialAction\":[{\"@type\":\"ReadAction\",\"target\":[\"https:\\\/\\\/www.enriquerequena.com\\\/fr\\\/tienda-online\\\/huiles-additifs-moteur\\\/lubrifiants-camions\\\/bidon-huile-moteur-eni-i-sigma-15w40-20liters\\\/\"]}]},{\"@type\":\"ImageObject\",\"inLanguage\":\"fr-FR\",\"@id\":\"https:\\\/\\\/www.enriquerequena.com\\\/fr\\\/tienda-online\\\/huiles-additifs-moteur\\\/lubrifiants-camions\\\/bidon-huile-moteur-eni-i-sigma-15w40-20liters\\\/#primaryimage\",\"url\":\"https:\\\/\\\/www.enriquerequena.com\\\/wp-content\\\/uploads\\\/2016\\\/02\\\/bidon-20-litros-eni-i-sigma-performance-e7-15w40.jpg\",\"contentUrl\":\"https:\\\/\\\/www.enriquerequena.com\\\/wp-content\\\/uploads\\\/2016\\\/02\\\/bidon-20-litros-eni-i-sigma-performance-e7-15w40.jpg\",\"width\":800,\"height\":800,\"caption\":\"bidon o cu\u00f1ete de 20 litros de aceite o lubricante 15w40 para camion con calidad e7 para 60000 kilometros.\"},{\"@type\":\"WebSite\",\"@id\":\"https:\\\/\\\/www.enriquerequena.com\\\/fr\\\/#website\",\"url\":\"https:\\\/\\\/www.enriquerequena.com\\\/fr\\\/\",\"name\":\"ENRIQUE REQUENA\",\"description\":\"Sp\u00e9cialistes des transmissions cardan avec des exp\u00e9ditions dans le monde entier et des pi\u00e8ces d\u00e9tach\u00e9es pour voitures, camions et accessoires \u00e0 Valence, en Espagne. Avec vous depuis 1950!\",\"publisher\":{\"@id\":\"https:\\\/\\\/www.enriquerequena.com\\\/fr\\\/#organization\"},\"potentialAction\":[{\"@type\":\"SearchAction\",\"target\":{\"@type\":\"EntryPoint\",\"urlTemplate\":\"https:\\\/\\\/www.enriquerequena.com\\\/fr\\\/?s={search_term_string}\"},\"query-input\":{\"@type\":\"PropertyValueSpecification\",\"valueRequired\":true,\"valueName\":\"search_term_string\"}}],\"inLanguage\":\"fr-FR\"},{\"@type\":\"Organization\",\"@id\":\"https:\\\/\\\/www.enriquerequena.com\\\/fr\\\/#organization\",\"name\":\"Enrique Requena S.L.\",\"url\":\"https:\\\/\\\/www.enriquerequena.com\\\/fr\\\/\",\"logo\":{\"@type\":\"ImageObject\",\"inLanguage\":\"fr-FR\",\"@id\":\"https:\\\/\\\/www.enriquerequena.com\\\/fr\\\/#\\\/schema\\\/logo\\\/image\\\/\",\"url\":\"https:\\\/\\\/www.enriquerequena.com\\\/wp-content\\\/uploads\\\/2019\\\/11\\\/enrique-requena-recambios-logotipo.jpg\",\"contentUrl\":\"https:\\\/\\\/www.enriquerequena.com\\\/wp-content\\\/uploads\\\/2019\\\/11\\\/enrique-requena-recambios-logotipo.jpg\",\"width\":381,\"height\":75,\"caption\":\"Enrique Requena S.L.\"},\"image\":{\"@id\":\"https:\\\/\\\/www.enriquerequena.com\\\/fr\\\/#\\\/schema\\\/logo\\\/image\\\/\"}}]}<\/script>\n<!-- \/ Yoast SEO plugin. -->","yoast_head_json":{"title":"Bidon d'huile pour moteur Eni I Sigma Performance E7 15W40 20 liters - ENRIQUE REQUENA","description":"Vous pouvez acheter Bidon d&#39;huile pour moteur EniI Sigma Performance E7 15W40 20 liters en ligne ici. Le meilleur prix pour les produits de vos v\u00e9hicules.","robots":{"index":"index","follow":"follow","max-snippet":"max-snippet:-1","max-image-preview":"max-image-preview:large","max-video-preview":"max-video-preview:-1"},"canonical":"https:\/\/www.enriquerequena.com\/fr\/tienda-online\/huiles-additifs-moteur\/lubrifiants-camions\/bidon-huile-moteur-eni-i-sigma-15w40-20liters\/","og_locale":"fr_FR","og_type":"article","og_title":"Bidon d'huile pour moteur Eni I Sigma Performance E7 15W40 20 liters - ENRIQUE REQUENA","og_description":"Vous pouvez acheter Bidon d&#39;huile pour moteur EniI Sigma Performance E7 15W40 20 liters en ligne ici. Le meilleur prix pour les produits de vos v\u00e9hicules.","og_url":"https:\/\/www.enriquerequena.com\/fr\/tienda-online\/huiles-additifs-moteur\/lubrifiants-camions\/bidon-huile-moteur-eni-i-sigma-15w40-20liters\/","og_site_name":"ENRIQUE REQUENA","article_modified_time":"2023-02-07T15:12:02+00:00","og_image":[{"width":800,"height":800,"url":"https:\/\/www.enriquerequena.com\/wp-content\/uploads\/2016\/02\/bidon-20-litros-eni-i-sigma-performance-e7-15w40.jpg","type":"image\/jpeg"}],"twitter_card":"summary_large_image","schema":{"@context":"https:\/\/schema.org","@graph":[{"@type":"WebPage","@id":"https:\/\/www.enriquerequena.com\/fr\/tienda-online\/huiles-additifs-moteur\/lubrifiants-camions\/bidon-huile-moteur-eni-i-sigma-15w40-20liters\/","url":"https:\/\/www.enriquerequena.com\/fr\/tienda-online\/huiles-additifs-moteur\/lubrifiants-camions\/bidon-huile-moteur-eni-i-sigma-15w40-20liters\/","name":"Bidon d'huile pour moteur Eni I Sigma Performance E7 15W40 20 liters - ENRIQUE REQUENA","isPartOf":{"@id":"https:\/\/www.enriquerequena.com\/fr\/#website"},"primaryImageOfPage":{"@id":"https:\/\/www.enriquerequena.com\/fr\/tienda-online\/huiles-additifs-moteur\/lubrifiants-camions\/bidon-huile-moteur-eni-i-sigma-15w40-20liters\/#primaryimage"},"image":{"@id":"https:\/\/www.enriquerequena.com\/fr\/tienda-online\/huiles-additifs-moteur\/lubrifiants-camions\/bidon-huile-moteur-eni-i-sigma-15w40-20liters\/#primaryimage"},"thumbnailUrl":"https:\/\/www.enriquerequena.com\/wp-content\/uploads\/2016\/02\/bidon-20-litros-eni-i-sigma-performance-e7-15w40.jpg","datePublished":"2016-02-29T15:50:42+00:00","dateModified":"2023-02-07T15:12:02+00:00","description":"Vous pouvez acheter Bidon d&#39;huile pour moteur EniI Sigma Performance E7 15W40 20 liters en ligne ici. Le meilleur prix pour les produits de vos v\u00e9hicules.","breadcrumb":{"@id":"https:\/\/www.enriquerequena.com\/fr\/tienda-online\/huiles-additifs-moteur\/lubrifiants-camions\/bidon-huile-moteur-eni-i-sigma-15w40-20liters\/#breadcrumb"},"inLanguage":"fr-FR","potentialAction":[{"@type":"ReadAction","target":["https:\/\/www.enriquerequena.com\/fr\/tienda-online\/huiles-additifs-moteur\/lubrifiants-camions\/bidon-huile-moteur-eni-i-sigma-15w40-20liters\/"]}]},{"@type":"ImageObject","inLanguage":"fr-FR","@id":"https:\/\/www.enriquerequena.com\/fr\/tienda-online\/huiles-additifs-moteur\/lubrifiants-camions\/bidon-huile-moteur-eni-i-sigma-15w40-20liters\/#primaryimage","url":"https:\/\/www.enriquerequena.com\/wp-content\/uploads\/2016\/02\/bidon-20-litros-eni-i-sigma-performance-e7-15w40.jpg","contentUrl":"https:\/\/www.enriquerequena.com\/wp-content\/uploads\/2016\/02\/bidon-20-litros-eni-i-sigma-performance-e7-15w40.jpg","width":800,"height":800,"caption":"bidon o cu\u00f1ete de 20 litros de aceite o lubricante 15w40 para camion con calidad e7 para 60000 kilometros."},{"@type":"WebSite","@id":"https:\/\/www.enriquerequena.com\/fr\/#website","url":"https:\/\/www.enriquerequena.com\/fr\/","name":"ENRIQUE REQUENA","description":"Sp\u00e9cialistes des transmissions cardan avec des exp\u00e9ditions dans le monde entier et des pi\u00e8ces d\u00e9tach\u00e9es pour voitures, camions et accessoires \u00e0 Valence, en Espagne. Avec vous depuis 1950!","publisher":{"@id":"https:\/\/www.enriquerequena.com\/fr\/#organization"},"potentialAction":[{"@type":"SearchAction","target":{"@type":"EntryPoint","urlTemplate":"https:\/\/www.enriquerequena.com\/fr\/?s={search_term_string}"},"query-input":{"@type":"PropertyValueSpecification","valueRequired":true,"valueName":"search_term_string"}}],"inLanguage":"fr-FR"},{"@type":"Organization","@id":"https:\/\/www.enriquerequena.com\/fr\/#organization","name":"Enrique Requena S.L.","url":"https:\/\/www.enriquerequena.com\/fr\/","logo":{"@type":"ImageObject","inLanguage":"fr-FR","@id":"https:\/\/www.enriquerequena.com\/fr\/#\/schema\/logo\/image\/","url":"https:\/\/www.enriquerequena.com\/wp-content\/uploads\/2019\/11\/enrique-requena-recambios-logotipo.jpg","contentUrl":"https:\/\/www.enriquerequena.com\/wp-content\/uploads\/2019\/11\/enrique-requena-recambios-logotipo.jpg","width":381,"height":75,"caption":"Enrique Requena S.L."},"image":{"@id":"https:\/\/www.enriquerequena.com\/fr\/#\/schema\/logo\/image\/"}}]}},"_links":{"self":[{"href":"https:\/\/www.enriquerequena.com\/fr\/wp-json\/wp\/v2\/product\/2937","targetHints":{"allow":["GET"]}}],"collection":[{"href":"https:\/\/www.enriquerequena.com\/fr\/wp-json\/wp\/v2\/product"}],"about":[{"href":"https:\/\/www.enriquerequena.com\/fr\/wp-json\/wp\/v2\/types\/product"}],"wp:featuredmedia":[{"embeddable":true,"href":"https:\/\/www.enriquerequena.com\/fr\/wp-json\/wp\/v2\/media\/20282"}],"wp:attachment":[{"href":"https:\/\/www.enriquerequena.com\/fr\/wp-json\/wp\/v2\/media?parent=2937"}],"wp:term":[{"taxonomy":"product_brand","embeddable":true,"href":"https:\/\/www.enriquerequena.com\/fr\/wp-json\/wp\/v2\/product_brand?post=2937"},{"taxonomy":"product_cat","embeddable":true,"href":"https:\/\/www.enriquerequena.com\/fr\/wp-json\/wp\/v2\/product_cat?post=2937"},{"taxonomy":"product_tag","embeddable":true,"href":"https:\/\/www.enriquerequena.com\/fr\/wp-json\/wp\/v2\/product_tag?post=2937"}],"curies":[{"name":"wp","href":"https:\/\/api.w.org\/{rel}","templated":true}]}}