{"id":2956,"date":"2016-02-29T16:03:10","date_gmt":"2016-02-29T16:03:10","guid":{"rendered":"https:\/\/www.enriquerequena.com\/?post_type=product&#038;p=2956"},"modified":"2024-06-20T13:06:00","modified_gmt":"2024-06-20T11:06:00","slug":"pompe-a-eau-pour-nissan-cabstar-7410013725-et-210109x800-en-ligne","status":"publish","type":"product","link":"https:\/\/www.enriquerequena.com\/fr\/tienda-online\/pieces-detachees-pieces-de-rechange-refrigeration\/pompes-a-eau-pour-moteurs\/pompe-a-eau-pour-nissan-cabstar-7410013725-et-210109x800-en-ligne\/","title":{"rendered":"Pompe \u00e0 Eau pour Nissan Cabstar Atleon 7410013725 &#8211; 210109X800"},"content":{"rendered":"<p><span style=\"color: #3366ff;\">Nous avons pompes \u00e0 eau pour pour les camions Nissan Cabstar ou Atleon pour les moteurs B-440 et B-660.<\/span><\/p>\n<p><span style=\"color: #3366ff;\">Nous avons des pompes \u00e0 eau de diff\u00e9rentes marques pour tous les mod\u00e8les de camions. Demandez-nous si vous ne trouvez pas le v\u00f4tre. Nous avons de l&rsquo;exp\u00e9rience dans la vente de pi\u00e8ces d\u00e9tach\u00e9es pour camions depuis 1950!<\/span><\/p>\n<p><span style=\"color: #3366ff;\"><strong>Sp\u00e9cifications techniques:<\/strong><\/span><\/p>\n<p><span style=\"color: #3366ff;\">&#8211; Pi\u00e8ce de rechange de camion: Pompe \u00e0 eau<\/span><\/p>\n<p><span style=\"color: #3366ff;\">&#8211; Num\u00e9ros de r\u00e9f\u00e9rence: 7410013725 &#8211; 210109X800<\/span><\/p>\n<p><span style=\"color: #3366ff;\">&#8211; Marques: DOLZ, AIRTEX, MEYLE, KWP<\/span><\/p>\n<p><span style=\"color: #3366ff;\">&#8211; Mod\u00e8les: NISSAN M90.15 \/ M110.14 \/ M110.15 \/ M125.14 \/ M125.17 \/ M130.15 \/ M150.96 ENGINE B660 NISSAN ATLEON 165 \/ ATLEON 210.15 \/ NISSAN L80.14 &#8211; moteurs B-440.<\/span><\/p>\n","protected":false},"excerpt":{"rendered":"<p>Pompe \u00e0 eau avec r\u00e9f\u00e9rences 7410013725 et 210109X800 en ligne pour les camions Nissan Cabstar ou Atleon.<\/p>\n","protected":false},"featured_media":2957,"template":"","meta":[],"product_brand":[121],"product_cat":[138,9984,225,9842],"product_tag":[],"class_list":{"0":"post-2956","1":"product","2":"type-product","3":"status-publish","4":"has-post-thumbnail","6":"product_brand-nissan-2","7":"product_cat-pieces-rechange-camions","8":"product_cat-pompes-a-eau-pour-moteurs","9":"product_cat-refrigeration-camion","10":"product_cat-pieces-detachees-pieces-de-rechange-refrigeration","11":"pa_manufacturer-nissan","12":"pa_tipo-camions-poids-lourds","14":"first","15":"instock","16":"featured","17":"taxable","18":"shipping-taxable","19":"purchasable","20":"product-type-simple"},"yoast_head":"<!-- This site is optimized with the Yoast SEO plugin v27.1.1 - https:\/\/yoast.com\/product\/yoast-seo-wordpress\/ -->\n<title>Pompe \u00e0 Eau pour Nissan Cabstar Atleon 7410013725 - 210109X800 - ENRIQUE REQUENA<\/title>\n<meta name=\"description\" content=\"Vous pouvez acheter le Pompe \u00e0 eau pour Nissan Cabstar 7410013725 et 210109X800 ici. Demandez-nous si vous avez besoin d une autre r\u00e9f\u00e9rence. Depuis 1950!\" \/>\n<meta name=\"robots\" content=\"index, follow, max-snippet:-1, max-image-preview:large, max-video-preview:-1\" \/>\n<link rel=\"canonical\" href=\"https:\/\/www.enriquerequena.com\/fr\/tienda-online\/pieces-detachees-pieces-de-rechange-refrigeration\/pompes-a-eau-pour-moteurs\/pompe-a-eau-pour-nissan-cabstar-7410013725-et-210109x800-en-ligne\/\" \/>\n<meta property=\"og:locale\" content=\"fr_FR\" \/>\n<meta property=\"og:type\" content=\"article\" \/>\n<meta property=\"og:title\" content=\"Pompe \u00e0 Eau pour Nissan Cabstar Atleon 7410013725 - 210109X800 - ENRIQUE REQUENA\" \/>\n<meta property=\"og:description\" content=\"Vous pouvez acheter le Pompe \u00e0 eau pour Nissan Cabstar 7410013725 et 210109X800 ici. Demandez-nous si vous avez besoin d une autre r\u00e9f\u00e9rence. Depuis 1950!\" \/>\n<meta property=\"og:url\" content=\"https:\/\/www.enriquerequena.com\/fr\/tienda-online\/pieces-detachees-pieces-de-rechange-refrigeration\/pompes-a-eau-pour-moteurs\/pompe-a-eau-pour-nissan-cabstar-7410013725-et-210109x800-en-ligne\/\" \/>\n<meta property=\"og:site_name\" content=\"ENRIQUE REQUENA\" \/>\n<meta property=\"article:modified_time\" content=\"2024-06-20T11:06:00+00:00\" \/>\n<meta property=\"og:image\" content=\"https:\/\/www.enriquerequena.com\/wp-content\/uploads\/2019\/10\/products-BOMBA-DE-AGUA-POMPE-A-EAU-WATER-PUMP-210109X800-2--2.jpg\" \/>\n\t<meta property=\"og:image:width\" content=\"800\" \/>\n\t<meta property=\"og:image:height\" content=\"800\" \/>\n\t<meta property=\"og:image:type\" content=\"image\/jpeg\" \/>\n<meta name=\"twitter:card\" content=\"summary_large_image\" \/>\n<meta name=\"twitter:label1\" content=\"Dur\u00e9e de lecture estim\u00e9e\" \/>\n\t<meta name=\"twitter:data1\" content=\"1 minute\" \/>\n<script type=\"application\/ld+json\" class=\"yoast-schema-graph\">{\"@context\":\"https:\/\/schema.org\",\"@graph\":[{\"@type\":\"WebPage\",\"@id\":\"https:\/\/www.enriquerequena.com\/fr\/tienda-online\/pieces-detachees-pieces-de-rechange-refrigeration\/pompes-a-eau-pour-moteurs\/pompe-a-eau-pour-nissan-cabstar-7410013725-et-210109x800-en-ligne\/\",\"url\":\"https:\/\/www.enriquerequena.com\/fr\/tienda-online\/pieces-detachees-pieces-de-rechange-refrigeration\/pompes-a-eau-pour-moteurs\/pompe-a-eau-pour-nissan-cabstar-7410013725-et-210109x800-en-ligne\/\",\"name\":\"Pompe \u00e0 Eau pour Nissan Cabstar Atleon 7410013725 - 210109X800 - ENRIQUE REQUENA\",\"isPartOf\":{\"@id\":\"https:\/\/www.enriquerequena.com\/fr\/#website\"},\"primaryImageOfPage\":{\"@id\":\"https:\/\/www.enriquerequena.com\/fr\/tienda-online\/pieces-detachees-pieces-de-rechange-refrigeration\/pompes-a-eau-pour-moteurs\/pompe-a-eau-pour-nissan-cabstar-7410013725-et-210109x800-en-ligne\/#primaryimage\"},\"image\":{\"@id\":\"https:\/\/www.enriquerequena.com\/fr\/tienda-online\/pieces-detachees-pieces-de-rechange-refrigeration\/pompes-a-eau-pour-moteurs\/pompe-a-eau-pour-nissan-cabstar-7410013725-et-210109x800-en-ligne\/#primaryimage\"},\"thumbnailUrl\":\"https:\/\/www.enriquerequena.com\/wp-content\/uploads\/2019\/10\/products-BOMBA-DE-AGUA-POMPE-A-EAU-WATER-PUMP-210109X800-2--2.jpg\",\"datePublished\":\"2016-02-29T16:03:10+00:00\",\"dateModified\":\"2024-06-20T11:06:00+00:00\",\"description\":\"Vous pouvez acheter le Pompe \u00e0 eau pour Nissan Cabstar 7410013725 et 210109X800 ici. Demandez-nous si vous avez besoin d une autre r\u00e9f\u00e9rence. Depuis 1950!\",\"breadcrumb\":{\"@id\":\"https:\/\/www.enriquerequena.com\/fr\/tienda-online\/pieces-detachees-pieces-de-rechange-refrigeration\/pompes-a-eau-pour-moteurs\/pompe-a-eau-pour-nissan-cabstar-7410013725-et-210109x800-en-ligne\/#breadcrumb\"},\"inLanguage\":\"fr-FR\",\"potentialAction\":[{\"@type\":\"ReadAction\",\"target\":[\"https:\/\/www.enriquerequena.com\/fr\/tienda-online\/pieces-detachees-pieces-de-rechange-refrigeration\/pompes-a-eau-pour-moteurs\/pompe-a-eau-pour-nissan-cabstar-7410013725-et-210109x800-en-ligne\/\"]}]},{\"@type\":\"ImageObject\",\"inLanguage\":\"fr-FR\",\"@id\":\"https:\/\/www.enriquerequena.com\/fr\/tienda-online\/pieces-detachees-pieces-de-rechange-refrigeration\/pompes-a-eau-pour-moteurs\/pompe-a-eau-pour-nissan-cabstar-7410013725-et-210109x800-en-ligne\/#primaryimage\",\"url\":\"https:\/\/www.enriquerequena.com\/wp-content\/uploads\/2019\/10\/products-BOMBA-DE-AGUA-POMPE-A-EAU-WATER-PUMP-210109X800-2--2.jpg\",\"contentUrl\":\"https:\/\/www.enriquerequena.com\/wp-content\/uploads\/2019\/10\/products-BOMBA-DE-AGUA-POMPE-A-EAU-WATER-PUMP-210109X800-2--2.jpg\",\"width\":800,\"height\":800,\"caption\":\"7410013725, 210109X800, BOMBA DE AGUA, POMPE A EAU, WATER PUMP, NISSAN CABSTAR, NISSAN ATLEON\"},{\"@type\":\"WebSite\",\"@id\":\"https:\/\/www.enriquerequena.com\/fr\/#website\",\"url\":\"https:\/\/www.enriquerequena.com\/fr\/\",\"name\":\"ENRIQUE REQUENA\",\"description\":\"Sp\u00e9cialistes des transmissions cardan avec des exp\u00e9ditions dans le monde entier et des pi\u00e8ces d\u00e9tach\u00e9es pour voitures, camions et accessoires \u00e0 Valence, en Espagne. Avec vous depuis 1950!\",\"publisher\":{\"@id\":\"https:\/\/www.enriquerequena.com\/fr\/#organization\"},\"potentialAction\":[{\"@type\":\"SearchAction\",\"target\":{\"@type\":\"EntryPoint\",\"urlTemplate\":\"https:\/\/www.enriquerequena.com\/fr\/?s={search_term_string}\"},\"query-input\":{\"@type\":\"PropertyValueSpecification\",\"valueRequired\":true,\"valueName\":\"search_term_string\"}}],\"inLanguage\":\"fr-FR\"},{\"@type\":\"Organization\",\"@id\":\"https:\/\/www.enriquerequena.com\/fr\/#organization\",\"name\":\"Enrique Requena S.L.\",\"url\":\"https:\/\/www.enriquerequena.com\/fr\/\",\"logo\":{\"@type\":\"ImageObject\",\"inLanguage\":\"fr-FR\",\"@id\":\"https:\/\/www.enriquerequena.com\/fr\/#\/schema\/logo\/image\/\",\"url\":\"https:\/\/www.enriquerequena.com\/wp-content\/uploads\/2019\/11\/enrique-requena-recambios-logotipo.jpg\",\"contentUrl\":\"https:\/\/www.enriquerequena.com\/wp-content\/uploads\/2019\/11\/enrique-requena-recambios-logotipo.jpg\",\"width\":381,\"height\":75,\"caption\":\"Enrique Requena S.L.\"},\"image\":{\"@id\":\"https:\/\/www.enriquerequena.com\/fr\/#\/schema\/logo\/image\/\"}}]}<\/script>\n<!-- \/ Yoast SEO plugin. -->","yoast_head_json":{"title":"Pompe \u00e0 Eau pour Nissan Cabstar Atleon 7410013725 - 210109X800 - ENRIQUE REQUENA","description":"Vous pouvez acheter le Pompe \u00e0 eau pour Nissan Cabstar 7410013725 et 210109X800 ici. Demandez-nous si vous avez besoin d une autre r\u00e9f\u00e9rence. Depuis 1950!","robots":{"index":"index","follow":"follow","max-snippet":"max-snippet:-1","max-image-preview":"max-image-preview:large","max-video-preview":"max-video-preview:-1"},"canonical":"https:\/\/www.enriquerequena.com\/fr\/tienda-online\/pieces-detachees-pieces-de-rechange-refrigeration\/pompes-a-eau-pour-moteurs\/pompe-a-eau-pour-nissan-cabstar-7410013725-et-210109x800-en-ligne\/","og_locale":"fr_FR","og_type":"article","og_title":"Pompe \u00e0 Eau pour Nissan Cabstar Atleon 7410013725 - 210109X800 - ENRIQUE REQUENA","og_description":"Vous pouvez acheter le Pompe \u00e0 eau pour Nissan Cabstar 7410013725 et 210109X800 ici. Demandez-nous si vous avez besoin d une autre r\u00e9f\u00e9rence. Depuis 1950!","og_url":"https:\/\/www.enriquerequena.com\/fr\/tienda-online\/pieces-detachees-pieces-de-rechange-refrigeration\/pompes-a-eau-pour-moteurs\/pompe-a-eau-pour-nissan-cabstar-7410013725-et-210109x800-en-ligne\/","og_site_name":"ENRIQUE REQUENA","article_modified_time":"2024-06-20T11:06:00+00:00","og_image":[{"width":800,"height":800,"url":"https:\/\/www.enriquerequena.com\/wp-content\/uploads\/2019\/10\/products-BOMBA-DE-AGUA-POMPE-A-EAU-WATER-PUMP-210109X800-2--2.jpg","type":"image\/jpeg"}],"twitter_card":"summary_large_image","twitter_misc":{"Dur\u00e9e de lecture estim\u00e9e":"1 minute"},"schema":{"@context":"https:\/\/schema.org","@graph":[{"@type":"WebPage","@id":"https:\/\/www.enriquerequena.com\/fr\/tienda-online\/pieces-detachees-pieces-de-rechange-refrigeration\/pompes-a-eau-pour-moteurs\/pompe-a-eau-pour-nissan-cabstar-7410013725-et-210109x800-en-ligne\/","url":"https:\/\/www.enriquerequena.com\/fr\/tienda-online\/pieces-detachees-pieces-de-rechange-refrigeration\/pompes-a-eau-pour-moteurs\/pompe-a-eau-pour-nissan-cabstar-7410013725-et-210109x800-en-ligne\/","name":"Pompe \u00e0 Eau pour Nissan Cabstar Atleon 7410013725 - 210109X800 - ENRIQUE REQUENA","isPartOf":{"@id":"https:\/\/www.enriquerequena.com\/fr\/#website"},"primaryImageOfPage":{"@id":"https:\/\/www.enriquerequena.com\/fr\/tienda-online\/pieces-detachees-pieces-de-rechange-refrigeration\/pompes-a-eau-pour-moteurs\/pompe-a-eau-pour-nissan-cabstar-7410013725-et-210109x800-en-ligne\/#primaryimage"},"image":{"@id":"https:\/\/www.enriquerequena.com\/fr\/tienda-online\/pieces-detachees-pieces-de-rechange-refrigeration\/pompes-a-eau-pour-moteurs\/pompe-a-eau-pour-nissan-cabstar-7410013725-et-210109x800-en-ligne\/#primaryimage"},"thumbnailUrl":"https:\/\/www.enriquerequena.com\/wp-content\/uploads\/2019\/10\/products-BOMBA-DE-AGUA-POMPE-A-EAU-WATER-PUMP-210109X800-2--2.jpg","datePublished":"2016-02-29T16:03:10+00:00","dateModified":"2024-06-20T11:06:00+00:00","description":"Vous pouvez acheter le Pompe \u00e0 eau pour Nissan Cabstar 7410013725 et 210109X800 ici. Demandez-nous si vous avez besoin d une autre r\u00e9f\u00e9rence. Depuis 1950!","breadcrumb":{"@id":"https:\/\/www.enriquerequena.com\/fr\/tienda-online\/pieces-detachees-pieces-de-rechange-refrigeration\/pompes-a-eau-pour-moteurs\/pompe-a-eau-pour-nissan-cabstar-7410013725-et-210109x800-en-ligne\/#breadcrumb"},"inLanguage":"fr-FR","potentialAction":[{"@type":"ReadAction","target":["https:\/\/www.enriquerequena.com\/fr\/tienda-online\/pieces-detachees-pieces-de-rechange-refrigeration\/pompes-a-eau-pour-moteurs\/pompe-a-eau-pour-nissan-cabstar-7410013725-et-210109x800-en-ligne\/"]}]},{"@type":"ImageObject","inLanguage":"fr-FR","@id":"https:\/\/www.enriquerequena.com\/fr\/tienda-online\/pieces-detachees-pieces-de-rechange-refrigeration\/pompes-a-eau-pour-moteurs\/pompe-a-eau-pour-nissan-cabstar-7410013725-et-210109x800-en-ligne\/#primaryimage","url":"https:\/\/www.enriquerequena.com\/wp-content\/uploads\/2019\/10\/products-BOMBA-DE-AGUA-POMPE-A-EAU-WATER-PUMP-210109X800-2--2.jpg","contentUrl":"https:\/\/www.enriquerequena.com\/wp-content\/uploads\/2019\/10\/products-BOMBA-DE-AGUA-POMPE-A-EAU-WATER-PUMP-210109X800-2--2.jpg","width":800,"height":800,"caption":"7410013725, 210109X800, BOMBA DE AGUA, POMPE A EAU, WATER PUMP, NISSAN CABSTAR, NISSAN ATLEON"},{"@type":"WebSite","@id":"https:\/\/www.enriquerequena.com\/fr\/#website","url":"https:\/\/www.enriquerequena.com\/fr\/","name":"ENRIQUE REQUENA","description":"Sp\u00e9cialistes des transmissions cardan avec des exp\u00e9ditions dans le monde entier et des pi\u00e8ces d\u00e9tach\u00e9es pour voitures, camions et accessoires \u00e0 Valence, en Espagne. Avec vous depuis 1950!","publisher":{"@id":"https:\/\/www.enriquerequena.com\/fr\/#organization"},"potentialAction":[{"@type":"SearchAction","target":{"@type":"EntryPoint","urlTemplate":"https:\/\/www.enriquerequena.com\/fr\/?s={search_term_string}"},"query-input":{"@type":"PropertyValueSpecification","valueRequired":true,"valueName":"search_term_string"}}],"inLanguage":"fr-FR"},{"@type":"Organization","@id":"https:\/\/www.enriquerequena.com\/fr\/#organization","name":"Enrique Requena S.L.","url":"https:\/\/www.enriquerequena.com\/fr\/","logo":{"@type":"ImageObject","inLanguage":"fr-FR","@id":"https:\/\/www.enriquerequena.com\/fr\/#\/schema\/logo\/image\/","url":"https:\/\/www.enriquerequena.com\/wp-content\/uploads\/2019\/11\/enrique-requena-recambios-logotipo.jpg","contentUrl":"https:\/\/www.enriquerequena.com\/wp-content\/uploads\/2019\/11\/enrique-requena-recambios-logotipo.jpg","width":381,"height":75,"caption":"Enrique Requena S.L."},"image":{"@id":"https:\/\/www.enriquerequena.com\/fr\/#\/schema\/logo\/image\/"}}]}},"_links":{"self":[{"href":"https:\/\/www.enriquerequena.com\/fr\/wp-json\/wp\/v2\/product\/2956","targetHints":{"allow":["GET"]}}],"collection":[{"href":"https:\/\/www.enriquerequena.com\/fr\/wp-json\/wp\/v2\/product"}],"about":[{"href":"https:\/\/www.enriquerequena.com\/fr\/wp-json\/wp\/v2\/types\/product"}],"wp:featuredmedia":[{"embeddable":true,"href":"https:\/\/www.enriquerequena.com\/fr\/wp-json\/wp\/v2\/media\/2957"}],"wp:attachment":[{"href":"https:\/\/www.enriquerequena.com\/fr\/wp-json\/wp\/v2\/media?parent=2956"}],"wp:term":[{"taxonomy":"product_brand","embeddable":true,"href":"https:\/\/www.enriquerequena.com\/fr\/wp-json\/wp\/v2\/product_brand?post=2956"},{"taxonomy":"product_cat","embeddable":true,"href":"https:\/\/www.enriquerequena.com\/fr\/wp-json\/wp\/v2\/product_cat?post=2956"},{"taxonomy":"product_tag","embeddable":true,"href":"https:\/\/www.enriquerequena.com\/fr\/wp-json\/wp\/v2\/product_tag?post=2956"}],"curies":[{"name":"wp","href":"https:\/\/api.w.org\/{rel}","templated":true}]}}