{"id":29663,"date":"2024-05-21T08:58:16","date_gmt":"2024-05-21T06:58:16","guid":{"rendered":"https:\/\/www.enriquerequena.com\/?post_type=product&#038;p=29663"},"modified":"2025-03-13T18:08:12","modified_gmt":"2025-03-13T17:08:12","slug":"retroviseur-gauche-nissan-cabstar-96302mb44b","status":"publish","type":"product","link":"https:\/\/www.enriquerequena.com\/fr\/tienda-online\/pieces-detachees-et-de-rechange-de-carrosserie\/retroviseurs\/retroviseur-gauche-nissan-cabstar-96302mb44b\/","title":{"rendered":"R\u00e9troviseur gauche Nissan Cabstar &#8211; 96302MB44B"},"content":{"rendered":"<p><strong>R\u00e9troviseur gauche pour Nissan Cabstar <\/strong>avec r\u00e9f\u00e9rence 96302MB44B est une pi\u00e8ce de Nissan neuve avec une garantie d\u2019un an. C\u2019est le choix le plus \u00e9conomique.<\/p>\n<p>Nous vendons des pi\u00e8ces d\u00e9tach\u00e9es ou pi\u00e8ces de rechange \u00e0 Valence depuis 1950 et nous vendons aussi en ligne dans le monde entier.<\/p>\n<p>N\u00b4h\u00e9sitez pas \u00e0 nous consulter pour d\u00b4autres mod\u00e8les de tout type de v\u00e9hicule. Nous avons une exp\u00e9rience de 70 ans. Nos pi\u00e9ces de rechange sont similaires \u00e0 ceux des OEM avec les meilleurs prix du march\u00e9.<\/p>\n<p>Caract\u00e9ristiques techniques R\u00e9troviseur gauche pour Nissan Cabstar 96302MB44B:<\/p>\n<ul>\n<li>Pi\u00e8ce de rechange: R\u00e9troviseur gauche<\/li>\n<li>Mod\u00e8le: Nissan Cabstar<\/li>\n<li>Etat: pi\u00e8ce neuve<\/li>\n<li>Garantie d\u2019un an<\/li>\n<li><strong>R\u00e9f\u00e9rence:<\/strong>\n<ul>\n<li>96302MB44B<\/li>\n<\/ul>\n<\/li>\n<\/ul>\n","protected":false},"excerpt":{"rendered":"<p><strong>R\u00e9troviseur gauche pour Nissan Cabstar<\/strong> avec r\u00e9f\u00e9rence <strong>96302MB44B. <\/strong>Est une pi\u00e8ce de Nissan neuve avec une garantie d\u2019un an.<\/p>\n","protected":false},"featured_media":29666,"template":"","meta":[],"product_brand":[],"product_cat":[9851,138,9908],"product_tag":[],"class_list":{"0":"post-29663","1":"product","2":"type-product","3":"status-publish","4":"has-post-thumbnail","6":"product_cat-pieces-detachees-et-de-rechange-de-carrosserie","7":"product_cat-pieces-rechange-camions","8":"product_cat-retroviseurs","9":"pa_manufacturer-nissan","10":"pa_tipo-camions-poids-lourds","12":"first","13":"instock","14":"taxable","15":"shipping-taxable","16":"purchasable","17":"product-type-simple"},"yoast_head":"<!-- This site is optimized with the Yoast SEO plugin v27.1.1 - https:\/\/yoast.com\/product\/yoast-seo-wordpress\/ -->\n<title>R\u00e9troviseur gauche\u00a0Nissan Cabstar 96302MB44B<\/title>\n<meta name=\"description\" content=\"R\u00e9troviseur gauche pour Nissan Cabstar avec r\u00e9f\u00e9rence 96302MB44B. Est une pi\u00e8ce de Nissan neuve avec une garantie d\u2019un an.\" \/>\n<meta name=\"robots\" content=\"index, follow, max-snippet:-1, max-image-preview:large, max-video-preview:-1\" \/>\n<link rel=\"canonical\" href=\"https:\/\/www.enriquerequena.com\/fr\/tienda-online\/pieces-detachees-et-de-rechange-de-carrosserie\/retroviseurs\/retroviseur-gauche-nissan-cabstar-96302mb44b\/\" \/>\n<meta property=\"og:locale\" content=\"fr_FR\" \/>\n<meta property=\"og:type\" content=\"article\" \/>\n<meta property=\"og:title\" content=\"R\u00e9troviseur gauche\u00a0Nissan Cabstar 96302MB44B\" \/>\n<meta property=\"og:description\" content=\"R\u00e9troviseur gauche pour Nissan Cabstar avec r\u00e9f\u00e9rence 96302MB44B. Est une pi\u00e8ce de Nissan neuve avec une garantie d\u2019un an.\" \/>\n<meta property=\"og:url\" content=\"https:\/\/www.enriquerequena.com\/fr\/tienda-online\/pieces-detachees-et-de-rechange-de-carrosserie\/retroviseurs\/retroviseur-gauche-nissan-cabstar-96302mb44b\/\" \/>\n<meta property=\"og:site_name\" content=\"ENRIQUE REQUENA\" \/>\n<meta property=\"article:modified_time\" content=\"2025-03-13T17:08:12+00:00\" \/>\n<meta property=\"og:image\" content=\"https:\/\/www.enriquerequena.com\/wp-content\/uploads\/2024\/05\/retrovisor-completo-izquierdo-nissan-cabstar-96302MB44B.jpg\" \/>\n\t<meta property=\"og:image:width\" content=\"800\" \/>\n\t<meta property=\"og:image:height\" content=\"800\" \/>\n\t<meta property=\"og:image:type\" content=\"image\/jpeg\" \/>\n<meta name=\"twitter:card\" content=\"summary_large_image\" \/>\n<meta name=\"twitter:label1\" content=\"Dur\u00e9e de lecture estim\u00e9e\" \/>\n\t<meta name=\"twitter:data1\" content=\"1 minute\" \/>\n<script type=\"application\/ld+json\" class=\"yoast-schema-graph\">{\"@context\":\"https:\/\/schema.org\",\"@graph\":[{\"@type\":\"WebPage\",\"@id\":\"https:\/\/www.enriquerequena.com\/fr\/tienda-online\/pieces-detachees-et-de-rechange-de-carrosserie\/retroviseurs\/retroviseur-gauche-nissan-cabstar-96302mb44b\/\",\"url\":\"https:\/\/www.enriquerequena.com\/fr\/tienda-online\/pieces-detachees-et-de-rechange-de-carrosserie\/retroviseurs\/retroviseur-gauche-nissan-cabstar-96302mb44b\/\",\"name\":\"R\u00e9troviseur gauche\u00a0Nissan Cabstar 96302MB44B\",\"isPartOf\":{\"@id\":\"https:\/\/www.enriquerequena.com\/fr\/#website\"},\"primaryImageOfPage\":{\"@id\":\"https:\/\/www.enriquerequena.com\/fr\/tienda-online\/pieces-detachees-et-de-rechange-de-carrosserie\/retroviseurs\/retroviseur-gauche-nissan-cabstar-96302mb44b\/#primaryimage\"},\"image\":{\"@id\":\"https:\/\/www.enriquerequena.com\/fr\/tienda-online\/pieces-detachees-et-de-rechange-de-carrosserie\/retroviseurs\/retroviseur-gauche-nissan-cabstar-96302mb44b\/#primaryimage\"},\"thumbnailUrl\":\"https:\/\/www.enriquerequena.com\/wp-content\/uploads\/2024\/05\/retrovisor-completo-izquierdo-nissan-cabstar-96302MB44B.jpg\",\"datePublished\":\"2024-05-21T06:58:16+00:00\",\"dateModified\":\"2025-03-13T17:08:12+00:00\",\"description\":\"R\u00e9troviseur gauche pour Nissan Cabstar avec r\u00e9f\u00e9rence 96302MB44B. Est une pi\u00e8ce de Nissan neuve avec une garantie d\u2019un an.\",\"breadcrumb\":{\"@id\":\"https:\/\/www.enriquerequena.com\/fr\/tienda-online\/pieces-detachees-et-de-rechange-de-carrosserie\/retroviseurs\/retroviseur-gauche-nissan-cabstar-96302mb44b\/#breadcrumb\"},\"inLanguage\":\"fr-FR\",\"potentialAction\":[{\"@type\":\"ReadAction\",\"target\":[\"https:\/\/www.enriquerequena.com\/fr\/tienda-online\/pieces-detachees-et-de-rechange-de-carrosserie\/retroviseurs\/retroviseur-gauche-nissan-cabstar-96302mb44b\/\"]}]},{\"@type\":\"ImageObject\",\"inLanguage\":\"fr-FR\",\"@id\":\"https:\/\/www.enriquerequena.com\/fr\/tienda-online\/pieces-detachees-et-de-rechange-de-carrosserie\/retroviseurs\/retroviseur-gauche-nissan-cabstar-96302mb44b\/#primaryimage\",\"url\":\"https:\/\/www.enriquerequena.com\/wp-content\/uploads\/2024\/05\/retrovisor-completo-izquierdo-nissan-cabstar-96302MB44B.jpg\",\"contentUrl\":\"https:\/\/www.enriquerequena.com\/wp-content\/uploads\/2024\/05\/retrovisor-completo-izquierdo-nissan-cabstar-96302MB44B.jpg\",\"width\":800,\"height\":800,\"caption\":\"R\u00e9troviseur gauche\u00a0Nissan Cabstar 96302MB44B\"},{\"@type\":\"WebSite\",\"@id\":\"https:\/\/www.enriquerequena.com\/fr\/#website\",\"url\":\"https:\/\/www.enriquerequena.com\/fr\/\",\"name\":\"ENRIQUE REQUENA\",\"description\":\"Sp\u00e9cialistes des transmissions cardan avec des exp\u00e9ditions dans le monde entier et des pi\u00e8ces d\u00e9tach\u00e9es pour voitures, camions et accessoires \u00e0 Valence, en Espagne. Avec vous depuis 1950!\",\"publisher\":{\"@id\":\"https:\/\/www.enriquerequena.com\/fr\/#organization\"},\"potentialAction\":[{\"@type\":\"SearchAction\",\"target\":{\"@type\":\"EntryPoint\",\"urlTemplate\":\"https:\/\/www.enriquerequena.com\/fr\/?s={search_term_string}\"},\"query-input\":{\"@type\":\"PropertyValueSpecification\",\"valueRequired\":true,\"valueName\":\"search_term_string\"}}],\"inLanguage\":\"fr-FR\"},{\"@type\":\"Organization\",\"@id\":\"https:\/\/www.enriquerequena.com\/fr\/#organization\",\"name\":\"Enrique Requena S.L.\",\"url\":\"https:\/\/www.enriquerequena.com\/fr\/\",\"logo\":{\"@type\":\"ImageObject\",\"inLanguage\":\"fr-FR\",\"@id\":\"https:\/\/www.enriquerequena.com\/fr\/#\/schema\/logo\/image\/\",\"url\":\"https:\/\/www.enriquerequena.com\/wp-content\/uploads\/2019\/11\/enrique-requena-recambios-logotipo.jpg\",\"contentUrl\":\"https:\/\/www.enriquerequena.com\/wp-content\/uploads\/2019\/11\/enrique-requena-recambios-logotipo.jpg\",\"width\":381,\"height\":75,\"caption\":\"Enrique Requena S.L.\"},\"image\":{\"@id\":\"https:\/\/www.enriquerequena.com\/fr\/#\/schema\/logo\/image\/\"}}]}<\/script>\n<!-- \/ Yoast SEO plugin. -->","yoast_head_json":{"title":"R\u00e9troviseur gauche\u00a0Nissan Cabstar 96302MB44B","description":"R\u00e9troviseur gauche pour Nissan Cabstar avec r\u00e9f\u00e9rence 96302MB44B. Est une pi\u00e8ce de Nissan neuve avec une garantie d\u2019un an.","robots":{"index":"index","follow":"follow","max-snippet":"max-snippet:-1","max-image-preview":"max-image-preview:large","max-video-preview":"max-video-preview:-1"},"canonical":"https:\/\/www.enriquerequena.com\/fr\/tienda-online\/pieces-detachees-et-de-rechange-de-carrosserie\/retroviseurs\/retroviseur-gauche-nissan-cabstar-96302mb44b\/","og_locale":"fr_FR","og_type":"article","og_title":"R\u00e9troviseur gauche\u00a0Nissan Cabstar 96302MB44B","og_description":"R\u00e9troviseur gauche pour Nissan Cabstar avec r\u00e9f\u00e9rence 96302MB44B. Est une pi\u00e8ce de Nissan neuve avec une garantie d\u2019un an.","og_url":"https:\/\/www.enriquerequena.com\/fr\/tienda-online\/pieces-detachees-et-de-rechange-de-carrosserie\/retroviseurs\/retroviseur-gauche-nissan-cabstar-96302mb44b\/","og_site_name":"ENRIQUE REQUENA","article_modified_time":"2025-03-13T17:08:12+00:00","og_image":[{"width":800,"height":800,"url":"https:\/\/www.enriquerequena.com\/wp-content\/uploads\/2024\/05\/retrovisor-completo-izquierdo-nissan-cabstar-96302MB44B.jpg","type":"image\/jpeg"}],"twitter_card":"summary_large_image","twitter_misc":{"Dur\u00e9e de lecture estim\u00e9e":"1 minute"},"schema":{"@context":"https:\/\/schema.org","@graph":[{"@type":"WebPage","@id":"https:\/\/www.enriquerequena.com\/fr\/tienda-online\/pieces-detachees-et-de-rechange-de-carrosserie\/retroviseurs\/retroviseur-gauche-nissan-cabstar-96302mb44b\/","url":"https:\/\/www.enriquerequena.com\/fr\/tienda-online\/pieces-detachees-et-de-rechange-de-carrosserie\/retroviseurs\/retroviseur-gauche-nissan-cabstar-96302mb44b\/","name":"R\u00e9troviseur gauche\u00a0Nissan Cabstar 96302MB44B","isPartOf":{"@id":"https:\/\/www.enriquerequena.com\/fr\/#website"},"primaryImageOfPage":{"@id":"https:\/\/www.enriquerequena.com\/fr\/tienda-online\/pieces-detachees-et-de-rechange-de-carrosserie\/retroviseurs\/retroviseur-gauche-nissan-cabstar-96302mb44b\/#primaryimage"},"image":{"@id":"https:\/\/www.enriquerequena.com\/fr\/tienda-online\/pieces-detachees-et-de-rechange-de-carrosserie\/retroviseurs\/retroviseur-gauche-nissan-cabstar-96302mb44b\/#primaryimage"},"thumbnailUrl":"https:\/\/www.enriquerequena.com\/wp-content\/uploads\/2024\/05\/retrovisor-completo-izquierdo-nissan-cabstar-96302MB44B.jpg","datePublished":"2024-05-21T06:58:16+00:00","dateModified":"2025-03-13T17:08:12+00:00","description":"R\u00e9troviseur gauche pour Nissan Cabstar avec r\u00e9f\u00e9rence 96302MB44B. Est une pi\u00e8ce de Nissan neuve avec une garantie d\u2019un an.","breadcrumb":{"@id":"https:\/\/www.enriquerequena.com\/fr\/tienda-online\/pieces-detachees-et-de-rechange-de-carrosserie\/retroviseurs\/retroviseur-gauche-nissan-cabstar-96302mb44b\/#breadcrumb"},"inLanguage":"fr-FR","potentialAction":[{"@type":"ReadAction","target":["https:\/\/www.enriquerequena.com\/fr\/tienda-online\/pieces-detachees-et-de-rechange-de-carrosserie\/retroviseurs\/retroviseur-gauche-nissan-cabstar-96302mb44b\/"]}]},{"@type":"ImageObject","inLanguage":"fr-FR","@id":"https:\/\/www.enriquerequena.com\/fr\/tienda-online\/pieces-detachees-et-de-rechange-de-carrosserie\/retroviseurs\/retroviseur-gauche-nissan-cabstar-96302mb44b\/#primaryimage","url":"https:\/\/www.enriquerequena.com\/wp-content\/uploads\/2024\/05\/retrovisor-completo-izquierdo-nissan-cabstar-96302MB44B.jpg","contentUrl":"https:\/\/www.enriquerequena.com\/wp-content\/uploads\/2024\/05\/retrovisor-completo-izquierdo-nissan-cabstar-96302MB44B.jpg","width":800,"height":800,"caption":"R\u00e9troviseur gauche\u00a0Nissan Cabstar 96302MB44B"},{"@type":"WebSite","@id":"https:\/\/www.enriquerequena.com\/fr\/#website","url":"https:\/\/www.enriquerequena.com\/fr\/","name":"ENRIQUE REQUENA","description":"Sp\u00e9cialistes des transmissions cardan avec des exp\u00e9ditions dans le monde entier et des pi\u00e8ces d\u00e9tach\u00e9es pour voitures, camions et accessoires \u00e0 Valence, en Espagne. Avec vous depuis 1950!","publisher":{"@id":"https:\/\/www.enriquerequena.com\/fr\/#organization"},"potentialAction":[{"@type":"SearchAction","target":{"@type":"EntryPoint","urlTemplate":"https:\/\/www.enriquerequena.com\/fr\/?s={search_term_string}"},"query-input":{"@type":"PropertyValueSpecification","valueRequired":true,"valueName":"search_term_string"}}],"inLanguage":"fr-FR"},{"@type":"Organization","@id":"https:\/\/www.enriquerequena.com\/fr\/#organization","name":"Enrique Requena S.L.","url":"https:\/\/www.enriquerequena.com\/fr\/","logo":{"@type":"ImageObject","inLanguage":"fr-FR","@id":"https:\/\/www.enriquerequena.com\/fr\/#\/schema\/logo\/image\/","url":"https:\/\/www.enriquerequena.com\/wp-content\/uploads\/2019\/11\/enrique-requena-recambios-logotipo.jpg","contentUrl":"https:\/\/www.enriquerequena.com\/wp-content\/uploads\/2019\/11\/enrique-requena-recambios-logotipo.jpg","width":381,"height":75,"caption":"Enrique Requena S.L."},"image":{"@id":"https:\/\/www.enriquerequena.com\/fr\/#\/schema\/logo\/image\/"}}]}},"_links":{"self":[{"href":"https:\/\/www.enriquerequena.com\/fr\/wp-json\/wp\/v2\/product\/29663","targetHints":{"allow":["GET"]}}],"collection":[{"href":"https:\/\/www.enriquerequena.com\/fr\/wp-json\/wp\/v2\/product"}],"about":[{"href":"https:\/\/www.enriquerequena.com\/fr\/wp-json\/wp\/v2\/types\/product"}],"wp:featuredmedia":[{"embeddable":true,"href":"https:\/\/www.enriquerequena.com\/fr\/wp-json\/wp\/v2\/media\/29666"}],"wp:attachment":[{"href":"https:\/\/www.enriquerequena.com\/fr\/wp-json\/wp\/v2\/media?parent=29663"}],"wp:term":[{"taxonomy":"product_brand","embeddable":true,"href":"https:\/\/www.enriquerequena.com\/fr\/wp-json\/wp\/v2\/product_brand?post=29663"},{"taxonomy":"product_cat","embeddable":true,"href":"https:\/\/www.enriquerequena.com\/fr\/wp-json\/wp\/v2\/product_cat?post=29663"},{"taxonomy":"product_tag","embeddable":true,"href":"https:\/\/www.enriquerequena.com\/fr\/wp-json\/wp\/v2\/product_tag?post=29663"}],"curies":[{"name":"wp","href":"https:\/\/api.w.org\/{rel}","templated":true}]}}