{"id":29758,"date":"2024-06-11T13:56:47","date_gmt":"2024-06-11T11:56:47","guid":{"rendered":"https:\/\/www.enriquerequena.com\/?post_type=product&#038;p=29758"},"modified":"2024-10-02T21:00:08","modified_gmt":"2024-10-02T19:00:08","slug":"arbre-de-transmission-volvo-xc60-s80-31256001-p31256001","status":"publish","type":"product","link":"https:\/\/www.enriquerequena.com\/fr\/tienda-online\/arbre-transmission-cardan\/arbre-transmission-cardan-4x4\/arbre-de-transmission-volvo-xc60-s80-31256001-p31256001\/","title":{"rendered":"Arbre de transmission Volvo XC60 et S80 &#8211; 31256001 \/ P31256001"},"content":{"rendered":"<p><strong>Arbre de transmission pour Volvo XC60 et S80 <\/strong>avec r\u00e9f\u00e9rences 31256001 et P31256001 est une pi\u00e8ce de Volvo <strong>neuve <\/strong>avec une garantie d\u2019un an.\u00a0C\u2019est le choix le plus \u00e9conomique.<\/p>\n<p>Nous vendons des pi\u00e8ces d\u00e9tach\u00e9es ou pi\u00e8ces de rechange \u00e0 Valence depuis 1950 et nous vendons aussi en ligne dans le monde entier.<\/p>\n<p>Chez Enrique Requena, nous proposons des arbres de transmission de haute qualit\u00e9 pour Volvo XC60 et Volvo S80. Ces arbres de transmission sont sp\u00e9cifiquement con\u00e7us pour r\u00e9pondre aux besoins de votre v\u00e9hicule, offrant des performances optimales et une durabilit\u00e9. Avec plus de 70 ans d&rsquo;exp\u00e9rience dans la fourniture de pi\u00e8ces d\u00e9tach\u00e9es automobiles, vous pouvez faire confiance \u00e0 la qualit\u00e9 et \u00e0 la fiabilit\u00e9 de nos arbres de transmission. Toutes nos pi\u00e8ces sont neuves et sont garanties un an pour votre tranquillit\u00e9 d&rsquo;esprit. Contactez-nous d\u00e8s aujourd&rsquo;hui pour plus d&rsquo;informations et trouvez l&rsquo;arbre de transmission parfait pour votre Volvo.<\/p>\n<p>Caract\u00e9ristiques techniques Arbre transmission Volvo XC60 et S80 31256001:<\/p>\n<ul>\n<li>Pi\u00e8ce de rechange: Arbre de transmission<\/li>\n<li>Mod\u00e8le:\n<ul>\n<li>Volvo XC60<\/li>\n<li>Volvo S80<\/li>\n<\/ul>\n<\/li>\n<li>Etat: <strong>pi\u00e8ce neuve\u00a0<\/strong><\/li>\n<li>Longueur coque: 2.\u202f150 mm<\/li>\n<li><strong>R\u00e9f\u00e9rences<\/strong>:\n<ul>\n<li>31256001<\/li>\n<li>P31256001<\/li>\n<\/ul>\n<\/li>\n<\/ul>\n<p>Enrique Requena est un leader sur le march\u00e9 des pi\u00e8ces d\u00e9tach\u00e9es automobiles en Espagne, avec une r\u00e9putation d&rsquo;excellence soutenue par des d\u00e9cennies d&rsquo;exp\u00e9rience. Notre engagement envers la qualit\u00e9, le service client et des prix comp\u00e9titifs nous distingue comme la destination pr\u00e9f\u00e9r\u00e9e des propri\u00e9taires de v\u00e9hicules \u00e0 la recherche de solutions fiables. Faites confiance \u00e0 Enrique Requena pour tous vos besoins en pi\u00e8ces d\u00e9tach\u00e9es automobiles et d\u00e9couvrez la diff\u00e9rence que l&rsquo;exp\u00e9rience et l&rsquo;engagement peuvent apporter lors de votre prochain achat<\/p>\n","protected":false},"excerpt":{"rendered":"<p><strong>Arbre de transmission pour Volvo XC60 et S80 <\/strong>avec r\u00e9f\u00e9rences <strong>31256001 et P31256001.<\/strong> Est une pi\u00e8ce de Volvo neuve avec une garantie d\u2019un an.<\/p>\n","protected":false},"featured_media":29761,"template":"","meta":[],"product_brand":[],"product_cat":[144,156],"product_tag":[],"class_list":{"0":"post-29758","1":"product","2":"type-product","3":"status-publish","4":"has-post-thumbnail","6":"product_cat-arbre-transmission-cardan","7":"product_cat-arbre-transmission-cardan-4x4","8":"pa_manufacturer-volvo","9":"pa_tipo-auto","11":"first","12":"instock","13":"taxable","14":"shipping-taxable","15":"purchasable","16":"product-type-simple"},"yoast_head":"<!-- This site is optimized with the Yoast SEO plugin v27.5 - https:\/\/yoast.com\/product\/yoast-seo-wordpress\/ -->\n<title>Arbre transmission Volvo XC60 S80 31256001 P31256001<\/title>\n<meta name=\"description\" content=\"Arbre de transmission pour Volvo XC60 et S80 avec r\u00e9f\u00e9rences 31256001 et P31256001. Est une pi\u00e8ce de Volvo neuve avec une garantie d\u2019un an.\" \/>\n<meta name=\"robots\" content=\"index, follow, max-snippet:-1, max-image-preview:large, max-video-preview:-1\" \/>\n<link rel=\"canonical\" href=\"https:\/\/www.enriquerequena.com\/fr\/tienda-online\/arbre-transmission-cardan\/arbre-transmission-cardan-4x4\/arbre-de-transmission-volvo-xc60-s80-31256001-p31256001\/\" \/>\n<meta property=\"og:locale\" content=\"fr_FR\" \/>\n<meta property=\"og:type\" content=\"article\" \/>\n<meta property=\"og:title\" content=\"Arbre transmission Volvo XC60 S80 31256001 P31256001\" \/>\n<meta property=\"og:description\" content=\"Arbre de transmission pour Volvo XC60 et S80 avec r\u00e9f\u00e9rences 31256001 et P31256001. Est une pi\u00e8ce de Volvo neuve avec une garantie d\u2019un an.\" \/>\n<meta property=\"og:url\" content=\"https:\/\/www.enriquerequena.com\/fr\/tienda-online\/arbre-transmission-cardan\/arbre-transmission-cardan-4x4\/arbre-de-transmission-volvo-xc60-s80-31256001-p31256001\/\" \/>\n<meta property=\"og:site_name\" content=\"ENRIQUE REQUENA\" \/>\n<meta property=\"article:modified_time\" content=\"2024-10-02T19:00:08+00:00\" \/>\n<meta property=\"og:image\" content=\"https:\/\/www.enriquerequena.com\/wp-content\/uploads\/2024\/06\/transmision-cardan-volvo-xc60-s80-31256001-P31256001.jpg\" \/>\n\t<meta property=\"og:image:width\" content=\"800\" \/>\n\t<meta property=\"og:image:height\" content=\"800\" \/>\n\t<meta property=\"og:image:type\" content=\"image\/jpeg\" \/>\n<meta name=\"twitter:card\" content=\"summary_large_image\" \/>\n<meta name=\"twitter:label1\" content=\"Dur\u00e9e de lecture estim\u00e9e\" \/>\n\t<meta name=\"twitter:data1\" content=\"2 minutes\" \/>\n<script type=\"application\/ld+json\" class=\"yoast-schema-graph\">{\"@context\":\"https:\\\/\\\/schema.org\",\"@graph\":[{\"@type\":\"WebPage\",\"@id\":\"https:\\\/\\\/www.enriquerequena.com\\\/fr\\\/tienda-online\\\/arbre-transmission-cardan\\\/arbre-transmission-cardan-4x4\\\/arbre-de-transmission-volvo-xc60-s80-31256001-p31256001\\\/\",\"url\":\"https:\\\/\\\/www.enriquerequena.com\\\/fr\\\/tienda-online\\\/arbre-transmission-cardan\\\/arbre-transmission-cardan-4x4\\\/arbre-de-transmission-volvo-xc60-s80-31256001-p31256001\\\/\",\"name\":\"Arbre transmission Volvo XC60 S80 31256001 P31256001\",\"isPartOf\":{\"@id\":\"https:\\\/\\\/www.enriquerequena.com\\\/fr\\\/#website\"},\"primaryImageOfPage\":{\"@id\":\"https:\\\/\\\/www.enriquerequena.com\\\/fr\\\/tienda-online\\\/arbre-transmission-cardan\\\/arbre-transmission-cardan-4x4\\\/arbre-de-transmission-volvo-xc60-s80-31256001-p31256001\\\/#primaryimage\"},\"image\":{\"@id\":\"https:\\\/\\\/www.enriquerequena.com\\\/fr\\\/tienda-online\\\/arbre-transmission-cardan\\\/arbre-transmission-cardan-4x4\\\/arbre-de-transmission-volvo-xc60-s80-31256001-p31256001\\\/#primaryimage\"},\"thumbnailUrl\":\"https:\\\/\\\/www.enriquerequena.com\\\/wp-content\\\/uploads\\\/2024\\\/06\\\/transmision-cardan-volvo-xc60-s80-31256001-P31256001.jpg\",\"datePublished\":\"2024-06-11T11:56:47+00:00\",\"dateModified\":\"2024-10-02T19:00:08+00:00\",\"description\":\"Arbre de transmission pour Volvo XC60 et S80 avec r\u00e9f\u00e9rences 31256001 et P31256001. Est une pi\u00e8ce de Volvo neuve avec une garantie d\u2019un an.\",\"breadcrumb\":{\"@id\":\"https:\\\/\\\/www.enriquerequena.com\\\/fr\\\/tienda-online\\\/arbre-transmission-cardan\\\/arbre-transmission-cardan-4x4\\\/arbre-de-transmission-volvo-xc60-s80-31256001-p31256001\\\/#breadcrumb\"},\"inLanguage\":\"fr-FR\",\"potentialAction\":[{\"@type\":\"ReadAction\",\"target\":[\"https:\\\/\\\/www.enriquerequena.com\\\/fr\\\/tienda-online\\\/arbre-transmission-cardan\\\/arbre-transmission-cardan-4x4\\\/arbre-de-transmission-volvo-xc60-s80-31256001-p31256001\\\/\"]}]},{\"@type\":\"ImageObject\",\"inLanguage\":\"fr-FR\",\"@id\":\"https:\\\/\\\/www.enriquerequena.com\\\/fr\\\/tienda-online\\\/arbre-transmission-cardan\\\/arbre-transmission-cardan-4x4\\\/arbre-de-transmission-volvo-xc60-s80-31256001-p31256001\\\/#primaryimage\",\"url\":\"https:\\\/\\\/www.enriquerequena.com\\\/wp-content\\\/uploads\\\/2024\\\/06\\\/transmision-cardan-volvo-xc60-s80-31256001-P31256001.jpg\",\"contentUrl\":\"https:\\\/\\\/www.enriquerequena.com\\\/wp-content\\\/uploads\\\/2024\\\/06\\\/transmision-cardan-volvo-xc60-s80-31256001-P31256001.jpg\",\"width\":800,\"height\":800,\"caption\":\"Arbre transmission Volvo XC60 S80 31256001\"},{\"@type\":\"WebSite\",\"@id\":\"https:\\\/\\\/www.enriquerequena.com\\\/fr\\\/#website\",\"url\":\"https:\\\/\\\/www.enriquerequena.com\\\/fr\\\/\",\"name\":\"ENRIQUE REQUENA\",\"description\":\"Sp\u00e9cialistes des transmissions cardan avec des exp\u00e9ditions dans le monde entier et des pi\u00e8ces d\u00e9tach\u00e9es pour voitures, camions et accessoires \u00e0 Valence, en Espagne. Avec vous depuis 1950!\",\"publisher\":{\"@id\":\"https:\\\/\\\/www.enriquerequena.com\\\/fr\\\/#organization\"},\"potentialAction\":[{\"@type\":\"SearchAction\",\"target\":{\"@type\":\"EntryPoint\",\"urlTemplate\":\"https:\\\/\\\/www.enriquerequena.com\\\/fr\\\/?s={search_term_string}\"},\"query-input\":{\"@type\":\"PropertyValueSpecification\",\"valueRequired\":true,\"valueName\":\"search_term_string\"}}],\"inLanguage\":\"fr-FR\"},{\"@type\":\"Organization\",\"@id\":\"https:\\\/\\\/www.enriquerequena.com\\\/fr\\\/#organization\",\"name\":\"Enrique Requena S.L.\",\"url\":\"https:\\\/\\\/www.enriquerequena.com\\\/fr\\\/\",\"logo\":{\"@type\":\"ImageObject\",\"inLanguage\":\"fr-FR\",\"@id\":\"https:\\\/\\\/www.enriquerequena.com\\\/fr\\\/#\\\/schema\\\/logo\\\/image\\\/\",\"url\":\"https:\\\/\\\/www.enriquerequena.com\\\/wp-content\\\/uploads\\\/2019\\\/11\\\/enrique-requena-recambios-logotipo.jpg\",\"contentUrl\":\"https:\\\/\\\/www.enriquerequena.com\\\/wp-content\\\/uploads\\\/2019\\\/11\\\/enrique-requena-recambios-logotipo.jpg\",\"width\":381,\"height\":75,\"caption\":\"Enrique Requena S.L.\"},\"image\":{\"@id\":\"https:\\\/\\\/www.enriquerequena.com\\\/fr\\\/#\\\/schema\\\/logo\\\/image\\\/\"}}]}<\/script>\n<!-- \/ Yoast SEO plugin. -->","yoast_head_json":{"title":"Arbre transmission Volvo XC60 S80 31256001 P31256001","description":"Arbre de transmission pour Volvo XC60 et S80 avec r\u00e9f\u00e9rences 31256001 et P31256001. Est une pi\u00e8ce de Volvo neuve avec une garantie d\u2019un an.","robots":{"index":"index","follow":"follow","max-snippet":"max-snippet:-1","max-image-preview":"max-image-preview:large","max-video-preview":"max-video-preview:-1"},"canonical":"https:\/\/www.enriquerequena.com\/fr\/tienda-online\/arbre-transmission-cardan\/arbre-transmission-cardan-4x4\/arbre-de-transmission-volvo-xc60-s80-31256001-p31256001\/","og_locale":"fr_FR","og_type":"article","og_title":"Arbre transmission Volvo XC60 S80 31256001 P31256001","og_description":"Arbre de transmission pour Volvo XC60 et S80 avec r\u00e9f\u00e9rences 31256001 et P31256001. Est une pi\u00e8ce de Volvo neuve avec une garantie d\u2019un an.","og_url":"https:\/\/www.enriquerequena.com\/fr\/tienda-online\/arbre-transmission-cardan\/arbre-transmission-cardan-4x4\/arbre-de-transmission-volvo-xc60-s80-31256001-p31256001\/","og_site_name":"ENRIQUE REQUENA","article_modified_time":"2024-10-02T19:00:08+00:00","og_image":[{"width":800,"height":800,"url":"https:\/\/www.enriquerequena.com\/wp-content\/uploads\/2024\/06\/transmision-cardan-volvo-xc60-s80-31256001-P31256001.jpg","type":"image\/jpeg"}],"twitter_card":"summary_large_image","twitter_misc":{"Dur\u00e9e de lecture estim\u00e9e":"2 minutes"},"schema":{"@context":"https:\/\/schema.org","@graph":[{"@type":"WebPage","@id":"https:\/\/www.enriquerequena.com\/fr\/tienda-online\/arbre-transmission-cardan\/arbre-transmission-cardan-4x4\/arbre-de-transmission-volvo-xc60-s80-31256001-p31256001\/","url":"https:\/\/www.enriquerequena.com\/fr\/tienda-online\/arbre-transmission-cardan\/arbre-transmission-cardan-4x4\/arbre-de-transmission-volvo-xc60-s80-31256001-p31256001\/","name":"Arbre transmission Volvo XC60 S80 31256001 P31256001","isPartOf":{"@id":"https:\/\/www.enriquerequena.com\/fr\/#website"},"primaryImageOfPage":{"@id":"https:\/\/www.enriquerequena.com\/fr\/tienda-online\/arbre-transmission-cardan\/arbre-transmission-cardan-4x4\/arbre-de-transmission-volvo-xc60-s80-31256001-p31256001\/#primaryimage"},"image":{"@id":"https:\/\/www.enriquerequena.com\/fr\/tienda-online\/arbre-transmission-cardan\/arbre-transmission-cardan-4x4\/arbre-de-transmission-volvo-xc60-s80-31256001-p31256001\/#primaryimage"},"thumbnailUrl":"https:\/\/www.enriquerequena.com\/wp-content\/uploads\/2024\/06\/transmision-cardan-volvo-xc60-s80-31256001-P31256001.jpg","datePublished":"2024-06-11T11:56:47+00:00","dateModified":"2024-10-02T19:00:08+00:00","description":"Arbre de transmission pour Volvo XC60 et S80 avec r\u00e9f\u00e9rences 31256001 et P31256001. Est une pi\u00e8ce de Volvo neuve avec une garantie d\u2019un an.","breadcrumb":{"@id":"https:\/\/www.enriquerequena.com\/fr\/tienda-online\/arbre-transmission-cardan\/arbre-transmission-cardan-4x4\/arbre-de-transmission-volvo-xc60-s80-31256001-p31256001\/#breadcrumb"},"inLanguage":"fr-FR","potentialAction":[{"@type":"ReadAction","target":["https:\/\/www.enriquerequena.com\/fr\/tienda-online\/arbre-transmission-cardan\/arbre-transmission-cardan-4x4\/arbre-de-transmission-volvo-xc60-s80-31256001-p31256001\/"]}]},{"@type":"ImageObject","inLanguage":"fr-FR","@id":"https:\/\/www.enriquerequena.com\/fr\/tienda-online\/arbre-transmission-cardan\/arbre-transmission-cardan-4x4\/arbre-de-transmission-volvo-xc60-s80-31256001-p31256001\/#primaryimage","url":"https:\/\/www.enriquerequena.com\/wp-content\/uploads\/2024\/06\/transmision-cardan-volvo-xc60-s80-31256001-P31256001.jpg","contentUrl":"https:\/\/www.enriquerequena.com\/wp-content\/uploads\/2024\/06\/transmision-cardan-volvo-xc60-s80-31256001-P31256001.jpg","width":800,"height":800,"caption":"Arbre transmission Volvo XC60 S80 31256001"},{"@type":"WebSite","@id":"https:\/\/www.enriquerequena.com\/fr\/#website","url":"https:\/\/www.enriquerequena.com\/fr\/","name":"ENRIQUE REQUENA","description":"Sp\u00e9cialistes des transmissions cardan avec des exp\u00e9ditions dans le monde entier et des pi\u00e8ces d\u00e9tach\u00e9es pour voitures, camions et accessoires \u00e0 Valence, en Espagne. Avec vous depuis 1950!","publisher":{"@id":"https:\/\/www.enriquerequena.com\/fr\/#organization"},"potentialAction":[{"@type":"SearchAction","target":{"@type":"EntryPoint","urlTemplate":"https:\/\/www.enriquerequena.com\/fr\/?s={search_term_string}"},"query-input":{"@type":"PropertyValueSpecification","valueRequired":true,"valueName":"search_term_string"}}],"inLanguage":"fr-FR"},{"@type":"Organization","@id":"https:\/\/www.enriquerequena.com\/fr\/#organization","name":"Enrique Requena S.L.","url":"https:\/\/www.enriquerequena.com\/fr\/","logo":{"@type":"ImageObject","inLanguage":"fr-FR","@id":"https:\/\/www.enriquerequena.com\/fr\/#\/schema\/logo\/image\/","url":"https:\/\/www.enriquerequena.com\/wp-content\/uploads\/2019\/11\/enrique-requena-recambios-logotipo.jpg","contentUrl":"https:\/\/www.enriquerequena.com\/wp-content\/uploads\/2019\/11\/enrique-requena-recambios-logotipo.jpg","width":381,"height":75,"caption":"Enrique Requena S.L."},"image":{"@id":"https:\/\/www.enriquerequena.com\/fr\/#\/schema\/logo\/image\/"}}]}},"_links":{"self":[{"href":"https:\/\/www.enriquerequena.com\/fr\/wp-json\/wp\/v2\/product\/29758","targetHints":{"allow":["GET"]}}],"collection":[{"href":"https:\/\/www.enriquerequena.com\/fr\/wp-json\/wp\/v2\/product"}],"about":[{"href":"https:\/\/www.enriquerequena.com\/fr\/wp-json\/wp\/v2\/types\/product"}],"wp:featuredmedia":[{"embeddable":true,"href":"https:\/\/www.enriquerequena.com\/fr\/wp-json\/wp\/v2\/media\/29761"}],"wp:attachment":[{"href":"https:\/\/www.enriquerequena.com\/fr\/wp-json\/wp\/v2\/media?parent=29758"}],"wp:term":[{"taxonomy":"product_brand","embeddable":true,"href":"https:\/\/www.enriquerequena.com\/fr\/wp-json\/wp\/v2\/product_brand?post=29758"},{"taxonomy":"product_cat","embeddable":true,"href":"https:\/\/www.enriquerequena.com\/fr\/wp-json\/wp\/v2\/product_cat?post=29758"},{"taxonomy":"product_tag","embeddable":true,"href":"https:\/\/www.enriquerequena.com\/fr\/wp-json\/wp\/v2\/product_tag?post=29758"}],"curies":[{"name":"wp","href":"https:\/\/api.w.org\/{rel}","templated":true}]}}