{"id":2976,"date":"2016-03-04T08:54:38","date_gmt":"2016-03-04T08:54:38","guid":{"rendered":"https:\/\/www.enriquerequena.com\/?post_type=product&#038;p=2976"},"modified":"2023-02-07T17:18:26","modified_gmt":"2023-02-07T16:18:26","slug":"alternateur-voiture-0986048801","status":"publish","type":"product","link":"https:\/\/www.enriquerequena.com\/fr\/tienda-online\/pieces-rechange-voiture\/alternateur\/alternateur-voiture-0986048801\/","title":{"rendered":"Alternateur de Voiture 0986048801"},"content":{"rendered":"<p><span style=\"color: #3366ff;\">Nous avons des alternateurs de voiture pour toutes les marques de v\u00e9hicules. Ces alternateurs sont neufs et b\u00e9n\u00e9ficient d&rsquo;une garantie de deux ans de la marque Fyreco.<\/span><\/p>\n<p><strong><span style=\"color: #3366ff;\">Offre dans les alternateurs de voiture:<\/span><\/strong><\/p>\n<p><span style=\"color: #3366ff;\">&#8211; R\u00e9f\u00e9rence BOSCH : 0986048801<\/span><\/p>\n<p><span style=\"color: #3366ff;\">&#8211; Mod\u00e8le: ALFA ROMEO 159, FIAT GRANDE PUNTO, OPEL ASTRA H, OPEL VECTRA C, OPEL ZAFIRA B.<\/span><\/p>\n","protected":false},"excerpt":{"rendered":"<p>Alternateur de Voiture 0986048801 en ligne.<\/p>\n","protected":false},"featured_media":2977,"template":"","meta":[],"product_brand":[],"product_cat":[192,135],"product_tag":[],"class_list":{"0":"post-2976","1":"product","2":"type-product","3":"status-publish","4":"has-post-thumbnail","6":"product_cat-alternateur","7":"product_cat-pieces-rechange-voiture","8":"pa_tipo-auto","10":"first","11":"instock","12":"taxable","13":"shipping-taxable","14":"purchasable","15":"product-type-simple"},"yoast_head":"<!-- This site is optimized with the Yoast SEO plugin v27.5 - https:\/\/yoast.com\/product\/yoast-seo-wordpress\/ -->\n<title>Alternateur de Voiture 0986048801 - Acheter en Ligne - Enrique Requena<\/title>\n<meta name=\"description\" content=\"Vous pouvez acheter le Alternateur de voiture avec le r\u00e9f\u00e9rence 0986048801 neuf pour Alfa Romeo 159, Fiat Grande Punte et OPEL Astra, Vectra et Zafira.&#013;&#010; &#013;&#010;&#013;&#010;- OFERTA ALTERNADORES DE COCHE:&#013;&#010;&#013;&#010;- REF BOSCH : 0986048801&#013;&#010;&#013;&#010;- MODELOS : ALFA ROMEO 159, FIAT GRANDE PUNTO, OPEL ASTRA H, OPEL VECTRA C, OPEL ZAFIRA B\" \/>\n<meta name=\"robots\" content=\"index, follow, max-snippet:-1, max-image-preview:large, max-video-preview:-1\" \/>\n<link rel=\"canonical\" href=\"https:\/\/www.enriquerequena.com\/fr\/tienda-online\/pieces-rechange-voiture\/alternateur\/alternateur-voiture-0986048801\/\" \/>\n<meta property=\"og:locale\" content=\"fr_FR\" \/>\n<meta property=\"og:type\" content=\"article\" \/>\n<meta property=\"og:title\" content=\"Alternateur de Voiture 0986048801 - Acheter en Ligne - Enrique Requena\" \/>\n<meta property=\"og:description\" content=\"Vous pouvez acheter le Alternateur de voiture avec le r\u00e9f\u00e9rence 0986048801 neuf pour Alfa Romeo 159, Fiat Grande Punte et OPEL Astra, Vectra et Zafira.&#013;&#010; &#013;&#010;&#013;&#010;- OFERTA ALTERNADORES DE COCHE:&#013;&#010;&#013;&#010;- REF BOSCH : 0986048801&#013;&#010;&#013;&#010;- MODELOS : ALFA ROMEO 159, FIAT GRANDE PUNTO, OPEL ASTRA H, OPEL VECTRA C, OPEL ZAFIRA B\" \/>\n<meta property=\"og:url\" content=\"https:\/\/www.enriquerequena.com\/fr\/tienda-online\/pieces-rechange-voiture\/alternateur\/alternateur-voiture-0986048801\/\" \/>\n<meta property=\"og:site_name\" content=\"ENRIQUE REQUENA\" \/>\n<meta property=\"article:modified_time\" content=\"2023-02-07T16:18:26+00:00\" \/>\n<meta property=\"og:image\" content=\"https:\/\/www.enriquerequena.com\/wp-content\/uploads\/2019\/10\/products-09860446514-ALTERNADOR-ALTERNATEUR-ALTERNATOR5-2.jpg\" \/>\n\t<meta property=\"og:image:width\" content=\"800\" \/>\n\t<meta property=\"og:image:height\" content=\"800\" \/>\n\t<meta property=\"og:image:type\" content=\"image\/jpeg\" \/>\n<meta name=\"twitter:card\" content=\"summary_large_image\" \/>\n<script type=\"application\/ld+json\" class=\"yoast-schema-graph\">{\"@context\":\"https:\\\/\\\/schema.org\",\"@graph\":[{\"@type\":\"WebPage\",\"@id\":\"https:\\\/\\\/www.enriquerequena.com\\\/fr\\\/tienda-online\\\/pieces-rechange-voiture\\\/alternateur\\\/alternateur-voiture-0986048801\\\/\",\"url\":\"https:\\\/\\\/www.enriquerequena.com\\\/fr\\\/tienda-online\\\/pieces-rechange-voiture\\\/alternateur\\\/alternateur-voiture-0986048801\\\/\",\"name\":\"Alternateur de Voiture 0986048801 - Acheter en Ligne - Enrique Requena\",\"isPartOf\":{\"@id\":\"https:\\\/\\\/www.enriquerequena.com\\\/fr\\\/#website\"},\"primaryImageOfPage\":{\"@id\":\"https:\\\/\\\/www.enriquerequena.com\\\/fr\\\/tienda-online\\\/pieces-rechange-voiture\\\/alternateur\\\/alternateur-voiture-0986048801\\\/#primaryimage\"},\"image\":{\"@id\":\"https:\\\/\\\/www.enriquerequena.com\\\/fr\\\/tienda-online\\\/pieces-rechange-voiture\\\/alternateur\\\/alternateur-voiture-0986048801\\\/#primaryimage\"},\"thumbnailUrl\":\"https:\\\/\\\/www.enriquerequena.com\\\/wp-content\\\/uploads\\\/2019\\\/10\\\/products-09860446514-ALTERNADOR-ALTERNATEUR-ALTERNATOR5-2.jpg\",\"datePublished\":\"2016-03-04T08:54:38+00:00\",\"dateModified\":\"2023-02-07T16:18:26+00:00\",\"description\":\"Vous pouvez acheter le Alternateur de voiture avec le r\u00e9f\u00e9rence 0986048801 neuf pour Alfa Romeo 159, Fiat Grande Punte et OPEL Astra, Vectra et Zafira.&#13;&#10; &#13;&#10;&#13;&#10;- OFERTA ALTERNADORES DE COCHE:&#13;&#10;&#13;&#10;- REF BOSCH : 0986048801&#13;&#10;&#13;&#10;- MODELOS : ALFA ROMEO 159, FIAT GRANDE PUNTO, OPEL ASTRA H, OPEL VECTRA C, OPEL ZAFIRA B\",\"breadcrumb\":{\"@id\":\"https:\\\/\\\/www.enriquerequena.com\\\/fr\\\/tienda-online\\\/pieces-rechange-voiture\\\/alternateur\\\/alternateur-voiture-0986048801\\\/#breadcrumb\"},\"inLanguage\":\"fr-FR\",\"potentialAction\":[{\"@type\":\"ReadAction\",\"target\":[\"https:\\\/\\\/www.enriquerequena.com\\\/fr\\\/tienda-online\\\/pieces-rechange-voiture\\\/alternateur\\\/alternateur-voiture-0986048801\\\/\"]}]},{\"@type\":\"ImageObject\",\"inLanguage\":\"fr-FR\",\"@id\":\"https:\\\/\\\/www.enriquerequena.com\\\/fr\\\/tienda-online\\\/pieces-rechange-voiture\\\/alternateur\\\/alternateur-voiture-0986048801\\\/#primaryimage\",\"url\":\"https:\\\/\\\/www.enriquerequena.com\\\/wp-content\\\/uploads\\\/2019\\\/10\\\/products-09860446514-ALTERNADOR-ALTERNATEUR-ALTERNATOR5-2.jpg\",\"contentUrl\":\"https:\\\/\\\/www.enriquerequena.com\\\/wp-content\\\/uploads\\\/2019\\\/10\\\/products-09860446514-ALTERNADOR-ALTERNATEUR-ALTERNATOR5-2.jpg\",\"width\":800,\"height\":800,\"caption\":\"0986048801, ALTERNADOR, ALTERNATEUR, ALTERNATOR\"},{\"@type\":\"WebSite\",\"@id\":\"https:\\\/\\\/www.enriquerequena.com\\\/fr\\\/#website\",\"url\":\"https:\\\/\\\/www.enriquerequena.com\\\/fr\\\/\",\"name\":\"ENRIQUE REQUENA\",\"description\":\"Sp\u00e9cialistes des transmissions cardan avec des exp\u00e9ditions dans le monde entier et des pi\u00e8ces d\u00e9tach\u00e9es pour voitures, camions et accessoires \u00e0 Valence, en Espagne. Avec vous depuis 1950!\",\"publisher\":{\"@id\":\"https:\\\/\\\/www.enriquerequena.com\\\/fr\\\/#organization\"},\"potentialAction\":[{\"@type\":\"SearchAction\",\"target\":{\"@type\":\"EntryPoint\",\"urlTemplate\":\"https:\\\/\\\/www.enriquerequena.com\\\/fr\\\/?s={search_term_string}\"},\"query-input\":{\"@type\":\"PropertyValueSpecification\",\"valueRequired\":true,\"valueName\":\"search_term_string\"}}],\"inLanguage\":\"fr-FR\"},{\"@type\":\"Organization\",\"@id\":\"https:\\\/\\\/www.enriquerequena.com\\\/fr\\\/#organization\",\"name\":\"Enrique Requena S.L.\",\"url\":\"https:\\\/\\\/www.enriquerequena.com\\\/fr\\\/\",\"logo\":{\"@type\":\"ImageObject\",\"inLanguage\":\"fr-FR\",\"@id\":\"https:\\\/\\\/www.enriquerequena.com\\\/fr\\\/#\\\/schema\\\/logo\\\/image\\\/\",\"url\":\"https:\\\/\\\/www.enriquerequena.com\\\/wp-content\\\/uploads\\\/2019\\\/11\\\/enrique-requena-recambios-logotipo.jpg\",\"contentUrl\":\"https:\\\/\\\/www.enriquerequena.com\\\/wp-content\\\/uploads\\\/2019\\\/11\\\/enrique-requena-recambios-logotipo.jpg\",\"width\":381,\"height\":75,\"caption\":\"Enrique Requena S.L.\"},\"image\":{\"@id\":\"https:\\\/\\\/www.enriquerequena.com\\\/fr\\\/#\\\/schema\\\/logo\\\/image\\\/\"}}]}<\/script>\n<!-- \/ Yoast SEO plugin. -->","yoast_head_json":{"title":"Alternateur de Voiture 0986048801 - Acheter en Ligne - Enrique Requena","description":"Vous pouvez acheter le Alternateur de voiture avec le r\u00e9f\u00e9rence 0986048801 neuf pour Alfa Romeo 159, Fiat Grande Punte et OPEL Astra, Vectra et Zafira.&#13;&#10; &#13;&#10;&#13;&#10;- OFERTA ALTERNADORES DE COCHE:&#13;&#10;&#13;&#10;- REF BOSCH : 0986048801&#13;&#10;&#13;&#10;- MODELOS : ALFA ROMEO 159, FIAT GRANDE PUNTO, OPEL ASTRA H, OPEL VECTRA C, OPEL ZAFIRA B","robots":{"index":"index","follow":"follow","max-snippet":"max-snippet:-1","max-image-preview":"max-image-preview:large","max-video-preview":"max-video-preview:-1"},"canonical":"https:\/\/www.enriquerequena.com\/fr\/tienda-online\/pieces-rechange-voiture\/alternateur\/alternateur-voiture-0986048801\/","og_locale":"fr_FR","og_type":"article","og_title":"Alternateur de Voiture 0986048801 - Acheter en Ligne - Enrique Requena","og_description":"Vous pouvez acheter le Alternateur de voiture avec le r\u00e9f\u00e9rence 0986048801 neuf pour Alfa Romeo 159, Fiat Grande Punte et OPEL Astra, Vectra et Zafira.&#13;&#10; &#13;&#10;&#13;&#10;- OFERTA ALTERNADORES DE COCHE:&#13;&#10;&#13;&#10;- REF BOSCH : 0986048801&#13;&#10;&#13;&#10;- MODELOS : ALFA ROMEO 159, FIAT GRANDE PUNTO, OPEL ASTRA H, OPEL VECTRA C, OPEL ZAFIRA B","og_url":"https:\/\/www.enriquerequena.com\/fr\/tienda-online\/pieces-rechange-voiture\/alternateur\/alternateur-voiture-0986048801\/","og_site_name":"ENRIQUE REQUENA","article_modified_time":"2023-02-07T16:18:26+00:00","og_image":[{"width":800,"height":800,"url":"https:\/\/www.enriquerequena.com\/wp-content\/uploads\/2019\/10\/products-09860446514-ALTERNADOR-ALTERNATEUR-ALTERNATOR5-2.jpg","type":"image\/jpeg"}],"twitter_card":"summary_large_image","schema":{"@context":"https:\/\/schema.org","@graph":[{"@type":"WebPage","@id":"https:\/\/www.enriquerequena.com\/fr\/tienda-online\/pieces-rechange-voiture\/alternateur\/alternateur-voiture-0986048801\/","url":"https:\/\/www.enriquerequena.com\/fr\/tienda-online\/pieces-rechange-voiture\/alternateur\/alternateur-voiture-0986048801\/","name":"Alternateur de Voiture 0986048801 - Acheter en Ligne - Enrique Requena","isPartOf":{"@id":"https:\/\/www.enriquerequena.com\/fr\/#website"},"primaryImageOfPage":{"@id":"https:\/\/www.enriquerequena.com\/fr\/tienda-online\/pieces-rechange-voiture\/alternateur\/alternateur-voiture-0986048801\/#primaryimage"},"image":{"@id":"https:\/\/www.enriquerequena.com\/fr\/tienda-online\/pieces-rechange-voiture\/alternateur\/alternateur-voiture-0986048801\/#primaryimage"},"thumbnailUrl":"https:\/\/www.enriquerequena.com\/wp-content\/uploads\/2019\/10\/products-09860446514-ALTERNADOR-ALTERNATEUR-ALTERNATOR5-2.jpg","datePublished":"2016-03-04T08:54:38+00:00","dateModified":"2023-02-07T16:18:26+00:00","description":"Vous pouvez acheter le Alternateur de voiture avec le r\u00e9f\u00e9rence 0986048801 neuf pour Alfa Romeo 159, Fiat Grande Punte et OPEL Astra, Vectra et Zafira.&#13;&#10; &#13;&#10;&#13;&#10;- OFERTA ALTERNADORES DE COCHE:&#13;&#10;&#13;&#10;- REF BOSCH : 0986048801&#13;&#10;&#13;&#10;- MODELOS : ALFA ROMEO 159, FIAT GRANDE PUNTO, OPEL ASTRA H, OPEL VECTRA C, OPEL ZAFIRA B","breadcrumb":{"@id":"https:\/\/www.enriquerequena.com\/fr\/tienda-online\/pieces-rechange-voiture\/alternateur\/alternateur-voiture-0986048801\/#breadcrumb"},"inLanguage":"fr-FR","potentialAction":[{"@type":"ReadAction","target":["https:\/\/www.enriquerequena.com\/fr\/tienda-online\/pieces-rechange-voiture\/alternateur\/alternateur-voiture-0986048801\/"]}]},{"@type":"ImageObject","inLanguage":"fr-FR","@id":"https:\/\/www.enriquerequena.com\/fr\/tienda-online\/pieces-rechange-voiture\/alternateur\/alternateur-voiture-0986048801\/#primaryimage","url":"https:\/\/www.enriquerequena.com\/wp-content\/uploads\/2019\/10\/products-09860446514-ALTERNADOR-ALTERNATEUR-ALTERNATOR5-2.jpg","contentUrl":"https:\/\/www.enriquerequena.com\/wp-content\/uploads\/2019\/10\/products-09860446514-ALTERNADOR-ALTERNATEUR-ALTERNATOR5-2.jpg","width":800,"height":800,"caption":"0986048801, ALTERNADOR, ALTERNATEUR, ALTERNATOR"},{"@type":"WebSite","@id":"https:\/\/www.enriquerequena.com\/fr\/#website","url":"https:\/\/www.enriquerequena.com\/fr\/","name":"ENRIQUE REQUENA","description":"Sp\u00e9cialistes des transmissions cardan avec des exp\u00e9ditions dans le monde entier et des pi\u00e8ces d\u00e9tach\u00e9es pour voitures, camions et accessoires \u00e0 Valence, en Espagne. Avec vous depuis 1950!","publisher":{"@id":"https:\/\/www.enriquerequena.com\/fr\/#organization"},"potentialAction":[{"@type":"SearchAction","target":{"@type":"EntryPoint","urlTemplate":"https:\/\/www.enriquerequena.com\/fr\/?s={search_term_string}"},"query-input":{"@type":"PropertyValueSpecification","valueRequired":true,"valueName":"search_term_string"}}],"inLanguage":"fr-FR"},{"@type":"Organization","@id":"https:\/\/www.enriquerequena.com\/fr\/#organization","name":"Enrique Requena S.L.","url":"https:\/\/www.enriquerequena.com\/fr\/","logo":{"@type":"ImageObject","inLanguage":"fr-FR","@id":"https:\/\/www.enriquerequena.com\/fr\/#\/schema\/logo\/image\/","url":"https:\/\/www.enriquerequena.com\/wp-content\/uploads\/2019\/11\/enrique-requena-recambios-logotipo.jpg","contentUrl":"https:\/\/www.enriquerequena.com\/wp-content\/uploads\/2019\/11\/enrique-requena-recambios-logotipo.jpg","width":381,"height":75,"caption":"Enrique Requena S.L."},"image":{"@id":"https:\/\/www.enriquerequena.com\/fr\/#\/schema\/logo\/image\/"}}]}},"_links":{"self":[{"href":"https:\/\/www.enriquerequena.com\/fr\/wp-json\/wp\/v2\/product\/2976","targetHints":{"allow":["GET"]}}],"collection":[{"href":"https:\/\/www.enriquerequena.com\/fr\/wp-json\/wp\/v2\/product"}],"about":[{"href":"https:\/\/www.enriquerequena.com\/fr\/wp-json\/wp\/v2\/types\/product"}],"wp:featuredmedia":[{"embeddable":true,"href":"https:\/\/www.enriquerequena.com\/fr\/wp-json\/wp\/v2\/media\/2977"}],"wp:attachment":[{"href":"https:\/\/www.enriquerequena.com\/fr\/wp-json\/wp\/v2\/media?parent=2976"}],"wp:term":[{"taxonomy":"product_brand","embeddable":true,"href":"https:\/\/www.enriquerequena.com\/fr\/wp-json\/wp\/v2\/product_brand?post=2976"},{"taxonomy":"product_cat","embeddable":true,"href":"https:\/\/www.enriquerequena.com\/fr\/wp-json\/wp\/v2\/product_cat?post=2976"},{"taxonomy":"product_tag","embeddable":true,"href":"https:\/\/www.enriquerequena.com\/fr\/wp-json\/wp\/v2\/product_tag?post=2976"}],"curies":[{"name":"wp","href":"https:\/\/api.w.org\/{rel}","templated":true}]}}