{"id":30107,"date":"2024-07-29T10:37:27","date_gmt":"2024-07-29T08:37:27","guid":{"rendered":"https:\/\/www.enriquerequena.com\/?post_type=product&#038;p=30107"},"modified":"2024-07-25T09:55:33","modified_gmt":"2024-07-25T07:55:33","slug":"arbre-de-transmission-ford-ranger-5238525-xm344602hd-xm344602he","status":"publish","type":"product","link":"https:\/\/www.enriquerequena.com\/fr\/tienda-online\/arbre-transmission-cardan\/arbre-transmission-cardan-4x4\/arbre-de-transmission-ford-ranger-5238525-xm344602hd-xm344602he\/","title":{"rendered":"Arbre de transmission Ford Ranger &#8211; 5238525 \/ XM344602HD \/ XM344602HE"},"content":{"rendered":"<p><strong>Arbre de transmission pour Ford Ranger <\/strong>avec r\u00e9f\u00e9rences 5238525, XM344602HD et XM344602HE\u00a0est une transmission de Ford <strong>neuve avec une garantie d\u2019un an<\/strong>. C\u2019est le choix le plus \u00e9conomique.<\/p>\n<p>Chez Enrique Requena, nous vous proposons le cardan pour Ford Ranger, avec les r\u00e9f\u00e9rences 5238525, XM344602HD et XM344602HE. Ce composant est crucial pour le transfert efficace de la puissance du moteur aux roues, garantissant des performances optimales et une conduite stable de votre v\u00e9hicule. Con\u00e7u avec des mat\u00e9riaux de haute qualit\u00e9 et de pr\u00e9cision, notre cardan assure un transfert de puissance fluide et sans probl\u00e8me, r\u00e9pondant parfaitement aux exigences des mod\u00e8les Ford Ranger.<\/p>\n<p>Notre cardan est fabriqu\u00e9 pour r\u00e9sister aux conditions exigeantes et offrir une durabilit\u00e9 et une fiabilit\u00e9 exceptionnelles. Chaque unit\u00e9 est soumise \u00e0 des tests de qualit\u00e9 rigoureux pour garantir qu&rsquo;elle respecte les normes les plus \u00e9lev\u00e9es et assure des performances fiables dans diverses situations de conduite.<\/p>\n<p>Avec plus de 70 ans d&rsquo;exp\u00e9rience dans le secteur des pi\u00e8ces d\u00e9tach\u00e9es automobiles, Enrique Requena a construit une solide r\u00e9putation gr\u00e2ce \u00e0 son engagement envers la qualit\u00e9 et le service client. Nous proposons des produits de haute qualit\u00e9 \u00e0 des prix comp\u00e9titifs, soutenus par un service exceptionnel et une attention personnalis\u00e9e.<\/p>\n<p>Faites confiance \u00e0 Enrique Requena pour tous vos besoins en pi\u00e8ces d\u00e9tach\u00e9es automobiles et d\u00e9couvrez la diff\u00e9rence que notre expertise et notre d\u00e9vouement peuvent apporter \u00e0 votre v\u00e9hicule. Passez votre commande d\u00e8s aujourd&rsquo;hui et assurez le fonctionnement optimal de votre Ford Ranger avec notre cardan des r\u00e9f\u00e9rences 5238525, XM344602HD ou XM344602HE.<\/p>\n<p>Caract\u00e9ristiques techniques Arbre de transmission pour Ford Ranger 5238525:<\/p>\n<ul>\n<li>Pi\u00e8ce de rechange: arbre de transmission<\/li>\n<li>Mod\u00e8le: Ford Ranger<\/li>\n<li>Etat: pi\u00e8ce neuve<\/li>\n<li>Garantie d\u2019un an<\/li>\n<li>Poids: 14,82 kg<\/li>\n<li>Longueur 1:\u202f572 mm<\/li>\n<li>Diam\u00e8tre ext\u00e9rieur 1: 128 mm<\/li>\n<li>Nombre de trous 1: 4<\/li>\n<li>Al\u00e9sage -\u00d81: 10 mm<\/li>\n<li>Diam\u00e8tre ext\u00e9rieur 2: 128 mm<\/li>\n<li>Nombre de trous 2: 4<\/li>\n<li>Al\u00e9sage -\u00d82: 10 mm<\/li>\n<li>R\u00e9f\u00e9rences:\n<ul>\n<li>5238525<\/li>\n<li>XM344602HD<\/li>\n<li>XM344602HE<\/li>\n<\/ul>\n<\/li>\n<\/ul>\n<p>Le cardan pour Ford Ranger, avec les r\u00e9f\u00e9rences 5238525, XM344602HD et XM344602HE, est un composant essentiel du syst\u00e8me de transmission du v\u00e9hicule. Sa fonction principale est de transf\u00e9rer la puissance g\u00e9n\u00e9r\u00e9e par le moteur aux roues, facilitant ainsi le mouvement du v\u00e9hicule. Cette pi\u00e8ce est con\u00e7ue pour r\u00e9sister aux exigences de l&rsquo;utilisation quotidienne et garantir des performances fiables et constantes, m\u00eame dans des conditions difficiles.<\/p>\n","protected":false},"excerpt":{"rendered":"<p><strong>Arbre de transmission pour Ford Ranger<\/strong> avec r\u00e9f\u00e9rences <strong>5238525, XM344602HD et XM344602HE.<\/strong> Est une transmission de Ford neuve avec une garantie d\u2019un an.<\/p>\n","protected":false},"featured_media":30110,"template":"","meta":[],"product_brand":[],"product_cat":[144,156],"product_tag":[],"class_list":{"0":"post-30107","1":"product","2":"type-product","3":"status-publish","4":"has-post-thumbnail","6":"product_cat-arbre-transmission-cardan","7":"product_cat-arbre-transmission-cardan-4x4","8":"pa_manufacturer-ford","9":"pa_tipo-4x4","11":"first","12":"instock","13":"taxable","14":"shipping-taxable","15":"purchasable","16":"product-type-simple"},"yoast_head":"<!-- This site is optimized with the Yoast SEO plugin v27.5 - https:\/\/yoast.com\/product\/yoast-seo-wordpress\/ -->\n<title>Arbre Transmission Ford Ranger 5238525<\/title>\n<meta name=\"description\" content=\"Arbre de transmission pour Ford Ranger avec r\u00e9f\u00e9rences 5238525, XM344602HD et XM344602HE. Est une transmission de Ford neuve avec une garantie d\u2019un an.\" \/>\n<meta name=\"robots\" content=\"index, follow, max-snippet:-1, max-image-preview:large, max-video-preview:-1\" \/>\n<link rel=\"canonical\" href=\"https:\/\/www.enriquerequena.com\/fr\/tienda-online\/arbre-transmission-cardan\/arbre-transmission-cardan-4x4\/arbre-de-transmission-ford-ranger-5238525-xm344602hd-xm344602he\/\" \/>\n<meta property=\"og:locale\" content=\"fr_FR\" \/>\n<meta property=\"og:type\" content=\"article\" \/>\n<meta property=\"og:title\" content=\"Arbre Transmission Ford Ranger 5238525\" \/>\n<meta property=\"og:description\" content=\"Arbre de transmission pour Ford Ranger avec r\u00e9f\u00e9rences 5238525, XM344602HD et XM344602HE. Est une transmission de Ford neuve avec une garantie d\u2019un an.\" \/>\n<meta property=\"og:url\" content=\"https:\/\/www.enriquerequena.com\/fr\/tienda-online\/arbre-transmission-cardan\/arbre-transmission-cardan-4x4\/arbre-de-transmission-ford-ranger-5238525-xm344602hd-xm344602he\/\" \/>\n<meta property=\"og:site_name\" content=\"ENRIQUE REQUENA\" \/>\n<meta property=\"og:image\" content=\"https:\/\/www.enriquerequena.com\/wp-content\/uploads\/2024\/07\/transmision-cardan-ford-ranger-5238525-XM344602HD-XM344602HE.jpg\" \/>\n\t<meta property=\"og:image:width\" content=\"800\" \/>\n\t<meta property=\"og:image:height\" content=\"800\" \/>\n\t<meta property=\"og:image:type\" content=\"image\/jpeg\" \/>\n<meta name=\"twitter:card\" content=\"summary_large_image\" \/>\n<meta name=\"twitter:label1\" content=\"Dur\u00e9e de lecture estim\u00e9e\" \/>\n\t<meta name=\"twitter:data1\" content=\"2 minutes\" \/>\n<script type=\"application\/ld+json\" class=\"yoast-schema-graph\">{\"@context\":\"https:\\\/\\\/schema.org\",\"@graph\":[{\"@type\":\"WebPage\",\"@id\":\"https:\\\/\\\/www.enriquerequena.com\\\/fr\\\/tienda-online\\\/arbre-transmission-cardan\\\/arbre-transmission-cardan-4x4\\\/arbre-de-transmission-ford-ranger-5238525-xm344602hd-xm344602he\\\/\",\"url\":\"https:\\\/\\\/www.enriquerequena.com\\\/fr\\\/tienda-online\\\/arbre-transmission-cardan\\\/arbre-transmission-cardan-4x4\\\/arbre-de-transmission-ford-ranger-5238525-xm344602hd-xm344602he\\\/\",\"name\":\"Arbre Transmission Ford Ranger 5238525\",\"isPartOf\":{\"@id\":\"https:\\\/\\\/www.enriquerequena.com\\\/fr\\\/#website\"},\"primaryImageOfPage\":{\"@id\":\"https:\\\/\\\/www.enriquerequena.com\\\/fr\\\/tienda-online\\\/arbre-transmission-cardan\\\/arbre-transmission-cardan-4x4\\\/arbre-de-transmission-ford-ranger-5238525-xm344602hd-xm344602he\\\/#primaryimage\"},\"image\":{\"@id\":\"https:\\\/\\\/www.enriquerequena.com\\\/fr\\\/tienda-online\\\/arbre-transmission-cardan\\\/arbre-transmission-cardan-4x4\\\/arbre-de-transmission-ford-ranger-5238525-xm344602hd-xm344602he\\\/#primaryimage\"},\"thumbnailUrl\":\"https:\\\/\\\/www.enriquerequena.com\\\/wp-content\\\/uploads\\\/2024\\\/07\\\/transmision-cardan-ford-ranger-5238525-XM344602HD-XM344602HE.jpg\",\"datePublished\":\"2024-07-29T08:37:27+00:00\",\"description\":\"Arbre de transmission pour Ford Ranger avec r\u00e9f\u00e9rences 5238525, XM344602HD et XM344602HE. Est une transmission de Ford neuve avec une garantie d\u2019un an.\",\"breadcrumb\":{\"@id\":\"https:\\\/\\\/www.enriquerequena.com\\\/fr\\\/tienda-online\\\/arbre-transmission-cardan\\\/arbre-transmission-cardan-4x4\\\/arbre-de-transmission-ford-ranger-5238525-xm344602hd-xm344602he\\\/#breadcrumb\"},\"inLanguage\":\"fr-FR\",\"potentialAction\":[{\"@type\":\"ReadAction\",\"target\":[\"https:\\\/\\\/www.enriquerequena.com\\\/fr\\\/tienda-online\\\/arbre-transmission-cardan\\\/arbre-transmission-cardan-4x4\\\/arbre-de-transmission-ford-ranger-5238525-xm344602hd-xm344602he\\\/\"]}]},{\"@type\":\"ImageObject\",\"inLanguage\":\"fr-FR\",\"@id\":\"https:\\\/\\\/www.enriquerequena.com\\\/fr\\\/tienda-online\\\/arbre-transmission-cardan\\\/arbre-transmission-cardan-4x4\\\/arbre-de-transmission-ford-ranger-5238525-xm344602hd-xm344602he\\\/#primaryimage\",\"url\":\"https:\\\/\\\/www.enriquerequena.com\\\/wp-content\\\/uploads\\\/2024\\\/07\\\/transmision-cardan-ford-ranger-5238525-XM344602HD-XM344602HE.jpg\",\"contentUrl\":\"https:\\\/\\\/www.enriquerequena.com\\\/wp-content\\\/uploads\\\/2024\\\/07\\\/transmision-cardan-ford-ranger-5238525-XM344602HD-XM344602HE.jpg\",\"width\":800,\"height\":800,\"caption\":\"Arbre de transmission pour Ford Ranger avec r\u00e9f\u00e9rences 5238525, XM344602HD et XM344602HE.\"},{\"@type\":\"WebSite\",\"@id\":\"https:\\\/\\\/www.enriquerequena.com\\\/fr\\\/#website\",\"url\":\"https:\\\/\\\/www.enriquerequena.com\\\/fr\\\/\",\"name\":\"ENRIQUE REQUENA\",\"description\":\"Sp\u00e9cialistes des transmissions cardan avec des exp\u00e9ditions dans le monde entier et des pi\u00e8ces d\u00e9tach\u00e9es pour voitures, camions et accessoires \u00e0 Valence, en Espagne. Avec vous depuis 1950!\",\"publisher\":{\"@id\":\"https:\\\/\\\/www.enriquerequena.com\\\/fr\\\/#organization\"},\"potentialAction\":[{\"@type\":\"SearchAction\",\"target\":{\"@type\":\"EntryPoint\",\"urlTemplate\":\"https:\\\/\\\/www.enriquerequena.com\\\/fr\\\/?s={search_term_string}\"},\"query-input\":{\"@type\":\"PropertyValueSpecification\",\"valueRequired\":true,\"valueName\":\"search_term_string\"}}],\"inLanguage\":\"fr-FR\"},{\"@type\":\"Organization\",\"@id\":\"https:\\\/\\\/www.enriquerequena.com\\\/fr\\\/#organization\",\"name\":\"Enrique Requena S.L.\",\"url\":\"https:\\\/\\\/www.enriquerequena.com\\\/fr\\\/\",\"logo\":{\"@type\":\"ImageObject\",\"inLanguage\":\"fr-FR\",\"@id\":\"https:\\\/\\\/www.enriquerequena.com\\\/fr\\\/#\\\/schema\\\/logo\\\/image\\\/\",\"url\":\"https:\\\/\\\/www.enriquerequena.com\\\/wp-content\\\/uploads\\\/2019\\\/11\\\/enrique-requena-recambios-logotipo.jpg\",\"contentUrl\":\"https:\\\/\\\/www.enriquerequena.com\\\/wp-content\\\/uploads\\\/2019\\\/11\\\/enrique-requena-recambios-logotipo.jpg\",\"width\":381,\"height\":75,\"caption\":\"Enrique Requena S.L.\"},\"image\":{\"@id\":\"https:\\\/\\\/www.enriquerequena.com\\\/fr\\\/#\\\/schema\\\/logo\\\/image\\\/\"}}]}<\/script>\n<!-- \/ Yoast SEO plugin. -->","yoast_head_json":{"title":"Arbre Transmission Ford Ranger 5238525","description":"Arbre de transmission pour Ford Ranger avec r\u00e9f\u00e9rences 5238525, XM344602HD et XM344602HE. Est une transmission de Ford neuve avec une garantie d\u2019un an.","robots":{"index":"index","follow":"follow","max-snippet":"max-snippet:-1","max-image-preview":"max-image-preview:large","max-video-preview":"max-video-preview:-1"},"canonical":"https:\/\/www.enriquerequena.com\/fr\/tienda-online\/arbre-transmission-cardan\/arbre-transmission-cardan-4x4\/arbre-de-transmission-ford-ranger-5238525-xm344602hd-xm344602he\/","og_locale":"fr_FR","og_type":"article","og_title":"Arbre Transmission Ford Ranger 5238525","og_description":"Arbre de transmission pour Ford Ranger avec r\u00e9f\u00e9rences 5238525, XM344602HD et XM344602HE. Est une transmission de Ford neuve avec une garantie d\u2019un an.","og_url":"https:\/\/www.enriquerequena.com\/fr\/tienda-online\/arbre-transmission-cardan\/arbre-transmission-cardan-4x4\/arbre-de-transmission-ford-ranger-5238525-xm344602hd-xm344602he\/","og_site_name":"ENRIQUE REQUENA","og_image":[{"width":800,"height":800,"url":"https:\/\/www.enriquerequena.com\/wp-content\/uploads\/2024\/07\/transmision-cardan-ford-ranger-5238525-XM344602HD-XM344602HE.jpg","type":"image\/jpeg"}],"twitter_card":"summary_large_image","twitter_misc":{"Dur\u00e9e de lecture estim\u00e9e":"2 minutes"},"schema":{"@context":"https:\/\/schema.org","@graph":[{"@type":"WebPage","@id":"https:\/\/www.enriquerequena.com\/fr\/tienda-online\/arbre-transmission-cardan\/arbre-transmission-cardan-4x4\/arbre-de-transmission-ford-ranger-5238525-xm344602hd-xm344602he\/","url":"https:\/\/www.enriquerequena.com\/fr\/tienda-online\/arbre-transmission-cardan\/arbre-transmission-cardan-4x4\/arbre-de-transmission-ford-ranger-5238525-xm344602hd-xm344602he\/","name":"Arbre Transmission Ford Ranger 5238525","isPartOf":{"@id":"https:\/\/www.enriquerequena.com\/fr\/#website"},"primaryImageOfPage":{"@id":"https:\/\/www.enriquerequena.com\/fr\/tienda-online\/arbre-transmission-cardan\/arbre-transmission-cardan-4x4\/arbre-de-transmission-ford-ranger-5238525-xm344602hd-xm344602he\/#primaryimage"},"image":{"@id":"https:\/\/www.enriquerequena.com\/fr\/tienda-online\/arbre-transmission-cardan\/arbre-transmission-cardan-4x4\/arbre-de-transmission-ford-ranger-5238525-xm344602hd-xm344602he\/#primaryimage"},"thumbnailUrl":"https:\/\/www.enriquerequena.com\/wp-content\/uploads\/2024\/07\/transmision-cardan-ford-ranger-5238525-XM344602HD-XM344602HE.jpg","datePublished":"2024-07-29T08:37:27+00:00","description":"Arbre de transmission pour Ford Ranger avec r\u00e9f\u00e9rences 5238525, XM344602HD et XM344602HE. Est une transmission de Ford neuve avec une garantie d\u2019un an.","breadcrumb":{"@id":"https:\/\/www.enriquerequena.com\/fr\/tienda-online\/arbre-transmission-cardan\/arbre-transmission-cardan-4x4\/arbre-de-transmission-ford-ranger-5238525-xm344602hd-xm344602he\/#breadcrumb"},"inLanguage":"fr-FR","potentialAction":[{"@type":"ReadAction","target":["https:\/\/www.enriquerequena.com\/fr\/tienda-online\/arbre-transmission-cardan\/arbre-transmission-cardan-4x4\/arbre-de-transmission-ford-ranger-5238525-xm344602hd-xm344602he\/"]}]},{"@type":"ImageObject","inLanguage":"fr-FR","@id":"https:\/\/www.enriquerequena.com\/fr\/tienda-online\/arbre-transmission-cardan\/arbre-transmission-cardan-4x4\/arbre-de-transmission-ford-ranger-5238525-xm344602hd-xm344602he\/#primaryimage","url":"https:\/\/www.enriquerequena.com\/wp-content\/uploads\/2024\/07\/transmision-cardan-ford-ranger-5238525-XM344602HD-XM344602HE.jpg","contentUrl":"https:\/\/www.enriquerequena.com\/wp-content\/uploads\/2024\/07\/transmision-cardan-ford-ranger-5238525-XM344602HD-XM344602HE.jpg","width":800,"height":800,"caption":"Arbre de transmission pour Ford Ranger avec r\u00e9f\u00e9rences 5238525, XM344602HD et XM344602HE."},{"@type":"WebSite","@id":"https:\/\/www.enriquerequena.com\/fr\/#website","url":"https:\/\/www.enriquerequena.com\/fr\/","name":"ENRIQUE REQUENA","description":"Sp\u00e9cialistes des transmissions cardan avec des exp\u00e9ditions dans le monde entier et des pi\u00e8ces d\u00e9tach\u00e9es pour voitures, camions et accessoires \u00e0 Valence, en Espagne. Avec vous depuis 1950!","publisher":{"@id":"https:\/\/www.enriquerequena.com\/fr\/#organization"},"potentialAction":[{"@type":"SearchAction","target":{"@type":"EntryPoint","urlTemplate":"https:\/\/www.enriquerequena.com\/fr\/?s={search_term_string}"},"query-input":{"@type":"PropertyValueSpecification","valueRequired":true,"valueName":"search_term_string"}}],"inLanguage":"fr-FR"},{"@type":"Organization","@id":"https:\/\/www.enriquerequena.com\/fr\/#organization","name":"Enrique Requena S.L.","url":"https:\/\/www.enriquerequena.com\/fr\/","logo":{"@type":"ImageObject","inLanguage":"fr-FR","@id":"https:\/\/www.enriquerequena.com\/fr\/#\/schema\/logo\/image\/","url":"https:\/\/www.enriquerequena.com\/wp-content\/uploads\/2019\/11\/enrique-requena-recambios-logotipo.jpg","contentUrl":"https:\/\/www.enriquerequena.com\/wp-content\/uploads\/2019\/11\/enrique-requena-recambios-logotipo.jpg","width":381,"height":75,"caption":"Enrique Requena S.L."},"image":{"@id":"https:\/\/www.enriquerequena.com\/fr\/#\/schema\/logo\/image\/"}}]}},"_links":{"self":[{"href":"https:\/\/www.enriquerequena.com\/fr\/wp-json\/wp\/v2\/product\/30107","targetHints":{"allow":["GET"]}}],"collection":[{"href":"https:\/\/www.enriquerequena.com\/fr\/wp-json\/wp\/v2\/product"}],"about":[{"href":"https:\/\/www.enriquerequena.com\/fr\/wp-json\/wp\/v2\/types\/product"}],"wp:featuredmedia":[{"embeddable":true,"href":"https:\/\/www.enriquerequena.com\/fr\/wp-json\/wp\/v2\/media\/30110"}],"wp:attachment":[{"href":"https:\/\/www.enriquerequena.com\/fr\/wp-json\/wp\/v2\/media?parent=30107"}],"wp:term":[{"taxonomy":"product_brand","embeddable":true,"href":"https:\/\/www.enriquerequena.com\/fr\/wp-json\/wp\/v2\/product_brand?post=30107"},{"taxonomy":"product_cat","embeddable":true,"href":"https:\/\/www.enriquerequena.com\/fr\/wp-json\/wp\/v2\/product_cat?post=30107"},{"taxonomy":"product_tag","embeddable":true,"href":"https:\/\/www.enriquerequena.com\/fr\/wp-json\/wp\/v2\/product_tag?post=30107"}],"curies":[{"name":"wp","href":"https:\/\/api.w.org\/{rel}","templated":true}]}}