{"id":30150,"date":"2024-08-05T18:37:03","date_gmt":"2024-08-05T16:37:03","guid":{"rendered":"https:\/\/www.enriquerequena.com\/?post_type=product&#038;p=30150"},"modified":"2024-10-02T21:00:24","modified_gmt":"2024-10-02T19:00:24","slug":"tuyau-direction-assistee-nissan-cabstar-et-atleon-49710lc60c-49710lc20c","status":"publish","type":"product","link":"https:\/\/www.enriquerequena.com\/fr\/tienda-online\/pieces-detachees-de-remplacement-direction-essieux\/durites-direction-assistee\/tuyau-direction-assistee-nissan-cabstar-et-atleon-49710lc60c-49710lc20c\/","title":{"rendered":"Tuyau Direction Assist\u00e9e Nissan Cabstar et Atleon &#8211; 49710LC60C, 49710LC20C"},"content":{"rendered":"<p>Nous distribuons des Tuyaux<strong> de direction assist\u00e9e pour Nissan Cabstar et Atleon <\/strong>avec les r\u00e9f\u00e9rences <strong>49710LC60C, 49710LC20C<\/strong>. Cette pi\u00e8ce est neuve et avec une garantie d&rsquo;un an.<\/p>\n<p>Fabriqu\u00e9e avec des mat\u00e9riaux de haute qualit\u00e9 et de pr\u00e9cision, notre Tuyau de Direction Assist\u00e9e est con\u00e7ue pour r\u00e9sister aux conditions les plus exigeantes et offrir un fonctionnement durable et fiable.<\/p>\n<p>Avec plus de 70 ans d&rsquo;exp\u00e9rience sur le march\u00e9 de pi\u00e8ces d\u00e9tach\u00e9es d\u00b4automobiles, chez Enrique Requena, nous avons gagn\u00e9 la confiance de nos clients gr\u00e2ce \u00e0 notre engagement envers la qualit\u00e9, la fiabilit\u00e9 et le service client. Nous nous effor\u00e7ons d&rsquo;offrir \u00e0 nos clients les meilleurs produits \u00e0 des prix comp\u00e9titifs, soutenus par un service exceptionnel et une attention personnalis\u00e9e.<\/p>\n<p>Faites confiance \u00e0 Enrique Requena pour tous vos besoins en pi\u00e8ces d\u00e9tach\u00e9es d\u00b4automobiles et d\u00e9couvrez la diff\u00e9rence que la qualit\u00e9 et l&rsquo;exp\u00e9rience peuvent apporter \u00e0 votre v\u00e9hicule. Passez votre commande d\u00e8s aujourd&rsquo;hui et gardez votre v\u00e9hicule en parfait \u00e9tat de fonctionnement pour de nombreux kilom\u00e8tres \u00e0 venir!<\/p>\n<p>Caract\u00e9ristiques de la Nissan Cabstar et Atleon 49710LC60C, 49710LC20C:<\/p>\n<ul>\n<li>Type: Tuyau Direction Assist\u00e9e<\/li>\n<li>Mod\u00e8le:\n<ul>\n<li>Nissan Cabstar<\/li>\n<li>Nissan Atleon<\/li>\n<\/ul>\n<\/li>\n<li>Garantie d&rsquo;un an<\/li>\n<li>\u00c9tat: pi\u00e8ce neuve<\/li>\n<li>R\u00c9F\u00c9RENCES:\n<ul>\n<li>49710LC60C<\/li>\n<li>49710LC20C<\/li>\n<\/ul>\n<\/li>\n<\/ul>\n<p>Le tuyau de Direction Assist\u00e9e pour Nissan Cabstar et Atleon est un composant essentiel du syst\u00e8me de direction assist\u00e9e de ces v\u00e9hicules. Sa fonction principale est de g\u00e9n\u00e9rer et de maintenir la pression hydraulique n\u00e9cessaire pour faciliter le mouvement du volant, permettant ainsi une maniabilit\u00e9 plus fluide et pr\u00e9cise. Fabriqu\u00e9e avec des mat\u00e9riaux durables et con\u00e7ue pour r\u00e9sister aux conditions exigeantes de l&rsquo;utilisation quotidienne, ce tuyau assure un fonctionnement fiable et efficace du syst\u00e8me de direction assist\u00e9e, am\u00e9liorant l&rsquo;exp\u00e9rience de conduite et r\u00e9duisant l&rsquo;effort requis par le conducteur.<\/p>\n","protected":false},"excerpt":{"rendered":"<p><strong>Tuyau Direction Assist\u00e9e Nissan Cabstar et Atleon<\/strong> avec les r\u00e9f\u00e9rences 49710LC60C, 49710LC20C <strong>.<\/strong> Cette pi\u00e8ce est neuve et avec une garantie d&rsquo;un an.<\/p>\n","protected":false},"featured_media":30153,"template":"","meta":[],"product_brand":[],"product_cat":[213,9827,9941,138],"product_tag":[],"class_list":{"0":"post-30150","1":"product","2":"type-product","3":"status-publish","4":"has-post-thumbnail","6":"product_cat-direction","7":"product_cat-pieces-detachees-de-remplacement-direction-essieux","8":"product_cat-durites-direction-assistee","9":"product_cat-pieces-rechange-camions","10":"pa_manufacturer-nissan","11":"pa_tipo-camions-poids-lourds","13":"first","14":"instock","15":"taxable","16":"shipping-taxable","17":"purchasable","18":"product-type-simple"},"yoast_head":"<!-- This site is optimized with the Yoast SEO plugin v27.1.1 - https:\/\/yoast.com\/product\/yoast-seo-wordpress\/ -->\n<title>Tuyau Direction Assist\u00e9e Nissan Cabstar et Atleon - 49710LC60C, 49710LC20C - ENRIQUE REQUENA<\/title>\n<meta name=\"description\" content=\"Tuyau Direction Assist\u00e9e Nissan Cabstar et Atleon avec la r\u00e9f\u00e9rences 49710LC60C, 49710LC20C.\u00a0Cette pi\u00e8ce est neuve et avec une garantie d&#039;un an.\" \/>\n<meta name=\"robots\" content=\"index, follow, max-snippet:-1, max-image-preview:large, max-video-preview:-1\" \/>\n<link rel=\"canonical\" href=\"https:\/\/www.enriquerequena.com\/fr\/tienda-online\/pieces-detachees-de-remplacement-direction-essieux\/durites-direction-assistee\/tuyau-direction-assistee-nissan-cabstar-et-atleon-49710lc60c-49710lc20c\/\" \/>\n<meta property=\"og:locale\" content=\"fr_FR\" \/>\n<meta property=\"og:type\" content=\"article\" \/>\n<meta property=\"og:title\" content=\"Tuyau Direction Assist\u00e9e Nissan Cabstar et Atleon - 49710LC60C, 49710LC20C - ENRIQUE REQUENA\" \/>\n<meta property=\"og:description\" content=\"Tuyau Direction Assist\u00e9e Nissan Cabstar et Atleon avec la r\u00e9f\u00e9rences 49710LC60C, 49710LC20C.\u00a0Cette pi\u00e8ce est neuve et avec une garantie d&#039;un an.\" \/>\n<meta property=\"og:url\" content=\"https:\/\/www.enriquerequena.com\/fr\/tienda-online\/pieces-detachees-de-remplacement-direction-essieux\/durites-direction-assistee\/tuyau-direction-assistee-nissan-cabstar-et-atleon-49710lc60c-49710lc20c\/\" \/>\n<meta property=\"og:site_name\" content=\"ENRIQUE REQUENA\" \/>\n<meta property=\"article:modified_time\" content=\"2024-10-02T19:00:24+00:00\" \/>\n<meta property=\"og:image\" content=\"https:\/\/www.enriquerequena.com\/wp-content\/uploads\/2024\/07\/Tubo-Servodireccion-Nissan-Cabstar-49710LC60C-49710LC20C.jpg\" \/>\n\t<meta property=\"og:image:width\" content=\"800\" \/>\n\t<meta property=\"og:image:height\" content=\"800\" \/>\n\t<meta property=\"og:image:type\" content=\"image\/jpeg\" \/>\n<meta name=\"twitter:card\" content=\"summary_large_image\" \/>\n<meta name=\"twitter:label1\" content=\"Dur\u00e9e de lecture estim\u00e9e\" \/>\n\t<meta name=\"twitter:data1\" content=\"2 minutes\" \/>\n<script type=\"application\/ld+json\" class=\"yoast-schema-graph\">{\"@context\":\"https:\/\/schema.org\",\"@graph\":[{\"@type\":\"WebPage\",\"@id\":\"https:\/\/www.enriquerequena.com\/fr\/tienda-online\/pieces-detachees-de-remplacement-direction-essieux\/durites-direction-assistee\/tuyau-direction-assistee-nissan-cabstar-et-atleon-49710lc60c-49710lc20c\/\",\"url\":\"https:\/\/www.enriquerequena.com\/fr\/tienda-online\/pieces-detachees-de-remplacement-direction-essieux\/durites-direction-assistee\/tuyau-direction-assistee-nissan-cabstar-et-atleon-49710lc60c-49710lc20c\/\",\"name\":\"Tuyau Direction Assist\u00e9e Nissan Cabstar et Atleon - 49710LC60C, 49710LC20C - ENRIQUE REQUENA\",\"isPartOf\":{\"@id\":\"https:\/\/www.enriquerequena.com\/fr\/#website\"},\"primaryImageOfPage\":{\"@id\":\"https:\/\/www.enriquerequena.com\/fr\/tienda-online\/pieces-detachees-de-remplacement-direction-essieux\/durites-direction-assistee\/tuyau-direction-assistee-nissan-cabstar-et-atleon-49710lc60c-49710lc20c\/#primaryimage\"},\"image\":{\"@id\":\"https:\/\/www.enriquerequena.com\/fr\/tienda-online\/pieces-detachees-de-remplacement-direction-essieux\/durites-direction-assistee\/tuyau-direction-assistee-nissan-cabstar-et-atleon-49710lc60c-49710lc20c\/#primaryimage\"},\"thumbnailUrl\":\"https:\/\/www.enriquerequena.com\/wp-content\/uploads\/2024\/07\/Tubo-Servodireccion-Nissan-Cabstar-49710LC60C-49710LC20C.jpg\",\"datePublished\":\"2024-08-05T16:37:03+00:00\",\"dateModified\":\"2024-10-02T19:00:24+00:00\",\"description\":\"Tuyau Direction Assist\u00e9e Nissan Cabstar et Atleon avec la r\u00e9f\u00e9rences 49710LC60C, 49710LC20C.\u00a0Cette pi\u00e8ce est neuve et avec une garantie d'un an.\",\"breadcrumb\":{\"@id\":\"https:\/\/www.enriquerequena.com\/fr\/tienda-online\/pieces-detachees-de-remplacement-direction-essieux\/durites-direction-assistee\/tuyau-direction-assistee-nissan-cabstar-et-atleon-49710lc60c-49710lc20c\/#breadcrumb\"},\"inLanguage\":\"fr-FR\",\"potentialAction\":[{\"@type\":\"ReadAction\",\"target\":[\"https:\/\/www.enriquerequena.com\/fr\/tienda-online\/pieces-detachees-de-remplacement-direction-essieux\/durites-direction-assistee\/tuyau-direction-assistee-nissan-cabstar-et-atleon-49710lc60c-49710lc20c\/\"]}]},{\"@type\":\"ImageObject\",\"inLanguage\":\"fr-FR\",\"@id\":\"https:\/\/www.enriquerequena.com\/fr\/tienda-online\/pieces-detachees-de-remplacement-direction-essieux\/durites-direction-assistee\/tuyau-direction-assistee-nissan-cabstar-et-atleon-49710lc60c-49710lc20c\/#primaryimage\",\"url\":\"https:\/\/www.enriquerequena.com\/wp-content\/uploads\/2024\/07\/Tubo-Servodireccion-Nissan-Cabstar-49710LC60C-49710LC20C.jpg\",\"contentUrl\":\"https:\/\/www.enriquerequena.com\/wp-content\/uploads\/2024\/07\/Tubo-Servodireccion-Nissan-Cabstar-49710LC60C-49710LC20C.jpg\",\"width\":800,\"height\":800,\"caption\":\"Tuyau de Direction Assist\u00e9e Renault Maxity 748514135151\"},{\"@type\":\"WebSite\",\"@id\":\"https:\/\/www.enriquerequena.com\/fr\/#website\",\"url\":\"https:\/\/www.enriquerequena.com\/fr\/\",\"name\":\"ENRIQUE REQUENA\",\"description\":\"Sp\u00e9cialistes des transmissions cardan avec des exp\u00e9ditions dans le monde entier et des pi\u00e8ces d\u00e9tach\u00e9es pour voitures, camions et accessoires \u00e0 Valence, en Espagne. Avec vous depuis 1950!\",\"publisher\":{\"@id\":\"https:\/\/www.enriquerequena.com\/fr\/#organization\"},\"potentialAction\":[{\"@type\":\"SearchAction\",\"target\":{\"@type\":\"EntryPoint\",\"urlTemplate\":\"https:\/\/www.enriquerequena.com\/fr\/?s={search_term_string}\"},\"query-input\":{\"@type\":\"PropertyValueSpecification\",\"valueRequired\":true,\"valueName\":\"search_term_string\"}}],\"inLanguage\":\"fr-FR\"},{\"@type\":\"Organization\",\"@id\":\"https:\/\/www.enriquerequena.com\/fr\/#organization\",\"name\":\"Enrique Requena S.L.\",\"url\":\"https:\/\/www.enriquerequena.com\/fr\/\",\"logo\":{\"@type\":\"ImageObject\",\"inLanguage\":\"fr-FR\",\"@id\":\"https:\/\/www.enriquerequena.com\/fr\/#\/schema\/logo\/image\/\",\"url\":\"https:\/\/www.enriquerequena.com\/wp-content\/uploads\/2019\/11\/enrique-requena-recambios-logotipo.jpg\",\"contentUrl\":\"https:\/\/www.enriquerequena.com\/wp-content\/uploads\/2019\/11\/enrique-requena-recambios-logotipo.jpg\",\"width\":381,\"height\":75,\"caption\":\"Enrique Requena S.L.\"},\"image\":{\"@id\":\"https:\/\/www.enriquerequena.com\/fr\/#\/schema\/logo\/image\/\"}}]}<\/script>\n<!-- \/ Yoast SEO plugin. -->","yoast_head_json":{"title":"Tuyau Direction Assist\u00e9e Nissan Cabstar et Atleon - 49710LC60C, 49710LC20C - ENRIQUE REQUENA","description":"Tuyau Direction Assist\u00e9e Nissan Cabstar et Atleon avec la r\u00e9f\u00e9rences 49710LC60C, 49710LC20C.\u00a0Cette pi\u00e8ce est neuve et avec une garantie d'un an.","robots":{"index":"index","follow":"follow","max-snippet":"max-snippet:-1","max-image-preview":"max-image-preview:large","max-video-preview":"max-video-preview:-1"},"canonical":"https:\/\/www.enriquerequena.com\/fr\/tienda-online\/pieces-detachees-de-remplacement-direction-essieux\/durites-direction-assistee\/tuyau-direction-assistee-nissan-cabstar-et-atleon-49710lc60c-49710lc20c\/","og_locale":"fr_FR","og_type":"article","og_title":"Tuyau Direction Assist\u00e9e Nissan Cabstar et Atleon - 49710LC60C, 49710LC20C - ENRIQUE REQUENA","og_description":"Tuyau Direction Assist\u00e9e Nissan Cabstar et Atleon avec la r\u00e9f\u00e9rences 49710LC60C, 49710LC20C.\u00a0Cette pi\u00e8ce est neuve et avec une garantie d'un an.","og_url":"https:\/\/www.enriquerequena.com\/fr\/tienda-online\/pieces-detachees-de-remplacement-direction-essieux\/durites-direction-assistee\/tuyau-direction-assistee-nissan-cabstar-et-atleon-49710lc60c-49710lc20c\/","og_site_name":"ENRIQUE REQUENA","article_modified_time":"2024-10-02T19:00:24+00:00","og_image":[{"width":800,"height":800,"url":"https:\/\/www.enriquerequena.com\/wp-content\/uploads\/2024\/07\/Tubo-Servodireccion-Nissan-Cabstar-49710LC60C-49710LC20C.jpg","type":"image\/jpeg"}],"twitter_card":"summary_large_image","twitter_misc":{"Dur\u00e9e de lecture estim\u00e9e":"2 minutes"},"schema":{"@context":"https:\/\/schema.org","@graph":[{"@type":"WebPage","@id":"https:\/\/www.enriquerequena.com\/fr\/tienda-online\/pieces-detachees-de-remplacement-direction-essieux\/durites-direction-assistee\/tuyau-direction-assistee-nissan-cabstar-et-atleon-49710lc60c-49710lc20c\/","url":"https:\/\/www.enriquerequena.com\/fr\/tienda-online\/pieces-detachees-de-remplacement-direction-essieux\/durites-direction-assistee\/tuyau-direction-assistee-nissan-cabstar-et-atleon-49710lc60c-49710lc20c\/","name":"Tuyau Direction Assist\u00e9e Nissan Cabstar et Atleon - 49710LC60C, 49710LC20C - ENRIQUE REQUENA","isPartOf":{"@id":"https:\/\/www.enriquerequena.com\/fr\/#website"},"primaryImageOfPage":{"@id":"https:\/\/www.enriquerequena.com\/fr\/tienda-online\/pieces-detachees-de-remplacement-direction-essieux\/durites-direction-assistee\/tuyau-direction-assistee-nissan-cabstar-et-atleon-49710lc60c-49710lc20c\/#primaryimage"},"image":{"@id":"https:\/\/www.enriquerequena.com\/fr\/tienda-online\/pieces-detachees-de-remplacement-direction-essieux\/durites-direction-assistee\/tuyau-direction-assistee-nissan-cabstar-et-atleon-49710lc60c-49710lc20c\/#primaryimage"},"thumbnailUrl":"https:\/\/www.enriquerequena.com\/wp-content\/uploads\/2024\/07\/Tubo-Servodireccion-Nissan-Cabstar-49710LC60C-49710LC20C.jpg","datePublished":"2024-08-05T16:37:03+00:00","dateModified":"2024-10-02T19:00:24+00:00","description":"Tuyau Direction Assist\u00e9e Nissan Cabstar et Atleon avec la r\u00e9f\u00e9rences 49710LC60C, 49710LC20C.\u00a0Cette pi\u00e8ce est neuve et avec une garantie d'un an.","breadcrumb":{"@id":"https:\/\/www.enriquerequena.com\/fr\/tienda-online\/pieces-detachees-de-remplacement-direction-essieux\/durites-direction-assistee\/tuyau-direction-assistee-nissan-cabstar-et-atleon-49710lc60c-49710lc20c\/#breadcrumb"},"inLanguage":"fr-FR","potentialAction":[{"@type":"ReadAction","target":["https:\/\/www.enriquerequena.com\/fr\/tienda-online\/pieces-detachees-de-remplacement-direction-essieux\/durites-direction-assistee\/tuyau-direction-assistee-nissan-cabstar-et-atleon-49710lc60c-49710lc20c\/"]}]},{"@type":"ImageObject","inLanguage":"fr-FR","@id":"https:\/\/www.enriquerequena.com\/fr\/tienda-online\/pieces-detachees-de-remplacement-direction-essieux\/durites-direction-assistee\/tuyau-direction-assistee-nissan-cabstar-et-atleon-49710lc60c-49710lc20c\/#primaryimage","url":"https:\/\/www.enriquerequena.com\/wp-content\/uploads\/2024\/07\/Tubo-Servodireccion-Nissan-Cabstar-49710LC60C-49710LC20C.jpg","contentUrl":"https:\/\/www.enriquerequena.com\/wp-content\/uploads\/2024\/07\/Tubo-Servodireccion-Nissan-Cabstar-49710LC60C-49710LC20C.jpg","width":800,"height":800,"caption":"Tuyau de Direction Assist\u00e9e Renault Maxity 748514135151"},{"@type":"WebSite","@id":"https:\/\/www.enriquerequena.com\/fr\/#website","url":"https:\/\/www.enriquerequena.com\/fr\/","name":"ENRIQUE REQUENA","description":"Sp\u00e9cialistes des transmissions cardan avec des exp\u00e9ditions dans le monde entier et des pi\u00e8ces d\u00e9tach\u00e9es pour voitures, camions et accessoires \u00e0 Valence, en Espagne. Avec vous depuis 1950!","publisher":{"@id":"https:\/\/www.enriquerequena.com\/fr\/#organization"},"potentialAction":[{"@type":"SearchAction","target":{"@type":"EntryPoint","urlTemplate":"https:\/\/www.enriquerequena.com\/fr\/?s={search_term_string}"},"query-input":{"@type":"PropertyValueSpecification","valueRequired":true,"valueName":"search_term_string"}}],"inLanguage":"fr-FR"},{"@type":"Organization","@id":"https:\/\/www.enriquerequena.com\/fr\/#organization","name":"Enrique Requena S.L.","url":"https:\/\/www.enriquerequena.com\/fr\/","logo":{"@type":"ImageObject","inLanguage":"fr-FR","@id":"https:\/\/www.enriquerequena.com\/fr\/#\/schema\/logo\/image\/","url":"https:\/\/www.enriquerequena.com\/wp-content\/uploads\/2019\/11\/enrique-requena-recambios-logotipo.jpg","contentUrl":"https:\/\/www.enriquerequena.com\/wp-content\/uploads\/2019\/11\/enrique-requena-recambios-logotipo.jpg","width":381,"height":75,"caption":"Enrique Requena S.L."},"image":{"@id":"https:\/\/www.enriquerequena.com\/fr\/#\/schema\/logo\/image\/"}}]}},"_links":{"self":[{"href":"https:\/\/www.enriquerequena.com\/fr\/wp-json\/wp\/v2\/product\/30150","targetHints":{"allow":["GET"]}}],"collection":[{"href":"https:\/\/www.enriquerequena.com\/fr\/wp-json\/wp\/v2\/product"}],"about":[{"href":"https:\/\/www.enriquerequena.com\/fr\/wp-json\/wp\/v2\/types\/product"}],"wp:featuredmedia":[{"embeddable":true,"href":"https:\/\/www.enriquerequena.com\/fr\/wp-json\/wp\/v2\/media\/30153"}],"wp:attachment":[{"href":"https:\/\/www.enriquerequena.com\/fr\/wp-json\/wp\/v2\/media?parent=30150"}],"wp:term":[{"taxonomy":"product_brand","embeddable":true,"href":"https:\/\/www.enriquerequena.com\/fr\/wp-json\/wp\/v2\/product_brand?post=30150"},{"taxonomy":"product_cat","embeddable":true,"href":"https:\/\/www.enriquerequena.com\/fr\/wp-json\/wp\/v2\/product_cat?post=30150"},{"taxonomy":"product_tag","embeddable":true,"href":"https:\/\/www.enriquerequena.com\/fr\/wp-json\/wp\/v2\/product_tag?post=30150"}],"curies":[{"name":"wp","href":"https:\/\/api.w.org\/{rel}","templated":true}]}}