{"id":30299,"date":"2024-09-07T19:49:43","date_gmt":"2024-09-07T17:49:43","guid":{"rendered":"https:\/\/www.enriquerequena.com\/?post_type=product&#038;p=30299"},"modified":"2024-11-18T09:53:59","modified_gmt":"2024-11-18T08:53:59","slug":"bielle-nissan-cabstar-nt500-121002db0a","status":"publish","type":"product","link":"https:\/\/www.enriquerequena.com\/fr\/tienda-online\/pieces-detachees-remplacements-moteur\/composants-moteur\/bielle-nissan-cabstar-nt500-121002db0a\/","title":{"rendered":"Bielle Nissan Cabstar &#8211; NT500 121002DB0A"},"content":{"rendered":"<p><strong>Bielle\u00a0 de moteur pour Nissan Cabstar et\u00a0 Nissan NT500 <\/strong>avec r\u00e9f\u00e9rence 121002DB0A est une pi\u00e8ce de Nissan neuve avec une garantie d\u2019un an. C\u2019est le choix le plus \u00e9conomique.<\/p>\n<p>Notre Bielle\u00a0 de moteur est fabriqu\u00e9 pour supporter des conditions exigeantes et offrir une durabilit\u00e9 et une fiabilit\u00e9 exceptionnelles. Chaque unit\u00e9 est soumise \u00e0 des tests de qualit\u00e9 rigoureux pour garantir qu\u2019elle respecte les normes les plus \u00e9lev\u00e9es et assure un fonctionnement fiable dans diverses situations de conduite.<\/p>\n<p>Avec plus de 74 ans d\u2019exp\u00e9rience dans le secteur des pi\u00e8ces d\u00e9tach\u00e9es automobiles, Enrique Requena a \u00e9tabli une solide r\u00e9putation gr\u00e2ce \u00e0 notre engagement envers la qualit\u00e9 et le service client. Nous proposons des produits de haute qualit\u00e9 \u00e0 des prix comp\u00e9titifs, soutenus par un service exceptionnel et une attention personnalis\u00e9e.<\/p>\n<p>Faites confiance \u00e0 Enrique Requena pour tous vos besoins en pi\u00e8ces d\u00e9tach\u00e9es automobiles et d\u00e9couvrez la diff\u00e9rence que notre expertise et notre d\u00e9vouement peuvent apporter \u00e0 votre v\u00e9hicule. <strong>Passez votre commande d\u00e8s aujourd\u2019hui<\/strong> et assurez le fonctionnement optimal de votre Nissan Cabstar avec notre Bielle\u00a0 de moteur pour Nissan Cabstar et\u00a0 Nissan NT500 avec r\u00e9f\u00e9rence 121002DB0A.<\/p>\n<p>Caract\u00e9ristiques techniques <strong>Bielle\u00a0 de moteur pour Nissan Cabstar et\u00a0 Nissan NT500 <\/strong>r\u00e9f\u00e9rence 121002DB0A:<\/p>\n<ul>\n<li>Pi\u00e8ce de rechange: Bielle\u00a0 de moteur<\/li>\n<li>Mod\u00e8le: Nissan Cabstar et\u00a0 Nissan NT500<\/li>\n<li>Etat: pi\u00e8ce neuve<\/li>\n<li>Garantie d\u2019un an<\/li>\n<li><strong>R\u00e9f\u00e9rences:<\/strong>\n<ul>\n<li>121002DB0A<\/li>\n<\/ul>\n<\/li>\n<\/ul>\n","protected":false},"excerpt":{"rendered":"<p><strong>Bielle\u00a0 de moteur pour Nissan Cabstar et\u00a0 Nissan NT500 <\/strong>avec r\u00e9f\u00e9rence 121002DB0A est une pi\u00e8ce neuve de Nissan avec une garantie d\u2019un an.<\/p>\n","protected":false},"featured_media":30308,"template":"","meta":[],"product_brand":[],"product_cat":[9969,219,9839,138],"product_tag":[],"class_list":{"0":"post-30299","1":"product","2":"type-product","3":"status-publish","4":"has-post-thumbnail","6":"product_cat-composants-moteur","7":"product_cat-moteur-camion","8":"product_cat-pieces-detachees-remplacements-moteur","9":"product_cat-pieces-rechange-camions","10":"pa_manufacturer-nissan","11":"pa_tipo-camions-poids-lourds","12":"pa_tipo-fourgons-et-vehicules-legers","14":"first","15":"instock","16":"taxable","17":"shipping-taxable","18":"purchasable","19":"product-type-simple"},"yoast_head":"<!-- This site is optimized with the Yoast SEO plugin v27.1.1 - https:\/\/yoast.com\/product\/yoast-seo-wordpress\/ -->\n<title>Bielle Nissan Cabstar - NT500 121002DB0A - ENRIQUE REQUENA<\/title>\n<meta name=\"description\" content=\"Bielle\u00a0 de moteur pour Nissan Cabstar et\u00a0 Nissan NT500 avec r\u00e9f\u00e9rence 121002DB0A est une pi\u00e8ce de Nissan neuve avec une garantie d\u2019un an.\" \/>\n<meta name=\"robots\" content=\"index, follow, max-snippet:-1, max-image-preview:large, max-video-preview:-1\" \/>\n<link rel=\"canonical\" href=\"https:\/\/www.enriquerequena.com\/fr\/tienda-online\/pieces-detachees-remplacements-moteur\/composants-moteur\/bielle-nissan-cabstar-nt500-121002db0a\/\" \/>\n<meta property=\"og:locale\" content=\"fr_FR\" \/>\n<meta property=\"og:type\" content=\"article\" \/>\n<meta property=\"og:title\" content=\"Bielle Nissan Cabstar - NT500 121002DB0A - ENRIQUE REQUENA\" \/>\n<meta property=\"og:description\" content=\"Bielle\u00a0 de moteur pour Nissan Cabstar et\u00a0 Nissan NT500 avec r\u00e9f\u00e9rence 121002DB0A est une pi\u00e8ce de Nissan neuve avec une garantie d\u2019un an.\" \/>\n<meta property=\"og:url\" content=\"https:\/\/www.enriquerequena.com\/fr\/tienda-online\/pieces-detachees-remplacements-moteur\/composants-moteur\/bielle-nissan-cabstar-nt500-121002db0a\/\" \/>\n<meta property=\"og:site_name\" content=\"ENRIQUE REQUENA\" \/>\n<meta property=\"article:modified_time\" content=\"2024-11-18T08:53:59+00:00\" \/>\n<meta property=\"og:image\" content=\"https:\/\/www.enriquerequena.com\/wp-content\/uploads\/2024\/09\/biela-nissan-cabstar2.jpg\" \/>\n\t<meta property=\"og:image:width\" content=\"800\" \/>\n\t<meta property=\"og:image:height\" content=\"800\" \/>\n\t<meta property=\"og:image:type\" content=\"image\/jpeg\" \/>\n<meta name=\"twitter:card\" content=\"summary_large_image\" \/>\n<meta name=\"twitter:label1\" content=\"Dur\u00e9e de lecture estim\u00e9e\" \/>\n\t<meta name=\"twitter:data1\" content=\"2 minutes\" \/>\n<script type=\"application\/ld+json\" class=\"yoast-schema-graph\">{\"@context\":\"https:\/\/schema.org\",\"@graph\":[{\"@type\":\"WebPage\",\"@id\":\"https:\/\/www.enriquerequena.com\/fr\/tienda-online\/pieces-detachees-remplacements-moteur\/composants-moteur\/bielle-nissan-cabstar-nt500-121002db0a\/\",\"url\":\"https:\/\/www.enriquerequena.com\/fr\/tienda-online\/pieces-detachees-remplacements-moteur\/composants-moteur\/bielle-nissan-cabstar-nt500-121002db0a\/\",\"name\":\"Bielle Nissan Cabstar - NT500 121002DB0A - ENRIQUE REQUENA\",\"isPartOf\":{\"@id\":\"https:\/\/www.enriquerequena.com\/fr\/#website\"},\"primaryImageOfPage\":{\"@id\":\"https:\/\/www.enriquerequena.com\/fr\/tienda-online\/pieces-detachees-remplacements-moteur\/composants-moteur\/bielle-nissan-cabstar-nt500-121002db0a\/#primaryimage\"},\"image\":{\"@id\":\"https:\/\/www.enriquerequena.com\/fr\/tienda-online\/pieces-detachees-remplacements-moteur\/composants-moteur\/bielle-nissan-cabstar-nt500-121002db0a\/#primaryimage\"},\"thumbnailUrl\":\"https:\/\/www.enriquerequena.com\/wp-content\/uploads\/2024\/09\/biela-nissan-cabstar2.jpg\",\"datePublished\":\"2024-09-07T17:49:43+00:00\",\"dateModified\":\"2024-11-18T08:53:59+00:00\",\"description\":\"Bielle\u00a0 de moteur pour Nissan Cabstar et\u00a0 Nissan NT500 avec r\u00e9f\u00e9rence 121002DB0A est une pi\u00e8ce de Nissan neuve avec une garantie d\u2019un an.\",\"breadcrumb\":{\"@id\":\"https:\/\/www.enriquerequena.com\/fr\/tienda-online\/pieces-detachees-remplacements-moteur\/composants-moteur\/bielle-nissan-cabstar-nt500-121002db0a\/#breadcrumb\"},\"inLanguage\":\"fr-FR\",\"potentialAction\":[{\"@type\":\"ReadAction\",\"target\":[\"https:\/\/www.enriquerequena.com\/fr\/tienda-online\/pieces-detachees-remplacements-moteur\/composants-moteur\/bielle-nissan-cabstar-nt500-121002db0a\/\"]}]},{\"@type\":\"ImageObject\",\"inLanguage\":\"fr-FR\",\"@id\":\"https:\/\/www.enriquerequena.com\/fr\/tienda-online\/pieces-detachees-remplacements-moteur\/composants-moteur\/bielle-nissan-cabstar-nt500-121002db0a\/#primaryimage\",\"url\":\"https:\/\/www.enriquerequena.com\/wp-content\/uploads\/2024\/09\/biela-nissan-cabstar2.jpg\",\"contentUrl\":\"https:\/\/www.enriquerequena.com\/wp-content\/uploads\/2024\/09\/biela-nissan-cabstar2.jpg\",\"width\":800,\"height\":800,\"caption\":\"Bielle Nissan Cabstar - NT500 121002DB0A\"},{\"@type\":\"WebSite\",\"@id\":\"https:\/\/www.enriquerequena.com\/fr\/#website\",\"url\":\"https:\/\/www.enriquerequena.com\/fr\/\",\"name\":\"ENRIQUE REQUENA\",\"description\":\"Sp\u00e9cialistes des transmissions cardan avec des exp\u00e9ditions dans le monde entier et des pi\u00e8ces d\u00e9tach\u00e9es pour voitures, camions et accessoires \u00e0 Valence, en Espagne. Avec vous depuis 1950!\",\"publisher\":{\"@id\":\"https:\/\/www.enriquerequena.com\/fr\/#organization\"},\"potentialAction\":[{\"@type\":\"SearchAction\",\"target\":{\"@type\":\"EntryPoint\",\"urlTemplate\":\"https:\/\/www.enriquerequena.com\/fr\/?s={search_term_string}\"},\"query-input\":{\"@type\":\"PropertyValueSpecification\",\"valueRequired\":true,\"valueName\":\"search_term_string\"}}],\"inLanguage\":\"fr-FR\"},{\"@type\":\"Organization\",\"@id\":\"https:\/\/www.enriquerequena.com\/fr\/#organization\",\"name\":\"Enrique Requena S.L.\",\"url\":\"https:\/\/www.enriquerequena.com\/fr\/\",\"logo\":{\"@type\":\"ImageObject\",\"inLanguage\":\"fr-FR\",\"@id\":\"https:\/\/www.enriquerequena.com\/fr\/#\/schema\/logo\/image\/\",\"url\":\"https:\/\/www.enriquerequena.com\/wp-content\/uploads\/2019\/11\/enrique-requena-recambios-logotipo.jpg\",\"contentUrl\":\"https:\/\/www.enriquerequena.com\/wp-content\/uploads\/2019\/11\/enrique-requena-recambios-logotipo.jpg\",\"width\":381,\"height\":75,\"caption\":\"Enrique Requena S.L.\"},\"image\":{\"@id\":\"https:\/\/www.enriquerequena.com\/fr\/#\/schema\/logo\/image\/\"}}]}<\/script>\n<!-- \/ Yoast SEO plugin. -->","yoast_head_json":{"title":"Bielle Nissan Cabstar - NT500 121002DB0A - ENRIQUE REQUENA","description":"Bielle\u00a0 de moteur pour Nissan Cabstar et\u00a0 Nissan NT500 avec r\u00e9f\u00e9rence 121002DB0A est une pi\u00e8ce de Nissan neuve avec une garantie d\u2019un an.","robots":{"index":"index","follow":"follow","max-snippet":"max-snippet:-1","max-image-preview":"max-image-preview:large","max-video-preview":"max-video-preview:-1"},"canonical":"https:\/\/www.enriquerequena.com\/fr\/tienda-online\/pieces-detachees-remplacements-moteur\/composants-moteur\/bielle-nissan-cabstar-nt500-121002db0a\/","og_locale":"fr_FR","og_type":"article","og_title":"Bielle Nissan Cabstar - NT500 121002DB0A - ENRIQUE REQUENA","og_description":"Bielle\u00a0 de moteur pour Nissan Cabstar et\u00a0 Nissan NT500 avec r\u00e9f\u00e9rence 121002DB0A est une pi\u00e8ce de Nissan neuve avec une garantie d\u2019un an.","og_url":"https:\/\/www.enriquerequena.com\/fr\/tienda-online\/pieces-detachees-remplacements-moteur\/composants-moteur\/bielle-nissan-cabstar-nt500-121002db0a\/","og_site_name":"ENRIQUE REQUENA","article_modified_time":"2024-11-18T08:53:59+00:00","og_image":[{"width":800,"height":800,"url":"https:\/\/www.enriquerequena.com\/wp-content\/uploads\/2024\/09\/biela-nissan-cabstar2.jpg","type":"image\/jpeg"}],"twitter_card":"summary_large_image","twitter_misc":{"Dur\u00e9e de lecture estim\u00e9e":"2 minutes"},"schema":{"@context":"https:\/\/schema.org","@graph":[{"@type":"WebPage","@id":"https:\/\/www.enriquerequena.com\/fr\/tienda-online\/pieces-detachees-remplacements-moteur\/composants-moteur\/bielle-nissan-cabstar-nt500-121002db0a\/","url":"https:\/\/www.enriquerequena.com\/fr\/tienda-online\/pieces-detachees-remplacements-moteur\/composants-moteur\/bielle-nissan-cabstar-nt500-121002db0a\/","name":"Bielle Nissan Cabstar - NT500 121002DB0A - ENRIQUE REQUENA","isPartOf":{"@id":"https:\/\/www.enriquerequena.com\/fr\/#website"},"primaryImageOfPage":{"@id":"https:\/\/www.enriquerequena.com\/fr\/tienda-online\/pieces-detachees-remplacements-moteur\/composants-moteur\/bielle-nissan-cabstar-nt500-121002db0a\/#primaryimage"},"image":{"@id":"https:\/\/www.enriquerequena.com\/fr\/tienda-online\/pieces-detachees-remplacements-moteur\/composants-moteur\/bielle-nissan-cabstar-nt500-121002db0a\/#primaryimage"},"thumbnailUrl":"https:\/\/www.enriquerequena.com\/wp-content\/uploads\/2024\/09\/biela-nissan-cabstar2.jpg","datePublished":"2024-09-07T17:49:43+00:00","dateModified":"2024-11-18T08:53:59+00:00","description":"Bielle\u00a0 de moteur pour Nissan Cabstar et\u00a0 Nissan NT500 avec r\u00e9f\u00e9rence 121002DB0A est une pi\u00e8ce de Nissan neuve avec une garantie d\u2019un an.","breadcrumb":{"@id":"https:\/\/www.enriquerequena.com\/fr\/tienda-online\/pieces-detachees-remplacements-moteur\/composants-moteur\/bielle-nissan-cabstar-nt500-121002db0a\/#breadcrumb"},"inLanguage":"fr-FR","potentialAction":[{"@type":"ReadAction","target":["https:\/\/www.enriquerequena.com\/fr\/tienda-online\/pieces-detachees-remplacements-moteur\/composants-moteur\/bielle-nissan-cabstar-nt500-121002db0a\/"]}]},{"@type":"ImageObject","inLanguage":"fr-FR","@id":"https:\/\/www.enriquerequena.com\/fr\/tienda-online\/pieces-detachees-remplacements-moteur\/composants-moteur\/bielle-nissan-cabstar-nt500-121002db0a\/#primaryimage","url":"https:\/\/www.enriquerequena.com\/wp-content\/uploads\/2024\/09\/biela-nissan-cabstar2.jpg","contentUrl":"https:\/\/www.enriquerequena.com\/wp-content\/uploads\/2024\/09\/biela-nissan-cabstar2.jpg","width":800,"height":800,"caption":"Bielle Nissan Cabstar - NT500 121002DB0A"},{"@type":"WebSite","@id":"https:\/\/www.enriquerequena.com\/fr\/#website","url":"https:\/\/www.enriquerequena.com\/fr\/","name":"ENRIQUE REQUENA","description":"Sp\u00e9cialistes des transmissions cardan avec des exp\u00e9ditions dans le monde entier et des pi\u00e8ces d\u00e9tach\u00e9es pour voitures, camions et accessoires \u00e0 Valence, en Espagne. Avec vous depuis 1950!","publisher":{"@id":"https:\/\/www.enriquerequena.com\/fr\/#organization"},"potentialAction":[{"@type":"SearchAction","target":{"@type":"EntryPoint","urlTemplate":"https:\/\/www.enriquerequena.com\/fr\/?s={search_term_string}"},"query-input":{"@type":"PropertyValueSpecification","valueRequired":true,"valueName":"search_term_string"}}],"inLanguage":"fr-FR"},{"@type":"Organization","@id":"https:\/\/www.enriquerequena.com\/fr\/#organization","name":"Enrique Requena S.L.","url":"https:\/\/www.enriquerequena.com\/fr\/","logo":{"@type":"ImageObject","inLanguage":"fr-FR","@id":"https:\/\/www.enriquerequena.com\/fr\/#\/schema\/logo\/image\/","url":"https:\/\/www.enriquerequena.com\/wp-content\/uploads\/2019\/11\/enrique-requena-recambios-logotipo.jpg","contentUrl":"https:\/\/www.enriquerequena.com\/wp-content\/uploads\/2019\/11\/enrique-requena-recambios-logotipo.jpg","width":381,"height":75,"caption":"Enrique Requena S.L."},"image":{"@id":"https:\/\/www.enriquerequena.com\/fr\/#\/schema\/logo\/image\/"}}]}},"_links":{"self":[{"href":"https:\/\/www.enriquerequena.com\/fr\/wp-json\/wp\/v2\/product\/30299","targetHints":{"allow":["GET"]}}],"collection":[{"href":"https:\/\/www.enriquerequena.com\/fr\/wp-json\/wp\/v2\/product"}],"about":[{"href":"https:\/\/www.enriquerequena.com\/fr\/wp-json\/wp\/v2\/types\/product"}],"wp:featuredmedia":[{"embeddable":true,"href":"https:\/\/www.enriquerequena.com\/fr\/wp-json\/wp\/v2\/media\/30308"}],"wp:attachment":[{"href":"https:\/\/www.enriquerequena.com\/fr\/wp-json\/wp\/v2\/media?parent=30299"}],"wp:term":[{"taxonomy":"product_brand","embeddable":true,"href":"https:\/\/www.enriquerequena.com\/fr\/wp-json\/wp\/v2\/product_brand?post=30299"},{"taxonomy":"product_cat","embeddable":true,"href":"https:\/\/www.enriquerequena.com\/fr\/wp-json\/wp\/v2\/product_cat?post=30299"},{"taxonomy":"product_tag","embeddable":true,"href":"https:\/\/www.enriquerequena.com\/fr\/wp-json\/wp\/v2\/product_tag?post=30299"}],"curies":[{"name":"wp","href":"https:\/\/api.w.org\/{rel}","templated":true}]}}