{"id":30406,"date":"2024-09-16T18:22:07","date_gmt":"2024-09-16T16:22:07","guid":{"rendered":"https:\/\/www.enriquerequena.com\/?post_type=product&#038;p=30406"},"modified":"2025-07-11T18:00:57","modified_gmt":"2025-07-11T16:00:57","slug":"module-tube-dadmission-dorigine-opel-antara-chevrolet-captiva-cruze-25193560","status":"publish","type":"product","link":"https:\/\/www.enriquerequena.com\/fr\/tienda-online\/pieces-detachees-remplacements-moteur\/collecteurs-dadmission\/module-tube-dadmission-dorigine-opel-antara-chevrolet-captiva-cruze-25193560\/","title":{"rendered":"Module Tube D&rsquo;admission D\u00b4Origine Opel Antara\/ Chevrolet Captiva, Cruze 25193560"},"content":{"rendered":"<h2><strong>Module Tube D&rsquo;admission D\u00b4Origine Opel Antara\/ Chevrolet Captiva, Cruze.<\/strong><\/h2>\n<p><strong>Module Tube D&rsquo;admission D\u00b4Origine pour Opel Antara et Chevrolet Captiva, Cruze <\/strong>avec r\u00e9f\u00e9rences 025189093, 025187010, 025183483, 025183182, 025193560, 25189093, 25187010, 25183483, 25183182, 25193560 est une pi\u00e8ce de Opel et Chevrolet neuve avec une garantie d\u2019un an. C\u2019est le choix le plus \u00e9conomique.<\/p>\n<p>Notre <strong>Module de Tube D&rsquo;admission<\/strong>\u00a0est fabriqu\u00e9 pour supporter des conditions exigeantes et offrir une durabilit\u00e9 et une fiabilit\u00e9 exceptionnelles. Chaque unit\u00e9 est soumise \u00e0 des tests de qualit\u00e9 rigoureux pour garantir qu\u2019elle respecte les normes les plus \u00e9lev\u00e9es et assure un fonctionnement fiable dans diverses situations de conduite.<\/p>\n<p>Avec plus de 74 ans d\u2019exp\u00e9rience dans le secteur des pi\u00e8ces d\u00e9tach\u00e9es automobiles, Enrique Requena a \u00e9tabli une solide r\u00e9putation gr\u00e2ce \u00e0 notre engagement envers la qualit\u00e9 et le service client. Nous proposons des produits de haute qualit\u00e9 \u00e0 des prix comp\u00e9titifs, soutenus par un service exceptionnel et une attention personnalis\u00e9e.<\/p>\n<p>Faites confiance \u00e0 Enrique Requena pour tous vos besoins en pi\u00e8ces d\u00e9tach\u00e9es automobiles et d\u00e9couvrez la diff\u00e9rence que notre expertise et notre d\u00e9vouement peuvent apporter \u00e0 votre v\u00e9hicule. <strong>Passez votre commande d\u00e8s aujourd\u2019hui<\/strong> et assurez le fonctionnement optimal de votre Opel et Chevrolet avec notre Module de Tube D&rsquo;admission D\u00b4Origine.<\/p>\n<h3><strong>Caract\u00e9ristiques techniques Module Tube D&rsquo;admission D\u00b4Origine pour Opel Antara et Chevrolet Captiva, Cruze:<\/strong><\/h3>\n<ul>\n<li>Pi\u00e8ce de rechange: Module Tube D&rsquo;admission D\u00b4Origine<\/li>\n<li>Mod\u00e8le: OPEL ANTARA A (L07) 2.2 CDTi, ANTARA A (L07) 2.2 CDTi 4X4, CAPTIVA (C100, C140) 2.2 D, CRUZE Hatchback (J305) 2.0 CDI, ORLANDO (J309) 2.0 D<\/li>\n<li>Etat: pi\u00e8ce neuve<\/li>\n<li>Garantie d\u2019un an<\/li>\n<li><strong>R\u00e9f\u00e9rences:<\/strong>\n<ul>\n<li>025189093<\/li>\n<li>025187010<\/li>\n<li>025183483<\/li>\n<li>025183182<\/li>\n<li>025193560<\/li>\n<li>25189093<\/li>\n<li>25187010<\/li>\n<li>25183483<\/li>\n<li>25183182<\/li>\n<li>25193560<\/li>\n<\/ul>\n<\/li>\n<\/ul>\n","protected":false},"excerpt":{"rendered":"<p><strong>Module Tube D&rsquo;admission D\u00b4Origine pour Opel Antara et Chevrolet Captiva, Cruze <\/strong>avec r\u00e9f\u00e9rences 025189093, 025187010, 025183483, 025183182, 025193560, 25189093, 25187010, 25183483, 25183182, 25193560 est une pi\u00e8ce de Opel et Chevrolet neuve avec une garantie d\u2019un an.<\/p>\n","protected":false},"featured_media":30409,"template":"","meta":[],"product_brand":[],"product_cat":[10077,198,9839,135],"product_tag":[],"class_list":{"0":"post-30406","1":"product","2":"type-product","3":"status-publish","4":"has-post-thumbnail","6":"product_cat-collecteurs-dadmission","7":"product_cat-moteur-voiture","8":"product_cat-pieces-detachees-remplacements-moteur","9":"product_cat-pieces-rechange-voiture","10":"pa_manufacturer-chevrolet-fr","11":"pa_manufacturer-opel-fr","12":"pa_tipo-4x4","14":"first","15":"instock","16":"taxable","17":"shipping-taxable","18":"purchasable","19":"product-type-simple"},"yoast_head":"<!-- This site is optimized with the Yoast SEO plugin v27.1.1 - https:\/\/yoast.com\/product\/yoast-seo-wordpress\/ -->\n<title>Module Tube D&#039;admission D\u00b4Origine Opel Antara\/ Chevrolet Captiva, Cruze 25193560 - ENRIQUE REQUENA<\/title>\n<meta name=\"description\" content=\"Module Tube D&#039;admission D\u00b4Origine pour Opel Antara et Chevrolet Captiva, Cruze est une pi\u00e8ce neuve avec une garantie d\u2019un an.\" \/>\n<meta name=\"robots\" content=\"index, follow, max-snippet:-1, max-image-preview:large, max-video-preview:-1\" \/>\n<link rel=\"canonical\" href=\"https:\/\/www.enriquerequena.com\/fr\/tienda-online\/pieces-detachees-remplacements-moteur\/collecteurs-dadmission\/module-tube-dadmission-dorigine-opel-antara-chevrolet-captiva-cruze-25193560\/\" \/>\n<meta property=\"og:locale\" content=\"fr_FR\" \/>\n<meta property=\"og:type\" content=\"article\" \/>\n<meta property=\"og:title\" content=\"Module Tube D&#039;admission D\u00b4Origine Opel Antara\/ Chevrolet Captiva, Cruze 25193560 - ENRIQUE REQUENA\" \/>\n<meta property=\"og:description\" content=\"Module Tube D&#039;admission D\u00b4Origine pour Opel Antara et Chevrolet Captiva, Cruze est une pi\u00e8ce neuve avec une garantie d\u2019un an.\" \/>\n<meta property=\"og:url\" content=\"https:\/\/www.enriquerequena.com\/fr\/tienda-online\/pieces-detachees-remplacements-moteur\/collecteurs-dadmission\/module-tube-dadmission-dorigine-opel-antara-chevrolet-captiva-cruze-25193560\/\" \/>\n<meta property=\"og:site_name\" content=\"ENRIQUE REQUENA\" \/>\n<meta property=\"article:modified_time\" content=\"2025-07-11T16:00:57+00:00\" \/>\n<meta property=\"og:image\" content=\"https:\/\/www.enriquerequena.com\/wp-content\/uploads\/2024\/09\/colector-7.jpg\" \/>\n\t<meta property=\"og:image:width\" content=\"800\" \/>\n\t<meta property=\"og:image:height\" content=\"800\" \/>\n\t<meta property=\"og:image:type\" content=\"image\/jpeg\" \/>\n<meta name=\"twitter:card\" content=\"summary_large_image\" \/>\n<meta name=\"twitter:label1\" content=\"Dur\u00e9e de lecture estim\u00e9e\" \/>\n\t<meta name=\"twitter:data1\" content=\"2 minutes\" \/>\n<script type=\"application\/ld+json\" class=\"yoast-schema-graph\">{\"@context\":\"https:\/\/schema.org\",\"@graph\":[{\"@type\":\"WebPage\",\"@id\":\"https:\/\/www.enriquerequena.com\/fr\/tienda-online\/pieces-detachees-remplacements-moteur\/collecteurs-dadmission\/module-tube-dadmission-dorigine-opel-antara-chevrolet-captiva-cruze-25193560\/\",\"url\":\"https:\/\/www.enriquerequena.com\/fr\/tienda-online\/pieces-detachees-remplacements-moteur\/collecteurs-dadmission\/module-tube-dadmission-dorigine-opel-antara-chevrolet-captiva-cruze-25193560\/\",\"name\":\"Module Tube D'admission D\u00b4Origine Opel Antara\/ Chevrolet Captiva, Cruze 25193560 - ENRIQUE REQUENA\",\"isPartOf\":{\"@id\":\"https:\/\/www.enriquerequena.com\/fr\/#website\"},\"primaryImageOfPage\":{\"@id\":\"https:\/\/www.enriquerequena.com\/fr\/tienda-online\/pieces-detachees-remplacements-moteur\/collecteurs-dadmission\/module-tube-dadmission-dorigine-opel-antara-chevrolet-captiva-cruze-25193560\/#primaryimage\"},\"image\":{\"@id\":\"https:\/\/www.enriquerequena.com\/fr\/tienda-online\/pieces-detachees-remplacements-moteur\/collecteurs-dadmission\/module-tube-dadmission-dorigine-opel-antara-chevrolet-captiva-cruze-25193560\/#primaryimage\"},\"thumbnailUrl\":\"https:\/\/www.enriquerequena.com\/wp-content\/uploads\/2024\/09\/colector-7.jpg\",\"datePublished\":\"2024-09-16T16:22:07+00:00\",\"dateModified\":\"2025-07-11T16:00:57+00:00\",\"description\":\"Module Tube D'admission D\u00b4Origine pour Opel Antara et Chevrolet Captiva, Cruze est une pi\u00e8ce neuve avec une garantie d\u2019un an.\",\"breadcrumb\":{\"@id\":\"https:\/\/www.enriquerequena.com\/fr\/tienda-online\/pieces-detachees-remplacements-moteur\/collecteurs-dadmission\/module-tube-dadmission-dorigine-opel-antara-chevrolet-captiva-cruze-25193560\/#breadcrumb\"},\"inLanguage\":\"fr-FR\",\"potentialAction\":[{\"@type\":\"ReadAction\",\"target\":[\"https:\/\/www.enriquerequena.com\/fr\/tienda-online\/pieces-detachees-remplacements-moteur\/collecteurs-dadmission\/module-tube-dadmission-dorigine-opel-antara-chevrolet-captiva-cruze-25193560\/\"]}]},{\"@type\":\"ImageObject\",\"inLanguage\":\"fr-FR\",\"@id\":\"https:\/\/www.enriquerequena.com\/fr\/tienda-online\/pieces-detachees-remplacements-moteur\/collecteurs-dadmission\/module-tube-dadmission-dorigine-opel-antara-chevrolet-captiva-cruze-25193560\/#primaryimage\",\"url\":\"https:\/\/www.enriquerequena.com\/wp-content\/uploads\/2024\/09\/colector-7.jpg\",\"contentUrl\":\"https:\/\/www.enriquerequena.com\/wp-content\/uploads\/2024\/09\/colector-7.jpg\",\"width\":800,\"height\":800,\"caption\":\"Module Tube D'admission D\u00b4Origine Opel Antara\/ Chevrolet Captiva, Cruze 25193560\"},{\"@type\":\"WebSite\",\"@id\":\"https:\/\/www.enriquerequena.com\/fr\/#website\",\"url\":\"https:\/\/www.enriquerequena.com\/fr\/\",\"name\":\"ENRIQUE REQUENA\",\"description\":\"Sp\u00e9cialistes des transmissions cardan avec des exp\u00e9ditions dans le monde entier et des pi\u00e8ces d\u00e9tach\u00e9es pour voitures, camions et accessoires \u00e0 Valence, en Espagne. Avec vous depuis 1950!\",\"publisher\":{\"@id\":\"https:\/\/www.enriquerequena.com\/fr\/#organization\"},\"potentialAction\":[{\"@type\":\"SearchAction\",\"target\":{\"@type\":\"EntryPoint\",\"urlTemplate\":\"https:\/\/www.enriquerequena.com\/fr\/?s={search_term_string}\"},\"query-input\":{\"@type\":\"PropertyValueSpecification\",\"valueRequired\":true,\"valueName\":\"search_term_string\"}}],\"inLanguage\":\"fr-FR\"},{\"@type\":\"Organization\",\"@id\":\"https:\/\/www.enriquerequena.com\/fr\/#organization\",\"name\":\"Enrique Requena S.L.\",\"url\":\"https:\/\/www.enriquerequena.com\/fr\/\",\"logo\":{\"@type\":\"ImageObject\",\"inLanguage\":\"fr-FR\",\"@id\":\"https:\/\/www.enriquerequena.com\/fr\/#\/schema\/logo\/image\/\",\"url\":\"https:\/\/www.enriquerequena.com\/wp-content\/uploads\/2019\/11\/enrique-requena-recambios-logotipo.jpg\",\"contentUrl\":\"https:\/\/www.enriquerequena.com\/wp-content\/uploads\/2019\/11\/enrique-requena-recambios-logotipo.jpg\",\"width\":381,\"height\":75,\"caption\":\"Enrique Requena S.L.\"},\"image\":{\"@id\":\"https:\/\/www.enriquerequena.com\/fr\/#\/schema\/logo\/image\/\"}}]}<\/script>\n<!-- \/ Yoast SEO plugin. -->","yoast_head_json":{"title":"Module Tube D'admission D\u00b4Origine Opel Antara\/ Chevrolet Captiva, Cruze 25193560 - ENRIQUE REQUENA","description":"Module Tube D'admission D\u00b4Origine pour Opel Antara et Chevrolet Captiva, Cruze est une pi\u00e8ce neuve avec une garantie d\u2019un an.","robots":{"index":"index","follow":"follow","max-snippet":"max-snippet:-1","max-image-preview":"max-image-preview:large","max-video-preview":"max-video-preview:-1"},"canonical":"https:\/\/www.enriquerequena.com\/fr\/tienda-online\/pieces-detachees-remplacements-moteur\/collecteurs-dadmission\/module-tube-dadmission-dorigine-opel-antara-chevrolet-captiva-cruze-25193560\/","og_locale":"fr_FR","og_type":"article","og_title":"Module Tube D'admission D\u00b4Origine Opel Antara\/ Chevrolet Captiva, Cruze 25193560 - ENRIQUE REQUENA","og_description":"Module Tube D'admission D\u00b4Origine pour Opel Antara et Chevrolet Captiva, Cruze est une pi\u00e8ce neuve avec une garantie d\u2019un an.","og_url":"https:\/\/www.enriquerequena.com\/fr\/tienda-online\/pieces-detachees-remplacements-moteur\/collecteurs-dadmission\/module-tube-dadmission-dorigine-opel-antara-chevrolet-captiva-cruze-25193560\/","og_site_name":"ENRIQUE REQUENA","article_modified_time":"2025-07-11T16:00:57+00:00","og_image":[{"width":800,"height":800,"url":"https:\/\/www.enriquerequena.com\/wp-content\/uploads\/2024\/09\/colector-7.jpg","type":"image\/jpeg"}],"twitter_card":"summary_large_image","twitter_misc":{"Dur\u00e9e de lecture estim\u00e9e":"2 minutes"},"schema":{"@context":"https:\/\/schema.org","@graph":[{"@type":"WebPage","@id":"https:\/\/www.enriquerequena.com\/fr\/tienda-online\/pieces-detachees-remplacements-moteur\/collecteurs-dadmission\/module-tube-dadmission-dorigine-opel-antara-chevrolet-captiva-cruze-25193560\/","url":"https:\/\/www.enriquerequena.com\/fr\/tienda-online\/pieces-detachees-remplacements-moteur\/collecteurs-dadmission\/module-tube-dadmission-dorigine-opel-antara-chevrolet-captiva-cruze-25193560\/","name":"Module Tube D'admission D\u00b4Origine Opel Antara\/ Chevrolet Captiva, Cruze 25193560 - ENRIQUE REQUENA","isPartOf":{"@id":"https:\/\/www.enriquerequena.com\/fr\/#website"},"primaryImageOfPage":{"@id":"https:\/\/www.enriquerequena.com\/fr\/tienda-online\/pieces-detachees-remplacements-moteur\/collecteurs-dadmission\/module-tube-dadmission-dorigine-opel-antara-chevrolet-captiva-cruze-25193560\/#primaryimage"},"image":{"@id":"https:\/\/www.enriquerequena.com\/fr\/tienda-online\/pieces-detachees-remplacements-moteur\/collecteurs-dadmission\/module-tube-dadmission-dorigine-opel-antara-chevrolet-captiva-cruze-25193560\/#primaryimage"},"thumbnailUrl":"https:\/\/www.enriquerequena.com\/wp-content\/uploads\/2024\/09\/colector-7.jpg","datePublished":"2024-09-16T16:22:07+00:00","dateModified":"2025-07-11T16:00:57+00:00","description":"Module Tube D'admission D\u00b4Origine pour Opel Antara et Chevrolet Captiva, Cruze est une pi\u00e8ce neuve avec une garantie d\u2019un an.","breadcrumb":{"@id":"https:\/\/www.enriquerequena.com\/fr\/tienda-online\/pieces-detachees-remplacements-moteur\/collecteurs-dadmission\/module-tube-dadmission-dorigine-opel-antara-chevrolet-captiva-cruze-25193560\/#breadcrumb"},"inLanguage":"fr-FR","potentialAction":[{"@type":"ReadAction","target":["https:\/\/www.enriquerequena.com\/fr\/tienda-online\/pieces-detachees-remplacements-moteur\/collecteurs-dadmission\/module-tube-dadmission-dorigine-opel-antara-chevrolet-captiva-cruze-25193560\/"]}]},{"@type":"ImageObject","inLanguage":"fr-FR","@id":"https:\/\/www.enriquerequena.com\/fr\/tienda-online\/pieces-detachees-remplacements-moteur\/collecteurs-dadmission\/module-tube-dadmission-dorigine-opel-antara-chevrolet-captiva-cruze-25193560\/#primaryimage","url":"https:\/\/www.enriquerequena.com\/wp-content\/uploads\/2024\/09\/colector-7.jpg","contentUrl":"https:\/\/www.enriquerequena.com\/wp-content\/uploads\/2024\/09\/colector-7.jpg","width":800,"height":800,"caption":"Module Tube D'admission D\u00b4Origine Opel Antara\/ Chevrolet Captiva, Cruze 25193560"},{"@type":"WebSite","@id":"https:\/\/www.enriquerequena.com\/fr\/#website","url":"https:\/\/www.enriquerequena.com\/fr\/","name":"ENRIQUE REQUENA","description":"Sp\u00e9cialistes des transmissions cardan avec des exp\u00e9ditions dans le monde entier et des pi\u00e8ces d\u00e9tach\u00e9es pour voitures, camions et accessoires \u00e0 Valence, en Espagne. Avec vous depuis 1950!","publisher":{"@id":"https:\/\/www.enriquerequena.com\/fr\/#organization"},"potentialAction":[{"@type":"SearchAction","target":{"@type":"EntryPoint","urlTemplate":"https:\/\/www.enriquerequena.com\/fr\/?s={search_term_string}"},"query-input":{"@type":"PropertyValueSpecification","valueRequired":true,"valueName":"search_term_string"}}],"inLanguage":"fr-FR"},{"@type":"Organization","@id":"https:\/\/www.enriquerequena.com\/fr\/#organization","name":"Enrique Requena S.L.","url":"https:\/\/www.enriquerequena.com\/fr\/","logo":{"@type":"ImageObject","inLanguage":"fr-FR","@id":"https:\/\/www.enriquerequena.com\/fr\/#\/schema\/logo\/image\/","url":"https:\/\/www.enriquerequena.com\/wp-content\/uploads\/2019\/11\/enrique-requena-recambios-logotipo.jpg","contentUrl":"https:\/\/www.enriquerequena.com\/wp-content\/uploads\/2019\/11\/enrique-requena-recambios-logotipo.jpg","width":381,"height":75,"caption":"Enrique Requena S.L."},"image":{"@id":"https:\/\/www.enriquerequena.com\/fr\/#\/schema\/logo\/image\/"}}]}},"_links":{"self":[{"href":"https:\/\/www.enriquerequena.com\/fr\/wp-json\/wp\/v2\/product\/30406","targetHints":{"allow":["GET"]}}],"collection":[{"href":"https:\/\/www.enriquerequena.com\/fr\/wp-json\/wp\/v2\/product"}],"about":[{"href":"https:\/\/www.enriquerequena.com\/fr\/wp-json\/wp\/v2\/types\/product"}],"wp:featuredmedia":[{"embeddable":true,"href":"https:\/\/www.enriquerequena.com\/fr\/wp-json\/wp\/v2\/media\/30409"}],"wp:attachment":[{"href":"https:\/\/www.enriquerequena.com\/fr\/wp-json\/wp\/v2\/media?parent=30406"}],"wp:term":[{"taxonomy":"product_brand","embeddable":true,"href":"https:\/\/www.enriquerequena.com\/fr\/wp-json\/wp\/v2\/product_brand?post=30406"},{"taxonomy":"product_cat","embeddable":true,"href":"https:\/\/www.enriquerequena.com\/fr\/wp-json\/wp\/v2\/product_cat?post=30406"},{"taxonomy":"product_tag","embeddable":true,"href":"https:\/\/www.enriquerequena.com\/fr\/wp-json\/wp\/v2\/product_tag?post=30406"}],"curies":[{"name":"wp","href":"https:\/\/api.w.org\/{rel}","templated":true}]}}