{"id":30453,"date":"2024-09-27T14:14:58","date_gmt":"2024-09-27T12:14:58","guid":{"rendered":"https:\/\/www.enriquerequena.com\/?post_type=product&#038;p=30453"},"modified":"2024-11-18T09:53:53","modified_gmt":"2024-11-18T08:53:53","slug":"phare-avant-droit-nissan-cabstar-26010lc60a","status":"publish","type":"product","link":"https:\/\/www.enriquerequena.com\/fr\/tienda-online\/pieces-detachees-remplacements-electricite\/phares\/phare-avant-droit-nissan-cabstar-26010lc60a\/","title":{"rendered":"Phare Avant Droit Nissan Cabstar 26010LC60A"},"content":{"rendered":"<p><strong>Phare Avant Droit de Nissan Cabstar <\/strong>avec r\u00e9f\u00e9rence 26010LC60A <strong>\u00a0<\/strong>est une pi\u00e8ce de Nissan neuve avec une garantie d\u2019un an. C\u2019est le choix le plus \u00e9conomique.<\/p>\n<p>Notre <strong>Phare Avant<\/strong>\u00a0est fabriqu\u00e9 pour supporter des conditions exigeantes et offrir une durabilit\u00e9 et une fiabilit\u00e9 exceptionnelles. Chaque unit\u00e9 est soumise \u00e0 des tests de qualit\u00e9 rigoureux pour garantir qu\u2019elle respecte les normes les plus \u00e9lev\u00e9es et assure un fonctionnement fiable dans diverses situations de conduite.<\/p>\n<p>Avec plus de 74 ans d\u2019exp\u00e9rience dans le secteur des pi\u00e8ces d\u00e9tach\u00e9es automobiles, Enrique Requena a \u00e9tabli une solide r\u00e9putation gr\u00e2ce \u00e0 notre engagement envers la qualit\u00e9 et le service client. Nous proposons des produits de haute qualit\u00e9 \u00e0 des prix comp\u00e9titifs, soutenus par un service exceptionnel et une attention personnalis\u00e9e.<\/p>\n<p>Faites confiance \u00e0 Enrique Requena pour tous vos besoins en pi\u00e8ces d\u00e9tach\u00e9es automobiles et d\u00e9couvrez la diff\u00e9rence que notre expertise et notre d\u00e9vouement peuvent apporter \u00e0 votre v\u00e9hicule.<\/p>\n<p><strong>Passez votre commande d\u00e8s aujourd\u2019hui<\/strong> et assurez le fonctionnement optimal de votre camion avec notre <strong>Phare\u00a0<\/strong>de Nissan Cabstar.<\/p>\n<p>Caract\u00e9ristiques techniques Phare Avant Droit Nissan Cabstar 26010LC60A<\/p>\n<ul>\n<li>Pi\u00e8ce de rechange: Phare<\/li>\n<li>Mod\u00e8le: Nissan Cabstar<\/li>\n<li>Etat: pi\u00e8ce neuve<\/li>\n<li>Garantie d\u2019un an<\/li>\n<li><strong>R\u00e9f\u00e9rences:<\/strong>\n<ul>\n<li>26010LC60A<\/li>\n<\/ul>\n<\/li>\n<\/ul>\n","protected":false},"excerpt":{"rendered":"<p><strong>Phare Avant Droit de Nissan Cabstar <\/strong>avec r\u00e9f\u00e9rence 26010LC60A <strong>\u00a0<\/strong>est une pi\u00e8ce de Nissan neuve avec une garantie d\u2019un an. C\u2019est le choix le plus \u00e9conomique.<\/p>\n","protected":false},"featured_media":30456,"template":"","meta":[],"product_brand":[],"product_cat":[9845,9894,138],"product_tag":[],"class_list":{"0":"post-30453","1":"product","2":"type-product","3":"status-publish","4":"has-post-thumbnail","6":"product_cat-pieces-detachees-remplacements-electricite","7":"product_cat-phares","8":"product_cat-pieces-rechange-camions","9":"pa_manufacturer-nissan","10":"pa_tipo-camions-poids-lourds","12":"first","13":"instock","14":"taxable","15":"shipping-taxable","16":"purchasable","17":"product-type-simple"},"yoast_head":"<!-- This site is optimized with the Yoast SEO plugin v27.1.1 - https:\/\/yoast.com\/product\/yoast-seo-wordpress\/ -->\n<title>Phare Avant Droit Nissan Cabstar 26010LC60A - ENRIQUE REQUENA<\/title>\n<meta name=\"description\" content=\"Phare Avant Droit de Nissan Cabstar avec r\u00e9f\u00e9rence 26010LC60A \u00a0est une pi\u00e8ce de Nissan neuve avec une garantie d\u2019un an. C\u2019est le choix le plus \u00e9conomique.\" \/>\n<meta name=\"robots\" content=\"index, follow, max-snippet:-1, max-image-preview:large, max-video-preview:-1\" \/>\n<link rel=\"canonical\" href=\"https:\/\/www.enriquerequena.com\/fr\/tienda-online\/pieces-detachees-remplacements-electricite\/phares\/phare-avant-droit-nissan-cabstar-26010lc60a\/\" \/>\n<meta property=\"og:locale\" content=\"fr_FR\" \/>\n<meta property=\"og:type\" content=\"article\" \/>\n<meta property=\"og:title\" content=\"Phare Avant Droit Nissan Cabstar 26010LC60A - ENRIQUE REQUENA\" \/>\n<meta property=\"og:description\" content=\"Phare Avant Droit de Nissan Cabstar avec r\u00e9f\u00e9rence 26010LC60A \u00a0est une pi\u00e8ce de Nissan neuve avec une garantie d\u2019un an. C\u2019est le choix le plus \u00e9conomique.\" \/>\n<meta property=\"og:url\" content=\"https:\/\/www.enriquerequena.com\/fr\/tienda-online\/pieces-detachees-remplacements-electricite\/phares\/phare-avant-droit-nissan-cabstar-26010lc60a\/\" \/>\n<meta property=\"og:site_name\" content=\"ENRIQUE REQUENA\" \/>\n<meta property=\"article:modified_time\" content=\"2024-11-18T08:53:53+00:00\" \/>\n<meta property=\"og:image\" content=\"https:\/\/www.enriquerequena.com\/wp-content\/uploads\/2024\/09\/faro-derecho-woocommerce.png\" \/>\n\t<meta property=\"og:image:width\" content=\"800\" \/>\n\t<meta property=\"og:image:height\" content=\"800\" \/>\n\t<meta property=\"og:image:type\" content=\"image\/png\" \/>\n<meta name=\"twitter:card\" content=\"summary_large_image\" \/>\n<meta name=\"twitter:label1\" content=\"Dur\u00e9e de lecture estim\u00e9e\" \/>\n\t<meta name=\"twitter:data1\" content=\"2 minutes\" \/>\n<script type=\"application\/ld+json\" class=\"yoast-schema-graph\">{\"@context\":\"https:\/\/schema.org\",\"@graph\":[{\"@type\":\"WebPage\",\"@id\":\"https:\/\/www.enriquerequena.com\/fr\/tienda-online\/pieces-detachees-remplacements-electricite\/phares\/phare-avant-droit-nissan-cabstar-26010lc60a\/\",\"url\":\"https:\/\/www.enriquerequena.com\/fr\/tienda-online\/pieces-detachees-remplacements-electricite\/phares\/phare-avant-droit-nissan-cabstar-26010lc60a\/\",\"name\":\"Phare Avant Droit Nissan Cabstar 26010LC60A - ENRIQUE REQUENA\",\"isPartOf\":{\"@id\":\"https:\/\/www.enriquerequena.com\/fr\/#website\"},\"primaryImageOfPage\":{\"@id\":\"https:\/\/www.enriquerequena.com\/fr\/tienda-online\/pieces-detachees-remplacements-electricite\/phares\/phare-avant-droit-nissan-cabstar-26010lc60a\/#primaryimage\"},\"image\":{\"@id\":\"https:\/\/www.enriquerequena.com\/fr\/tienda-online\/pieces-detachees-remplacements-electricite\/phares\/phare-avant-droit-nissan-cabstar-26010lc60a\/#primaryimage\"},\"thumbnailUrl\":\"https:\/\/www.enriquerequena.com\/wp-content\/uploads\/2024\/09\/faro-derecho-woocommerce.png\",\"datePublished\":\"2024-09-27T12:14:58+00:00\",\"dateModified\":\"2024-11-18T08:53:53+00:00\",\"description\":\"Phare Avant Droit de Nissan Cabstar avec r\u00e9f\u00e9rence 26010LC60A \u00a0est une pi\u00e8ce de Nissan neuve avec une garantie d\u2019un an. C\u2019est le choix le plus \u00e9conomique.\",\"breadcrumb\":{\"@id\":\"https:\/\/www.enriquerequena.com\/fr\/tienda-online\/pieces-detachees-remplacements-electricite\/phares\/phare-avant-droit-nissan-cabstar-26010lc60a\/#breadcrumb\"},\"inLanguage\":\"fr-FR\",\"potentialAction\":[{\"@type\":\"ReadAction\",\"target\":[\"https:\/\/www.enriquerequena.com\/fr\/tienda-online\/pieces-detachees-remplacements-electricite\/phares\/phare-avant-droit-nissan-cabstar-26010lc60a\/\"]}]},{\"@type\":\"ImageObject\",\"inLanguage\":\"fr-FR\",\"@id\":\"https:\/\/www.enriquerequena.com\/fr\/tienda-online\/pieces-detachees-remplacements-electricite\/phares\/phare-avant-droit-nissan-cabstar-26010lc60a\/#primaryimage\",\"url\":\"https:\/\/www.enriquerequena.com\/wp-content\/uploads\/2024\/09\/faro-derecho-woocommerce.png\",\"contentUrl\":\"https:\/\/www.enriquerequena.com\/wp-content\/uploads\/2024\/09\/faro-derecho-woocommerce.png\",\"width\":800,\"height\":800,\"caption\":\"Phare Avant Droit Renault Maxity 5001872437\"},{\"@type\":\"WebSite\",\"@id\":\"https:\/\/www.enriquerequena.com\/fr\/#website\",\"url\":\"https:\/\/www.enriquerequena.com\/fr\/\",\"name\":\"ENRIQUE REQUENA\",\"description\":\"Sp\u00e9cialistes des transmissions cardan avec des exp\u00e9ditions dans le monde entier et des pi\u00e8ces d\u00e9tach\u00e9es pour voitures, camions et accessoires \u00e0 Valence, en Espagne. Avec vous depuis 1950!\",\"publisher\":{\"@id\":\"https:\/\/www.enriquerequena.com\/fr\/#organization\"},\"potentialAction\":[{\"@type\":\"SearchAction\",\"target\":{\"@type\":\"EntryPoint\",\"urlTemplate\":\"https:\/\/www.enriquerequena.com\/fr\/?s={search_term_string}\"},\"query-input\":{\"@type\":\"PropertyValueSpecification\",\"valueRequired\":true,\"valueName\":\"search_term_string\"}}],\"inLanguage\":\"fr-FR\"},{\"@type\":\"Organization\",\"@id\":\"https:\/\/www.enriquerequena.com\/fr\/#organization\",\"name\":\"Enrique Requena S.L.\",\"url\":\"https:\/\/www.enriquerequena.com\/fr\/\",\"logo\":{\"@type\":\"ImageObject\",\"inLanguage\":\"fr-FR\",\"@id\":\"https:\/\/www.enriquerequena.com\/fr\/#\/schema\/logo\/image\/\",\"url\":\"https:\/\/www.enriquerequena.com\/wp-content\/uploads\/2019\/11\/enrique-requena-recambios-logotipo.jpg\",\"contentUrl\":\"https:\/\/www.enriquerequena.com\/wp-content\/uploads\/2019\/11\/enrique-requena-recambios-logotipo.jpg\",\"width\":381,\"height\":75,\"caption\":\"Enrique Requena S.L.\"},\"image\":{\"@id\":\"https:\/\/www.enriquerequena.com\/fr\/#\/schema\/logo\/image\/\"}}]}<\/script>\n<!-- \/ Yoast SEO plugin. -->","yoast_head_json":{"title":"Phare Avant Droit Nissan Cabstar 26010LC60A - ENRIQUE REQUENA","description":"Phare Avant Droit de Nissan Cabstar avec r\u00e9f\u00e9rence 26010LC60A \u00a0est une pi\u00e8ce de Nissan neuve avec une garantie d\u2019un an. C\u2019est le choix le plus \u00e9conomique.","robots":{"index":"index","follow":"follow","max-snippet":"max-snippet:-1","max-image-preview":"max-image-preview:large","max-video-preview":"max-video-preview:-1"},"canonical":"https:\/\/www.enriquerequena.com\/fr\/tienda-online\/pieces-detachees-remplacements-electricite\/phares\/phare-avant-droit-nissan-cabstar-26010lc60a\/","og_locale":"fr_FR","og_type":"article","og_title":"Phare Avant Droit Nissan Cabstar 26010LC60A - ENRIQUE REQUENA","og_description":"Phare Avant Droit de Nissan Cabstar avec r\u00e9f\u00e9rence 26010LC60A \u00a0est une pi\u00e8ce de Nissan neuve avec une garantie d\u2019un an. C\u2019est le choix le plus \u00e9conomique.","og_url":"https:\/\/www.enriquerequena.com\/fr\/tienda-online\/pieces-detachees-remplacements-electricite\/phares\/phare-avant-droit-nissan-cabstar-26010lc60a\/","og_site_name":"ENRIQUE REQUENA","article_modified_time":"2024-11-18T08:53:53+00:00","og_image":[{"width":800,"height":800,"url":"https:\/\/www.enriquerequena.com\/wp-content\/uploads\/2024\/09\/faro-derecho-woocommerce.png","type":"image\/png"}],"twitter_card":"summary_large_image","twitter_misc":{"Dur\u00e9e de lecture estim\u00e9e":"2 minutes"},"schema":{"@context":"https:\/\/schema.org","@graph":[{"@type":"WebPage","@id":"https:\/\/www.enriquerequena.com\/fr\/tienda-online\/pieces-detachees-remplacements-electricite\/phares\/phare-avant-droit-nissan-cabstar-26010lc60a\/","url":"https:\/\/www.enriquerequena.com\/fr\/tienda-online\/pieces-detachees-remplacements-electricite\/phares\/phare-avant-droit-nissan-cabstar-26010lc60a\/","name":"Phare Avant Droit Nissan Cabstar 26010LC60A - ENRIQUE REQUENA","isPartOf":{"@id":"https:\/\/www.enriquerequena.com\/fr\/#website"},"primaryImageOfPage":{"@id":"https:\/\/www.enriquerequena.com\/fr\/tienda-online\/pieces-detachees-remplacements-electricite\/phares\/phare-avant-droit-nissan-cabstar-26010lc60a\/#primaryimage"},"image":{"@id":"https:\/\/www.enriquerequena.com\/fr\/tienda-online\/pieces-detachees-remplacements-electricite\/phares\/phare-avant-droit-nissan-cabstar-26010lc60a\/#primaryimage"},"thumbnailUrl":"https:\/\/www.enriquerequena.com\/wp-content\/uploads\/2024\/09\/faro-derecho-woocommerce.png","datePublished":"2024-09-27T12:14:58+00:00","dateModified":"2024-11-18T08:53:53+00:00","description":"Phare Avant Droit de Nissan Cabstar avec r\u00e9f\u00e9rence 26010LC60A \u00a0est une pi\u00e8ce de Nissan neuve avec une garantie d\u2019un an. C\u2019est le choix le plus \u00e9conomique.","breadcrumb":{"@id":"https:\/\/www.enriquerequena.com\/fr\/tienda-online\/pieces-detachees-remplacements-electricite\/phares\/phare-avant-droit-nissan-cabstar-26010lc60a\/#breadcrumb"},"inLanguage":"fr-FR","potentialAction":[{"@type":"ReadAction","target":["https:\/\/www.enriquerequena.com\/fr\/tienda-online\/pieces-detachees-remplacements-electricite\/phares\/phare-avant-droit-nissan-cabstar-26010lc60a\/"]}]},{"@type":"ImageObject","inLanguage":"fr-FR","@id":"https:\/\/www.enriquerequena.com\/fr\/tienda-online\/pieces-detachees-remplacements-electricite\/phares\/phare-avant-droit-nissan-cabstar-26010lc60a\/#primaryimage","url":"https:\/\/www.enriquerequena.com\/wp-content\/uploads\/2024\/09\/faro-derecho-woocommerce.png","contentUrl":"https:\/\/www.enriquerequena.com\/wp-content\/uploads\/2024\/09\/faro-derecho-woocommerce.png","width":800,"height":800,"caption":"Phare Avant Droit Renault Maxity 5001872437"},{"@type":"WebSite","@id":"https:\/\/www.enriquerequena.com\/fr\/#website","url":"https:\/\/www.enriquerequena.com\/fr\/","name":"ENRIQUE REQUENA","description":"Sp\u00e9cialistes des transmissions cardan avec des exp\u00e9ditions dans le monde entier et des pi\u00e8ces d\u00e9tach\u00e9es pour voitures, camions et accessoires \u00e0 Valence, en Espagne. Avec vous depuis 1950!","publisher":{"@id":"https:\/\/www.enriquerequena.com\/fr\/#organization"},"potentialAction":[{"@type":"SearchAction","target":{"@type":"EntryPoint","urlTemplate":"https:\/\/www.enriquerequena.com\/fr\/?s={search_term_string}"},"query-input":{"@type":"PropertyValueSpecification","valueRequired":true,"valueName":"search_term_string"}}],"inLanguage":"fr-FR"},{"@type":"Organization","@id":"https:\/\/www.enriquerequena.com\/fr\/#organization","name":"Enrique Requena S.L.","url":"https:\/\/www.enriquerequena.com\/fr\/","logo":{"@type":"ImageObject","inLanguage":"fr-FR","@id":"https:\/\/www.enriquerequena.com\/fr\/#\/schema\/logo\/image\/","url":"https:\/\/www.enriquerequena.com\/wp-content\/uploads\/2019\/11\/enrique-requena-recambios-logotipo.jpg","contentUrl":"https:\/\/www.enriquerequena.com\/wp-content\/uploads\/2019\/11\/enrique-requena-recambios-logotipo.jpg","width":381,"height":75,"caption":"Enrique Requena S.L."},"image":{"@id":"https:\/\/www.enriquerequena.com\/fr\/#\/schema\/logo\/image\/"}}]}},"_links":{"self":[{"href":"https:\/\/www.enriquerequena.com\/fr\/wp-json\/wp\/v2\/product\/30453","targetHints":{"allow":["GET"]}}],"collection":[{"href":"https:\/\/www.enriquerequena.com\/fr\/wp-json\/wp\/v2\/product"}],"about":[{"href":"https:\/\/www.enriquerequena.com\/fr\/wp-json\/wp\/v2\/types\/product"}],"wp:featuredmedia":[{"embeddable":true,"href":"https:\/\/www.enriquerequena.com\/fr\/wp-json\/wp\/v2\/media\/30456"}],"wp:attachment":[{"href":"https:\/\/www.enriquerequena.com\/fr\/wp-json\/wp\/v2\/media?parent=30453"}],"wp:term":[{"taxonomy":"product_brand","embeddable":true,"href":"https:\/\/www.enriquerequena.com\/fr\/wp-json\/wp\/v2\/product_brand?post=30453"},{"taxonomy":"product_cat","embeddable":true,"href":"https:\/\/www.enriquerequena.com\/fr\/wp-json\/wp\/v2\/product_cat?post=30453"},{"taxonomy":"product_tag","embeddable":true,"href":"https:\/\/www.enriquerequena.com\/fr\/wp-json\/wp\/v2\/product_tag?post=30453"}],"curies":[{"name":"wp","href":"https:\/\/api.w.org\/{rel}","templated":true}]}}