{"id":3073,"date":"2016-04-16T17:56:56","date_gmt":"2016-04-16T17:56:56","guid":{"rendered":"https:\/\/www.enriquerequena.com\/?post_type=product&#038;p=3073"},"modified":"2023-02-07T17:25:18","modified_gmt":"2023-02-07T16:25:18","slug":"491003e420-491003e110-491003e000-491003e100-arbre-de-transmision-cardan-kia-sorento","status":"publish","type":"product","link":"https:\/\/www.enriquerequena.com\/fr\/tienda-online\/arbre-transmission-cardan\/arbre-transmission-cardan-4x4\/491003e420-491003e110-491003e000-491003e100-arbre-de-transmision-cardan-kia-sorento\/","title":{"rendered":"491003E420, 491003E110, 491003E000, 491003E100, Arbre de Transmision Cardan Kia Sorento"},"content":{"rendered":"<p style=\"text-align: justify;\"><span style=\"color: #666699;\">Nous proposons un <strong>arbre de transmission<\/strong> ou <strong>cardan<\/strong> pour <strong>Kia sorento neuf<\/strong> et de<strong> fabrication espagnole<\/strong>. Ce <strong>cardan<\/strong> a un sch\u00e9ma de joint coulissant, de tube et de joint fixe. Son utilit\u00e9 pour les <strong>quatre r\u00e9f\u00e9rences<\/strong> est qu\u2019il dispose d\u2019une <strong>joint\u00a0coulissant\u00a0extra-longue<\/strong> qui couvre les <strong>quatre longueurs<\/strong> de r\u00e9f\u00e9rences 491003E420, 491003E110, 491003E000, 491003E100.<\/span><\/p>\n<p style=\"text-align: justify;\"><span style=\"color: #666699;\">Nous sommes le distributeur de transmissions et cardan <strong>GKN<\/strong> \u00e0 <strong>Valence<\/strong>, premier fabricant mondial de premier \u00e9quipement et de pi\u00e8ces de rechange.<\/span><\/p>\n<p style=\"text-align: justify;\"><span style=\"color: #666699;\">Nous sommes <strong>depuis 1950<\/strong>, avec <strong>70 ans d\u2019exp\u00e9rience<\/strong> sur le march\u00e9 et la <strong>commercialisation<\/strong> de tous <strong>types de composants<\/strong> de<strong> cardan<\/strong> et de<strong> transmission<\/strong>.<\/span><\/p>\n<p style=\"text-align: justify;\"><span style=\"color: #666699;\">Appelez-nous et consultez-nous, nous serons heureux de vous aider.<\/span><\/p>\n<p style=\"text-align: justify;\"><span style=\"color: #666699;\">&#8211; MOD\u00c8LE: KIA SORENTO<\/span><\/p>\n<p style=\"text-align: justify;\"><span style=\"color: #666699;\">&#8211; REF:\u00a0491003E420 &#8211; 49100-3E420 &#8211; LONG &#8211; 640 MM<\/span><\/p>\n<p style=\"text-align: justify;\"><span style=\"color: #666699;\">&#8211; REF: 491003E110 &#8211; 49100-3E110 &#8211;\u00a0 LONG- 675 MM <\/span><\/p>\n<p style=\"text-align: justify;\"><span style=\"color: #666699;\">&#8211; REF: 491003E000 &#8211; 49100-3E000-\u00a0 LONG &#8211; 646 MM <\/span><\/p>\n<p style=\"text-align: justify;\"><span style=\"color: #666699;\">&#8211; REF: 491003E100.-<span style=\"color: #666699;\">49100-3E100 &#8211;<\/span>\u00a0 LONG &#8211; 660 MM<\/span><\/p>\n","protected":false},"excerpt":{"rendered":"<p>Disponibilit\u00e9 en stock d&rsquo;arbre de transmission neuf et de fabrication espagnole pour le kia sorento.<\/p>\n","protected":false},"featured_media":3074,"template":"","meta":[],"product_brand":[118],"product_cat":[144,156],"product_tag":[],"class_list":{"0":"post-3073","1":"product","2":"type-product","3":"status-publish","4":"has-post-thumbnail","6":"product_brand-kia","7":"product_cat-arbre-transmission-cardan","8":"product_cat-arbre-transmission-cardan-4x4","9":"pa_manufacturer-kia","10":"pa_tipo-4x4","12":"first","13":"instock","14":"taxable","15":"shipping-taxable","16":"purchasable","17":"product-type-simple"},"yoast_head":"<!-- This site is optimized with the Yoast SEO plugin v27.5 - https:\/\/yoast.com\/product\/yoast-seo-wordpress\/ -->\n<title>491003E420, 491003E110, 491003E000, 491003E100, Arbre de Transmision Cardan Kia Sorento<\/title>\n<meta name=\"description\" content=\"Nous proposons un arbre de transmission ou cardan pour Kia sorento neuf et de fabrication espagnole. Ce cardan a un sch\u00e9ma de joint coulissant, de tube et de joint fixe. Son utilit\u00e9 pour les quatre r\u00e9f\u00e9rences est qu\u2019il dispose d\u2019une joint\u00a0coulissant\u00a0extra-longue qui couvre les quatre longueurs de r\u00e9f\u00e9rences 491003E420, 491003E110, 491003E000, 491003E100.\" \/>\n<meta name=\"robots\" content=\"index, follow, max-snippet:-1, max-image-preview:large, max-video-preview:-1\" \/>\n<link rel=\"canonical\" href=\"https:\/\/www.enriquerequena.com\/fr\/tienda-online\/arbre-transmission-cardan\/arbre-transmission-cardan-4x4\/491003e420-491003e110-491003e000-491003e100-arbre-de-transmision-cardan-kia-sorento\/\" \/>\n<meta property=\"og:locale\" content=\"fr_FR\" \/>\n<meta property=\"og:type\" content=\"article\" \/>\n<meta property=\"og:title\" content=\"491003E420, 491003E110, 491003E000, 491003E100, Arbre de Transmision Cardan Kia Sorento\" \/>\n<meta property=\"og:description\" content=\"Nous proposons un arbre de transmission ou cardan pour Kia sorento neuf et de fabrication espagnole. Ce cardan a un sch\u00e9ma de joint coulissant, de tube et de joint fixe. Son utilit\u00e9 pour les quatre r\u00e9f\u00e9rences est qu\u2019il dispose d\u2019une joint\u00a0coulissant\u00a0extra-longue qui couvre les quatre longueurs de r\u00e9f\u00e9rences 491003E420, 491003E110, 491003E000, 491003E100.\" \/>\n<meta property=\"og:url\" content=\"https:\/\/www.enriquerequena.com\/fr\/tienda-online\/arbre-transmission-cardan\/arbre-transmission-cardan-4x4\/491003e420-491003e110-491003e000-491003e100-arbre-de-transmision-cardan-kia-sorento\/\" \/>\n<meta property=\"og:site_name\" content=\"ENRIQUE REQUENA\" \/>\n<meta property=\"article:modified_time\" content=\"2023-02-07T16:25:18+00:00\" \/>\n<meta property=\"og:image\" content=\"https:\/\/www.enriquerequena.com\/wp-content\/uploads\/2019\/10\/products-491003e150-TRANSMISION-CARDAN-KIA-SORENTO-3--2.jpg\" \/>\n\t<meta property=\"og:image:width\" content=\"800\" \/>\n\t<meta property=\"og:image:height\" content=\"800\" \/>\n\t<meta property=\"og:image:type\" content=\"image\/jpeg\" \/>\n<meta name=\"twitter:card\" content=\"summary_large_image\" \/>\n<meta name=\"twitter:label1\" content=\"Dur\u00e9e de lecture estim\u00e9e\" \/>\n\t<meta name=\"twitter:data1\" content=\"1 minute\" \/>\n<script type=\"application\/ld+json\" class=\"yoast-schema-graph\">{\"@context\":\"https:\\\/\\\/schema.org\",\"@graph\":[{\"@type\":\"WebPage\",\"@id\":\"https:\\\/\\\/www.enriquerequena.com\\\/fr\\\/tienda-online\\\/arbre-transmission-cardan\\\/arbre-transmission-cardan-4x4\\\/491003e420-491003e110-491003e000-491003e100-arbre-de-transmision-cardan-kia-sorento\\\/\",\"url\":\"https:\\\/\\\/www.enriquerequena.com\\\/fr\\\/tienda-online\\\/arbre-transmission-cardan\\\/arbre-transmission-cardan-4x4\\\/491003e420-491003e110-491003e000-491003e100-arbre-de-transmision-cardan-kia-sorento\\\/\",\"name\":\"491003E420, 491003E110, 491003E000, 491003E100, Arbre de Transmision Cardan Kia Sorento\",\"isPartOf\":{\"@id\":\"https:\\\/\\\/www.enriquerequena.com\\\/fr\\\/#website\"},\"primaryImageOfPage\":{\"@id\":\"https:\\\/\\\/www.enriquerequena.com\\\/fr\\\/tienda-online\\\/arbre-transmission-cardan\\\/arbre-transmission-cardan-4x4\\\/491003e420-491003e110-491003e000-491003e100-arbre-de-transmision-cardan-kia-sorento\\\/#primaryimage\"},\"image\":{\"@id\":\"https:\\\/\\\/www.enriquerequena.com\\\/fr\\\/tienda-online\\\/arbre-transmission-cardan\\\/arbre-transmission-cardan-4x4\\\/491003e420-491003e110-491003e000-491003e100-arbre-de-transmision-cardan-kia-sorento\\\/#primaryimage\"},\"thumbnailUrl\":\"https:\\\/\\\/www.enriquerequena.com\\\/wp-content\\\/uploads\\\/2019\\\/10\\\/products-491003e150-TRANSMISION-CARDAN-KIA-SORENTO-3--2.jpg\",\"datePublished\":\"2016-04-16T17:56:56+00:00\",\"dateModified\":\"2023-02-07T16:25:18+00:00\",\"description\":\"Nous proposons un arbre de transmission ou cardan pour Kia sorento neuf et de fabrication espagnole. Ce cardan a un sch\u00e9ma de joint coulissant, de tube et de joint fixe. Son utilit\u00e9 pour les quatre r\u00e9f\u00e9rences est qu\u2019il dispose d\u2019une joint\u00a0coulissant\u00a0extra-longue qui couvre les quatre longueurs de r\u00e9f\u00e9rences 491003E420, 491003E110, 491003E000, 491003E100.\",\"breadcrumb\":{\"@id\":\"https:\\\/\\\/www.enriquerequena.com\\\/fr\\\/tienda-online\\\/arbre-transmission-cardan\\\/arbre-transmission-cardan-4x4\\\/491003e420-491003e110-491003e000-491003e100-arbre-de-transmision-cardan-kia-sorento\\\/#breadcrumb\"},\"inLanguage\":\"fr-FR\",\"potentialAction\":[{\"@type\":\"ReadAction\",\"target\":[\"https:\\\/\\\/www.enriquerequena.com\\\/fr\\\/tienda-online\\\/arbre-transmission-cardan\\\/arbre-transmission-cardan-4x4\\\/491003e420-491003e110-491003e000-491003e100-arbre-de-transmision-cardan-kia-sorento\\\/\"]}]},{\"@type\":\"ImageObject\",\"inLanguage\":\"fr-FR\",\"@id\":\"https:\\\/\\\/www.enriquerequena.com\\\/fr\\\/tienda-online\\\/arbre-transmission-cardan\\\/arbre-transmission-cardan-4x4\\\/491003e420-491003e110-491003e000-491003e100-arbre-de-transmision-cardan-kia-sorento\\\/#primaryimage\",\"url\":\"https:\\\/\\\/www.enriquerequena.com\\\/wp-content\\\/uploads\\\/2019\\\/10\\\/products-491003e150-TRANSMISION-CARDAN-KIA-SORENTO-3--2.jpg\",\"contentUrl\":\"https:\\\/\\\/www.enriquerequena.com\\\/wp-content\\\/uploads\\\/2019\\\/10\\\/products-491003e150-TRANSMISION-CARDAN-KIA-SORENTO-3--2.jpg\",\"width\":800,\"height\":800,\"caption\":\"491003E420, 491003E110, 491003E000, 491003E100, TRANSMISION, CARDAN, ARBRE DE TRANSMISSION, PROPSHAFT, KIA SORENTO\"},{\"@type\":\"WebSite\",\"@id\":\"https:\\\/\\\/www.enriquerequena.com\\\/fr\\\/#website\",\"url\":\"https:\\\/\\\/www.enriquerequena.com\\\/fr\\\/\",\"name\":\"ENRIQUE REQUENA\",\"description\":\"Sp\u00e9cialistes des transmissions cardan avec des exp\u00e9ditions dans le monde entier et des pi\u00e8ces d\u00e9tach\u00e9es pour voitures, camions et accessoires \u00e0 Valence, en Espagne. Avec vous depuis 1950!\",\"publisher\":{\"@id\":\"https:\\\/\\\/www.enriquerequena.com\\\/fr\\\/#organization\"},\"potentialAction\":[{\"@type\":\"SearchAction\",\"target\":{\"@type\":\"EntryPoint\",\"urlTemplate\":\"https:\\\/\\\/www.enriquerequena.com\\\/fr\\\/?s={search_term_string}\"},\"query-input\":{\"@type\":\"PropertyValueSpecification\",\"valueRequired\":true,\"valueName\":\"search_term_string\"}}],\"inLanguage\":\"fr-FR\"},{\"@type\":\"Organization\",\"@id\":\"https:\\\/\\\/www.enriquerequena.com\\\/fr\\\/#organization\",\"name\":\"Enrique Requena S.L.\",\"url\":\"https:\\\/\\\/www.enriquerequena.com\\\/fr\\\/\",\"logo\":{\"@type\":\"ImageObject\",\"inLanguage\":\"fr-FR\",\"@id\":\"https:\\\/\\\/www.enriquerequena.com\\\/fr\\\/#\\\/schema\\\/logo\\\/image\\\/\",\"url\":\"https:\\\/\\\/www.enriquerequena.com\\\/wp-content\\\/uploads\\\/2019\\\/11\\\/enrique-requena-recambios-logotipo.jpg\",\"contentUrl\":\"https:\\\/\\\/www.enriquerequena.com\\\/wp-content\\\/uploads\\\/2019\\\/11\\\/enrique-requena-recambios-logotipo.jpg\",\"width\":381,\"height\":75,\"caption\":\"Enrique Requena S.L.\"},\"image\":{\"@id\":\"https:\\\/\\\/www.enriquerequena.com\\\/fr\\\/#\\\/schema\\\/logo\\\/image\\\/\"}}]}<\/script>\n<!-- \/ Yoast SEO plugin. -->","yoast_head_json":{"title":"491003E420, 491003E110, 491003E000, 491003E100, Arbre de Transmision Cardan Kia Sorento","description":"Nous proposons un arbre de transmission ou cardan pour Kia sorento neuf et de fabrication espagnole. Ce cardan a un sch\u00e9ma de joint coulissant, de tube et de joint fixe. Son utilit\u00e9 pour les quatre r\u00e9f\u00e9rences est qu\u2019il dispose d\u2019une joint\u00a0coulissant\u00a0extra-longue qui couvre les quatre longueurs de r\u00e9f\u00e9rences 491003E420, 491003E110, 491003E000, 491003E100.","robots":{"index":"index","follow":"follow","max-snippet":"max-snippet:-1","max-image-preview":"max-image-preview:large","max-video-preview":"max-video-preview:-1"},"canonical":"https:\/\/www.enriquerequena.com\/fr\/tienda-online\/arbre-transmission-cardan\/arbre-transmission-cardan-4x4\/491003e420-491003e110-491003e000-491003e100-arbre-de-transmision-cardan-kia-sorento\/","og_locale":"fr_FR","og_type":"article","og_title":"491003E420, 491003E110, 491003E000, 491003E100, Arbre de Transmision Cardan Kia Sorento","og_description":"Nous proposons un arbre de transmission ou cardan pour Kia sorento neuf et de fabrication espagnole. Ce cardan a un sch\u00e9ma de joint coulissant, de tube et de joint fixe. Son utilit\u00e9 pour les quatre r\u00e9f\u00e9rences est qu\u2019il dispose d\u2019une joint\u00a0coulissant\u00a0extra-longue qui couvre les quatre longueurs de r\u00e9f\u00e9rences 491003E420, 491003E110, 491003E000, 491003E100.","og_url":"https:\/\/www.enriquerequena.com\/fr\/tienda-online\/arbre-transmission-cardan\/arbre-transmission-cardan-4x4\/491003e420-491003e110-491003e000-491003e100-arbre-de-transmision-cardan-kia-sorento\/","og_site_name":"ENRIQUE REQUENA","article_modified_time":"2023-02-07T16:25:18+00:00","og_image":[{"width":800,"height":800,"url":"https:\/\/www.enriquerequena.com\/wp-content\/uploads\/2019\/10\/products-491003e150-TRANSMISION-CARDAN-KIA-SORENTO-3--2.jpg","type":"image\/jpeg"}],"twitter_card":"summary_large_image","twitter_misc":{"Dur\u00e9e de lecture estim\u00e9e":"1 minute"},"schema":{"@context":"https:\/\/schema.org","@graph":[{"@type":"WebPage","@id":"https:\/\/www.enriquerequena.com\/fr\/tienda-online\/arbre-transmission-cardan\/arbre-transmission-cardan-4x4\/491003e420-491003e110-491003e000-491003e100-arbre-de-transmision-cardan-kia-sorento\/","url":"https:\/\/www.enriquerequena.com\/fr\/tienda-online\/arbre-transmission-cardan\/arbre-transmission-cardan-4x4\/491003e420-491003e110-491003e000-491003e100-arbre-de-transmision-cardan-kia-sorento\/","name":"491003E420, 491003E110, 491003E000, 491003E100, Arbre de Transmision Cardan Kia Sorento","isPartOf":{"@id":"https:\/\/www.enriquerequena.com\/fr\/#website"},"primaryImageOfPage":{"@id":"https:\/\/www.enriquerequena.com\/fr\/tienda-online\/arbre-transmission-cardan\/arbre-transmission-cardan-4x4\/491003e420-491003e110-491003e000-491003e100-arbre-de-transmision-cardan-kia-sorento\/#primaryimage"},"image":{"@id":"https:\/\/www.enriquerequena.com\/fr\/tienda-online\/arbre-transmission-cardan\/arbre-transmission-cardan-4x4\/491003e420-491003e110-491003e000-491003e100-arbre-de-transmision-cardan-kia-sorento\/#primaryimage"},"thumbnailUrl":"https:\/\/www.enriquerequena.com\/wp-content\/uploads\/2019\/10\/products-491003e150-TRANSMISION-CARDAN-KIA-SORENTO-3--2.jpg","datePublished":"2016-04-16T17:56:56+00:00","dateModified":"2023-02-07T16:25:18+00:00","description":"Nous proposons un arbre de transmission ou cardan pour Kia sorento neuf et de fabrication espagnole. Ce cardan a un sch\u00e9ma de joint coulissant, de tube et de joint fixe. Son utilit\u00e9 pour les quatre r\u00e9f\u00e9rences est qu\u2019il dispose d\u2019une joint\u00a0coulissant\u00a0extra-longue qui couvre les quatre longueurs de r\u00e9f\u00e9rences 491003E420, 491003E110, 491003E000, 491003E100.","breadcrumb":{"@id":"https:\/\/www.enriquerequena.com\/fr\/tienda-online\/arbre-transmission-cardan\/arbre-transmission-cardan-4x4\/491003e420-491003e110-491003e000-491003e100-arbre-de-transmision-cardan-kia-sorento\/#breadcrumb"},"inLanguage":"fr-FR","potentialAction":[{"@type":"ReadAction","target":["https:\/\/www.enriquerequena.com\/fr\/tienda-online\/arbre-transmission-cardan\/arbre-transmission-cardan-4x4\/491003e420-491003e110-491003e000-491003e100-arbre-de-transmision-cardan-kia-sorento\/"]}]},{"@type":"ImageObject","inLanguage":"fr-FR","@id":"https:\/\/www.enriquerequena.com\/fr\/tienda-online\/arbre-transmission-cardan\/arbre-transmission-cardan-4x4\/491003e420-491003e110-491003e000-491003e100-arbre-de-transmision-cardan-kia-sorento\/#primaryimage","url":"https:\/\/www.enriquerequena.com\/wp-content\/uploads\/2019\/10\/products-491003e150-TRANSMISION-CARDAN-KIA-SORENTO-3--2.jpg","contentUrl":"https:\/\/www.enriquerequena.com\/wp-content\/uploads\/2019\/10\/products-491003e150-TRANSMISION-CARDAN-KIA-SORENTO-3--2.jpg","width":800,"height":800,"caption":"491003E420, 491003E110, 491003E000, 491003E100, TRANSMISION, CARDAN, ARBRE DE TRANSMISSION, PROPSHAFT, KIA SORENTO"},{"@type":"WebSite","@id":"https:\/\/www.enriquerequena.com\/fr\/#website","url":"https:\/\/www.enriquerequena.com\/fr\/","name":"ENRIQUE REQUENA","description":"Sp\u00e9cialistes des transmissions cardan avec des exp\u00e9ditions dans le monde entier et des pi\u00e8ces d\u00e9tach\u00e9es pour voitures, camions et accessoires \u00e0 Valence, en Espagne. Avec vous depuis 1950!","publisher":{"@id":"https:\/\/www.enriquerequena.com\/fr\/#organization"},"potentialAction":[{"@type":"SearchAction","target":{"@type":"EntryPoint","urlTemplate":"https:\/\/www.enriquerequena.com\/fr\/?s={search_term_string}"},"query-input":{"@type":"PropertyValueSpecification","valueRequired":true,"valueName":"search_term_string"}}],"inLanguage":"fr-FR"},{"@type":"Organization","@id":"https:\/\/www.enriquerequena.com\/fr\/#organization","name":"Enrique Requena S.L.","url":"https:\/\/www.enriquerequena.com\/fr\/","logo":{"@type":"ImageObject","inLanguage":"fr-FR","@id":"https:\/\/www.enriquerequena.com\/fr\/#\/schema\/logo\/image\/","url":"https:\/\/www.enriquerequena.com\/wp-content\/uploads\/2019\/11\/enrique-requena-recambios-logotipo.jpg","contentUrl":"https:\/\/www.enriquerequena.com\/wp-content\/uploads\/2019\/11\/enrique-requena-recambios-logotipo.jpg","width":381,"height":75,"caption":"Enrique Requena S.L."},"image":{"@id":"https:\/\/www.enriquerequena.com\/fr\/#\/schema\/logo\/image\/"}}]}},"_links":{"self":[{"href":"https:\/\/www.enriquerequena.com\/fr\/wp-json\/wp\/v2\/product\/3073","targetHints":{"allow":["GET"]}}],"collection":[{"href":"https:\/\/www.enriquerequena.com\/fr\/wp-json\/wp\/v2\/product"}],"about":[{"href":"https:\/\/www.enriquerequena.com\/fr\/wp-json\/wp\/v2\/types\/product"}],"wp:featuredmedia":[{"embeddable":true,"href":"https:\/\/www.enriquerequena.com\/fr\/wp-json\/wp\/v2\/media\/3074"}],"wp:attachment":[{"href":"https:\/\/www.enriquerequena.com\/fr\/wp-json\/wp\/v2\/media?parent=3073"}],"wp:term":[{"taxonomy":"product_brand","embeddable":true,"href":"https:\/\/www.enriquerequena.com\/fr\/wp-json\/wp\/v2\/product_brand?post=3073"},{"taxonomy":"product_cat","embeddable":true,"href":"https:\/\/www.enriquerequena.com\/fr\/wp-json\/wp\/v2\/product_cat?post=3073"},{"taxonomy":"product_tag","embeddable":true,"href":"https:\/\/www.enriquerequena.com\/fr\/wp-json\/wp\/v2\/product_tag?post=3073"}],"curies":[{"name":"wp","href":"https:\/\/api.w.org\/{rel}","templated":true}]}}