{"id":30852,"date":"2024-12-05T13:04:26","date_gmt":"2024-12-05T12:04:26","guid":{"rendered":"https:\/\/www.enriquerequena.com\/?post_type=product&#038;p=30852"},"modified":"2025-06-18T19:54:17","modified_gmt":"2025-06-18T17:54:17","slug":"collecteur-dechappement-renault-maxity-7485113461-7485133087","status":"publish","type":"product","link":"https:\/\/www.enriquerequena.com\/fr\/tienda-online\/pieces-de-rechange-remplacements-echappement\/collecteur-dechappement\/collecteur-dechappement-renault-maxity-7485113461-7485133087\/","title":{"rendered":"Collecteur D&rsquo;\u00e9chappement Renault Maxity 7485113461, 7485133087."},"content":{"rendered":"<h2>Collecteur D&rsquo;\u00e9chappement Renault Maxity<\/h2>\n<p><strong>Collecteur du Syst\u00e8me D&rsquo;\u00e9chappement pour Renault Maxity <\/strong>avec r\u00e9f\u00e9rences 7485113461, 7485133087, est une <strong>pi\u00e8ce de Renault neuve avec une garantie d\u2019un an<\/strong>. C\u2019est le choix le plus \u00e9conomique.<\/p>\n<p>Notre Collecteur D&rsquo;\u00e9chappement est fabriqu\u00e9 pour supporter des conditions exigeantes et offrir une durabilit\u00e9 et une fiabilit\u00e9 exceptionnelles. Chaque unit\u00e9 est soumise \u00e0 des tests de qualit\u00e9 rigoureux pour garantir qu\u2019elle respecte les normes les plus \u00e9lev\u00e9es et assure un fonctionnement fiable dans diverses situations de conduite.<\/p>\n<p><strong>Avec plus de 74 ans d\u2019exp\u00e9rience<\/strong> dans le secteur des pi\u00e8ces d\u00e9tach\u00e9es automobiles, Enrique Requena a \u00e9tabli une solide r\u00e9putation gr\u00e2ce \u00e0 notre engagement envers <strong>la qualit\u00e9 et le service client<\/strong>. Nous proposons des<strong> produits de haute qualit\u00e9 \u00e0 des prix comp\u00e9titifs<\/strong>, soutenus par un service exceptionnel et une<strong> attention personnalis\u00e9e.<\/strong><\/p>\n<p><strong>Faites confiance<\/strong> \u00e0 Enrique Requena pour tous vos besoins en pi\u00e8ces d\u00e9tach\u00e9es automobiles et d\u00e9couvrez la diff\u00e9rence que <strong>notre expertise et notre d\u00e9vouement<\/strong> peuvent <strong>apporter \u00e0 votre v\u00e9hicule.<\/strong><\/p>\n<p><strong>Passez votre commande d\u00e8s aujourd\u2019hui<\/strong> et assurez le fonctionnement optimal de votre camion avec notre Collecteur D&rsquo;\u00e9chappement<strong>\u00a0<\/strong>de Renault Maxity.<\/p>\n<h3><strong>Caract\u00e9ristiques techniques<\/strong> &#8211; Collecteur D&rsquo;\u00e9chappement Renault Maxity 7485113461,:<\/h3>\n<ul>\n<li>Pi\u00e8ce de rechange: Collecteur D&rsquo;\u00e9chappement<\/li>\n<li>Mod\u00e8le: Renault Maxity<\/li>\n<li>Etat: Pi\u00e8ce neuve<\/li>\n<li>Garantie d\u2019un an<\/li>\n<li>R\u00e9f\u00e9rences<strong>:<\/strong>\n<ul>\n<li>7485113461<\/li>\n<li>7485133087<\/li>\n<\/ul>\n<\/li>\n<\/ul>\n","protected":false},"excerpt":{"rendered":"<p><strong>Collecteur du Syst\u00e8me D&rsquo;\u00e9chappement pour Renault Maxity <\/strong>avec r\u00e9f\u00e9rences 7485113461, 7485133087, est une <strong>pi\u00e8ce de Renault neuve avec une garantie d\u2019un an<\/strong>.<\/p>\n","protected":false},"featured_media":17212,"template":"","meta":[],"product_brand":[],"product_cat":[10071,9857,219,138],"product_tag":[],"class_list":{"0":"post-30852","1":"product","2":"type-product","3":"status-publish","4":"has-post-thumbnail","6":"product_cat-collecteur-dechappement","7":"product_cat-pieces-de-rechange-remplacements-echappement","8":"product_cat-moteur-camion","9":"product_cat-pieces-rechange-camions","10":"pa_manufacturer-renault","11":"pa_tipo-fourgons-et-vehicules-legers","13":"first","14":"instock","15":"taxable","16":"shipping-taxable","17":"purchasable","18":"product-type-simple"},"yoast_head":"<!-- This site is optimized with the Yoast SEO plugin v27.1.1 - https:\/\/yoast.com\/product\/yoast-seo-wordpress\/ -->\n<title>Collecteur D&#039;\u00e9chappement Renault Maxity 7485113461, 7485133087. - ENRIQUE REQUENA<\/title>\n<meta name=\"description\" content=\"Collecteur du Syst\u00e8me D&#039;\u00e9chappement pour Renault Maxity avec r\u00e9f\u00e9rences 7485113461, 7485133087, est une pi\u00e8ce de Renault neuve avec une garantie d\u2019un an.\" \/>\n<meta name=\"robots\" content=\"index, follow, max-snippet:-1, max-image-preview:large, max-video-preview:-1\" \/>\n<link rel=\"canonical\" href=\"https:\/\/www.enriquerequena.com\/fr\/tienda-online\/pieces-de-rechange-remplacements-echappement\/collecteur-dechappement\/collecteur-dechappement-renault-maxity-7485113461-7485133087\/\" \/>\n<meta property=\"og:locale\" content=\"fr_FR\" \/>\n<meta property=\"og:type\" content=\"article\" \/>\n<meta property=\"og:title\" content=\"Collecteur D&#039;\u00e9chappement Renault Maxity 7485113461, 7485133087. - ENRIQUE REQUENA\" \/>\n<meta property=\"og:description\" content=\"Collecteur du Syst\u00e8me D&#039;\u00e9chappement pour Renault Maxity avec r\u00e9f\u00e9rences 7485113461, 7485133087, est une pi\u00e8ce de Renault neuve avec une garantie d\u2019un an.\" \/>\n<meta property=\"og:url\" content=\"https:\/\/www.enriquerequena.com\/fr\/tienda-online\/pieces-de-rechange-remplacements-echappement\/collecteur-dechappement\/collecteur-dechappement-renault-maxity-7485113461-7485133087\/\" \/>\n<meta property=\"og:site_name\" content=\"ENRIQUE REQUENA\" \/>\n<meta property=\"article:modified_time\" content=\"2025-06-18T17:54:17+00:00\" \/>\n<meta property=\"og:image\" content=\"https:\/\/www.enriquerequena.com\/wp-content\/uploads\/2021\/05\/escape-nissan-cabstar-3.jpg\" \/>\n\t<meta property=\"og:image:width\" content=\"800\" \/>\n\t<meta property=\"og:image:height\" content=\"800\" \/>\n\t<meta property=\"og:image:type\" content=\"image\/jpeg\" \/>\n<meta name=\"twitter:card\" content=\"summary_large_image\" \/>\n<meta name=\"twitter:label1\" content=\"Dur\u00e9e de lecture estim\u00e9e\" \/>\n\t<meta name=\"twitter:data1\" content=\"2 minutes\" \/>\n<script type=\"application\/ld+json\" class=\"yoast-schema-graph\">{\"@context\":\"https:\/\/schema.org\",\"@graph\":[{\"@type\":\"WebPage\",\"@id\":\"https:\/\/www.enriquerequena.com\/fr\/tienda-online\/pieces-de-rechange-remplacements-echappement\/collecteur-dechappement\/collecteur-dechappement-renault-maxity-7485113461-7485133087\/\",\"url\":\"https:\/\/www.enriquerequena.com\/fr\/tienda-online\/pieces-de-rechange-remplacements-echappement\/collecteur-dechappement\/collecteur-dechappement-renault-maxity-7485113461-7485133087\/\",\"name\":\"Collecteur D'\u00e9chappement Renault Maxity 7485113461, 7485133087. - ENRIQUE REQUENA\",\"isPartOf\":{\"@id\":\"https:\/\/www.enriquerequena.com\/fr\/#website\"},\"primaryImageOfPage\":{\"@id\":\"https:\/\/www.enriquerequena.com\/fr\/tienda-online\/pieces-de-rechange-remplacements-echappement\/collecteur-dechappement\/collecteur-dechappement-renault-maxity-7485113461-7485133087\/#primaryimage\"},\"image\":{\"@id\":\"https:\/\/www.enriquerequena.com\/fr\/tienda-online\/pieces-de-rechange-remplacements-echappement\/collecteur-dechappement\/collecteur-dechappement-renault-maxity-7485113461-7485133087\/#primaryimage\"},\"thumbnailUrl\":\"https:\/\/www.enriquerequena.com\/wp-content\/uploads\/2021\/05\/escape-nissan-cabstar-3.jpg\",\"datePublished\":\"2024-12-05T12:04:26+00:00\",\"dateModified\":\"2025-06-18T17:54:17+00:00\",\"description\":\"Collecteur du Syst\u00e8me D'\u00e9chappement pour Renault Maxity avec r\u00e9f\u00e9rences 7485113461, 7485133087, est une pi\u00e8ce de Renault neuve avec une garantie d\u2019un an.\",\"breadcrumb\":{\"@id\":\"https:\/\/www.enriquerequena.com\/fr\/tienda-online\/pieces-de-rechange-remplacements-echappement\/collecteur-dechappement\/collecteur-dechappement-renault-maxity-7485113461-7485133087\/#breadcrumb\"},\"inLanguage\":\"fr-FR\",\"potentialAction\":[{\"@type\":\"ReadAction\",\"target\":[\"https:\/\/www.enriquerequena.com\/fr\/tienda-online\/pieces-de-rechange-remplacements-echappement\/collecteur-dechappement\/collecteur-dechappement-renault-maxity-7485113461-7485133087\/\"]}]},{\"@type\":\"ImageObject\",\"inLanguage\":\"fr-FR\",\"@id\":\"https:\/\/www.enriquerequena.com\/fr\/tienda-online\/pieces-de-rechange-remplacements-echappement\/collecteur-dechappement\/collecteur-dechappement-renault-maxity-7485113461-7485133087\/#primaryimage\",\"url\":\"https:\/\/www.enriquerequena.com\/wp-content\/uploads\/2021\/05\/escape-nissan-cabstar-3.jpg\",\"contentUrl\":\"https:\/\/www.enriquerequena.com\/wp-content\/uploads\/2021\/05\/escape-nissan-cabstar-3.jpg\",\"width\":800,\"height\":800,\"caption\":\"Collecteur du Syst\u00e8me D'\u00e9chappement pour Renault Maxity avec r\u00e9f\u00e9rences 7485113461, 7485133087, est une pi\u00e8ce de Renault neuve avec une garantie d\u2019un an.\"},{\"@type\":\"WebSite\",\"@id\":\"https:\/\/www.enriquerequena.com\/fr\/#website\",\"url\":\"https:\/\/www.enriquerequena.com\/fr\/\",\"name\":\"ENRIQUE REQUENA\",\"description\":\"Sp\u00e9cialistes des transmissions cardan avec des exp\u00e9ditions dans le monde entier et des pi\u00e8ces d\u00e9tach\u00e9es pour voitures, camions et accessoires \u00e0 Valence, en Espagne. Avec vous depuis 1950!\",\"publisher\":{\"@id\":\"https:\/\/www.enriquerequena.com\/fr\/#organization\"},\"potentialAction\":[{\"@type\":\"SearchAction\",\"target\":{\"@type\":\"EntryPoint\",\"urlTemplate\":\"https:\/\/www.enriquerequena.com\/fr\/?s={search_term_string}\"},\"query-input\":{\"@type\":\"PropertyValueSpecification\",\"valueRequired\":true,\"valueName\":\"search_term_string\"}}],\"inLanguage\":\"fr-FR\"},{\"@type\":\"Organization\",\"@id\":\"https:\/\/www.enriquerequena.com\/fr\/#organization\",\"name\":\"Enrique Requena S.L.\",\"url\":\"https:\/\/www.enriquerequena.com\/fr\/\",\"logo\":{\"@type\":\"ImageObject\",\"inLanguage\":\"fr-FR\",\"@id\":\"https:\/\/www.enriquerequena.com\/fr\/#\/schema\/logo\/image\/\",\"url\":\"https:\/\/www.enriquerequena.com\/wp-content\/uploads\/2019\/11\/enrique-requena-recambios-logotipo.jpg\",\"contentUrl\":\"https:\/\/www.enriquerequena.com\/wp-content\/uploads\/2019\/11\/enrique-requena-recambios-logotipo.jpg\",\"width\":381,\"height\":75,\"caption\":\"Enrique Requena S.L.\"},\"image\":{\"@id\":\"https:\/\/www.enriquerequena.com\/fr\/#\/schema\/logo\/image\/\"}}]}<\/script>\n<!-- \/ Yoast SEO plugin. -->","yoast_head_json":{"title":"Collecteur D'\u00e9chappement Renault Maxity 7485113461, 7485133087. - ENRIQUE REQUENA","description":"Collecteur du Syst\u00e8me D'\u00e9chappement pour Renault Maxity avec r\u00e9f\u00e9rences 7485113461, 7485133087, est une pi\u00e8ce de Renault neuve avec une garantie d\u2019un an.","robots":{"index":"index","follow":"follow","max-snippet":"max-snippet:-1","max-image-preview":"max-image-preview:large","max-video-preview":"max-video-preview:-1"},"canonical":"https:\/\/www.enriquerequena.com\/fr\/tienda-online\/pieces-de-rechange-remplacements-echappement\/collecteur-dechappement\/collecteur-dechappement-renault-maxity-7485113461-7485133087\/","og_locale":"fr_FR","og_type":"article","og_title":"Collecteur D'\u00e9chappement Renault Maxity 7485113461, 7485133087. - ENRIQUE REQUENA","og_description":"Collecteur du Syst\u00e8me D'\u00e9chappement pour Renault Maxity avec r\u00e9f\u00e9rences 7485113461, 7485133087, est une pi\u00e8ce de Renault neuve avec une garantie d\u2019un an.","og_url":"https:\/\/www.enriquerequena.com\/fr\/tienda-online\/pieces-de-rechange-remplacements-echappement\/collecteur-dechappement\/collecteur-dechappement-renault-maxity-7485113461-7485133087\/","og_site_name":"ENRIQUE REQUENA","article_modified_time":"2025-06-18T17:54:17+00:00","og_image":[{"width":800,"height":800,"url":"https:\/\/www.enriquerequena.com\/wp-content\/uploads\/2021\/05\/escape-nissan-cabstar-3.jpg","type":"image\/jpeg"}],"twitter_card":"summary_large_image","twitter_misc":{"Dur\u00e9e de lecture estim\u00e9e":"2 minutes"},"schema":{"@context":"https:\/\/schema.org","@graph":[{"@type":"WebPage","@id":"https:\/\/www.enriquerequena.com\/fr\/tienda-online\/pieces-de-rechange-remplacements-echappement\/collecteur-dechappement\/collecteur-dechappement-renault-maxity-7485113461-7485133087\/","url":"https:\/\/www.enriquerequena.com\/fr\/tienda-online\/pieces-de-rechange-remplacements-echappement\/collecteur-dechappement\/collecteur-dechappement-renault-maxity-7485113461-7485133087\/","name":"Collecteur D'\u00e9chappement Renault Maxity 7485113461, 7485133087. - ENRIQUE REQUENA","isPartOf":{"@id":"https:\/\/www.enriquerequena.com\/fr\/#website"},"primaryImageOfPage":{"@id":"https:\/\/www.enriquerequena.com\/fr\/tienda-online\/pieces-de-rechange-remplacements-echappement\/collecteur-dechappement\/collecteur-dechappement-renault-maxity-7485113461-7485133087\/#primaryimage"},"image":{"@id":"https:\/\/www.enriquerequena.com\/fr\/tienda-online\/pieces-de-rechange-remplacements-echappement\/collecteur-dechappement\/collecteur-dechappement-renault-maxity-7485113461-7485133087\/#primaryimage"},"thumbnailUrl":"https:\/\/www.enriquerequena.com\/wp-content\/uploads\/2021\/05\/escape-nissan-cabstar-3.jpg","datePublished":"2024-12-05T12:04:26+00:00","dateModified":"2025-06-18T17:54:17+00:00","description":"Collecteur du Syst\u00e8me D'\u00e9chappement pour Renault Maxity avec r\u00e9f\u00e9rences 7485113461, 7485133087, est une pi\u00e8ce de Renault neuve avec une garantie d\u2019un an.","breadcrumb":{"@id":"https:\/\/www.enriquerequena.com\/fr\/tienda-online\/pieces-de-rechange-remplacements-echappement\/collecteur-dechappement\/collecteur-dechappement-renault-maxity-7485113461-7485133087\/#breadcrumb"},"inLanguage":"fr-FR","potentialAction":[{"@type":"ReadAction","target":["https:\/\/www.enriquerequena.com\/fr\/tienda-online\/pieces-de-rechange-remplacements-echappement\/collecteur-dechappement\/collecteur-dechappement-renault-maxity-7485113461-7485133087\/"]}]},{"@type":"ImageObject","inLanguage":"fr-FR","@id":"https:\/\/www.enriquerequena.com\/fr\/tienda-online\/pieces-de-rechange-remplacements-echappement\/collecteur-dechappement\/collecteur-dechappement-renault-maxity-7485113461-7485133087\/#primaryimage","url":"https:\/\/www.enriquerequena.com\/wp-content\/uploads\/2021\/05\/escape-nissan-cabstar-3.jpg","contentUrl":"https:\/\/www.enriquerequena.com\/wp-content\/uploads\/2021\/05\/escape-nissan-cabstar-3.jpg","width":800,"height":800,"caption":"Collecteur du Syst\u00e8me D'\u00e9chappement pour Renault Maxity avec r\u00e9f\u00e9rences 7485113461, 7485133087, est une pi\u00e8ce de Renault neuve avec une garantie d\u2019un an."},{"@type":"WebSite","@id":"https:\/\/www.enriquerequena.com\/fr\/#website","url":"https:\/\/www.enriquerequena.com\/fr\/","name":"ENRIQUE REQUENA","description":"Sp\u00e9cialistes des transmissions cardan avec des exp\u00e9ditions dans le monde entier et des pi\u00e8ces d\u00e9tach\u00e9es pour voitures, camions et accessoires \u00e0 Valence, en Espagne. Avec vous depuis 1950!","publisher":{"@id":"https:\/\/www.enriquerequena.com\/fr\/#organization"},"potentialAction":[{"@type":"SearchAction","target":{"@type":"EntryPoint","urlTemplate":"https:\/\/www.enriquerequena.com\/fr\/?s={search_term_string}"},"query-input":{"@type":"PropertyValueSpecification","valueRequired":true,"valueName":"search_term_string"}}],"inLanguage":"fr-FR"},{"@type":"Organization","@id":"https:\/\/www.enriquerequena.com\/fr\/#organization","name":"Enrique Requena S.L.","url":"https:\/\/www.enriquerequena.com\/fr\/","logo":{"@type":"ImageObject","inLanguage":"fr-FR","@id":"https:\/\/www.enriquerequena.com\/fr\/#\/schema\/logo\/image\/","url":"https:\/\/www.enriquerequena.com\/wp-content\/uploads\/2019\/11\/enrique-requena-recambios-logotipo.jpg","contentUrl":"https:\/\/www.enriquerequena.com\/wp-content\/uploads\/2019\/11\/enrique-requena-recambios-logotipo.jpg","width":381,"height":75,"caption":"Enrique Requena S.L."},"image":{"@id":"https:\/\/www.enriquerequena.com\/fr\/#\/schema\/logo\/image\/"}}]}},"_links":{"self":[{"href":"https:\/\/www.enriquerequena.com\/fr\/wp-json\/wp\/v2\/product\/30852","targetHints":{"allow":["GET"]}}],"collection":[{"href":"https:\/\/www.enriquerequena.com\/fr\/wp-json\/wp\/v2\/product"}],"about":[{"href":"https:\/\/www.enriquerequena.com\/fr\/wp-json\/wp\/v2\/types\/product"}],"wp:featuredmedia":[{"embeddable":true,"href":"https:\/\/www.enriquerequena.com\/fr\/wp-json\/wp\/v2\/media\/17212"}],"wp:attachment":[{"href":"https:\/\/www.enriquerequena.com\/fr\/wp-json\/wp\/v2\/media?parent=30852"}],"wp:term":[{"taxonomy":"product_brand","embeddable":true,"href":"https:\/\/www.enriquerequena.com\/fr\/wp-json\/wp\/v2\/product_brand?post=30852"},{"taxonomy":"product_cat","embeddable":true,"href":"https:\/\/www.enriquerequena.com\/fr\/wp-json\/wp\/v2\/product_cat?post=30852"},{"taxonomy":"product_tag","embeddable":true,"href":"https:\/\/www.enriquerequena.com\/fr\/wp-json\/wp\/v2\/product_tag?post=30852"}],"curies":[{"name":"wp","href":"https:\/\/api.w.org\/{rel}","templated":true}]}}