{"id":3096,"date":"2016-04-25T17:42:21","date_gmt":"2016-04-25T17:42:21","guid":{"rendered":"https:\/\/www.enriquerequena.com\/?post_type=product&#038;p=3096"},"modified":"2023-02-07T17:02:52","modified_gmt":"2023-02-07T16:02:52","slug":"arbre-transmission-cardan-kia-sorento-491003e150","status":"publish","type":"product","link":"https:\/\/www.enriquerequena.com\/fr\/tienda-online\/arbre-transmission-cardan\/arbre-transmission-cardan-4x4\/arbre-transmission-cardan-kia-sorento-491003e150\/","title":{"rendered":"Arbre de transmission \u00e0 cardan Kia Sorento 491003E150"},"content":{"rendered":"<p><span style=\"color: #3366ff;\">Arbre de transmission \u00e0 cardan pour Kia Sorento avec r\u00e9f\u00e9rence 491003E150 est une nouvelle transmission \u00e0 cardan de Kia GKN nouveau avec une garantie d&rsquo;un an. C&rsquo;est le choix le plus \u00e9conomique<\/span><\/p>\n<p><span style=\"color: #3366ff;\">Nos transmissions \u00e1 cardan pour Kia Sorento sont d&rsquo;origine, \u00e0 moiti\u00e9 prix parce que nous sommes distribuiteurs de transmissions \u00e1 cardan GKN, premier fabricant de ce composant en premi\u00e8re \u00e9quipe, c&rsquo;est pour cette raison que nous avons les m\u00eames arbres \u00e1 cardan d&rsquo;origine aux meilleurs prix du march\u00e9.<\/span><\/p>\n<p><span style=\"color: #3366ff;\">491003E150 est disponible pour Kia Sorento. Nous vendons des pi\u00e8ces d\u00e9tach\u00e9es ou pi\u00e8ces de rechange pour v\u00e9hicules 4&#215;4 \u00e0 Valence depuis 1950 et nous vendons aussi en ligne dans le monde entier.<\/span><\/p>\n<p><span style=\"color: #3366ff;\">N\u00b4h\u00e9sitez pas \u00e0 nous consulter pour d\u00b4autres mod\u00e8les de transmission \u00e0 cardan de tout type de v\u00e9hicule. Nous avons une exp\u00e9rience de 68 ans dans le commerce de transmissions \u00e0 cardan et connaissons tr\u00e8s bien le sujet.<\/span><\/p>\n<p><span style=\"color: #3366ff;\">Caract\u00e9ristiques techniques:<\/span><\/p>\n<p><span style=\"color: #3366ff;\">&#8211; Pi\u00e8ce de rechange: arbre de transmission \u00e0 cardan<\/span><\/p>\n<p><span style=\"color: #3366ff;\">&#8211; Mod\u00e8le: Kia Sorento<\/span><\/p>\n<p><span style=\"color: #3366ff;\">&#8211; Num\u00e9ro de r\u00e9f\u00e9rence: 491003E150<\/span><\/p>\n<p><span style=\"color: #3366ff;\">&#8211; Marque: GKN<\/span><\/p>\n<p><span style=\"color: #3366ff;\">&#8211; Etat: pi\u00e8ce neuve<\/span><\/p>\n<p><span style=\"color: #3366ff;\">&#8211; Garantie d&rsquo;un an<\/span><\/p>\n","protected":false},"excerpt":{"rendered":"<p>Arbre de transmission \u00e0 cardan pour Kia Sorento avec r\u00e9f\u00e9rence 491003E150 GKN nouveau \u00e0 vendre en ligne.<\/p>\n","protected":false},"featured_media":3097,"template":"","meta":[],"product_brand":[118],"product_cat":[144,156],"product_tag":[],"class_list":{"0":"post-3096","1":"product","2":"type-product","3":"status-publish","4":"has-post-thumbnail","6":"product_brand-kia","7":"product_cat-arbre-transmission-cardan","8":"product_cat-arbre-transmission-cardan-4x4","9":"pa_manufacturer-kia","10":"pa_tipo-4x4","12":"first","13":"instock","14":"taxable","15":"shipping-taxable","16":"purchasable","17":"product-type-simple"},"yoast_head":"<!-- This site is optimized with the Yoast SEO plugin v27.5 - https:\/\/yoast.com\/product\/yoast-seo-wordpress\/ -->\n<title>Acheter Arbre de transmission \u00e0 cardan Kia Sorento 491003E150<\/title>\n<meta name=\"description\" content=\"Vous pouvez acheter Arbre de transmission \u00e0 cardan avec r\u00e9f\u00e9rence 491003E150 GKN Nouveau pour Kia Sorento au meilleur prix. Nous vendons au monde entier.\" \/>\n<meta name=\"robots\" content=\"index, follow, max-snippet:-1, max-image-preview:large, max-video-preview:-1\" \/>\n<link rel=\"canonical\" href=\"https:\/\/www.enriquerequena.com\/fr\/tienda-online\/arbre-transmission-cardan\/arbre-transmission-cardan-4x4\/arbre-transmission-cardan-kia-sorento-491003e150\/\" \/>\n<meta property=\"og:locale\" content=\"fr_FR\" \/>\n<meta property=\"og:type\" content=\"article\" \/>\n<meta property=\"og:title\" content=\"Acheter Arbre de transmission \u00e0 cardan Kia Sorento 491003E150\" \/>\n<meta property=\"og:description\" content=\"Vous pouvez acheter Arbre de transmission \u00e0 cardan avec r\u00e9f\u00e9rence 491003E150 GKN Nouveau pour Kia Sorento au meilleur prix. Nous vendons au monde entier.\" \/>\n<meta property=\"og:url\" content=\"https:\/\/www.enriquerequena.com\/fr\/tienda-online\/arbre-transmission-cardan\/arbre-transmission-cardan-4x4\/arbre-transmission-cardan-kia-sorento-491003e150\/\" \/>\n<meta property=\"og:site_name\" content=\"ENRIQUE REQUENA\" \/>\n<meta property=\"article:modified_time\" content=\"2023-02-07T16:02:52+00:00\" \/>\n<meta property=\"og:image\" content=\"https:\/\/www.enriquerequena.com\/wp-content\/uploads\/2019\/10\/products-491003e150-TRANSMISION-CARDAN-KIA-SORENTO-2--2.jpg\" \/>\n\t<meta property=\"og:image:width\" content=\"800\" \/>\n\t<meta property=\"og:image:height\" content=\"800\" \/>\n\t<meta property=\"og:image:type\" content=\"image\/jpeg\" \/>\n<meta name=\"twitter:card\" content=\"summary_large_image\" \/>\n<meta name=\"twitter:label1\" content=\"Dur\u00e9e de lecture estim\u00e9e\" \/>\n\t<meta name=\"twitter:data1\" content=\"1 minute\" \/>\n<script type=\"application\/ld+json\" class=\"yoast-schema-graph\">{\"@context\":\"https:\\\/\\\/schema.org\",\"@graph\":[{\"@type\":\"WebPage\",\"@id\":\"https:\\\/\\\/www.enriquerequena.com\\\/fr\\\/tienda-online\\\/arbre-transmission-cardan\\\/arbre-transmission-cardan-4x4\\\/arbre-transmission-cardan-kia-sorento-491003e150\\\/\",\"url\":\"https:\\\/\\\/www.enriquerequena.com\\\/fr\\\/tienda-online\\\/arbre-transmission-cardan\\\/arbre-transmission-cardan-4x4\\\/arbre-transmission-cardan-kia-sorento-491003e150\\\/\",\"name\":\"Acheter Arbre de transmission \u00e0 cardan Kia Sorento 491003E150\",\"isPartOf\":{\"@id\":\"https:\\\/\\\/www.enriquerequena.com\\\/fr\\\/#website\"},\"primaryImageOfPage\":{\"@id\":\"https:\\\/\\\/www.enriquerequena.com\\\/fr\\\/tienda-online\\\/arbre-transmission-cardan\\\/arbre-transmission-cardan-4x4\\\/arbre-transmission-cardan-kia-sorento-491003e150\\\/#primaryimage\"},\"image\":{\"@id\":\"https:\\\/\\\/www.enriquerequena.com\\\/fr\\\/tienda-online\\\/arbre-transmission-cardan\\\/arbre-transmission-cardan-4x4\\\/arbre-transmission-cardan-kia-sorento-491003e150\\\/#primaryimage\"},\"thumbnailUrl\":\"https:\\\/\\\/www.enriquerequena.com\\\/wp-content\\\/uploads\\\/2019\\\/10\\\/products-491003e150-TRANSMISION-CARDAN-KIA-SORENTO-2--2.jpg\",\"datePublished\":\"2016-04-25T17:42:21+00:00\",\"dateModified\":\"2023-02-07T16:02:52+00:00\",\"description\":\"Vous pouvez acheter Arbre de transmission \u00e0 cardan avec r\u00e9f\u00e9rence 491003E150 GKN Nouveau pour Kia Sorento au meilleur prix. Nous vendons au monde entier.\",\"breadcrumb\":{\"@id\":\"https:\\\/\\\/www.enriquerequena.com\\\/fr\\\/tienda-online\\\/arbre-transmission-cardan\\\/arbre-transmission-cardan-4x4\\\/arbre-transmission-cardan-kia-sorento-491003e150\\\/#breadcrumb\"},\"inLanguage\":\"fr-FR\",\"potentialAction\":[{\"@type\":\"ReadAction\",\"target\":[\"https:\\\/\\\/www.enriquerequena.com\\\/fr\\\/tienda-online\\\/arbre-transmission-cardan\\\/arbre-transmission-cardan-4x4\\\/arbre-transmission-cardan-kia-sorento-491003e150\\\/\"]}]},{\"@type\":\"ImageObject\",\"inLanguage\":\"fr-FR\",\"@id\":\"https:\\\/\\\/www.enriquerequena.com\\\/fr\\\/tienda-online\\\/arbre-transmission-cardan\\\/arbre-transmission-cardan-4x4\\\/arbre-transmission-cardan-kia-sorento-491003e150\\\/#primaryimage\",\"url\":\"https:\\\/\\\/www.enriquerequena.com\\\/wp-content\\\/uploads\\\/2019\\\/10\\\/products-491003e150-TRANSMISION-CARDAN-KIA-SORENTO-2--2.jpg\",\"contentUrl\":\"https:\\\/\\\/www.enriquerequena.com\\\/wp-content\\\/uploads\\\/2019\\\/10\\\/products-491003e150-TRANSMISION-CARDAN-KIA-SORENTO-2--2.jpg\",\"width\":800,\"height\":800,\"caption\":\"491003e150, TRANSMISION, CARDAN, ARBRE DE TRANSMISSION, PROPSHAFT, KIA, SORENTO\"},{\"@type\":\"WebSite\",\"@id\":\"https:\\\/\\\/www.enriquerequena.com\\\/fr\\\/#website\",\"url\":\"https:\\\/\\\/www.enriquerequena.com\\\/fr\\\/\",\"name\":\"ENRIQUE REQUENA\",\"description\":\"Sp\u00e9cialistes des transmissions cardan avec des exp\u00e9ditions dans le monde entier et des pi\u00e8ces d\u00e9tach\u00e9es pour voitures, camions et accessoires \u00e0 Valence, en Espagne. Avec vous depuis 1950!\",\"publisher\":{\"@id\":\"https:\\\/\\\/www.enriquerequena.com\\\/fr\\\/#organization\"},\"potentialAction\":[{\"@type\":\"SearchAction\",\"target\":{\"@type\":\"EntryPoint\",\"urlTemplate\":\"https:\\\/\\\/www.enriquerequena.com\\\/fr\\\/?s={search_term_string}\"},\"query-input\":{\"@type\":\"PropertyValueSpecification\",\"valueRequired\":true,\"valueName\":\"search_term_string\"}}],\"inLanguage\":\"fr-FR\"},{\"@type\":\"Organization\",\"@id\":\"https:\\\/\\\/www.enriquerequena.com\\\/fr\\\/#organization\",\"name\":\"Enrique Requena S.L.\",\"url\":\"https:\\\/\\\/www.enriquerequena.com\\\/fr\\\/\",\"logo\":{\"@type\":\"ImageObject\",\"inLanguage\":\"fr-FR\",\"@id\":\"https:\\\/\\\/www.enriquerequena.com\\\/fr\\\/#\\\/schema\\\/logo\\\/image\\\/\",\"url\":\"https:\\\/\\\/www.enriquerequena.com\\\/wp-content\\\/uploads\\\/2019\\\/11\\\/enrique-requena-recambios-logotipo.jpg\",\"contentUrl\":\"https:\\\/\\\/www.enriquerequena.com\\\/wp-content\\\/uploads\\\/2019\\\/11\\\/enrique-requena-recambios-logotipo.jpg\",\"width\":381,\"height\":75,\"caption\":\"Enrique Requena S.L.\"},\"image\":{\"@id\":\"https:\\\/\\\/www.enriquerequena.com\\\/fr\\\/#\\\/schema\\\/logo\\\/image\\\/\"}}]}<\/script>\n<!-- \/ Yoast SEO plugin. -->","yoast_head_json":{"title":"Acheter Arbre de transmission \u00e0 cardan Kia Sorento 491003E150","description":"Vous pouvez acheter Arbre de transmission \u00e0 cardan avec r\u00e9f\u00e9rence 491003E150 GKN Nouveau pour Kia Sorento au meilleur prix. Nous vendons au monde entier.","robots":{"index":"index","follow":"follow","max-snippet":"max-snippet:-1","max-image-preview":"max-image-preview:large","max-video-preview":"max-video-preview:-1"},"canonical":"https:\/\/www.enriquerequena.com\/fr\/tienda-online\/arbre-transmission-cardan\/arbre-transmission-cardan-4x4\/arbre-transmission-cardan-kia-sorento-491003e150\/","og_locale":"fr_FR","og_type":"article","og_title":"Acheter Arbre de transmission \u00e0 cardan Kia Sorento 491003E150","og_description":"Vous pouvez acheter Arbre de transmission \u00e0 cardan avec r\u00e9f\u00e9rence 491003E150 GKN Nouveau pour Kia Sorento au meilleur prix. Nous vendons au monde entier.","og_url":"https:\/\/www.enriquerequena.com\/fr\/tienda-online\/arbre-transmission-cardan\/arbre-transmission-cardan-4x4\/arbre-transmission-cardan-kia-sorento-491003e150\/","og_site_name":"ENRIQUE REQUENA","article_modified_time":"2023-02-07T16:02:52+00:00","og_image":[{"width":800,"height":800,"url":"https:\/\/www.enriquerequena.com\/wp-content\/uploads\/2019\/10\/products-491003e150-TRANSMISION-CARDAN-KIA-SORENTO-2--2.jpg","type":"image\/jpeg"}],"twitter_card":"summary_large_image","twitter_misc":{"Dur\u00e9e de lecture estim\u00e9e":"1 minute"},"schema":{"@context":"https:\/\/schema.org","@graph":[{"@type":"WebPage","@id":"https:\/\/www.enriquerequena.com\/fr\/tienda-online\/arbre-transmission-cardan\/arbre-transmission-cardan-4x4\/arbre-transmission-cardan-kia-sorento-491003e150\/","url":"https:\/\/www.enriquerequena.com\/fr\/tienda-online\/arbre-transmission-cardan\/arbre-transmission-cardan-4x4\/arbre-transmission-cardan-kia-sorento-491003e150\/","name":"Acheter Arbre de transmission \u00e0 cardan Kia Sorento 491003E150","isPartOf":{"@id":"https:\/\/www.enriquerequena.com\/fr\/#website"},"primaryImageOfPage":{"@id":"https:\/\/www.enriquerequena.com\/fr\/tienda-online\/arbre-transmission-cardan\/arbre-transmission-cardan-4x4\/arbre-transmission-cardan-kia-sorento-491003e150\/#primaryimage"},"image":{"@id":"https:\/\/www.enriquerequena.com\/fr\/tienda-online\/arbre-transmission-cardan\/arbre-transmission-cardan-4x4\/arbre-transmission-cardan-kia-sorento-491003e150\/#primaryimage"},"thumbnailUrl":"https:\/\/www.enriquerequena.com\/wp-content\/uploads\/2019\/10\/products-491003e150-TRANSMISION-CARDAN-KIA-SORENTO-2--2.jpg","datePublished":"2016-04-25T17:42:21+00:00","dateModified":"2023-02-07T16:02:52+00:00","description":"Vous pouvez acheter Arbre de transmission \u00e0 cardan avec r\u00e9f\u00e9rence 491003E150 GKN Nouveau pour Kia Sorento au meilleur prix. Nous vendons au monde entier.","breadcrumb":{"@id":"https:\/\/www.enriquerequena.com\/fr\/tienda-online\/arbre-transmission-cardan\/arbre-transmission-cardan-4x4\/arbre-transmission-cardan-kia-sorento-491003e150\/#breadcrumb"},"inLanguage":"fr-FR","potentialAction":[{"@type":"ReadAction","target":["https:\/\/www.enriquerequena.com\/fr\/tienda-online\/arbre-transmission-cardan\/arbre-transmission-cardan-4x4\/arbre-transmission-cardan-kia-sorento-491003e150\/"]}]},{"@type":"ImageObject","inLanguage":"fr-FR","@id":"https:\/\/www.enriquerequena.com\/fr\/tienda-online\/arbre-transmission-cardan\/arbre-transmission-cardan-4x4\/arbre-transmission-cardan-kia-sorento-491003e150\/#primaryimage","url":"https:\/\/www.enriquerequena.com\/wp-content\/uploads\/2019\/10\/products-491003e150-TRANSMISION-CARDAN-KIA-SORENTO-2--2.jpg","contentUrl":"https:\/\/www.enriquerequena.com\/wp-content\/uploads\/2019\/10\/products-491003e150-TRANSMISION-CARDAN-KIA-SORENTO-2--2.jpg","width":800,"height":800,"caption":"491003e150, TRANSMISION, CARDAN, ARBRE DE TRANSMISSION, PROPSHAFT, KIA, SORENTO"},{"@type":"WebSite","@id":"https:\/\/www.enriquerequena.com\/fr\/#website","url":"https:\/\/www.enriquerequena.com\/fr\/","name":"ENRIQUE REQUENA","description":"Sp\u00e9cialistes des transmissions cardan avec des exp\u00e9ditions dans le monde entier et des pi\u00e8ces d\u00e9tach\u00e9es pour voitures, camions et accessoires \u00e0 Valence, en Espagne. Avec vous depuis 1950!","publisher":{"@id":"https:\/\/www.enriquerequena.com\/fr\/#organization"},"potentialAction":[{"@type":"SearchAction","target":{"@type":"EntryPoint","urlTemplate":"https:\/\/www.enriquerequena.com\/fr\/?s={search_term_string}"},"query-input":{"@type":"PropertyValueSpecification","valueRequired":true,"valueName":"search_term_string"}}],"inLanguage":"fr-FR"},{"@type":"Organization","@id":"https:\/\/www.enriquerequena.com\/fr\/#organization","name":"Enrique Requena S.L.","url":"https:\/\/www.enriquerequena.com\/fr\/","logo":{"@type":"ImageObject","inLanguage":"fr-FR","@id":"https:\/\/www.enriquerequena.com\/fr\/#\/schema\/logo\/image\/","url":"https:\/\/www.enriquerequena.com\/wp-content\/uploads\/2019\/11\/enrique-requena-recambios-logotipo.jpg","contentUrl":"https:\/\/www.enriquerequena.com\/wp-content\/uploads\/2019\/11\/enrique-requena-recambios-logotipo.jpg","width":381,"height":75,"caption":"Enrique Requena S.L."},"image":{"@id":"https:\/\/www.enriquerequena.com\/fr\/#\/schema\/logo\/image\/"}}]}},"_links":{"self":[{"href":"https:\/\/www.enriquerequena.com\/fr\/wp-json\/wp\/v2\/product\/3096","targetHints":{"allow":["GET"]}}],"collection":[{"href":"https:\/\/www.enriquerequena.com\/fr\/wp-json\/wp\/v2\/product"}],"about":[{"href":"https:\/\/www.enriquerequena.com\/fr\/wp-json\/wp\/v2\/types\/product"}],"wp:featuredmedia":[{"embeddable":true,"href":"https:\/\/www.enriquerequena.com\/fr\/wp-json\/wp\/v2\/media\/3097"}],"wp:attachment":[{"href":"https:\/\/www.enriquerequena.com\/fr\/wp-json\/wp\/v2\/media?parent=3096"}],"wp:term":[{"taxonomy":"product_brand","embeddable":true,"href":"https:\/\/www.enriquerequena.com\/fr\/wp-json\/wp\/v2\/product_brand?post=3096"},{"taxonomy":"product_cat","embeddable":true,"href":"https:\/\/www.enriquerequena.com\/fr\/wp-json\/wp\/v2\/product_cat?post=3096"},{"taxonomy":"product_tag","embeddable":true,"href":"https:\/\/www.enriquerequena.com\/fr\/wp-json\/wp\/v2\/product_tag?post=3096"}],"curies":[{"name":"wp","href":"https:\/\/api.w.org\/{rel}","templated":true}]}}