{"id":3116,"date":"2016-05-14T11:04:59","date_gmt":"2016-05-14T11:04:59","guid":{"rendered":"https:\/\/www.enriquerequena.com\/?post_type=product&#038;p=3116"},"modified":"2024-08-13T18:05:03","modified_gmt":"2024-08-13T16:05:03","slug":"kit-assemblage-pivot-fusee-essieu-nissan-cabstar-40022g4800","status":"publish","type":"product","link":"https:\/\/www.enriquerequena.com\/fr\/tienda-online\/pieces-detachees-de-remplacement-direction-essieux\/kits-axes-pivot-fusee\/kit-assemblage-pivot-fusee-essieu-nissan-cabstar-40022g4800\/","title":{"rendered":"Kit d&rsquo;assemblage Pivot de Fus\u00e9e d&rsquo;Essieu Nissan Cabstar 40022G4800"},"content":{"rendered":"<p><span style=\"color: #3366ff;\">Nous avons un kit d&rsquo;assemblage Pivot de Fus\u00e9e d&rsquo;Essieu pour Nissan Cabstar 75.28-90.32- 110.35- 110.45, Eco T-100. Ce kit est pour deux roues et comprend:<\/span><br \/>\n<span style=\"color: #3366ff;\">&#8211; 2 essieux<\/span><br \/>\n<span style=\"color: #3366ff;\">&#8211; 4 viroles bim\u00e9talliques<\/span><br \/>\n<span style=\"color: #3366ff;\">&#8211; 2 roulements \u00e0 billes<\/span><br \/>\n<span style=\"color: #3366ff;\">&#8211; 2 \u00e9pingles<\/span><br \/>\n<span style=\"color: #3366ff;\">&#8211; 8 suppl\u00e9ments<\/span><br \/>\n<span style=\"color: #3366ff;\">&#8211; 4 graisseurs<\/span><br \/>\n<span style=\"color: #3366ff;\">&#8211; 4 joints toriques<\/span><br \/>\n<span style=\"color: #3366ff;\">&#8211; 4 joints de graisse<\/span><br \/>\n<span style=\"color: #3366ff;\">&#8211; 4 prises<\/span><\/p>\n<p><span style=\"color: #3366ff;\">Nous avons \u00e9galement toutes sortes de Kit d&rsquo;assemblage Pivot de Fus\u00e9e d&rsquo;Essieu pour toutes les marques de voitures et de camions: Avia, Barreiros, Citro\u00ebn, Daf, Dodge, Ebro, Fiat, Ford, Iveco, Pegasus, Man, Mercedes, Mitsubishi, Nissan, Renault, ROR , Sava, Scania, Seat, Volkswagen ou Volvo.<\/span><\/p>\n","protected":false},"excerpt":{"rendered":"<p>Kit d&rsquo;assemblage Pivot de Fus\u00e9e d&rsquo;Essieu <span class=\"HwtZe\" lang=\"fr\"><span class=\"jCAhz ChMk0b\"><span class=\"ryNqvb\">avec r\u00e9f\u00e9rence<\/span><\/span><\/span> 40022G4800, 40022-4800 pour Nissan Cabstar 75.28 &#8211; 90.32 &#8211; 110.35 &#8211; 110.45, Eco T -100 en ligne.<\/p>\n","protected":false},"featured_media":3117,"template":"","meta":[],"product_brand":[121],"product_cat":[213,9827,9938,138],"product_tag":[],"class_list":{"0":"post-3116","1":"product","2":"type-product","3":"status-publish","4":"has-post-thumbnail","6":"product_brand-nissan-2","7":"product_cat-direction","8":"product_cat-pieces-detachees-de-remplacement-direction-essieux","9":"product_cat-kits-axes-pivot-fusee","10":"product_cat-pieces-rechange-camions","11":"pa_manufacturer-nissan","12":"pa_tipo-camions-poids-lourds","14":"first","15":"instock","16":"taxable","17":"shipping-taxable","18":"purchasable","19":"product-type-simple"},"yoast_head":"<!-- This site is optimized with the Yoast SEO plugin v27.1.1 - https:\/\/yoast.com\/product\/yoast-seo-wordpress\/ -->\n<title>Kit d&#039;assemblage Pivot de Fus\u00e9e d&#039;Essieu Nissan Cabstar 40022G4800<\/title>\n<meta name=\"description\" content=\"Kit d&#039;assemblage Pivot de Fus\u00e9e d&#039;Essieu Nissan Cabstar 40022G4800. Nissan Cabstar 75.28-90.32- 110.35- 110.45, Eco T-100.\" \/>\n<meta name=\"robots\" content=\"index, follow, max-snippet:-1, max-image-preview:large, max-video-preview:-1\" \/>\n<link rel=\"canonical\" href=\"https:\/\/www.enriquerequena.com\/fr\/tienda-online\/pieces-detachees-de-remplacement-direction-essieux\/kits-axes-pivot-fusee\/kit-assemblage-pivot-fusee-essieu-nissan-cabstar-40022g4800\/\" \/>\n<meta property=\"og:locale\" content=\"fr_FR\" \/>\n<meta property=\"og:type\" content=\"article\" \/>\n<meta property=\"og:title\" content=\"Kit d&#039;assemblage Pivot de Fus\u00e9e d&#039;Essieu Nissan Cabstar 40022G4800\" \/>\n<meta property=\"og:description\" content=\"Kit d&#039;assemblage Pivot de Fus\u00e9e d&#039;Essieu Nissan Cabstar 40022G4800. Nissan Cabstar 75.28-90.32- 110.35- 110.45, Eco T-100.\" \/>\n<meta property=\"og:url\" content=\"https:\/\/www.enriquerequena.com\/fr\/tienda-online\/pieces-detachees-de-remplacement-direction-essieux\/kits-axes-pivot-fusee\/kit-assemblage-pivot-fusee-essieu-nissan-cabstar-40022g4800\/\" \/>\n<meta property=\"og:site_name\" content=\"ENRIQUE REQUENA\" \/>\n<meta property=\"article:modified_time\" content=\"2024-08-13T16:05:03+00:00\" \/>\n<meta property=\"og:image\" content=\"https:\/\/www.enriquerequena.com\/wp-content\/uploads\/2019\/10\/products-kit-de-bulones-de-manguta-nissan-Kit-d-assemblage-Pin-Kit-2-2.jpg\" \/>\n\t<meta property=\"og:image:width\" content=\"800\" \/>\n\t<meta property=\"og:image:height\" content=\"800\" \/>\n\t<meta property=\"og:image:type\" content=\"image\/jpeg\" \/>\n<meta name=\"twitter:card\" content=\"summary_large_image\" \/>\n<meta name=\"twitter:label1\" content=\"Dur\u00e9e de lecture estim\u00e9e\" \/>\n\t<meta name=\"twitter:data1\" content=\"1 minute\" \/>\n<script type=\"application\/ld+json\" class=\"yoast-schema-graph\">{\"@context\":\"https:\/\/schema.org\",\"@graph\":[{\"@type\":\"WebPage\",\"@id\":\"https:\/\/www.enriquerequena.com\/fr\/tienda-online\/pieces-detachees-de-remplacement-direction-essieux\/kits-axes-pivot-fusee\/kit-assemblage-pivot-fusee-essieu-nissan-cabstar-40022g4800\/\",\"url\":\"https:\/\/www.enriquerequena.com\/fr\/tienda-online\/pieces-detachees-de-remplacement-direction-essieux\/kits-axes-pivot-fusee\/kit-assemblage-pivot-fusee-essieu-nissan-cabstar-40022g4800\/\",\"name\":\"Kit d'assemblage Pivot de Fus\u00e9e d'Essieu Nissan Cabstar 40022G4800\",\"isPartOf\":{\"@id\":\"https:\/\/www.enriquerequena.com\/fr\/#website\"},\"primaryImageOfPage\":{\"@id\":\"https:\/\/www.enriquerequena.com\/fr\/tienda-online\/pieces-detachees-de-remplacement-direction-essieux\/kits-axes-pivot-fusee\/kit-assemblage-pivot-fusee-essieu-nissan-cabstar-40022g4800\/#primaryimage\"},\"image\":{\"@id\":\"https:\/\/www.enriquerequena.com\/fr\/tienda-online\/pieces-detachees-de-remplacement-direction-essieux\/kits-axes-pivot-fusee\/kit-assemblage-pivot-fusee-essieu-nissan-cabstar-40022g4800\/#primaryimage\"},\"thumbnailUrl\":\"https:\/\/www.enriquerequena.com\/wp-content\/uploads\/2019\/10\/products-kit-de-bulones-de-manguta-nissan-Kit-d-assemblage-Pin-Kit-2-2.jpg\",\"datePublished\":\"2016-05-14T11:04:59+00:00\",\"dateModified\":\"2024-08-13T16:05:03+00:00\",\"description\":\"Kit d'assemblage Pivot de Fus\u00e9e d'Essieu Nissan Cabstar 40022G4800. Nissan Cabstar 75.28-90.32- 110.35- 110.45, Eco T-100.\",\"breadcrumb\":{\"@id\":\"https:\/\/www.enriquerequena.com\/fr\/tienda-online\/pieces-detachees-de-remplacement-direction-essieux\/kits-axes-pivot-fusee\/kit-assemblage-pivot-fusee-essieu-nissan-cabstar-40022g4800\/#breadcrumb\"},\"inLanguage\":\"fr-FR\",\"potentialAction\":[{\"@type\":\"ReadAction\",\"target\":[\"https:\/\/www.enriquerequena.com\/fr\/tienda-online\/pieces-detachees-de-remplacement-direction-essieux\/kits-axes-pivot-fusee\/kit-assemblage-pivot-fusee-essieu-nissan-cabstar-40022g4800\/\"]}]},{\"@type\":\"ImageObject\",\"inLanguage\":\"fr-FR\",\"@id\":\"https:\/\/www.enriquerequena.com\/fr\/tienda-online\/pieces-detachees-de-remplacement-direction-essieux\/kits-axes-pivot-fusee\/kit-assemblage-pivot-fusee-essieu-nissan-cabstar-40022g4800\/#primaryimage\",\"url\":\"https:\/\/www.enriquerequena.com\/wp-content\/uploads\/2019\/10\/products-kit-de-bulones-de-manguta-nissan-Kit-d-assemblage-Pin-Kit-2-2.jpg\",\"contentUrl\":\"https:\/\/www.enriquerequena.com\/wp-content\/uploads\/2019\/10\/products-kit-de-bulones-de-manguta-nissan-Kit-d-assemblage-Pin-Kit-2-2.jpg\",\"width\":800,\"height\":800,\"caption\":\"Kit d'assemblage Pivot de Fus\u00e9e d'Essieu Nissan Cabstar 40022G4800\"},{\"@type\":\"WebSite\",\"@id\":\"https:\/\/www.enriquerequena.com\/fr\/#website\",\"url\":\"https:\/\/www.enriquerequena.com\/fr\/\",\"name\":\"ENRIQUE REQUENA\",\"description\":\"Sp\u00e9cialistes des transmissions cardan avec des exp\u00e9ditions dans le monde entier et des pi\u00e8ces d\u00e9tach\u00e9es pour voitures, camions et accessoires \u00e0 Valence, en Espagne. Avec vous depuis 1950!\",\"publisher\":{\"@id\":\"https:\/\/www.enriquerequena.com\/fr\/#organization\"},\"potentialAction\":[{\"@type\":\"SearchAction\",\"target\":{\"@type\":\"EntryPoint\",\"urlTemplate\":\"https:\/\/www.enriquerequena.com\/fr\/?s={search_term_string}\"},\"query-input\":{\"@type\":\"PropertyValueSpecification\",\"valueRequired\":true,\"valueName\":\"search_term_string\"}}],\"inLanguage\":\"fr-FR\"},{\"@type\":\"Organization\",\"@id\":\"https:\/\/www.enriquerequena.com\/fr\/#organization\",\"name\":\"Enrique Requena S.L.\",\"url\":\"https:\/\/www.enriquerequena.com\/fr\/\",\"logo\":{\"@type\":\"ImageObject\",\"inLanguage\":\"fr-FR\",\"@id\":\"https:\/\/www.enriquerequena.com\/fr\/#\/schema\/logo\/image\/\",\"url\":\"https:\/\/www.enriquerequena.com\/wp-content\/uploads\/2019\/11\/enrique-requena-recambios-logotipo.jpg\",\"contentUrl\":\"https:\/\/www.enriquerequena.com\/wp-content\/uploads\/2019\/11\/enrique-requena-recambios-logotipo.jpg\",\"width\":381,\"height\":75,\"caption\":\"Enrique Requena S.L.\"},\"image\":{\"@id\":\"https:\/\/www.enriquerequena.com\/fr\/#\/schema\/logo\/image\/\"}}]}<\/script>\n<!-- \/ Yoast SEO plugin. -->","yoast_head_json":{"title":"Kit d'assemblage Pivot de Fus\u00e9e d'Essieu Nissan Cabstar 40022G4800","description":"Kit d'assemblage Pivot de Fus\u00e9e d'Essieu Nissan Cabstar 40022G4800. Nissan Cabstar 75.28-90.32- 110.35- 110.45, Eco T-100.","robots":{"index":"index","follow":"follow","max-snippet":"max-snippet:-1","max-image-preview":"max-image-preview:large","max-video-preview":"max-video-preview:-1"},"canonical":"https:\/\/www.enriquerequena.com\/fr\/tienda-online\/pieces-detachees-de-remplacement-direction-essieux\/kits-axes-pivot-fusee\/kit-assemblage-pivot-fusee-essieu-nissan-cabstar-40022g4800\/","og_locale":"fr_FR","og_type":"article","og_title":"Kit d'assemblage Pivot de Fus\u00e9e d'Essieu Nissan Cabstar 40022G4800","og_description":"Kit d'assemblage Pivot de Fus\u00e9e d'Essieu Nissan Cabstar 40022G4800. Nissan Cabstar 75.28-90.32- 110.35- 110.45, Eco T-100.","og_url":"https:\/\/www.enriquerequena.com\/fr\/tienda-online\/pieces-detachees-de-remplacement-direction-essieux\/kits-axes-pivot-fusee\/kit-assemblage-pivot-fusee-essieu-nissan-cabstar-40022g4800\/","og_site_name":"ENRIQUE REQUENA","article_modified_time":"2024-08-13T16:05:03+00:00","og_image":[{"width":800,"height":800,"url":"https:\/\/www.enriquerequena.com\/wp-content\/uploads\/2019\/10\/products-kit-de-bulones-de-manguta-nissan-Kit-d-assemblage-Pin-Kit-2-2.jpg","type":"image\/jpeg"}],"twitter_card":"summary_large_image","twitter_misc":{"Dur\u00e9e de lecture estim\u00e9e":"1 minute"},"schema":{"@context":"https:\/\/schema.org","@graph":[{"@type":"WebPage","@id":"https:\/\/www.enriquerequena.com\/fr\/tienda-online\/pieces-detachees-de-remplacement-direction-essieux\/kits-axes-pivot-fusee\/kit-assemblage-pivot-fusee-essieu-nissan-cabstar-40022g4800\/","url":"https:\/\/www.enriquerequena.com\/fr\/tienda-online\/pieces-detachees-de-remplacement-direction-essieux\/kits-axes-pivot-fusee\/kit-assemblage-pivot-fusee-essieu-nissan-cabstar-40022g4800\/","name":"Kit d'assemblage Pivot de Fus\u00e9e d'Essieu Nissan Cabstar 40022G4800","isPartOf":{"@id":"https:\/\/www.enriquerequena.com\/fr\/#website"},"primaryImageOfPage":{"@id":"https:\/\/www.enriquerequena.com\/fr\/tienda-online\/pieces-detachees-de-remplacement-direction-essieux\/kits-axes-pivot-fusee\/kit-assemblage-pivot-fusee-essieu-nissan-cabstar-40022g4800\/#primaryimage"},"image":{"@id":"https:\/\/www.enriquerequena.com\/fr\/tienda-online\/pieces-detachees-de-remplacement-direction-essieux\/kits-axes-pivot-fusee\/kit-assemblage-pivot-fusee-essieu-nissan-cabstar-40022g4800\/#primaryimage"},"thumbnailUrl":"https:\/\/www.enriquerequena.com\/wp-content\/uploads\/2019\/10\/products-kit-de-bulones-de-manguta-nissan-Kit-d-assemblage-Pin-Kit-2-2.jpg","datePublished":"2016-05-14T11:04:59+00:00","dateModified":"2024-08-13T16:05:03+00:00","description":"Kit d'assemblage Pivot de Fus\u00e9e d'Essieu Nissan Cabstar 40022G4800. Nissan Cabstar 75.28-90.32- 110.35- 110.45, Eco T-100.","breadcrumb":{"@id":"https:\/\/www.enriquerequena.com\/fr\/tienda-online\/pieces-detachees-de-remplacement-direction-essieux\/kits-axes-pivot-fusee\/kit-assemblage-pivot-fusee-essieu-nissan-cabstar-40022g4800\/#breadcrumb"},"inLanguage":"fr-FR","potentialAction":[{"@type":"ReadAction","target":["https:\/\/www.enriquerequena.com\/fr\/tienda-online\/pieces-detachees-de-remplacement-direction-essieux\/kits-axes-pivot-fusee\/kit-assemblage-pivot-fusee-essieu-nissan-cabstar-40022g4800\/"]}]},{"@type":"ImageObject","inLanguage":"fr-FR","@id":"https:\/\/www.enriquerequena.com\/fr\/tienda-online\/pieces-detachees-de-remplacement-direction-essieux\/kits-axes-pivot-fusee\/kit-assemblage-pivot-fusee-essieu-nissan-cabstar-40022g4800\/#primaryimage","url":"https:\/\/www.enriquerequena.com\/wp-content\/uploads\/2019\/10\/products-kit-de-bulones-de-manguta-nissan-Kit-d-assemblage-Pin-Kit-2-2.jpg","contentUrl":"https:\/\/www.enriquerequena.com\/wp-content\/uploads\/2019\/10\/products-kit-de-bulones-de-manguta-nissan-Kit-d-assemblage-Pin-Kit-2-2.jpg","width":800,"height":800,"caption":"Kit d'assemblage Pivot de Fus\u00e9e d'Essieu Nissan Cabstar 40022G4800"},{"@type":"WebSite","@id":"https:\/\/www.enriquerequena.com\/fr\/#website","url":"https:\/\/www.enriquerequena.com\/fr\/","name":"ENRIQUE REQUENA","description":"Sp\u00e9cialistes des transmissions cardan avec des exp\u00e9ditions dans le monde entier et des pi\u00e8ces d\u00e9tach\u00e9es pour voitures, camions et accessoires \u00e0 Valence, en Espagne. Avec vous depuis 1950!","publisher":{"@id":"https:\/\/www.enriquerequena.com\/fr\/#organization"},"potentialAction":[{"@type":"SearchAction","target":{"@type":"EntryPoint","urlTemplate":"https:\/\/www.enriquerequena.com\/fr\/?s={search_term_string}"},"query-input":{"@type":"PropertyValueSpecification","valueRequired":true,"valueName":"search_term_string"}}],"inLanguage":"fr-FR"},{"@type":"Organization","@id":"https:\/\/www.enriquerequena.com\/fr\/#organization","name":"Enrique Requena S.L.","url":"https:\/\/www.enriquerequena.com\/fr\/","logo":{"@type":"ImageObject","inLanguage":"fr-FR","@id":"https:\/\/www.enriquerequena.com\/fr\/#\/schema\/logo\/image\/","url":"https:\/\/www.enriquerequena.com\/wp-content\/uploads\/2019\/11\/enrique-requena-recambios-logotipo.jpg","contentUrl":"https:\/\/www.enriquerequena.com\/wp-content\/uploads\/2019\/11\/enrique-requena-recambios-logotipo.jpg","width":381,"height":75,"caption":"Enrique Requena S.L."},"image":{"@id":"https:\/\/www.enriquerequena.com\/fr\/#\/schema\/logo\/image\/"}}]}},"_links":{"self":[{"href":"https:\/\/www.enriquerequena.com\/fr\/wp-json\/wp\/v2\/product\/3116","targetHints":{"allow":["GET"]}}],"collection":[{"href":"https:\/\/www.enriquerequena.com\/fr\/wp-json\/wp\/v2\/product"}],"about":[{"href":"https:\/\/www.enriquerequena.com\/fr\/wp-json\/wp\/v2\/types\/product"}],"wp:featuredmedia":[{"embeddable":true,"href":"https:\/\/www.enriquerequena.com\/fr\/wp-json\/wp\/v2\/media\/3117"}],"wp:attachment":[{"href":"https:\/\/www.enriquerequena.com\/fr\/wp-json\/wp\/v2\/media?parent=3116"}],"wp:term":[{"taxonomy":"product_brand","embeddable":true,"href":"https:\/\/www.enriquerequena.com\/fr\/wp-json\/wp\/v2\/product_brand?post=3116"},{"taxonomy":"product_cat","embeddable":true,"href":"https:\/\/www.enriquerequena.com\/fr\/wp-json\/wp\/v2\/product_cat?post=3116"},{"taxonomy":"product_tag","embeddable":true,"href":"https:\/\/www.enriquerequena.com\/fr\/wp-json\/wp\/v2\/product_tag?post=3116"}],"curies":[{"name":"wp","href":"https:\/\/api.w.org\/{rel}","templated":true}]}}