{"id":31191,"date":"2025-03-08T11:18:10","date_gmt":"2025-03-08T10:18:10","guid":{"rendered":"https:\/\/www.enriquerequena.com\/?post_type=product&#038;p=31191"},"modified":"2025-03-21T18:56:40","modified_gmt":"2025-03-21T17:56:40","slug":"etrier-de-frein-nissan-cabstar-41011mb600-41011mb60a-41011mb625","status":"publish","type":"product","link":"https:\/\/www.enriquerequena.com\/fr\/tienda-online\/pieces-detachees-rechanges-frein-freinage\/etriers-de-frein\/etrier-de-frein-nissan-cabstar-41011mb600-41011mb60a-41011mb625\/","title":{"rendered":"\u00c9trier De Frein Nissan Cabstar 41011MB600, 41011MB60A, 41011MB625."},"content":{"rendered":"<h2>\u00c9trier De Frein Nissan Cabstar.<\/h2>\n<p>\u00c9trier De Frein avant gauche pour Nissan Cabstar avec r\u00e9f\u00e9rence 41011MB600, 41011MB60A, 41011MB625, est un \u00e9trier de frein de Nissan <strong>neuf avec une garantie d\u2019un an<\/strong>.<\/p>\n<h3><strong>Avantages:<\/strong><\/h3>\n<ul>\n<li><strong data-start=\"665\" data-end=\"687\">Qualit\u00e9 Garantie : <\/strong>Produit<strong> neuf<\/strong>\u00a0avec une garantie d&rsquo;un an.<strong data-start=\"665\" data-end=\"687\"><br \/>\n<\/strong><\/li>\n<li><strong data-start=\"665\" data-end=\"687\">Performance Sup\u00e9rieure :<\/strong> Ce composant est essentiel pour le freinage, garantissant des performances optimales et une conduite s\u00e9curis\u00e9e pour votre v\u00e9hicule. Con\u00e7u avec des <strong>mat\u00e9riaux de haute qualit\u00e9<\/strong> et de pr\u00e9cision\u00a0r\u00e9pondant parfaitement aux exigences du mod\u00e8le Nissan Cabstar .<\/li>\n<li><strong>Durabilit\u00e9:<\/strong> Notre\u00a0\u00e9trier est fabriqu\u00e9 pour supporter des conditions exigeantes et offrir une <strong>durabilit\u00e9 et une fiabilit\u00e9 exceptionnelles<\/strong>. Chaque unit\u00e9 est soumise \u00e0 des tests de qualit\u00e9 rigoureux pour garantir qu\u2019elle respecte les normes les plus \u00e9lev\u00e9es et assure un fonctionnement fiable dans diverses situations de conduite.<\/li>\n<li><strong>Exp\u00e9rience: Avec plus de 74 ans d\u2019exp\u00e9rience<\/strong> dans le secteur des pi\u00e8ces d\u00e9tach\u00e9es d\u00b4automobiles, Enrique Requena a \u00e9tabli une solide r\u00e9putation gr\u00e2ce \u00e0 notre engagement envers <strong>la qualit\u00e9 et le service client<\/strong>. Nous proposons des produits de <strong>haute qualit\u00e9 \u00e0 des prix comp\u00e9titifs<\/strong>, soutenus par un <strong>service exceptionnel et une attention personnalis\u00e9e<\/strong>.<\/li>\n<\/ul>\n<h3><strong>Caract\u00e9ristiques techniques:<\/strong><\/h3>\n<ul>\n<li>Pi\u00e8ce de rechange: \u00c9trier De Frein<\/li>\n<li>Mod\u00e8le: Nissan Cabstar<\/li>\n<li>\u00c9tat: <strong>Pi\u00e8ce neuve<\/strong><\/li>\n<li><strong>Garantie d\u2019un an<\/strong><\/li>\n<li><span class=\"HwtZe\" lang=\"fr\"><span class=\"jCAhz ChMk0b\"><span class=\"ryNqvb\">Qualit\u00e9:<strong> Aftermarket<\/strong><\/span><\/span><\/span><\/li>\n<li><span class=\"ng-star-inserted\"><span class=\"\">Diam\u00e8tre du piston d&rsquo;\u00e9trier de frein: 48MM<\/span><\/span><\/li>\n<\/ul>\n<p><strong>R\u00e9f\u00e9rence:<\/strong><\/p>\n<ul>\n<li>41011MB600<\/li>\n<li>41011MB60A<\/li>\n<li>41011MB625<\/li>\n<\/ul>\n<p><strong>Faites confiance \u00e0 Enrique Requena<\/strong> et d\u00e9couvrez la diff\u00e9rence que <strong>notre expertise et notre d\u00e9vouement<\/strong> peuvent apporter \u00e0 votre v\u00e9hicule.<\/p>\n<p><strong>Passez votre commande d\u00e8s aujourd\u2019hui<\/strong> et assurez le fonctionnement optimal de votre Nissan Cabstar avec notre \u00e9trier de frein.<\/p>\n","protected":false},"excerpt":{"rendered":"<p>\u00c9trier De Frein avant gauche pour Nissan Cabstar avec r\u00e9f\u00e9rence 41011MB600, 41011MB60A, 41011MB625, est un \u00e9trier de frein de Nissan <strong>neuf avec une garantie d\u2019un an<\/strong>.<\/p>\n","protected":false},"featured_media":31194,"template":"","meta":[],"product_brand":[],"product_cat":[10014,9848,138],"product_tag":[],"class_list":{"0":"post-31191","1":"product","2":"type-product","3":"status-publish","4":"has-post-thumbnail","6":"product_cat-etriers-de-frein","7":"product_cat-pieces-detachees-rechanges-frein-freinage","8":"product_cat-pieces-rechange-camions","9":"pa_manufacturer-nissan","10":"pa_tipo-camions-poids-lourds","12":"first","13":"instock","14":"taxable","15":"shipping-taxable","16":"purchasable","17":"product-type-simple"},"yoast_head":"<!-- This site is optimized with the Yoast SEO plugin v27.1.1 - https:\/\/yoast.com\/product\/yoast-seo-wordpress\/ -->\n<title>\u00c9trier De Frein Nissan Cabstar 41011MB600, 41011MB60A, 41011MB625. - ENRIQUE REQUENA<\/title>\n<meta name=\"description\" content=\"\u00c9trier De Frein avant gauche pour Nissan Cabstar avec r\u00e9f\u00e9rence 41011MB600, 41011MB60A, 41011MB625, est un \u00e9trier neuf avec une garantie d\u2019un an.\" \/>\n<meta name=\"robots\" content=\"index, follow, max-snippet:-1, max-image-preview:large, max-video-preview:-1\" \/>\n<link rel=\"canonical\" href=\"https:\/\/www.enriquerequena.com\/fr\/tienda-online\/pieces-detachees-rechanges-frein-freinage\/etriers-de-frein\/etrier-de-frein-nissan-cabstar-41011mb600-41011mb60a-41011mb625\/\" \/>\n<meta property=\"og:locale\" content=\"fr_FR\" \/>\n<meta property=\"og:type\" content=\"article\" \/>\n<meta property=\"og:title\" content=\"\u00c9trier De Frein Nissan Cabstar 41011MB600, 41011MB60A, 41011MB625. - ENRIQUE REQUENA\" \/>\n<meta property=\"og:description\" content=\"\u00c9trier De Frein avant gauche pour Nissan Cabstar avec r\u00e9f\u00e9rence 41011MB600, 41011MB60A, 41011MB625, est un \u00e9trier neuf avec une garantie d\u2019un an.\" \/>\n<meta property=\"og:url\" content=\"https:\/\/www.enriquerequena.com\/fr\/tienda-online\/pieces-detachees-rechanges-frein-freinage\/etriers-de-frein\/etrier-de-frein-nissan-cabstar-41011mb600-41011mb60a-41011mb625\/\" \/>\n<meta property=\"og:site_name\" content=\"ENRIQUE REQUENA\" \/>\n<meta property=\"article:modified_time\" content=\"2025-03-21T17:56:40+00:00\" \/>\n<meta property=\"og:image\" content=\"https:\/\/www.enriquerequena.com\/wp-content\/uploads\/2025\/03\/PINZA-CABSTAR-GIMP.jpg\" \/>\n\t<meta property=\"og:image:width\" content=\"800\" \/>\n\t<meta property=\"og:image:height\" content=\"800\" \/>\n\t<meta property=\"og:image:type\" content=\"image\/jpeg\" \/>\n<meta name=\"twitter:card\" content=\"summary_large_image\" \/>\n<meta name=\"twitter:label1\" content=\"Dur\u00e9e de lecture estim\u00e9e\" \/>\n\t<meta name=\"twitter:data1\" content=\"2 minutes\" \/>\n<script type=\"application\/ld+json\" class=\"yoast-schema-graph\">{\"@context\":\"https:\/\/schema.org\",\"@graph\":[{\"@type\":\"WebPage\",\"@id\":\"https:\/\/www.enriquerequena.com\/fr\/tienda-online\/pieces-detachees-rechanges-frein-freinage\/etriers-de-frein\/etrier-de-frein-nissan-cabstar-41011mb600-41011mb60a-41011mb625\/\",\"url\":\"https:\/\/www.enriquerequena.com\/fr\/tienda-online\/pieces-detachees-rechanges-frein-freinage\/etriers-de-frein\/etrier-de-frein-nissan-cabstar-41011mb600-41011mb60a-41011mb625\/\",\"name\":\"\u00c9trier De Frein Nissan Cabstar 41011MB600, 41011MB60A, 41011MB625. - ENRIQUE REQUENA\",\"isPartOf\":{\"@id\":\"https:\/\/www.enriquerequena.com\/fr\/#website\"},\"primaryImageOfPage\":{\"@id\":\"https:\/\/www.enriquerequena.com\/fr\/tienda-online\/pieces-detachees-rechanges-frein-freinage\/etriers-de-frein\/etrier-de-frein-nissan-cabstar-41011mb600-41011mb60a-41011mb625\/#primaryimage\"},\"image\":{\"@id\":\"https:\/\/www.enriquerequena.com\/fr\/tienda-online\/pieces-detachees-rechanges-frein-freinage\/etriers-de-frein\/etrier-de-frein-nissan-cabstar-41011mb600-41011mb60a-41011mb625\/#primaryimage\"},\"thumbnailUrl\":\"https:\/\/www.enriquerequena.com\/wp-content\/uploads\/2025\/03\/PINZA-CABSTAR-GIMP.jpg\",\"datePublished\":\"2025-03-08T10:18:10+00:00\",\"dateModified\":\"2025-03-21T17:56:40+00:00\",\"description\":\"\u00c9trier De Frein avant gauche pour Nissan Cabstar avec r\u00e9f\u00e9rence 41011MB600, 41011MB60A, 41011MB625, est un \u00e9trier neuf avec une garantie d\u2019un an.\",\"breadcrumb\":{\"@id\":\"https:\/\/www.enriquerequena.com\/fr\/tienda-online\/pieces-detachees-rechanges-frein-freinage\/etriers-de-frein\/etrier-de-frein-nissan-cabstar-41011mb600-41011mb60a-41011mb625\/#breadcrumb\"},\"inLanguage\":\"fr-FR\",\"potentialAction\":[{\"@type\":\"ReadAction\",\"target\":[\"https:\/\/www.enriquerequena.com\/fr\/tienda-online\/pieces-detachees-rechanges-frein-freinage\/etriers-de-frein\/etrier-de-frein-nissan-cabstar-41011mb600-41011mb60a-41011mb625\/\"]}]},{\"@type\":\"ImageObject\",\"inLanguage\":\"fr-FR\",\"@id\":\"https:\/\/www.enriquerequena.com\/fr\/tienda-online\/pieces-detachees-rechanges-frein-freinage\/etriers-de-frein\/etrier-de-frein-nissan-cabstar-41011mb600-41011mb60a-41011mb625\/#primaryimage\",\"url\":\"https:\/\/www.enriquerequena.com\/wp-content\/uploads\/2025\/03\/PINZA-CABSTAR-GIMP.jpg\",\"contentUrl\":\"https:\/\/www.enriquerequena.com\/wp-content\/uploads\/2025\/03\/PINZA-CABSTAR-GIMP.jpg\",\"width\":800,\"height\":800,\"caption\":\"\u00c9trier De Frein Renault Maxity 7485121662\"},{\"@type\":\"WebSite\",\"@id\":\"https:\/\/www.enriquerequena.com\/fr\/#website\",\"url\":\"https:\/\/www.enriquerequena.com\/fr\/\",\"name\":\"ENRIQUE REQUENA\",\"description\":\"Sp\u00e9cialistes des transmissions cardan avec des exp\u00e9ditions dans le monde entier et des pi\u00e8ces d\u00e9tach\u00e9es pour voitures, camions et accessoires \u00e0 Valence, en Espagne. Avec vous depuis 1950!\",\"publisher\":{\"@id\":\"https:\/\/www.enriquerequena.com\/fr\/#organization\"},\"potentialAction\":[{\"@type\":\"SearchAction\",\"target\":{\"@type\":\"EntryPoint\",\"urlTemplate\":\"https:\/\/www.enriquerequena.com\/fr\/?s={search_term_string}\"},\"query-input\":{\"@type\":\"PropertyValueSpecification\",\"valueRequired\":true,\"valueName\":\"search_term_string\"}}],\"inLanguage\":\"fr-FR\"},{\"@type\":\"Organization\",\"@id\":\"https:\/\/www.enriquerequena.com\/fr\/#organization\",\"name\":\"Enrique Requena S.L.\",\"url\":\"https:\/\/www.enriquerequena.com\/fr\/\",\"logo\":{\"@type\":\"ImageObject\",\"inLanguage\":\"fr-FR\",\"@id\":\"https:\/\/www.enriquerequena.com\/fr\/#\/schema\/logo\/image\/\",\"url\":\"https:\/\/www.enriquerequena.com\/wp-content\/uploads\/2019\/11\/enrique-requena-recambios-logotipo.jpg\",\"contentUrl\":\"https:\/\/www.enriquerequena.com\/wp-content\/uploads\/2019\/11\/enrique-requena-recambios-logotipo.jpg\",\"width\":381,\"height\":75,\"caption\":\"Enrique Requena S.L.\"},\"image\":{\"@id\":\"https:\/\/www.enriquerequena.com\/fr\/#\/schema\/logo\/image\/\"}}]}<\/script>\n<!-- \/ Yoast SEO plugin. -->","yoast_head_json":{"title":"\u00c9trier De Frein Nissan Cabstar 41011MB600, 41011MB60A, 41011MB625. - ENRIQUE REQUENA","description":"\u00c9trier De Frein avant gauche pour Nissan Cabstar avec r\u00e9f\u00e9rence 41011MB600, 41011MB60A, 41011MB625, est un \u00e9trier neuf avec une garantie d\u2019un an.","robots":{"index":"index","follow":"follow","max-snippet":"max-snippet:-1","max-image-preview":"max-image-preview:large","max-video-preview":"max-video-preview:-1"},"canonical":"https:\/\/www.enriquerequena.com\/fr\/tienda-online\/pieces-detachees-rechanges-frein-freinage\/etriers-de-frein\/etrier-de-frein-nissan-cabstar-41011mb600-41011mb60a-41011mb625\/","og_locale":"fr_FR","og_type":"article","og_title":"\u00c9trier De Frein Nissan Cabstar 41011MB600, 41011MB60A, 41011MB625. - ENRIQUE REQUENA","og_description":"\u00c9trier De Frein avant gauche pour Nissan Cabstar avec r\u00e9f\u00e9rence 41011MB600, 41011MB60A, 41011MB625, est un \u00e9trier neuf avec une garantie d\u2019un an.","og_url":"https:\/\/www.enriquerequena.com\/fr\/tienda-online\/pieces-detachees-rechanges-frein-freinage\/etriers-de-frein\/etrier-de-frein-nissan-cabstar-41011mb600-41011mb60a-41011mb625\/","og_site_name":"ENRIQUE REQUENA","article_modified_time":"2025-03-21T17:56:40+00:00","og_image":[{"width":800,"height":800,"url":"https:\/\/www.enriquerequena.com\/wp-content\/uploads\/2025\/03\/PINZA-CABSTAR-GIMP.jpg","type":"image\/jpeg"}],"twitter_card":"summary_large_image","twitter_misc":{"Dur\u00e9e de lecture estim\u00e9e":"2 minutes"},"schema":{"@context":"https:\/\/schema.org","@graph":[{"@type":"WebPage","@id":"https:\/\/www.enriquerequena.com\/fr\/tienda-online\/pieces-detachees-rechanges-frein-freinage\/etriers-de-frein\/etrier-de-frein-nissan-cabstar-41011mb600-41011mb60a-41011mb625\/","url":"https:\/\/www.enriquerequena.com\/fr\/tienda-online\/pieces-detachees-rechanges-frein-freinage\/etriers-de-frein\/etrier-de-frein-nissan-cabstar-41011mb600-41011mb60a-41011mb625\/","name":"\u00c9trier De Frein Nissan Cabstar 41011MB600, 41011MB60A, 41011MB625. - ENRIQUE REQUENA","isPartOf":{"@id":"https:\/\/www.enriquerequena.com\/fr\/#website"},"primaryImageOfPage":{"@id":"https:\/\/www.enriquerequena.com\/fr\/tienda-online\/pieces-detachees-rechanges-frein-freinage\/etriers-de-frein\/etrier-de-frein-nissan-cabstar-41011mb600-41011mb60a-41011mb625\/#primaryimage"},"image":{"@id":"https:\/\/www.enriquerequena.com\/fr\/tienda-online\/pieces-detachees-rechanges-frein-freinage\/etriers-de-frein\/etrier-de-frein-nissan-cabstar-41011mb600-41011mb60a-41011mb625\/#primaryimage"},"thumbnailUrl":"https:\/\/www.enriquerequena.com\/wp-content\/uploads\/2025\/03\/PINZA-CABSTAR-GIMP.jpg","datePublished":"2025-03-08T10:18:10+00:00","dateModified":"2025-03-21T17:56:40+00:00","description":"\u00c9trier De Frein avant gauche pour Nissan Cabstar avec r\u00e9f\u00e9rence 41011MB600, 41011MB60A, 41011MB625, est un \u00e9trier neuf avec une garantie d\u2019un an.","breadcrumb":{"@id":"https:\/\/www.enriquerequena.com\/fr\/tienda-online\/pieces-detachees-rechanges-frein-freinage\/etriers-de-frein\/etrier-de-frein-nissan-cabstar-41011mb600-41011mb60a-41011mb625\/#breadcrumb"},"inLanguage":"fr-FR","potentialAction":[{"@type":"ReadAction","target":["https:\/\/www.enriquerequena.com\/fr\/tienda-online\/pieces-detachees-rechanges-frein-freinage\/etriers-de-frein\/etrier-de-frein-nissan-cabstar-41011mb600-41011mb60a-41011mb625\/"]}]},{"@type":"ImageObject","inLanguage":"fr-FR","@id":"https:\/\/www.enriquerequena.com\/fr\/tienda-online\/pieces-detachees-rechanges-frein-freinage\/etriers-de-frein\/etrier-de-frein-nissan-cabstar-41011mb600-41011mb60a-41011mb625\/#primaryimage","url":"https:\/\/www.enriquerequena.com\/wp-content\/uploads\/2025\/03\/PINZA-CABSTAR-GIMP.jpg","contentUrl":"https:\/\/www.enriquerequena.com\/wp-content\/uploads\/2025\/03\/PINZA-CABSTAR-GIMP.jpg","width":800,"height":800,"caption":"\u00c9trier De Frein Renault Maxity 7485121662"},{"@type":"WebSite","@id":"https:\/\/www.enriquerequena.com\/fr\/#website","url":"https:\/\/www.enriquerequena.com\/fr\/","name":"ENRIQUE REQUENA","description":"Sp\u00e9cialistes des transmissions cardan avec des exp\u00e9ditions dans le monde entier et des pi\u00e8ces d\u00e9tach\u00e9es pour voitures, camions et accessoires \u00e0 Valence, en Espagne. Avec vous depuis 1950!","publisher":{"@id":"https:\/\/www.enriquerequena.com\/fr\/#organization"},"potentialAction":[{"@type":"SearchAction","target":{"@type":"EntryPoint","urlTemplate":"https:\/\/www.enriquerequena.com\/fr\/?s={search_term_string}"},"query-input":{"@type":"PropertyValueSpecification","valueRequired":true,"valueName":"search_term_string"}}],"inLanguage":"fr-FR"},{"@type":"Organization","@id":"https:\/\/www.enriquerequena.com\/fr\/#organization","name":"Enrique Requena S.L.","url":"https:\/\/www.enriquerequena.com\/fr\/","logo":{"@type":"ImageObject","inLanguage":"fr-FR","@id":"https:\/\/www.enriquerequena.com\/fr\/#\/schema\/logo\/image\/","url":"https:\/\/www.enriquerequena.com\/wp-content\/uploads\/2019\/11\/enrique-requena-recambios-logotipo.jpg","contentUrl":"https:\/\/www.enriquerequena.com\/wp-content\/uploads\/2019\/11\/enrique-requena-recambios-logotipo.jpg","width":381,"height":75,"caption":"Enrique Requena S.L."},"image":{"@id":"https:\/\/www.enriquerequena.com\/fr\/#\/schema\/logo\/image\/"}}]}},"_links":{"self":[{"href":"https:\/\/www.enriquerequena.com\/fr\/wp-json\/wp\/v2\/product\/31191","targetHints":{"allow":["GET"]}}],"collection":[{"href":"https:\/\/www.enriquerequena.com\/fr\/wp-json\/wp\/v2\/product"}],"about":[{"href":"https:\/\/www.enriquerequena.com\/fr\/wp-json\/wp\/v2\/types\/product"}],"wp:featuredmedia":[{"embeddable":true,"href":"https:\/\/www.enriquerequena.com\/fr\/wp-json\/wp\/v2\/media\/31194"}],"wp:attachment":[{"href":"https:\/\/www.enriquerequena.com\/fr\/wp-json\/wp\/v2\/media?parent=31191"}],"wp:term":[{"taxonomy":"product_brand","embeddable":true,"href":"https:\/\/www.enriquerequena.com\/fr\/wp-json\/wp\/v2\/product_brand?post=31191"},{"taxonomy":"product_cat","embeddable":true,"href":"https:\/\/www.enriquerequena.com\/fr\/wp-json\/wp\/v2\/product_cat?post=31191"},{"taxonomy":"product_tag","embeddable":true,"href":"https:\/\/www.enriquerequena.com\/fr\/wp-json\/wp\/v2\/product_tag?post=31191"}],"curies":[{"name":"wp","href":"https:\/\/api.w.org\/{rel}","templated":true}]}}