{"id":3132,"date":"2016-05-25T14:25:01","date_gmt":"2016-05-25T14:25:01","guid":{"rendered":"https:\/\/www.enriquerequena.com\/?post_type=product&#038;p=3132"},"modified":"2023-02-07T16:40:00","modified_gmt":"2023-02-07T15:40:00","slug":"barre-de-conexion-pour-nissan-cabstar-485109x101-48510d8600-48510la21e","status":"publish","type":"product","link":"https:\/\/www.enriquerequena.com\/fr\/tienda-online\/pieces-detachees-de-remplacement-direction-essieux\/barres-de-direction\/barre-de-conexion-pour-nissan-cabstar-485109x101-48510d8600-48510la21e\/","title":{"rendered":"Barre de conexi\u00f3n pour Nissan Cabstar 485109X101 &#8211; 48510D8600 &#8211; 48510LA21E"},"content":{"rendered":"<p style=\"text-align: justify;\"><span style=\"color: #666699;\">Nous avons barre de conexi\u00f3n pour Nissan Cabstar.<\/span><\/p>\n<p style=\"text-align: justify;\"><span style=\"color: #666699;\">Nous avons des\u00a0barre de conexi\u00f3n de diff\u00e9rentes marques pour tous les mod\u00e8les de camions. Demandez-nous si vous ne trouvez pas le v\u00f4tre. Nous avons de l&rsquo;exp\u00e9rience dans la vente de pi\u00e8ces d\u00e9tach\u00e9es pour camions depuis 1950!<\/span><\/p>\n<p style=\"text-align: justify;\"><span style=\"color: #666699;\"><strong>Sp\u00e9cifications techniques:<\/strong><\/span><\/p>\n<p style=\"text-align: justify;\"><span style=\"color: #666699;\">&#8211; Pi\u00e8ce de rechange de camion: Barre de conexi\u00f3n<\/span><\/p>\n<p style=\"text-align: justify;\"><span style=\"color: #666699;\">&#8211; Num\u00e9ros de r\u00e9f\u00e9rence: 485109X101 &#8211; 48510D8600 &#8211; 48519D8600 &#8211;\u00a048510LA21E<\/span><\/p>\n<p style=\"text-align: justify;\"><span style=\"color: #666699;\">&#8211; Longueur: 835 MM.<\/span><\/p>\n<p style=\"text-align: justify;\"><span style=\"color: #666699;\">&#8211; Pipe: 38 MM.<\/span><\/p>\n<p style=\"text-align: justify;\"><span style=\"color: #666699;\">&#8211; C\u00f4nes: D1 18MM &#8211; D2 16.2MM<\/span><\/p>\n<p style=\"text-align: justify;\"><span style=\"color: #666699;\">&#8211; Connaissance: 1\/10<\/span><\/p>\n<p style=\"text-align: justify;\"><span style=\"color: #666699;\">&#8211; Fil: M22x1.5<\/span><\/p>\n","protected":false},"excerpt":{"rendered":"<p>Barre de conexi\u00f3n pour Nissan Cabstar avec r\u00e9f\u00e9rences 485109X101, 48510D8600, 48519D8600 et 48510LA21E en ligne pour les camions Nissan Cabstar.<\/p>\n","protected":false},"featured_media":3133,"template":"","meta":[],"product_brand":[121],"product_cat":[9935,213,9827,138],"product_tag":[],"class_list":{"0":"post-3132","1":"product","2":"type-product","3":"status-publish","4":"has-post-thumbnail","6":"product_brand-nissan-2","7":"product_cat-barres-de-direction","8":"product_cat-direction","9":"product_cat-pieces-detachees-de-remplacement-direction-essieux","10":"product_cat-pieces-rechange-camions","11":"pa_manufacturer-nissan","12":"pa_tipo-4x4","13":"pa_tipo-camions-poids-lourds","15":"first","16":"instock","17":"taxable","18":"shipping-taxable","19":"purchasable","20":"product-type-simple"},"yoast_head":"<!-- This site is optimized with the Yoast SEO plugin v27.1.1 - https:\/\/yoast.com\/product\/yoast-seo-wordpress\/ -->\n<title>Barre de conexi\u00f3n pour Nissan Cabstar 485109X101 - 48510D8600 - 48510LA21E<\/title>\n<meta name=\"description\" content=\"Vous pouvez acheter le Barre de conexi\u00f3n 485109X101, 48510D8600, 48519D8600 et 48510D86 pour Nissan Cabstar ici. Achetez en ligne!\" \/>\n<meta name=\"robots\" content=\"index, follow, max-snippet:-1, max-image-preview:large, max-video-preview:-1\" \/>\n<link rel=\"canonical\" href=\"https:\/\/www.enriquerequena.com\/fr\/tienda-online\/pieces-detachees-de-remplacement-direction-essieux\/barres-de-direction\/barre-de-conexion-pour-nissan-cabstar-485109x101-48510d8600-48510la21e\/\" \/>\n<meta property=\"og:locale\" content=\"fr_FR\" \/>\n<meta property=\"og:type\" content=\"article\" \/>\n<meta property=\"og:title\" content=\"Barre de conexi\u00f3n pour Nissan Cabstar 485109X101 - 48510D8600 - 48510LA21E\" \/>\n<meta property=\"og:description\" content=\"Vous pouvez acheter le Barre de conexi\u00f3n 485109X101, 48510D8600, 48519D8600 et 48510D86 pour Nissan Cabstar ici. Achetez en ligne!\" \/>\n<meta property=\"og:url\" content=\"https:\/\/www.enriquerequena.com\/fr\/tienda-online\/pieces-detachees-de-remplacement-direction-essieux\/barres-de-direction\/barre-de-conexion-pour-nissan-cabstar-485109x101-48510d8600-48510la21e\/\" \/>\n<meta property=\"og:site_name\" content=\"ENRIQUE REQUENA\" \/>\n<meta property=\"article:modified_time\" content=\"2023-02-07T15:40:00+00:00\" \/>\n<meta property=\"og:image\" content=\"https:\/\/www.enriquerequena.com\/wp-content\/uploads\/2019\/10\/products-485109X100-BARRA-DE-DIRECCION-BARRE-DE-DIRECION-BARRE-DE-CONEXION-CENTRE-ROD-ASSEMBLY-CABSTAR-3-4-2.jpg\" \/>\n\t<meta property=\"og:image:width\" content=\"800\" \/>\n\t<meta property=\"og:image:height\" content=\"800\" \/>\n\t<meta property=\"og:image:type\" content=\"image\/jpeg\" \/>\n<meta name=\"twitter:card\" content=\"summary_large_image\" \/>\n<meta name=\"twitter:label1\" content=\"Dur\u00e9e de lecture estim\u00e9e\" \/>\n\t<meta name=\"twitter:data1\" content=\"1 minute\" \/>\n<script type=\"application\/ld+json\" class=\"yoast-schema-graph\">{\"@context\":\"https:\/\/schema.org\",\"@graph\":[{\"@type\":\"WebPage\",\"@id\":\"https:\/\/www.enriquerequena.com\/fr\/tienda-online\/pieces-detachees-de-remplacement-direction-essieux\/barres-de-direction\/barre-de-conexion-pour-nissan-cabstar-485109x101-48510d8600-48510la21e\/\",\"url\":\"https:\/\/www.enriquerequena.com\/fr\/tienda-online\/pieces-detachees-de-remplacement-direction-essieux\/barres-de-direction\/barre-de-conexion-pour-nissan-cabstar-485109x101-48510d8600-48510la21e\/\",\"name\":\"Barre de conexi\u00f3n pour Nissan Cabstar 485109X101 - 48510D8600 - 48510LA21E\",\"isPartOf\":{\"@id\":\"https:\/\/www.enriquerequena.com\/fr\/#website\"},\"primaryImageOfPage\":{\"@id\":\"https:\/\/www.enriquerequena.com\/fr\/tienda-online\/pieces-detachees-de-remplacement-direction-essieux\/barres-de-direction\/barre-de-conexion-pour-nissan-cabstar-485109x101-48510d8600-48510la21e\/#primaryimage\"},\"image\":{\"@id\":\"https:\/\/www.enriquerequena.com\/fr\/tienda-online\/pieces-detachees-de-remplacement-direction-essieux\/barres-de-direction\/barre-de-conexion-pour-nissan-cabstar-485109x101-48510d8600-48510la21e\/#primaryimage\"},\"thumbnailUrl\":\"https:\/\/www.enriquerequena.com\/wp-content\/uploads\/2019\/10\/products-485109X100-BARRA-DE-DIRECCION-BARRE-DE-DIRECION-BARRE-DE-CONEXION-CENTRE-ROD-ASSEMBLY-CABSTAR-3-4-2.jpg\",\"datePublished\":\"2016-05-25T14:25:01+00:00\",\"dateModified\":\"2023-02-07T15:40:00+00:00\",\"description\":\"Vous pouvez acheter le Barre de conexi\u00f3n 485109X101, 48510D8600, 48519D8600 et 48510D86 pour Nissan Cabstar ici. Achetez en ligne!\",\"breadcrumb\":{\"@id\":\"https:\/\/www.enriquerequena.com\/fr\/tienda-online\/pieces-detachees-de-remplacement-direction-essieux\/barres-de-direction\/barre-de-conexion-pour-nissan-cabstar-485109x101-48510d8600-48510la21e\/#breadcrumb\"},\"inLanguage\":\"fr-FR\",\"potentialAction\":[{\"@type\":\"ReadAction\",\"target\":[\"https:\/\/www.enriquerequena.com\/fr\/tienda-online\/pieces-detachees-de-remplacement-direction-essieux\/barres-de-direction\/barre-de-conexion-pour-nissan-cabstar-485109x101-48510d8600-48510la21e\/\"]}]},{\"@type\":\"ImageObject\",\"inLanguage\":\"fr-FR\",\"@id\":\"https:\/\/www.enriquerequena.com\/fr\/tienda-online\/pieces-detachees-de-remplacement-direction-essieux\/barres-de-direction\/barre-de-conexion-pour-nissan-cabstar-485109x101-48510d8600-48510la21e\/#primaryimage\",\"url\":\"https:\/\/www.enriquerequena.com\/wp-content\/uploads\/2019\/10\/products-485109X100-BARRA-DE-DIRECCION-BARRE-DE-DIRECION-BARRE-DE-CONEXION-CENTRE-ROD-ASSEMBLY-CABSTAR-3-4-2.jpg\",\"contentUrl\":\"https:\/\/www.enriquerequena.com\/wp-content\/uploads\/2019\/10\/products-485109X100-BARRA-DE-DIRECCION-BARRE-DE-DIRECION-BARRE-DE-CONEXION-CENTRE-ROD-ASSEMBLY-CABSTAR-3-4-2.jpg\",\"width\":800,\"height\":800,\"caption\":\"485109X100, 48510LA20A, BARRA DE DIRECCION, BARRE DE DIRECTION, BARRE DE CONEXION, CENTRE ROD ASSEMBLY, NISSAN CABSTAR\"},{\"@type\":\"WebSite\",\"@id\":\"https:\/\/www.enriquerequena.com\/fr\/#website\",\"url\":\"https:\/\/www.enriquerequena.com\/fr\/\",\"name\":\"ENRIQUE REQUENA\",\"description\":\"Sp\u00e9cialistes des transmissions cardan avec des exp\u00e9ditions dans le monde entier et des pi\u00e8ces d\u00e9tach\u00e9es pour voitures, camions et accessoires \u00e0 Valence, en Espagne. Avec vous depuis 1950!\",\"publisher\":{\"@id\":\"https:\/\/www.enriquerequena.com\/fr\/#organization\"},\"potentialAction\":[{\"@type\":\"SearchAction\",\"target\":{\"@type\":\"EntryPoint\",\"urlTemplate\":\"https:\/\/www.enriquerequena.com\/fr\/?s={search_term_string}\"},\"query-input\":{\"@type\":\"PropertyValueSpecification\",\"valueRequired\":true,\"valueName\":\"search_term_string\"}}],\"inLanguage\":\"fr-FR\"},{\"@type\":\"Organization\",\"@id\":\"https:\/\/www.enriquerequena.com\/fr\/#organization\",\"name\":\"Enrique Requena S.L.\",\"url\":\"https:\/\/www.enriquerequena.com\/fr\/\",\"logo\":{\"@type\":\"ImageObject\",\"inLanguage\":\"fr-FR\",\"@id\":\"https:\/\/www.enriquerequena.com\/fr\/#\/schema\/logo\/image\/\",\"url\":\"https:\/\/www.enriquerequena.com\/wp-content\/uploads\/2019\/11\/enrique-requena-recambios-logotipo.jpg\",\"contentUrl\":\"https:\/\/www.enriquerequena.com\/wp-content\/uploads\/2019\/11\/enrique-requena-recambios-logotipo.jpg\",\"width\":381,\"height\":75,\"caption\":\"Enrique Requena S.L.\"},\"image\":{\"@id\":\"https:\/\/www.enriquerequena.com\/fr\/#\/schema\/logo\/image\/\"}}]}<\/script>\n<!-- \/ Yoast SEO plugin. -->","yoast_head_json":{"title":"Barre de conexi\u00f3n pour Nissan Cabstar 485109X101 - 48510D8600 - 48510LA21E","description":"Vous pouvez acheter le Barre de conexi\u00f3n 485109X101, 48510D8600, 48519D8600 et 48510D86 pour Nissan Cabstar ici. Achetez en ligne!","robots":{"index":"index","follow":"follow","max-snippet":"max-snippet:-1","max-image-preview":"max-image-preview:large","max-video-preview":"max-video-preview:-1"},"canonical":"https:\/\/www.enriquerequena.com\/fr\/tienda-online\/pieces-detachees-de-remplacement-direction-essieux\/barres-de-direction\/barre-de-conexion-pour-nissan-cabstar-485109x101-48510d8600-48510la21e\/","og_locale":"fr_FR","og_type":"article","og_title":"Barre de conexi\u00f3n pour Nissan Cabstar 485109X101 - 48510D8600 - 48510LA21E","og_description":"Vous pouvez acheter le Barre de conexi\u00f3n 485109X101, 48510D8600, 48519D8600 et 48510D86 pour Nissan Cabstar ici. Achetez en ligne!","og_url":"https:\/\/www.enriquerequena.com\/fr\/tienda-online\/pieces-detachees-de-remplacement-direction-essieux\/barres-de-direction\/barre-de-conexion-pour-nissan-cabstar-485109x101-48510d8600-48510la21e\/","og_site_name":"ENRIQUE REQUENA","article_modified_time":"2023-02-07T15:40:00+00:00","og_image":[{"width":800,"height":800,"url":"https:\/\/www.enriquerequena.com\/wp-content\/uploads\/2019\/10\/products-485109X100-BARRA-DE-DIRECCION-BARRE-DE-DIRECION-BARRE-DE-CONEXION-CENTRE-ROD-ASSEMBLY-CABSTAR-3-4-2.jpg","type":"image\/jpeg"}],"twitter_card":"summary_large_image","twitter_misc":{"Dur\u00e9e de lecture estim\u00e9e":"1 minute"},"schema":{"@context":"https:\/\/schema.org","@graph":[{"@type":"WebPage","@id":"https:\/\/www.enriquerequena.com\/fr\/tienda-online\/pieces-detachees-de-remplacement-direction-essieux\/barres-de-direction\/barre-de-conexion-pour-nissan-cabstar-485109x101-48510d8600-48510la21e\/","url":"https:\/\/www.enriquerequena.com\/fr\/tienda-online\/pieces-detachees-de-remplacement-direction-essieux\/barres-de-direction\/barre-de-conexion-pour-nissan-cabstar-485109x101-48510d8600-48510la21e\/","name":"Barre de conexi\u00f3n pour Nissan Cabstar 485109X101 - 48510D8600 - 48510LA21E","isPartOf":{"@id":"https:\/\/www.enriquerequena.com\/fr\/#website"},"primaryImageOfPage":{"@id":"https:\/\/www.enriquerequena.com\/fr\/tienda-online\/pieces-detachees-de-remplacement-direction-essieux\/barres-de-direction\/barre-de-conexion-pour-nissan-cabstar-485109x101-48510d8600-48510la21e\/#primaryimage"},"image":{"@id":"https:\/\/www.enriquerequena.com\/fr\/tienda-online\/pieces-detachees-de-remplacement-direction-essieux\/barres-de-direction\/barre-de-conexion-pour-nissan-cabstar-485109x101-48510d8600-48510la21e\/#primaryimage"},"thumbnailUrl":"https:\/\/www.enriquerequena.com\/wp-content\/uploads\/2019\/10\/products-485109X100-BARRA-DE-DIRECCION-BARRE-DE-DIRECION-BARRE-DE-CONEXION-CENTRE-ROD-ASSEMBLY-CABSTAR-3-4-2.jpg","datePublished":"2016-05-25T14:25:01+00:00","dateModified":"2023-02-07T15:40:00+00:00","description":"Vous pouvez acheter le Barre de conexi\u00f3n 485109X101, 48510D8600, 48519D8600 et 48510D86 pour Nissan Cabstar ici. Achetez en ligne!","breadcrumb":{"@id":"https:\/\/www.enriquerequena.com\/fr\/tienda-online\/pieces-detachees-de-remplacement-direction-essieux\/barres-de-direction\/barre-de-conexion-pour-nissan-cabstar-485109x101-48510d8600-48510la21e\/#breadcrumb"},"inLanguage":"fr-FR","potentialAction":[{"@type":"ReadAction","target":["https:\/\/www.enriquerequena.com\/fr\/tienda-online\/pieces-detachees-de-remplacement-direction-essieux\/barres-de-direction\/barre-de-conexion-pour-nissan-cabstar-485109x101-48510d8600-48510la21e\/"]}]},{"@type":"ImageObject","inLanguage":"fr-FR","@id":"https:\/\/www.enriquerequena.com\/fr\/tienda-online\/pieces-detachees-de-remplacement-direction-essieux\/barres-de-direction\/barre-de-conexion-pour-nissan-cabstar-485109x101-48510d8600-48510la21e\/#primaryimage","url":"https:\/\/www.enriquerequena.com\/wp-content\/uploads\/2019\/10\/products-485109X100-BARRA-DE-DIRECCION-BARRE-DE-DIRECION-BARRE-DE-CONEXION-CENTRE-ROD-ASSEMBLY-CABSTAR-3-4-2.jpg","contentUrl":"https:\/\/www.enriquerequena.com\/wp-content\/uploads\/2019\/10\/products-485109X100-BARRA-DE-DIRECCION-BARRE-DE-DIRECION-BARRE-DE-CONEXION-CENTRE-ROD-ASSEMBLY-CABSTAR-3-4-2.jpg","width":800,"height":800,"caption":"485109X100, 48510LA20A, BARRA DE DIRECCION, BARRE DE DIRECTION, BARRE DE CONEXION, CENTRE ROD ASSEMBLY, NISSAN CABSTAR"},{"@type":"WebSite","@id":"https:\/\/www.enriquerequena.com\/fr\/#website","url":"https:\/\/www.enriquerequena.com\/fr\/","name":"ENRIQUE REQUENA","description":"Sp\u00e9cialistes des transmissions cardan avec des exp\u00e9ditions dans le monde entier et des pi\u00e8ces d\u00e9tach\u00e9es pour voitures, camions et accessoires \u00e0 Valence, en Espagne. Avec vous depuis 1950!","publisher":{"@id":"https:\/\/www.enriquerequena.com\/fr\/#organization"},"potentialAction":[{"@type":"SearchAction","target":{"@type":"EntryPoint","urlTemplate":"https:\/\/www.enriquerequena.com\/fr\/?s={search_term_string}"},"query-input":{"@type":"PropertyValueSpecification","valueRequired":true,"valueName":"search_term_string"}}],"inLanguage":"fr-FR"},{"@type":"Organization","@id":"https:\/\/www.enriquerequena.com\/fr\/#organization","name":"Enrique Requena S.L.","url":"https:\/\/www.enriquerequena.com\/fr\/","logo":{"@type":"ImageObject","inLanguage":"fr-FR","@id":"https:\/\/www.enriquerequena.com\/fr\/#\/schema\/logo\/image\/","url":"https:\/\/www.enriquerequena.com\/wp-content\/uploads\/2019\/11\/enrique-requena-recambios-logotipo.jpg","contentUrl":"https:\/\/www.enriquerequena.com\/wp-content\/uploads\/2019\/11\/enrique-requena-recambios-logotipo.jpg","width":381,"height":75,"caption":"Enrique Requena S.L."},"image":{"@id":"https:\/\/www.enriquerequena.com\/fr\/#\/schema\/logo\/image\/"}}]}},"_links":{"self":[{"href":"https:\/\/www.enriquerequena.com\/fr\/wp-json\/wp\/v2\/product\/3132","targetHints":{"allow":["GET"]}}],"collection":[{"href":"https:\/\/www.enriquerequena.com\/fr\/wp-json\/wp\/v2\/product"}],"about":[{"href":"https:\/\/www.enriquerequena.com\/fr\/wp-json\/wp\/v2\/types\/product"}],"wp:featuredmedia":[{"embeddable":true,"href":"https:\/\/www.enriquerequena.com\/fr\/wp-json\/wp\/v2\/media\/3133"}],"wp:attachment":[{"href":"https:\/\/www.enriquerequena.com\/fr\/wp-json\/wp\/v2\/media?parent=3132"}],"wp:term":[{"taxonomy":"product_brand","embeddable":true,"href":"https:\/\/www.enriquerequena.com\/fr\/wp-json\/wp\/v2\/product_brand?post=3132"},{"taxonomy":"product_cat","embeddable":true,"href":"https:\/\/www.enriquerequena.com\/fr\/wp-json\/wp\/v2\/product_cat?post=3132"},{"taxonomy":"product_tag","embeddable":true,"href":"https:\/\/www.enriquerequena.com\/fr\/wp-json\/wp\/v2\/product_tag?post=3132"}],"curies":[{"name":"wp","href":"https:\/\/api.w.org\/{rel}","templated":true}]}}