{"id":3144,"date":"2016-06-23T09:58:58","date_gmt":"2016-06-23T09:58:58","guid":{"rendered":"https:\/\/www.enriquerequena.com\/?post_type=product&#038;p=3144"},"modified":"2024-03-08T11:05:23","modified_gmt":"2024-03-08T10:05:23","slug":"lubrifiant-wd40-double-action-500ml","status":"publish","type":"product","link":"https:\/\/www.enriquerequena.com\/fr\/tienda-online\/huiles-additifs-moteur\/lubrifiants-voitures\/lubrifiant-wd40-double-action-500ml\/","title":{"rendered":"Lubrifiant WD40 Double Action 500 ml"},"content":{"rendered":"<p><span style=\"color: #3366ff;\"><strong>Lubrifier<\/strong><\/span><br \/>\n<span style=\"color: #3366ff;\">Le lubrifiant WD40 Double Action 500 ML lubrifie tous les m\u00e9canismes et garantit ainsi son bon fonctionnement. Lubrifie les serrures, les portes, les barres ou les fen\u00eatres en mettant fin aux grincements g\u00eanants.<\/span><\/p>\n<p><span style=\"color: #3366ff;\"><strong>Prot\u00e9ger<\/strong><\/span><br \/>\n<span style=\"color: #3366ff;\">Le lubrifiant WD40 Double Action 500 ML est un excellent protecteur contre la rouille et la corrosion, prolongeant la dur\u00e9e de vie utile des outils, des machines de jardinage, ainsi que d\u2019autres \u00e9quipements et pi\u00e8ces m\u00e9talliques.<\/span><\/p>\n<p><span style=\"color: #3366ff;\"><strong>Polir et enlever la salet\u00e9<\/strong><\/span><br \/>\n<span style=\"color: #3366ff;\">Le pouvoir de p\u00e9n\u00e9tration du lubrifiant WD40 Double Action 500 ML en fait un puissant produit de nettoyage et de polissage pour le chrome, l\u2019acier inoxydable et toute autre surface m\u00e9tallique ou plastique, sans les ab\u00eemer ni enlever les r\u00e9sidus de r\u00e9sine ou de salet\u00e9.<\/span><\/p>\n<p><span style=\"color: #3366ff;\"><strong>D\u00e9place l&rsquo;humidit\u00e9<\/strong><\/span><br \/>\n<span style=\"color: #3366ff;\">Le lubrifiant WD40 Double Action 500 ML \u00e9limine l&rsquo;humidit\u00e9 des interrupteurs et des tableaux de commande en \u00e9vitant les courts-circuits. Il nettoie les contacts \u00e9lectriques ainsi que les petits moteurs et lui permet de retrouver son fonctionnement d&rsquo;origine.<\/span><\/p>\n<p><span style=\"color: #3366ff;\"><strong>D\u00e9verrouiller<\/strong><\/span><br \/>\n<span style=\"color: #3366ff;\">L&rsquo;action super p\u00e9n\u00e9trante du lubrifiant WD40 Double Action 500 ML permet de d\u00e9bloquer, desserrer et lib\u00e9rer tout m\u00e9canisme de rotation, pi\u00e8ces rouill\u00e9es, bloqu\u00e9es ou sales.<\/span><\/p>\n","protected":false},"excerpt":{"rendered":"<p>Lubrifiant WD40 Double Action 500 ml prot\u00e8ge le m\u00e9tal contre la rouille et la corrosion, lib\u00e8re les pi\u00e8ces encrass\u00e9es, \u00e9vacue l&rsquo;humidit\u00e9 et lubrifie pratiquement tout.<\/p>\n","protected":false},"featured_media":17758,"template":"","meta":[],"product_brand":[],"product_cat":[147,174],"product_tag":[],"class_list":{"0":"post-3144","1":"product","2":"type-product","3":"status-publish","4":"has-post-thumbnail","6":"product_cat-huiles-additifs-moteur","7":"product_cat-lubrifiants-voitures","8":"pa_tipo-4x4","10":"first","11":"outofstock","12":"taxable","13":"shipping-taxable","14":"purchasable","15":"product-type-simple"},"yoast_head":"<!-- This site is optimized with the Yoast SEO plugin v27.5 - https:\/\/yoast.com\/product\/yoast-seo-wordpress\/ -->\n<title>Lubrifiant WD40 Double Action 500 ml - ENRIQUE REQUENA<\/title>\n<meta name=\"description\" content=\"Vous pouvez acheter du Lubrifiant WD40 Double Action 500 ml en ligne ici. Le meilleur prix pour les produits de vos v\u00e9hicules. Plus de 68 ans d&#039;exp\u00e9rience!\" \/>\n<meta name=\"robots\" content=\"index, follow, max-snippet:-1, max-image-preview:large, max-video-preview:-1\" \/>\n<link rel=\"canonical\" href=\"https:\/\/www.enriquerequena.com\/fr\/tienda-online\/huiles-additifs-moteur\/lubrifiants-voitures\/lubrifiant-wd40-double-action-500ml\/\" \/>\n<meta property=\"og:locale\" content=\"fr_FR\" \/>\n<meta property=\"og:type\" content=\"article\" \/>\n<meta property=\"og:title\" content=\"Lubrifiant WD40 Double Action 500 ml - ENRIQUE REQUENA\" \/>\n<meta property=\"og:description\" content=\"Vous pouvez acheter du Lubrifiant WD40 Double Action 500 ml en ligne ici. Le meilleur prix pour les produits de vos v\u00e9hicules. Plus de 68 ans d&#039;exp\u00e9rience!\" \/>\n<meta property=\"og:url\" content=\"https:\/\/www.enriquerequena.com\/fr\/tienda-online\/huiles-additifs-moteur\/lubrifiants-voitures\/lubrifiant-wd40-double-action-500ml\/\" \/>\n<meta property=\"og:site_name\" content=\"ENRIQUE REQUENA\" \/>\n<meta property=\"article:modified_time\" content=\"2024-03-08T10:05:23+00:00\" \/>\n<meta property=\"og:image\" content=\"https:\/\/www.enriquerequena.com\/wp-content\/uploads\/2016\/06\/lubricante-WD40-500ml.png\" \/>\n\t<meta property=\"og:image:width\" content=\"800\" \/>\n\t<meta property=\"og:image:height\" content=\"800\" \/>\n\t<meta property=\"og:image:type\" content=\"image\/png\" \/>\n<meta name=\"twitter:card\" content=\"summary_large_image\" \/>\n<meta name=\"twitter:label1\" content=\"Dur\u00e9e de lecture estim\u00e9e\" \/>\n\t<meta name=\"twitter:data1\" content=\"1 minute\" \/>\n<script type=\"application\/ld+json\" class=\"yoast-schema-graph\">{\"@context\":\"https:\\\/\\\/schema.org\",\"@graph\":[{\"@type\":\"WebPage\",\"@id\":\"https:\\\/\\\/www.enriquerequena.com\\\/fr\\\/tienda-online\\\/huiles-additifs-moteur\\\/lubrifiants-voitures\\\/lubrifiant-wd40-double-action-500ml\\\/\",\"url\":\"https:\\\/\\\/www.enriquerequena.com\\\/fr\\\/tienda-online\\\/huiles-additifs-moteur\\\/lubrifiants-voitures\\\/lubrifiant-wd40-double-action-500ml\\\/\",\"name\":\"Lubrifiant WD40 Double Action 500 ml - ENRIQUE REQUENA\",\"isPartOf\":{\"@id\":\"https:\\\/\\\/www.enriquerequena.com\\\/fr\\\/#website\"},\"primaryImageOfPage\":{\"@id\":\"https:\\\/\\\/www.enriquerequena.com\\\/fr\\\/tienda-online\\\/huiles-additifs-moteur\\\/lubrifiants-voitures\\\/lubrifiant-wd40-double-action-500ml\\\/#primaryimage\"},\"image\":{\"@id\":\"https:\\\/\\\/www.enriquerequena.com\\\/fr\\\/tienda-online\\\/huiles-additifs-moteur\\\/lubrifiants-voitures\\\/lubrifiant-wd40-double-action-500ml\\\/#primaryimage\"},\"thumbnailUrl\":\"https:\\\/\\\/www.enriquerequena.com\\\/wp-content\\\/uploads\\\/2016\\\/06\\\/lubricante-WD40-500ml.png\",\"datePublished\":\"2016-06-23T09:58:58+00:00\",\"dateModified\":\"2024-03-08T10:05:23+00:00\",\"description\":\"Vous pouvez acheter du Lubrifiant WD40 Double Action 500 ml en ligne ici. Le meilleur prix pour les produits de vos v\u00e9hicules. Plus de 68 ans d&#39;exp\u00e9rience!\",\"breadcrumb\":{\"@id\":\"https:\\\/\\\/www.enriquerequena.com\\\/fr\\\/tienda-online\\\/huiles-additifs-moteur\\\/lubrifiants-voitures\\\/lubrifiant-wd40-double-action-500ml\\\/#breadcrumb\"},\"inLanguage\":\"fr-FR\",\"potentialAction\":[{\"@type\":\"ReadAction\",\"target\":[\"https:\\\/\\\/www.enriquerequena.com\\\/fr\\\/tienda-online\\\/huiles-additifs-moteur\\\/lubrifiants-voitures\\\/lubrifiant-wd40-double-action-500ml\\\/\"]}]},{\"@type\":\"ImageObject\",\"inLanguage\":\"fr-FR\",\"@id\":\"https:\\\/\\\/www.enriquerequena.com\\\/fr\\\/tienda-online\\\/huiles-additifs-moteur\\\/lubrifiants-voitures\\\/lubrifiant-wd40-double-action-500ml\\\/#primaryimage\",\"url\":\"https:\\\/\\\/www.enriquerequena.com\\\/wp-content\\\/uploads\\\/2016\\\/06\\\/lubricante-WD40-500ml.png\",\"contentUrl\":\"https:\\\/\\\/www.enriquerequena.com\\\/wp-content\\\/uploads\\\/2016\\\/06\\\/lubricante-WD40-500ml.png\",\"width\":800,\"height\":800,\"caption\":\"Lubricante WD40 500 ML\"},{\"@type\":\"WebSite\",\"@id\":\"https:\\\/\\\/www.enriquerequena.com\\\/fr\\\/#website\",\"url\":\"https:\\\/\\\/www.enriquerequena.com\\\/fr\\\/\",\"name\":\"ENRIQUE REQUENA\",\"description\":\"Sp\u00e9cialistes des transmissions cardan avec des exp\u00e9ditions dans le monde entier et des pi\u00e8ces d\u00e9tach\u00e9es pour voitures, camions et accessoires \u00e0 Valence, en Espagne. Avec vous depuis 1950!\",\"publisher\":{\"@id\":\"https:\\\/\\\/www.enriquerequena.com\\\/fr\\\/#organization\"},\"potentialAction\":[{\"@type\":\"SearchAction\",\"target\":{\"@type\":\"EntryPoint\",\"urlTemplate\":\"https:\\\/\\\/www.enriquerequena.com\\\/fr\\\/?s={search_term_string}\"},\"query-input\":{\"@type\":\"PropertyValueSpecification\",\"valueRequired\":true,\"valueName\":\"search_term_string\"}}],\"inLanguage\":\"fr-FR\"},{\"@type\":\"Organization\",\"@id\":\"https:\\\/\\\/www.enriquerequena.com\\\/fr\\\/#organization\",\"name\":\"Enrique Requena S.L.\",\"url\":\"https:\\\/\\\/www.enriquerequena.com\\\/fr\\\/\",\"logo\":{\"@type\":\"ImageObject\",\"inLanguage\":\"fr-FR\",\"@id\":\"https:\\\/\\\/www.enriquerequena.com\\\/fr\\\/#\\\/schema\\\/logo\\\/image\\\/\",\"url\":\"https:\\\/\\\/www.enriquerequena.com\\\/wp-content\\\/uploads\\\/2019\\\/11\\\/enrique-requena-recambios-logotipo.jpg\",\"contentUrl\":\"https:\\\/\\\/www.enriquerequena.com\\\/wp-content\\\/uploads\\\/2019\\\/11\\\/enrique-requena-recambios-logotipo.jpg\",\"width\":381,\"height\":75,\"caption\":\"Enrique Requena S.L.\"},\"image\":{\"@id\":\"https:\\\/\\\/www.enriquerequena.com\\\/fr\\\/#\\\/schema\\\/logo\\\/image\\\/\"}}]}<\/script>\n<!-- \/ Yoast SEO plugin. -->","yoast_head_json":{"title":"Lubrifiant WD40 Double Action 500 ml - ENRIQUE REQUENA","description":"Vous pouvez acheter du Lubrifiant WD40 Double Action 500 ml en ligne ici. Le meilleur prix pour les produits de vos v\u00e9hicules. Plus de 68 ans d&#39;exp\u00e9rience!","robots":{"index":"index","follow":"follow","max-snippet":"max-snippet:-1","max-image-preview":"max-image-preview:large","max-video-preview":"max-video-preview:-1"},"canonical":"https:\/\/www.enriquerequena.com\/fr\/tienda-online\/huiles-additifs-moteur\/lubrifiants-voitures\/lubrifiant-wd40-double-action-500ml\/","og_locale":"fr_FR","og_type":"article","og_title":"Lubrifiant WD40 Double Action 500 ml - ENRIQUE REQUENA","og_description":"Vous pouvez acheter du Lubrifiant WD40 Double Action 500 ml en ligne ici. Le meilleur prix pour les produits de vos v\u00e9hicules. Plus de 68 ans d&#39;exp\u00e9rience!","og_url":"https:\/\/www.enriquerequena.com\/fr\/tienda-online\/huiles-additifs-moteur\/lubrifiants-voitures\/lubrifiant-wd40-double-action-500ml\/","og_site_name":"ENRIQUE REQUENA","article_modified_time":"2024-03-08T10:05:23+00:00","og_image":[{"width":800,"height":800,"url":"https:\/\/www.enriquerequena.com\/wp-content\/uploads\/2016\/06\/lubricante-WD40-500ml.png","type":"image\/png"}],"twitter_card":"summary_large_image","twitter_misc":{"Dur\u00e9e de lecture estim\u00e9e":"1 minute"},"schema":{"@context":"https:\/\/schema.org","@graph":[{"@type":"WebPage","@id":"https:\/\/www.enriquerequena.com\/fr\/tienda-online\/huiles-additifs-moteur\/lubrifiants-voitures\/lubrifiant-wd40-double-action-500ml\/","url":"https:\/\/www.enriquerequena.com\/fr\/tienda-online\/huiles-additifs-moteur\/lubrifiants-voitures\/lubrifiant-wd40-double-action-500ml\/","name":"Lubrifiant WD40 Double Action 500 ml - ENRIQUE REQUENA","isPartOf":{"@id":"https:\/\/www.enriquerequena.com\/fr\/#website"},"primaryImageOfPage":{"@id":"https:\/\/www.enriquerequena.com\/fr\/tienda-online\/huiles-additifs-moteur\/lubrifiants-voitures\/lubrifiant-wd40-double-action-500ml\/#primaryimage"},"image":{"@id":"https:\/\/www.enriquerequena.com\/fr\/tienda-online\/huiles-additifs-moteur\/lubrifiants-voitures\/lubrifiant-wd40-double-action-500ml\/#primaryimage"},"thumbnailUrl":"https:\/\/www.enriquerequena.com\/wp-content\/uploads\/2016\/06\/lubricante-WD40-500ml.png","datePublished":"2016-06-23T09:58:58+00:00","dateModified":"2024-03-08T10:05:23+00:00","description":"Vous pouvez acheter du Lubrifiant WD40 Double Action 500 ml en ligne ici. Le meilleur prix pour les produits de vos v\u00e9hicules. Plus de 68 ans d&#39;exp\u00e9rience!","breadcrumb":{"@id":"https:\/\/www.enriquerequena.com\/fr\/tienda-online\/huiles-additifs-moteur\/lubrifiants-voitures\/lubrifiant-wd40-double-action-500ml\/#breadcrumb"},"inLanguage":"fr-FR","potentialAction":[{"@type":"ReadAction","target":["https:\/\/www.enriquerequena.com\/fr\/tienda-online\/huiles-additifs-moteur\/lubrifiants-voitures\/lubrifiant-wd40-double-action-500ml\/"]}]},{"@type":"ImageObject","inLanguage":"fr-FR","@id":"https:\/\/www.enriquerequena.com\/fr\/tienda-online\/huiles-additifs-moteur\/lubrifiants-voitures\/lubrifiant-wd40-double-action-500ml\/#primaryimage","url":"https:\/\/www.enriquerequena.com\/wp-content\/uploads\/2016\/06\/lubricante-WD40-500ml.png","contentUrl":"https:\/\/www.enriquerequena.com\/wp-content\/uploads\/2016\/06\/lubricante-WD40-500ml.png","width":800,"height":800,"caption":"Lubricante WD40 500 ML"},{"@type":"WebSite","@id":"https:\/\/www.enriquerequena.com\/fr\/#website","url":"https:\/\/www.enriquerequena.com\/fr\/","name":"ENRIQUE REQUENA","description":"Sp\u00e9cialistes des transmissions cardan avec des exp\u00e9ditions dans le monde entier et des pi\u00e8ces d\u00e9tach\u00e9es pour voitures, camions et accessoires \u00e0 Valence, en Espagne. Avec vous depuis 1950!","publisher":{"@id":"https:\/\/www.enriquerequena.com\/fr\/#organization"},"potentialAction":[{"@type":"SearchAction","target":{"@type":"EntryPoint","urlTemplate":"https:\/\/www.enriquerequena.com\/fr\/?s={search_term_string}"},"query-input":{"@type":"PropertyValueSpecification","valueRequired":true,"valueName":"search_term_string"}}],"inLanguage":"fr-FR"},{"@type":"Organization","@id":"https:\/\/www.enriquerequena.com\/fr\/#organization","name":"Enrique Requena S.L.","url":"https:\/\/www.enriquerequena.com\/fr\/","logo":{"@type":"ImageObject","inLanguage":"fr-FR","@id":"https:\/\/www.enriquerequena.com\/fr\/#\/schema\/logo\/image\/","url":"https:\/\/www.enriquerequena.com\/wp-content\/uploads\/2019\/11\/enrique-requena-recambios-logotipo.jpg","contentUrl":"https:\/\/www.enriquerequena.com\/wp-content\/uploads\/2019\/11\/enrique-requena-recambios-logotipo.jpg","width":381,"height":75,"caption":"Enrique Requena S.L."},"image":{"@id":"https:\/\/www.enriquerequena.com\/fr\/#\/schema\/logo\/image\/"}}]}},"_links":{"self":[{"href":"https:\/\/www.enriquerequena.com\/fr\/wp-json\/wp\/v2\/product\/3144","targetHints":{"allow":["GET"]}}],"collection":[{"href":"https:\/\/www.enriquerequena.com\/fr\/wp-json\/wp\/v2\/product"}],"about":[{"href":"https:\/\/www.enriquerequena.com\/fr\/wp-json\/wp\/v2\/types\/product"}],"wp:featuredmedia":[{"embeddable":true,"href":"https:\/\/www.enriquerequena.com\/fr\/wp-json\/wp\/v2\/media\/17758"}],"wp:attachment":[{"href":"https:\/\/www.enriquerequena.com\/fr\/wp-json\/wp\/v2\/media?parent=3144"}],"wp:term":[{"taxonomy":"product_brand","embeddable":true,"href":"https:\/\/www.enriquerequena.com\/fr\/wp-json\/wp\/v2\/product_brand?post=3144"},{"taxonomy":"product_cat","embeddable":true,"href":"https:\/\/www.enriquerequena.com\/fr\/wp-json\/wp\/v2\/product_cat?post=3144"},{"taxonomy":"product_tag","embeddable":true,"href":"https:\/\/www.enriquerequena.com\/fr\/wp-json\/wp\/v2\/product_tag?post=3144"}],"curies":[{"name":"wp","href":"https:\/\/api.w.org\/{rel}","templated":true}]}}