{"id":3150,"date":"2016-07-04T20:55:09","date_gmt":"2016-07-04T20:55:09","guid":{"rendered":"https:\/\/www.enriquerequena.com\/?post_type=product&#038;p=3150"},"modified":"2026-02-24T11:02:48","modified_gmt":"2026-02-24T10:02:48","slug":"raccord-gaz-r1234yf-haute-pression","status":"publish","type":"product","link":"https:\/\/www.enriquerequena.com\/fr\/tienda-online\/pieces-rechange-voiture\/air-conditionne-voiture\/raccord-gaz-r1234yf-haute-pression\/","title":{"rendered":"Raccord de Gaz R1234YF \u00e0 haute pression"},"content":{"rendered":"<div class=\"wpb-content-wrapper\"><p>[vc_row][vc_column][vc_column_text css=\u00a0\u00bb\u00a0\u00bb woodmart_inline=\u00a0\u00bbno\u00a0\u00bb text_larger=\u00a0\u00bbno\u00a0\u00bb]<span style=\"color: #3366ff;\">Raccord de Gaz R134 \u00e0 haute pression pour pouvoir se connecter aux flexibles universels haute pression R134A.<\/span><\/p>\n<p><span style=\"color: #3366ff;\">Pour adapter ce bouchon de R1234yf au tuyau, nous fournissons une partie de l&rsquo;adaptateur qui monte ce fil dans le tuyau du R134A et sur le connecteur de 1234yf et qui mesure 12 mm \/ 1\/4 \u00ab\u00a0de hauteur. <strong><a href=\"https:\/\/www.enriquerequena.com\/fr\/tienda-online\/pieces-rechange-voiture\/air-conditionne-voiture\/adaptateur-raccord-r1234yf-tuyaux-universels-r134a\/\"><span style=\"color: #ff9900;\">Vous le trouverez dans ce lien<\/span><\/a><\/strong>.<\/span>[\/vc_column_text][\/vc_column][\/vc_row]<\/p>\n<\/div>","protected":false},"excerpt":{"rendered":"<p>Raccord de Gaz R134 \u00e0 haute pression en ligne pour pouvoir se connecter aux flexibles universels haute pression R134A.<\/p>\n","protected":false},"featured_media":3151,"template":"","meta":[],"product_brand":[99],"product_cat":[207,141,150,135],"product_tag":[],"class_list":{"0":"post-3150","1":"product","2":"type-product","3":"status-publish","4":"has-post-thumbnail","6":"product_brand-volvo-2","7":"product_cat-air-conditionne-voiture","8":"product_cat-freeze-refrigerant-2","9":"product_cat-outils-automobile","10":"product_cat-pieces-rechange-voiture","11":"product_shipping_class-freeze-fr","12":"pa_manufacturer-volvo","14":"first","15":"instock","16":"taxable","17":"shipping-taxable","18":"purchasable","19":"product-type-simple"},"yoast_head":"<!-- This site is optimized with the Yoast SEO plugin v27.5 - https:\/\/yoast.com\/product\/yoast-seo-wordpress\/ -->\n<title>Raccord de Gaz R1234YF \u00e0 haute pression - Acheter en Ligne<\/title>\n<meta name=\"description\" content=\"Vous pouvez acheter le Raccord de Gaz R1234YF \u00e0 haute pression en ligne. Achetez vos accessoires pour R134A, R12 et 1234YF ici. Avec exp\u00e9rience depuis 1950\" \/>\n<meta name=\"robots\" content=\"index, follow, max-snippet:-1, max-image-preview:large, max-video-preview:-1\" \/>\n<link rel=\"canonical\" href=\"https:\/\/www.enriquerequena.com\/fr\/tienda-online\/pieces-rechange-voiture\/air-conditionne-voiture\/raccord-gaz-r1234yf-haute-pression\/\" \/>\n<meta property=\"og:locale\" content=\"fr_FR\" \/>\n<meta property=\"og:type\" content=\"article\" \/>\n<meta property=\"og:title\" content=\"Raccord de Gaz R1234YF \u00e0 haute pression - Acheter en Ligne\" \/>\n<meta property=\"og:description\" content=\"Vous pouvez acheter le Raccord de Gaz R1234YF \u00e0 haute pression en ligne. Achetez vos accessoires pour R134A, R12 et 1234YF ici. Avec exp\u00e9rience depuis 1950\" \/>\n<meta property=\"og:url\" content=\"https:\/\/www.enriquerequena.com\/fr\/tienda-online\/pieces-rechange-voiture\/air-conditionne-voiture\/raccord-gaz-r1234yf-haute-pression\/\" \/>\n<meta property=\"og:site_name\" content=\"ENRIQUE REQUENA\" \/>\n<meta property=\"article:modified_time\" content=\"2026-02-24T10:02:48+00:00\" \/>\n<meta property=\"og:image\" content=\"https:\/\/www.enriquerequena.com\/wp-content\/uploads\/2019\/11\/products-ENCHUFE-ALTA-RACCORD-DE-GAZ-HIGH-PRESSURE6-2.jpg\" \/>\n\t<meta property=\"og:image:width\" content=\"1502\" \/>\n\t<meta property=\"og:image:height\" content=\"1481\" \/>\n\t<meta property=\"og:image:type\" content=\"image\/jpeg\" \/>\n<meta name=\"twitter:card\" content=\"summary_large_image\" \/>\n<meta name=\"twitter:label1\" content=\"Dur\u00e9e de lecture estim\u00e9e\" \/>\n\t<meta name=\"twitter:data1\" content=\"1 minute\" \/>\n<script type=\"application\/ld+json\" class=\"yoast-schema-graph\">{\"@context\":\"https:\\\/\\\/schema.org\",\"@graph\":[{\"@type\":\"WebPage\",\"@id\":\"https:\\\/\\\/www.enriquerequena.com\\\/fr\\\/tienda-online\\\/pieces-rechange-voiture\\\/air-conditionne-voiture\\\/raccord-gaz-r1234yf-haute-pression\\\/\",\"url\":\"https:\\\/\\\/www.enriquerequena.com\\\/fr\\\/tienda-online\\\/pieces-rechange-voiture\\\/air-conditionne-voiture\\\/raccord-gaz-r1234yf-haute-pression\\\/\",\"name\":\"Raccord de Gaz R1234YF \u00e0 haute pression - Acheter en Ligne\",\"isPartOf\":{\"@id\":\"https:\\\/\\\/www.enriquerequena.com\\\/fr\\\/#website\"},\"primaryImageOfPage\":{\"@id\":\"https:\\\/\\\/www.enriquerequena.com\\\/fr\\\/tienda-online\\\/pieces-rechange-voiture\\\/air-conditionne-voiture\\\/raccord-gaz-r1234yf-haute-pression\\\/#primaryimage\"},\"image\":{\"@id\":\"https:\\\/\\\/www.enriquerequena.com\\\/fr\\\/tienda-online\\\/pieces-rechange-voiture\\\/air-conditionne-voiture\\\/raccord-gaz-r1234yf-haute-pression\\\/#primaryimage\"},\"thumbnailUrl\":\"https:\\\/\\\/www.enriquerequena.com\\\/wp-content\\\/uploads\\\/2019\\\/11\\\/products-ENCHUFE-ALTA-RACCORD-DE-GAZ-HIGH-PRESSURE6-2.jpg\",\"datePublished\":\"2016-07-04T20:55:09+00:00\",\"dateModified\":\"2026-02-24T10:02:48+00:00\",\"description\":\"Vous pouvez acheter le Raccord de Gaz R1234YF \u00e0 haute pression en ligne. Achetez vos accessoires pour R134A, R12 et 1234YF ici. Avec exp\u00e9rience depuis 1950\",\"breadcrumb\":{\"@id\":\"https:\\\/\\\/www.enriquerequena.com\\\/fr\\\/tienda-online\\\/pieces-rechange-voiture\\\/air-conditionne-voiture\\\/raccord-gaz-r1234yf-haute-pression\\\/#breadcrumb\"},\"inLanguage\":\"fr-FR\",\"potentialAction\":[{\"@type\":\"ReadAction\",\"target\":[\"https:\\\/\\\/www.enriquerequena.com\\\/fr\\\/tienda-online\\\/pieces-rechange-voiture\\\/air-conditionne-voiture\\\/raccord-gaz-r1234yf-haute-pression\\\/\"]}]},{\"@type\":\"ImageObject\",\"inLanguage\":\"fr-FR\",\"@id\":\"https:\\\/\\\/www.enriquerequena.com\\\/fr\\\/tienda-online\\\/pieces-rechange-voiture\\\/air-conditionne-voiture\\\/raccord-gaz-r1234yf-haute-pression\\\/#primaryimage\",\"url\":\"https:\\\/\\\/www.enriquerequena.com\\\/wp-content\\\/uploads\\\/2019\\\/11\\\/products-ENCHUFE-ALTA-RACCORD-DE-GAZ-HIGH-PRESSURE6-2.jpg\",\"contentUrl\":\"https:\\\/\\\/www.enriquerequena.com\\\/wp-content\\\/uploads\\\/2019\\\/11\\\/products-ENCHUFE-ALTA-RACCORD-DE-GAZ-HIGH-PRESSURE6-2.jpg\",\"width\":1502,\"height\":1481,\"caption\":\"ENCHUFE ALTA, RACCORD DE GAZ, HIGH PRESSURE\"},{\"@type\":\"WebSite\",\"@id\":\"https:\\\/\\\/www.enriquerequena.com\\\/fr\\\/#website\",\"url\":\"https:\\\/\\\/www.enriquerequena.com\\\/fr\\\/\",\"name\":\"ENRIQUE REQUENA\",\"description\":\"Sp\u00e9cialistes des transmissions cardan avec des exp\u00e9ditions dans le monde entier et des pi\u00e8ces d\u00e9tach\u00e9es pour voitures, camions et accessoires \u00e0 Valence, en Espagne. Avec vous depuis 1950!\",\"publisher\":{\"@id\":\"https:\\\/\\\/www.enriquerequena.com\\\/fr\\\/#organization\"},\"potentialAction\":[{\"@type\":\"SearchAction\",\"target\":{\"@type\":\"EntryPoint\",\"urlTemplate\":\"https:\\\/\\\/www.enriquerequena.com\\\/fr\\\/?s={search_term_string}\"},\"query-input\":{\"@type\":\"PropertyValueSpecification\",\"valueRequired\":true,\"valueName\":\"search_term_string\"}}],\"inLanguage\":\"fr-FR\"},{\"@type\":\"Organization\",\"@id\":\"https:\\\/\\\/www.enriquerequena.com\\\/fr\\\/#organization\",\"name\":\"Enrique Requena S.L.\",\"url\":\"https:\\\/\\\/www.enriquerequena.com\\\/fr\\\/\",\"logo\":{\"@type\":\"ImageObject\",\"inLanguage\":\"fr-FR\",\"@id\":\"https:\\\/\\\/www.enriquerequena.com\\\/fr\\\/#\\\/schema\\\/logo\\\/image\\\/\",\"url\":\"https:\\\/\\\/www.enriquerequena.com\\\/wp-content\\\/uploads\\\/2019\\\/11\\\/enrique-requena-recambios-logotipo.jpg\",\"contentUrl\":\"https:\\\/\\\/www.enriquerequena.com\\\/wp-content\\\/uploads\\\/2019\\\/11\\\/enrique-requena-recambios-logotipo.jpg\",\"width\":381,\"height\":75,\"caption\":\"Enrique Requena S.L.\"},\"image\":{\"@id\":\"https:\\\/\\\/www.enriquerequena.com\\\/fr\\\/#\\\/schema\\\/logo\\\/image\\\/\"}}]}<\/script>\n<!-- \/ Yoast SEO plugin. -->","yoast_head_json":{"title":"Raccord de Gaz R1234YF \u00e0 haute pression - Acheter en Ligne","description":"Vous pouvez acheter le Raccord de Gaz R1234YF \u00e0 haute pression en ligne. Achetez vos accessoires pour R134A, R12 et 1234YF ici. Avec exp\u00e9rience depuis 1950","robots":{"index":"index","follow":"follow","max-snippet":"max-snippet:-1","max-image-preview":"max-image-preview:large","max-video-preview":"max-video-preview:-1"},"canonical":"https:\/\/www.enriquerequena.com\/fr\/tienda-online\/pieces-rechange-voiture\/air-conditionne-voiture\/raccord-gaz-r1234yf-haute-pression\/","og_locale":"fr_FR","og_type":"article","og_title":"Raccord de Gaz R1234YF \u00e0 haute pression - Acheter en Ligne","og_description":"Vous pouvez acheter le Raccord de Gaz R1234YF \u00e0 haute pression en ligne. Achetez vos accessoires pour R134A, R12 et 1234YF ici. Avec exp\u00e9rience depuis 1950","og_url":"https:\/\/www.enriquerequena.com\/fr\/tienda-online\/pieces-rechange-voiture\/air-conditionne-voiture\/raccord-gaz-r1234yf-haute-pression\/","og_site_name":"ENRIQUE REQUENA","article_modified_time":"2026-02-24T10:02:48+00:00","og_image":[{"width":1502,"height":1481,"url":"https:\/\/www.enriquerequena.com\/wp-content\/uploads\/2019\/11\/products-ENCHUFE-ALTA-RACCORD-DE-GAZ-HIGH-PRESSURE6-2.jpg","type":"image\/jpeg"}],"twitter_card":"summary_large_image","twitter_misc":{"Dur\u00e9e de lecture estim\u00e9e":"1 minute"},"schema":{"@context":"https:\/\/schema.org","@graph":[{"@type":"WebPage","@id":"https:\/\/www.enriquerequena.com\/fr\/tienda-online\/pieces-rechange-voiture\/air-conditionne-voiture\/raccord-gaz-r1234yf-haute-pression\/","url":"https:\/\/www.enriquerequena.com\/fr\/tienda-online\/pieces-rechange-voiture\/air-conditionne-voiture\/raccord-gaz-r1234yf-haute-pression\/","name":"Raccord de Gaz R1234YF \u00e0 haute pression - Acheter en Ligne","isPartOf":{"@id":"https:\/\/www.enriquerequena.com\/fr\/#website"},"primaryImageOfPage":{"@id":"https:\/\/www.enriquerequena.com\/fr\/tienda-online\/pieces-rechange-voiture\/air-conditionne-voiture\/raccord-gaz-r1234yf-haute-pression\/#primaryimage"},"image":{"@id":"https:\/\/www.enriquerequena.com\/fr\/tienda-online\/pieces-rechange-voiture\/air-conditionne-voiture\/raccord-gaz-r1234yf-haute-pression\/#primaryimage"},"thumbnailUrl":"https:\/\/www.enriquerequena.com\/wp-content\/uploads\/2019\/11\/products-ENCHUFE-ALTA-RACCORD-DE-GAZ-HIGH-PRESSURE6-2.jpg","datePublished":"2016-07-04T20:55:09+00:00","dateModified":"2026-02-24T10:02:48+00:00","description":"Vous pouvez acheter le Raccord de Gaz R1234YF \u00e0 haute pression en ligne. Achetez vos accessoires pour R134A, R12 et 1234YF ici. Avec exp\u00e9rience depuis 1950","breadcrumb":{"@id":"https:\/\/www.enriquerequena.com\/fr\/tienda-online\/pieces-rechange-voiture\/air-conditionne-voiture\/raccord-gaz-r1234yf-haute-pression\/#breadcrumb"},"inLanguage":"fr-FR","potentialAction":[{"@type":"ReadAction","target":["https:\/\/www.enriquerequena.com\/fr\/tienda-online\/pieces-rechange-voiture\/air-conditionne-voiture\/raccord-gaz-r1234yf-haute-pression\/"]}]},{"@type":"ImageObject","inLanguage":"fr-FR","@id":"https:\/\/www.enriquerequena.com\/fr\/tienda-online\/pieces-rechange-voiture\/air-conditionne-voiture\/raccord-gaz-r1234yf-haute-pression\/#primaryimage","url":"https:\/\/www.enriquerequena.com\/wp-content\/uploads\/2019\/11\/products-ENCHUFE-ALTA-RACCORD-DE-GAZ-HIGH-PRESSURE6-2.jpg","contentUrl":"https:\/\/www.enriquerequena.com\/wp-content\/uploads\/2019\/11\/products-ENCHUFE-ALTA-RACCORD-DE-GAZ-HIGH-PRESSURE6-2.jpg","width":1502,"height":1481,"caption":"ENCHUFE ALTA, RACCORD DE GAZ, HIGH PRESSURE"},{"@type":"WebSite","@id":"https:\/\/www.enriquerequena.com\/fr\/#website","url":"https:\/\/www.enriquerequena.com\/fr\/","name":"ENRIQUE REQUENA","description":"Sp\u00e9cialistes des transmissions cardan avec des exp\u00e9ditions dans le monde entier et des pi\u00e8ces d\u00e9tach\u00e9es pour voitures, camions et accessoires \u00e0 Valence, en Espagne. Avec vous depuis 1950!","publisher":{"@id":"https:\/\/www.enriquerequena.com\/fr\/#organization"},"potentialAction":[{"@type":"SearchAction","target":{"@type":"EntryPoint","urlTemplate":"https:\/\/www.enriquerequena.com\/fr\/?s={search_term_string}"},"query-input":{"@type":"PropertyValueSpecification","valueRequired":true,"valueName":"search_term_string"}}],"inLanguage":"fr-FR"},{"@type":"Organization","@id":"https:\/\/www.enriquerequena.com\/fr\/#organization","name":"Enrique Requena S.L.","url":"https:\/\/www.enriquerequena.com\/fr\/","logo":{"@type":"ImageObject","inLanguage":"fr-FR","@id":"https:\/\/www.enriquerequena.com\/fr\/#\/schema\/logo\/image\/","url":"https:\/\/www.enriquerequena.com\/wp-content\/uploads\/2019\/11\/enrique-requena-recambios-logotipo.jpg","contentUrl":"https:\/\/www.enriquerequena.com\/wp-content\/uploads\/2019\/11\/enrique-requena-recambios-logotipo.jpg","width":381,"height":75,"caption":"Enrique Requena S.L."},"image":{"@id":"https:\/\/www.enriquerequena.com\/fr\/#\/schema\/logo\/image\/"}}]}},"_links":{"self":[{"href":"https:\/\/www.enriquerequena.com\/fr\/wp-json\/wp\/v2\/product\/3150","targetHints":{"allow":["GET"]}}],"collection":[{"href":"https:\/\/www.enriquerequena.com\/fr\/wp-json\/wp\/v2\/product"}],"about":[{"href":"https:\/\/www.enriquerequena.com\/fr\/wp-json\/wp\/v2\/types\/product"}],"wp:featuredmedia":[{"embeddable":true,"href":"https:\/\/www.enriquerequena.com\/fr\/wp-json\/wp\/v2\/media\/3151"}],"wp:attachment":[{"href":"https:\/\/www.enriquerequena.com\/fr\/wp-json\/wp\/v2\/media?parent=3150"}],"wp:term":[{"taxonomy":"product_brand","embeddable":true,"href":"https:\/\/www.enriquerequena.com\/fr\/wp-json\/wp\/v2\/product_brand?post=3150"},{"taxonomy":"product_cat","embeddable":true,"href":"https:\/\/www.enriquerequena.com\/fr\/wp-json\/wp\/v2\/product_cat?post=3150"},{"taxonomy":"product_tag","embeddable":true,"href":"https:\/\/www.enriquerequena.com\/fr\/wp-json\/wp\/v2\/product_tag?post=3150"}],"curies":[{"name":"wp","href":"https:\/\/api.w.org\/{rel}","templated":true}]}}