{"id":31802,"date":"2025-05-22T11:50:09","date_gmt":"2025-05-22T09:50:09","guid":{"rendered":"https:\/\/www.enriquerequena.com\/?post_type=product&#038;p=31802"},"modified":"2025-10-20T14:08:21","modified_gmt":"2025-10-20T12:08:21","slug":"pompe-de-frein-avec-reservoir-nissan-terrano-460100x802-460100x825","status":"publish","type":"product","link":"https:\/\/www.enriquerequena.com\/fr\/tienda-online\/pieces-detachees-rechanges-frein-freinage\/pompes-de-frein\/pompe-de-frein-avec-reservoir-nissan-terrano-460100x802-460100x825\/","title":{"rendered":"Pompe de frein avec r\u00e9servoir Nissan Terrano 460100X802, 460100X825."},"content":{"rendered":"<h2>Pompe de frein avec r\u00e9servoir Nissan Terrano.<\/h2>\n<p><strong>Pompe de frein avec r\u00e9servoir pour Nissan Terrano <\/strong>avec r\u00e9f\u00e9rences 460100X802, 460100X825, est une pi\u00e8ce de Nissan <strong>neuve avec une garantie d\u2019un an<\/strong>.\u00a0C\u2019est le choix le plus \u00e9conomique.<\/p>\n<p>Nous vendons des pi\u00e8ces d\u00e9tach\u00e9es ou pi\u00e8ces de rechange \u00e0 Valence depuis 1950 et nous vendons aussi en ligne dans le monde entier.<\/p>\n<p>N\u00b4h\u00e9sitez pas \u00e0 nous consulter pour d\u00b4autres mod\u00e8les de tout type de v\u00e9hicule. <strong>Nous avons une exp\u00e9rience de plus de 70 ans<\/strong>. <strong>Nos pi\u00e9ces de rechange sont similaires \u00e0 ceux des OEM avec les meilleurs prix du march\u00e9.<\/strong><\/p>\n<h3>Caract\u00e9ristiques techniques Pompe de frein pour Nissan Terrano 460100X802:<\/h3>\n<ul>\n<li>Pi\u00e8ce de rechange: Pompe de frein avec r\u00e9servoir<\/li>\n<li>Mod\u00e8le: <strong>Nissan Terrano<\/strong><\/li>\n<li>Etat: pi\u00e8ce neuve<\/li>\n<li>Garantie d\u2019un an<\/li>\n<li><strong>R\u00e9f\u00e9rence:<\/strong>\n<ul>\n<li>460100X802<\/li>\n<li>460100X825<\/li>\n<\/ul>\n<\/li>\n<\/ul>\n","protected":false},"excerpt":{"rendered":"<p><strong>Pompe de frein avec r\u00e9servoir pour Nissan Terrano <\/strong>avec r\u00e9f\u00e9rences 460100X802, 460100X825, est une pi\u00e8ce de Nissan <strong>neuve avec une garantie d\u2019un an<\/strong>.<\/p>\n","protected":false},"featured_media":31811,"template":"","meta":[],"product_brand":[],"product_cat":[9848,10039,219,138,10017],"product_tag":[],"class_list":{"0":"post-31802","1":"product","2":"type-product","3":"status-publish","4":"has-post-thumbnail","6":"product_cat-pieces-detachees-rechanges-frein-freinage","7":"product_cat-maitres-cylindres-ou-cylindres-principaux","8":"product_cat-moteur-camion","9":"product_cat-pieces-rechange-camions","10":"product_cat-pompes-de-frein","11":"pa_manufacturer-nissan","12":"pa_tipo-4x4","14":"first","15":"instock","16":"taxable","17":"shipping-taxable","18":"purchasable","19":"product-type-simple"},"yoast_head":"<!-- This site is optimized with the Yoast SEO plugin v27.1.1 - https:\/\/yoast.com\/product\/yoast-seo-wordpress\/ -->\n<title>Pompe de frein avec r\u00e9servoir Nissan Terrano 460100X802, 460100X825. - ENRIQUE REQUENA<\/title>\n<meta name=\"description\" content=\"Pompe de frein avec r\u00e9servoir pour Nissan Terrano avec r\u00e9f\u00e9rences 460100X802, 460100X825, est une pi\u00e8ce de Nissan neuve avec une garantie d\u2019un an.\" \/>\n<meta name=\"robots\" content=\"index, follow, max-snippet:-1, max-image-preview:large, max-video-preview:-1\" \/>\n<link rel=\"canonical\" href=\"https:\/\/www.enriquerequena.com\/fr\/tienda-online\/pieces-detachees-rechanges-frein-freinage\/pompes-de-frein\/pompe-de-frein-avec-reservoir-nissan-terrano-460100x802-460100x825\/\" \/>\n<meta property=\"og:locale\" content=\"fr_FR\" \/>\n<meta property=\"og:type\" content=\"article\" \/>\n<meta property=\"og:title\" content=\"Pompe de frein avec r\u00e9servoir Nissan Terrano 460100X802, 460100X825. - ENRIQUE REQUENA\" \/>\n<meta property=\"og:description\" content=\"Pompe de frein avec r\u00e9servoir pour Nissan Terrano avec r\u00e9f\u00e9rences 460100X802, 460100X825, est une pi\u00e8ce de Nissan neuve avec une garantie d\u2019un an.\" \/>\n<meta property=\"og:url\" content=\"https:\/\/www.enriquerequena.com\/fr\/tienda-online\/pieces-detachees-rechanges-frein-freinage\/pompes-de-frein\/pompe-de-frein-avec-reservoir-nissan-terrano-460100x802-460100x825\/\" \/>\n<meta property=\"og:site_name\" content=\"ENRIQUE REQUENA\" \/>\n<meta property=\"article:modified_time\" content=\"2025-10-20T12:08:21+00:00\" \/>\n<meta property=\"og:image\" content=\"https:\/\/www.enriquerequena.com\/wp-content\/uploads\/2025\/05\/bomba-freno.jpg\" \/>\n\t<meta property=\"og:image:width\" content=\"800\" \/>\n\t<meta property=\"og:image:height\" content=\"800\" \/>\n\t<meta property=\"og:image:type\" content=\"image\/jpeg\" \/>\n<meta name=\"twitter:card\" content=\"summary_large_image\" \/>\n<meta name=\"twitter:label1\" content=\"Dur\u00e9e de lecture estim\u00e9e\" \/>\n\t<meta name=\"twitter:data1\" content=\"1 minute\" \/>\n<script type=\"application\/ld+json\" class=\"yoast-schema-graph\">{\"@context\":\"https:\/\/schema.org\",\"@graph\":[{\"@type\":\"WebPage\",\"@id\":\"https:\/\/www.enriquerequena.com\/fr\/tienda-online\/pieces-detachees-rechanges-frein-freinage\/pompes-de-frein\/pompe-de-frein-avec-reservoir-nissan-terrano-460100x802-460100x825\/\",\"url\":\"https:\/\/www.enriquerequena.com\/fr\/tienda-online\/pieces-detachees-rechanges-frein-freinage\/pompes-de-frein\/pompe-de-frein-avec-reservoir-nissan-terrano-460100x802-460100x825\/\",\"name\":\"Pompe de frein avec r\u00e9servoir Nissan Terrano 460100X802, 460100X825. - ENRIQUE REQUENA\",\"isPartOf\":{\"@id\":\"https:\/\/www.enriquerequena.com\/fr\/#website\"},\"primaryImageOfPage\":{\"@id\":\"https:\/\/www.enriquerequena.com\/fr\/tienda-online\/pieces-detachees-rechanges-frein-freinage\/pompes-de-frein\/pompe-de-frein-avec-reservoir-nissan-terrano-460100x802-460100x825\/#primaryimage\"},\"image\":{\"@id\":\"https:\/\/www.enriquerequena.com\/fr\/tienda-online\/pieces-detachees-rechanges-frein-freinage\/pompes-de-frein\/pompe-de-frein-avec-reservoir-nissan-terrano-460100x802-460100x825\/#primaryimage\"},\"thumbnailUrl\":\"https:\/\/www.enriquerequena.com\/wp-content\/uploads\/2025\/05\/bomba-freno.jpg\",\"datePublished\":\"2025-05-22T09:50:09+00:00\",\"dateModified\":\"2025-10-20T12:08:21+00:00\",\"description\":\"Pompe de frein avec r\u00e9servoir pour Nissan Terrano avec r\u00e9f\u00e9rences 460100X802, 460100X825, est une pi\u00e8ce de Nissan neuve avec une garantie d\u2019un an.\",\"breadcrumb\":{\"@id\":\"https:\/\/www.enriquerequena.com\/fr\/tienda-online\/pieces-detachees-rechanges-frein-freinage\/pompes-de-frein\/pompe-de-frein-avec-reservoir-nissan-terrano-460100x802-460100x825\/#breadcrumb\"},\"inLanguage\":\"fr-FR\",\"potentialAction\":[{\"@type\":\"ReadAction\",\"target\":[\"https:\/\/www.enriquerequena.com\/fr\/tienda-online\/pieces-detachees-rechanges-frein-freinage\/pompes-de-frein\/pompe-de-frein-avec-reservoir-nissan-terrano-460100x802-460100x825\/\"]}]},{\"@type\":\"ImageObject\",\"inLanguage\":\"fr-FR\",\"@id\":\"https:\/\/www.enriquerequena.com\/fr\/tienda-online\/pieces-detachees-rechanges-frein-freinage\/pompes-de-frein\/pompe-de-frein-avec-reservoir-nissan-terrano-460100x802-460100x825\/#primaryimage\",\"url\":\"https:\/\/www.enriquerequena.com\/wp-content\/uploads\/2025\/05\/bomba-freno.jpg\",\"contentUrl\":\"https:\/\/www.enriquerequena.com\/wp-content\/uploads\/2025\/05\/bomba-freno.jpg\",\"width\":800,\"height\":800,\"caption\":\"Pompe de frein avec r\u00e9servoir Nissan Terrano 460100X802, 460100X825.\"},{\"@type\":\"WebSite\",\"@id\":\"https:\/\/www.enriquerequena.com\/fr\/#website\",\"url\":\"https:\/\/www.enriquerequena.com\/fr\/\",\"name\":\"ENRIQUE REQUENA\",\"description\":\"Sp\u00e9cialistes des transmissions cardan avec des exp\u00e9ditions dans le monde entier et des pi\u00e8ces d\u00e9tach\u00e9es pour voitures, camions et accessoires \u00e0 Valence, en Espagne. Avec vous depuis 1950!\",\"publisher\":{\"@id\":\"https:\/\/www.enriquerequena.com\/fr\/#organization\"},\"potentialAction\":[{\"@type\":\"SearchAction\",\"target\":{\"@type\":\"EntryPoint\",\"urlTemplate\":\"https:\/\/www.enriquerequena.com\/fr\/?s={search_term_string}\"},\"query-input\":{\"@type\":\"PropertyValueSpecification\",\"valueRequired\":true,\"valueName\":\"search_term_string\"}}],\"inLanguage\":\"fr-FR\"},{\"@type\":\"Organization\",\"@id\":\"https:\/\/www.enriquerequena.com\/fr\/#organization\",\"name\":\"Enrique Requena S.L.\",\"url\":\"https:\/\/www.enriquerequena.com\/fr\/\",\"logo\":{\"@type\":\"ImageObject\",\"inLanguage\":\"fr-FR\",\"@id\":\"https:\/\/www.enriquerequena.com\/fr\/#\/schema\/logo\/image\/\",\"url\":\"https:\/\/www.enriquerequena.com\/wp-content\/uploads\/2019\/11\/enrique-requena-recambios-logotipo.jpg\",\"contentUrl\":\"https:\/\/www.enriquerequena.com\/wp-content\/uploads\/2019\/11\/enrique-requena-recambios-logotipo.jpg\",\"width\":381,\"height\":75,\"caption\":\"Enrique Requena S.L.\"},\"image\":{\"@id\":\"https:\/\/www.enriquerequena.com\/fr\/#\/schema\/logo\/image\/\"}}]}<\/script>\n<!-- \/ Yoast SEO plugin. -->","yoast_head_json":{"title":"Pompe de frein avec r\u00e9servoir Nissan Terrano 460100X802, 460100X825. - ENRIQUE REQUENA","description":"Pompe de frein avec r\u00e9servoir pour Nissan Terrano avec r\u00e9f\u00e9rences 460100X802, 460100X825, est une pi\u00e8ce de Nissan neuve avec une garantie d\u2019un an.","robots":{"index":"index","follow":"follow","max-snippet":"max-snippet:-1","max-image-preview":"max-image-preview:large","max-video-preview":"max-video-preview:-1"},"canonical":"https:\/\/www.enriquerequena.com\/fr\/tienda-online\/pieces-detachees-rechanges-frein-freinage\/pompes-de-frein\/pompe-de-frein-avec-reservoir-nissan-terrano-460100x802-460100x825\/","og_locale":"fr_FR","og_type":"article","og_title":"Pompe de frein avec r\u00e9servoir Nissan Terrano 460100X802, 460100X825. - ENRIQUE REQUENA","og_description":"Pompe de frein avec r\u00e9servoir pour Nissan Terrano avec r\u00e9f\u00e9rences 460100X802, 460100X825, est une pi\u00e8ce de Nissan neuve avec une garantie d\u2019un an.","og_url":"https:\/\/www.enriquerequena.com\/fr\/tienda-online\/pieces-detachees-rechanges-frein-freinage\/pompes-de-frein\/pompe-de-frein-avec-reservoir-nissan-terrano-460100x802-460100x825\/","og_site_name":"ENRIQUE REQUENA","article_modified_time":"2025-10-20T12:08:21+00:00","og_image":[{"width":800,"height":800,"url":"https:\/\/www.enriquerequena.com\/wp-content\/uploads\/2025\/05\/bomba-freno.jpg","type":"image\/jpeg"}],"twitter_card":"summary_large_image","twitter_misc":{"Dur\u00e9e de lecture estim\u00e9e":"1 minute"},"schema":{"@context":"https:\/\/schema.org","@graph":[{"@type":"WebPage","@id":"https:\/\/www.enriquerequena.com\/fr\/tienda-online\/pieces-detachees-rechanges-frein-freinage\/pompes-de-frein\/pompe-de-frein-avec-reservoir-nissan-terrano-460100x802-460100x825\/","url":"https:\/\/www.enriquerequena.com\/fr\/tienda-online\/pieces-detachees-rechanges-frein-freinage\/pompes-de-frein\/pompe-de-frein-avec-reservoir-nissan-terrano-460100x802-460100x825\/","name":"Pompe de frein avec r\u00e9servoir Nissan Terrano 460100X802, 460100X825. - ENRIQUE REQUENA","isPartOf":{"@id":"https:\/\/www.enriquerequena.com\/fr\/#website"},"primaryImageOfPage":{"@id":"https:\/\/www.enriquerequena.com\/fr\/tienda-online\/pieces-detachees-rechanges-frein-freinage\/pompes-de-frein\/pompe-de-frein-avec-reservoir-nissan-terrano-460100x802-460100x825\/#primaryimage"},"image":{"@id":"https:\/\/www.enriquerequena.com\/fr\/tienda-online\/pieces-detachees-rechanges-frein-freinage\/pompes-de-frein\/pompe-de-frein-avec-reservoir-nissan-terrano-460100x802-460100x825\/#primaryimage"},"thumbnailUrl":"https:\/\/www.enriquerequena.com\/wp-content\/uploads\/2025\/05\/bomba-freno.jpg","datePublished":"2025-05-22T09:50:09+00:00","dateModified":"2025-10-20T12:08:21+00:00","description":"Pompe de frein avec r\u00e9servoir pour Nissan Terrano avec r\u00e9f\u00e9rences 460100X802, 460100X825, est une pi\u00e8ce de Nissan neuve avec une garantie d\u2019un an.","breadcrumb":{"@id":"https:\/\/www.enriquerequena.com\/fr\/tienda-online\/pieces-detachees-rechanges-frein-freinage\/pompes-de-frein\/pompe-de-frein-avec-reservoir-nissan-terrano-460100x802-460100x825\/#breadcrumb"},"inLanguage":"fr-FR","potentialAction":[{"@type":"ReadAction","target":["https:\/\/www.enriquerequena.com\/fr\/tienda-online\/pieces-detachees-rechanges-frein-freinage\/pompes-de-frein\/pompe-de-frein-avec-reservoir-nissan-terrano-460100x802-460100x825\/"]}]},{"@type":"ImageObject","inLanguage":"fr-FR","@id":"https:\/\/www.enriquerequena.com\/fr\/tienda-online\/pieces-detachees-rechanges-frein-freinage\/pompes-de-frein\/pompe-de-frein-avec-reservoir-nissan-terrano-460100x802-460100x825\/#primaryimage","url":"https:\/\/www.enriquerequena.com\/wp-content\/uploads\/2025\/05\/bomba-freno.jpg","contentUrl":"https:\/\/www.enriquerequena.com\/wp-content\/uploads\/2025\/05\/bomba-freno.jpg","width":800,"height":800,"caption":"Pompe de frein avec r\u00e9servoir Nissan Terrano 460100X802, 460100X825."},{"@type":"WebSite","@id":"https:\/\/www.enriquerequena.com\/fr\/#website","url":"https:\/\/www.enriquerequena.com\/fr\/","name":"ENRIQUE REQUENA","description":"Sp\u00e9cialistes des transmissions cardan avec des exp\u00e9ditions dans le monde entier et des pi\u00e8ces d\u00e9tach\u00e9es pour voitures, camions et accessoires \u00e0 Valence, en Espagne. Avec vous depuis 1950!","publisher":{"@id":"https:\/\/www.enriquerequena.com\/fr\/#organization"},"potentialAction":[{"@type":"SearchAction","target":{"@type":"EntryPoint","urlTemplate":"https:\/\/www.enriquerequena.com\/fr\/?s={search_term_string}"},"query-input":{"@type":"PropertyValueSpecification","valueRequired":true,"valueName":"search_term_string"}}],"inLanguage":"fr-FR"},{"@type":"Organization","@id":"https:\/\/www.enriquerequena.com\/fr\/#organization","name":"Enrique Requena S.L.","url":"https:\/\/www.enriquerequena.com\/fr\/","logo":{"@type":"ImageObject","inLanguage":"fr-FR","@id":"https:\/\/www.enriquerequena.com\/fr\/#\/schema\/logo\/image\/","url":"https:\/\/www.enriquerequena.com\/wp-content\/uploads\/2019\/11\/enrique-requena-recambios-logotipo.jpg","contentUrl":"https:\/\/www.enriquerequena.com\/wp-content\/uploads\/2019\/11\/enrique-requena-recambios-logotipo.jpg","width":381,"height":75,"caption":"Enrique Requena S.L."},"image":{"@id":"https:\/\/www.enriquerequena.com\/fr\/#\/schema\/logo\/image\/"}}]}},"_links":{"self":[{"href":"https:\/\/www.enriquerequena.com\/fr\/wp-json\/wp\/v2\/product\/31802","targetHints":{"allow":["GET"]}}],"collection":[{"href":"https:\/\/www.enriquerequena.com\/fr\/wp-json\/wp\/v2\/product"}],"about":[{"href":"https:\/\/www.enriquerequena.com\/fr\/wp-json\/wp\/v2\/types\/product"}],"wp:featuredmedia":[{"embeddable":true,"href":"https:\/\/www.enriquerequena.com\/fr\/wp-json\/wp\/v2\/media\/31811"}],"wp:attachment":[{"href":"https:\/\/www.enriquerequena.com\/fr\/wp-json\/wp\/v2\/media?parent=31802"}],"wp:term":[{"taxonomy":"product_brand","embeddable":true,"href":"https:\/\/www.enriquerequena.com\/fr\/wp-json\/wp\/v2\/product_brand?post=31802"},{"taxonomy":"product_cat","embeddable":true,"href":"https:\/\/www.enriquerequena.com\/fr\/wp-json\/wp\/v2\/product_cat?post=31802"},{"taxonomy":"product_tag","embeddable":true,"href":"https:\/\/www.enriquerequena.com\/fr\/wp-json\/wp\/v2\/product_tag?post=31802"}],"curies":[{"name":"wp","href":"https:\/\/api.w.org\/{rel}","templated":true}]}}