{"id":3207,"date":"2016-09-02T18:00:11","date_gmt":"2016-09-02T18:00:11","guid":{"rendered":"https:\/\/www.enriquerequena.com\/?post_type=product&#038;p=3207"},"modified":"2023-02-07T16:44:23","modified_gmt":"2023-02-07T15:44:23","slug":"huile-pour-moteur-valvoline-10w40-5-litres-max-life","status":"publish","type":"product","link":"https:\/\/www.enriquerequena.com\/fr\/tienda-online\/huiles-additifs-moteur\/lubrifiants-voitures\/huile-pour-moteur-valvoline-10w40-5-litres-max-life\/","title":{"rendered":"Huile pour moteur Valvoline 10w40 5 Litres Max Life"},"content":{"rendered":"<p style=\"text-align: justify;\"><span style=\"color: #3366ff;\">Huile pour moteur Valvoline 10w40 5 litres Max Life<\/span><\/p>\n<p style=\"text-align: justify;\"><span style=\"color: #3366ff;\">&#8211; La premi\u00e8re formule avec des ingr\u00e9dients suppl\u00e9mentaires pour prolonger la dur\u00e9e de vie du moteur.<\/span><br \/>\n<span style=\"color: #3366ff;\">&#8211; Huile moteur semi-synth\u00e9tique revitalisant les moteurs \u00e0 kilom\u00e9trage \u00e9lev\u00e9, retardant le processus de vieillissement.<\/span><br \/>\n<span style=\"color: #3366ff;\">&#8211; Gr\u00e2ce \u00e0 ses additifs sp\u00e9ciaux, tels que les revitalisants d&rsquo;\u00e9tanch\u00e9it\u00e9 et les agents de nettoyage perfectionn\u00e9s, les huiles Max life revitalisent les pi\u00e8ces critiques du moteur afin qu&rsquo;elles continuent de mieux fonctionner plus longtemps.<\/span><br \/>\n<span style=\"color: #3366ff;\">&#8211; Elue meilleur produit de l&rsquo;ann\u00e9e par Lubricant&rsquo;s World, l&rsquo;huile moteur MaxLife est soutenue par le principal organisme de certification ind\u00e9pendant europ\u00e9en: TUV WORLD.<\/span><br \/>\n<span style=\"color: #3366ff;\"><strong>Caract\u00e9ristiques:<\/strong><\/span><br \/>\n<span style=\"color: #3366ff;\">&#8211; Huile de moteur de m\u00e9lange synth\u00e9tique.<\/span><br \/>\n<span style=\"color: #3366ff;\">&#8211; Aide \u00e0 pr\u00e9venir les pertes et la consommation d&rsquo;huile.<\/span><br \/>\n<span style=\"color: #3366ff;\"><strong>Sp\u00e9cifications techniques:<\/strong><\/span><\/p>\n<p style=\"text-align: justify;\"><span style=\"color: #3366ff;\">&#8211; ACEA : A3\/B3<\/span><\/p>\n<p style=\"text-align: justify;\"><span style=\"color: #3366ff;\">&#8211; API: SM\/CF<\/span><\/p>\n<p style=\"text-align: justify;\"><span style=\"color: #3366ff;\">&#8211; MB 229.3<\/span><\/p>\n<p><span style=\"color: #3366ff;\">&#8211; PSA B712300<\/span><\/p>\n<p><span style=\"color: #3366ff;\">&#8211; RENAULT RN0700\/0710<\/span><\/p>\n<p><span style=\"color: #3366ff;\">&#8211; VW 502.00 505.00<\/span><\/p>\n<p><span style=\"color: #3366ff;\">&#8211; FIAT 9.55535, G2 0 D2<\/span><\/p>\n","protected":false},"excerpt":{"rendered":"<p>Huile pour moteur Valvoline 10w40 5 litres Max Life en ligne est un produit sp\u00e9cial qui vous permet d&rsquo;\u00e9conomiser sur la consommation de vos v\u00e9hicules.<\/p>\n","protected":false},"featured_media":3208,"template":"","meta":[],"product_brand":[],"product_cat":[147,174,198],"product_tag":[],"class_list":{"0":"post-3207","1":"product","2":"type-product","3":"status-publish","4":"has-post-thumbnail","6":"product_cat-huiles-additifs-moteur","7":"product_cat-lubrifiants-voitures","8":"product_cat-moteur-voiture","10":"first","11":"instock","12":"taxable","13":"shipping-taxable","14":"purchasable","15":"product-type-simple"},"yoast_head":"<!-- This site is optimized with the Yoast SEO plugin v27.5 - https:\/\/yoast.com\/product\/yoast-seo-wordpress\/ -->\n<title>Huile pour moteur Valvoline 10w40 5 litres Max Life - Acheter en ligne<\/title>\n<meta name=\"description\" content=\"Vous pouvez acheter d huile pour moteur Valvoline 10w40 5 litres Max Life en ligne ici. Le meilleur prix pour les produits de vos v\u00e9hicules.\" \/>\n<meta name=\"robots\" content=\"index, follow, max-snippet:-1, max-image-preview:large, max-video-preview:-1\" \/>\n<link rel=\"canonical\" href=\"https:\/\/www.enriquerequena.com\/fr\/tienda-online\/huiles-additifs-moteur\/lubrifiants-voitures\/huile-pour-moteur-valvoline-10w40-5-litres-max-life\/\" \/>\n<meta property=\"og:locale\" content=\"fr_FR\" \/>\n<meta property=\"og:type\" content=\"article\" \/>\n<meta property=\"og:title\" content=\"Huile pour moteur Valvoline 10w40 5 litres Max Life - Acheter en ligne\" \/>\n<meta property=\"og:description\" content=\"Vous pouvez acheter d huile pour moteur Valvoline 10w40 5 litres Max Life en ligne ici. Le meilleur prix pour les produits de vos v\u00e9hicules.\" \/>\n<meta property=\"og:url\" content=\"https:\/\/www.enriquerequena.com\/fr\/tienda-online\/huiles-additifs-moteur\/lubrifiants-voitures\/huile-pour-moteur-valvoline-10w40-5-litres-max-life\/\" \/>\n<meta property=\"og:site_name\" content=\"ENRIQUE REQUENA\" \/>\n<meta property=\"article:modified_time\" content=\"2023-02-07T15:44:23+00:00\" \/>\n<meta property=\"og:image\" content=\"https:\/\/www.enriquerequena.com\/wp-content\/uploads\/2019\/10\/products-LATA-ACEITE-MOTOR-HUILE-MOTEUR-ENGINE-OIL-10w40-2--2.jpg\" \/>\n\t<meta property=\"og:image:width\" content=\"800\" \/>\n\t<meta property=\"og:image:height\" content=\"800\" \/>\n\t<meta property=\"og:image:type\" content=\"image\/jpeg\" \/>\n<meta name=\"twitter:card\" content=\"summary_large_image\" \/>\n<meta name=\"twitter:label1\" content=\"Dur\u00e9e de lecture estim\u00e9e\" \/>\n\t<meta name=\"twitter:data1\" content=\"1 minute\" \/>\n<script type=\"application\/ld+json\" class=\"yoast-schema-graph\">{\"@context\":\"https:\\\/\\\/schema.org\",\"@graph\":[{\"@type\":\"WebPage\",\"@id\":\"https:\\\/\\\/www.enriquerequena.com\\\/fr\\\/tienda-online\\\/huiles-additifs-moteur\\\/lubrifiants-voitures\\\/huile-pour-moteur-valvoline-10w40-5-litres-max-life\\\/\",\"url\":\"https:\\\/\\\/www.enriquerequena.com\\\/fr\\\/tienda-online\\\/huiles-additifs-moteur\\\/lubrifiants-voitures\\\/huile-pour-moteur-valvoline-10w40-5-litres-max-life\\\/\",\"name\":\"Huile pour moteur Valvoline 10w40 5 litres Max Life - Acheter en ligne\",\"isPartOf\":{\"@id\":\"https:\\\/\\\/www.enriquerequena.com\\\/fr\\\/#website\"},\"primaryImageOfPage\":{\"@id\":\"https:\\\/\\\/www.enriquerequena.com\\\/fr\\\/tienda-online\\\/huiles-additifs-moteur\\\/lubrifiants-voitures\\\/huile-pour-moteur-valvoline-10w40-5-litres-max-life\\\/#primaryimage\"},\"image\":{\"@id\":\"https:\\\/\\\/www.enriquerequena.com\\\/fr\\\/tienda-online\\\/huiles-additifs-moteur\\\/lubrifiants-voitures\\\/huile-pour-moteur-valvoline-10w40-5-litres-max-life\\\/#primaryimage\"},\"thumbnailUrl\":\"https:\\\/\\\/www.enriquerequena.com\\\/wp-content\\\/uploads\\\/2019\\\/10\\\/products-LATA-ACEITE-MOTOR-HUILE-MOTEUR-ENGINE-OIL-10w40-2--2.jpg\",\"datePublished\":\"2016-09-02T18:00:11+00:00\",\"dateModified\":\"2023-02-07T15:44:23+00:00\",\"description\":\"Vous pouvez acheter d huile pour moteur Valvoline 10w40 5 litres Max Life en ligne ici. Le meilleur prix pour les produits de vos v\u00e9hicules.\",\"breadcrumb\":{\"@id\":\"https:\\\/\\\/www.enriquerequena.com\\\/fr\\\/tienda-online\\\/huiles-additifs-moteur\\\/lubrifiants-voitures\\\/huile-pour-moteur-valvoline-10w40-5-litres-max-life\\\/#breadcrumb\"},\"inLanguage\":\"fr-FR\",\"potentialAction\":[{\"@type\":\"ReadAction\",\"target\":[\"https:\\\/\\\/www.enriquerequena.com\\\/fr\\\/tienda-online\\\/huiles-additifs-moteur\\\/lubrifiants-voitures\\\/huile-pour-moteur-valvoline-10w40-5-litres-max-life\\\/\"]}]},{\"@type\":\"ImageObject\",\"inLanguage\":\"fr-FR\",\"@id\":\"https:\\\/\\\/www.enriquerequena.com\\\/fr\\\/tienda-online\\\/huiles-additifs-moteur\\\/lubrifiants-voitures\\\/huile-pour-moteur-valvoline-10w40-5-litres-max-life\\\/#primaryimage\",\"url\":\"https:\\\/\\\/www.enriquerequena.com\\\/wp-content\\\/uploads\\\/2019\\\/10\\\/products-LATA-ACEITE-MOTOR-HUILE-MOTEUR-ENGINE-OIL-10w40-2--2.jpg\",\"contentUrl\":\"https:\\\/\\\/www.enriquerequena.com\\\/wp-content\\\/uploads\\\/2019\\\/10\\\/products-LATA-ACEITE-MOTOR-HUILE-MOTEUR-ENGINE-OIL-10w40-2--2.jpg\",\"width\":800,\"height\":800,\"caption\":\"LATA-5LITROS-VALVOLINE-MAX LIFE-10W40-ANTICONSUMO\"},{\"@type\":\"WebSite\",\"@id\":\"https:\\\/\\\/www.enriquerequena.com\\\/fr\\\/#website\",\"url\":\"https:\\\/\\\/www.enriquerequena.com\\\/fr\\\/\",\"name\":\"ENRIQUE REQUENA\",\"description\":\"Sp\u00e9cialistes des transmissions cardan avec des exp\u00e9ditions dans le monde entier et des pi\u00e8ces d\u00e9tach\u00e9es pour voitures, camions et accessoires \u00e0 Valence, en Espagne. Avec vous depuis 1950!\",\"publisher\":{\"@id\":\"https:\\\/\\\/www.enriquerequena.com\\\/fr\\\/#organization\"},\"potentialAction\":[{\"@type\":\"SearchAction\",\"target\":{\"@type\":\"EntryPoint\",\"urlTemplate\":\"https:\\\/\\\/www.enriquerequena.com\\\/fr\\\/?s={search_term_string}\"},\"query-input\":{\"@type\":\"PropertyValueSpecification\",\"valueRequired\":true,\"valueName\":\"search_term_string\"}}],\"inLanguage\":\"fr-FR\"},{\"@type\":\"Organization\",\"@id\":\"https:\\\/\\\/www.enriquerequena.com\\\/fr\\\/#organization\",\"name\":\"Enrique Requena S.L.\",\"url\":\"https:\\\/\\\/www.enriquerequena.com\\\/fr\\\/\",\"logo\":{\"@type\":\"ImageObject\",\"inLanguage\":\"fr-FR\",\"@id\":\"https:\\\/\\\/www.enriquerequena.com\\\/fr\\\/#\\\/schema\\\/logo\\\/image\\\/\",\"url\":\"https:\\\/\\\/www.enriquerequena.com\\\/wp-content\\\/uploads\\\/2019\\\/11\\\/enrique-requena-recambios-logotipo.jpg\",\"contentUrl\":\"https:\\\/\\\/www.enriquerequena.com\\\/wp-content\\\/uploads\\\/2019\\\/11\\\/enrique-requena-recambios-logotipo.jpg\",\"width\":381,\"height\":75,\"caption\":\"Enrique Requena S.L.\"},\"image\":{\"@id\":\"https:\\\/\\\/www.enriquerequena.com\\\/fr\\\/#\\\/schema\\\/logo\\\/image\\\/\"}}]}<\/script>\n<!-- \/ Yoast SEO plugin. -->","yoast_head_json":{"title":"Huile pour moteur Valvoline 10w40 5 litres Max Life - Acheter en ligne","description":"Vous pouvez acheter d huile pour moteur Valvoline 10w40 5 litres Max Life en ligne ici. Le meilleur prix pour les produits de vos v\u00e9hicules.","robots":{"index":"index","follow":"follow","max-snippet":"max-snippet:-1","max-image-preview":"max-image-preview:large","max-video-preview":"max-video-preview:-1"},"canonical":"https:\/\/www.enriquerequena.com\/fr\/tienda-online\/huiles-additifs-moteur\/lubrifiants-voitures\/huile-pour-moteur-valvoline-10w40-5-litres-max-life\/","og_locale":"fr_FR","og_type":"article","og_title":"Huile pour moteur Valvoline 10w40 5 litres Max Life - Acheter en ligne","og_description":"Vous pouvez acheter d huile pour moteur Valvoline 10w40 5 litres Max Life en ligne ici. Le meilleur prix pour les produits de vos v\u00e9hicules.","og_url":"https:\/\/www.enriquerequena.com\/fr\/tienda-online\/huiles-additifs-moteur\/lubrifiants-voitures\/huile-pour-moteur-valvoline-10w40-5-litres-max-life\/","og_site_name":"ENRIQUE REQUENA","article_modified_time":"2023-02-07T15:44:23+00:00","og_image":[{"width":800,"height":800,"url":"https:\/\/www.enriquerequena.com\/wp-content\/uploads\/2019\/10\/products-LATA-ACEITE-MOTOR-HUILE-MOTEUR-ENGINE-OIL-10w40-2--2.jpg","type":"image\/jpeg"}],"twitter_card":"summary_large_image","twitter_misc":{"Dur\u00e9e de lecture estim\u00e9e":"1 minute"},"schema":{"@context":"https:\/\/schema.org","@graph":[{"@type":"WebPage","@id":"https:\/\/www.enriquerequena.com\/fr\/tienda-online\/huiles-additifs-moteur\/lubrifiants-voitures\/huile-pour-moteur-valvoline-10w40-5-litres-max-life\/","url":"https:\/\/www.enriquerequena.com\/fr\/tienda-online\/huiles-additifs-moteur\/lubrifiants-voitures\/huile-pour-moteur-valvoline-10w40-5-litres-max-life\/","name":"Huile pour moteur Valvoline 10w40 5 litres Max Life - Acheter en ligne","isPartOf":{"@id":"https:\/\/www.enriquerequena.com\/fr\/#website"},"primaryImageOfPage":{"@id":"https:\/\/www.enriquerequena.com\/fr\/tienda-online\/huiles-additifs-moteur\/lubrifiants-voitures\/huile-pour-moteur-valvoline-10w40-5-litres-max-life\/#primaryimage"},"image":{"@id":"https:\/\/www.enriquerequena.com\/fr\/tienda-online\/huiles-additifs-moteur\/lubrifiants-voitures\/huile-pour-moteur-valvoline-10w40-5-litres-max-life\/#primaryimage"},"thumbnailUrl":"https:\/\/www.enriquerequena.com\/wp-content\/uploads\/2019\/10\/products-LATA-ACEITE-MOTOR-HUILE-MOTEUR-ENGINE-OIL-10w40-2--2.jpg","datePublished":"2016-09-02T18:00:11+00:00","dateModified":"2023-02-07T15:44:23+00:00","description":"Vous pouvez acheter d huile pour moteur Valvoline 10w40 5 litres Max Life en ligne ici. Le meilleur prix pour les produits de vos v\u00e9hicules.","breadcrumb":{"@id":"https:\/\/www.enriquerequena.com\/fr\/tienda-online\/huiles-additifs-moteur\/lubrifiants-voitures\/huile-pour-moteur-valvoline-10w40-5-litres-max-life\/#breadcrumb"},"inLanguage":"fr-FR","potentialAction":[{"@type":"ReadAction","target":["https:\/\/www.enriquerequena.com\/fr\/tienda-online\/huiles-additifs-moteur\/lubrifiants-voitures\/huile-pour-moteur-valvoline-10w40-5-litres-max-life\/"]}]},{"@type":"ImageObject","inLanguage":"fr-FR","@id":"https:\/\/www.enriquerequena.com\/fr\/tienda-online\/huiles-additifs-moteur\/lubrifiants-voitures\/huile-pour-moteur-valvoline-10w40-5-litres-max-life\/#primaryimage","url":"https:\/\/www.enriquerequena.com\/wp-content\/uploads\/2019\/10\/products-LATA-ACEITE-MOTOR-HUILE-MOTEUR-ENGINE-OIL-10w40-2--2.jpg","contentUrl":"https:\/\/www.enriquerequena.com\/wp-content\/uploads\/2019\/10\/products-LATA-ACEITE-MOTOR-HUILE-MOTEUR-ENGINE-OIL-10w40-2--2.jpg","width":800,"height":800,"caption":"LATA-5LITROS-VALVOLINE-MAX LIFE-10W40-ANTICONSUMO"},{"@type":"WebSite","@id":"https:\/\/www.enriquerequena.com\/fr\/#website","url":"https:\/\/www.enriquerequena.com\/fr\/","name":"ENRIQUE REQUENA","description":"Sp\u00e9cialistes des transmissions cardan avec des exp\u00e9ditions dans le monde entier et des pi\u00e8ces d\u00e9tach\u00e9es pour voitures, camions et accessoires \u00e0 Valence, en Espagne. Avec vous depuis 1950!","publisher":{"@id":"https:\/\/www.enriquerequena.com\/fr\/#organization"},"potentialAction":[{"@type":"SearchAction","target":{"@type":"EntryPoint","urlTemplate":"https:\/\/www.enriquerequena.com\/fr\/?s={search_term_string}"},"query-input":{"@type":"PropertyValueSpecification","valueRequired":true,"valueName":"search_term_string"}}],"inLanguage":"fr-FR"},{"@type":"Organization","@id":"https:\/\/www.enriquerequena.com\/fr\/#organization","name":"Enrique Requena S.L.","url":"https:\/\/www.enriquerequena.com\/fr\/","logo":{"@type":"ImageObject","inLanguage":"fr-FR","@id":"https:\/\/www.enriquerequena.com\/fr\/#\/schema\/logo\/image\/","url":"https:\/\/www.enriquerequena.com\/wp-content\/uploads\/2019\/11\/enrique-requena-recambios-logotipo.jpg","contentUrl":"https:\/\/www.enriquerequena.com\/wp-content\/uploads\/2019\/11\/enrique-requena-recambios-logotipo.jpg","width":381,"height":75,"caption":"Enrique Requena S.L."},"image":{"@id":"https:\/\/www.enriquerequena.com\/fr\/#\/schema\/logo\/image\/"}}]}},"_links":{"self":[{"href":"https:\/\/www.enriquerequena.com\/fr\/wp-json\/wp\/v2\/product\/3207","targetHints":{"allow":["GET"]}}],"collection":[{"href":"https:\/\/www.enriquerequena.com\/fr\/wp-json\/wp\/v2\/product"}],"about":[{"href":"https:\/\/www.enriquerequena.com\/fr\/wp-json\/wp\/v2\/types\/product"}],"wp:featuredmedia":[{"embeddable":true,"href":"https:\/\/www.enriquerequena.com\/fr\/wp-json\/wp\/v2\/media\/3208"}],"wp:attachment":[{"href":"https:\/\/www.enriquerequena.com\/fr\/wp-json\/wp\/v2\/media?parent=3207"}],"wp:term":[{"taxonomy":"product_brand","embeddable":true,"href":"https:\/\/www.enriquerequena.com\/fr\/wp-json\/wp\/v2\/product_brand?post=3207"},{"taxonomy":"product_cat","embeddable":true,"href":"https:\/\/www.enriquerequena.com\/fr\/wp-json\/wp\/v2\/product_cat?post=3207"},{"taxonomy":"product_tag","embeddable":true,"href":"https:\/\/www.enriquerequena.com\/fr\/wp-json\/wp\/v2\/product_tag?post=3207"}],"curies":[{"name":"wp","href":"https:\/\/api.w.org\/{rel}","templated":true}]}}