{"id":3228,"date":"2016-09-27T17:14:50","date_gmt":"2016-09-27T17:14:50","guid":{"rendered":"https:\/\/www.enriquerequena.com\/?post_type=product&#038;p=3228"},"modified":"2023-10-30T14:31:58","modified_gmt":"2023-10-30T13:31:58","slug":"croisillon-cardan-27x8175-serie-1310-gkn","status":"publish","type":"product","link":"https:\/\/www.enriquerequena.com\/fr\/tienda-online\/arbre-transmission-cardan\/croisillons-et-support-darbres-de-transmission\/croisillon-cardan-27x8175-serie-1310-gkn\/","title":{"rendered":"Croisillon de cardan 27&#215;81,75 mm GKN Serie 1310"},"content":{"rendered":"<p><span style=\"color: #3366ff;\">\u00a0Croisillon de cardan s\u00e9rie 1310 original GKN avec 27&#215;81,75 mm. mesures et croix renforc\u00e9e.<\/span><\/p>\n<p><span style=\"color: #3366ff;\">Ce croisillon est disponible pour les v\u00e9hicules 4&#215;4 et les fourgonnettes Nissan Cabstar ou Atleon. Nous vendons d\u2019autres arbres \u00e0 cardan \u00e0 Valence et en ligne dans le monde entier depuis 1950.<\/span><\/p>\n<p><span style=\"color: #3366ff;\">Remplacement:<\/span><br \/>\n<span style=\"color: #3366ff;\">&#8211; Dimensions de le croisillon de cardan: 27 mm. diam\u00e8tre x 81,75 mm. longueur<\/span><br \/>\n<span style=\"color: #3366ff;\">&#8211; S\u00e9rie 1310<\/span><br \/>\n<span style=\"color: #3366ff;\">&#8211; Marque: GKN<\/span><br \/>\n<span style=\"color: #3366ff;\">&#8211; Avec graisseur lat\u00e9ral<\/span><br \/>\n<span style=\"color: #3366ff;\">&#8211; 4 circlips externes<\/span><br \/>\n<span style=\"color: #3366ff;\">&#8211; Condition: nouvelle pi\u00e8ce originale<\/span><br \/>\n<span style=\"color: #3366ff;\">&#8211; Montage sur cardan pour v\u00e9hicules 4&#215;4 et fourgonnettes.<\/span><\/p>\n","protected":false},"excerpt":{"rendered":"<p>Croisillon de cardan 27&#215;81,75 mm GKN avec Serie 1310 nouveau \u00e0 vendre en ligne avec croix renforc\u00e9e.<\/p>\n","protected":false},"featured_media":3229,"template":"","meta":[],"product_brand":[],"product_cat":[144,171],"product_tag":[],"class_list":{"0":"post-3228","1":"product","2":"type-product","3":"status-publish","4":"has-post-thumbnail","6":"product_cat-arbre-transmission-cardan","7":"product_cat-croisillons-et-support-darbres-de-transmission","8":"pa_tipo-auto","10":"first","11":"instock","12":"taxable","13":"shipping-taxable","14":"purchasable","15":"product-type-simple"},"yoast_head":"<!-- This site is optimized with the Yoast SEO plugin v27.5 - https:\/\/yoast.com\/product\/yoast-seo-wordpress\/ -->\n<title>Croisillon de cardan 27x81,75 mm GKN Serie 1310 - Acheter en Ligne<\/title>\n<meta name=\"description\" content=\"Vous pouvez acheter Croisillon de Cardan 27x81,75 mm GKN Serie 1310 remplacement original. Support cardan pour v\u00e9hicules 4x4 et fourgonnettes.\" \/>\n<meta name=\"robots\" content=\"index, follow, max-snippet:-1, max-image-preview:large, max-video-preview:-1\" \/>\n<link rel=\"canonical\" href=\"https:\/\/www.enriquerequena.com\/fr\/tienda-online\/arbre-transmission-cardan\/croisillons-et-support-darbres-de-transmission\/croisillon-cardan-27x8175-serie-1310-gkn\/\" \/>\n<meta property=\"og:locale\" content=\"fr_FR\" \/>\n<meta property=\"og:type\" content=\"article\" \/>\n<meta property=\"og:title\" content=\"Croisillon de cardan 27x81,75 mm GKN Serie 1310 - Acheter en Ligne\" \/>\n<meta property=\"og:description\" content=\"Vous pouvez acheter Croisillon de Cardan 27x81,75 mm GKN Serie 1310 remplacement original. Support cardan pour v\u00e9hicules 4x4 et fourgonnettes.\" \/>\n<meta property=\"og:url\" content=\"https:\/\/www.enriquerequena.com\/fr\/tienda-online\/arbre-transmission-cardan\/croisillons-et-support-darbres-de-transmission\/croisillon-cardan-27x8175-serie-1310-gkn\/\" \/>\n<meta property=\"og:site_name\" content=\"ENRIQUE REQUENA\" \/>\n<meta property=\"article:modified_time\" content=\"2023-10-30T13:31:58+00:00\" \/>\n<meta property=\"og:image\" content=\"https:\/\/www.enriquerequena.com\/wp-content\/uploads\/2019\/10\/products-CRUZ-GKN-22-2.jpg\" \/>\n\t<meta property=\"og:image:width\" content=\"800\" \/>\n\t<meta property=\"og:image:height\" content=\"800\" \/>\n\t<meta property=\"og:image:type\" content=\"image\/jpeg\" \/>\n<meta name=\"twitter:card\" content=\"summary_large_image\" \/>\n<script type=\"application\/ld+json\" class=\"yoast-schema-graph\">{\"@context\":\"https:\\\/\\\/schema.org\",\"@graph\":[{\"@type\":\"WebPage\",\"@id\":\"https:\\\/\\\/www.enriquerequena.com\\\/fr\\\/tienda-online\\\/arbre-transmission-cardan\\\/croisillons-et-support-darbres-de-transmission\\\/croisillon-cardan-27x8175-serie-1310-gkn\\\/\",\"url\":\"https:\\\/\\\/www.enriquerequena.com\\\/fr\\\/tienda-online\\\/arbre-transmission-cardan\\\/croisillons-et-support-darbres-de-transmission\\\/croisillon-cardan-27x8175-serie-1310-gkn\\\/\",\"name\":\"Croisillon de cardan 27x81,75 mm GKN Serie 1310 - Acheter en Ligne\",\"isPartOf\":{\"@id\":\"https:\\\/\\\/www.enriquerequena.com\\\/fr\\\/#website\"},\"primaryImageOfPage\":{\"@id\":\"https:\\\/\\\/www.enriquerequena.com\\\/fr\\\/tienda-online\\\/arbre-transmission-cardan\\\/croisillons-et-support-darbres-de-transmission\\\/croisillon-cardan-27x8175-serie-1310-gkn\\\/#primaryimage\"},\"image\":{\"@id\":\"https:\\\/\\\/www.enriquerequena.com\\\/fr\\\/tienda-online\\\/arbre-transmission-cardan\\\/croisillons-et-support-darbres-de-transmission\\\/croisillon-cardan-27x8175-serie-1310-gkn\\\/#primaryimage\"},\"thumbnailUrl\":\"https:\\\/\\\/www.enriquerequena.com\\\/wp-content\\\/uploads\\\/2019\\\/10\\\/products-CRUZ-GKN-22-2.jpg\",\"datePublished\":\"2016-09-27T17:14:50+00:00\",\"dateModified\":\"2023-10-30T13:31:58+00:00\",\"description\":\"Vous pouvez acheter Croisillon de Cardan 27x81,75 mm GKN Serie 1310 remplacement original. Support cardan pour v\u00e9hicules 4x4 et fourgonnettes.\",\"breadcrumb\":{\"@id\":\"https:\\\/\\\/www.enriquerequena.com\\\/fr\\\/tienda-online\\\/arbre-transmission-cardan\\\/croisillons-et-support-darbres-de-transmission\\\/croisillon-cardan-27x8175-serie-1310-gkn\\\/#breadcrumb\"},\"inLanguage\":\"fr-FR\",\"potentialAction\":[{\"@type\":\"ReadAction\",\"target\":[\"https:\\\/\\\/www.enriquerequena.com\\\/fr\\\/tienda-online\\\/arbre-transmission-cardan\\\/croisillons-et-support-darbres-de-transmission\\\/croisillon-cardan-27x8175-serie-1310-gkn\\\/\"]}]},{\"@type\":\"ImageObject\",\"inLanguage\":\"fr-FR\",\"@id\":\"https:\\\/\\\/www.enriquerequena.com\\\/fr\\\/tienda-online\\\/arbre-transmission-cardan\\\/croisillons-et-support-darbres-de-transmission\\\/croisillon-cardan-27x8175-serie-1310-gkn\\\/#primaryimage\",\"url\":\"https:\\\/\\\/www.enriquerequena.com\\\/wp-content\\\/uploads\\\/2019\\\/10\\\/products-CRUZ-GKN-22-2.jpg\",\"contentUrl\":\"https:\\\/\\\/www.enriquerequena.com\\\/wp-content\\\/uploads\\\/2019\\\/10\\\/products-CRUZ-GKN-22-2.jpg\",\"width\":800,\"height\":800,\"caption\":\"CRUZ, GKN\"},{\"@type\":\"WebSite\",\"@id\":\"https:\\\/\\\/www.enriquerequena.com\\\/fr\\\/#website\",\"url\":\"https:\\\/\\\/www.enriquerequena.com\\\/fr\\\/\",\"name\":\"ENRIQUE REQUENA\",\"description\":\"Sp\u00e9cialistes des transmissions cardan avec des exp\u00e9ditions dans le monde entier et des pi\u00e8ces d\u00e9tach\u00e9es pour voitures, camions et accessoires \u00e0 Valence, en Espagne. Avec vous depuis 1950!\",\"publisher\":{\"@id\":\"https:\\\/\\\/www.enriquerequena.com\\\/fr\\\/#organization\"},\"potentialAction\":[{\"@type\":\"SearchAction\",\"target\":{\"@type\":\"EntryPoint\",\"urlTemplate\":\"https:\\\/\\\/www.enriquerequena.com\\\/fr\\\/?s={search_term_string}\"},\"query-input\":{\"@type\":\"PropertyValueSpecification\",\"valueRequired\":true,\"valueName\":\"search_term_string\"}}],\"inLanguage\":\"fr-FR\"},{\"@type\":\"Organization\",\"@id\":\"https:\\\/\\\/www.enriquerequena.com\\\/fr\\\/#organization\",\"name\":\"Enrique Requena S.L.\",\"url\":\"https:\\\/\\\/www.enriquerequena.com\\\/fr\\\/\",\"logo\":{\"@type\":\"ImageObject\",\"inLanguage\":\"fr-FR\",\"@id\":\"https:\\\/\\\/www.enriquerequena.com\\\/fr\\\/#\\\/schema\\\/logo\\\/image\\\/\",\"url\":\"https:\\\/\\\/www.enriquerequena.com\\\/wp-content\\\/uploads\\\/2019\\\/11\\\/enrique-requena-recambios-logotipo.jpg\",\"contentUrl\":\"https:\\\/\\\/www.enriquerequena.com\\\/wp-content\\\/uploads\\\/2019\\\/11\\\/enrique-requena-recambios-logotipo.jpg\",\"width\":381,\"height\":75,\"caption\":\"Enrique Requena S.L.\"},\"image\":{\"@id\":\"https:\\\/\\\/www.enriquerequena.com\\\/fr\\\/#\\\/schema\\\/logo\\\/image\\\/\"}}]}<\/script>\n<!-- \/ Yoast SEO plugin. -->","yoast_head_json":{"title":"Croisillon de cardan 27x81,75 mm GKN Serie 1310 - Acheter en Ligne","description":"Vous pouvez acheter Croisillon de Cardan 27x81,75 mm GKN Serie 1310 remplacement original. Support cardan pour v\u00e9hicules 4x4 et fourgonnettes.","robots":{"index":"index","follow":"follow","max-snippet":"max-snippet:-1","max-image-preview":"max-image-preview:large","max-video-preview":"max-video-preview:-1"},"canonical":"https:\/\/www.enriquerequena.com\/fr\/tienda-online\/arbre-transmission-cardan\/croisillons-et-support-darbres-de-transmission\/croisillon-cardan-27x8175-serie-1310-gkn\/","og_locale":"fr_FR","og_type":"article","og_title":"Croisillon de cardan 27x81,75 mm GKN Serie 1310 - Acheter en Ligne","og_description":"Vous pouvez acheter Croisillon de Cardan 27x81,75 mm GKN Serie 1310 remplacement original. Support cardan pour v\u00e9hicules 4x4 et fourgonnettes.","og_url":"https:\/\/www.enriquerequena.com\/fr\/tienda-online\/arbre-transmission-cardan\/croisillons-et-support-darbres-de-transmission\/croisillon-cardan-27x8175-serie-1310-gkn\/","og_site_name":"ENRIQUE REQUENA","article_modified_time":"2023-10-30T13:31:58+00:00","og_image":[{"width":800,"height":800,"url":"https:\/\/www.enriquerequena.com\/wp-content\/uploads\/2019\/10\/products-CRUZ-GKN-22-2.jpg","type":"image\/jpeg"}],"twitter_card":"summary_large_image","schema":{"@context":"https:\/\/schema.org","@graph":[{"@type":"WebPage","@id":"https:\/\/www.enriquerequena.com\/fr\/tienda-online\/arbre-transmission-cardan\/croisillons-et-support-darbres-de-transmission\/croisillon-cardan-27x8175-serie-1310-gkn\/","url":"https:\/\/www.enriquerequena.com\/fr\/tienda-online\/arbre-transmission-cardan\/croisillons-et-support-darbres-de-transmission\/croisillon-cardan-27x8175-serie-1310-gkn\/","name":"Croisillon de cardan 27x81,75 mm GKN Serie 1310 - Acheter en Ligne","isPartOf":{"@id":"https:\/\/www.enriquerequena.com\/fr\/#website"},"primaryImageOfPage":{"@id":"https:\/\/www.enriquerequena.com\/fr\/tienda-online\/arbre-transmission-cardan\/croisillons-et-support-darbres-de-transmission\/croisillon-cardan-27x8175-serie-1310-gkn\/#primaryimage"},"image":{"@id":"https:\/\/www.enriquerequena.com\/fr\/tienda-online\/arbre-transmission-cardan\/croisillons-et-support-darbres-de-transmission\/croisillon-cardan-27x8175-serie-1310-gkn\/#primaryimage"},"thumbnailUrl":"https:\/\/www.enriquerequena.com\/wp-content\/uploads\/2019\/10\/products-CRUZ-GKN-22-2.jpg","datePublished":"2016-09-27T17:14:50+00:00","dateModified":"2023-10-30T13:31:58+00:00","description":"Vous pouvez acheter Croisillon de Cardan 27x81,75 mm GKN Serie 1310 remplacement original. Support cardan pour v\u00e9hicules 4x4 et fourgonnettes.","breadcrumb":{"@id":"https:\/\/www.enriquerequena.com\/fr\/tienda-online\/arbre-transmission-cardan\/croisillons-et-support-darbres-de-transmission\/croisillon-cardan-27x8175-serie-1310-gkn\/#breadcrumb"},"inLanguage":"fr-FR","potentialAction":[{"@type":"ReadAction","target":["https:\/\/www.enriquerequena.com\/fr\/tienda-online\/arbre-transmission-cardan\/croisillons-et-support-darbres-de-transmission\/croisillon-cardan-27x8175-serie-1310-gkn\/"]}]},{"@type":"ImageObject","inLanguage":"fr-FR","@id":"https:\/\/www.enriquerequena.com\/fr\/tienda-online\/arbre-transmission-cardan\/croisillons-et-support-darbres-de-transmission\/croisillon-cardan-27x8175-serie-1310-gkn\/#primaryimage","url":"https:\/\/www.enriquerequena.com\/wp-content\/uploads\/2019\/10\/products-CRUZ-GKN-22-2.jpg","contentUrl":"https:\/\/www.enriquerequena.com\/wp-content\/uploads\/2019\/10\/products-CRUZ-GKN-22-2.jpg","width":800,"height":800,"caption":"CRUZ, GKN"},{"@type":"WebSite","@id":"https:\/\/www.enriquerequena.com\/fr\/#website","url":"https:\/\/www.enriquerequena.com\/fr\/","name":"ENRIQUE REQUENA","description":"Sp\u00e9cialistes des transmissions cardan avec des exp\u00e9ditions dans le monde entier et des pi\u00e8ces d\u00e9tach\u00e9es pour voitures, camions et accessoires \u00e0 Valence, en Espagne. Avec vous depuis 1950!","publisher":{"@id":"https:\/\/www.enriquerequena.com\/fr\/#organization"},"potentialAction":[{"@type":"SearchAction","target":{"@type":"EntryPoint","urlTemplate":"https:\/\/www.enriquerequena.com\/fr\/?s={search_term_string}"},"query-input":{"@type":"PropertyValueSpecification","valueRequired":true,"valueName":"search_term_string"}}],"inLanguage":"fr-FR"},{"@type":"Organization","@id":"https:\/\/www.enriquerequena.com\/fr\/#organization","name":"Enrique Requena S.L.","url":"https:\/\/www.enriquerequena.com\/fr\/","logo":{"@type":"ImageObject","inLanguage":"fr-FR","@id":"https:\/\/www.enriquerequena.com\/fr\/#\/schema\/logo\/image\/","url":"https:\/\/www.enriquerequena.com\/wp-content\/uploads\/2019\/11\/enrique-requena-recambios-logotipo.jpg","contentUrl":"https:\/\/www.enriquerequena.com\/wp-content\/uploads\/2019\/11\/enrique-requena-recambios-logotipo.jpg","width":381,"height":75,"caption":"Enrique Requena S.L."},"image":{"@id":"https:\/\/www.enriquerequena.com\/fr\/#\/schema\/logo\/image\/"}}]}},"_links":{"self":[{"href":"https:\/\/www.enriquerequena.com\/fr\/wp-json\/wp\/v2\/product\/3228","targetHints":{"allow":["GET"]}}],"collection":[{"href":"https:\/\/www.enriquerequena.com\/fr\/wp-json\/wp\/v2\/product"}],"about":[{"href":"https:\/\/www.enriquerequena.com\/fr\/wp-json\/wp\/v2\/types\/product"}],"wp:featuredmedia":[{"embeddable":true,"href":"https:\/\/www.enriquerequena.com\/fr\/wp-json\/wp\/v2\/media\/3229"}],"wp:attachment":[{"href":"https:\/\/www.enriquerequena.com\/fr\/wp-json\/wp\/v2\/media?parent=3228"}],"wp:term":[{"taxonomy":"product_brand","embeddable":true,"href":"https:\/\/www.enriquerequena.com\/fr\/wp-json\/wp\/v2\/product_brand?post=3228"},{"taxonomy":"product_cat","embeddable":true,"href":"https:\/\/www.enriquerequena.com\/fr\/wp-json\/wp\/v2\/product_cat?post=3228"},{"taxonomy":"product_tag","embeddable":true,"href":"https:\/\/www.enriquerequena.com\/fr\/wp-json\/wp\/v2\/product_tag?post=3228"}],"curies":[{"name":"wp","href":"https:\/\/api.w.org\/{rel}","templated":true}]}}