{"id":3240,"date":"2016-11-01T12:49:00","date_gmt":"2016-11-01T12:49:00","guid":{"rendered":"https:\/\/www.enriquerequena.com\/?post_type=product&#038;p=3240"},"modified":"2023-02-07T16:46:00","modified_gmt":"2023-02-07T15:46:00","slug":"support-arbre-transmission-renault-mascott-original","status":"publish","type":"product","link":"https:\/\/www.enriquerequena.com\/fr\/tienda-online\/arbre-transmission-cardan\/croisillons-et-support-darbres-de-transmission\/support-arbre-transmission-renault-mascott-original\/","title":{"rendered":"Support d&rsquo;arbre de transmission pour Renault Mascott Original"},"content":{"rendered":"<p><span style=\"color: #3366ff;\">Support du Pont Central d&rsquo;arbre de transmission pour Renault Mascott original Gkn.<\/span><br \/>\n<span style=\"color: #3366ff;\">&#8211; Remplacement: support d&rsquo;arbre de transmission<\/span><br \/>\n<span style=\"color: #3366ff;\">&#8211; V\u00e9hicule: Renault Mascott<\/span><br \/>\n<span style=\"color: #3366ff;\">&#8211; Marque: GKN<\/span><br \/>\n<span style=\"color: #3366ff;\">&#8211; Qualite: premiere equipe originale<\/span><br \/>\n<span style=\"color: #3366ff;\">&#8211; Roulement de 45 mm.<\/span><br \/>\n<span style=\"color: #3366ff;\">&#8211; Mesures:<\/span><br \/>\n<span style=\"color: #3366ff;\">&#8211; Roulement: dimension d (selon les dessins de dessin) diametre de 45 mm.<\/span><br \/>\n<span style=\"color: #3366ff;\">&#8211; Voie: dimension d (selon le dessin de dessin) 18 mm.<\/span><br \/>\n<span style=\"color: #3366ff;\">&#8211; Longueur: dimension l (selon les dessins de dessin) 168 mm.<\/span><br \/>\n<span style=\"color: #3366ff;\">&#8211; Hauteur: dimension b (selon les dessins de dessin) 58 mm.<\/span><\/p>\n","protected":false},"excerpt":{"rendered":"<p>Support d&rsquo;arbre de transmission pour Renault Mascott avec roulement de 45mm. original du premier \u00e9quipement de la marque GKN en ligne.<\/p>\n","protected":false},"featured_media":3241,"template":"","meta":[],"product_brand":[122],"product_cat":[144,171],"product_tag":[],"class_list":{"0":"post-3240","1":"product","2":"type-product","3":"status-publish","4":"has-post-thumbnail","6":"product_brand-renault-2","7":"product_cat-arbre-transmission-cardan","8":"product_cat-croisillons-et-support-darbres-de-transmission","9":"pa_manufacturer-renault","11":"first","12":"instock","13":"taxable","14":"shipping-taxable","15":"purchasable","16":"product-type-simple"},"yoast_head":"<!-- This site is optimized with the Yoast SEO plugin v27.5 - https:\/\/yoast.com\/product\/yoast-seo-wordpress\/ -->\n<title>Support d&#039;arbre de transmission pour Renault Mascot GKN Original<\/title>\n<meta name=\"description\" content=\"Vous pouvez acheter Support d&#039;arbre de transmission pour Renault Mascot GKN remplacement original. Avec exp\u00e9rience depuis 1950\" \/>\n<meta name=\"robots\" content=\"index, follow, max-snippet:-1, max-image-preview:large, max-video-preview:-1\" \/>\n<link rel=\"canonical\" href=\"https:\/\/www.enriquerequena.com\/fr\/tienda-online\/arbre-transmission-cardan\/croisillons-et-support-darbres-de-transmission\/support-arbre-transmission-renault-mascott-original\/\" \/>\n<meta property=\"og:locale\" content=\"fr_FR\" \/>\n<meta property=\"og:type\" content=\"article\" \/>\n<meta property=\"og:title\" content=\"Support d&#039;arbre de transmission pour Renault Mascot GKN Original\" \/>\n<meta property=\"og:description\" content=\"Vous pouvez acheter Support d&#039;arbre de transmission pour Renault Mascot GKN remplacement original. Avec exp\u00e9rience depuis 1950\" \/>\n<meta property=\"og:url\" content=\"https:\/\/www.enriquerequena.com\/fr\/tienda-online\/arbre-transmission-cardan\/croisillons-et-support-darbres-de-transmission\/support-arbre-transmission-renault-mascott-original\/\" \/>\n<meta property=\"og:site_name\" content=\"ENRIQUE REQUENA\" \/>\n<meta property=\"article:modified_time\" content=\"2023-02-07T15:46:00+00:00\" \/>\n<meta property=\"og:image\" content=\"https:\/\/www.enriquerequena.com\/wp-content\/uploads\/2019\/10\/products-SOPORTE-RENAULT-MASCOTT-2--2.jpg\" \/>\n\t<meta property=\"og:image:width\" content=\"800\" \/>\n\t<meta property=\"og:image:height\" content=\"800\" \/>\n\t<meta property=\"og:image:type\" content=\"image\/jpeg\" \/>\n<meta name=\"twitter:card\" content=\"summary_large_image\" \/>\n<script type=\"application\/ld+json\" class=\"yoast-schema-graph\">{\"@context\":\"https:\\\/\\\/schema.org\",\"@graph\":[{\"@type\":\"WebPage\",\"@id\":\"https:\\\/\\\/www.enriquerequena.com\\\/fr\\\/tienda-online\\\/arbre-transmission-cardan\\\/croisillons-et-support-darbres-de-transmission\\\/support-arbre-transmission-renault-mascott-original\\\/\",\"url\":\"https:\\\/\\\/www.enriquerequena.com\\\/fr\\\/tienda-online\\\/arbre-transmission-cardan\\\/croisillons-et-support-darbres-de-transmission\\\/support-arbre-transmission-renault-mascott-original\\\/\",\"name\":\"Support d'arbre de transmission pour Renault Mascot GKN Original\",\"isPartOf\":{\"@id\":\"https:\\\/\\\/www.enriquerequena.com\\\/fr\\\/#website\"},\"primaryImageOfPage\":{\"@id\":\"https:\\\/\\\/www.enriquerequena.com\\\/fr\\\/tienda-online\\\/arbre-transmission-cardan\\\/croisillons-et-support-darbres-de-transmission\\\/support-arbre-transmission-renault-mascott-original\\\/#primaryimage\"},\"image\":{\"@id\":\"https:\\\/\\\/www.enriquerequena.com\\\/fr\\\/tienda-online\\\/arbre-transmission-cardan\\\/croisillons-et-support-darbres-de-transmission\\\/support-arbre-transmission-renault-mascott-original\\\/#primaryimage\"},\"thumbnailUrl\":\"https:\\\/\\\/www.enriquerequena.com\\\/wp-content\\\/uploads\\\/2019\\\/10\\\/products-SOPORTE-RENAULT-MASCOTT-2--2.jpg\",\"datePublished\":\"2016-11-01T12:49:00+00:00\",\"dateModified\":\"2023-02-07T15:46:00+00:00\",\"description\":\"Vous pouvez acheter Support d&#39;arbre de transmission pour Renault Mascot GKN remplacement original. Avec exp\u00e9rience depuis 1950\",\"breadcrumb\":{\"@id\":\"https:\\\/\\\/www.enriquerequena.com\\\/fr\\\/tienda-online\\\/arbre-transmission-cardan\\\/croisillons-et-support-darbres-de-transmission\\\/support-arbre-transmission-renault-mascott-original\\\/#breadcrumb\"},\"inLanguage\":\"fr-FR\",\"potentialAction\":[{\"@type\":\"ReadAction\",\"target\":[\"https:\\\/\\\/www.enriquerequena.com\\\/fr\\\/tienda-online\\\/arbre-transmission-cardan\\\/croisillons-et-support-darbres-de-transmission\\\/support-arbre-transmission-renault-mascott-original\\\/\"]}]},{\"@type\":\"ImageObject\",\"inLanguage\":\"fr-FR\",\"@id\":\"https:\\\/\\\/www.enriquerequena.com\\\/fr\\\/tienda-online\\\/arbre-transmission-cardan\\\/croisillons-et-support-darbres-de-transmission\\\/support-arbre-transmission-renault-mascott-original\\\/#primaryimage\",\"url\":\"https:\\\/\\\/www.enriquerequena.com\\\/wp-content\\\/uploads\\\/2019\\\/10\\\/products-SOPORTE-RENAULT-MASCOTT-2--2.jpg\",\"contentUrl\":\"https:\\\/\\\/www.enriquerequena.com\\\/wp-content\\\/uploads\\\/2019\\\/10\\\/products-SOPORTE-RENAULT-MASCOTT-2--2.jpg\",\"width\":800,\"height\":800,\"caption\":\"SOPORTE, RENAULT, MASCOTT\"},{\"@type\":\"WebSite\",\"@id\":\"https:\\\/\\\/www.enriquerequena.com\\\/fr\\\/#website\",\"url\":\"https:\\\/\\\/www.enriquerequena.com\\\/fr\\\/\",\"name\":\"ENRIQUE REQUENA\",\"description\":\"Sp\u00e9cialistes des transmissions cardan avec des exp\u00e9ditions dans le monde entier et des pi\u00e8ces d\u00e9tach\u00e9es pour voitures, camions et accessoires \u00e0 Valence, en Espagne. Avec vous depuis 1950!\",\"publisher\":{\"@id\":\"https:\\\/\\\/www.enriquerequena.com\\\/fr\\\/#organization\"},\"potentialAction\":[{\"@type\":\"SearchAction\",\"target\":{\"@type\":\"EntryPoint\",\"urlTemplate\":\"https:\\\/\\\/www.enriquerequena.com\\\/fr\\\/?s={search_term_string}\"},\"query-input\":{\"@type\":\"PropertyValueSpecification\",\"valueRequired\":true,\"valueName\":\"search_term_string\"}}],\"inLanguage\":\"fr-FR\"},{\"@type\":\"Organization\",\"@id\":\"https:\\\/\\\/www.enriquerequena.com\\\/fr\\\/#organization\",\"name\":\"Enrique Requena S.L.\",\"url\":\"https:\\\/\\\/www.enriquerequena.com\\\/fr\\\/\",\"logo\":{\"@type\":\"ImageObject\",\"inLanguage\":\"fr-FR\",\"@id\":\"https:\\\/\\\/www.enriquerequena.com\\\/fr\\\/#\\\/schema\\\/logo\\\/image\\\/\",\"url\":\"https:\\\/\\\/www.enriquerequena.com\\\/wp-content\\\/uploads\\\/2019\\\/11\\\/enrique-requena-recambios-logotipo.jpg\",\"contentUrl\":\"https:\\\/\\\/www.enriquerequena.com\\\/wp-content\\\/uploads\\\/2019\\\/11\\\/enrique-requena-recambios-logotipo.jpg\",\"width\":381,\"height\":75,\"caption\":\"Enrique Requena S.L.\"},\"image\":{\"@id\":\"https:\\\/\\\/www.enriquerequena.com\\\/fr\\\/#\\\/schema\\\/logo\\\/image\\\/\"}}]}<\/script>\n<!-- \/ Yoast SEO plugin. -->","yoast_head_json":{"title":"Support d'arbre de transmission pour Renault Mascot GKN Original","description":"Vous pouvez acheter Support d&#39;arbre de transmission pour Renault Mascot GKN remplacement original. Avec exp\u00e9rience depuis 1950","robots":{"index":"index","follow":"follow","max-snippet":"max-snippet:-1","max-image-preview":"max-image-preview:large","max-video-preview":"max-video-preview:-1"},"canonical":"https:\/\/www.enriquerequena.com\/fr\/tienda-online\/arbre-transmission-cardan\/croisillons-et-support-darbres-de-transmission\/support-arbre-transmission-renault-mascott-original\/","og_locale":"fr_FR","og_type":"article","og_title":"Support d'arbre de transmission pour Renault Mascot GKN Original","og_description":"Vous pouvez acheter Support d&#39;arbre de transmission pour Renault Mascot GKN remplacement original. Avec exp\u00e9rience depuis 1950","og_url":"https:\/\/www.enriquerequena.com\/fr\/tienda-online\/arbre-transmission-cardan\/croisillons-et-support-darbres-de-transmission\/support-arbre-transmission-renault-mascott-original\/","og_site_name":"ENRIQUE REQUENA","article_modified_time":"2023-02-07T15:46:00+00:00","og_image":[{"width":800,"height":800,"url":"https:\/\/www.enriquerequena.com\/wp-content\/uploads\/2019\/10\/products-SOPORTE-RENAULT-MASCOTT-2--2.jpg","type":"image\/jpeg"}],"twitter_card":"summary_large_image","schema":{"@context":"https:\/\/schema.org","@graph":[{"@type":"WebPage","@id":"https:\/\/www.enriquerequena.com\/fr\/tienda-online\/arbre-transmission-cardan\/croisillons-et-support-darbres-de-transmission\/support-arbre-transmission-renault-mascott-original\/","url":"https:\/\/www.enriquerequena.com\/fr\/tienda-online\/arbre-transmission-cardan\/croisillons-et-support-darbres-de-transmission\/support-arbre-transmission-renault-mascott-original\/","name":"Support d'arbre de transmission pour Renault Mascot GKN Original","isPartOf":{"@id":"https:\/\/www.enriquerequena.com\/fr\/#website"},"primaryImageOfPage":{"@id":"https:\/\/www.enriquerequena.com\/fr\/tienda-online\/arbre-transmission-cardan\/croisillons-et-support-darbres-de-transmission\/support-arbre-transmission-renault-mascott-original\/#primaryimage"},"image":{"@id":"https:\/\/www.enriquerequena.com\/fr\/tienda-online\/arbre-transmission-cardan\/croisillons-et-support-darbres-de-transmission\/support-arbre-transmission-renault-mascott-original\/#primaryimage"},"thumbnailUrl":"https:\/\/www.enriquerequena.com\/wp-content\/uploads\/2019\/10\/products-SOPORTE-RENAULT-MASCOTT-2--2.jpg","datePublished":"2016-11-01T12:49:00+00:00","dateModified":"2023-02-07T15:46:00+00:00","description":"Vous pouvez acheter Support d&#39;arbre de transmission pour Renault Mascot GKN remplacement original. Avec exp\u00e9rience depuis 1950","breadcrumb":{"@id":"https:\/\/www.enriquerequena.com\/fr\/tienda-online\/arbre-transmission-cardan\/croisillons-et-support-darbres-de-transmission\/support-arbre-transmission-renault-mascott-original\/#breadcrumb"},"inLanguage":"fr-FR","potentialAction":[{"@type":"ReadAction","target":["https:\/\/www.enriquerequena.com\/fr\/tienda-online\/arbre-transmission-cardan\/croisillons-et-support-darbres-de-transmission\/support-arbre-transmission-renault-mascott-original\/"]}]},{"@type":"ImageObject","inLanguage":"fr-FR","@id":"https:\/\/www.enriquerequena.com\/fr\/tienda-online\/arbre-transmission-cardan\/croisillons-et-support-darbres-de-transmission\/support-arbre-transmission-renault-mascott-original\/#primaryimage","url":"https:\/\/www.enriquerequena.com\/wp-content\/uploads\/2019\/10\/products-SOPORTE-RENAULT-MASCOTT-2--2.jpg","contentUrl":"https:\/\/www.enriquerequena.com\/wp-content\/uploads\/2019\/10\/products-SOPORTE-RENAULT-MASCOTT-2--2.jpg","width":800,"height":800,"caption":"SOPORTE, RENAULT, MASCOTT"},{"@type":"WebSite","@id":"https:\/\/www.enriquerequena.com\/fr\/#website","url":"https:\/\/www.enriquerequena.com\/fr\/","name":"ENRIQUE REQUENA","description":"Sp\u00e9cialistes des transmissions cardan avec des exp\u00e9ditions dans le monde entier et des pi\u00e8ces d\u00e9tach\u00e9es pour voitures, camions et accessoires \u00e0 Valence, en Espagne. Avec vous depuis 1950!","publisher":{"@id":"https:\/\/www.enriquerequena.com\/fr\/#organization"},"potentialAction":[{"@type":"SearchAction","target":{"@type":"EntryPoint","urlTemplate":"https:\/\/www.enriquerequena.com\/fr\/?s={search_term_string}"},"query-input":{"@type":"PropertyValueSpecification","valueRequired":true,"valueName":"search_term_string"}}],"inLanguage":"fr-FR"},{"@type":"Organization","@id":"https:\/\/www.enriquerequena.com\/fr\/#organization","name":"Enrique Requena S.L.","url":"https:\/\/www.enriquerequena.com\/fr\/","logo":{"@type":"ImageObject","inLanguage":"fr-FR","@id":"https:\/\/www.enriquerequena.com\/fr\/#\/schema\/logo\/image\/","url":"https:\/\/www.enriquerequena.com\/wp-content\/uploads\/2019\/11\/enrique-requena-recambios-logotipo.jpg","contentUrl":"https:\/\/www.enriquerequena.com\/wp-content\/uploads\/2019\/11\/enrique-requena-recambios-logotipo.jpg","width":381,"height":75,"caption":"Enrique Requena S.L."},"image":{"@id":"https:\/\/www.enriquerequena.com\/fr\/#\/schema\/logo\/image\/"}}]}},"_links":{"self":[{"href":"https:\/\/www.enriquerequena.com\/fr\/wp-json\/wp\/v2\/product\/3240","targetHints":{"allow":["GET"]}}],"collection":[{"href":"https:\/\/www.enriquerequena.com\/fr\/wp-json\/wp\/v2\/product"}],"about":[{"href":"https:\/\/www.enriquerequena.com\/fr\/wp-json\/wp\/v2\/types\/product"}],"wp:featuredmedia":[{"embeddable":true,"href":"https:\/\/www.enriquerequena.com\/fr\/wp-json\/wp\/v2\/media\/3241"}],"wp:attachment":[{"href":"https:\/\/www.enriquerequena.com\/fr\/wp-json\/wp\/v2\/media?parent=3240"}],"wp:term":[{"taxonomy":"product_brand","embeddable":true,"href":"https:\/\/www.enriquerequena.com\/fr\/wp-json\/wp\/v2\/product_brand?post=3240"},{"taxonomy":"product_cat","embeddable":true,"href":"https:\/\/www.enriquerequena.com\/fr\/wp-json\/wp\/v2\/product_cat?post=3240"},{"taxonomy":"product_tag","embeddable":true,"href":"https:\/\/www.enriquerequena.com\/fr\/wp-json\/wp\/v2\/product_tag?post=3240"}],"curies":[{"name":"wp","href":"https:\/\/api.w.org\/{rel}","templated":true}]}}