{"id":3246,"date":"2016-11-21T18:45:04","date_gmt":"2016-11-21T18:45:04","guid":{"rendered":"https:\/\/www.enriquerequena.com\/?post_type=product&#038;p=3246"},"modified":"2023-02-07T16:12:44","modified_gmt":"2023-02-07T15:12:44","slug":"metal-lube-traitement-anti-fiction-moteurs","status":"publish","type":"product","link":"https:\/\/www.enriquerequena.com\/fr\/tienda-online\/huiles-additifs-moteur\/lubrifiants-voitures\/metal-lube-traitement-anti-fiction-moteurs\/","title":{"rendered":"Metal Lube Traitement Anti-Friction pour Moteurs"},"content":{"rendered":"<p><span style=\"color: #3366ff;\">Metal Lube Traitement anti-friction\u00a0c&rsquo;est un traitement moteur de voitures, en bo\u00eetes de 236 ml, consid\u00e9rablement r\u00e9duit la friction entre les pi\u00e8ces, jusqu&rsquo;\u00e0 95%, cela permettra de diminuer le carburant et la consommation d&rsquo;huile en cons\u00e9quence.<\/span><\/p>\n<p><span style=\"color: #3366ff;\">La temp\u00e9rature du moteur, de l&rsquo;huile et de l&rsquo;eau ou du liquide de refroidissement sera consid\u00e9rablement r\u00e9duite, tout en \u00e9vitant le risque de surpression dans le moteur et le circuit de refroidissement.<\/span><\/p>\n<p><span style=\"color: #3366ff;\">Am\u00e9liore le d\u00e9marrage \u00e0 froid et prot\u00e8ge le moteur contre l&rsquo;usure dans des situations cruciales telles que: d\u00e9marrage, courts trajets, temp\u00e9ratures \u00e9lev\u00e9es, pannes du syst\u00e8me de lubrification, etc.<\/span><\/p>\n<p><span style=\"color: #3366ff;\">\u00c9quilibre la compression entre les cylindres, am\u00e9liore la r\u00e9ponse du moteur et de sa puissance, r\u00e9duit consid\u00e9rablement le bruit de friction et de vibration.<\/span><\/p>\n<p><span style=\"color: #3366ff;\">Dans les moteurs \u00e9quip\u00e9s du turbo, le film d\u2019huile reste constant dans les coussinets des paliers et emp\u00eache l\u2019huile de se carboniser en raison des temp\u00e9ratures \u00e9lev\u00e9es dans l\u2019arbre du turbo.<\/span><\/p>\n<p><span style=\"color: #3366ff;\">R\u00e9duit les \u00e9missions de gaz polluants, prot\u00e8ge et allonge la dur\u00e9e de vie du catalyseur et du filtre \u00e0 particules.<\/span><\/p>\n<p><span style=\"color: #3366ff;\">Il ne g\u00e9n\u00e8re aucun type de couche et n&rsquo;augmente pas les tol\u00e9rances, il peut \u00eatre utilis\u00e9 dans des moteurs totalement nouveaux.<\/span><\/p>\n<p><span style=\"color: #3366ff;\">Meta Lube, ce n&rsquo;est pas un additif pour l&rsquo;huile, il n&rsquo;est pas perdu avec la vidange, car il traite le m\u00e9tal, pas l&rsquo;huile.<\/span><\/p>\n<p><span style=\"color: #3366ff;\">Compatible avec les huiles min\u00e9rales et synth\u00e9tiques.<\/span><\/p>\n<p><span style=\"color: #3366ff;\">Vous pouvez l&rsquo;utiliser sur des moteurs \u00e9quip\u00e9s d&rsquo;un filtre \u00e0 catalyseur ou \u00e0 particules.<\/span><\/p>\n","protected":false},"excerpt":{"rendered":"<p>Metal Lube Traitement Anti-Friction pour moteurs du voitures dans un r\u00e9cipient de 236 ml. en ligne.<\/p>\n","protected":false},"featured_media":24392,"template":"","meta":[],"product_brand":[],"product_cat":[147,174,198,219,135,138],"product_tag":[],"class_list":{"0":"post-3246","1":"product","2":"type-product","3":"status-publish","4":"has-post-thumbnail","6":"product_cat-huiles-additifs-moteur","7":"product_cat-lubrifiants-voitures","8":"product_cat-moteur-voiture","9":"product_cat-moteur-camion","10":"product_cat-pieces-rechange-voiture","11":"product_cat-pieces-rechange-camions","13":"first","14":"instock","15":"taxable","16":"shipping-taxable","17":"purchasable","18":"product-type-simple"},"yoast_head":"<!-- This site is optimized with the Yoast SEO plugin v27.1.1 - https:\/\/yoast.com\/product\/yoast-seo-wordpress\/ -->\n<title>Metal Lube Traitement Anti-Friction 236 ml. pour moteurs de voiture<\/title>\n<meta name=\"description\" content=\"Vous pouvez acheter du Metal Lube Traitement Anti-Friction 236ml pour moteurs de voiture en ligne ici. Le meilleur prix pour les produits de vos v\u00e9hicules.\" \/>\n<meta name=\"robots\" content=\"index, follow, max-snippet:-1, max-image-preview:large, max-video-preview:-1\" \/>\n<link rel=\"canonical\" href=\"https:\/\/www.enriquerequena.com\/fr\/tienda-online\/huiles-additifs-moteur\/lubrifiants-voitures\/metal-lube-traitement-anti-fiction-moteurs\/\" \/>\n<meta property=\"og:locale\" content=\"fr_FR\" \/>\n<meta property=\"og:type\" content=\"article\" \/>\n<meta property=\"og:title\" content=\"Metal Lube Traitement Anti-Friction 236 ml. pour moteurs de voiture\" \/>\n<meta property=\"og:description\" content=\"Vous pouvez acheter du Metal Lube Traitement Anti-Friction 236ml pour moteurs de voiture en ligne ici. Le meilleur prix pour les produits de vos v\u00e9hicules.\" \/>\n<meta property=\"og:url\" content=\"https:\/\/www.enriquerequena.com\/fr\/tienda-online\/huiles-additifs-moteur\/lubrifiants-voitures\/metal-lube-traitement-anti-fiction-moteurs\/\" \/>\n<meta property=\"og:site_name\" content=\"ENRIQUE REQUENA\" \/>\n<meta property=\"article:modified_time\" content=\"2023-02-07T15:12:44+00:00\" \/>\n<meta property=\"og:image\" content=\"https:\/\/www.enriquerequena.com\/wp-content\/uploads\/2016\/11\/products-METAL-LUBE-ANTI-FRICCION-TIENDA-VALENCIA-2.jpg\" \/>\n\t<meta property=\"og:image:width\" content=\"1548\" \/>\n\t<meta property=\"og:image:height\" content=\"2064\" \/>\n\t<meta property=\"og:image:type\" content=\"image\/jpeg\" \/>\n<meta name=\"twitter:card\" content=\"summary_large_image\" \/>\n<meta name=\"twitter:label1\" content=\"Dur\u00e9e de lecture estim\u00e9e\" \/>\n\t<meta name=\"twitter:data1\" content=\"1 minute\" \/>\n<script type=\"application\/ld+json\" class=\"yoast-schema-graph\">{\"@context\":\"https:\/\/schema.org\",\"@graph\":[{\"@type\":\"WebPage\",\"@id\":\"https:\/\/www.enriquerequena.com\/fr\/tienda-online\/huiles-additifs-moteur\/lubrifiants-voitures\/metal-lube-traitement-anti-fiction-moteurs\/\",\"url\":\"https:\/\/www.enriquerequena.com\/fr\/tienda-online\/huiles-additifs-moteur\/lubrifiants-voitures\/metal-lube-traitement-anti-fiction-moteurs\/\",\"name\":\"Metal Lube Traitement Anti-Friction 236 ml. pour moteurs de voiture\",\"isPartOf\":{\"@id\":\"https:\/\/www.enriquerequena.com\/fr\/#website\"},\"primaryImageOfPage\":{\"@id\":\"https:\/\/www.enriquerequena.com\/fr\/tienda-online\/huiles-additifs-moteur\/lubrifiants-voitures\/metal-lube-traitement-anti-fiction-moteurs\/#primaryimage\"},\"image\":{\"@id\":\"https:\/\/www.enriquerequena.com\/fr\/tienda-online\/huiles-additifs-moteur\/lubrifiants-voitures\/metal-lube-traitement-anti-fiction-moteurs\/#primaryimage\"},\"thumbnailUrl\":\"https:\/\/www.enriquerequena.com\/wp-content\/uploads\/2016\/11\/METAL-LUBE-ANTI-FRICCION-TIENDA-VALENCIA-2.jpg\",\"datePublished\":\"2016-11-21T18:45:04+00:00\",\"dateModified\":\"2023-02-07T15:12:44+00:00\",\"description\":\"Vous pouvez acheter du Metal Lube Traitement Anti-Friction 236ml pour moteurs de voiture en ligne ici. Le meilleur prix pour les produits de vos v\u00e9hicules.\",\"breadcrumb\":{\"@id\":\"https:\/\/www.enriquerequena.com\/fr\/tienda-online\/huiles-additifs-moteur\/lubrifiants-voitures\/metal-lube-traitement-anti-fiction-moteurs\/#breadcrumb\"},\"inLanguage\":\"fr-FR\",\"potentialAction\":[{\"@type\":\"ReadAction\",\"target\":[\"https:\/\/www.enriquerequena.com\/fr\/tienda-online\/huiles-additifs-moteur\/lubrifiants-voitures\/metal-lube-traitement-anti-fiction-moteurs\/\"]}]},{\"@type\":\"ImageObject\",\"inLanguage\":\"fr-FR\",\"@id\":\"https:\/\/www.enriquerequena.com\/fr\/tienda-online\/huiles-additifs-moteur\/lubrifiants-voitures\/metal-lube-traitement-anti-fiction-moteurs\/#primaryimage\",\"url\":\"https:\/\/www.enriquerequena.com\/wp-content\/uploads\/2016\/11\/METAL-LUBE-ANTI-FRICCION-TIENDA-VALENCIA-2.jpg\",\"contentUrl\":\"https:\/\/www.enriquerequena.com\/wp-content\/uploads\/2016\/11\/METAL-LUBE-ANTI-FRICCION-TIENDA-VALENCIA-2.jpg\",\"width\":900,\"height\":1200},{\"@type\":\"WebSite\",\"@id\":\"https:\/\/www.enriquerequena.com\/fr\/#website\",\"url\":\"https:\/\/www.enriquerequena.com\/fr\/\",\"name\":\"ENRIQUE REQUENA\",\"description\":\"Sp\u00e9cialistes des transmissions cardan avec des exp\u00e9ditions dans le monde entier et des pi\u00e8ces d\u00e9tach\u00e9es pour voitures, camions et accessoires \u00e0 Valence, en Espagne. Avec vous depuis 1950!\",\"publisher\":{\"@id\":\"https:\/\/www.enriquerequena.com\/fr\/#organization\"},\"potentialAction\":[{\"@type\":\"SearchAction\",\"target\":{\"@type\":\"EntryPoint\",\"urlTemplate\":\"https:\/\/www.enriquerequena.com\/fr\/?s={search_term_string}\"},\"query-input\":{\"@type\":\"PropertyValueSpecification\",\"valueRequired\":true,\"valueName\":\"search_term_string\"}}],\"inLanguage\":\"fr-FR\"},{\"@type\":\"Organization\",\"@id\":\"https:\/\/www.enriquerequena.com\/fr\/#organization\",\"name\":\"Enrique Requena S.L.\",\"url\":\"https:\/\/www.enriquerequena.com\/fr\/\",\"logo\":{\"@type\":\"ImageObject\",\"inLanguage\":\"fr-FR\",\"@id\":\"https:\/\/www.enriquerequena.com\/fr\/#\/schema\/logo\/image\/\",\"url\":\"https:\/\/www.enriquerequena.com\/wp-content\/uploads\/2019\/11\/enrique-requena-recambios-logotipo.jpg\",\"contentUrl\":\"https:\/\/www.enriquerequena.com\/wp-content\/uploads\/2019\/11\/enrique-requena-recambios-logotipo.jpg\",\"width\":381,\"height\":75,\"caption\":\"Enrique Requena S.L.\"},\"image\":{\"@id\":\"https:\/\/www.enriquerequena.com\/fr\/#\/schema\/logo\/image\/\"}}]}<\/script>\n<!-- \/ Yoast SEO plugin. -->","yoast_head_json":{"title":"Metal Lube Traitement Anti-Friction 236 ml. pour moteurs de voiture","description":"Vous pouvez acheter du Metal Lube Traitement Anti-Friction 236ml pour moteurs de voiture en ligne ici. Le meilleur prix pour les produits de vos v\u00e9hicules.","robots":{"index":"index","follow":"follow","max-snippet":"max-snippet:-1","max-image-preview":"max-image-preview:large","max-video-preview":"max-video-preview:-1"},"canonical":"https:\/\/www.enriquerequena.com\/fr\/tienda-online\/huiles-additifs-moteur\/lubrifiants-voitures\/metal-lube-traitement-anti-fiction-moteurs\/","og_locale":"fr_FR","og_type":"article","og_title":"Metal Lube Traitement Anti-Friction 236 ml. pour moteurs de voiture","og_description":"Vous pouvez acheter du Metal Lube Traitement Anti-Friction 236ml pour moteurs de voiture en ligne ici. Le meilleur prix pour les produits de vos v\u00e9hicules.","og_url":"https:\/\/www.enriquerequena.com\/fr\/tienda-online\/huiles-additifs-moteur\/lubrifiants-voitures\/metal-lube-traitement-anti-fiction-moteurs\/","og_site_name":"ENRIQUE REQUENA","article_modified_time":"2023-02-07T15:12:44+00:00","og_image":[{"width":1548,"height":2064,"url":"https:\/\/www.enriquerequena.com\/wp-content\/uploads\/2016\/11\/products-METAL-LUBE-ANTI-FRICCION-TIENDA-VALENCIA-2.jpg","type":"image\/jpeg"}],"twitter_card":"summary_large_image","twitter_misc":{"Dur\u00e9e de lecture estim\u00e9e":"1 minute"},"schema":{"@context":"https:\/\/schema.org","@graph":[{"@type":"WebPage","@id":"https:\/\/www.enriquerequena.com\/fr\/tienda-online\/huiles-additifs-moteur\/lubrifiants-voitures\/metal-lube-traitement-anti-fiction-moteurs\/","url":"https:\/\/www.enriquerequena.com\/fr\/tienda-online\/huiles-additifs-moteur\/lubrifiants-voitures\/metal-lube-traitement-anti-fiction-moteurs\/","name":"Metal Lube Traitement Anti-Friction 236 ml. pour moteurs de voiture","isPartOf":{"@id":"https:\/\/www.enriquerequena.com\/fr\/#website"},"primaryImageOfPage":{"@id":"https:\/\/www.enriquerequena.com\/fr\/tienda-online\/huiles-additifs-moteur\/lubrifiants-voitures\/metal-lube-traitement-anti-fiction-moteurs\/#primaryimage"},"image":{"@id":"https:\/\/www.enriquerequena.com\/fr\/tienda-online\/huiles-additifs-moteur\/lubrifiants-voitures\/metal-lube-traitement-anti-fiction-moteurs\/#primaryimage"},"thumbnailUrl":"https:\/\/www.enriquerequena.com\/wp-content\/uploads\/2016\/11\/METAL-LUBE-ANTI-FRICCION-TIENDA-VALENCIA-2.jpg","datePublished":"2016-11-21T18:45:04+00:00","dateModified":"2023-02-07T15:12:44+00:00","description":"Vous pouvez acheter du Metal Lube Traitement Anti-Friction 236ml pour moteurs de voiture en ligne ici. Le meilleur prix pour les produits de vos v\u00e9hicules.","breadcrumb":{"@id":"https:\/\/www.enriquerequena.com\/fr\/tienda-online\/huiles-additifs-moteur\/lubrifiants-voitures\/metal-lube-traitement-anti-fiction-moteurs\/#breadcrumb"},"inLanguage":"fr-FR","potentialAction":[{"@type":"ReadAction","target":["https:\/\/www.enriquerequena.com\/fr\/tienda-online\/huiles-additifs-moteur\/lubrifiants-voitures\/metal-lube-traitement-anti-fiction-moteurs\/"]}]},{"@type":"ImageObject","inLanguage":"fr-FR","@id":"https:\/\/www.enriquerequena.com\/fr\/tienda-online\/huiles-additifs-moteur\/lubrifiants-voitures\/metal-lube-traitement-anti-fiction-moteurs\/#primaryimage","url":"https:\/\/www.enriquerequena.com\/wp-content\/uploads\/2016\/11\/METAL-LUBE-ANTI-FRICCION-TIENDA-VALENCIA-2.jpg","contentUrl":"https:\/\/www.enriquerequena.com\/wp-content\/uploads\/2016\/11\/METAL-LUBE-ANTI-FRICCION-TIENDA-VALENCIA-2.jpg","width":900,"height":1200},{"@type":"WebSite","@id":"https:\/\/www.enriquerequena.com\/fr\/#website","url":"https:\/\/www.enriquerequena.com\/fr\/","name":"ENRIQUE REQUENA","description":"Sp\u00e9cialistes des transmissions cardan avec des exp\u00e9ditions dans le monde entier et des pi\u00e8ces d\u00e9tach\u00e9es pour voitures, camions et accessoires \u00e0 Valence, en Espagne. Avec vous depuis 1950!","publisher":{"@id":"https:\/\/www.enriquerequena.com\/fr\/#organization"},"potentialAction":[{"@type":"SearchAction","target":{"@type":"EntryPoint","urlTemplate":"https:\/\/www.enriquerequena.com\/fr\/?s={search_term_string}"},"query-input":{"@type":"PropertyValueSpecification","valueRequired":true,"valueName":"search_term_string"}}],"inLanguage":"fr-FR"},{"@type":"Organization","@id":"https:\/\/www.enriquerequena.com\/fr\/#organization","name":"Enrique Requena S.L.","url":"https:\/\/www.enriquerequena.com\/fr\/","logo":{"@type":"ImageObject","inLanguage":"fr-FR","@id":"https:\/\/www.enriquerequena.com\/fr\/#\/schema\/logo\/image\/","url":"https:\/\/www.enriquerequena.com\/wp-content\/uploads\/2019\/11\/enrique-requena-recambios-logotipo.jpg","contentUrl":"https:\/\/www.enriquerequena.com\/wp-content\/uploads\/2019\/11\/enrique-requena-recambios-logotipo.jpg","width":381,"height":75,"caption":"Enrique Requena S.L."},"image":{"@id":"https:\/\/www.enriquerequena.com\/fr\/#\/schema\/logo\/image\/"}}]}},"_links":{"self":[{"href":"https:\/\/www.enriquerequena.com\/fr\/wp-json\/wp\/v2\/product\/3246","targetHints":{"allow":["GET"]}}],"collection":[{"href":"https:\/\/www.enriquerequena.com\/fr\/wp-json\/wp\/v2\/product"}],"about":[{"href":"https:\/\/www.enriquerequena.com\/fr\/wp-json\/wp\/v2\/types\/product"}],"wp:featuredmedia":[{"embeddable":true,"href":"https:\/\/www.enriquerequena.com\/fr\/wp-json\/wp\/v2\/media\/24392"}],"wp:attachment":[{"href":"https:\/\/www.enriquerequena.com\/fr\/wp-json\/wp\/v2\/media?parent=3246"}],"wp:term":[{"taxonomy":"product_brand","embeddable":true,"href":"https:\/\/www.enriquerequena.com\/fr\/wp-json\/wp\/v2\/product_brand?post=3246"},{"taxonomy":"product_cat","embeddable":true,"href":"https:\/\/www.enriquerequena.com\/fr\/wp-json\/wp\/v2\/product_cat?post=3246"},{"taxonomy":"product_tag","embeddable":true,"href":"https:\/\/www.enriquerequena.com\/fr\/wp-json\/wp\/v2\/product_tag?post=3246"}],"curies":[{"name":"wp","href":"https:\/\/api.w.org\/{rel}","templated":true}]}}