{"id":3254,"date":"2016-12-20T19:20:56","date_gmt":"2016-12-20T19:20:56","guid":{"rendered":"https:\/\/www.enriquerequena.com\/?post_type=product&#038;p=3254"},"modified":"2024-02-21T16:27:15","modified_gmt":"2024-02-21T15:27:15","slug":"valvoline-atf-fluide-transmission-automatique-1litre","status":"publish","type":"product","link":"https:\/\/www.enriquerequena.com\/fr\/tienda-online\/huiles-additifs-moteur\/lubrifiants-voitures\/valvoline-atf-fluide-transmission-automatique-1litre\/","title":{"rendered":"Valvoline ATF fluide de transmission automatique 1 litre"},"content":{"rendered":"<p><span style=\"color: #3366ff;\">Valvoline Multi-Vehicle ATF 1 Litre est une formulation enti\u00e8rement synth\u00e9tique recommand\u00e9e pour les transmissions automatiques de voitures et de fourgonnettes. Il contient des additifs avanc\u00e9s pour pr\u00e9venir les principales causes de d\u00e9faillance de la transmission et aider \u00e0 prolonger sa dur\u00e9e de vie. Valvoline ATF Dexron est recommand\u00e9 pour une utilisation dans les transmissions automatiques et reconditionn\u00e9, comme indiqu\u00e9 dans ce fichier, sans invalider les garanties des voitures neuves.<\/span><\/p>\n<p><strong><span style=\"color: #3366ff;\">&#8211; Recommand\u00e9 par Valvoline pour une utilisation dans:<\/span><\/strong><\/p>\n<p><span style=\"color: #3366ff;\">GM Dexron\u00ae IID, IIE, III, IIIH, VI, 9986195 Mercedes-Benz NAG-1, 3403-M115<\/span><\/p>\n<p><span style=\"color: #3366ff;\">Ford Mercon\u00ae, Mercon\u00aeV, SP, LV, FNR 5 Mini Cooper Mopar AS68RC<\/span><\/p>\n<p><span style=\"color: #3366ff;\">BMW LT 71141, LA 2634, M-1375.4, 6 ETL-7045E, ETL-8072B Nissan \/ Infiniti S, D, J, K-matic<\/span><\/p>\n<p><span style=\"color: #3366ff;\">Chrysler Diamond SP-III, NAG-1, 3403-M115 Saab 93 165 147<\/span><\/p>\n<p><span style=\"color: #3366ff;\">Chrysler ATF +3 Subaru ATF, ATF-HP<\/span><\/p>\n<p><span style=\"color: #3366ff;\">Honda\/Acura ATF-Z1 (no CVT) Toyota \/ Lexus Tipo T, T-III, T-IV, WS (sauf v\u00e9hicules hybrides)<\/span><\/p>\n<p><span style=\"color: #3366ff;\">Mitsubishi Diamond SP-II, III, IV Volvo 1161521**, 1161540**<\/span><\/p>\n<p><span style=\"color: #3366ff;\">Hyundai SPH-IV VW \/ Audi G-052-025-A2, G-055-005-A2, G-052-162-A1<\/span><\/p>\n<p><span style=\"color: #3366ff;\">KIA SP-II, III, IV VW \/ Audi G-055-162-A6, G-052-990-A2, G-060-162-A2<\/span><\/p>\n<p><span style=\"color: #3366ff;\">KIA Red-1 VW \/ Audi TL 52162<\/span><\/p>\n<p><span style=\"color: #3366ff;\">Mazda M-V* ZF ATF M 1375.4, 6`<\/span><\/p>\n<p><span style=\"color: #3366ff;\">Mercedes-Benz 236.1, 2, 3, 5, 6, 7, 8, 9, 10, 11, 14 Transmissions Jatco N 402<\/span><\/p>\n<p><strong><span style=\"color: #3366ff;\">&#8211; Non recommand\u00e9 par Valvoline pour une utilisation dans:<\/span><\/strong><\/p>\n<p><span style=\"color: #3366ff;\">CVT<\/span><\/p>\n<p><span style=\"color: #3366ff;\">Liquides \u00e0 faible viscosit\u00e9 pour les transmissions automatiques<\/span><\/p>\n<p><span style=\"color: #3366ff;\">Ford M2C-33 F \/ G<\/span><\/p>\n<p><span style=\"color: #3366ff;\">Mercedes-Benz 236.12, 20<\/span><\/p>\n<p><span style=\"color: #3366ff;\">Mercedes-Benz NAG-2<\/span><\/p>\n<p><span style=\"color: #3366ff;\">BMW avec \u00e9tiquette verte.<\/span><\/p>\n<p><span style=\"color: #3366ff;\">Mazda M-V avec Aisin Warner \u00e0 6 vitesses dans les mod\u00e8les CX-9 *<\/span><\/p>\n<p><span style=\"color: #3366ff;\">Mod\u00e8les Volvo avec transmission Aisin Warner 6 vitesses **<\/span><\/p>\n<p><span style=\"color: #3366ff;\">Volvo avec changement Aisin Warner TF 80SC TF \u00e0 6 vitesses<\/span><\/p>\n<p><span style=\"color: #3366ff;\">80SC AWD avec 8 vitesses.<\/span><\/p>\n<p><strong><span style=\"color: #3366ff;\">&#8211; Caract\u00e9ristiques et avantages:<\/span><\/strong><\/p>\n<p><span style=\"color: #3366ff;\">Protection sup\u00e9rieure<\/span><\/p>\n<p><span style=\"color: #3366ff;\">Protection optimale contre l&rsquo;usure et le vieillissement, m\u00eame dans des conditions de travail tr\u00e8s difficiles.<\/span><\/p>\n<p><span style=\"color: #3366ff;\">Additifs avanc\u00e9s.<\/span><\/p>\n<p><span style=\"color: #3366ff;\">Les additifs modernes prot\u00e8gent contre la corrosion, l&rsquo;oxydation, le moussage et les d\u00e9p\u00f4ts.<\/span><\/p>\n<p><span style=\"color: #3366ff;\">R\u00e9sistance \u00e0 l&rsquo;\u00e9chec.<\/span><\/p>\n<p><span style=\"color: #3366ff;\">Des huiles de base synth\u00e9tiques de haute qualit\u00e9 et un syst\u00e8me d&rsquo;additifs emp\u00eachent les d\u00e9faillances et le ph\u00e9nom\u00e8ne de stick-slip m\u00eame apr\u00e8s une utilisation prolong\u00e9e.<\/span><\/p>\n<p><span style=\"color: #3366ff;\">Meilleures propri\u00e9t\u00e9s de friction.<\/span><\/p>\n<p><span style=\"color: #3366ff;\">Les huiles de base de qualit\u00e9 sup\u00e9rieure, les am\u00e9liorants d&rsquo;indice de viscosit\u00e9 et les modificateurs de friction permettent de meilleures propri\u00e9t\u00e9s de friction pour un passage en douceur. De plus, le produit r\u00e9siste au vieillissement et a une bonne stabilit\u00e9 thermique.<\/span><\/p>\n<p><span style=\"color: #3366ff;\">Conditionner les articulations<\/span><\/p>\n<p><span style=\"color: #3366ff;\">Conditionnez les joints de transmission pour \u00e9viter les fissures pouvant entra\u00eener des fuites.<\/span><\/p>\n<p><span style=\"color: #3366ff;\">Viscosit\u00e9 constante et stable<\/span><\/p>\n<p><span style=\"color: #3366ff;\">Excellentes propri\u00e9t\u00e9s de viscosit\u00e9, m\u00eame \u00e0 tr\u00e8s basse temp\u00e9rature. Viscosit\u00e9 extr\u00eamement stable pendant de longues p\u00e9riodes.<\/span><\/p>\n<p><span style=\"color: #3366ff;\">Maximise la dur\u00e9e de vie des transmissions \u00e0 kilom\u00e9trage \u00e9lev\u00e9<\/span><\/p>\n<p><strong><span style=\"color: #3366ff;\">Les applications<\/span><\/strong><\/p>\n<p><span style=\"color: #3366ff;\">Indiqu\u00e9 pour les changements automatiques de voitures, fourgonnettes et autres v\u00e9hicules pour lesquels le fabricant recommande les sp\u00e9cifications indiqu\u00e9es dans ce fichier.<\/span><\/p>\n<p><span style=\"color: #3366ff;\">Il peut \u00eatre utilis\u00e9 dans certaines transmissions manuelles.<\/span><\/p>\n<p><span style=\"color: #3366ff;\">Parfois recommand\u00e9 comme liquide pour la direction assist\u00e9e.<\/span><\/p>\n<p><span style=\"color: #3366ff;\">Indiqu\u00e9 pour les intervalles de changement longs.<\/span><\/p>\n","protected":false},"excerpt":{"rendered":"<p>Liquide de transmission automatique Valvoline ATF &#8211; 1 litre 1L pour la transmission automatique de voitures et de camionnettes. Achetez en ligne ici!<\/p>\n","protected":false},"featured_media":3255,"template":"","meta":[],"product_brand":[],"product_cat":[147,174,135],"product_tag":[],"class_list":{"0":"post-3254","1":"product","2":"type-product","3":"status-publish","4":"has-post-thumbnail","6":"product_cat-huiles-additifs-moteur","7":"product_cat-lubrifiants-voitures","8":"product_cat-pieces-rechange-voiture","10":"first","11":"onbackorder","12":"taxable","13":"shipping-taxable","14":"purchasable","15":"product-type-simple"},"yoast_head":"<!-- This site is optimized with the Yoast SEO plugin v27.1.1 - https:\/\/yoast.com\/product\/yoast-seo-wordpress\/ -->\n<title>Valvoline ATF fluide de transmission automatique 1 litre<\/title>\n<meta name=\"description\" content=\"Vous pouvez acheter du Valvoline ATF liquide de transmission automatique 1 litre pour les transmissions automatiques pour tous les v\u00e9hicules en ligne ici.\" \/>\n<meta name=\"robots\" content=\"index, follow, max-snippet:-1, max-image-preview:large, max-video-preview:-1\" \/>\n<link rel=\"canonical\" href=\"https:\/\/www.enriquerequena.com\/fr\/tienda-online\/huiles-additifs-moteur\/lubrifiants-voitures\/valvoline-atf-fluide-transmission-automatique-1litre\/\" \/>\n<meta property=\"og:locale\" content=\"fr_FR\" \/>\n<meta property=\"og:type\" content=\"article\" \/>\n<meta property=\"og:title\" content=\"Valvoline ATF fluide de transmission automatique 1 litre\" \/>\n<meta property=\"og:description\" content=\"Vous pouvez acheter du Valvoline ATF liquide de transmission automatique 1 litre pour les transmissions automatiques pour tous les v\u00e9hicules en ligne ici.\" \/>\n<meta property=\"og:url\" content=\"https:\/\/www.enriquerequena.com\/fr\/tienda-online\/huiles-additifs-moteur\/lubrifiants-voitures\/valvoline-atf-fluide-transmission-automatique-1litre\/\" \/>\n<meta property=\"og:site_name\" content=\"ENRIQUE REQUENA\" \/>\n<meta property=\"article:modified_time\" content=\"2024-02-21T15:27:15+00:00\" \/>\n<meta property=\"og:image\" content=\"https:\/\/www.enriquerequena.com\/wp-content\/uploads\/2016\/12\/products-VALVOLINE-ATF-1L-DEXRON-IID-IIE-IIIH-VI--2.jpg\" \/>\n\t<meta property=\"og:image:width\" content=\"1548\" \/>\n\t<meta property=\"og:image:height\" content=\"2064\" \/>\n\t<meta property=\"og:image:type\" content=\"image\/jpeg\" \/>\n<meta name=\"twitter:card\" content=\"summary_large_image\" \/>\n<meta name=\"twitter:label1\" content=\"Dur\u00e9e de lecture estim\u00e9e\" \/>\n\t<meta name=\"twitter:data1\" content=\"2 minutes\" \/>\n<script type=\"application\/ld+json\" class=\"yoast-schema-graph\">{\"@context\":\"https:\/\/schema.org\",\"@graph\":[{\"@type\":\"WebPage\",\"@id\":\"https:\/\/www.enriquerequena.com\/fr\/tienda-online\/huiles-additifs-moteur\/lubrifiants-voitures\/valvoline-atf-fluide-transmission-automatique-1litre\/\",\"url\":\"https:\/\/www.enriquerequena.com\/fr\/tienda-online\/huiles-additifs-moteur\/lubrifiants-voitures\/valvoline-atf-fluide-transmission-automatique-1litre\/\",\"name\":\"Valvoline ATF fluide de transmission automatique 1 litre\",\"isPartOf\":{\"@id\":\"https:\/\/www.enriquerequena.com\/fr\/#website\"},\"primaryImageOfPage\":{\"@id\":\"https:\/\/www.enriquerequena.com\/fr\/tienda-online\/huiles-additifs-moteur\/lubrifiants-voitures\/valvoline-atf-fluide-transmission-automatique-1litre\/#primaryimage\"},\"image\":{\"@id\":\"https:\/\/www.enriquerequena.com\/fr\/tienda-online\/huiles-additifs-moteur\/lubrifiants-voitures\/valvoline-atf-fluide-transmission-automatique-1litre\/#primaryimage\"},\"thumbnailUrl\":\"https:\/\/www.enriquerequena.com\/wp-content\/uploads\/2016\/12\/products-VALVOLINE-ATF-1L-DEXRON-IID-IIE-IIIH-VI--2.jpg\",\"datePublished\":\"2016-12-20T19:20:56+00:00\",\"dateModified\":\"2024-02-21T15:27:15+00:00\",\"description\":\"Vous pouvez acheter du Valvoline ATF liquide de transmission automatique 1 litre pour les transmissions automatiques pour tous les v\u00e9hicules en ligne ici.\",\"breadcrumb\":{\"@id\":\"https:\/\/www.enriquerequena.com\/fr\/tienda-online\/huiles-additifs-moteur\/lubrifiants-voitures\/valvoline-atf-fluide-transmission-automatique-1litre\/#breadcrumb\"},\"inLanguage\":\"fr-FR\",\"potentialAction\":[{\"@type\":\"ReadAction\",\"target\":[\"https:\/\/www.enriquerequena.com\/fr\/tienda-online\/huiles-additifs-moteur\/lubrifiants-voitures\/valvoline-atf-fluide-transmission-automatique-1litre\/\"]}]},{\"@type\":\"ImageObject\",\"inLanguage\":\"fr-FR\",\"@id\":\"https:\/\/www.enriquerequena.com\/fr\/tienda-online\/huiles-additifs-moteur\/lubrifiants-voitures\/valvoline-atf-fluide-transmission-automatique-1litre\/#primaryimage\",\"url\":\"https:\/\/www.enriquerequena.com\/wp-content\/uploads\/2016\/12\/products-VALVOLINE-ATF-1L-DEXRON-IID-IIE-IIIH-VI--2.jpg\",\"contentUrl\":\"https:\/\/www.enriquerequena.com\/wp-content\/uploads\/2016\/12\/products-VALVOLINE-ATF-1L-DEXRON-IID-IIE-IIIH-VI--2.jpg\",\"width\":1548,\"height\":2064},{\"@type\":\"WebSite\",\"@id\":\"https:\/\/www.enriquerequena.com\/fr\/#website\",\"url\":\"https:\/\/www.enriquerequena.com\/fr\/\",\"name\":\"ENRIQUE REQUENA\",\"description\":\"Sp\u00e9cialistes des transmissions cardan avec des exp\u00e9ditions dans le monde entier et des pi\u00e8ces d\u00e9tach\u00e9es pour voitures, camions et accessoires \u00e0 Valence, en Espagne. Avec vous depuis 1950!\",\"publisher\":{\"@id\":\"https:\/\/www.enriquerequena.com\/fr\/#organization\"},\"potentialAction\":[{\"@type\":\"SearchAction\",\"target\":{\"@type\":\"EntryPoint\",\"urlTemplate\":\"https:\/\/www.enriquerequena.com\/fr\/?s={search_term_string}\"},\"query-input\":{\"@type\":\"PropertyValueSpecification\",\"valueRequired\":true,\"valueName\":\"search_term_string\"}}],\"inLanguage\":\"fr-FR\"},{\"@type\":\"Organization\",\"@id\":\"https:\/\/www.enriquerequena.com\/fr\/#organization\",\"name\":\"Enrique Requena S.L.\",\"url\":\"https:\/\/www.enriquerequena.com\/fr\/\",\"logo\":{\"@type\":\"ImageObject\",\"inLanguage\":\"fr-FR\",\"@id\":\"https:\/\/www.enriquerequena.com\/fr\/#\/schema\/logo\/image\/\",\"url\":\"https:\/\/www.enriquerequena.com\/wp-content\/uploads\/2019\/11\/enrique-requena-recambios-logotipo.jpg\",\"contentUrl\":\"https:\/\/www.enriquerequena.com\/wp-content\/uploads\/2019\/11\/enrique-requena-recambios-logotipo.jpg\",\"width\":381,\"height\":75,\"caption\":\"Enrique Requena S.L.\"},\"image\":{\"@id\":\"https:\/\/www.enriquerequena.com\/fr\/#\/schema\/logo\/image\/\"}}]}<\/script>\n<!-- \/ Yoast SEO plugin. -->","yoast_head_json":{"title":"Valvoline ATF fluide de transmission automatique 1 litre","description":"Vous pouvez acheter du Valvoline ATF liquide de transmission automatique 1 litre pour les transmissions automatiques pour tous les v\u00e9hicules en ligne ici.","robots":{"index":"index","follow":"follow","max-snippet":"max-snippet:-1","max-image-preview":"max-image-preview:large","max-video-preview":"max-video-preview:-1"},"canonical":"https:\/\/www.enriquerequena.com\/fr\/tienda-online\/huiles-additifs-moteur\/lubrifiants-voitures\/valvoline-atf-fluide-transmission-automatique-1litre\/","og_locale":"fr_FR","og_type":"article","og_title":"Valvoline ATF fluide de transmission automatique 1 litre","og_description":"Vous pouvez acheter du Valvoline ATF liquide de transmission automatique 1 litre pour les transmissions automatiques pour tous les v\u00e9hicules en ligne ici.","og_url":"https:\/\/www.enriquerequena.com\/fr\/tienda-online\/huiles-additifs-moteur\/lubrifiants-voitures\/valvoline-atf-fluide-transmission-automatique-1litre\/","og_site_name":"ENRIQUE REQUENA","article_modified_time":"2024-02-21T15:27:15+00:00","og_image":[{"width":1548,"height":2064,"url":"https:\/\/www.enriquerequena.com\/wp-content\/uploads\/2016\/12\/products-VALVOLINE-ATF-1L-DEXRON-IID-IIE-IIIH-VI--2.jpg","type":"image\/jpeg"}],"twitter_card":"summary_large_image","twitter_misc":{"Dur\u00e9e de lecture estim\u00e9e":"2 minutes"},"schema":{"@context":"https:\/\/schema.org","@graph":[{"@type":"WebPage","@id":"https:\/\/www.enriquerequena.com\/fr\/tienda-online\/huiles-additifs-moteur\/lubrifiants-voitures\/valvoline-atf-fluide-transmission-automatique-1litre\/","url":"https:\/\/www.enriquerequena.com\/fr\/tienda-online\/huiles-additifs-moteur\/lubrifiants-voitures\/valvoline-atf-fluide-transmission-automatique-1litre\/","name":"Valvoline ATF fluide de transmission automatique 1 litre","isPartOf":{"@id":"https:\/\/www.enriquerequena.com\/fr\/#website"},"primaryImageOfPage":{"@id":"https:\/\/www.enriquerequena.com\/fr\/tienda-online\/huiles-additifs-moteur\/lubrifiants-voitures\/valvoline-atf-fluide-transmission-automatique-1litre\/#primaryimage"},"image":{"@id":"https:\/\/www.enriquerequena.com\/fr\/tienda-online\/huiles-additifs-moteur\/lubrifiants-voitures\/valvoline-atf-fluide-transmission-automatique-1litre\/#primaryimage"},"thumbnailUrl":"https:\/\/www.enriquerequena.com\/wp-content\/uploads\/2016\/12\/products-VALVOLINE-ATF-1L-DEXRON-IID-IIE-IIIH-VI--2.jpg","datePublished":"2016-12-20T19:20:56+00:00","dateModified":"2024-02-21T15:27:15+00:00","description":"Vous pouvez acheter du Valvoline ATF liquide de transmission automatique 1 litre pour les transmissions automatiques pour tous les v\u00e9hicules en ligne ici.","breadcrumb":{"@id":"https:\/\/www.enriquerequena.com\/fr\/tienda-online\/huiles-additifs-moteur\/lubrifiants-voitures\/valvoline-atf-fluide-transmission-automatique-1litre\/#breadcrumb"},"inLanguage":"fr-FR","potentialAction":[{"@type":"ReadAction","target":["https:\/\/www.enriquerequena.com\/fr\/tienda-online\/huiles-additifs-moteur\/lubrifiants-voitures\/valvoline-atf-fluide-transmission-automatique-1litre\/"]}]},{"@type":"ImageObject","inLanguage":"fr-FR","@id":"https:\/\/www.enriquerequena.com\/fr\/tienda-online\/huiles-additifs-moteur\/lubrifiants-voitures\/valvoline-atf-fluide-transmission-automatique-1litre\/#primaryimage","url":"https:\/\/www.enriquerequena.com\/wp-content\/uploads\/2016\/12\/products-VALVOLINE-ATF-1L-DEXRON-IID-IIE-IIIH-VI--2.jpg","contentUrl":"https:\/\/www.enriquerequena.com\/wp-content\/uploads\/2016\/12\/products-VALVOLINE-ATF-1L-DEXRON-IID-IIE-IIIH-VI--2.jpg","width":1548,"height":2064},{"@type":"WebSite","@id":"https:\/\/www.enriquerequena.com\/fr\/#website","url":"https:\/\/www.enriquerequena.com\/fr\/","name":"ENRIQUE REQUENA","description":"Sp\u00e9cialistes des transmissions cardan avec des exp\u00e9ditions dans le monde entier et des pi\u00e8ces d\u00e9tach\u00e9es pour voitures, camions et accessoires \u00e0 Valence, en Espagne. Avec vous depuis 1950!","publisher":{"@id":"https:\/\/www.enriquerequena.com\/fr\/#organization"},"potentialAction":[{"@type":"SearchAction","target":{"@type":"EntryPoint","urlTemplate":"https:\/\/www.enriquerequena.com\/fr\/?s={search_term_string}"},"query-input":{"@type":"PropertyValueSpecification","valueRequired":true,"valueName":"search_term_string"}}],"inLanguage":"fr-FR"},{"@type":"Organization","@id":"https:\/\/www.enriquerequena.com\/fr\/#organization","name":"Enrique Requena S.L.","url":"https:\/\/www.enriquerequena.com\/fr\/","logo":{"@type":"ImageObject","inLanguage":"fr-FR","@id":"https:\/\/www.enriquerequena.com\/fr\/#\/schema\/logo\/image\/","url":"https:\/\/www.enriquerequena.com\/wp-content\/uploads\/2019\/11\/enrique-requena-recambios-logotipo.jpg","contentUrl":"https:\/\/www.enriquerequena.com\/wp-content\/uploads\/2019\/11\/enrique-requena-recambios-logotipo.jpg","width":381,"height":75,"caption":"Enrique Requena S.L."},"image":{"@id":"https:\/\/www.enriquerequena.com\/fr\/#\/schema\/logo\/image\/"}}]}},"_links":{"self":[{"href":"https:\/\/www.enriquerequena.com\/fr\/wp-json\/wp\/v2\/product\/3254","targetHints":{"allow":["GET"]}}],"collection":[{"href":"https:\/\/www.enriquerequena.com\/fr\/wp-json\/wp\/v2\/product"}],"about":[{"href":"https:\/\/www.enriquerequena.com\/fr\/wp-json\/wp\/v2\/types\/product"}],"wp:featuredmedia":[{"embeddable":true,"href":"https:\/\/www.enriquerequena.com\/fr\/wp-json\/wp\/v2\/media\/3255"}],"wp:attachment":[{"href":"https:\/\/www.enriquerequena.com\/fr\/wp-json\/wp\/v2\/media?parent=3254"}],"wp:term":[{"taxonomy":"product_brand","embeddable":true,"href":"https:\/\/www.enriquerequena.com\/fr\/wp-json\/wp\/v2\/product_brand?post=3254"},{"taxonomy":"product_cat","embeddable":true,"href":"https:\/\/www.enriquerequena.com\/fr\/wp-json\/wp\/v2\/product_cat?post=3254"},{"taxonomy":"product_tag","embeddable":true,"href":"https:\/\/www.enriquerequena.com\/fr\/wp-json\/wp\/v2\/product_tag?post=3254"}],"curies":[{"name":"wp","href":"https:\/\/api.w.org\/{rel}","templated":true}]}}