{"id":3291,"date":"2017-02-24T15:37:09","date_gmt":"2017-02-24T15:37:09","guid":{"rendered":"https:\/\/www.enriquerequena.com\/?post_type=product&#038;p=3291"},"modified":"2023-02-07T17:15:44","modified_gmt":"2023-02-07T16:15:44","slug":"huile-valvuline-eni-rotra-75w80-20litres","status":"publish","type":"product","link":"https:\/\/www.enriquerequena.com\/fr\/tienda-online\/huiles-additifs-moteur\/lubrifiants-voitures\/huile-valvuline-eni-rotra-75w80-20litres\/","title":{"rendered":"Huile de valvuline Eni Rotra MP 75W-80 20 litres"},"content":{"rendered":"<p><span style=\"color: #3366ff;\">Eni Rotra MP 75W-80 est un lubrifiant pour engrenages sp\u00e9cialement con\u00e7u pour les besoins de lubrification des groupes de diff\u00e9rentiels \u00e0 engrenages n\u00e9cessitant un niveau API GL-5 et un degr\u00e9 de viscosit\u00e9 SAE 75W-80.<\/span><\/p>\n<p><span style=\"color: #3366ff;\"><strong>Caract\u00e9ristiques (valeurs typiques):<\/strong><\/span><br \/>\n<span style=\"color: #3366ff;\">Eni Rotra MP 75W-80 75W-80<\/span><br \/>\n<span style=\"color: #3366ff;\">Viscosit\u00e9 \u00e0 100 \u00b0 C cSt 7.5<\/span><br \/>\n<span style=\"color: #3366ff;\">Viscosit\u00e9 \u00e0 -40 \u00b0 C cP 55 000<\/span><br \/>\n<span style=\"color: #3366ff;\">Indice de viscosit\u00e9 150<\/span><br \/>\n<span style=\"color: #3366ff;\">Point d&rsquo;\u00e9clair \u00b0 C 190<\/span><br \/>\n<span style=\"color: #3366ff;\">Point d&rsquo;\u00e9coulement critique \u00b0 C -45<\/span><br \/>\n<span style=\"color: #3366ff;\">Densit\u00e9 \u00e0 15 \u00b0 C kg \/ l 0.880<\/span><\/p>\n<p><span style=\"color: #3366ff;\"><strong>Propri\u00e9t\u00e9s et avantages:<\/strong><\/span><\/p>\n<p><span style=\"color: #3366ff;\">&#8211; Eni Rotra MP 75W-80 a un degr\u00e9 de viscosit\u00e9 qui assure une excellente maniabilit\u00e9 \u00e0 basses temp\u00e9ratures et am\u00e9liore l&rsquo;efficacit\u00e9 de la transmission.<\/span><\/p>\n<p><span style=\"color: #3366ff;\">&#8211; Les caract\u00e9ristiques EP et les propri\u00e9t\u00e9s anti-usure, anti-rouille et anti-mousse assurent une meilleure protection et un bon fonctionnement des composants lubrifi\u00e9s.<\/span><\/p>\n<p><span style=\"color: #3366ff;\"><strong>Sp\u00e9cifications et approbations:<\/strong><\/span><br \/>\n<span style=\"color: #3366ff;\">&#8211; Eni Rotra MP 75W-80 r\u00e9pond aux sp\u00e9cifications suivantes des entit\u00e9s ou des fabricants de l&rsquo;API GL-5.<\/span><\/p>\n","protected":false},"excerpt":{"rendered":"<p>Huile de valvuline Eni Rotra MP 75W-80 20 litres est un lubrifiant pour engrenages sp\u00e9cialement con\u00e7u pour les exigences de lubrification des groupes \u00e0 engrenages diff\u00e9rentiels n\u00e9cessitant un niveau API GL-5 et un indice de viscosit\u00e9 SAE 75W-80.<\/p>\n","protected":false},"featured_media":3292,"template":"","meta":[],"product_brand":[],"product_cat":[147,174],"product_tag":[],"class_list":{"0":"post-3291","1":"product","2":"type-product","3":"status-publish","4":"has-post-thumbnail","6":"product_cat-huiles-additifs-moteur","7":"product_cat-lubrifiants-voitures","9":"first","10":"instock","11":"taxable","12":"shipping-taxable","13":"purchasable","14":"product-type-simple"},"yoast_head":"<!-- This site is optimized with the Yoast SEO plugin v27.5 - https:\/\/yoast.com\/product\/yoast-seo-wordpress\/ -->\n<title>Huile de valvuline Eni Rotra MP 75W-80 20 litres - ENRIQUE REQUENA<\/title>\n<meta name=\"description\" content=\"Vous pouvez acheter du bidon d&#039;Huile de valvuline Eni Rotra MP 75W-80 20 litres en ligne ici. Le meilleur prix pour les produits de vos v\u00e9hicules.\" \/>\n<meta name=\"robots\" content=\"index, follow, max-snippet:-1, max-image-preview:large, max-video-preview:-1\" \/>\n<link rel=\"canonical\" href=\"https:\/\/www.enriquerequena.com\/fr\/tienda-online\/huiles-additifs-moteur\/lubrifiants-voitures\/huile-valvuline-eni-rotra-75w80-20litres\/\" \/>\n<meta property=\"og:locale\" content=\"fr_FR\" \/>\n<meta property=\"og:type\" content=\"article\" \/>\n<meta property=\"og:title\" content=\"Huile de valvuline Eni Rotra MP 75W-80 20 litres - ENRIQUE REQUENA\" \/>\n<meta property=\"og:description\" content=\"Vous pouvez acheter du bidon d&#039;Huile de valvuline Eni Rotra MP 75W-80 20 litres en ligne ici. Le meilleur prix pour les produits de vos v\u00e9hicules.\" \/>\n<meta property=\"og:url\" content=\"https:\/\/www.enriquerequena.com\/fr\/tienda-online\/huiles-additifs-moteur\/lubrifiants-voitures\/huile-valvuline-eni-rotra-75w80-20litres\/\" \/>\n<meta property=\"og:site_name\" content=\"ENRIQUE REQUENA\" \/>\n<meta property=\"article:modified_time\" content=\"2023-02-07T16:15:44+00:00\" \/>\n<meta property=\"og:image\" content=\"https:\/\/www.enriquerequena.com\/wp-content\/uploads\/2017\/02\/products-VALVULINA-ENI-ROTRA-MP-75W80-20L-2.jpg\" \/>\n\t<meta property=\"og:image:width\" content=\"1548\" \/>\n\t<meta property=\"og:image:height\" content=\"2064\" \/>\n\t<meta property=\"og:image:type\" content=\"image\/jpeg\" \/>\n<meta name=\"twitter:card\" content=\"summary_large_image\" \/>\n<meta name=\"twitter:label1\" content=\"Dur\u00e9e de lecture estim\u00e9e\" \/>\n\t<meta name=\"twitter:data1\" content=\"1 minute\" \/>\n<script type=\"application\/ld+json\" class=\"yoast-schema-graph\">{\"@context\":\"https:\\\/\\\/schema.org\",\"@graph\":[{\"@type\":\"WebPage\",\"@id\":\"https:\\\/\\\/www.enriquerequena.com\\\/fr\\\/tienda-online\\\/huiles-additifs-moteur\\\/lubrifiants-voitures\\\/huile-valvuline-eni-rotra-75w80-20litres\\\/\",\"url\":\"https:\\\/\\\/www.enriquerequena.com\\\/fr\\\/tienda-online\\\/huiles-additifs-moteur\\\/lubrifiants-voitures\\\/huile-valvuline-eni-rotra-75w80-20litres\\\/\",\"name\":\"Huile de valvuline Eni Rotra MP 75W-80 20 litres - ENRIQUE REQUENA\",\"isPartOf\":{\"@id\":\"https:\\\/\\\/www.enriquerequena.com\\\/fr\\\/#website\"},\"primaryImageOfPage\":{\"@id\":\"https:\\\/\\\/www.enriquerequena.com\\\/fr\\\/tienda-online\\\/huiles-additifs-moteur\\\/lubrifiants-voitures\\\/huile-valvuline-eni-rotra-75w80-20litres\\\/#primaryimage\"},\"image\":{\"@id\":\"https:\\\/\\\/www.enriquerequena.com\\\/fr\\\/tienda-online\\\/huiles-additifs-moteur\\\/lubrifiants-voitures\\\/huile-valvuline-eni-rotra-75w80-20litres\\\/#primaryimage\"},\"thumbnailUrl\":\"https:\\\/\\\/www.enriquerequena.com\\\/wp-content\\\/uploads\\\/2017\\\/02\\\/products-VALVULINA-ENI-ROTRA-MP-75W80-20L-2.jpg\",\"datePublished\":\"2017-02-24T15:37:09+00:00\",\"dateModified\":\"2023-02-07T16:15:44+00:00\",\"description\":\"Vous pouvez acheter du bidon d&#39;Huile de valvuline Eni Rotra MP 75W-80 20 litres en ligne ici. Le meilleur prix pour les produits de vos v\u00e9hicules.\",\"breadcrumb\":{\"@id\":\"https:\\\/\\\/www.enriquerequena.com\\\/fr\\\/tienda-online\\\/huiles-additifs-moteur\\\/lubrifiants-voitures\\\/huile-valvuline-eni-rotra-75w80-20litres\\\/#breadcrumb\"},\"inLanguage\":\"fr-FR\",\"potentialAction\":[{\"@type\":\"ReadAction\",\"target\":[\"https:\\\/\\\/www.enriquerequena.com\\\/fr\\\/tienda-online\\\/huiles-additifs-moteur\\\/lubrifiants-voitures\\\/huile-valvuline-eni-rotra-75w80-20litres\\\/\"]}]},{\"@type\":\"ImageObject\",\"inLanguage\":\"fr-FR\",\"@id\":\"https:\\\/\\\/www.enriquerequena.com\\\/fr\\\/tienda-online\\\/huiles-additifs-moteur\\\/lubrifiants-voitures\\\/huile-valvuline-eni-rotra-75w80-20litres\\\/#primaryimage\",\"url\":\"https:\\\/\\\/www.enriquerequena.com\\\/wp-content\\\/uploads\\\/2017\\\/02\\\/products-VALVULINA-ENI-ROTRA-MP-75W80-20L-2.jpg\",\"contentUrl\":\"https:\\\/\\\/www.enriquerequena.com\\\/wp-content\\\/uploads\\\/2017\\\/02\\\/products-VALVULINA-ENI-ROTRA-MP-75W80-20L-2.jpg\",\"width\":1548,\"height\":2064},{\"@type\":\"WebSite\",\"@id\":\"https:\\\/\\\/www.enriquerequena.com\\\/fr\\\/#website\",\"url\":\"https:\\\/\\\/www.enriquerequena.com\\\/fr\\\/\",\"name\":\"ENRIQUE REQUENA\",\"description\":\"Sp\u00e9cialistes des transmissions cardan avec des exp\u00e9ditions dans le monde entier et des pi\u00e8ces d\u00e9tach\u00e9es pour voitures, camions et accessoires \u00e0 Valence, en Espagne. Avec vous depuis 1950!\",\"publisher\":{\"@id\":\"https:\\\/\\\/www.enriquerequena.com\\\/fr\\\/#organization\"},\"potentialAction\":[{\"@type\":\"SearchAction\",\"target\":{\"@type\":\"EntryPoint\",\"urlTemplate\":\"https:\\\/\\\/www.enriquerequena.com\\\/fr\\\/?s={search_term_string}\"},\"query-input\":{\"@type\":\"PropertyValueSpecification\",\"valueRequired\":true,\"valueName\":\"search_term_string\"}}],\"inLanguage\":\"fr-FR\"},{\"@type\":\"Organization\",\"@id\":\"https:\\\/\\\/www.enriquerequena.com\\\/fr\\\/#organization\",\"name\":\"Enrique Requena S.L.\",\"url\":\"https:\\\/\\\/www.enriquerequena.com\\\/fr\\\/\",\"logo\":{\"@type\":\"ImageObject\",\"inLanguage\":\"fr-FR\",\"@id\":\"https:\\\/\\\/www.enriquerequena.com\\\/fr\\\/#\\\/schema\\\/logo\\\/image\\\/\",\"url\":\"https:\\\/\\\/www.enriquerequena.com\\\/wp-content\\\/uploads\\\/2019\\\/11\\\/enrique-requena-recambios-logotipo.jpg\",\"contentUrl\":\"https:\\\/\\\/www.enriquerequena.com\\\/wp-content\\\/uploads\\\/2019\\\/11\\\/enrique-requena-recambios-logotipo.jpg\",\"width\":381,\"height\":75,\"caption\":\"Enrique Requena S.L.\"},\"image\":{\"@id\":\"https:\\\/\\\/www.enriquerequena.com\\\/fr\\\/#\\\/schema\\\/logo\\\/image\\\/\"}}]}<\/script>\n<!-- \/ Yoast SEO plugin. -->","yoast_head_json":{"title":"Huile de valvuline Eni Rotra MP 75W-80 20 litres - ENRIQUE REQUENA","description":"Vous pouvez acheter du bidon d&#39;Huile de valvuline Eni Rotra MP 75W-80 20 litres en ligne ici. Le meilleur prix pour les produits de vos v\u00e9hicules.","robots":{"index":"index","follow":"follow","max-snippet":"max-snippet:-1","max-image-preview":"max-image-preview:large","max-video-preview":"max-video-preview:-1"},"canonical":"https:\/\/www.enriquerequena.com\/fr\/tienda-online\/huiles-additifs-moteur\/lubrifiants-voitures\/huile-valvuline-eni-rotra-75w80-20litres\/","og_locale":"fr_FR","og_type":"article","og_title":"Huile de valvuline Eni Rotra MP 75W-80 20 litres - ENRIQUE REQUENA","og_description":"Vous pouvez acheter du bidon d&#39;Huile de valvuline Eni Rotra MP 75W-80 20 litres en ligne ici. Le meilleur prix pour les produits de vos v\u00e9hicules.","og_url":"https:\/\/www.enriquerequena.com\/fr\/tienda-online\/huiles-additifs-moteur\/lubrifiants-voitures\/huile-valvuline-eni-rotra-75w80-20litres\/","og_site_name":"ENRIQUE REQUENA","article_modified_time":"2023-02-07T16:15:44+00:00","og_image":[{"width":1548,"height":2064,"url":"https:\/\/www.enriquerequena.com\/wp-content\/uploads\/2017\/02\/products-VALVULINA-ENI-ROTRA-MP-75W80-20L-2.jpg","type":"image\/jpeg"}],"twitter_card":"summary_large_image","twitter_misc":{"Dur\u00e9e de lecture estim\u00e9e":"1 minute"},"schema":{"@context":"https:\/\/schema.org","@graph":[{"@type":"WebPage","@id":"https:\/\/www.enriquerequena.com\/fr\/tienda-online\/huiles-additifs-moteur\/lubrifiants-voitures\/huile-valvuline-eni-rotra-75w80-20litres\/","url":"https:\/\/www.enriquerequena.com\/fr\/tienda-online\/huiles-additifs-moteur\/lubrifiants-voitures\/huile-valvuline-eni-rotra-75w80-20litres\/","name":"Huile de valvuline Eni Rotra MP 75W-80 20 litres - ENRIQUE REQUENA","isPartOf":{"@id":"https:\/\/www.enriquerequena.com\/fr\/#website"},"primaryImageOfPage":{"@id":"https:\/\/www.enriquerequena.com\/fr\/tienda-online\/huiles-additifs-moteur\/lubrifiants-voitures\/huile-valvuline-eni-rotra-75w80-20litres\/#primaryimage"},"image":{"@id":"https:\/\/www.enriquerequena.com\/fr\/tienda-online\/huiles-additifs-moteur\/lubrifiants-voitures\/huile-valvuline-eni-rotra-75w80-20litres\/#primaryimage"},"thumbnailUrl":"https:\/\/www.enriquerequena.com\/wp-content\/uploads\/2017\/02\/products-VALVULINA-ENI-ROTRA-MP-75W80-20L-2.jpg","datePublished":"2017-02-24T15:37:09+00:00","dateModified":"2023-02-07T16:15:44+00:00","description":"Vous pouvez acheter du bidon d&#39;Huile de valvuline Eni Rotra MP 75W-80 20 litres en ligne ici. Le meilleur prix pour les produits de vos v\u00e9hicules.","breadcrumb":{"@id":"https:\/\/www.enriquerequena.com\/fr\/tienda-online\/huiles-additifs-moteur\/lubrifiants-voitures\/huile-valvuline-eni-rotra-75w80-20litres\/#breadcrumb"},"inLanguage":"fr-FR","potentialAction":[{"@type":"ReadAction","target":["https:\/\/www.enriquerequena.com\/fr\/tienda-online\/huiles-additifs-moteur\/lubrifiants-voitures\/huile-valvuline-eni-rotra-75w80-20litres\/"]}]},{"@type":"ImageObject","inLanguage":"fr-FR","@id":"https:\/\/www.enriquerequena.com\/fr\/tienda-online\/huiles-additifs-moteur\/lubrifiants-voitures\/huile-valvuline-eni-rotra-75w80-20litres\/#primaryimage","url":"https:\/\/www.enriquerequena.com\/wp-content\/uploads\/2017\/02\/products-VALVULINA-ENI-ROTRA-MP-75W80-20L-2.jpg","contentUrl":"https:\/\/www.enriquerequena.com\/wp-content\/uploads\/2017\/02\/products-VALVULINA-ENI-ROTRA-MP-75W80-20L-2.jpg","width":1548,"height":2064},{"@type":"WebSite","@id":"https:\/\/www.enriquerequena.com\/fr\/#website","url":"https:\/\/www.enriquerequena.com\/fr\/","name":"ENRIQUE REQUENA","description":"Sp\u00e9cialistes des transmissions cardan avec des exp\u00e9ditions dans le monde entier et des pi\u00e8ces d\u00e9tach\u00e9es pour voitures, camions et accessoires \u00e0 Valence, en Espagne. Avec vous depuis 1950!","publisher":{"@id":"https:\/\/www.enriquerequena.com\/fr\/#organization"},"potentialAction":[{"@type":"SearchAction","target":{"@type":"EntryPoint","urlTemplate":"https:\/\/www.enriquerequena.com\/fr\/?s={search_term_string}"},"query-input":{"@type":"PropertyValueSpecification","valueRequired":true,"valueName":"search_term_string"}}],"inLanguage":"fr-FR"},{"@type":"Organization","@id":"https:\/\/www.enriquerequena.com\/fr\/#organization","name":"Enrique Requena S.L.","url":"https:\/\/www.enriquerequena.com\/fr\/","logo":{"@type":"ImageObject","inLanguage":"fr-FR","@id":"https:\/\/www.enriquerequena.com\/fr\/#\/schema\/logo\/image\/","url":"https:\/\/www.enriquerequena.com\/wp-content\/uploads\/2019\/11\/enrique-requena-recambios-logotipo.jpg","contentUrl":"https:\/\/www.enriquerequena.com\/wp-content\/uploads\/2019\/11\/enrique-requena-recambios-logotipo.jpg","width":381,"height":75,"caption":"Enrique Requena S.L."},"image":{"@id":"https:\/\/www.enriquerequena.com\/fr\/#\/schema\/logo\/image\/"}}]}},"_links":{"self":[{"href":"https:\/\/www.enriquerequena.com\/fr\/wp-json\/wp\/v2\/product\/3291","targetHints":{"allow":["GET"]}}],"collection":[{"href":"https:\/\/www.enriquerequena.com\/fr\/wp-json\/wp\/v2\/product"}],"about":[{"href":"https:\/\/www.enriquerequena.com\/fr\/wp-json\/wp\/v2\/types\/product"}],"wp:featuredmedia":[{"embeddable":true,"href":"https:\/\/www.enriquerequena.com\/fr\/wp-json\/wp\/v2\/media\/3292"}],"wp:attachment":[{"href":"https:\/\/www.enriquerequena.com\/fr\/wp-json\/wp\/v2\/media?parent=3291"}],"wp:term":[{"taxonomy":"product_brand","embeddable":true,"href":"https:\/\/www.enriquerequena.com\/fr\/wp-json\/wp\/v2\/product_brand?post=3291"},{"taxonomy":"product_cat","embeddable":true,"href":"https:\/\/www.enriquerequena.com\/fr\/wp-json\/wp\/v2\/product_cat?post=3291"},{"taxonomy":"product_tag","embeddable":true,"href":"https:\/\/www.enriquerequena.com\/fr\/wp-json\/wp\/v2\/product_tag?post=3291"}],"curies":[{"name":"wp","href":"https:\/\/api.w.org\/{rel}","templated":true}]}}