{"id":3297,"date":"2017-02-24T19:33:58","date_gmt":"2017-02-24T19:33:58","guid":{"rendered":"https:\/\/www.enriquerequena.com\/?post_type=product&#038;p=3297"},"modified":"2023-02-07T17:03:13","modified_gmt":"2023-02-07T16:03:13","slug":"huile-tracteur-eni-multitech-10w30-20liters","status":"publish","type":"product","link":"https:\/\/www.enriquerequena.com\/fr\/tienda-online\/huiles-additifs-moteur\/lubrifiants-tracteurs\/huile-tracteur-eni-multitech-10w30-20liters\/","title":{"rendered":"Huile de tracteur Eni Multitech JD\/F 10w30 80w 20 litres"},"content":{"rendered":"<p><span style=\"color: #3366ff;\">Eni Multitech JD \/ F 10w30 80w 20 litres est un lubrifiant formul\u00e9 avec des bases min\u00e9rales et des additifs appropri\u00e9s, ce qui le rend id\u00e9al pour l&rsquo;utilisation des transmissions, des syst\u00e8mes hydrauliques, des freins \u00e0 bain d&rsquo;huile, des r\u00e9ducteurs de fin de course et des prises de force des tracteurs modernes.<\/span><\/p>\n<p><span style=\"color: #3366ff;\"><strong>Propri\u00e9t\u00e9s et avantages:<\/strong><\/span><br \/>\n<span style=\"color: #3366ff;\">-Les additifs anti-usure et PE du eni Multitech JD \/ F prot\u00e8gent les paliers et les dents des engrenages de l&rsquo;usure.<\/span><br \/>\n<span style=\"color: #3366ff;\">-Sa stabilit\u00e9 \u00e0 l&rsquo;oxydation permet de conserver le produit pendant de longues p\u00e9riodes sans augmenter la viscosit\u00e9 et pr\u00e9vient la formation de boues et de d\u00e9p\u00f4ts.<\/span><br \/>\n<span style=\"color: #3366ff;\">-L&rsquo;utilisation d&rsquo;un additif antid\u00e9rapant, qui modifie le coefficient de frottement, permet \u00e0 l&rsquo;AGIP ROTRA JD \/ F d&rsquo;\u00e9viter le bruit et les vibrations dans les freins \u00e0 bain d&rsquo;huile utilis\u00e9s dans les transmissions modernes des tracteurs.<\/span><br \/>\n<span style=\"color: #3366ff;\">-Il est compatible avec les types de joints, gommes, etc. pr\u00e9sents dans les joints des circuits hydrauliques.<\/span><br \/>\n<span style=\"color: #3366ff;\">-La r\u00e9sistance \u00e0 la formation de mousse \u00e9vite les irr\u00e9gularit\u00e9s de fonctionnement dans le circuit hydraulique et les variations de compressibilit\u00e9 du fluide hydraulique.<\/span><br \/>\n<span style=\"color: #3366ff;\">Attention: le produit ne convient pas dans les cas o\u00f9 le fabricant exige un niveau d&rsquo;huile API-GL-5.<\/span><\/p>\n<p><span style=\"color: #3366ff;\"><strong>Sp\u00e9cifications techniques:<\/strong><\/span><\/p>\n<p><span style=\"color: #3366ff;\">Eni Multitech JD \/ F r\u00e9pond aux sp\u00e9cifications suivantes:<\/span><\/p>\n<p><span style=\"color: #3366ff;\">&#8211; API GL-4 &#8211;<\/span><\/p>\n<p><span style=\"color: #3366ff;\">&#8211; CASE MS 1207, 1210<\/span><\/p>\n<p><span style=\"color: #3366ff;\">&#8211; CAT TO-2<\/span><\/p>\n<p><span style=\"color: #3366ff;\"> &#8211; FORD M2C-134-D<\/span><\/p>\n<p><span style=\"color: #3366ff;\">&#8211; ALLISON C-4 <\/span><\/p>\n<p><span style=\"color: #3366ff;\">&#8211; \u00a0FORD ESN M2C 86B,C<\/span><\/p>\n<p><span style=\"color: #3366ff;\">&#8211; JOHN DEERE JDM J-20-C<\/span><\/p>\n<p><span style=\"color: #3366ff;\">&#8211; FORD ESN-M2C 134D<\/span><\/p>\n<p><span style=\"color: #3366ff;\">&#8211; MASSEY FERGUSON M-1135, 1141, 1143 -FNHA-2-C-201<\/span><\/p>\n<p><span style=\"color: #3366ff;\">&#8211; KUBOTA UDT FLUID <\/span><\/p>\n<p><span style=\"color: #3366ff;\">&#8211; VOLVO VCE-WB 101<\/span><\/p>\n<p><span style=\"color: #3366ff;\">&#8211; CASE NEW HOLLAND MAT 3525<\/span><\/p>\n<p><span style=\"color: #3366ff;\"> &#8211; ZF TE-ML 03E, 06K, 17E level<\/span><\/p>\n<p><span style=\"color: #3366ff;\">&#8211; KOMATSU (KES 07.866)<\/span><\/p>\n","protected":false},"excerpt":{"rendered":"<p>Huile de tracteur Eni Multitech JD\/F 10w30 80w 20 litres est un lubrifiant formul\u00e9 avec des bases min\u00e9rales et des additifs appropri\u00e9s, qui le rend id\u00e9al pour l\u2019utilisation de transmissions, de syst\u00e8mes hydrauliques, de freins \u00e0 bain d\u2019huile, de r\u00e9ducteurs de fin de course et de prises de force de tracteurs modernes.<\/p>\n","protected":false},"featured_media":11270,"template":"","meta":[],"product_brand":[],"product_cat":[147,180],"product_tag":[],"class_list":{"0":"post-3297","1":"product","2":"type-product","3":"status-publish","4":"has-post-thumbnail","6":"product_cat-huiles-additifs-moteur","7":"product_cat-lubrifiants-tracteurs","9":"first","10":"instock","11":"taxable","12":"shipping-taxable","13":"purchasable","14":"product-type-simple"},"yoast_head":"<!-- This site is optimized with the Yoast SEO plugin v27.5 - https:\/\/yoast.com\/product\/yoast-seo-wordpress\/ -->\n<title>Huile de tracteur Eni Multitech JD\/F 10w30 80w 20 litres - ENRIQUE REQUENA<\/title>\n<meta name=\"description\" content=\"Vous pouvez acheter du bidon d&#039;Huile de tracteur Eni Multitech JD\/F 10w30 80w 20 litres en ligne ici. Le meilleur prix pour les produits de vos v\u00e9hicules.\" \/>\n<meta name=\"robots\" content=\"index, follow, max-snippet:-1, max-image-preview:large, max-video-preview:-1\" \/>\n<link rel=\"canonical\" href=\"https:\/\/www.enriquerequena.com\/fr\/tienda-online\/huiles-additifs-moteur\/lubrifiants-tracteurs\/huile-tracteur-eni-multitech-10w30-20liters\/\" \/>\n<meta property=\"og:locale\" content=\"fr_FR\" \/>\n<meta property=\"og:type\" content=\"article\" \/>\n<meta property=\"og:title\" content=\"Huile de tracteur Eni Multitech JD\/F 10w30 80w 20 litres - ENRIQUE REQUENA\" \/>\n<meta property=\"og:description\" content=\"Vous pouvez acheter du bidon d&#039;Huile de tracteur Eni Multitech JD\/F 10w30 80w 20 litres en ligne ici. Le meilleur prix pour les produits de vos v\u00e9hicules.\" \/>\n<meta property=\"og:url\" content=\"https:\/\/www.enriquerequena.com\/fr\/tienda-online\/huiles-additifs-moteur\/lubrifiants-tracteurs\/huile-tracteur-eni-multitech-10w30-20liters\/\" \/>\n<meta property=\"og:site_name\" content=\"ENRIQUE REQUENA\" \/>\n<meta property=\"article:modified_time\" content=\"2023-02-07T16:03:13+00:00\" \/>\n<meta property=\"og:image\" content=\"https:\/\/www.enriquerequena.com\/wp-content\/uploads\/2017\/02\/ACEITE-OIL-HUILE-ENI-MULTITECH-JDF-10W30-80W-20L.jpg\" \/>\n\t<meta property=\"og:image:width\" content=\"800\" \/>\n\t<meta property=\"og:image:height\" content=\"800\" \/>\n\t<meta property=\"og:image:type\" content=\"image\/jpeg\" \/>\n<meta name=\"twitter:card\" content=\"summary_large_image\" \/>\n<meta name=\"twitter:label1\" content=\"Dur\u00e9e de lecture estim\u00e9e\" \/>\n\t<meta name=\"twitter:data1\" content=\"1 minute\" \/>\n<script type=\"application\/ld+json\" class=\"yoast-schema-graph\">{\"@context\":\"https:\\\/\\\/schema.org\",\"@graph\":[{\"@type\":\"WebPage\",\"@id\":\"https:\\\/\\\/www.enriquerequena.com\\\/fr\\\/tienda-online\\\/huiles-additifs-moteur\\\/lubrifiants-tracteurs\\\/huile-tracteur-eni-multitech-10w30-20liters\\\/\",\"url\":\"https:\\\/\\\/www.enriquerequena.com\\\/fr\\\/tienda-online\\\/huiles-additifs-moteur\\\/lubrifiants-tracteurs\\\/huile-tracteur-eni-multitech-10w30-20liters\\\/\",\"name\":\"Huile de tracteur Eni Multitech JD\\\/F 10w30 80w 20 litres - ENRIQUE REQUENA\",\"isPartOf\":{\"@id\":\"https:\\\/\\\/www.enriquerequena.com\\\/fr\\\/#website\"},\"primaryImageOfPage\":{\"@id\":\"https:\\\/\\\/www.enriquerequena.com\\\/fr\\\/tienda-online\\\/huiles-additifs-moteur\\\/lubrifiants-tracteurs\\\/huile-tracteur-eni-multitech-10w30-20liters\\\/#primaryimage\"},\"image\":{\"@id\":\"https:\\\/\\\/www.enriquerequena.com\\\/fr\\\/tienda-online\\\/huiles-additifs-moteur\\\/lubrifiants-tracteurs\\\/huile-tracteur-eni-multitech-10w30-20liters\\\/#primaryimage\"},\"thumbnailUrl\":\"https:\\\/\\\/www.enriquerequena.com\\\/wp-content\\\/uploads\\\/2017\\\/02\\\/ACEITE-OIL-HUILE-ENI-MULTITECH-JDF-10W30-80W-20L.jpg\",\"datePublished\":\"2017-02-24T19:33:58+00:00\",\"dateModified\":\"2023-02-07T16:03:13+00:00\",\"description\":\"Vous pouvez acheter du bidon d'Huile de tracteur Eni Multitech JD\\\/F 10w30 80w 20 litres en ligne ici. Le meilleur prix pour les produits de vos v\u00e9hicules.\",\"breadcrumb\":{\"@id\":\"https:\\\/\\\/www.enriquerequena.com\\\/fr\\\/tienda-online\\\/huiles-additifs-moteur\\\/lubrifiants-tracteurs\\\/huile-tracteur-eni-multitech-10w30-20liters\\\/#breadcrumb\"},\"inLanguage\":\"fr-FR\",\"potentialAction\":[{\"@type\":\"ReadAction\",\"target\":[\"https:\\\/\\\/www.enriquerequena.com\\\/fr\\\/tienda-online\\\/huiles-additifs-moteur\\\/lubrifiants-tracteurs\\\/huile-tracteur-eni-multitech-10w30-20liters\\\/\"]}]},{\"@type\":\"ImageObject\",\"inLanguage\":\"fr-FR\",\"@id\":\"https:\\\/\\\/www.enriquerequena.com\\\/fr\\\/tienda-online\\\/huiles-additifs-moteur\\\/lubrifiants-tracteurs\\\/huile-tracteur-eni-multitech-10w30-20liters\\\/#primaryimage\",\"url\":\"https:\\\/\\\/www.enriquerequena.com\\\/wp-content\\\/uploads\\\/2017\\\/02\\\/ACEITE-OIL-HUILE-ENI-MULTITECH-JDF-10W30-80W-20L.jpg\",\"contentUrl\":\"https:\\\/\\\/www.enriquerequena.com\\\/wp-content\\\/uploads\\\/2017\\\/02\\\/ACEITE-OIL-HUILE-ENI-MULTITECH-JDF-10W30-80W-20L.jpg\",\"width\":800,\"height\":800,\"caption\":\"ACEITE, OIL, HUILE, ENI MULTITECH JDF 10W30 80W 20L\"},{\"@type\":\"WebSite\",\"@id\":\"https:\\\/\\\/www.enriquerequena.com\\\/fr\\\/#website\",\"url\":\"https:\\\/\\\/www.enriquerequena.com\\\/fr\\\/\",\"name\":\"ENRIQUE REQUENA\",\"description\":\"Sp\u00e9cialistes des transmissions cardan avec des exp\u00e9ditions dans le monde entier et des pi\u00e8ces d\u00e9tach\u00e9es pour voitures, camions et accessoires \u00e0 Valence, en Espagne. Avec vous depuis 1950!\",\"publisher\":{\"@id\":\"https:\\\/\\\/www.enriquerequena.com\\\/fr\\\/#organization\"},\"potentialAction\":[{\"@type\":\"SearchAction\",\"target\":{\"@type\":\"EntryPoint\",\"urlTemplate\":\"https:\\\/\\\/www.enriquerequena.com\\\/fr\\\/?s={search_term_string}\"},\"query-input\":{\"@type\":\"PropertyValueSpecification\",\"valueRequired\":true,\"valueName\":\"search_term_string\"}}],\"inLanguage\":\"fr-FR\"},{\"@type\":\"Organization\",\"@id\":\"https:\\\/\\\/www.enriquerequena.com\\\/fr\\\/#organization\",\"name\":\"Enrique Requena S.L.\",\"url\":\"https:\\\/\\\/www.enriquerequena.com\\\/fr\\\/\",\"logo\":{\"@type\":\"ImageObject\",\"inLanguage\":\"fr-FR\",\"@id\":\"https:\\\/\\\/www.enriquerequena.com\\\/fr\\\/#\\\/schema\\\/logo\\\/image\\\/\",\"url\":\"https:\\\/\\\/www.enriquerequena.com\\\/wp-content\\\/uploads\\\/2019\\\/11\\\/enrique-requena-recambios-logotipo.jpg\",\"contentUrl\":\"https:\\\/\\\/www.enriquerequena.com\\\/wp-content\\\/uploads\\\/2019\\\/11\\\/enrique-requena-recambios-logotipo.jpg\",\"width\":381,\"height\":75,\"caption\":\"Enrique Requena S.L.\"},\"image\":{\"@id\":\"https:\\\/\\\/www.enriquerequena.com\\\/fr\\\/#\\\/schema\\\/logo\\\/image\\\/\"}}]}<\/script>\n<!-- \/ Yoast SEO plugin. -->","yoast_head_json":{"title":"Huile de tracteur Eni Multitech JD\/F 10w30 80w 20 litres - ENRIQUE REQUENA","description":"Vous pouvez acheter du bidon d'Huile de tracteur Eni Multitech JD\/F 10w30 80w 20 litres en ligne ici. Le meilleur prix pour les produits de vos v\u00e9hicules.","robots":{"index":"index","follow":"follow","max-snippet":"max-snippet:-1","max-image-preview":"max-image-preview:large","max-video-preview":"max-video-preview:-1"},"canonical":"https:\/\/www.enriquerequena.com\/fr\/tienda-online\/huiles-additifs-moteur\/lubrifiants-tracteurs\/huile-tracteur-eni-multitech-10w30-20liters\/","og_locale":"fr_FR","og_type":"article","og_title":"Huile de tracteur Eni Multitech JD\/F 10w30 80w 20 litres - ENRIQUE REQUENA","og_description":"Vous pouvez acheter du bidon d'Huile de tracteur Eni Multitech JD\/F 10w30 80w 20 litres en ligne ici. Le meilleur prix pour les produits de vos v\u00e9hicules.","og_url":"https:\/\/www.enriquerequena.com\/fr\/tienda-online\/huiles-additifs-moteur\/lubrifiants-tracteurs\/huile-tracteur-eni-multitech-10w30-20liters\/","og_site_name":"ENRIQUE REQUENA","article_modified_time":"2023-02-07T16:03:13+00:00","og_image":[{"width":800,"height":800,"url":"https:\/\/www.enriquerequena.com\/wp-content\/uploads\/2017\/02\/ACEITE-OIL-HUILE-ENI-MULTITECH-JDF-10W30-80W-20L.jpg","type":"image\/jpeg"}],"twitter_card":"summary_large_image","twitter_misc":{"Dur\u00e9e de lecture estim\u00e9e":"1 minute"},"schema":{"@context":"https:\/\/schema.org","@graph":[{"@type":"WebPage","@id":"https:\/\/www.enriquerequena.com\/fr\/tienda-online\/huiles-additifs-moteur\/lubrifiants-tracteurs\/huile-tracteur-eni-multitech-10w30-20liters\/","url":"https:\/\/www.enriquerequena.com\/fr\/tienda-online\/huiles-additifs-moteur\/lubrifiants-tracteurs\/huile-tracteur-eni-multitech-10w30-20liters\/","name":"Huile de tracteur Eni Multitech JD\/F 10w30 80w 20 litres - ENRIQUE REQUENA","isPartOf":{"@id":"https:\/\/www.enriquerequena.com\/fr\/#website"},"primaryImageOfPage":{"@id":"https:\/\/www.enriquerequena.com\/fr\/tienda-online\/huiles-additifs-moteur\/lubrifiants-tracteurs\/huile-tracteur-eni-multitech-10w30-20liters\/#primaryimage"},"image":{"@id":"https:\/\/www.enriquerequena.com\/fr\/tienda-online\/huiles-additifs-moteur\/lubrifiants-tracteurs\/huile-tracteur-eni-multitech-10w30-20liters\/#primaryimage"},"thumbnailUrl":"https:\/\/www.enriquerequena.com\/wp-content\/uploads\/2017\/02\/ACEITE-OIL-HUILE-ENI-MULTITECH-JDF-10W30-80W-20L.jpg","datePublished":"2017-02-24T19:33:58+00:00","dateModified":"2023-02-07T16:03:13+00:00","description":"Vous pouvez acheter du bidon d'Huile de tracteur Eni Multitech JD\/F 10w30 80w 20 litres en ligne ici. Le meilleur prix pour les produits de vos v\u00e9hicules.","breadcrumb":{"@id":"https:\/\/www.enriquerequena.com\/fr\/tienda-online\/huiles-additifs-moteur\/lubrifiants-tracteurs\/huile-tracteur-eni-multitech-10w30-20liters\/#breadcrumb"},"inLanguage":"fr-FR","potentialAction":[{"@type":"ReadAction","target":["https:\/\/www.enriquerequena.com\/fr\/tienda-online\/huiles-additifs-moteur\/lubrifiants-tracteurs\/huile-tracteur-eni-multitech-10w30-20liters\/"]}]},{"@type":"ImageObject","inLanguage":"fr-FR","@id":"https:\/\/www.enriquerequena.com\/fr\/tienda-online\/huiles-additifs-moteur\/lubrifiants-tracteurs\/huile-tracteur-eni-multitech-10w30-20liters\/#primaryimage","url":"https:\/\/www.enriquerequena.com\/wp-content\/uploads\/2017\/02\/ACEITE-OIL-HUILE-ENI-MULTITECH-JDF-10W30-80W-20L.jpg","contentUrl":"https:\/\/www.enriquerequena.com\/wp-content\/uploads\/2017\/02\/ACEITE-OIL-HUILE-ENI-MULTITECH-JDF-10W30-80W-20L.jpg","width":800,"height":800,"caption":"ACEITE, OIL, HUILE, ENI MULTITECH JDF 10W30 80W 20L"},{"@type":"WebSite","@id":"https:\/\/www.enriquerequena.com\/fr\/#website","url":"https:\/\/www.enriquerequena.com\/fr\/","name":"ENRIQUE REQUENA","description":"Sp\u00e9cialistes des transmissions cardan avec des exp\u00e9ditions dans le monde entier et des pi\u00e8ces d\u00e9tach\u00e9es pour voitures, camions et accessoires \u00e0 Valence, en Espagne. Avec vous depuis 1950!","publisher":{"@id":"https:\/\/www.enriquerequena.com\/fr\/#organization"},"potentialAction":[{"@type":"SearchAction","target":{"@type":"EntryPoint","urlTemplate":"https:\/\/www.enriquerequena.com\/fr\/?s={search_term_string}"},"query-input":{"@type":"PropertyValueSpecification","valueRequired":true,"valueName":"search_term_string"}}],"inLanguage":"fr-FR"},{"@type":"Organization","@id":"https:\/\/www.enriquerequena.com\/fr\/#organization","name":"Enrique Requena S.L.","url":"https:\/\/www.enriquerequena.com\/fr\/","logo":{"@type":"ImageObject","inLanguage":"fr-FR","@id":"https:\/\/www.enriquerequena.com\/fr\/#\/schema\/logo\/image\/","url":"https:\/\/www.enriquerequena.com\/wp-content\/uploads\/2019\/11\/enrique-requena-recambios-logotipo.jpg","contentUrl":"https:\/\/www.enriquerequena.com\/wp-content\/uploads\/2019\/11\/enrique-requena-recambios-logotipo.jpg","width":381,"height":75,"caption":"Enrique Requena S.L."},"image":{"@id":"https:\/\/www.enriquerequena.com\/fr\/#\/schema\/logo\/image\/"}}]}},"_links":{"self":[{"href":"https:\/\/www.enriquerequena.com\/fr\/wp-json\/wp\/v2\/product\/3297","targetHints":{"allow":["GET"]}}],"collection":[{"href":"https:\/\/www.enriquerequena.com\/fr\/wp-json\/wp\/v2\/product"}],"about":[{"href":"https:\/\/www.enriquerequena.com\/fr\/wp-json\/wp\/v2\/types\/product"}],"wp:featuredmedia":[{"embeddable":true,"href":"https:\/\/www.enriquerequena.com\/fr\/wp-json\/wp\/v2\/media\/11270"}],"wp:attachment":[{"href":"https:\/\/www.enriquerequena.com\/fr\/wp-json\/wp\/v2\/media?parent=3297"}],"wp:term":[{"taxonomy":"product_brand","embeddable":true,"href":"https:\/\/www.enriquerequena.com\/fr\/wp-json\/wp\/v2\/product_brand?post=3297"},{"taxonomy":"product_cat","embeddable":true,"href":"https:\/\/www.enriquerequena.com\/fr\/wp-json\/wp\/v2\/product_cat?post=3297"},{"taxonomy":"product_tag","embeddable":true,"href":"https:\/\/www.enriquerequena.com\/fr\/wp-json\/wp\/v2\/product_tag?post=3297"}],"curies":[{"name":"wp","href":"https:\/\/api.w.org\/{rel}","templated":true}]}}