{"id":33082,"date":"2025-12-20T07:36:23","date_gmt":"2025-12-20T06:36:23","guid":{"rendered":"https:\/\/www.enriquerequena.com\/?post_type=product&#038;p=33082"},"modified":"2025-12-19T19:05:04","modified_gmt":"2025-12-19T18:05:04","slug":"arbre-de-transmission-volkswagen-crafter-2n0521102aj","status":"publish","type":"product","link":"https:\/\/www.enriquerequena.com\/fr\/tienda-online\/arbre-transmission-cardan\/arbre-transmission-cardan-fourgons\/arbre-de-transmission-volkswagen-crafter-2n0521102aj\/","title":{"rendered":"Arbre de transmission Volkswagen Crafter 2N0521102AJ"},"content":{"rendered":"<h3>Arbre de transmission Volkswagen Crafter.<\/h3>\n<p>Arbre de transmission pour <strong data-start=\"705\" data-end=\"727\">Volkswagen Crafter<\/strong>, correspondant \u00e0 la r\u00e9f\u00e9rence <strong data-start=\"758\" data-end=\"773\">2N0521102AJ<\/strong>. Il s\u2019agit d\u2019une <strong data-start=\"791\" data-end=\"806\">pi\u00e8ce neuve<\/strong>, livr\u00e9e avec <strong data-start=\"820\" data-end=\"840\">1 an de garantie<\/strong>.<br data-start=\"841\" data-end=\"844\" \/>Si vous avez le moindre doute concernant la compatibilit\u00e9 avec votre v\u00e9hicule, nous pouvons la confirmer avant l\u2019envoi gr\u00e2ce au <strong data-start=\"972\" data-end=\"986\">num\u00e9ro VIN<\/strong>, \u00e0 la <strong data-start=\"993\" data-end=\"1016\">r\u00e9f\u00e9rence d\u2019origine<\/strong> ou \u00e0 une <strong data-start=\"1026\" data-end=\"1050\">photo de l\u2019\u00e9tiquette<\/strong>.<\/p>\n<h3>Caract\u00e9ristiques Arbre de transmission Volkswagen Crafter 2N0521102AJ:<\/h3>\n<ul>\n<li>Pi\u00e8ce de rechange: Arbre de transmission<\/li>\n<li>Mod\u00e8le: Volkswagen Crafter.<\/li>\n<li>\u00c9tat: <strong>Pi\u00e8ce neuve<\/strong><\/li>\n<li><strong>Garantie d\u2019un an<\/strong><\/li>\n<li>Longueur:\u00a0 2273 mm<\/li>\n<li><span class=\"HwtZe\" lang=\"fr\"><span class=\"jCAhz ChMk0b\"><span class=\"ryNqvb\">Qualit\u00e9: <\/span><\/span><\/span><strong>Aftermarket<\/strong><\/li>\n<li><strong>R\u00e9f\u00e9rence:<\/strong>\n<ul>\n<li>2N0521102AJ<\/li>\n<\/ul>\n<\/li>\n<\/ul>\n<h3 data-start=\"1246\" data-end=\"1306\">Sympt\u00f4mes typiques d\u2019un arbre de transmission d\u00e9fectueux<\/h3>\n<p data-start=\"1307\" data-end=\"1503\">Vibrations, bruits m\u00e9talliques, claquements et jeux excessifs sont des signes courants d\u2019usure. Remplacer l\u2019arbre de transmission \u00e0 temps \u00e9vite des pannes plus graves et des r\u00e9parations co\u00fbteuses.<\/p>\n<h3 data-start=\"1505\" data-end=\"1533\">V\u00e9rification avant achat<\/h3>\n<p data-start=\"1534\" data-end=\"1583\">Pour \u00eatre s\u00fbr \u00e0 100 %, vous pouvez nous envoyer :<\/p>\n<ul data-start=\"1584\" data-end=\"1657\">\n<li data-start=\"1584\" data-end=\"1603\">\n<p data-start=\"1586\" data-end=\"1603\">Le <strong data-start=\"1589\" data-end=\"1603\">num\u00e9ro VIN<\/strong><\/p>\n<\/li>\n<li data-start=\"1604\" data-end=\"1629\">\n<p data-start=\"1606\" data-end=\"1629\">La <strong data-start=\"1609\" data-end=\"1629\">r\u00e9f\u00e9rence exacte<\/strong><\/p>\n<\/li>\n<li data-start=\"1630\" data-end=\"1657\">\n<p data-start=\"1632\" data-end=\"1657\">Une <strong data-start=\"1636\" data-end=\"1657\">photo de la pi\u00e8ce<\/strong><\/p>\n<\/li>\n<\/ul>\n<p data-start=\"1659\" data-end=\"1736\">Nous confirmons la compatibilit\u00e9 avant exp\u00e9dition afin d\u2019\u00e9viter toute erreur.<\/p>\n<h3 data-start=\"1738\" data-end=\"1773\">Exp\u00e9dition, garantie et service<\/h3>\n<p data-start=\"1774\" data-end=\"1952\">Pi\u00e8ce neuve, garantie <strong data-start=\"1796\" data-end=\"1804\">1 an<\/strong>, exp\u00e9dition rapide et assistance technique personnalis\u00e9e. Nous sommes sp\u00e9cialistes des arbres de transmission et pi\u00e8ces pour v\u00e9hicules utilitaires.<\/p>\n<p data-start=\"1774\" data-end=\"1952\">Nous proposons \u00e9galement d\u2019autres <strong><a href=\"https:\/\/www.enriquerequena.com\/fr\/categorie-produit\/arbre-transmission-cardan\/arbre-transmission-cardan-fourgons\/\"><em>arbres de transmission pour Volkswagen Crafte<\/em><\/a>r<\/strong> dans notre boutique en ligne.<\/p>\n","protected":false},"excerpt":{"rendered":"<p>Arbre de transmission pour <strong data-start=\"391\" data-end=\"413\">Volkswagen Crafter<\/strong>, compatible avec la r\u00e9f\u00e9rence <strong data-start=\"444\" data-end=\"459\">2N0521102AJ<\/strong>. Pi\u00e8ce neuve avec <strong data-start=\"478\" data-end=\"498\">1 an de garantie<\/strong>. Nous v\u00e9rifions la compatibilit\u00e9 par <strong data-start=\"536\" data-end=\"563\">VIN \/ r\u00e9f\u00e9rence \/ photo<\/strong>, avant l\u2019exp\u00e9dition.<\/p>\n","protected":false},"featured_media":33085,"template":"","meta":[],"product_brand":[],"product_cat":[144,159],"product_tag":[],"class_list":{"0":"post-33082","1":"product","2":"type-product","3":"status-publish","4":"has-post-thumbnail","6":"product_cat-arbre-transmission-cardan","7":"product_cat-arbre-transmission-cardan-fourgons","8":"pa_manufacturer-volkswagen","9":"pa_tipo-fourgons-et-vehicules-legers","11":"first","12":"instock","13":"taxable","14":"shipping-taxable","15":"purchasable","16":"product-type-simple"},"yoast_head":"<!-- This site is optimized with the Yoast SEO plugin v27.1.1 - https:\/\/yoast.com\/product\/yoast-seo-wordpress\/ -->\n<title>Arbre de transmission Volkswagen Crafter 2N0521102AJ<\/title>\n<meta name=\"description\" content=\"Arbre de transmission pour Volkswagen Crafter, compatible avec la r\u00e9f\u00e9rence 2N0521102AJ. Pi\u00e8ce neuve, garantie 1 an, exp\u00e9dition rapide.\" \/>\n<meta name=\"robots\" content=\"index, follow, max-snippet:-1, max-image-preview:large, max-video-preview:-1\" \/>\n<link rel=\"canonical\" href=\"https:\/\/www.enriquerequena.com\/fr\/tienda-online\/arbre-transmission-cardan\/arbre-transmission-cardan-fourgons\/arbre-de-transmission-volkswagen-crafter-2n0521102aj\/\" \/>\n<meta property=\"og:locale\" content=\"fr_FR\" \/>\n<meta property=\"og:type\" content=\"article\" \/>\n<meta property=\"og:title\" content=\"Arbre de transmission Volkswagen Crafter 2N0521102AJ\" \/>\n<meta property=\"og:description\" content=\"Arbre de transmission pour Volkswagen Crafter, compatible avec la r\u00e9f\u00e9rence 2N0521102AJ. Pi\u00e8ce neuve, garantie 1 an, exp\u00e9dition rapide.\" \/>\n<meta property=\"og:url\" content=\"https:\/\/www.enriquerequena.com\/fr\/tienda-online\/arbre-transmission-cardan\/arbre-transmission-cardan-fourgons\/arbre-de-transmission-volkswagen-crafter-2n0521102aj\/\" \/>\n<meta property=\"og:site_name\" content=\"ENRIQUE REQUENA\" \/>\n<meta property=\"og:image\" content=\"https:\/\/www.enriquerequena.com\/wp-content\/uploads\/2025\/12\/crafter.jpg\" \/>\n\t<meta property=\"og:image:width\" content=\"800\" \/>\n\t<meta property=\"og:image:height\" content=\"800\" \/>\n\t<meta property=\"og:image:type\" content=\"image\/jpeg\" \/>\n<meta name=\"twitter:card\" content=\"summary_large_image\" \/>\n<meta name=\"twitter:label1\" content=\"Dur\u00e9e de lecture estim\u00e9e\" \/>\n\t<meta name=\"twitter:data1\" content=\"2 minutes\" \/>\n<script type=\"application\/ld+json\" class=\"yoast-schema-graph\">{\"@context\":\"https:\/\/schema.org\",\"@graph\":[{\"@type\":\"WebPage\",\"@id\":\"https:\/\/www.enriquerequena.com\/fr\/tienda-online\/arbre-transmission-cardan\/arbre-transmission-cardan-fourgons\/arbre-de-transmission-volkswagen-crafter-2n0521102aj\/\",\"url\":\"https:\/\/www.enriquerequena.com\/fr\/tienda-online\/arbre-transmission-cardan\/arbre-transmission-cardan-fourgons\/arbre-de-transmission-volkswagen-crafter-2n0521102aj\/\",\"name\":\"Arbre de transmission Volkswagen Crafter 2N0521102AJ\",\"isPartOf\":{\"@id\":\"https:\/\/www.enriquerequena.com\/fr\/#website\"},\"primaryImageOfPage\":{\"@id\":\"https:\/\/www.enriquerequena.com\/fr\/tienda-online\/arbre-transmission-cardan\/arbre-transmission-cardan-fourgons\/arbre-de-transmission-volkswagen-crafter-2n0521102aj\/#primaryimage\"},\"image\":{\"@id\":\"https:\/\/www.enriquerequena.com\/fr\/tienda-online\/arbre-transmission-cardan\/arbre-transmission-cardan-fourgons\/arbre-de-transmission-volkswagen-crafter-2n0521102aj\/#primaryimage\"},\"thumbnailUrl\":\"https:\/\/www.enriquerequena.com\/wp-content\/uploads\/2025\/12\/crafter.jpg\",\"datePublished\":\"2025-12-20T06:36:23+00:00\",\"description\":\"Arbre de transmission pour Volkswagen Crafter, compatible avec la r\u00e9f\u00e9rence 2N0521102AJ. Pi\u00e8ce neuve, garantie 1 an, exp\u00e9dition rapide.\",\"breadcrumb\":{\"@id\":\"https:\/\/www.enriquerequena.com\/fr\/tienda-online\/arbre-transmission-cardan\/arbre-transmission-cardan-fourgons\/arbre-de-transmission-volkswagen-crafter-2n0521102aj\/#breadcrumb\"},\"inLanguage\":\"fr-FR\",\"potentialAction\":[{\"@type\":\"ReadAction\",\"target\":[\"https:\/\/www.enriquerequena.com\/fr\/tienda-online\/arbre-transmission-cardan\/arbre-transmission-cardan-fourgons\/arbre-de-transmission-volkswagen-crafter-2n0521102aj\/\"]}]},{\"@type\":\"ImageObject\",\"inLanguage\":\"fr-FR\",\"@id\":\"https:\/\/www.enriquerequena.com\/fr\/tienda-online\/arbre-transmission-cardan\/arbre-transmission-cardan-fourgons\/arbre-de-transmission-volkswagen-crafter-2n0521102aj\/#primaryimage\",\"url\":\"https:\/\/www.enriquerequena.com\/wp-content\/uploads\/2025\/12\/crafter.jpg\",\"contentUrl\":\"https:\/\/www.enriquerequena.com\/wp-content\/uploads\/2025\/12\/crafter.jpg\",\"width\":800,\"height\":800,\"caption\":\"Arbre de transmission Volkswagen Crafter.\"},{\"@type\":\"WebSite\",\"@id\":\"https:\/\/www.enriquerequena.com\/fr\/#website\",\"url\":\"https:\/\/www.enriquerequena.com\/fr\/\",\"name\":\"ENRIQUE REQUENA\",\"description\":\"Sp\u00e9cialistes des transmissions cardan avec des exp\u00e9ditions dans le monde entier et des pi\u00e8ces d\u00e9tach\u00e9es pour voitures, camions et accessoires \u00e0 Valence, en Espagne. Avec vous depuis 1950!\",\"publisher\":{\"@id\":\"https:\/\/www.enriquerequena.com\/fr\/#organization\"},\"potentialAction\":[{\"@type\":\"SearchAction\",\"target\":{\"@type\":\"EntryPoint\",\"urlTemplate\":\"https:\/\/www.enriquerequena.com\/fr\/?s={search_term_string}\"},\"query-input\":{\"@type\":\"PropertyValueSpecification\",\"valueRequired\":true,\"valueName\":\"search_term_string\"}}],\"inLanguage\":\"fr-FR\"},{\"@type\":\"Organization\",\"@id\":\"https:\/\/www.enriquerequena.com\/fr\/#organization\",\"name\":\"Enrique Requena S.L.\",\"url\":\"https:\/\/www.enriquerequena.com\/fr\/\",\"logo\":{\"@type\":\"ImageObject\",\"inLanguage\":\"fr-FR\",\"@id\":\"https:\/\/www.enriquerequena.com\/fr\/#\/schema\/logo\/image\/\",\"url\":\"https:\/\/www.enriquerequena.com\/wp-content\/uploads\/2019\/11\/enrique-requena-recambios-logotipo.jpg\",\"contentUrl\":\"https:\/\/www.enriquerequena.com\/wp-content\/uploads\/2019\/11\/enrique-requena-recambios-logotipo.jpg\",\"width\":381,\"height\":75,\"caption\":\"Enrique Requena S.L.\"},\"image\":{\"@id\":\"https:\/\/www.enriquerequena.com\/fr\/#\/schema\/logo\/image\/\"}}]}<\/script>\n<!-- \/ Yoast SEO plugin. -->","yoast_head_json":{"title":"Arbre de transmission Volkswagen Crafter 2N0521102AJ","description":"Arbre de transmission pour Volkswagen Crafter, compatible avec la r\u00e9f\u00e9rence 2N0521102AJ. Pi\u00e8ce neuve, garantie 1 an, exp\u00e9dition rapide.","robots":{"index":"index","follow":"follow","max-snippet":"max-snippet:-1","max-image-preview":"max-image-preview:large","max-video-preview":"max-video-preview:-1"},"canonical":"https:\/\/www.enriquerequena.com\/fr\/tienda-online\/arbre-transmission-cardan\/arbre-transmission-cardan-fourgons\/arbre-de-transmission-volkswagen-crafter-2n0521102aj\/","og_locale":"fr_FR","og_type":"article","og_title":"Arbre de transmission Volkswagen Crafter 2N0521102AJ","og_description":"Arbre de transmission pour Volkswagen Crafter, compatible avec la r\u00e9f\u00e9rence 2N0521102AJ. Pi\u00e8ce neuve, garantie 1 an, exp\u00e9dition rapide.","og_url":"https:\/\/www.enriquerequena.com\/fr\/tienda-online\/arbre-transmission-cardan\/arbre-transmission-cardan-fourgons\/arbre-de-transmission-volkswagen-crafter-2n0521102aj\/","og_site_name":"ENRIQUE REQUENA","og_image":[{"width":800,"height":800,"url":"https:\/\/www.enriquerequena.com\/wp-content\/uploads\/2025\/12\/crafter.jpg","type":"image\/jpeg"}],"twitter_card":"summary_large_image","twitter_misc":{"Dur\u00e9e de lecture estim\u00e9e":"2 minutes"},"schema":{"@context":"https:\/\/schema.org","@graph":[{"@type":"WebPage","@id":"https:\/\/www.enriquerequena.com\/fr\/tienda-online\/arbre-transmission-cardan\/arbre-transmission-cardan-fourgons\/arbre-de-transmission-volkswagen-crafter-2n0521102aj\/","url":"https:\/\/www.enriquerequena.com\/fr\/tienda-online\/arbre-transmission-cardan\/arbre-transmission-cardan-fourgons\/arbre-de-transmission-volkswagen-crafter-2n0521102aj\/","name":"Arbre de transmission Volkswagen Crafter 2N0521102AJ","isPartOf":{"@id":"https:\/\/www.enriquerequena.com\/fr\/#website"},"primaryImageOfPage":{"@id":"https:\/\/www.enriquerequena.com\/fr\/tienda-online\/arbre-transmission-cardan\/arbre-transmission-cardan-fourgons\/arbre-de-transmission-volkswagen-crafter-2n0521102aj\/#primaryimage"},"image":{"@id":"https:\/\/www.enriquerequena.com\/fr\/tienda-online\/arbre-transmission-cardan\/arbre-transmission-cardan-fourgons\/arbre-de-transmission-volkswagen-crafter-2n0521102aj\/#primaryimage"},"thumbnailUrl":"https:\/\/www.enriquerequena.com\/wp-content\/uploads\/2025\/12\/crafter.jpg","datePublished":"2025-12-20T06:36:23+00:00","description":"Arbre de transmission pour Volkswagen Crafter, compatible avec la r\u00e9f\u00e9rence 2N0521102AJ. Pi\u00e8ce neuve, garantie 1 an, exp\u00e9dition rapide.","breadcrumb":{"@id":"https:\/\/www.enriquerequena.com\/fr\/tienda-online\/arbre-transmission-cardan\/arbre-transmission-cardan-fourgons\/arbre-de-transmission-volkswagen-crafter-2n0521102aj\/#breadcrumb"},"inLanguage":"fr-FR","potentialAction":[{"@type":"ReadAction","target":["https:\/\/www.enriquerequena.com\/fr\/tienda-online\/arbre-transmission-cardan\/arbre-transmission-cardan-fourgons\/arbre-de-transmission-volkswagen-crafter-2n0521102aj\/"]}]},{"@type":"ImageObject","inLanguage":"fr-FR","@id":"https:\/\/www.enriquerequena.com\/fr\/tienda-online\/arbre-transmission-cardan\/arbre-transmission-cardan-fourgons\/arbre-de-transmission-volkswagen-crafter-2n0521102aj\/#primaryimage","url":"https:\/\/www.enriquerequena.com\/wp-content\/uploads\/2025\/12\/crafter.jpg","contentUrl":"https:\/\/www.enriquerequena.com\/wp-content\/uploads\/2025\/12\/crafter.jpg","width":800,"height":800,"caption":"Arbre de transmission Volkswagen Crafter."},{"@type":"WebSite","@id":"https:\/\/www.enriquerequena.com\/fr\/#website","url":"https:\/\/www.enriquerequena.com\/fr\/","name":"ENRIQUE REQUENA","description":"Sp\u00e9cialistes des transmissions cardan avec des exp\u00e9ditions dans le monde entier et des pi\u00e8ces d\u00e9tach\u00e9es pour voitures, camions et accessoires \u00e0 Valence, en Espagne. Avec vous depuis 1950!","publisher":{"@id":"https:\/\/www.enriquerequena.com\/fr\/#organization"},"potentialAction":[{"@type":"SearchAction","target":{"@type":"EntryPoint","urlTemplate":"https:\/\/www.enriquerequena.com\/fr\/?s={search_term_string}"},"query-input":{"@type":"PropertyValueSpecification","valueRequired":true,"valueName":"search_term_string"}}],"inLanguage":"fr-FR"},{"@type":"Organization","@id":"https:\/\/www.enriquerequena.com\/fr\/#organization","name":"Enrique Requena S.L.","url":"https:\/\/www.enriquerequena.com\/fr\/","logo":{"@type":"ImageObject","inLanguage":"fr-FR","@id":"https:\/\/www.enriquerequena.com\/fr\/#\/schema\/logo\/image\/","url":"https:\/\/www.enriquerequena.com\/wp-content\/uploads\/2019\/11\/enrique-requena-recambios-logotipo.jpg","contentUrl":"https:\/\/www.enriquerequena.com\/wp-content\/uploads\/2019\/11\/enrique-requena-recambios-logotipo.jpg","width":381,"height":75,"caption":"Enrique Requena S.L."},"image":{"@id":"https:\/\/www.enriquerequena.com\/fr\/#\/schema\/logo\/image\/"}}]}},"_links":{"self":[{"href":"https:\/\/www.enriquerequena.com\/fr\/wp-json\/wp\/v2\/product\/33082","targetHints":{"allow":["GET"]}}],"collection":[{"href":"https:\/\/www.enriquerequena.com\/fr\/wp-json\/wp\/v2\/product"}],"about":[{"href":"https:\/\/www.enriquerequena.com\/fr\/wp-json\/wp\/v2\/types\/product"}],"wp:featuredmedia":[{"embeddable":true,"href":"https:\/\/www.enriquerequena.com\/fr\/wp-json\/wp\/v2\/media\/33085"}],"wp:attachment":[{"href":"https:\/\/www.enriquerequena.com\/fr\/wp-json\/wp\/v2\/media?parent=33082"}],"wp:term":[{"taxonomy":"product_brand","embeddable":true,"href":"https:\/\/www.enriquerequena.com\/fr\/wp-json\/wp\/v2\/product_brand?post=33082"},{"taxonomy":"product_cat","embeddable":true,"href":"https:\/\/www.enriquerequena.com\/fr\/wp-json\/wp\/v2\/product_cat?post=33082"},{"taxonomy":"product_tag","embeddable":true,"href":"https:\/\/www.enriquerequena.com\/fr\/wp-json\/wp\/v2\/product_tag?post=33082"}],"curies":[{"name":"wp","href":"https:\/\/api.w.org\/{rel}","templated":true}]}}