{"id":33104,"date":"2026-01-18T13:55:03","date_gmt":"2026-01-18T12:55:03","guid":{"rendered":"https:\/\/www.enriquerequena.com\/?post_type=product&#038;p=33104"},"modified":"2026-01-16T18:41:00","modified_gmt":"2026-01-16T17:41:00","slug":"arbre-de-transmission-mercedes-sprinter-a9064100616-a9064102506","status":"publish","type":"product","link":"https:\/\/www.enriquerequena.com\/fr\/tienda-online\/arbre-transmission-cardan\/arbre-transmission-cardan-fourgons\/arbre-de-transmission-mercedes-sprinter-a9064100616-a9064102506\/","title":{"rendered":"Arbre de transmission Mercedes Sprinter A9064100616 \/ A9064102506."},"content":{"rendered":"<h3>Arbre de transmission Mercedes Sprinter.<\/h3>\n<p><strong>Arbre de transmission pour Mercedes Sprinter<\/strong> avec r\u00e9f\u00e9rences A9064100616, A9064102506, 9064100616, 9064102506, A 906 410 06 16, A 906 410 25 06, est une transmission de Mercedes <strong>neuve avec une garantie d\u2019un an<\/strong>.<\/p>\n<p>Notre tramission est fabriqu\u00e9 pour supporter des conditions exigeantes et offrir une <strong>durabilit\u00e9 et une fiabilit\u00e9 exceptionnelles<\/strong>. Chaque unit\u00e9 est soumise \u00e0 des tests de qualit\u00e9 rigoureux pour garantir qu\u2019elle respecte les normes les plus \u00e9lev\u00e9es et assure un fonctionnement fiable dans diverses situations de conduite.<\/p>\n<h3>Caract\u00e9ristiques techniques arbre de transmission\u00a0 pour Mercedes Sprinter:<\/h3>\n<ul>\n<li>Pi\u00e8ce de rechange: Arbre de transmission<\/li>\n<li>Mod\u00e8le: Mercedes Sprinter.<\/li>\n<li>\u00c9tat: <strong>Pi\u00e8ce neuve<\/strong><\/li>\n<li><strong>Garantie d\u2019un an<br \/>\n<\/strong><\/li>\n<li><strong><span class=\"HwtZe\" lang=\"fr\"><span class=\"jCAhz ChMk0b\"><span class=\"ryNqvb\">Qualit\u00e9: Aftermarket<\/span><\/span><\/span><\/strong><\/li>\n<li>Longueur: 2385mm<\/li>\n<li><strong>R\u00e9f\u00e9rence:<\/strong>\n<ul>\n<li>A9064100616<\/li>\n<li>A9064102506<\/li>\n<li>9064100616<\/li>\n<li>9064102506<\/li>\n<li>A 906 410 06 16<\/li>\n<li>A 906 410 25 06<\/li>\n<\/ul>\n<\/li>\n<\/ul>\n<p><strong>Avec plus de 74 ans d\u2019exp\u00e9rience<\/strong> dans le secteur des pi\u00e8ces d\u00e9tach\u00e9es d\u00b4automobiles, Enrique Requena a \u00e9tabli une solide r\u00e9putation gr\u00e2ce \u00e0 notre engagement envers <strong>la qualit\u00e9 et le service client<\/strong>. Nous proposons des produits de <strong>haute qualit\u00e9 \u00e0 des prix comp\u00e9titifs<\/strong>, soutenus par un <strong>service exceptionnel et une attention personnalis\u00e9e<\/strong>.<\/p>\n<p><strong>Faites confiance<\/strong> \u00e0 Enrique Requena et d\u00e9couvrez la diff\u00e9rence que notre expertise et notre d\u00e9vouement peuvent apporter \u00e0 votre v\u00e9hicule.<\/p>\n<p><strong>Passez votre commande d\u00e8s aujourd\u2019hui<\/strong> et assurez le fonctionnement optimal de votre <strong>Mercedes Sprinter<\/strong> avec notre arbre de transmission.<\/p>\n<p><span class=\"HwtZe\" lang=\"fr\"><span class=\"jCAhz ChMk0b\"><span class=\"ryNqvb\">N&rsquo;h\u00e9sitez pas \u00e0 nous appeler pour vous renseigner sur <em><strong>d\u00b4<a href=\"https:\/\/www.enriquerequena.com\/fr\/categorie-produit\/arbre-transmission-cardan\/arbre-transmission-cardan-fourgons\/\">autres mod\u00e8les d&rsquo;arbres de transmission<\/a> pour Sprinter.<\/strong><\/em><\/span><\/span><\/span><\/p>\n","protected":false},"excerpt":{"rendered":"<p><strong>Arbre de transmission pour Mercedes Sprinter<\/strong> avec r\u00e9f\u00e9rences A9064100616, A9064102506, 9064100616, 9064102506, A 906 410 06 16, A 906 410 25 06, est une transmission de Mercedes <strong>neuve avec une garantie d\u2019un an<\/strong>.<\/p>\n","protected":false},"featured_media":14360,"template":"","meta":[],"product_brand":[],"product_cat":[144,159],"product_tag":[],"class_list":{"0":"post-33104","1":"product","2":"type-product","3":"status-publish","4":"has-post-thumbnail","6":"product_cat-arbre-transmission-cardan","7":"product_cat-arbre-transmission-cardan-fourgons","8":"pa_manufacturer-mercedes-benz","9":"pa_tipo-fourgons-et-vehicules-legers","11":"first","12":"instock","13":"taxable","14":"shipping-taxable","15":"purchasable","16":"product-type-simple"},"yoast_head":"<!-- This site is optimized with the Yoast SEO plugin v27.5 - https:\/\/yoast.com\/product\/yoast-seo-wordpress\/ -->\n<title>Arbre de transmission Mercedes Sprinter A9064100616 \/ A9064102506.<\/title>\n<meta name=\"description\" content=\"Arbre de transmission pour Mercedes Sprinter avec r\u00e9f\u00e9rences A9064100616, A9064102506, est une transmission de Mercedes neuve avec une garantie d\u2019un an.\" \/>\n<meta name=\"robots\" content=\"index, follow, max-snippet:-1, max-image-preview:large, max-video-preview:-1\" \/>\n<link rel=\"canonical\" href=\"https:\/\/www.enriquerequena.com\/fr\/tienda-online\/arbre-transmission-cardan\/arbre-transmission-cardan-fourgons\/arbre-de-transmission-mercedes-sprinter-a9064100616-a9064102506\/\" \/>\n<meta property=\"og:locale\" content=\"fr_FR\" \/>\n<meta property=\"og:type\" content=\"article\" \/>\n<meta property=\"og:title\" content=\"Arbre de transmission Mercedes Sprinter A9064100616 \/ A9064102506.\" \/>\n<meta property=\"og:description\" content=\"Arbre de transmission pour Mercedes Sprinter avec r\u00e9f\u00e9rences A9064100616, A9064102506, est une transmission de Mercedes neuve avec une garantie d\u2019un an.\" \/>\n<meta property=\"og:url\" content=\"https:\/\/www.enriquerequena.com\/fr\/tienda-online\/arbre-transmission-cardan\/arbre-transmission-cardan-fourgons\/arbre-de-transmission-mercedes-sprinter-a9064100616-a9064102506\/\" \/>\n<meta property=\"og:site_name\" content=\"ENRIQUE REQUENA\" \/>\n<meta property=\"og:image\" content=\"https:\/\/www.enriquerequena.com\/wp-content\/uploads\/2020\/09\/TRANSMISION-CARDAN-ARBRE-DE-TRANSMISSION-PROPSHAFT-Mercedes-Sprinter-A9064107616-A-9064107616.jpg\" \/>\n\t<meta property=\"og:image:width\" content=\"800\" \/>\n\t<meta property=\"og:image:height\" content=\"800\" \/>\n\t<meta property=\"og:image:type\" content=\"image\/jpeg\" \/>\n<meta name=\"twitter:card\" content=\"summary_large_image\" \/>\n<meta name=\"twitter:label1\" content=\"Dur\u00e9e de lecture estim\u00e9e\" \/>\n\t<meta name=\"twitter:data1\" content=\"2 minutes\" \/>\n<script type=\"application\/ld+json\" class=\"yoast-schema-graph\">{\"@context\":\"https:\\\/\\\/schema.org\",\"@graph\":[{\"@type\":\"WebPage\",\"@id\":\"https:\\\/\\\/www.enriquerequena.com\\\/fr\\\/tienda-online\\\/arbre-transmission-cardan\\\/arbre-transmission-cardan-fourgons\\\/arbre-de-transmission-mercedes-sprinter-a9064100616-a9064102506\\\/\",\"url\":\"https:\\\/\\\/www.enriquerequena.com\\\/fr\\\/tienda-online\\\/arbre-transmission-cardan\\\/arbre-transmission-cardan-fourgons\\\/arbre-de-transmission-mercedes-sprinter-a9064100616-a9064102506\\\/\",\"name\":\"Arbre de transmission Mercedes Sprinter A9064100616 \\\/ A9064102506.\",\"isPartOf\":{\"@id\":\"https:\\\/\\\/www.enriquerequena.com\\\/fr\\\/#website\"},\"primaryImageOfPage\":{\"@id\":\"https:\\\/\\\/www.enriquerequena.com\\\/fr\\\/tienda-online\\\/arbre-transmission-cardan\\\/arbre-transmission-cardan-fourgons\\\/arbre-de-transmission-mercedes-sprinter-a9064100616-a9064102506\\\/#primaryimage\"},\"image\":{\"@id\":\"https:\\\/\\\/www.enriquerequena.com\\\/fr\\\/tienda-online\\\/arbre-transmission-cardan\\\/arbre-transmission-cardan-fourgons\\\/arbre-de-transmission-mercedes-sprinter-a9064100616-a9064102506\\\/#primaryimage\"},\"thumbnailUrl\":\"https:\\\/\\\/www.enriquerequena.com\\\/wp-content\\\/uploads\\\/2020\\\/09\\\/TRANSMISION-CARDAN-ARBRE-DE-TRANSMISSION-PROPSHAFT-Mercedes-Sprinter-A9064107616-A-9064107616.jpg\",\"datePublished\":\"2026-01-18T12:55:03+00:00\",\"description\":\"Arbre de transmission pour Mercedes Sprinter avec r\u00e9f\u00e9rences A9064100616, A9064102506, est une transmission de Mercedes neuve avec une garantie d\u2019un an.\",\"breadcrumb\":{\"@id\":\"https:\\\/\\\/www.enriquerequena.com\\\/fr\\\/tienda-online\\\/arbre-transmission-cardan\\\/arbre-transmission-cardan-fourgons\\\/arbre-de-transmission-mercedes-sprinter-a9064100616-a9064102506\\\/#breadcrumb\"},\"inLanguage\":\"fr-FR\",\"potentialAction\":[{\"@type\":\"ReadAction\",\"target\":[\"https:\\\/\\\/www.enriquerequena.com\\\/fr\\\/tienda-online\\\/arbre-transmission-cardan\\\/arbre-transmission-cardan-fourgons\\\/arbre-de-transmission-mercedes-sprinter-a9064100616-a9064102506\\\/\"]}]},{\"@type\":\"ImageObject\",\"inLanguage\":\"fr-FR\",\"@id\":\"https:\\\/\\\/www.enriquerequena.com\\\/fr\\\/tienda-online\\\/arbre-transmission-cardan\\\/arbre-transmission-cardan-fourgons\\\/arbre-de-transmission-mercedes-sprinter-a9064100616-a9064102506\\\/#primaryimage\",\"url\":\"https:\\\/\\\/www.enriquerequena.com\\\/wp-content\\\/uploads\\\/2020\\\/09\\\/TRANSMISION-CARDAN-ARBRE-DE-TRANSMISSION-PROPSHAFT-Mercedes-Sprinter-A9064107616-A-9064107616.jpg\",\"contentUrl\":\"https:\\\/\\\/www.enriquerequena.com\\\/wp-content\\\/uploads\\\/2020\\\/09\\\/TRANSMISION-CARDAN-ARBRE-DE-TRANSMISSION-PROPSHAFT-Mercedes-Sprinter-A9064107616-A-9064107616.jpg\",\"width\":800,\"height\":800,\"caption\":\"Arbre de transmission Mercedes Sprinter.\"},{\"@type\":\"WebSite\",\"@id\":\"https:\\\/\\\/www.enriquerequena.com\\\/fr\\\/#website\",\"url\":\"https:\\\/\\\/www.enriquerequena.com\\\/fr\\\/\",\"name\":\"ENRIQUE REQUENA\",\"description\":\"Sp\u00e9cialistes des transmissions cardan avec des exp\u00e9ditions dans le monde entier et des pi\u00e8ces d\u00e9tach\u00e9es pour voitures, camions et accessoires \u00e0 Valence, en Espagne. Avec vous depuis 1950!\",\"publisher\":{\"@id\":\"https:\\\/\\\/www.enriquerequena.com\\\/fr\\\/#organization\"},\"potentialAction\":[{\"@type\":\"SearchAction\",\"target\":{\"@type\":\"EntryPoint\",\"urlTemplate\":\"https:\\\/\\\/www.enriquerequena.com\\\/fr\\\/?s={search_term_string}\"},\"query-input\":{\"@type\":\"PropertyValueSpecification\",\"valueRequired\":true,\"valueName\":\"search_term_string\"}}],\"inLanguage\":\"fr-FR\"},{\"@type\":\"Organization\",\"@id\":\"https:\\\/\\\/www.enriquerequena.com\\\/fr\\\/#organization\",\"name\":\"Enrique Requena S.L.\",\"url\":\"https:\\\/\\\/www.enriquerequena.com\\\/fr\\\/\",\"logo\":{\"@type\":\"ImageObject\",\"inLanguage\":\"fr-FR\",\"@id\":\"https:\\\/\\\/www.enriquerequena.com\\\/fr\\\/#\\\/schema\\\/logo\\\/image\\\/\",\"url\":\"https:\\\/\\\/www.enriquerequena.com\\\/wp-content\\\/uploads\\\/2019\\\/11\\\/enrique-requena-recambios-logotipo.jpg\",\"contentUrl\":\"https:\\\/\\\/www.enriquerequena.com\\\/wp-content\\\/uploads\\\/2019\\\/11\\\/enrique-requena-recambios-logotipo.jpg\",\"width\":381,\"height\":75,\"caption\":\"Enrique Requena S.L.\"},\"image\":{\"@id\":\"https:\\\/\\\/www.enriquerequena.com\\\/fr\\\/#\\\/schema\\\/logo\\\/image\\\/\"}}]}<\/script>\n<!-- \/ Yoast SEO plugin. -->","yoast_head_json":{"title":"Arbre de transmission Mercedes Sprinter A9064100616 \/ A9064102506.","description":"Arbre de transmission pour Mercedes Sprinter avec r\u00e9f\u00e9rences A9064100616, A9064102506, est une transmission de Mercedes neuve avec une garantie d\u2019un an.","robots":{"index":"index","follow":"follow","max-snippet":"max-snippet:-1","max-image-preview":"max-image-preview:large","max-video-preview":"max-video-preview:-1"},"canonical":"https:\/\/www.enriquerequena.com\/fr\/tienda-online\/arbre-transmission-cardan\/arbre-transmission-cardan-fourgons\/arbre-de-transmission-mercedes-sprinter-a9064100616-a9064102506\/","og_locale":"fr_FR","og_type":"article","og_title":"Arbre de transmission Mercedes Sprinter A9064100616 \/ A9064102506.","og_description":"Arbre de transmission pour Mercedes Sprinter avec r\u00e9f\u00e9rences A9064100616, A9064102506, est une transmission de Mercedes neuve avec une garantie d\u2019un an.","og_url":"https:\/\/www.enriquerequena.com\/fr\/tienda-online\/arbre-transmission-cardan\/arbre-transmission-cardan-fourgons\/arbre-de-transmission-mercedes-sprinter-a9064100616-a9064102506\/","og_site_name":"ENRIQUE REQUENA","og_image":[{"width":800,"height":800,"url":"https:\/\/www.enriquerequena.com\/wp-content\/uploads\/2020\/09\/TRANSMISION-CARDAN-ARBRE-DE-TRANSMISSION-PROPSHAFT-Mercedes-Sprinter-A9064107616-A-9064107616.jpg","type":"image\/jpeg"}],"twitter_card":"summary_large_image","twitter_misc":{"Dur\u00e9e de lecture estim\u00e9e":"2 minutes"},"schema":{"@context":"https:\/\/schema.org","@graph":[{"@type":"WebPage","@id":"https:\/\/www.enriquerequena.com\/fr\/tienda-online\/arbre-transmission-cardan\/arbre-transmission-cardan-fourgons\/arbre-de-transmission-mercedes-sprinter-a9064100616-a9064102506\/","url":"https:\/\/www.enriquerequena.com\/fr\/tienda-online\/arbre-transmission-cardan\/arbre-transmission-cardan-fourgons\/arbre-de-transmission-mercedes-sprinter-a9064100616-a9064102506\/","name":"Arbre de transmission Mercedes Sprinter A9064100616 \/ A9064102506.","isPartOf":{"@id":"https:\/\/www.enriquerequena.com\/fr\/#website"},"primaryImageOfPage":{"@id":"https:\/\/www.enriquerequena.com\/fr\/tienda-online\/arbre-transmission-cardan\/arbre-transmission-cardan-fourgons\/arbre-de-transmission-mercedes-sprinter-a9064100616-a9064102506\/#primaryimage"},"image":{"@id":"https:\/\/www.enriquerequena.com\/fr\/tienda-online\/arbre-transmission-cardan\/arbre-transmission-cardan-fourgons\/arbre-de-transmission-mercedes-sprinter-a9064100616-a9064102506\/#primaryimage"},"thumbnailUrl":"https:\/\/www.enriquerequena.com\/wp-content\/uploads\/2020\/09\/TRANSMISION-CARDAN-ARBRE-DE-TRANSMISSION-PROPSHAFT-Mercedes-Sprinter-A9064107616-A-9064107616.jpg","datePublished":"2026-01-18T12:55:03+00:00","description":"Arbre de transmission pour Mercedes Sprinter avec r\u00e9f\u00e9rences A9064100616, A9064102506, est une transmission de Mercedes neuve avec une garantie d\u2019un an.","breadcrumb":{"@id":"https:\/\/www.enriquerequena.com\/fr\/tienda-online\/arbre-transmission-cardan\/arbre-transmission-cardan-fourgons\/arbre-de-transmission-mercedes-sprinter-a9064100616-a9064102506\/#breadcrumb"},"inLanguage":"fr-FR","potentialAction":[{"@type":"ReadAction","target":["https:\/\/www.enriquerequena.com\/fr\/tienda-online\/arbre-transmission-cardan\/arbre-transmission-cardan-fourgons\/arbre-de-transmission-mercedes-sprinter-a9064100616-a9064102506\/"]}]},{"@type":"ImageObject","inLanguage":"fr-FR","@id":"https:\/\/www.enriquerequena.com\/fr\/tienda-online\/arbre-transmission-cardan\/arbre-transmission-cardan-fourgons\/arbre-de-transmission-mercedes-sprinter-a9064100616-a9064102506\/#primaryimage","url":"https:\/\/www.enriquerequena.com\/wp-content\/uploads\/2020\/09\/TRANSMISION-CARDAN-ARBRE-DE-TRANSMISSION-PROPSHAFT-Mercedes-Sprinter-A9064107616-A-9064107616.jpg","contentUrl":"https:\/\/www.enriquerequena.com\/wp-content\/uploads\/2020\/09\/TRANSMISION-CARDAN-ARBRE-DE-TRANSMISSION-PROPSHAFT-Mercedes-Sprinter-A9064107616-A-9064107616.jpg","width":800,"height":800,"caption":"Arbre de transmission Mercedes Sprinter."},{"@type":"WebSite","@id":"https:\/\/www.enriquerequena.com\/fr\/#website","url":"https:\/\/www.enriquerequena.com\/fr\/","name":"ENRIQUE REQUENA","description":"Sp\u00e9cialistes des transmissions cardan avec des exp\u00e9ditions dans le monde entier et des pi\u00e8ces d\u00e9tach\u00e9es pour voitures, camions et accessoires \u00e0 Valence, en Espagne. Avec vous depuis 1950!","publisher":{"@id":"https:\/\/www.enriquerequena.com\/fr\/#organization"},"potentialAction":[{"@type":"SearchAction","target":{"@type":"EntryPoint","urlTemplate":"https:\/\/www.enriquerequena.com\/fr\/?s={search_term_string}"},"query-input":{"@type":"PropertyValueSpecification","valueRequired":true,"valueName":"search_term_string"}}],"inLanguage":"fr-FR"},{"@type":"Organization","@id":"https:\/\/www.enriquerequena.com\/fr\/#organization","name":"Enrique Requena S.L.","url":"https:\/\/www.enriquerequena.com\/fr\/","logo":{"@type":"ImageObject","inLanguage":"fr-FR","@id":"https:\/\/www.enriquerequena.com\/fr\/#\/schema\/logo\/image\/","url":"https:\/\/www.enriquerequena.com\/wp-content\/uploads\/2019\/11\/enrique-requena-recambios-logotipo.jpg","contentUrl":"https:\/\/www.enriquerequena.com\/wp-content\/uploads\/2019\/11\/enrique-requena-recambios-logotipo.jpg","width":381,"height":75,"caption":"Enrique Requena S.L."},"image":{"@id":"https:\/\/www.enriquerequena.com\/fr\/#\/schema\/logo\/image\/"}}]}},"_links":{"self":[{"href":"https:\/\/www.enriquerequena.com\/fr\/wp-json\/wp\/v2\/product\/33104","targetHints":{"allow":["GET"]}}],"collection":[{"href":"https:\/\/www.enriquerequena.com\/fr\/wp-json\/wp\/v2\/product"}],"about":[{"href":"https:\/\/www.enriquerequena.com\/fr\/wp-json\/wp\/v2\/types\/product"}],"wp:featuredmedia":[{"embeddable":true,"href":"https:\/\/www.enriquerequena.com\/fr\/wp-json\/wp\/v2\/media\/14360"}],"wp:attachment":[{"href":"https:\/\/www.enriquerequena.com\/fr\/wp-json\/wp\/v2\/media?parent=33104"}],"wp:term":[{"taxonomy":"product_brand","embeddable":true,"href":"https:\/\/www.enriquerequena.com\/fr\/wp-json\/wp\/v2\/product_brand?post=33104"},{"taxonomy":"product_cat","embeddable":true,"href":"https:\/\/www.enriquerequena.com\/fr\/wp-json\/wp\/v2\/product_cat?post=33104"},{"taxonomy":"product_tag","embeddable":true,"href":"https:\/\/www.enriquerequena.com\/fr\/wp-json\/wp\/v2\/product_tag?post=33104"}],"curies":[{"name":"wp","href":"https:\/\/api.w.org\/{rel}","templated":true}]}}