{"id":3323,"date":"2017-04-21T10:27:10","date_gmt":"2017-04-21T10:27:10","guid":{"rendered":"https:\/\/www.enriquerequena.com\/?post_type=product&#038;p=3323"},"modified":"2023-02-07T16:40:37","modified_gmt":"2023-02-07T15:40:37","slug":"arbre-transmission-cardan-volkswagen-crafter-2e0521101ab-2e0521293j","status":"publish","type":"product","link":"https:\/\/www.enriquerequena.com\/fr\/tienda-online\/arbre-transmission-cardan\/arbre-transmission-cardan-fourgons\/arbre-transmission-cardan-volkswagen-crafter-2e0521101ab-2e0521293j\/","title":{"rendered":"Arbre de transmission \u00e0 cardan Volkswagen Crafter 2E0521101AB 2E0521293J"},"content":{"rendered":"<p style=\"text-align: justify;\"><span style=\"color: #666699;\">Arbre de transmission \u00e0 cardan pour Volkswagen Crafter avec r\u00e9f\u00e9rence 2E0521101AB 2E0521293J est une\u00a0 transmission \u00e0 cardan de Volkswagen neuve avec une garantie d&rsquo;un an. C&rsquo;est le choix le plus \u00e9conomique.<\/span><\/p>\n<p style=\"text-align: justify;\"><span style=\"color: #666699;\">Nos transmissions \u00e1 cardan pour Volkswagen Crafter sont d&rsquo;origine, \u00e0 moiti\u00e9 prix parce que nous sommes distribuiteurs de transmissions \u00e1 cardan GKN, premier fabricant de ce composant en premi\u00e8re \u00e9quipe, c&rsquo;est pour cette raison que nous avons les m\u00eames arbres \u00e1 cardan d&rsquo;origine aux meilleurs prix du march\u00e9.<\/span><\/p>\n<p style=\"text-align: justify;\"><span style=\"color: #666699;\">2E0521101AB 2E0521293J est disponible pour Volkswagen Crafter. Nous vendons des pi\u00e8ces d\u00e9tach\u00e9es ou pi\u00e8ces de rechange pour camionnettes \u00e0 Valence depuis 1950 et nous vendons aussi en ligne dans le monde entier.<\/span><\/p>\n<p style=\"text-align: justify;\"><span style=\"color: #666699;\">N\u00b4h\u00e9sitez pas \u00e0 nous consulter pour d\u00b4autres mod\u00e8les de transmission \u00e0 cardan de tout type de v\u00e9hicule. Nous avons une exp\u00e9rience de 68 ans dans le commerce de transmissions \u00e0 cardan et connaissons tr\u00e8s bien le sujet.<\/span><\/p>\n<p style=\"text-align: justify;\"><span style=\"color: #666699;\">Caract\u00e9ristiques techniques:<\/span><\/p>\n<p style=\"text-align: justify;\"><span style=\"color: #666699;\">&#8211; Pi\u00e8ce de rechange: arbre de transmission \u00e0 cardan<\/span><\/p>\n<p style=\"text-align: justify;\"><span style=\"color: #666699;\">&#8211; Mod\u00e8le: Volkswagen Crafter<\/span><\/p>\n<p style=\"text-align: justify;\"><span style=\"color: #666699;\">&#8211; Trois pi\u00e8ces d&rsquo;arbre avec cadre de support<\/span><\/p>\n<p style=\"text-align: justify;\"><span style=\"color: #666699;\">&#8211; Longueur: 2842 MM.<\/span><\/p>\n<p style=\"text-align: justify;\"><span style=\"color: #666699;\">&#8211; Num\u00e9ro de r\u00e9f\u00e9rence: 2E0521101AB 2E0521293J<\/span><\/p>\n<p style=\"text-align: justify;\"><span style=\"color: #666699;\">&#8211; Marque: GKN<\/span><\/p>\n<p style=\"text-align: justify;\"><span style=\"color: #666699;\">&#8211; Etat: pi\u00e8ce neuve<\/span><\/p>\n<p style=\"text-align: justify;\"><span style=\"color: #666699;\">&#8211; Garantie d&rsquo;un an<\/span><\/p>\n","protected":false},"excerpt":{"rendered":"<p>Arbre de transmission \u00e0 cardan pour Volkswagen Crafter avec r\u00e9f\u00e9rences 2E0521101AB et 2E0521293J GKN nouveau \u00e0 vendre en ligne.<\/p>\n","protected":false},"featured_media":3324,"template":"","meta":[],"product_brand":[128],"product_cat":[144,159],"product_tag":[],"class_list":{"0":"post-3323","1":"product","2":"type-product","3":"status-publish","4":"has-post-thumbnail","6":"product_brand-volkswagen-2","7":"product_cat-arbre-transmission-cardan","8":"product_cat-arbre-transmission-cardan-fourgons","9":"pa_manufacturer-volkswagen","10":"pa_tipo-fourgons-et-vehicules-legers","12":"first","13":"instock","14":"taxable","15":"shipping-taxable","16":"purchasable","17":"product-type-simple"},"yoast_head":"<!-- This site is optimized with the Yoast SEO plugin v27.1.1 - https:\/\/yoast.com\/product\/yoast-seo-wordpress\/ -->\n<title>Arbre de transmission \u00e0 cardan Volkswagen Crafter 2E0521101AB<\/title>\n<meta name=\"description\" content=\"Vous pouvez acheter Arbre de transmission \u00e0 cardan avec r\u00e9f\u00e9rence 2E0521101AB 2E0521293J GKN Nouveau pour Volkswagen Crafter au meilleur prix ici.\" \/>\n<meta name=\"robots\" content=\"index, follow, max-snippet:-1, max-image-preview:large, max-video-preview:-1\" \/>\n<link rel=\"canonical\" href=\"https:\/\/www.enriquerequena.com\/fr\/tienda-online\/arbre-transmission-cardan\/arbre-transmission-cardan-fourgons\/arbre-transmission-cardan-volkswagen-crafter-2e0521101ab-2e0521293j\/\" \/>\n<meta property=\"og:locale\" content=\"fr_FR\" \/>\n<meta property=\"og:type\" content=\"article\" \/>\n<meta property=\"og:title\" content=\"Arbre de transmission \u00e0 cardan Volkswagen Crafter 2E0521101AB\" \/>\n<meta property=\"og:description\" content=\"Vous pouvez acheter Arbre de transmission \u00e0 cardan avec r\u00e9f\u00e9rence 2E0521101AB 2E0521293J GKN Nouveau pour Volkswagen Crafter au meilleur prix ici.\" \/>\n<meta property=\"og:url\" content=\"https:\/\/www.enriquerequena.com\/fr\/tienda-online\/arbre-transmission-cardan\/arbre-transmission-cardan-fourgons\/arbre-transmission-cardan-volkswagen-crafter-2e0521101ab-2e0521293j\/\" \/>\n<meta property=\"og:site_name\" content=\"ENRIQUE REQUENA\" \/>\n<meta property=\"article:modified_time\" content=\"2023-02-07T15:40:37+00:00\" \/>\n<meta property=\"og:image\" content=\"https:\/\/www.enriquerequena.com\/wp-content\/uploads\/2019\/09\/products-2E0521101AB-2E0521293J-TRANSMISION-CARDAN-ARBRE-TRANSMISSION-PROPSHAFT-VOLKSWAGEN-CRAFTER--2.jpg\" \/>\n\t<meta property=\"og:image:width\" content=\"800\" \/>\n\t<meta property=\"og:image:height\" content=\"800\" \/>\n\t<meta property=\"og:image:type\" content=\"image\/jpeg\" \/>\n<meta name=\"twitter:card\" content=\"summary_large_image\" \/>\n<meta name=\"twitter:label1\" content=\"Dur\u00e9e de lecture estim\u00e9e\" \/>\n\t<meta name=\"twitter:data1\" content=\"1 minute\" \/>\n<script type=\"application\/ld+json\" class=\"yoast-schema-graph\">{\"@context\":\"https:\/\/schema.org\",\"@graph\":[{\"@type\":\"WebPage\",\"@id\":\"https:\/\/www.enriquerequena.com\/fr\/tienda-online\/arbre-transmission-cardan\/arbre-transmission-cardan-fourgons\/arbre-transmission-cardan-volkswagen-crafter-2e0521101ab-2e0521293j\/\",\"url\":\"https:\/\/www.enriquerequena.com\/fr\/tienda-online\/arbre-transmission-cardan\/arbre-transmission-cardan-fourgons\/arbre-transmission-cardan-volkswagen-crafter-2e0521101ab-2e0521293j\/\",\"name\":\"Arbre de transmission \u00e0 cardan Volkswagen Crafter 2E0521101AB\",\"isPartOf\":{\"@id\":\"https:\/\/www.enriquerequena.com\/fr\/#website\"},\"primaryImageOfPage\":{\"@id\":\"https:\/\/www.enriquerequena.com\/fr\/tienda-online\/arbre-transmission-cardan\/arbre-transmission-cardan-fourgons\/arbre-transmission-cardan-volkswagen-crafter-2e0521101ab-2e0521293j\/#primaryimage\"},\"image\":{\"@id\":\"https:\/\/www.enriquerequena.com\/fr\/tienda-online\/arbre-transmission-cardan\/arbre-transmission-cardan-fourgons\/arbre-transmission-cardan-volkswagen-crafter-2e0521101ab-2e0521293j\/#primaryimage\"},\"thumbnailUrl\":\"https:\/\/www.enriquerequena.com\/wp-content\/uploads\/2019\/09\/products-2E0521101AB-2E0521293J-TRANSMISION-CARDAN-ARBRE-TRANSMISSION-PROPSHAFT-VOLKSWAGEN-CRAFTER--2.jpg\",\"datePublished\":\"2017-04-21T10:27:10+00:00\",\"dateModified\":\"2023-02-07T15:40:37+00:00\",\"description\":\"Vous pouvez acheter Arbre de transmission \u00e0 cardan avec r\u00e9f\u00e9rence 2E0521101AB 2E0521293J GKN Nouveau pour Volkswagen Crafter au meilleur prix ici.\",\"breadcrumb\":{\"@id\":\"https:\/\/www.enriquerequena.com\/fr\/tienda-online\/arbre-transmission-cardan\/arbre-transmission-cardan-fourgons\/arbre-transmission-cardan-volkswagen-crafter-2e0521101ab-2e0521293j\/#breadcrumb\"},\"inLanguage\":\"fr-FR\",\"potentialAction\":[{\"@type\":\"ReadAction\",\"target\":[\"https:\/\/www.enriquerequena.com\/fr\/tienda-online\/arbre-transmission-cardan\/arbre-transmission-cardan-fourgons\/arbre-transmission-cardan-volkswagen-crafter-2e0521101ab-2e0521293j\/\"]}]},{\"@type\":\"ImageObject\",\"inLanguage\":\"fr-FR\",\"@id\":\"https:\/\/www.enriquerequena.com\/fr\/tienda-online\/arbre-transmission-cardan\/arbre-transmission-cardan-fourgons\/arbre-transmission-cardan-volkswagen-crafter-2e0521101ab-2e0521293j\/#primaryimage\",\"url\":\"https:\/\/www.enriquerequena.com\/wp-content\/uploads\/2019\/09\/products-2E0521101AB-2E0521293J-TRANSMISION-CARDAN-ARBRE-TRANSMISSION-PROPSHAFT-VOLKSWAGEN-CRAFTER--2.jpg\",\"contentUrl\":\"https:\/\/www.enriquerequena.com\/wp-content\/uploads\/2019\/09\/products-2E0521101AB-2E0521293J-TRANSMISION-CARDAN-ARBRE-TRANSMISSION-PROPSHAFT-VOLKSWAGEN-CRAFTER--2.jpg\",\"width\":800,\"height\":800,\"caption\":\"2E0521101AB- 2E0521293J- TRANSMISION- CARDAN- ARBRE DE TRANSMISSION- PROPSHAFT- VOLKSWAGEN-CRAFTER\"},{\"@type\":\"WebSite\",\"@id\":\"https:\/\/www.enriquerequena.com\/fr\/#website\",\"url\":\"https:\/\/www.enriquerequena.com\/fr\/\",\"name\":\"ENRIQUE REQUENA\",\"description\":\"Sp\u00e9cialistes des transmissions cardan avec des exp\u00e9ditions dans le monde entier et des pi\u00e8ces d\u00e9tach\u00e9es pour voitures, camions et accessoires \u00e0 Valence, en Espagne. Avec vous depuis 1950!\",\"publisher\":{\"@id\":\"https:\/\/www.enriquerequena.com\/fr\/#organization\"},\"potentialAction\":[{\"@type\":\"SearchAction\",\"target\":{\"@type\":\"EntryPoint\",\"urlTemplate\":\"https:\/\/www.enriquerequena.com\/fr\/?s={search_term_string}\"},\"query-input\":{\"@type\":\"PropertyValueSpecification\",\"valueRequired\":true,\"valueName\":\"search_term_string\"}}],\"inLanguage\":\"fr-FR\"},{\"@type\":\"Organization\",\"@id\":\"https:\/\/www.enriquerequena.com\/fr\/#organization\",\"name\":\"Enrique Requena S.L.\",\"url\":\"https:\/\/www.enriquerequena.com\/fr\/\",\"logo\":{\"@type\":\"ImageObject\",\"inLanguage\":\"fr-FR\",\"@id\":\"https:\/\/www.enriquerequena.com\/fr\/#\/schema\/logo\/image\/\",\"url\":\"https:\/\/www.enriquerequena.com\/wp-content\/uploads\/2019\/11\/enrique-requena-recambios-logotipo.jpg\",\"contentUrl\":\"https:\/\/www.enriquerequena.com\/wp-content\/uploads\/2019\/11\/enrique-requena-recambios-logotipo.jpg\",\"width\":381,\"height\":75,\"caption\":\"Enrique Requena S.L.\"},\"image\":{\"@id\":\"https:\/\/www.enriquerequena.com\/fr\/#\/schema\/logo\/image\/\"}}]}<\/script>\n<!-- \/ Yoast SEO plugin. -->","yoast_head_json":{"title":"Arbre de transmission \u00e0 cardan Volkswagen Crafter 2E0521101AB","description":"Vous pouvez acheter Arbre de transmission \u00e0 cardan avec r\u00e9f\u00e9rence 2E0521101AB 2E0521293J GKN Nouveau pour Volkswagen Crafter au meilleur prix ici.","robots":{"index":"index","follow":"follow","max-snippet":"max-snippet:-1","max-image-preview":"max-image-preview:large","max-video-preview":"max-video-preview:-1"},"canonical":"https:\/\/www.enriquerequena.com\/fr\/tienda-online\/arbre-transmission-cardan\/arbre-transmission-cardan-fourgons\/arbre-transmission-cardan-volkswagen-crafter-2e0521101ab-2e0521293j\/","og_locale":"fr_FR","og_type":"article","og_title":"Arbre de transmission \u00e0 cardan Volkswagen Crafter 2E0521101AB","og_description":"Vous pouvez acheter Arbre de transmission \u00e0 cardan avec r\u00e9f\u00e9rence 2E0521101AB 2E0521293J GKN Nouveau pour Volkswagen Crafter au meilleur prix ici.","og_url":"https:\/\/www.enriquerequena.com\/fr\/tienda-online\/arbre-transmission-cardan\/arbre-transmission-cardan-fourgons\/arbre-transmission-cardan-volkswagen-crafter-2e0521101ab-2e0521293j\/","og_site_name":"ENRIQUE REQUENA","article_modified_time":"2023-02-07T15:40:37+00:00","og_image":[{"width":800,"height":800,"url":"https:\/\/www.enriquerequena.com\/wp-content\/uploads\/2019\/09\/products-2E0521101AB-2E0521293J-TRANSMISION-CARDAN-ARBRE-TRANSMISSION-PROPSHAFT-VOLKSWAGEN-CRAFTER--2.jpg","type":"image\/jpeg"}],"twitter_card":"summary_large_image","twitter_misc":{"Dur\u00e9e de lecture estim\u00e9e":"1 minute"},"schema":{"@context":"https:\/\/schema.org","@graph":[{"@type":"WebPage","@id":"https:\/\/www.enriquerequena.com\/fr\/tienda-online\/arbre-transmission-cardan\/arbre-transmission-cardan-fourgons\/arbre-transmission-cardan-volkswagen-crafter-2e0521101ab-2e0521293j\/","url":"https:\/\/www.enriquerequena.com\/fr\/tienda-online\/arbre-transmission-cardan\/arbre-transmission-cardan-fourgons\/arbre-transmission-cardan-volkswagen-crafter-2e0521101ab-2e0521293j\/","name":"Arbre de transmission \u00e0 cardan Volkswagen Crafter 2E0521101AB","isPartOf":{"@id":"https:\/\/www.enriquerequena.com\/fr\/#website"},"primaryImageOfPage":{"@id":"https:\/\/www.enriquerequena.com\/fr\/tienda-online\/arbre-transmission-cardan\/arbre-transmission-cardan-fourgons\/arbre-transmission-cardan-volkswagen-crafter-2e0521101ab-2e0521293j\/#primaryimage"},"image":{"@id":"https:\/\/www.enriquerequena.com\/fr\/tienda-online\/arbre-transmission-cardan\/arbre-transmission-cardan-fourgons\/arbre-transmission-cardan-volkswagen-crafter-2e0521101ab-2e0521293j\/#primaryimage"},"thumbnailUrl":"https:\/\/www.enriquerequena.com\/wp-content\/uploads\/2019\/09\/products-2E0521101AB-2E0521293J-TRANSMISION-CARDAN-ARBRE-TRANSMISSION-PROPSHAFT-VOLKSWAGEN-CRAFTER--2.jpg","datePublished":"2017-04-21T10:27:10+00:00","dateModified":"2023-02-07T15:40:37+00:00","description":"Vous pouvez acheter Arbre de transmission \u00e0 cardan avec r\u00e9f\u00e9rence 2E0521101AB 2E0521293J GKN Nouveau pour Volkswagen Crafter au meilleur prix ici.","breadcrumb":{"@id":"https:\/\/www.enriquerequena.com\/fr\/tienda-online\/arbre-transmission-cardan\/arbre-transmission-cardan-fourgons\/arbre-transmission-cardan-volkswagen-crafter-2e0521101ab-2e0521293j\/#breadcrumb"},"inLanguage":"fr-FR","potentialAction":[{"@type":"ReadAction","target":["https:\/\/www.enriquerequena.com\/fr\/tienda-online\/arbre-transmission-cardan\/arbre-transmission-cardan-fourgons\/arbre-transmission-cardan-volkswagen-crafter-2e0521101ab-2e0521293j\/"]}]},{"@type":"ImageObject","inLanguage":"fr-FR","@id":"https:\/\/www.enriquerequena.com\/fr\/tienda-online\/arbre-transmission-cardan\/arbre-transmission-cardan-fourgons\/arbre-transmission-cardan-volkswagen-crafter-2e0521101ab-2e0521293j\/#primaryimage","url":"https:\/\/www.enriquerequena.com\/wp-content\/uploads\/2019\/09\/products-2E0521101AB-2E0521293J-TRANSMISION-CARDAN-ARBRE-TRANSMISSION-PROPSHAFT-VOLKSWAGEN-CRAFTER--2.jpg","contentUrl":"https:\/\/www.enriquerequena.com\/wp-content\/uploads\/2019\/09\/products-2E0521101AB-2E0521293J-TRANSMISION-CARDAN-ARBRE-TRANSMISSION-PROPSHAFT-VOLKSWAGEN-CRAFTER--2.jpg","width":800,"height":800,"caption":"2E0521101AB- 2E0521293J- TRANSMISION- CARDAN- ARBRE DE TRANSMISSION- PROPSHAFT- VOLKSWAGEN-CRAFTER"},{"@type":"WebSite","@id":"https:\/\/www.enriquerequena.com\/fr\/#website","url":"https:\/\/www.enriquerequena.com\/fr\/","name":"ENRIQUE REQUENA","description":"Sp\u00e9cialistes des transmissions cardan avec des exp\u00e9ditions dans le monde entier et des pi\u00e8ces d\u00e9tach\u00e9es pour voitures, camions et accessoires \u00e0 Valence, en Espagne. Avec vous depuis 1950!","publisher":{"@id":"https:\/\/www.enriquerequena.com\/fr\/#organization"},"potentialAction":[{"@type":"SearchAction","target":{"@type":"EntryPoint","urlTemplate":"https:\/\/www.enriquerequena.com\/fr\/?s={search_term_string}"},"query-input":{"@type":"PropertyValueSpecification","valueRequired":true,"valueName":"search_term_string"}}],"inLanguage":"fr-FR"},{"@type":"Organization","@id":"https:\/\/www.enriquerequena.com\/fr\/#organization","name":"Enrique Requena S.L.","url":"https:\/\/www.enriquerequena.com\/fr\/","logo":{"@type":"ImageObject","inLanguage":"fr-FR","@id":"https:\/\/www.enriquerequena.com\/fr\/#\/schema\/logo\/image\/","url":"https:\/\/www.enriquerequena.com\/wp-content\/uploads\/2019\/11\/enrique-requena-recambios-logotipo.jpg","contentUrl":"https:\/\/www.enriquerequena.com\/wp-content\/uploads\/2019\/11\/enrique-requena-recambios-logotipo.jpg","width":381,"height":75,"caption":"Enrique Requena S.L."},"image":{"@id":"https:\/\/www.enriquerequena.com\/fr\/#\/schema\/logo\/image\/"}}]}},"_links":{"self":[{"href":"https:\/\/www.enriquerequena.com\/fr\/wp-json\/wp\/v2\/product\/3323","targetHints":{"allow":["GET"]}}],"collection":[{"href":"https:\/\/www.enriquerequena.com\/fr\/wp-json\/wp\/v2\/product"}],"about":[{"href":"https:\/\/www.enriquerequena.com\/fr\/wp-json\/wp\/v2\/types\/product"}],"wp:featuredmedia":[{"embeddable":true,"href":"https:\/\/www.enriquerequena.com\/fr\/wp-json\/wp\/v2\/media\/3324"}],"wp:attachment":[{"href":"https:\/\/www.enriquerequena.com\/fr\/wp-json\/wp\/v2\/media?parent=3323"}],"wp:term":[{"taxonomy":"product_brand","embeddable":true,"href":"https:\/\/www.enriquerequena.com\/fr\/wp-json\/wp\/v2\/product_brand?post=3323"},{"taxonomy":"product_cat","embeddable":true,"href":"https:\/\/www.enriquerequena.com\/fr\/wp-json\/wp\/v2\/product_cat?post=3323"},{"taxonomy":"product_tag","embeddable":true,"href":"https:\/\/www.enriquerequena.com\/fr\/wp-json\/wp\/v2\/product_tag?post=3323"}],"curies":[{"name":"wp","href":"https:\/\/api.w.org\/{rel}","templated":true}]}}