{"id":33266,"date":"2026-02-06T10:18:44","date_gmt":"2026-02-06T09:18:44","guid":{"rendered":"https:\/\/www.enriquerequena.com\/?post_type=product&#038;p=33266"},"modified":"2026-02-04T19:02:08","modified_gmt":"2026-02-04T18:02:08","slug":"catalyseur-iveco-daily-euro5-5801352155","status":"publish","type":"product","link":"https:\/\/www.enriquerequena.com\/fr\/tienda-online\/pieces-de-rechange-remplacements-echappement\/catalyseurs\/catalyseur-iveco-daily-euro5-5801352155\/","title":{"rendered":"Catalyseur Iveco Daily Euro5 5801352155"},"content":{"rendered":"<h3><strong>Catalyseur Iveco Daily.<\/strong><\/h3>\n<p><strong>Catalyseur pour Iveco Daily <\/strong>avec r\u00e9f\u00e9rence 5801352155<b>,<\/b> est un catalyseur\u00a0de Iveco <strong>neuve fabriqu\u00e9 en carbure de silicium avec une garantie d\u2019un an<\/strong>.\u00a0C\u2019est le choix le plus \u00e9conomique.<\/p>\n<p>Nous vendons des <strong>pi\u00e8ces d\u00e9tach\u00e9es ou pi\u00e8ces de rechange<\/strong> \u00e0 Valence <strong>depuis 1950<\/strong> et nous vendons aussi <strong>en ligne dans le monde entier<\/strong>.<\/p>\n<p>N\u00b4h\u00e9sitez pas \u00e0 nous consulter pour d\u00b4autres mod\u00e8les de tout type de v\u00e9hicule. Nous avons une <strong>exp\u00e9rience de plus de 75 ans.<\/strong><\/p>\n<h3><strong>Caract\u00e9ristiques techniques &#8211; Catalyseur Iveco Daily Euro5 5801352155:<\/strong><\/h3>\n<ul>\n<li>Pi\u00e8ce de rechange: Catalyseur<\/li>\n<li>Mod\u00e8le: Iveco Daily<\/li>\n<li>Etat: pi\u00e8ce <strong>neuve\u00a0<\/strong><\/li>\n<li><strong>Garantie d\u2019un an<\/strong><\/li>\n<li>Qualit\u00e9: <strong>Aftermarket<\/strong><\/li>\n<li><strong>R\u00e9f\u00e9rences:<\/strong>\n<ul>\n<li>55801352155<\/li>\n<\/ul>\n<\/li>\n<\/ul>\n","protected":false},"excerpt":{"rendered":"<p><strong>Catalyseur pour Iveco Daily <\/strong>avec r\u00e9f\u00e9rence 5801352155<b>,<\/b> est un catalyseur\u00a0de Iveco <strong>neuve fabriqu\u00e9 en carbure de silicium avec une garantie d\u2019un an<\/strong>.<\/p>\n<p>Nous vous aidons \u00e0<strong> v\u00e9rifier la r\u00e9f\u00e9rence <\/strong>de la pi\u00e8ce avec votre<strong> VIN (n\u00b0 de ch\u00e2ssis) <\/strong>avant l\u2019achat<strong>. <\/strong><strong>Exp\u00e9dition rapide et garantie.<\/strong><\/p>\n","protected":false},"featured_media":33279,"template":"","meta":[],"product_brand":[],"product_cat":[9883,9857,138],"product_tag":[],"class_list":{"0":"post-33266","1":"product","2":"type-product","3":"status-publish","4":"has-post-thumbnail","6":"product_cat-catalyseurs","7":"product_cat-pieces-de-rechange-remplacements-echappement","8":"product_cat-pieces-rechange-camions","9":"pa_manufacturer-iveco","10":"pa_tipo-fourgons-et-vehicules-legers","12":"first","13":"instock","14":"taxable","15":"shipping-taxable","16":"purchasable","17":"product-type-simple"},"yoast_head":"<!-- This site is optimized with the Yoast SEO plugin v27.1.1 - https:\/\/yoast.com\/product\/yoast-seo-wordpress\/ -->\n<title>Catalyseur Iveco Daily Euro5 5801352155<\/title>\n<meta name=\"description\" content=\"Catalyseur pour Iveco Daily avec r\u00e9f\u00e9rence 5801352155, est un catalyseur\u00a0de Iveco neuve fabriqu\u00e9 en carbure de silicium avec une garantie d\u2019un an.\" \/>\n<meta name=\"robots\" content=\"index, follow, max-snippet:-1, max-image-preview:large, max-video-preview:-1\" \/>\n<link rel=\"canonical\" href=\"https:\/\/www.enriquerequena.com\/fr\/tienda-online\/pieces-de-rechange-remplacements-echappement\/catalyseurs\/catalyseur-iveco-daily-euro5-5801352155\/\" \/>\n<meta property=\"og:locale\" content=\"fr_FR\" \/>\n<meta property=\"og:type\" content=\"article\" \/>\n<meta property=\"og:title\" content=\"Catalyseur Iveco Daily Euro5 5801352155\" \/>\n<meta property=\"og:description\" content=\"Catalyseur pour Iveco Daily avec r\u00e9f\u00e9rence 5801352155, est un catalyseur\u00a0de Iveco neuve fabriqu\u00e9 en carbure de silicium avec une garantie d\u2019un an.\" \/>\n<meta property=\"og:url\" content=\"https:\/\/www.enriquerequena.com\/fr\/tienda-online\/pieces-de-rechange-remplacements-echappement\/catalyseurs\/catalyseur-iveco-daily-euro5-5801352155\/\" \/>\n<meta property=\"og:site_name\" content=\"ENRIQUE REQUENA\" \/>\n<meta property=\"og:image\" content=\"https:\/\/www.enriquerequena.com\/wp-content\/uploads\/2026\/01\/CATALIZADORM-IVECO.jpg\" \/>\n\t<meta property=\"og:image:width\" content=\"800\" \/>\n\t<meta property=\"og:image:height\" content=\"800\" \/>\n\t<meta property=\"og:image:type\" content=\"image\/jpeg\" \/>\n<meta name=\"twitter:card\" content=\"summary_large_image\" \/>\n<meta name=\"twitter:label1\" content=\"Dur\u00e9e de lecture estim\u00e9e\" \/>\n\t<meta name=\"twitter:data1\" content=\"1 minute\" \/>\n<script type=\"application\/ld+json\" class=\"yoast-schema-graph\">{\"@context\":\"https:\/\/schema.org\",\"@graph\":[{\"@type\":\"WebPage\",\"@id\":\"https:\/\/www.enriquerequena.com\/fr\/tienda-online\/pieces-de-rechange-remplacements-echappement\/catalyseurs\/catalyseur-iveco-daily-euro5-5801352155\/\",\"url\":\"https:\/\/www.enriquerequena.com\/fr\/tienda-online\/pieces-de-rechange-remplacements-echappement\/catalyseurs\/catalyseur-iveco-daily-euro5-5801352155\/\",\"name\":\"Catalyseur Iveco Daily Euro5 5801352155\",\"isPartOf\":{\"@id\":\"https:\/\/www.enriquerequena.com\/fr\/#website\"},\"primaryImageOfPage\":{\"@id\":\"https:\/\/www.enriquerequena.com\/fr\/tienda-online\/pieces-de-rechange-remplacements-echappement\/catalyseurs\/catalyseur-iveco-daily-euro5-5801352155\/#primaryimage\"},\"image\":{\"@id\":\"https:\/\/www.enriquerequena.com\/fr\/tienda-online\/pieces-de-rechange-remplacements-echappement\/catalyseurs\/catalyseur-iveco-daily-euro5-5801352155\/#primaryimage\"},\"thumbnailUrl\":\"https:\/\/www.enriquerequena.com\/wp-content\/uploads\/2026\/01\/CATALIZADORM-IVECO.jpg\",\"datePublished\":\"2026-02-06T09:18:44+00:00\",\"description\":\"Catalyseur pour Iveco Daily avec r\u00e9f\u00e9rence 5801352155, est un catalyseur\u00a0de Iveco neuve fabriqu\u00e9 en carbure de silicium avec une garantie d\u2019un an.\",\"breadcrumb\":{\"@id\":\"https:\/\/www.enriquerequena.com\/fr\/tienda-online\/pieces-de-rechange-remplacements-echappement\/catalyseurs\/catalyseur-iveco-daily-euro5-5801352155\/#breadcrumb\"},\"inLanguage\":\"fr-FR\",\"potentialAction\":[{\"@type\":\"ReadAction\",\"target\":[\"https:\/\/www.enriquerequena.com\/fr\/tienda-online\/pieces-de-rechange-remplacements-echappement\/catalyseurs\/catalyseur-iveco-daily-euro5-5801352155\/\"]}]},{\"@type\":\"ImageObject\",\"inLanguage\":\"fr-FR\",\"@id\":\"https:\/\/www.enriquerequena.com\/fr\/tienda-online\/pieces-de-rechange-remplacements-echappement\/catalyseurs\/catalyseur-iveco-daily-euro5-5801352155\/#primaryimage\",\"url\":\"https:\/\/www.enriquerequena.com\/wp-content\/uploads\/2026\/01\/CATALIZADORM-IVECO.jpg\",\"contentUrl\":\"https:\/\/www.enriquerequena.com\/wp-content\/uploads\/2026\/01\/CATALIZADORM-IVECO.jpg\",\"width\":800,\"height\":800,\"caption\":\"Catalyseur Iveco Daily\"},{\"@type\":\"WebSite\",\"@id\":\"https:\/\/www.enriquerequena.com\/fr\/#website\",\"url\":\"https:\/\/www.enriquerequena.com\/fr\/\",\"name\":\"ENRIQUE REQUENA\",\"description\":\"Sp\u00e9cialistes des transmissions cardan avec des exp\u00e9ditions dans le monde entier et des pi\u00e8ces d\u00e9tach\u00e9es pour voitures, camions et accessoires \u00e0 Valence, en Espagne. Avec vous depuis 1950!\",\"publisher\":{\"@id\":\"https:\/\/www.enriquerequena.com\/fr\/#organization\"},\"potentialAction\":[{\"@type\":\"SearchAction\",\"target\":{\"@type\":\"EntryPoint\",\"urlTemplate\":\"https:\/\/www.enriquerequena.com\/fr\/?s={search_term_string}\"},\"query-input\":{\"@type\":\"PropertyValueSpecification\",\"valueRequired\":true,\"valueName\":\"search_term_string\"}}],\"inLanguage\":\"fr-FR\"},{\"@type\":\"Organization\",\"@id\":\"https:\/\/www.enriquerequena.com\/fr\/#organization\",\"name\":\"Enrique Requena S.L.\",\"url\":\"https:\/\/www.enriquerequena.com\/fr\/\",\"logo\":{\"@type\":\"ImageObject\",\"inLanguage\":\"fr-FR\",\"@id\":\"https:\/\/www.enriquerequena.com\/fr\/#\/schema\/logo\/image\/\",\"url\":\"https:\/\/www.enriquerequena.com\/wp-content\/uploads\/2019\/11\/enrique-requena-recambios-logotipo.jpg\",\"contentUrl\":\"https:\/\/www.enriquerequena.com\/wp-content\/uploads\/2019\/11\/enrique-requena-recambios-logotipo.jpg\",\"width\":381,\"height\":75,\"caption\":\"Enrique Requena S.L.\"},\"image\":{\"@id\":\"https:\/\/www.enriquerequena.com\/fr\/#\/schema\/logo\/image\/\"}}]}<\/script>\n<!-- \/ Yoast SEO plugin. -->","yoast_head_json":{"title":"Catalyseur Iveco Daily Euro5 5801352155","description":"Catalyseur pour Iveco Daily avec r\u00e9f\u00e9rence 5801352155, est un catalyseur\u00a0de Iveco neuve fabriqu\u00e9 en carbure de silicium avec une garantie d\u2019un an.","robots":{"index":"index","follow":"follow","max-snippet":"max-snippet:-1","max-image-preview":"max-image-preview:large","max-video-preview":"max-video-preview:-1"},"canonical":"https:\/\/www.enriquerequena.com\/fr\/tienda-online\/pieces-de-rechange-remplacements-echappement\/catalyseurs\/catalyseur-iveco-daily-euro5-5801352155\/","og_locale":"fr_FR","og_type":"article","og_title":"Catalyseur Iveco Daily Euro5 5801352155","og_description":"Catalyseur pour Iveco Daily avec r\u00e9f\u00e9rence 5801352155, est un catalyseur\u00a0de Iveco neuve fabriqu\u00e9 en carbure de silicium avec une garantie d\u2019un an.","og_url":"https:\/\/www.enriquerequena.com\/fr\/tienda-online\/pieces-de-rechange-remplacements-echappement\/catalyseurs\/catalyseur-iveco-daily-euro5-5801352155\/","og_site_name":"ENRIQUE REQUENA","og_image":[{"width":800,"height":800,"url":"https:\/\/www.enriquerequena.com\/wp-content\/uploads\/2026\/01\/CATALIZADORM-IVECO.jpg","type":"image\/jpeg"}],"twitter_card":"summary_large_image","twitter_misc":{"Dur\u00e9e de lecture estim\u00e9e":"1 minute"},"schema":{"@context":"https:\/\/schema.org","@graph":[{"@type":"WebPage","@id":"https:\/\/www.enriquerequena.com\/fr\/tienda-online\/pieces-de-rechange-remplacements-echappement\/catalyseurs\/catalyseur-iveco-daily-euro5-5801352155\/","url":"https:\/\/www.enriquerequena.com\/fr\/tienda-online\/pieces-de-rechange-remplacements-echappement\/catalyseurs\/catalyseur-iveco-daily-euro5-5801352155\/","name":"Catalyseur Iveco Daily Euro5 5801352155","isPartOf":{"@id":"https:\/\/www.enriquerequena.com\/fr\/#website"},"primaryImageOfPage":{"@id":"https:\/\/www.enriquerequena.com\/fr\/tienda-online\/pieces-de-rechange-remplacements-echappement\/catalyseurs\/catalyseur-iveco-daily-euro5-5801352155\/#primaryimage"},"image":{"@id":"https:\/\/www.enriquerequena.com\/fr\/tienda-online\/pieces-de-rechange-remplacements-echappement\/catalyseurs\/catalyseur-iveco-daily-euro5-5801352155\/#primaryimage"},"thumbnailUrl":"https:\/\/www.enriquerequena.com\/wp-content\/uploads\/2026\/01\/CATALIZADORM-IVECO.jpg","datePublished":"2026-02-06T09:18:44+00:00","description":"Catalyseur pour Iveco Daily avec r\u00e9f\u00e9rence 5801352155, est un catalyseur\u00a0de Iveco neuve fabriqu\u00e9 en carbure de silicium avec une garantie d\u2019un an.","breadcrumb":{"@id":"https:\/\/www.enriquerequena.com\/fr\/tienda-online\/pieces-de-rechange-remplacements-echappement\/catalyseurs\/catalyseur-iveco-daily-euro5-5801352155\/#breadcrumb"},"inLanguage":"fr-FR","potentialAction":[{"@type":"ReadAction","target":["https:\/\/www.enriquerequena.com\/fr\/tienda-online\/pieces-de-rechange-remplacements-echappement\/catalyseurs\/catalyseur-iveco-daily-euro5-5801352155\/"]}]},{"@type":"ImageObject","inLanguage":"fr-FR","@id":"https:\/\/www.enriquerequena.com\/fr\/tienda-online\/pieces-de-rechange-remplacements-echappement\/catalyseurs\/catalyseur-iveco-daily-euro5-5801352155\/#primaryimage","url":"https:\/\/www.enriquerequena.com\/wp-content\/uploads\/2026\/01\/CATALIZADORM-IVECO.jpg","contentUrl":"https:\/\/www.enriquerequena.com\/wp-content\/uploads\/2026\/01\/CATALIZADORM-IVECO.jpg","width":800,"height":800,"caption":"Catalyseur Iveco Daily"},{"@type":"WebSite","@id":"https:\/\/www.enriquerequena.com\/fr\/#website","url":"https:\/\/www.enriquerequena.com\/fr\/","name":"ENRIQUE REQUENA","description":"Sp\u00e9cialistes des transmissions cardan avec des exp\u00e9ditions dans le monde entier et des pi\u00e8ces d\u00e9tach\u00e9es pour voitures, camions et accessoires \u00e0 Valence, en Espagne. Avec vous depuis 1950!","publisher":{"@id":"https:\/\/www.enriquerequena.com\/fr\/#organization"},"potentialAction":[{"@type":"SearchAction","target":{"@type":"EntryPoint","urlTemplate":"https:\/\/www.enriquerequena.com\/fr\/?s={search_term_string}"},"query-input":{"@type":"PropertyValueSpecification","valueRequired":true,"valueName":"search_term_string"}}],"inLanguage":"fr-FR"},{"@type":"Organization","@id":"https:\/\/www.enriquerequena.com\/fr\/#organization","name":"Enrique Requena S.L.","url":"https:\/\/www.enriquerequena.com\/fr\/","logo":{"@type":"ImageObject","inLanguage":"fr-FR","@id":"https:\/\/www.enriquerequena.com\/fr\/#\/schema\/logo\/image\/","url":"https:\/\/www.enriquerequena.com\/wp-content\/uploads\/2019\/11\/enrique-requena-recambios-logotipo.jpg","contentUrl":"https:\/\/www.enriquerequena.com\/wp-content\/uploads\/2019\/11\/enrique-requena-recambios-logotipo.jpg","width":381,"height":75,"caption":"Enrique Requena S.L."},"image":{"@id":"https:\/\/www.enriquerequena.com\/fr\/#\/schema\/logo\/image\/"}}]}},"_links":{"self":[{"href":"https:\/\/www.enriquerequena.com\/fr\/wp-json\/wp\/v2\/product\/33266","targetHints":{"allow":["GET"]}}],"collection":[{"href":"https:\/\/www.enriquerequena.com\/fr\/wp-json\/wp\/v2\/product"}],"about":[{"href":"https:\/\/www.enriquerequena.com\/fr\/wp-json\/wp\/v2\/types\/product"}],"wp:featuredmedia":[{"embeddable":true,"href":"https:\/\/www.enriquerequena.com\/fr\/wp-json\/wp\/v2\/media\/33279"}],"wp:attachment":[{"href":"https:\/\/www.enriquerequena.com\/fr\/wp-json\/wp\/v2\/media?parent=33266"}],"wp:term":[{"taxonomy":"product_brand","embeddable":true,"href":"https:\/\/www.enriquerequena.com\/fr\/wp-json\/wp\/v2\/product_brand?post=33266"},{"taxonomy":"product_cat","embeddable":true,"href":"https:\/\/www.enriquerequena.com\/fr\/wp-json\/wp\/v2\/product_cat?post=33266"},{"taxonomy":"product_tag","embeddable":true,"href":"https:\/\/www.enriquerequena.com\/fr\/wp-json\/wp\/v2\/product_tag?post=33266"}],"curies":[{"name":"wp","href":"https:\/\/api.w.org\/{rel}","templated":true}]}}