{"id":3342,"date":"2017-05-19T15:08:02","date_gmt":"2017-05-19T15:08:02","guid":{"rendered":"https:\/\/www.enriquerequena.com\/?post_type=product&#038;p=3342"},"modified":"2023-02-07T16:12:43","modified_gmt":"2023-02-07T15:12:43","slug":"pompe-vide-gaz-refrigerant-freeze","status":"publish","type":"product","link":"https:\/\/www.enriquerequena.com\/fr\/tienda-online\/pieces-rechange-voiture\/air-conditionne-voiture\/pompe-vide-gaz-refrigerant-freeze\/","title":{"rendered":"Pompe \u00e0 Vide pour Gaz R\u00e9frig\u00e9rant Freeze+."},"content":{"rendered":"<p style=\"text-align: justify;\"><span style=\"color: #3366ff;\">&#8211; Pompe \u00e0 vide \u00e0 haute efficacit\u00e9.<\/span><br \/>\n<span style=\"color: #3366ff;\"><strong>Sp\u00e9cifications techniques:<\/strong><\/span><br \/>\n<span style=\"color: #3366ff;\">&#8211; 42 litres minute.<\/span><br \/>\n<span style=\"color: #3366ff;\">&#8211; Valve d&rsquo;inspection interne.<\/span><br \/>\n<span style=\"color: #3366ff;\">&#8211; Emp\u00eache la fuite de p\u00e9trole<\/span><br \/>\n<span style=\"color: #3366ff;\">&#8211; Moteur 1.6 CV 220V<\/span><br \/>\n<span style=\"color: #3366ff;\">&#8211; Poids 7.25kg<\/span><br \/>\n<span style=\"color: #3366ff;\">&#8211; Cette pompe \u00e0 vide permet d\u2019\u00e9vacuer tout l\u2019air et les impuret\u00e9s du circuit de climatisation.Cette pompe sera utile lorsque nous changerons de compresseur de climatisation et que nous devons \u00e9liminer le circuit de ferricha ou d\u2019huile et m\u00eame l\u2019humidit\u00e9 qui y a \u00e9t\u00e9 produite. le Gaz Freeze+ 100% r\u00e9frig\u00e9rant organique.<\/span><br \/>\n<span style=\"color: #3366ff;\">Nous avons \u00e9galement des pi\u00e8ces de rechange et des pi\u00e8ces de rechange pour le circuit de climatisation et de refroidissement des v\u00e9hicules. Compresseurs, condenseurs, \u00e9vaporateurs, flexibles et manchons, capteurs de temp\u00e9rature du liquide de refroidissement, d\u00e9tendeurs de climatisation, etc.<\/span><\/p>\n","protected":false},"excerpt":{"rendered":"<p>Pompe \u00e0 Vide pour Gaz R\u00e9frig\u00e9rant Freeze+ 100% biologique et organique.<\/p>\n","protected":false},"featured_media":17728,"template":"","meta":[],"product_brand":[],"product_cat":[207,141,135],"product_tag":[],"class_list":{"0":"post-3342","1":"product","2":"type-product","3":"status-publish","4":"has-post-thumbnail","6":"product_cat-air-conditionne-voiture","7":"product_cat-freeze-refrigerant-2","8":"product_cat-pieces-rechange-voiture","9":"product_shipping_class-freeze","11":"first","12":"instock","13":"taxable","14":"shipping-taxable","15":"purchasable","16":"product-type-simple"},"yoast_head":"<!-- This site is optimized with the Yoast SEO plugin v27.5 - https:\/\/yoast.com\/product\/yoast-seo-wordpress\/ -->\n<title>Pompe \u00e0 Vide pour Gaz R\u00e9frig\u00e9rant Freeze+. - ENRIQUE REQUENA<\/title>\n<meta name=\"description\" content=\"Vous pouvez acheter le Pompe \u00e0 Vide pour Gaz R\u00e9frig\u00e9rant Freeze+ en ligne. Achetez vos accessoires pour R134A, R12 et 1234YF ici. Depuis 1950\" \/>\n<meta name=\"robots\" content=\"index, follow, max-snippet:-1, max-image-preview:large, max-video-preview:-1\" \/>\n<link rel=\"canonical\" href=\"https:\/\/www.enriquerequena.com\/fr\/tienda-online\/pieces-rechange-voiture\/air-conditionne-voiture\/pompe-vide-gaz-refrigerant-freeze\/\" \/>\n<meta property=\"og:locale\" content=\"fr_FR\" \/>\n<meta property=\"og:type\" content=\"article\" \/>\n<meta property=\"og:title\" content=\"Pompe \u00e0 Vide pour Gaz R\u00e9frig\u00e9rant Freeze+. - ENRIQUE REQUENA\" \/>\n<meta property=\"og:description\" content=\"Vous pouvez acheter le Pompe \u00e0 Vide pour Gaz R\u00e9frig\u00e9rant Freeze+ en ligne. Achetez vos accessoires pour R134A, R12 et 1234YF ici. Depuis 1950\" \/>\n<meta property=\"og:url\" content=\"https:\/\/www.enriquerequena.com\/fr\/tienda-online\/pieces-rechange-voiture\/air-conditionne-voiture\/pompe-vide-gaz-refrigerant-freeze\/\" \/>\n<meta property=\"og:site_name\" content=\"ENRIQUE REQUENA\" \/>\n<meta property=\"article:modified_time\" content=\"2023-02-07T15:12:43+00:00\" \/>\n<meta property=\"og:image\" content=\"https:\/\/www.enriquerequena.com\/wp-content\/uploads\/2017\/05\/bomba-de-vacio-gas-refrigerante-freeze.png\" \/>\n\t<meta property=\"og:image:width\" content=\"800\" \/>\n\t<meta property=\"og:image:height\" content=\"800\" \/>\n\t<meta property=\"og:image:type\" content=\"image\/png\" \/>\n<meta name=\"twitter:card\" content=\"summary_large_image\" \/>\n<meta name=\"twitter:label1\" content=\"Dur\u00e9e de lecture estim\u00e9e\" \/>\n\t<meta name=\"twitter:data1\" content=\"1 minute\" \/>\n<script type=\"application\/ld+json\" class=\"yoast-schema-graph\">{\"@context\":\"https:\\\/\\\/schema.org\",\"@graph\":[{\"@type\":\"WebPage\",\"@id\":\"https:\\\/\\\/www.enriquerequena.com\\\/fr\\\/tienda-online\\\/pieces-rechange-voiture\\\/air-conditionne-voiture\\\/pompe-vide-gaz-refrigerant-freeze\\\/\",\"url\":\"https:\\\/\\\/www.enriquerequena.com\\\/fr\\\/tienda-online\\\/pieces-rechange-voiture\\\/air-conditionne-voiture\\\/pompe-vide-gaz-refrigerant-freeze\\\/\",\"name\":\"Pompe \u00e0 Vide pour Gaz R\u00e9frig\u00e9rant Freeze+. - ENRIQUE REQUENA\",\"isPartOf\":{\"@id\":\"https:\\\/\\\/www.enriquerequena.com\\\/fr\\\/#website\"},\"primaryImageOfPage\":{\"@id\":\"https:\\\/\\\/www.enriquerequena.com\\\/fr\\\/tienda-online\\\/pieces-rechange-voiture\\\/air-conditionne-voiture\\\/pompe-vide-gaz-refrigerant-freeze\\\/#primaryimage\"},\"image\":{\"@id\":\"https:\\\/\\\/www.enriquerequena.com\\\/fr\\\/tienda-online\\\/pieces-rechange-voiture\\\/air-conditionne-voiture\\\/pompe-vide-gaz-refrigerant-freeze\\\/#primaryimage\"},\"thumbnailUrl\":\"https:\\\/\\\/www.enriquerequena.com\\\/wp-content\\\/uploads\\\/2017\\\/05\\\/bomba-de-vacio-gas-refrigerante-freeze.png\",\"datePublished\":\"2017-05-19T15:08:02+00:00\",\"dateModified\":\"2023-02-07T15:12:43+00:00\",\"description\":\"Vous pouvez acheter le Pompe \u00e0 Vide pour Gaz R\u00e9frig\u00e9rant Freeze+ en ligne. Achetez vos accessoires pour R134A, R12 et 1234YF ici. Depuis 1950\",\"breadcrumb\":{\"@id\":\"https:\\\/\\\/www.enriquerequena.com\\\/fr\\\/tienda-online\\\/pieces-rechange-voiture\\\/air-conditionne-voiture\\\/pompe-vide-gaz-refrigerant-freeze\\\/#breadcrumb\"},\"inLanguage\":\"fr-FR\",\"potentialAction\":[{\"@type\":\"ReadAction\",\"target\":[\"https:\\\/\\\/www.enriquerequena.com\\\/fr\\\/tienda-online\\\/pieces-rechange-voiture\\\/air-conditionne-voiture\\\/pompe-vide-gaz-refrigerant-freeze\\\/\"]}]},{\"@type\":\"ImageObject\",\"inLanguage\":\"fr-FR\",\"@id\":\"https:\\\/\\\/www.enriquerequena.com\\\/fr\\\/tienda-online\\\/pieces-rechange-voiture\\\/air-conditionne-voiture\\\/pompe-vide-gaz-refrigerant-freeze\\\/#primaryimage\",\"url\":\"https:\\\/\\\/www.enriquerequena.com\\\/wp-content\\\/uploads\\\/2017\\\/05\\\/bomba-de-vacio-gas-refrigerante-freeze.png\",\"contentUrl\":\"https:\\\/\\\/www.enriquerequena.com\\\/wp-content\\\/uploads\\\/2017\\\/05\\\/bomba-de-vacio-gas-refrigerante-freeze.png\",\"width\":800,\"height\":800,\"caption\":\"Bomba de vac\u00edo gas refrigerante Freeze+ con referencia\"},{\"@type\":\"WebSite\",\"@id\":\"https:\\\/\\\/www.enriquerequena.com\\\/fr\\\/#website\",\"url\":\"https:\\\/\\\/www.enriquerequena.com\\\/fr\\\/\",\"name\":\"ENRIQUE REQUENA\",\"description\":\"Sp\u00e9cialistes des transmissions cardan avec des exp\u00e9ditions dans le monde entier et des pi\u00e8ces d\u00e9tach\u00e9es pour voitures, camions et accessoires \u00e0 Valence, en Espagne. Avec vous depuis 1950!\",\"publisher\":{\"@id\":\"https:\\\/\\\/www.enriquerequena.com\\\/fr\\\/#organization\"},\"potentialAction\":[{\"@type\":\"SearchAction\",\"target\":{\"@type\":\"EntryPoint\",\"urlTemplate\":\"https:\\\/\\\/www.enriquerequena.com\\\/fr\\\/?s={search_term_string}\"},\"query-input\":{\"@type\":\"PropertyValueSpecification\",\"valueRequired\":true,\"valueName\":\"search_term_string\"}}],\"inLanguage\":\"fr-FR\"},{\"@type\":\"Organization\",\"@id\":\"https:\\\/\\\/www.enriquerequena.com\\\/fr\\\/#organization\",\"name\":\"Enrique Requena S.L.\",\"url\":\"https:\\\/\\\/www.enriquerequena.com\\\/fr\\\/\",\"logo\":{\"@type\":\"ImageObject\",\"inLanguage\":\"fr-FR\",\"@id\":\"https:\\\/\\\/www.enriquerequena.com\\\/fr\\\/#\\\/schema\\\/logo\\\/image\\\/\",\"url\":\"https:\\\/\\\/www.enriquerequena.com\\\/wp-content\\\/uploads\\\/2019\\\/11\\\/enrique-requena-recambios-logotipo.jpg\",\"contentUrl\":\"https:\\\/\\\/www.enriquerequena.com\\\/wp-content\\\/uploads\\\/2019\\\/11\\\/enrique-requena-recambios-logotipo.jpg\",\"width\":381,\"height\":75,\"caption\":\"Enrique Requena S.L.\"},\"image\":{\"@id\":\"https:\\\/\\\/www.enriquerequena.com\\\/fr\\\/#\\\/schema\\\/logo\\\/image\\\/\"}}]}<\/script>\n<!-- \/ Yoast SEO plugin. -->","yoast_head_json":{"title":"Pompe \u00e0 Vide pour Gaz R\u00e9frig\u00e9rant Freeze+. - ENRIQUE REQUENA","description":"Vous pouvez acheter le Pompe \u00e0 Vide pour Gaz R\u00e9frig\u00e9rant Freeze+ en ligne. Achetez vos accessoires pour R134A, R12 et 1234YF ici. Depuis 1950","robots":{"index":"index","follow":"follow","max-snippet":"max-snippet:-1","max-image-preview":"max-image-preview:large","max-video-preview":"max-video-preview:-1"},"canonical":"https:\/\/www.enriquerequena.com\/fr\/tienda-online\/pieces-rechange-voiture\/air-conditionne-voiture\/pompe-vide-gaz-refrigerant-freeze\/","og_locale":"fr_FR","og_type":"article","og_title":"Pompe \u00e0 Vide pour Gaz R\u00e9frig\u00e9rant Freeze+. - ENRIQUE REQUENA","og_description":"Vous pouvez acheter le Pompe \u00e0 Vide pour Gaz R\u00e9frig\u00e9rant Freeze+ en ligne. Achetez vos accessoires pour R134A, R12 et 1234YF ici. Depuis 1950","og_url":"https:\/\/www.enriquerequena.com\/fr\/tienda-online\/pieces-rechange-voiture\/air-conditionne-voiture\/pompe-vide-gaz-refrigerant-freeze\/","og_site_name":"ENRIQUE REQUENA","article_modified_time":"2023-02-07T15:12:43+00:00","og_image":[{"width":800,"height":800,"url":"https:\/\/www.enriquerequena.com\/wp-content\/uploads\/2017\/05\/bomba-de-vacio-gas-refrigerante-freeze.png","type":"image\/png"}],"twitter_card":"summary_large_image","twitter_misc":{"Dur\u00e9e de lecture estim\u00e9e":"1 minute"},"schema":{"@context":"https:\/\/schema.org","@graph":[{"@type":"WebPage","@id":"https:\/\/www.enriquerequena.com\/fr\/tienda-online\/pieces-rechange-voiture\/air-conditionne-voiture\/pompe-vide-gaz-refrigerant-freeze\/","url":"https:\/\/www.enriquerequena.com\/fr\/tienda-online\/pieces-rechange-voiture\/air-conditionne-voiture\/pompe-vide-gaz-refrigerant-freeze\/","name":"Pompe \u00e0 Vide pour Gaz R\u00e9frig\u00e9rant Freeze+. - ENRIQUE REQUENA","isPartOf":{"@id":"https:\/\/www.enriquerequena.com\/fr\/#website"},"primaryImageOfPage":{"@id":"https:\/\/www.enriquerequena.com\/fr\/tienda-online\/pieces-rechange-voiture\/air-conditionne-voiture\/pompe-vide-gaz-refrigerant-freeze\/#primaryimage"},"image":{"@id":"https:\/\/www.enriquerequena.com\/fr\/tienda-online\/pieces-rechange-voiture\/air-conditionne-voiture\/pompe-vide-gaz-refrigerant-freeze\/#primaryimage"},"thumbnailUrl":"https:\/\/www.enriquerequena.com\/wp-content\/uploads\/2017\/05\/bomba-de-vacio-gas-refrigerante-freeze.png","datePublished":"2017-05-19T15:08:02+00:00","dateModified":"2023-02-07T15:12:43+00:00","description":"Vous pouvez acheter le Pompe \u00e0 Vide pour Gaz R\u00e9frig\u00e9rant Freeze+ en ligne. Achetez vos accessoires pour R134A, R12 et 1234YF ici. Depuis 1950","breadcrumb":{"@id":"https:\/\/www.enriquerequena.com\/fr\/tienda-online\/pieces-rechange-voiture\/air-conditionne-voiture\/pompe-vide-gaz-refrigerant-freeze\/#breadcrumb"},"inLanguage":"fr-FR","potentialAction":[{"@type":"ReadAction","target":["https:\/\/www.enriquerequena.com\/fr\/tienda-online\/pieces-rechange-voiture\/air-conditionne-voiture\/pompe-vide-gaz-refrigerant-freeze\/"]}]},{"@type":"ImageObject","inLanguage":"fr-FR","@id":"https:\/\/www.enriquerequena.com\/fr\/tienda-online\/pieces-rechange-voiture\/air-conditionne-voiture\/pompe-vide-gaz-refrigerant-freeze\/#primaryimage","url":"https:\/\/www.enriquerequena.com\/wp-content\/uploads\/2017\/05\/bomba-de-vacio-gas-refrigerante-freeze.png","contentUrl":"https:\/\/www.enriquerequena.com\/wp-content\/uploads\/2017\/05\/bomba-de-vacio-gas-refrigerante-freeze.png","width":800,"height":800,"caption":"Bomba de vac\u00edo gas refrigerante Freeze+ con referencia"},{"@type":"WebSite","@id":"https:\/\/www.enriquerequena.com\/fr\/#website","url":"https:\/\/www.enriquerequena.com\/fr\/","name":"ENRIQUE REQUENA","description":"Sp\u00e9cialistes des transmissions cardan avec des exp\u00e9ditions dans le monde entier et des pi\u00e8ces d\u00e9tach\u00e9es pour voitures, camions et accessoires \u00e0 Valence, en Espagne. Avec vous depuis 1950!","publisher":{"@id":"https:\/\/www.enriquerequena.com\/fr\/#organization"},"potentialAction":[{"@type":"SearchAction","target":{"@type":"EntryPoint","urlTemplate":"https:\/\/www.enriquerequena.com\/fr\/?s={search_term_string}"},"query-input":{"@type":"PropertyValueSpecification","valueRequired":true,"valueName":"search_term_string"}}],"inLanguage":"fr-FR"},{"@type":"Organization","@id":"https:\/\/www.enriquerequena.com\/fr\/#organization","name":"Enrique Requena S.L.","url":"https:\/\/www.enriquerequena.com\/fr\/","logo":{"@type":"ImageObject","inLanguage":"fr-FR","@id":"https:\/\/www.enriquerequena.com\/fr\/#\/schema\/logo\/image\/","url":"https:\/\/www.enriquerequena.com\/wp-content\/uploads\/2019\/11\/enrique-requena-recambios-logotipo.jpg","contentUrl":"https:\/\/www.enriquerequena.com\/wp-content\/uploads\/2019\/11\/enrique-requena-recambios-logotipo.jpg","width":381,"height":75,"caption":"Enrique Requena S.L."},"image":{"@id":"https:\/\/www.enriquerequena.com\/fr\/#\/schema\/logo\/image\/"}}]}},"_links":{"self":[{"href":"https:\/\/www.enriquerequena.com\/fr\/wp-json\/wp\/v2\/product\/3342","targetHints":{"allow":["GET"]}}],"collection":[{"href":"https:\/\/www.enriquerequena.com\/fr\/wp-json\/wp\/v2\/product"}],"about":[{"href":"https:\/\/www.enriquerequena.com\/fr\/wp-json\/wp\/v2\/types\/product"}],"wp:featuredmedia":[{"embeddable":true,"href":"https:\/\/www.enriquerequena.com\/fr\/wp-json\/wp\/v2\/media\/17728"}],"wp:attachment":[{"href":"https:\/\/www.enriquerequena.com\/fr\/wp-json\/wp\/v2\/media?parent=3342"}],"wp:term":[{"taxonomy":"product_brand","embeddable":true,"href":"https:\/\/www.enriquerequena.com\/fr\/wp-json\/wp\/v2\/product_brand?post=3342"},{"taxonomy":"product_cat","embeddable":true,"href":"https:\/\/www.enriquerequena.com\/fr\/wp-json\/wp\/v2\/product_cat?post=3342"},{"taxonomy":"product_tag","embeddable":true,"href":"https:\/\/www.enriquerequena.com\/fr\/wp-json\/wp\/v2\/product_tag?post=3342"}],"curies":[{"name":"wp","href":"https:\/\/api.w.org\/{rel}","templated":true}]}}