{"id":3365,"date":"2017-06-06T17:32:46","date_gmt":"2017-06-06T17:32:46","guid":{"rendered":"https:\/\/www.enriquerequena.com\/?post_type=product&#038;p=3365"},"modified":"2025-06-11T18:00:59","modified_gmt":"2025-06-11T16:00:59","slug":"arbre-de-transmission-a-cardan-nissan-qashqai-37000jg70a-37000br51a-37000jd000","status":"publish","type":"product","link":"https:\/\/www.enriquerequena.com\/fr\/tienda-online\/arbre-transmission-cardan\/arbre-transmission-cardan-4x4\/arbre-de-transmission-a-cardan-nissan-qashqai-37000jg70a-37000br51a-37000jd000\/","title":{"rendered":"Arbre de transmission \u00e0 cardan Nissan Qashqai 37000JG70A, 37000BR51A, 37000JD000"},"content":{"rendered":"<h2>Arbre de transmission Nissan Qashqai<\/h2>\n<p style=\"text-align: justify;\">Arbre de transmission \u00e0 cardan pour Nissan Qashqai avec r\u00e9f\u00e9rences 37000BR51A, 37000JD000, 37000JD200, 37000JG70A, 37000JG70B, 370003UC3A, 370009V30BCA est une\u00a0 <strong>transmission de Nissan neuf avec une garantie d&rsquo;un an<\/strong>. C&rsquo;est le choix le plus \u00e9conomique.<\/p>\n<p style=\"text-align: justify;\">37000JD000 est disponible pour Nissan Qashqai n32l et p32 diesel. Nous vendons des pi\u00e8ces d\u00e9tach\u00e9es ou pi\u00e8ces de rechange pour v\u00e9hicules 4&#215;4 \u00e0 Valence <strong>depuis 1950<\/strong> et nous vendons aussi <strong>en ligne dans le monde entier.<\/strong><\/p>\n<p style=\"text-align: justify;\">N\u00b4h\u00e9sitez pas \u00e0 nous consulter pour d\u00b4autres mod\u00e8les de transmission \u00e0 cardan de tout type de v\u00e9hicule. Nous avons une exp\u00e9rience de 68 ans dans le commerce de transmissions \u00e0 cardan et connaissons tr\u00e8s bien le sujet.<\/p>\n<h3 style=\"text-align: justify;\">Caract\u00e9ristiques techniques:<\/h3>\n<p style=\"text-align: justify;\">&#8211; Pi\u00e8ce de rechange: arbre de transmission \u00e0 cardan<\/p>\n<p style=\"text-align: justify;\">&#8211; Mod\u00e8le: Nissan Qashqai<\/p>\n<p style=\"text-align: justify;\">&#8211; Num\u00e9ro de r\u00e9f\u00e9rence: 37000BR51A, 37000JD000, 37000JD200, 37000JG70A, 37000JG70B, 370003UC3A, 370009V30BCA<\/p>\n<p style=\"text-align: justify;\">&#8211; Etat: pi\u00e8ce neuve<\/p>\n<p style=\"text-align: justify;\">&#8211; Garantie d&rsquo;un an<\/p>\n","protected":false},"excerpt":{"rendered":"<p>Arbre de transmission pour Nissan Qashqai avec r\u00e9f\u00e9rences 37000BR51A, 37000JD000, 37000JD200, 37000JG70A, 37000JG70B, 370003UC3A, 370009V30BCA est une\u00a0 <strong>transmission de Nissan neuf avec une garantie d&rsquo;un an.<\/strong><\/p>\n","protected":false},"featured_media":3366,"template":"","meta":[],"product_brand":[121],"product_cat":[144,156],"product_tag":[],"class_list":{"0":"post-3365","1":"product","2":"type-product","3":"status-publish","4":"has-post-thumbnail","6":"product_brand-nissan-2","7":"product_cat-arbre-transmission-cardan","8":"product_cat-arbre-transmission-cardan-4x4","9":"pa_manufacturer-nissan","10":"pa_tipo-4x4","12":"first","13":"instock","14":"taxable","15":"shipping-taxable","16":"purchasable","17":"product-type-simple"},"yoast_head":"<!-- This site is optimized with the Yoast SEO plugin v27.5 - https:\/\/yoast.com\/product\/yoast-seo-wordpress\/ -->\n<title>Acheter Arbre de transmission \u00e0 cardan Nissan Qashqai 37000JD000<\/title>\n<meta name=\"description\" content=\"Vous pouvez acheter arbre de transmission \u00e0 cardan 37000JD000 pour Nissan Qashqai au meilleur prix ici. Nous vendons au monde entier.\" \/>\n<meta name=\"robots\" content=\"index, follow, max-snippet:-1, max-image-preview:large, max-video-preview:-1\" \/>\n<link rel=\"canonical\" href=\"https:\/\/www.enriquerequena.com\/fr\/tienda-online\/arbre-transmission-cardan\/arbre-transmission-cardan-4x4\/arbre-de-transmission-a-cardan-nissan-qashqai-37000jg70a-37000br51a-37000jd000\/\" \/>\n<meta property=\"og:locale\" content=\"fr_FR\" \/>\n<meta property=\"og:type\" content=\"article\" \/>\n<meta property=\"og:title\" content=\"Acheter Arbre de transmission \u00e0 cardan Nissan Qashqai 37000JD000\" \/>\n<meta property=\"og:description\" content=\"Vous pouvez acheter arbre de transmission \u00e0 cardan 37000JD000 pour Nissan Qashqai au meilleur prix ici. Nous vendons au monde entier.\" \/>\n<meta property=\"og:url\" content=\"https:\/\/www.enriquerequena.com\/fr\/tienda-online\/arbre-transmission-cardan\/arbre-transmission-cardan-4x4\/arbre-de-transmission-a-cardan-nissan-qashqai-37000jg70a-37000br51a-37000jd000\/\" \/>\n<meta property=\"og:site_name\" content=\"ENRIQUE REQUENA\" \/>\n<meta property=\"article:modified_time\" content=\"2025-06-11T16:00:59+00:00\" \/>\n<meta property=\"og:image\" content=\"https:\/\/www.enriquerequena.com\/wp-content\/uploads\/2019\/09\/products-37000JG70A-37000BR51A-37000JD000-TRANSMISION-CARDAN-ARBRE-TRANSMISSION-PROPSHAFT-NISSAN-QASHQAI--2.jpg\" \/>\n\t<meta property=\"og:image:width\" content=\"800\" \/>\n\t<meta property=\"og:image:height\" content=\"800\" \/>\n\t<meta property=\"og:image:type\" content=\"image\/jpeg\" \/>\n<meta name=\"twitter:card\" content=\"summary_large_image\" \/>\n<meta name=\"twitter:label1\" content=\"Dur\u00e9e de lecture estim\u00e9e\" \/>\n\t<meta name=\"twitter:data1\" content=\"1 minute\" \/>\n<script type=\"application\/ld+json\" class=\"yoast-schema-graph\">{\"@context\":\"https:\\\/\\\/schema.org\",\"@graph\":[{\"@type\":\"WebPage\",\"@id\":\"https:\\\/\\\/www.enriquerequena.com\\\/fr\\\/tienda-online\\\/arbre-transmission-cardan\\\/arbre-transmission-cardan-4x4\\\/arbre-de-transmission-a-cardan-nissan-qashqai-37000jg70a-37000br51a-37000jd000\\\/\",\"url\":\"https:\\\/\\\/www.enriquerequena.com\\\/fr\\\/tienda-online\\\/arbre-transmission-cardan\\\/arbre-transmission-cardan-4x4\\\/arbre-de-transmission-a-cardan-nissan-qashqai-37000jg70a-37000br51a-37000jd000\\\/\",\"name\":\"Acheter Arbre de transmission \u00e0 cardan Nissan Qashqai 37000JD000\",\"isPartOf\":{\"@id\":\"https:\\\/\\\/www.enriquerequena.com\\\/fr\\\/#website\"},\"primaryImageOfPage\":{\"@id\":\"https:\\\/\\\/www.enriquerequena.com\\\/fr\\\/tienda-online\\\/arbre-transmission-cardan\\\/arbre-transmission-cardan-4x4\\\/arbre-de-transmission-a-cardan-nissan-qashqai-37000jg70a-37000br51a-37000jd000\\\/#primaryimage\"},\"image\":{\"@id\":\"https:\\\/\\\/www.enriquerequena.com\\\/fr\\\/tienda-online\\\/arbre-transmission-cardan\\\/arbre-transmission-cardan-4x4\\\/arbre-de-transmission-a-cardan-nissan-qashqai-37000jg70a-37000br51a-37000jd000\\\/#primaryimage\"},\"thumbnailUrl\":\"https:\\\/\\\/www.enriquerequena.com\\\/wp-content\\\/uploads\\\/2019\\\/09\\\/products-37000JG70A-37000BR51A-37000JD000-TRANSMISION-CARDAN-ARBRE-TRANSMISSION-PROPSHAFT-NISSAN-QASHQAI--2.jpg\",\"datePublished\":\"2017-06-06T17:32:46+00:00\",\"dateModified\":\"2025-06-11T16:00:59+00:00\",\"description\":\"Vous pouvez acheter arbre de transmission \u00e0 cardan 37000JD000 pour Nissan Qashqai au meilleur prix ici. Nous vendons au monde entier.\",\"breadcrumb\":{\"@id\":\"https:\\\/\\\/www.enriquerequena.com\\\/fr\\\/tienda-online\\\/arbre-transmission-cardan\\\/arbre-transmission-cardan-4x4\\\/arbre-de-transmission-a-cardan-nissan-qashqai-37000jg70a-37000br51a-37000jd000\\\/#breadcrumb\"},\"inLanguage\":\"fr-FR\",\"potentialAction\":[{\"@type\":\"ReadAction\",\"target\":[\"https:\\\/\\\/www.enriquerequena.com\\\/fr\\\/tienda-online\\\/arbre-transmission-cardan\\\/arbre-transmission-cardan-4x4\\\/arbre-de-transmission-a-cardan-nissan-qashqai-37000jg70a-37000br51a-37000jd000\\\/\"]}]},{\"@type\":\"ImageObject\",\"inLanguage\":\"fr-FR\",\"@id\":\"https:\\\/\\\/www.enriquerequena.com\\\/fr\\\/tienda-online\\\/arbre-transmission-cardan\\\/arbre-transmission-cardan-4x4\\\/arbre-de-transmission-a-cardan-nissan-qashqai-37000jg70a-37000br51a-37000jd000\\\/#primaryimage\",\"url\":\"https:\\\/\\\/www.enriquerequena.com\\\/wp-content\\\/uploads\\\/2019\\\/09\\\/products-37000JG70A-37000BR51A-37000JD000-TRANSMISION-CARDAN-ARBRE-TRANSMISSION-PROPSHAFT-NISSAN-QASHQAI--2.jpg\",\"contentUrl\":\"https:\\\/\\\/www.enriquerequena.com\\\/wp-content\\\/uploads\\\/2019\\\/09\\\/products-37000JG70A-37000BR51A-37000JD000-TRANSMISION-CARDAN-ARBRE-TRANSMISSION-PROPSHAFT-NISSAN-QASHQAI--2.jpg\",\"width\":800,\"height\":800,\"caption\":\"Arbre de transmission \u00e0 cardan Nissan Qashqai 37000JG70A, 37000BR51A, 37000JD000\"},{\"@type\":\"WebSite\",\"@id\":\"https:\\\/\\\/www.enriquerequena.com\\\/fr\\\/#website\",\"url\":\"https:\\\/\\\/www.enriquerequena.com\\\/fr\\\/\",\"name\":\"ENRIQUE REQUENA\",\"description\":\"Sp\u00e9cialistes des transmissions cardan avec des exp\u00e9ditions dans le monde entier et des pi\u00e8ces d\u00e9tach\u00e9es pour voitures, camions et accessoires \u00e0 Valence, en Espagne. Avec vous depuis 1950!\",\"publisher\":{\"@id\":\"https:\\\/\\\/www.enriquerequena.com\\\/fr\\\/#organization\"},\"potentialAction\":[{\"@type\":\"SearchAction\",\"target\":{\"@type\":\"EntryPoint\",\"urlTemplate\":\"https:\\\/\\\/www.enriquerequena.com\\\/fr\\\/?s={search_term_string}\"},\"query-input\":{\"@type\":\"PropertyValueSpecification\",\"valueRequired\":true,\"valueName\":\"search_term_string\"}}],\"inLanguage\":\"fr-FR\"},{\"@type\":\"Organization\",\"@id\":\"https:\\\/\\\/www.enriquerequena.com\\\/fr\\\/#organization\",\"name\":\"Enrique Requena S.L.\",\"url\":\"https:\\\/\\\/www.enriquerequena.com\\\/fr\\\/\",\"logo\":{\"@type\":\"ImageObject\",\"inLanguage\":\"fr-FR\",\"@id\":\"https:\\\/\\\/www.enriquerequena.com\\\/fr\\\/#\\\/schema\\\/logo\\\/image\\\/\",\"url\":\"https:\\\/\\\/www.enriquerequena.com\\\/wp-content\\\/uploads\\\/2019\\\/11\\\/enrique-requena-recambios-logotipo.jpg\",\"contentUrl\":\"https:\\\/\\\/www.enriquerequena.com\\\/wp-content\\\/uploads\\\/2019\\\/11\\\/enrique-requena-recambios-logotipo.jpg\",\"width\":381,\"height\":75,\"caption\":\"Enrique Requena S.L.\"},\"image\":{\"@id\":\"https:\\\/\\\/www.enriquerequena.com\\\/fr\\\/#\\\/schema\\\/logo\\\/image\\\/\"}}]}<\/script>\n<!-- \/ Yoast SEO plugin. -->","yoast_head_json":{"title":"Acheter Arbre de transmission \u00e0 cardan Nissan Qashqai 37000JD000","description":"Vous pouvez acheter arbre de transmission \u00e0 cardan 37000JD000 pour Nissan Qashqai au meilleur prix ici. Nous vendons au monde entier.","robots":{"index":"index","follow":"follow","max-snippet":"max-snippet:-1","max-image-preview":"max-image-preview:large","max-video-preview":"max-video-preview:-1"},"canonical":"https:\/\/www.enriquerequena.com\/fr\/tienda-online\/arbre-transmission-cardan\/arbre-transmission-cardan-4x4\/arbre-de-transmission-a-cardan-nissan-qashqai-37000jg70a-37000br51a-37000jd000\/","og_locale":"fr_FR","og_type":"article","og_title":"Acheter Arbre de transmission \u00e0 cardan Nissan Qashqai 37000JD000","og_description":"Vous pouvez acheter arbre de transmission \u00e0 cardan 37000JD000 pour Nissan Qashqai au meilleur prix ici. Nous vendons au monde entier.","og_url":"https:\/\/www.enriquerequena.com\/fr\/tienda-online\/arbre-transmission-cardan\/arbre-transmission-cardan-4x4\/arbre-de-transmission-a-cardan-nissan-qashqai-37000jg70a-37000br51a-37000jd000\/","og_site_name":"ENRIQUE REQUENA","article_modified_time":"2025-06-11T16:00:59+00:00","og_image":[{"width":800,"height":800,"url":"https:\/\/www.enriquerequena.com\/wp-content\/uploads\/2019\/09\/products-37000JG70A-37000BR51A-37000JD000-TRANSMISION-CARDAN-ARBRE-TRANSMISSION-PROPSHAFT-NISSAN-QASHQAI--2.jpg","type":"image\/jpeg"}],"twitter_card":"summary_large_image","twitter_misc":{"Dur\u00e9e de lecture estim\u00e9e":"1 minute"},"schema":{"@context":"https:\/\/schema.org","@graph":[{"@type":"WebPage","@id":"https:\/\/www.enriquerequena.com\/fr\/tienda-online\/arbre-transmission-cardan\/arbre-transmission-cardan-4x4\/arbre-de-transmission-a-cardan-nissan-qashqai-37000jg70a-37000br51a-37000jd000\/","url":"https:\/\/www.enriquerequena.com\/fr\/tienda-online\/arbre-transmission-cardan\/arbre-transmission-cardan-4x4\/arbre-de-transmission-a-cardan-nissan-qashqai-37000jg70a-37000br51a-37000jd000\/","name":"Acheter Arbre de transmission \u00e0 cardan Nissan Qashqai 37000JD000","isPartOf":{"@id":"https:\/\/www.enriquerequena.com\/fr\/#website"},"primaryImageOfPage":{"@id":"https:\/\/www.enriquerequena.com\/fr\/tienda-online\/arbre-transmission-cardan\/arbre-transmission-cardan-4x4\/arbre-de-transmission-a-cardan-nissan-qashqai-37000jg70a-37000br51a-37000jd000\/#primaryimage"},"image":{"@id":"https:\/\/www.enriquerequena.com\/fr\/tienda-online\/arbre-transmission-cardan\/arbre-transmission-cardan-4x4\/arbre-de-transmission-a-cardan-nissan-qashqai-37000jg70a-37000br51a-37000jd000\/#primaryimage"},"thumbnailUrl":"https:\/\/www.enriquerequena.com\/wp-content\/uploads\/2019\/09\/products-37000JG70A-37000BR51A-37000JD000-TRANSMISION-CARDAN-ARBRE-TRANSMISSION-PROPSHAFT-NISSAN-QASHQAI--2.jpg","datePublished":"2017-06-06T17:32:46+00:00","dateModified":"2025-06-11T16:00:59+00:00","description":"Vous pouvez acheter arbre de transmission \u00e0 cardan 37000JD000 pour Nissan Qashqai au meilleur prix ici. Nous vendons au monde entier.","breadcrumb":{"@id":"https:\/\/www.enriquerequena.com\/fr\/tienda-online\/arbre-transmission-cardan\/arbre-transmission-cardan-4x4\/arbre-de-transmission-a-cardan-nissan-qashqai-37000jg70a-37000br51a-37000jd000\/#breadcrumb"},"inLanguage":"fr-FR","potentialAction":[{"@type":"ReadAction","target":["https:\/\/www.enriquerequena.com\/fr\/tienda-online\/arbre-transmission-cardan\/arbre-transmission-cardan-4x4\/arbre-de-transmission-a-cardan-nissan-qashqai-37000jg70a-37000br51a-37000jd000\/"]}]},{"@type":"ImageObject","inLanguage":"fr-FR","@id":"https:\/\/www.enriquerequena.com\/fr\/tienda-online\/arbre-transmission-cardan\/arbre-transmission-cardan-4x4\/arbre-de-transmission-a-cardan-nissan-qashqai-37000jg70a-37000br51a-37000jd000\/#primaryimage","url":"https:\/\/www.enriquerequena.com\/wp-content\/uploads\/2019\/09\/products-37000JG70A-37000BR51A-37000JD000-TRANSMISION-CARDAN-ARBRE-TRANSMISSION-PROPSHAFT-NISSAN-QASHQAI--2.jpg","contentUrl":"https:\/\/www.enriquerequena.com\/wp-content\/uploads\/2019\/09\/products-37000JG70A-37000BR51A-37000JD000-TRANSMISION-CARDAN-ARBRE-TRANSMISSION-PROPSHAFT-NISSAN-QASHQAI--2.jpg","width":800,"height":800,"caption":"Arbre de transmission \u00e0 cardan Nissan Qashqai 37000JG70A, 37000BR51A, 37000JD000"},{"@type":"WebSite","@id":"https:\/\/www.enriquerequena.com\/fr\/#website","url":"https:\/\/www.enriquerequena.com\/fr\/","name":"ENRIQUE REQUENA","description":"Sp\u00e9cialistes des transmissions cardan avec des exp\u00e9ditions dans le monde entier et des pi\u00e8ces d\u00e9tach\u00e9es pour voitures, camions et accessoires \u00e0 Valence, en Espagne. Avec vous depuis 1950!","publisher":{"@id":"https:\/\/www.enriquerequena.com\/fr\/#organization"},"potentialAction":[{"@type":"SearchAction","target":{"@type":"EntryPoint","urlTemplate":"https:\/\/www.enriquerequena.com\/fr\/?s={search_term_string}"},"query-input":{"@type":"PropertyValueSpecification","valueRequired":true,"valueName":"search_term_string"}}],"inLanguage":"fr-FR"},{"@type":"Organization","@id":"https:\/\/www.enriquerequena.com\/fr\/#organization","name":"Enrique Requena S.L.","url":"https:\/\/www.enriquerequena.com\/fr\/","logo":{"@type":"ImageObject","inLanguage":"fr-FR","@id":"https:\/\/www.enriquerequena.com\/fr\/#\/schema\/logo\/image\/","url":"https:\/\/www.enriquerequena.com\/wp-content\/uploads\/2019\/11\/enrique-requena-recambios-logotipo.jpg","contentUrl":"https:\/\/www.enriquerequena.com\/wp-content\/uploads\/2019\/11\/enrique-requena-recambios-logotipo.jpg","width":381,"height":75,"caption":"Enrique Requena S.L."},"image":{"@id":"https:\/\/www.enriquerequena.com\/fr\/#\/schema\/logo\/image\/"}}]}},"_links":{"self":[{"href":"https:\/\/www.enriquerequena.com\/fr\/wp-json\/wp\/v2\/product\/3365","targetHints":{"allow":["GET"]}}],"collection":[{"href":"https:\/\/www.enriquerequena.com\/fr\/wp-json\/wp\/v2\/product"}],"about":[{"href":"https:\/\/www.enriquerequena.com\/fr\/wp-json\/wp\/v2\/types\/product"}],"wp:featuredmedia":[{"embeddable":true,"href":"https:\/\/www.enriquerequena.com\/fr\/wp-json\/wp\/v2\/media\/3366"}],"wp:attachment":[{"href":"https:\/\/www.enriquerequena.com\/fr\/wp-json\/wp\/v2\/media?parent=3365"}],"wp:term":[{"taxonomy":"product_brand","embeddable":true,"href":"https:\/\/www.enriquerequena.com\/fr\/wp-json\/wp\/v2\/product_brand?post=3365"},{"taxonomy":"product_cat","embeddable":true,"href":"https:\/\/www.enriquerequena.com\/fr\/wp-json\/wp\/v2\/product_cat?post=3365"},{"taxonomy":"product_tag","embeddable":true,"href":"https:\/\/www.enriquerequena.com\/fr\/wp-json\/wp\/v2\/product_tag?post=3365"}],"curies":[{"name":"wp","href":"https:\/\/api.w.org\/{rel}","templated":true}]}}