{"id":34347,"date":"2026-04-24T08:42:44","date_gmt":"2026-04-24T06:42:44","guid":{"rendered":"https:\/\/www.enriquerequena.com\/?post_type=product&#038;p=34347"},"modified":"2026-04-22T18:30:50","modified_gmt":"2026-04-22T16:30:50","slug":"soufflet-a-air-suspension-pneumatique-mercedes-arnott-a2575","status":"publish","type":"product","link":"https:\/\/www.enriquerequena.com\/fr\/tienda-online\/pieces-de-rechange-suspension\/suspension-pneumatique\/soufflet-a-air-suspension-pneumatique-mercedes-arnott-a2575\/","title":{"rendered":"Soufflet \u00c0 Air Suspension Pneumatique Mercedes Arnott A2575"},"content":{"rendered":"<h3 data-section-id=\"2l5ul1\" data-start=\"70\" data-end=\"127\">Soufflet \u00c0 Air Pour Suspension Pneumatique Mercedes<\/h3>\n<p data-start=\"129\" data-end=\"442\">Le <strong data-start=\"132\" data-end=\"201\">soufflet \u00e0 air Arnott A-2575 pour suspension pneumatique Mercedes<\/strong> est un \u00e9l\u00e9ment cl\u00e9 du syst\u00e8me de suspension. Il permet de maintenir la hauteur du v\u00e9hicule, d\u2019absorber les irr\u00e9gularit\u00e9s de la route et d\u2019assurer une stabilit\u00e9 optimale, en particulier sur les v\u00e9hicules \u00e9quip\u00e9s du syst\u00e8me <strong data-start=\"424\" data-end=\"439\">Airmatic DC<\/strong>.<\/p>\n<p data-start=\"444\" data-end=\"733\">La <strong data-start=\"447\" data-end=\"467\">r\u00e9f\u00e9rence A-2575<\/strong> est utilis\u00e9e sur plusieurs mod\u00e8les Mercedes-Benz, notamment <strong data-start=\"528\" data-end=\"568\">Classe ML (W164) et Classe GL (X164)<\/strong>. Ce composant est mont\u00e9 sur l\u2019essieu avant et joue un r\u00f4le essentiel dans le confort de conduite et la s\u00e9curit\u00e9 du v\u00e9hicule.<\/p>\n<p data-start=\"735\" data-end=\"1015\">Un soufflet de suspension en bon \u00e9tat permet d\u2019\u00e9viter les pertes de pression, les d\u00e9s\u00e9quilibres du ch\u00e2ssis et l\u2019usure pr\u00e9matur\u00e9e des autres \u00e9l\u00e9ments de suspension. Son remplacement garantit un fonctionnement fiable, notamment sur des v\u00e9hicules utilis\u00e9s en conditions exigeantes.<\/p>\n<p data-start=\"1017\" data-end=\"1147\">Chaque pi\u00e8ce que nous proposons est s\u00e9lectionn\u00e9e afin d\u2019assurer une qualit\u00e9 et une durabilit\u00e9 adapt\u00e9es \u00e0 une utilisation r\u00e9elle.<\/p>\n<p data-start=\"1149\" data-end=\"1343\">Nous proposons <strong data-start=\"1164\" data-end=\"1220\">des produits de haute qualit\u00e9 \u00e0 des prix comp\u00e9titifs<\/strong>, accompagn\u00e9s d\u2019un service professionnel et d\u2019un conseil personnalis\u00e9 pour garantir la compatibilit\u00e9 avec votre v\u00e9hicule.<\/p>\n<p data-start=\"1345\" data-end=\"1478\"><strong data-start=\"1345\" data-end=\"1383\">Faites confiance \u00e0 Enrique Requena<\/strong> pour vos besoins en suspension pneumatique et pi\u00e8ces pour poids lourds et v\u00e9hicules premium.<\/p>\n<p data-start=\"1480\" data-end=\"1577\"><strong data-start=\"1480\" data-end=\"1521\">Passez votre commande d\u00e8s aujourd\u2019hui<\/strong> et assurez le bon fonctionnement de votre suspension.<\/p>\n<hr data-start=\"1579\" data-end=\"1584\" \/>\n<h3 data-section-id=\"zmsbyu\" data-start=\"1586\" data-end=\"1615\">Informations Techniques<\/h3>\n<p data-start=\"1617\" data-end=\"1798\">Recambio : <strong data-start=\"1628\" data-end=\"1669\">Soufflet \u00e0 air suspension pneumatique<\/strong><br data-start=\"1669\" data-end=\"1672\" \/>Marque : <strong data-start=\"1681\" data-end=\"1691\">Arnott<\/strong><br data-start=\"1691\" data-end=\"1694\" \/>Mod\u00e8le : <strong data-start=\"1703\" data-end=\"1713\">A-2575<\/strong><br data-start=\"1713\" data-end=\"1716\" \/>Garantie : <strong data-start=\"1727\" data-end=\"1735\">1 an<\/strong><br data-start=\"1735\" data-end=\"1738\" \/>\u00c9tat : <strong data-start=\"1745\" data-end=\"1760\">Pi\u00e8ce neuve<\/strong><br data-start=\"1760\" data-end=\"1763\" \/>Qualit\u00e9 : <strong data-start=\"1773\" data-end=\"1796\">Aftermarket Premium<\/strong><\/p>\n<p data-start=\"1617\" data-end=\"1798\">Montage : <strong data-start=\"1810\" data-end=\"1826\">Essieu avant<\/strong><br data-start=\"1826\" data-end=\"1829\" \/>Syst\u00e8me : <strong data-start=\"1839\" data-end=\"1877\">Suspension pneumatique Airmatic DC<\/strong><br data-start=\"1877\" data-end=\"1880\" \/>Poids : <strong data-start=\"1888\" data-end=\"1898\">3,6 kg<\/strong><br data-start=\"1898\" data-end=\"1901\" \/>Poids net : <strong data-start=\"1913\" data-end=\"1923\">3,1 kg<\/strong><br data-start=\"1923\" data-end=\"1926\" \/>Dimensions : <strong data-start=\"1939\" data-end=\"1972\">37 x 18,5 x 18 cm (emballage)<\/strong><\/p>\n<p data-start=\"2014\" data-end=\"2137\">Applications :<br data-start=\"2028\" data-end=\"2031\" \/><strong data-start=\"2031\" data-end=\"2097\">Mercedes-Benz Classe ML (W164), Mercedes-Benz Classe GL (X164)<\/strong><\/p>\n<p data-start=\"2139\" data-end=\"2686\">R\u00e9f\u00e9rences :<br data-start=\"2151\" data-end=\"2154\" \/><strong data-start=\"2154\" data-end=\"2646\">A-2575, A2575, 815710010689, A1643205813, 1643205813, A1643204313, 1643204313, A1643206013, 1643206013, A1643202213, 1643202213, A1643205913, 1643205913, A1643205213, 1643205213, A1643204513, 1643204513, A1643206113, 1643206113, A164320581339, 164320581339, A164320591339, 164320591339, A164320601339, 164320601339, A164320611339, 164320611339, A164320521380, 164320521380, A164320581380, 164320581380, A164320591380, 164320591380, A164320601380, 164320601380, A164320611380, 164320611380<\/strong><\/p>\n<hr data-start=\"2688\" data-end=\"2693\" \/>\n<h3 data-section-id=\"6toqgg\" data-start=\"2695\" data-end=\"2704\">FAQ<\/h3>\n<h4 data-start=\"2706\" data-end=\"2766\">Comment v\u00e9rifier la compatibilit\u00e9 avec mon v\u00e9hicule ?<\/h4>\n<p data-start=\"2768\" data-end=\"2923\">Vous pouvez nous envoyer le num\u00e9ro de ch\u00e2ssis (VIN), la r\u00e9f\u00e9rence d\u2019origine ou une photo de la pi\u00e8ce. Nous v\u00e9rifions la compatibilit\u00e9 avant l\u2019exp\u00e9dition.<\/p>\n<h4 data-start=\"2925\" data-end=\"2957\">Le soufflet est-il neuf ?<\/h4>\n<p data-start=\"2959\" data-end=\"3072\">Oui, il s\u2019agit d\u2019une <strong data-start=\"2980\" data-end=\"3026\">pi\u00e8ce neuve de qualit\u00e9 aftermarket premium<\/strong>, pr\u00eate \u00e0 \u00eatre install\u00e9e sur votre v\u00e9hicule.<\/p>\n<h4 data-start=\"3074\" data-end=\"3126\">Sur quels v\u00e9hicules ce produit est-il mont\u00e9 ?<\/h4>\n<p data-start=\"3128\" data-end=\"3286\">Il est compatible avec plusieurs mod\u00e8les Mercedes \u00e9quip\u00e9s de suspension pneumatique, notamment <strong data-start=\"3223\" data-end=\"3245\">ML W164 et GL X164<\/strong>.<\/p>\n","protected":false},"excerpt":{"rendered":"<p>Soufflet \u00e0 air Mercedes Arnott A2575 pour suspension pneumatique.<br data-start=\"3851\" data-end=\"3854\" \/><strong data-start=\"3854\" data-end=\"3901\">Pi\u00e8ce neuve aftermarket avec garantie 1 an.<\/strong><br data-start=\"3901\" data-end=\"3904\" \/>Nous <strong data-start=\"3909\" data-end=\"3958\">v\u00e9rifions la compatibilit\u00e9 avant l\u2019exp\u00e9dition<\/strong> avec le VIN, la r\u00e9f\u00e9rence ou une photo de la pi\u00e8ce.<br data-start=\"4010\" data-end=\"4013\" \/>Livraison rapide dans le monde entier, <strong data-start=\"4052\" data-end=\"4105\">qualit\u00e9 et fiabilit\u00e9 au meilleur prix depuis 1950<\/strong>.<\/p>\n","protected":false},"featured_media":34350,"template":"","meta":[],"product_brand":[],"product_cat":[135,9836,195,9961],"product_tag":[],"class_list":{"0":"post-34347","1":"product","2":"type-product","3":"status-publish","4":"has-post-thumbnail","6":"product_cat-pieces-rechange-voiture","7":"product_cat-pieces-de-rechange-suspension","8":"product_cat-suspension-voiture","9":"product_cat-suspension-pneumatique","10":"pa_manufacturer-mercedes-benz","11":"pa_tipo-auto","13":"first","14":"instock","15":"taxable","16":"shipping-taxable","17":"purchasable","18":"product-type-simple"},"yoast_head":"<!-- This site is optimized with the Yoast SEO plugin v27.5 - https:\/\/yoast.com\/product\/yoast-seo-wordpress\/ -->\n<title>Soufflet \u00c0 Air Suspension Mercedes Arnott A2575<\/title>\n<meta name=\"description\" content=\"Soufflet \u00e0 air Mercedes Arnott A2575 pour suspension Airmatic. Pi\u00e8ce neuve garantie 1 an. Livraison rapide.\" \/>\n<meta name=\"robots\" content=\"index, follow, max-snippet:-1, max-image-preview:large, max-video-preview:-1\" \/>\n<link rel=\"canonical\" href=\"https:\/\/www.enriquerequena.com\/fr\/tienda-online\/pieces-de-rechange-suspension\/suspension-pneumatique\/soufflet-a-air-suspension-pneumatique-mercedes-arnott-a2575\/\" \/>\n<meta property=\"og:locale\" content=\"fr_FR\" \/>\n<meta property=\"og:type\" content=\"article\" \/>\n<meta property=\"og:title\" content=\"Soufflet \u00c0 Air Suspension Mercedes Arnott A2575\" \/>\n<meta property=\"og:description\" content=\"Soufflet \u00e0 air Mercedes Arnott A2575 pour suspension Airmatic. Pi\u00e8ce neuve garantie 1 an. Livraison rapide.\" \/>\n<meta property=\"og:url\" content=\"https:\/\/www.enriquerequena.com\/fr\/tienda-online\/pieces-de-rechange-suspension\/suspension-pneumatique\/soufflet-a-air-suspension-pneumatique-mercedes-arnott-a2575\/\" \/>\n<meta property=\"og:site_name\" content=\"ENRIQUE REQUENA\" \/>\n<meta property=\"og:image\" content=\"https:\/\/www.enriquerequena.com\/wp-content\/uploads\/2026\/04\/arnott-gimp.jpg\" \/>\n\t<meta property=\"og:image:width\" content=\"800\" \/>\n\t<meta property=\"og:image:height\" content=\"800\" \/>\n\t<meta property=\"og:image:type\" content=\"image\/jpeg\" \/>\n<meta name=\"twitter:card\" content=\"summary_large_image\" \/>\n<meta name=\"twitter:label1\" content=\"Dur\u00e9e de lecture estim\u00e9e\" \/>\n\t<meta name=\"twitter:data1\" content=\"2 minutes\" \/>\n<script type=\"application\/ld+json\" class=\"yoast-schema-graph\">{\"@context\":\"https:\\\/\\\/schema.org\",\"@graph\":[{\"@type\":\"WebPage\",\"@id\":\"https:\\\/\\\/www.enriquerequena.com\\\/fr\\\/tienda-online\\\/pieces-de-rechange-suspension\\\/suspension-pneumatique\\\/soufflet-a-air-suspension-pneumatique-mercedes-arnott-a2575\\\/\",\"url\":\"https:\\\/\\\/www.enriquerequena.com\\\/fr\\\/tienda-online\\\/pieces-de-rechange-suspension\\\/suspension-pneumatique\\\/soufflet-a-air-suspension-pneumatique-mercedes-arnott-a2575\\\/\",\"name\":\"Soufflet \u00c0 Air Suspension Mercedes Arnott A2575\",\"isPartOf\":{\"@id\":\"https:\\\/\\\/www.enriquerequena.com\\\/fr\\\/#website\"},\"primaryImageOfPage\":{\"@id\":\"https:\\\/\\\/www.enriquerequena.com\\\/fr\\\/tienda-online\\\/pieces-de-rechange-suspension\\\/suspension-pneumatique\\\/soufflet-a-air-suspension-pneumatique-mercedes-arnott-a2575\\\/#primaryimage\"},\"image\":{\"@id\":\"https:\\\/\\\/www.enriquerequena.com\\\/fr\\\/tienda-online\\\/pieces-de-rechange-suspension\\\/suspension-pneumatique\\\/soufflet-a-air-suspension-pneumatique-mercedes-arnott-a2575\\\/#primaryimage\"},\"thumbnailUrl\":\"https:\\\/\\\/www.enriquerequena.com\\\/wp-content\\\/uploads\\\/2026\\\/04\\\/arnott-gimp.jpg\",\"datePublished\":\"2026-04-24T06:42:44+00:00\",\"description\":\"Soufflet \u00e0 air Mercedes Arnott A2575 pour suspension Airmatic. Pi\u00e8ce neuve garantie 1 an. Livraison rapide.\",\"breadcrumb\":{\"@id\":\"https:\\\/\\\/www.enriquerequena.com\\\/fr\\\/tienda-online\\\/pieces-de-rechange-suspension\\\/suspension-pneumatique\\\/soufflet-a-air-suspension-pneumatique-mercedes-arnott-a2575\\\/#breadcrumb\"},\"inLanguage\":\"fr-FR\",\"potentialAction\":[{\"@type\":\"ReadAction\",\"target\":[\"https:\\\/\\\/www.enriquerequena.com\\\/fr\\\/tienda-online\\\/pieces-de-rechange-suspension\\\/suspension-pneumatique\\\/soufflet-a-air-suspension-pneumatique-mercedes-arnott-a2575\\\/\"]}]},{\"@type\":\"ImageObject\",\"inLanguage\":\"fr-FR\",\"@id\":\"https:\\\/\\\/www.enriquerequena.com\\\/fr\\\/tienda-online\\\/pieces-de-rechange-suspension\\\/suspension-pneumatique\\\/soufflet-a-air-suspension-pneumatique-mercedes-arnott-a2575\\\/#primaryimage\",\"url\":\"https:\\\/\\\/www.enriquerequena.com\\\/wp-content\\\/uploads\\\/2026\\\/04\\\/arnott-gimp.jpg\",\"contentUrl\":\"https:\\\/\\\/www.enriquerequena.com\\\/wp-content\\\/uploads\\\/2026\\\/04\\\/arnott-gimp.jpg\",\"width\":800,\"height\":800,\"caption\":\"Soufflet \u00e0 air Mercedes Arnott A2575\"},{\"@type\":\"WebSite\",\"@id\":\"https:\\\/\\\/www.enriquerequena.com\\\/fr\\\/#website\",\"url\":\"https:\\\/\\\/www.enriquerequena.com\\\/fr\\\/\",\"name\":\"ENRIQUE REQUENA\",\"description\":\"Sp\u00e9cialistes des transmissions cardan avec des exp\u00e9ditions dans le monde entier et des pi\u00e8ces d\u00e9tach\u00e9es pour voitures, camions et accessoires \u00e0 Valence, en Espagne. Avec vous depuis 1950!\",\"publisher\":{\"@id\":\"https:\\\/\\\/www.enriquerequena.com\\\/fr\\\/#organization\"},\"potentialAction\":[{\"@type\":\"SearchAction\",\"target\":{\"@type\":\"EntryPoint\",\"urlTemplate\":\"https:\\\/\\\/www.enriquerequena.com\\\/fr\\\/?s={search_term_string}\"},\"query-input\":{\"@type\":\"PropertyValueSpecification\",\"valueRequired\":true,\"valueName\":\"search_term_string\"}}],\"inLanguage\":\"fr-FR\"},{\"@type\":\"Organization\",\"@id\":\"https:\\\/\\\/www.enriquerequena.com\\\/fr\\\/#organization\",\"name\":\"Enrique Requena S.L.\",\"url\":\"https:\\\/\\\/www.enriquerequena.com\\\/fr\\\/\",\"logo\":{\"@type\":\"ImageObject\",\"inLanguage\":\"fr-FR\",\"@id\":\"https:\\\/\\\/www.enriquerequena.com\\\/fr\\\/#\\\/schema\\\/logo\\\/image\\\/\",\"url\":\"https:\\\/\\\/www.enriquerequena.com\\\/wp-content\\\/uploads\\\/2019\\\/11\\\/enrique-requena-recambios-logotipo.jpg\",\"contentUrl\":\"https:\\\/\\\/www.enriquerequena.com\\\/wp-content\\\/uploads\\\/2019\\\/11\\\/enrique-requena-recambios-logotipo.jpg\",\"width\":381,\"height\":75,\"caption\":\"Enrique Requena S.L.\"},\"image\":{\"@id\":\"https:\\\/\\\/www.enriquerequena.com\\\/fr\\\/#\\\/schema\\\/logo\\\/image\\\/\"}}]}<\/script>\n<!-- \/ Yoast SEO plugin. -->","yoast_head_json":{"title":"Soufflet \u00c0 Air Suspension Mercedes Arnott A2575","description":"Soufflet \u00e0 air Mercedes Arnott A2575 pour suspension Airmatic. Pi\u00e8ce neuve garantie 1 an. Livraison rapide.","robots":{"index":"index","follow":"follow","max-snippet":"max-snippet:-1","max-image-preview":"max-image-preview:large","max-video-preview":"max-video-preview:-1"},"canonical":"https:\/\/www.enriquerequena.com\/fr\/tienda-online\/pieces-de-rechange-suspension\/suspension-pneumatique\/soufflet-a-air-suspension-pneumatique-mercedes-arnott-a2575\/","og_locale":"fr_FR","og_type":"article","og_title":"Soufflet \u00c0 Air Suspension Mercedes Arnott A2575","og_description":"Soufflet \u00e0 air Mercedes Arnott A2575 pour suspension Airmatic. Pi\u00e8ce neuve garantie 1 an. Livraison rapide.","og_url":"https:\/\/www.enriquerequena.com\/fr\/tienda-online\/pieces-de-rechange-suspension\/suspension-pneumatique\/soufflet-a-air-suspension-pneumatique-mercedes-arnott-a2575\/","og_site_name":"ENRIQUE REQUENA","og_image":[{"width":800,"height":800,"url":"https:\/\/www.enriquerequena.com\/wp-content\/uploads\/2026\/04\/arnott-gimp.jpg","type":"image\/jpeg"}],"twitter_card":"summary_large_image","twitter_misc":{"Dur\u00e9e de lecture estim\u00e9e":"2 minutes"},"schema":{"@context":"https:\/\/schema.org","@graph":[{"@type":"WebPage","@id":"https:\/\/www.enriquerequena.com\/fr\/tienda-online\/pieces-de-rechange-suspension\/suspension-pneumatique\/soufflet-a-air-suspension-pneumatique-mercedes-arnott-a2575\/","url":"https:\/\/www.enriquerequena.com\/fr\/tienda-online\/pieces-de-rechange-suspension\/suspension-pneumatique\/soufflet-a-air-suspension-pneumatique-mercedes-arnott-a2575\/","name":"Soufflet \u00c0 Air Suspension Mercedes Arnott A2575","isPartOf":{"@id":"https:\/\/www.enriquerequena.com\/fr\/#website"},"primaryImageOfPage":{"@id":"https:\/\/www.enriquerequena.com\/fr\/tienda-online\/pieces-de-rechange-suspension\/suspension-pneumatique\/soufflet-a-air-suspension-pneumatique-mercedes-arnott-a2575\/#primaryimage"},"image":{"@id":"https:\/\/www.enriquerequena.com\/fr\/tienda-online\/pieces-de-rechange-suspension\/suspension-pneumatique\/soufflet-a-air-suspension-pneumatique-mercedes-arnott-a2575\/#primaryimage"},"thumbnailUrl":"https:\/\/www.enriquerequena.com\/wp-content\/uploads\/2026\/04\/arnott-gimp.jpg","datePublished":"2026-04-24T06:42:44+00:00","description":"Soufflet \u00e0 air Mercedes Arnott A2575 pour suspension Airmatic. Pi\u00e8ce neuve garantie 1 an. Livraison rapide.","breadcrumb":{"@id":"https:\/\/www.enriquerequena.com\/fr\/tienda-online\/pieces-de-rechange-suspension\/suspension-pneumatique\/soufflet-a-air-suspension-pneumatique-mercedes-arnott-a2575\/#breadcrumb"},"inLanguage":"fr-FR","potentialAction":[{"@type":"ReadAction","target":["https:\/\/www.enriquerequena.com\/fr\/tienda-online\/pieces-de-rechange-suspension\/suspension-pneumatique\/soufflet-a-air-suspension-pneumatique-mercedes-arnott-a2575\/"]}]},{"@type":"ImageObject","inLanguage":"fr-FR","@id":"https:\/\/www.enriquerequena.com\/fr\/tienda-online\/pieces-de-rechange-suspension\/suspension-pneumatique\/soufflet-a-air-suspension-pneumatique-mercedes-arnott-a2575\/#primaryimage","url":"https:\/\/www.enriquerequena.com\/wp-content\/uploads\/2026\/04\/arnott-gimp.jpg","contentUrl":"https:\/\/www.enriquerequena.com\/wp-content\/uploads\/2026\/04\/arnott-gimp.jpg","width":800,"height":800,"caption":"Soufflet \u00e0 air Mercedes Arnott A2575"},{"@type":"WebSite","@id":"https:\/\/www.enriquerequena.com\/fr\/#website","url":"https:\/\/www.enriquerequena.com\/fr\/","name":"ENRIQUE REQUENA","description":"Sp\u00e9cialistes des transmissions cardan avec des exp\u00e9ditions dans le monde entier et des pi\u00e8ces d\u00e9tach\u00e9es pour voitures, camions et accessoires \u00e0 Valence, en Espagne. Avec vous depuis 1950!","publisher":{"@id":"https:\/\/www.enriquerequena.com\/fr\/#organization"},"potentialAction":[{"@type":"SearchAction","target":{"@type":"EntryPoint","urlTemplate":"https:\/\/www.enriquerequena.com\/fr\/?s={search_term_string}"},"query-input":{"@type":"PropertyValueSpecification","valueRequired":true,"valueName":"search_term_string"}}],"inLanguage":"fr-FR"},{"@type":"Organization","@id":"https:\/\/www.enriquerequena.com\/fr\/#organization","name":"Enrique Requena S.L.","url":"https:\/\/www.enriquerequena.com\/fr\/","logo":{"@type":"ImageObject","inLanguage":"fr-FR","@id":"https:\/\/www.enriquerequena.com\/fr\/#\/schema\/logo\/image\/","url":"https:\/\/www.enriquerequena.com\/wp-content\/uploads\/2019\/11\/enrique-requena-recambios-logotipo.jpg","contentUrl":"https:\/\/www.enriquerequena.com\/wp-content\/uploads\/2019\/11\/enrique-requena-recambios-logotipo.jpg","width":381,"height":75,"caption":"Enrique Requena S.L."},"image":{"@id":"https:\/\/www.enriquerequena.com\/fr\/#\/schema\/logo\/image\/"}}]}},"_links":{"self":[{"href":"https:\/\/www.enriquerequena.com\/fr\/wp-json\/wp\/v2\/product\/34347","targetHints":{"allow":["GET"]}}],"collection":[{"href":"https:\/\/www.enriquerequena.com\/fr\/wp-json\/wp\/v2\/product"}],"about":[{"href":"https:\/\/www.enriquerequena.com\/fr\/wp-json\/wp\/v2\/types\/product"}],"wp:featuredmedia":[{"embeddable":true,"href":"https:\/\/www.enriquerequena.com\/fr\/wp-json\/wp\/v2\/media\/34350"}],"wp:attachment":[{"href":"https:\/\/www.enriquerequena.com\/fr\/wp-json\/wp\/v2\/media?parent=34347"}],"wp:term":[{"taxonomy":"product_brand","embeddable":true,"href":"https:\/\/www.enriquerequena.com\/fr\/wp-json\/wp\/v2\/product_brand?post=34347"},{"taxonomy":"product_cat","embeddable":true,"href":"https:\/\/www.enriquerequena.com\/fr\/wp-json\/wp\/v2\/product_cat?post=34347"},{"taxonomy":"product_tag","embeddable":true,"href":"https:\/\/www.enriquerequena.com\/fr\/wp-json\/wp\/v2\/product_tag?post=34347"}],"curies":[{"name":"wp","href":"https:\/\/api.w.org\/{rel}","templated":true}]}}