{"id":3595,"date":"2018-05-28T20:40:10","date_gmt":"2018-05-28T20:40:10","guid":{"rendered":"https:\/\/www.enriquerequena.com\/?post_type=product&#038;p=3595"},"modified":"2024-04-16T11:23:11","modified_gmt":"2024-04-16T09:23:11","slug":"arbre-de-transmission-fiat-panda-4x4-46349688-55193595-55222107-55197051","status":"publish","type":"product","link":"https:\/\/www.enriquerequena.com\/fr\/tienda-online\/arbre-transmission-cardan\/arbre-transmission-cardan-4x4\/arbre-de-transmission-fiat-panda-4x4-46349688-55193595-55222107-55197051\/","title":{"rendered":"Arbre de transmission Fiat Panda 4&#215;4 46349688- 55193595- 55222107- 55197051"},"content":{"rendered":"<p><span style=\"color: #3366ff;\">Arbre de transmission\u00a0 pour Fiat Panda 4&#215;4 avec r\u00e9f\u00e9rences 46349688, <\/span><span style=\"color: #3366ff;\">55193595, 55222107 ou 55197051 est une\u00a0 transmission neuve de Fiat avec une garantie d&rsquo;un an. C&rsquo;est le choix le plus \u00e9conomique<\/span><\/p>\n<p><span style=\"color: #3366ff;\">Nous vendons des arbres de transmission pour Fiat Panda 4&#215;4. Nos arbres de transmission sont similaires \u00e0 ceux des OEM avec les meilleurs prix du march\u00e9.<\/span><\/p>\n<p><span style=\"color: #3366ff;\">46349688, 55193595, 55222107 ou 55197051 est disponible pour Fiat Panda 4&#215;4. Nous vendons des pi\u00e8ces d\u00e9tach\u00e9es ou pi\u00e8ces de rechange pour v\u00e9hicules 4&#215;4 \u00e0 Valence depuis 1950 et nous vendons aussi en ligne dans le monde entier.<\/span><\/p>\n<p><span style=\"color: #3366ff;\">N\u00b4h\u00e9sitez pas \u00e0 nous consulter pour d\u00b4autres mod\u00e8les de transmission de tout type de v\u00e9hicule. Nous avons une exp\u00e9rience de 68 ans dans le commerce de transmissions et connaissons tr\u00e8s bien le sujet.<\/span><\/p>\n<p><span style=\"color: #3366ff;\">Caract\u00e9ristiques techniques:<\/span><\/p>\n<p><span style=\"color: #3366ff;\">&#8211; Pi\u00e8ce de rechange: arbre de transmission \u00e0 cardan<\/span><\/p>\n<p><span style=\"color: #3366ff;\">&#8211; Mod\u00e8le: Fiat Panda 4&#215;4<\/span><\/p>\n<p><span style=\"color: #3366ff;\">&#8211; Deux pi\u00e8ces d&rsquo;arbre avec cadre de support<\/span><\/p>\n<p><span style=\"color: #3366ff;\">&#8211; Longueur: 1729.5 MM.<\/span><\/p>\n<p><span style=\"color: #3366ff;\">&#8211; Perceuses \u00e0 couronne diam\u00e8tre \u00d8: 74 MM<\/span><\/p>\n<p><span style=\"color: #3366ff;\">&#8211; Perceuses 1 diam\u00e8tre \u00d8: 8.2 MM<\/span><\/p>\n<p><span style=\"color: #3366ff;\">&#8211; Nombre de perceuses 1: 6<\/span><\/p>\n<p><span style=\"color: #3366ff;\">&#8211; Perceuses 2 diam\u00e8tres de cercle \u00d8: 74 MM<\/span><\/p>\n<p><span style=\"color: #3366ff;\">&#8211; Perceuses 2 diam\u00e8tre \u00d8: 8.2 MM<\/span><\/p>\n<p><span style=\"color: #3366ff;\">&#8211; Nombre de perceuses 2: 6<\/span><\/p>\n<p><span style=\"color: #3366ff;\">&#8211; Num\u00e9ro de r\u00e9f\u00e9rence: 55193595 &#8211; 55222107- 55197051 &#8211; 46349688<\/span><\/p>\n<p><span style=\"color: #3366ff;\">&#8211; Etat: pi\u00e8ce neuve<\/span><\/p>\n<p><span style=\"color: #3366ff;\">&#8211; Garantie d&rsquo;un an<\/span><\/p>\n","protected":false},"excerpt":{"rendered":"<p>Arbre de transmission \u00e0 cardan pour Fiat Panda 4&#215;4 avec r\u00e9f\u00e9rence 46349688, 55193595, 55222107 et 55197051 \u00e0 vendre en ligne.<\/p>\n","protected":false},"featured_media":3596,"template":"","meta":[],"product_brand":[113],"product_cat":[144,156],"product_tag":[],"class_list":{"0":"post-3595","1":"product","2":"type-product","3":"status-publish","4":"has-post-thumbnail","6":"product_brand-fiat-2","7":"product_cat-arbre-transmission-cardan","8":"product_cat-arbre-transmission-cardan-4x4","9":"pa_manufacturer-fiat","10":"pa_tipo-4x4","12":"first","13":"instock","14":"taxable","15":"shipping-taxable","16":"purchasable","17":"product-type-simple"},"yoast_head":"<!-- This site is optimized with the Yoast SEO plugin v27.5 - https:\/\/yoast.com\/product\/yoast-seo-wordpress\/ -->\n<title>Arbre transmission \u00e0 cardan Fiat Panda 55193595 - 55222107- 55197051<\/title>\n<meta name=\"description\" content=\"Vous pouvez acheter Arbre de transmission avec num\u00e9ro de r\u00e9f\u00e9rence 46349688, 55193595, 55222107, 55197051 pour Fiat Panda 4x4 au meilleur prix.\" \/>\n<meta name=\"robots\" content=\"index, follow, max-snippet:-1, max-image-preview:large, max-video-preview:-1\" \/>\n<link rel=\"canonical\" href=\"https:\/\/www.enriquerequena.com\/fr\/tienda-online\/arbre-transmission-cardan\/arbre-transmission-cardan-4x4\/arbre-de-transmission-fiat-panda-4x4-46349688-55193595-55222107-55197051\/\" \/>\n<meta property=\"og:locale\" content=\"fr_FR\" \/>\n<meta property=\"og:type\" content=\"article\" \/>\n<meta property=\"og:title\" content=\"Arbre transmission \u00e0 cardan Fiat Panda 55193595 - 55222107- 55197051\" \/>\n<meta property=\"og:description\" content=\"Vous pouvez acheter Arbre de transmission avec num\u00e9ro de r\u00e9f\u00e9rence 46349688, 55193595, 55222107, 55197051 pour Fiat Panda 4x4 au meilleur prix.\" \/>\n<meta property=\"og:url\" content=\"https:\/\/www.enriquerequena.com\/fr\/tienda-online\/arbre-transmission-cardan\/arbre-transmission-cardan-4x4\/arbre-de-transmission-fiat-panda-4x4-46349688-55193595-55222107-55197051\/\" \/>\n<meta property=\"og:site_name\" content=\"ENRIQUE REQUENA\" \/>\n<meta property=\"article:modified_time\" content=\"2024-04-16T09:23:11+00:00\" \/>\n<meta property=\"og:image\" content=\"https:\/\/www.enriquerequena.com\/wp-content\/uploads\/2019\/09\/products-55193595-55222107-55197051-TRANSMISION-CARDAN-ARBRE-TRANSMISSION-PROPSHAFT-FIAT-PANDA--2.jpg\" \/>\n\t<meta property=\"og:image:width\" content=\"800\" \/>\n\t<meta property=\"og:image:height\" content=\"800\" \/>\n\t<meta property=\"og:image:type\" content=\"image\/jpeg\" \/>\n<meta name=\"twitter:card\" content=\"summary_large_image\" \/>\n<meta name=\"twitter:label1\" content=\"Dur\u00e9e de lecture estim\u00e9e\" \/>\n\t<meta name=\"twitter:data1\" content=\"2 minutes\" \/>\n<script type=\"application\/ld+json\" class=\"yoast-schema-graph\">{\"@context\":\"https:\\\/\\\/schema.org\",\"@graph\":[{\"@type\":\"WebPage\",\"@id\":\"https:\\\/\\\/www.enriquerequena.com\\\/fr\\\/tienda-online\\\/arbre-transmission-cardan\\\/arbre-transmission-cardan-4x4\\\/arbre-de-transmission-fiat-panda-4x4-46349688-55193595-55222107-55197051\\\/\",\"url\":\"https:\\\/\\\/www.enriquerequena.com\\\/fr\\\/tienda-online\\\/arbre-transmission-cardan\\\/arbre-transmission-cardan-4x4\\\/arbre-de-transmission-fiat-panda-4x4-46349688-55193595-55222107-55197051\\\/\",\"name\":\"Arbre transmission \u00e0 cardan Fiat Panda 55193595 - 55222107- 55197051\",\"isPartOf\":{\"@id\":\"https:\\\/\\\/www.enriquerequena.com\\\/fr\\\/#website\"},\"primaryImageOfPage\":{\"@id\":\"https:\\\/\\\/www.enriquerequena.com\\\/fr\\\/tienda-online\\\/arbre-transmission-cardan\\\/arbre-transmission-cardan-4x4\\\/arbre-de-transmission-fiat-panda-4x4-46349688-55193595-55222107-55197051\\\/#primaryimage\"},\"image\":{\"@id\":\"https:\\\/\\\/www.enriquerequena.com\\\/fr\\\/tienda-online\\\/arbre-transmission-cardan\\\/arbre-transmission-cardan-4x4\\\/arbre-de-transmission-fiat-panda-4x4-46349688-55193595-55222107-55197051\\\/#primaryimage\"},\"thumbnailUrl\":\"https:\\\/\\\/www.enriquerequena.com\\\/wp-content\\\/uploads\\\/2019\\\/09\\\/products-55193595-55222107-55197051-TRANSMISION-CARDAN-ARBRE-TRANSMISSION-PROPSHAFT-FIAT-PANDA--2.jpg\",\"datePublished\":\"2018-05-28T20:40:10+00:00\",\"dateModified\":\"2024-04-16T09:23:11+00:00\",\"description\":\"Vous pouvez acheter Arbre de transmission avec num\u00e9ro de r\u00e9f\u00e9rence 46349688, 55193595, 55222107, 55197051 pour Fiat Panda 4x4 au meilleur prix.\",\"breadcrumb\":{\"@id\":\"https:\\\/\\\/www.enriquerequena.com\\\/fr\\\/tienda-online\\\/arbre-transmission-cardan\\\/arbre-transmission-cardan-4x4\\\/arbre-de-transmission-fiat-panda-4x4-46349688-55193595-55222107-55197051\\\/#breadcrumb\"},\"inLanguage\":\"fr-FR\",\"potentialAction\":[{\"@type\":\"ReadAction\",\"target\":[\"https:\\\/\\\/www.enriquerequena.com\\\/fr\\\/tienda-online\\\/arbre-transmission-cardan\\\/arbre-transmission-cardan-4x4\\\/arbre-de-transmission-fiat-panda-4x4-46349688-55193595-55222107-55197051\\\/\"]}]},{\"@type\":\"ImageObject\",\"inLanguage\":\"fr-FR\",\"@id\":\"https:\\\/\\\/www.enriquerequena.com\\\/fr\\\/tienda-online\\\/arbre-transmission-cardan\\\/arbre-transmission-cardan-4x4\\\/arbre-de-transmission-fiat-panda-4x4-46349688-55193595-55222107-55197051\\\/#primaryimage\",\"url\":\"https:\\\/\\\/www.enriquerequena.com\\\/wp-content\\\/uploads\\\/2019\\\/09\\\/products-55193595-55222107-55197051-TRANSMISION-CARDAN-ARBRE-TRANSMISSION-PROPSHAFT-FIAT-PANDA--2.jpg\",\"contentUrl\":\"https:\\\/\\\/www.enriquerequena.com\\\/wp-content\\\/uploads\\\/2019\\\/09\\\/products-55193595-55222107-55197051-TRANSMISION-CARDAN-ARBRE-TRANSMISSION-PROPSHAFT-FIAT-PANDA--2.jpg\",\"width\":800,\"height\":800,\"caption\":\"55193595 - 55222107 - 55197051 Arbre de Transmission - Cardan Fiat Panda 4x4.\"},{\"@type\":\"WebSite\",\"@id\":\"https:\\\/\\\/www.enriquerequena.com\\\/fr\\\/#website\",\"url\":\"https:\\\/\\\/www.enriquerequena.com\\\/fr\\\/\",\"name\":\"ENRIQUE REQUENA\",\"description\":\"Sp\u00e9cialistes des transmissions cardan avec des exp\u00e9ditions dans le monde entier et des pi\u00e8ces d\u00e9tach\u00e9es pour voitures, camions et accessoires \u00e0 Valence, en Espagne. Avec vous depuis 1950!\",\"publisher\":{\"@id\":\"https:\\\/\\\/www.enriquerequena.com\\\/fr\\\/#organization\"},\"potentialAction\":[{\"@type\":\"SearchAction\",\"target\":{\"@type\":\"EntryPoint\",\"urlTemplate\":\"https:\\\/\\\/www.enriquerequena.com\\\/fr\\\/?s={search_term_string}\"},\"query-input\":{\"@type\":\"PropertyValueSpecification\",\"valueRequired\":true,\"valueName\":\"search_term_string\"}}],\"inLanguage\":\"fr-FR\"},{\"@type\":\"Organization\",\"@id\":\"https:\\\/\\\/www.enriquerequena.com\\\/fr\\\/#organization\",\"name\":\"Enrique Requena S.L.\",\"url\":\"https:\\\/\\\/www.enriquerequena.com\\\/fr\\\/\",\"logo\":{\"@type\":\"ImageObject\",\"inLanguage\":\"fr-FR\",\"@id\":\"https:\\\/\\\/www.enriquerequena.com\\\/fr\\\/#\\\/schema\\\/logo\\\/image\\\/\",\"url\":\"https:\\\/\\\/www.enriquerequena.com\\\/wp-content\\\/uploads\\\/2019\\\/11\\\/enrique-requena-recambios-logotipo.jpg\",\"contentUrl\":\"https:\\\/\\\/www.enriquerequena.com\\\/wp-content\\\/uploads\\\/2019\\\/11\\\/enrique-requena-recambios-logotipo.jpg\",\"width\":381,\"height\":75,\"caption\":\"Enrique Requena S.L.\"},\"image\":{\"@id\":\"https:\\\/\\\/www.enriquerequena.com\\\/fr\\\/#\\\/schema\\\/logo\\\/image\\\/\"}}]}<\/script>\n<!-- \/ Yoast SEO plugin. -->","yoast_head_json":{"title":"Arbre transmission \u00e0 cardan Fiat Panda 55193595 - 55222107- 55197051","description":"Vous pouvez acheter Arbre de transmission avec num\u00e9ro de r\u00e9f\u00e9rence 46349688, 55193595, 55222107, 55197051 pour Fiat Panda 4x4 au meilleur prix.","robots":{"index":"index","follow":"follow","max-snippet":"max-snippet:-1","max-image-preview":"max-image-preview:large","max-video-preview":"max-video-preview:-1"},"canonical":"https:\/\/www.enriquerequena.com\/fr\/tienda-online\/arbre-transmission-cardan\/arbre-transmission-cardan-4x4\/arbre-de-transmission-fiat-panda-4x4-46349688-55193595-55222107-55197051\/","og_locale":"fr_FR","og_type":"article","og_title":"Arbre transmission \u00e0 cardan Fiat Panda 55193595 - 55222107- 55197051","og_description":"Vous pouvez acheter Arbre de transmission avec num\u00e9ro de r\u00e9f\u00e9rence 46349688, 55193595, 55222107, 55197051 pour Fiat Panda 4x4 au meilleur prix.","og_url":"https:\/\/www.enriquerequena.com\/fr\/tienda-online\/arbre-transmission-cardan\/arbre-transmission-cardan-4x4\/arbre-de-transmission-fiat-panda-4x4-46349688-55193595-55222107-55197051\/","og_site_name":"ENRIQUE REQUENA","article_modified_time":"2024-04-16T09:23:11+00:00","og_image":[{"width":800,"height":800,"url":"https:\/\/www.enriquerequena.com\/wp-content\/uploads\/2019\/09\/products-55193595-55222107-55197051-TRANSMISION-CARDAN-ARBRE-TRANSMISSION-PROPSHAFT-FIAT-PANDA--2.jpg","type":"image\/jpeg"}],"twitter_card":"summary_large_image","twitter_misc":{"Dur\u00e9e de lecture estim\u00e9e":"2 minutes"},"schema":{"@context":"https:\/\/schema.org","@graph":[{"@type":"WebPage","@id":"https:\/\/www.enriquerequena.com\/fr\/tienda-online\/arbre-transmission-cardan\/arbre-transmission-cardan-4x4\/arbre-de-transmission-fiat-panda-4x4-46349688-55193595-55222107-55197051\/","url":"https:\/\/www.enriquerequena.com\/fr\/tienda-online\/arbre-transmission-cardan\/arbre-transmission-cardan-4x4\/arbre-de-transmission-fiat-panda-4x4-46349688-55193595-55222107-55197051\/","name":"Arbre transmission \u00e0 cardan Fiat Panda 55193595 - 55222107- 55197051","isPartOf":{"@id":"https:\/\/www.enriquerequena.com\/fr\/#website"},"primaryImageOfPage":{"@id":"https:\/\/www.enriquerequena.com\/fr\/tienda-online\/arbre-transmission-cardan\/arbre-transmission-cardan-4x4\/arbre-de-transmission-fiat-panda-4x4-46349688-55193595-55222107-55197051\/#primaryimage"},"image":{"@id":"https:\/\/www.enriquerequena.com\/fr\/tienda-online\/arbre-transmission-cardan\/arbre-transmission-cardan-4x4\/arbre-de-transmission-fiat-panda-4x4-46349688-55193595-55222107-55197051\/#primaryimage"},"thumbnailUrl":"https:\/\/www.enriquerequena.com\/wp-content\/uploads\/2019\/09\/products-55193595-55222107-55197051-TRANSMISION-CARDAN-ARBRE-TRANSMISSION-PROPSHAFT-FIAT-PANDA--2.jpg","datePublished":"2018-05-28T20:40:10+00:00","dateModified":"2024-04-16T09:23:11+00:00","description":"Vous pouvez acheter Arbre de transmission avec num\u00e9ro de r\u00e9f\u00e9rence 46349688, 55193595, 55222107, 55197051 pour Fiat Panda 4x4 au meilleur prix.","breadcrumb":{"@id":"https:\/\/www.enriquerequena.com\/fr\/tienda-online\/arbre-transmission-cardan\/arbre-transmission-cardan-4x4\/arbre-de-transmission-fiat-panda-4x4-46349688-55193595-55222107-55197051\/#breadcrumb"},"inLanguage":"fr-FR","potentialAction":[{"@type":"ReadAction","target":["https:\/\/www.enriquerequena.com\/fr\/tienda-online\/arbre-transmission-cardan\/arbre-transmission-cardan-4x4\/arbre-de-transmission-fiat-panda-4x4-46349688-55193595-55222107-55197051\/"]}]},{"@type":"ImageObject","inLanguage":"fr-FR","@id":"https:\/\/www.enriquerequena.com\/fr\/tienda-online\/arbre-transmission-cardan\/arbre-transmission-cardan-4x4\/arbre-de-transmission-fiat-panda-4x4-46349688-55193595-55222107-55197051\/#primaryimage","url":"https:\/\/www.enriquerequena.com\/wp-content\/uploads\/2019\/09\/products-55193595-55222107-55197051-TRANSMISION-CARDAN-ARBRE-TRANSMISSION-PROPSHAFT-FIAT-PANDA--2.jpg","contentUrl":"https:\/\/www.enriquerequena.com\/wp-content\/uploads\/2019\/09\/products-55193595-55222107-55197051-TRANSMISION-CARDAN-ARBRE-TRANSMISSION-PROPSHAFT-FIAT-PANDA--2.jpg","width":800,"height":800,"caption":"55193595 - 55222107 - 55197051 Arbre de Transmission - Cardan Fiat Panda 4x4."},{"@type":"WebSite","@id":"https:\/\/www.enriquerequena.com\/fr\/#website","url":"https:\/\/www.enriquerequena.com\/fr\/","name":"ENRIQUE REQUENA","description":"Sp\u00e9cialistes des transmissions cardan avec des exp\u00e9ditions dans le monde entier et des pi\u00e8ces d\u00e9tach\u00e9es pour voitures, camions et accessoires \u00e0 Valence, en Espagne. Avec vous depuis 1950!","publisher":{"@id":"https:\/\/www.enriquerequena.com\/fr\/#organization"},"potentialAction":[{"@type":"SearchAction","target":{"@type":"EntryPoint","urlTemplate":"https:\/\/www.enriquerequena.com\/fr\/?s={search_term_string}"},"query-input":{"@type":"PropertyValueSpecification","valueRequired":true,"valueName":"search_term_string"}}],"inLanguage":"fr-FR"},{"@type":"Organization","@id":"https:\/\/www.enriquerequena.com\/fr\/#organization","name":"Enrique Requena S.L.","url":"https:\/\/www.enriquerequena.com\/fr\/","logo":{"@type":"ImageObject","inLanguage":"fr-FR","@id":"https:\/\/www.enriquerequena.com\/fr\/#\/schema\/logo\/image\/","url":"https:\/\/www.enriquerequena.com\/wp-content\/uploads\/2019\/11\/enrique-requena-recambios-logotipo.jpg","contentUrl":"https:\/\/www.enriquerequena.com\/wp-content\/uploads\/2019\/11\/enrique-requena-recambios-logotipo.jpg","width":381,"height":75,"caption":"Enrique Requena S.L."},"image":{"@id":"https:\/\/www.enriquerequena.com\/fr\/#\/schema\/logo\/image\/"}}]}},"_links":{"self":[{"href":"https:\/\/www.enriquerequena.com\/fr\/wp-json\/wp\/v2\/product\/3595","targetHints":{"allow":["GET"]}}],"collection":[{"href":"https:\/\/www.enriquerequena.com\/fr\/wp-json\/wp\/v2\/product"}],"about":[{"href":"https:\/\/www.enriquerequena.com\/fr\/wp-json\/wp\/v2\/types\/product"}],"wp:featuredmedia":[{"embeddable":true,"href":"https:\/\/www.enriquerequena.com\/fr\/wp-json\/wp\/v2\/media\/3596"}],"wp:attachment":[{"href":"https:\/\/www.enriquerequena.com\/fr\/wp-json\/wp\/v2\/media?parent=3595"}],"wp:term":[{"taxonomy":"product_brand","embeddable":true,"href":"https:\/\/www.enriquerequena.com\/fr\/wp-json\/wp\/v2\/product_brand?post=3595"},{"taxonomy":"product_cat","embeddable":true,"href":"https:\/\/www.enriquerequena.com\/fr\/wp-json\/wp\/v2\/product_cat?post=3595"},{"taxonomy":"product_tag","embeddable":true,"href":"https:\/\/www.enriquerequena.com\/fr\/wp-json\/wp\/v2\/product_tag?post=3595"}],"curies":[{"name":"wp","href":"https:\/\/api.w.org\/{rel}","templated":true}]}}