{"id":3605,"date":"2018-06-16T15:45:44","date_gmt":"2018-06-16T15:45:44","guid":{"rendered":"https:\/\/www.enriquerequena.com\/?post_type=product&#038;p=3605"},"modified":"2023-02-07T17:25:21","modified_gmt":"2023-02-07T16:25:21","slug":"moteur-lombardini-ldw1003b4-hako","status":"publish","type":"product","link":"https:\/\/www.enriquerequena.com\/fr\/tienda-online\/pieces-rechange-camions\/moteur-camion\/moteur-lombardini-ldw1003b4-hako\/","title":{"rendered":"Moteur Lombardini LDW 1003\/B4 Hako"},"content":{"rendered":"<p style=\"text-align: justify;\"><span style=\"color: #3366ff;\">Le moteur Lombardini Ldw 1003 \/ B4 Hako est utilis\u00e9 dans des installations ne faisant pas partie du r\u00e9seau \u00e9lectrique, telles que les motos, les cyclomoteurs, les camions, les automobiles, les machines agricoles et les chemins de fer. Au sein de ces applications, il est utilis\u00e9 pour des groupes tels que les g\u00e9n\u00e9rateurs d&rsquo;\u00e9nergie \u00e9lectrique, dans les installations d&rsquo;urgence, qui entrent en fonction en cas de coupure de courant.<\/span><\/p>\n<table style=\"height: 193px; width: 353px;\">\n<tbody>\n<tr>\n<th><span style=\"color: #3366ff;\">MOD\u00c8LE<\/span><\/th>\n<th><span style=\"color: #3366ff;\">Lombardini LDW1003<\/span><\/th>\n<\/tr>\n<tr>\n<td>\n<div><span style=\"color: #3366ff;\">Puissance maximale<\/span><\/div>\n<\/td>\n<td>\n<div><span style=\"color: #3366ff;\">14 HP<\/span><\/div>\n<\/td>\n<\/tr>\n<tr>\n<td><span style=\"color: #3366ff;\">Puissance continue<\/span><\/td>\n<td>\n<div>\n<div><span style=\"color: #3366ff;\">12,5 HP<\/span><\/div>\n<\/div>\n<\/td>\n<\/tr>\n<tr>\n<td>\n<div><span style=\"color: #3366ff;\">Cylindres<\/span><\/div>\n<\/td>\n<td>\n<div>\n<div><span style=\"color: #3366ff;\">3<\/span><\/div>\n<\/div>\n<\/td>\n<\/tr>\n<tr>\n<td>\n<div><span style=\"color: #3366ff;\">Vitesse du moteur<\/span><\/div>\n<\/td>\n<td>\n<div><span style=\"color: #3366ff;\">1800 RPM<\/span><\/div>\n<\/td>\n<\/tr>\n<tr>\n<td>\n<div><span style=\"color: #3366ff;\">Capacit\u00e9 du r\u00e9servoir d&rsquo;huile<\/span><\/div>\n<\/td>\n<td>\n<div><span style=\"color: #3366ff;\">2,4 lts<\/span><\/div>\n<\/td>\n<\/tr>\n<tr>\n<td>\n<div><span style=\"color: #3366ff;\">Syst\u00e8me de d\u00e9marrage<\/span><\/div>\n<\/td>\n<td>\n<div><span style=\"color: #3366ff;\">\u00c9lectrique<\/span><\/div>\n<\/td>\n<\/tr>\n<tr>\n<td>\n<div><span style=\"color: #3366ff;\">Poids sec<\/span><\/div>\n<\/td>\n<td>\n<div><span style=\"color: #3366ff;\">85 Kg<\/span><\/div>\n<\/td>\n<\/tr>\n<\/tbody>\n<\/table>\n<p>&nbsp;<\/p>\n","protected":false},"excerpt":{"rendered":"<p>Nouveau moteur Lombardini Ldw 1003 \/ B4 Hako en ligne.<\/p>\n","protected":false},"featured_media":3606,"template":"","meta":[],"product_brand":[],"product_cat":[219,138],"product_tag":[],"class_list":{"0":"post-3605","1":"product","2":"type-product","3":"status-publish","4":"has-post-thumbnail","6":"product_cat-moteur-camion","7":"product_cat-pieces-rechange-camions","8":"pa_tipo-machinerie","10":"first","11":"instock","12":"taxable","13":"shipping-taxable","14":"purchasable","15":"product-type-simple"},"yoast_head":"<!-- This site is optimized with the Yoast SEO plugin v27.5 - https:\/\/yoast.com\/product\/yoast-seo-wordpress\/ -->\n<title>Moteur Lombardini LDW 1003\/ B4 Hako - Acheter en Ligne<\/title>\n<meta name=\"description\" content=\"Nous vendons des moteurs Lombardini LDW 1003\/ B4 Hako en ligne. Nous avons d&#039;autres moteurs Lombardini. Demandez nous. Avec exp\u00e9rience depuis 1950\" \/>\n<meta name=\"robots\" content=\"index, follow, max-snippet:-1, max-image-preview:large, max-video-preview:-1\" \/>\n<link rel=\"canonical\" href=\"https:\/\/www.enriquerequena.com\/fr\/tienda-online\/pieces-rechange-camions\/moteur-camion\/moteur-lombardini-ldw1003b4-hako\/\" \/>\n<meta property=\"og:locale\" content=\"fr_FR\" \/>\n<meta property=\"og:type\" content=\"article\" \/>\n<meta property=\"og:title\" content=\"Moteur Lombardini LDW 1003\/ B4 Hako - Acheter en Ligne\" \/>\n<meta property=\"og:description\" content=\"Nous vendons des moteurs Lombardini LDW 1003\/ B4 Hako en ligne. Nous avons d&#039;autres moteurs Lombardini. Demandez nous. Avec exp\u00e9rience depuis 1950\" \/>\n<meta property=\"og:url\" content=\"https:\/\/www.enriquerequena.com\/fr\/tienda-online\/pieces-rechange-camions\/moteur-camion\/moteur-lombardini-ldw1003b4-hako\/\" \/>\n<meta property=\"og:site_name\" content=\"ENRIQUE REQUENA\" \/>\n<meta property=\"article:modified_time\" content=\"2023-02-07T16:25:21+00:00\" \/>\n<meta property=\"og:image\" content=\"https:\/\/www.enriquerequena.com\/wp-content\/uploads\/2018\/06\/products-MOTOR-LOMBARDINI-LDW-1003-B4-HAKO-3.jpg\" \/>\n\t<meta property=\"og:image:width\" content=\"1600\" \/>\n\t<meta property=\"og:image:height\" content=\"1200\" \/>\n\t<meta property=\"og:image:type\" content=\"image\/jpeg\" \/>\n<meta name=\"twitter:card\" content=\"summary_large_image\" \/>\n<meta name=\"twitter:label1\" content=\"Dur\u00e9e de lecture estim\u00e9e\" \/>\n\t<meta name=\"twitter:data1\" content=\"1 minute\" \/>\n<script type=\"application\/ld+json\" class=\"yoast-schema-graph\">{\"@context\":\"https:\\\/\\\/schema.org\",\"@graph\":[{\"@type\":\"WebPage\",\"@id\":\"https:\\\/\\\/www.enriquerequena.com\\\/fr\\\/tienda-online\\\/pieces-rechange-camions\\\/moteur-camion\\\/moteur-lombardini-ldw1003b4-hako\\\/\",\"url\":\"https:\\\/\\\/www.enriquerequena.com\\\/fr\\\/tienda-online\\\/pieces-rechange-camions\\\/moteur-camion\\\/moteur-lombardini-ldw1003b4-hako\\\/\",\"name\":\"Moteur Lombardini LDW 1003\\\/ B4 Hako - Acheter en Ligne\",\"isPartOf\":{\"@id\":\"https:\\\/\\\/www.enriquerequena.com\\\/fr\\\/#website\"},\"primaryImageOfPage\":{\"@id\":\"https:\\\/\\\/www.enriquerequena.com\\\/fr\\\/tienda-online\\\/pieces-rechange-camions\\\/moteur-camion\\\/moteur-lombardini-ldw1003b4-hako\\\/#primaryimage\"},\"image\":{\"@id\":\"https:\\\/\\\/www.enriquerequena.com\\\/fr\\\/tienda-online\\\/pieces-rechange-camions\\\/moteur-camion\\\/moteur-lombardini-ldw1003b4-hako\\\/#primaryimage\"},\"thumbnailUrl\":\"https:\\\/\\\/www.enriquerequena.com\\\/wp-content\\\/uploads\\\/2018\\\/06\\\/products-MOTOR-LOMBARDINI-LDW-1003-B4-HAKO-3.jpg\",\"datePublished\":\"2018-06-16T15:45:44+00:00\",\"dateModified\":\"2023-02-07T16:25:21+00:00\",\"description\":\"Nous vendons des moteurs Lombardini LDW 1003\\\/ B4 Hako en ligne. Nous avons d&#39;autres moteurs Lombardini. Demandez nous. Avec exp\u00e9rience depuis 1950\",\"breadcrumb\":{\"@id\":\"https:\\\/\\\/www.enriquerequena.com\\\/fr\\\/tienda-online\\\/pieces-rechange-camions\\\/moteur-camion\\\/moteur-lombardini-ldw1003b4-hako\\\/#breadcrumb\"},\"inLanguage\":\"fr-FR\",\"potentialAction\":[{\"@type\":\"ReadAction\",\"target\":[\"https:\\\/\\\/www.enriquerequena.com\\\/fr\\\/tienda-online\\\/pieces-rechange-camions\\\/moteur-camion\\\/moteur-lombardini-ldw1003b4-hako\\\/\"]}]},{\"@type\":\"ImageObject\",\"inLanguage\":\"fr-FR\",\"@id\":\"https:\\\/\\\/www.enriquerequena.com\\\/fr\\\/tienda-online\\\/pieces-rechange-camions\\\/moteur-camion\\\/moteur-lombardini-ldw1003b4-hako\\\/#primaryimage\",\"url\":\"https:\\\/\\\/www.enriquerequena.com\\\/wp-content\\\/uploads\\\/2018\\\/06\\\/products-MOTOR-LOMBARDINI-LDW-1003-B4-HAKO-3.jpg\",\"contentUrl\":\"https:\\\/\\\/www.enriquerequena.com\\\/wp-content\\\/uploads\\\/2018\\\/06\\\/products-MOTOR-LOMBARDINI-LDW-1003-B4-HAKO-3.jpg\",\"width\":1600,\"height\":1200},{\"@type\":\"WebSite\",\"@id\":\"https:\\\/\\\/www.enriquerequena.com\\\/fr\\\/#website\",\"url\":\"https:\\\/\\\/www.enriquerequena.com\\\/fr\\\/\",\"name\":\"ENRIQUE REQUENA\",\"description\":\"Sp\u00e9cialistes des transmissions cardan avec des exp\u00e9ditions dans le monde entier et des pi\u00e8ces d\u00e9tach\u00e9es pour voitures, camions et accessoires \u00e0 Valence, en Espagne. Avec vous depuis 1950!\",\"publisher\":{\"@id\":\"https:\\\/\\\/www.enriquerequena.com\\\/fr\\\/#organization\"},\"potentialAction\":[{\"@type\":\"SearchAction\",\"target\":{\"@type\":\"EntryPoint\",\"urlTemplate\":\"https:\\\/\\\/www.enriquerequena.com\\\/fr\\\/?s={search_term_string}\"},\"query-input\":{\"@type\":\"PropertyValueSpecification\",\"valueRequired\":true,\"valueName\":\"search_term_string\"}}],\"inLanguage\":\"fr-FR\"},{\"@type\":\"Organization\",\"@id\":\"https:\\\/\\\/www.enriquerequena.com\\\/fr\\\/#organization\",\"name\":\"Enrique Requena S.L.\",\"url\":\"https:\\\/\\\/www.enriquerequena.com\\\/fr\\\/\",\"logo\":{\"@type\":\"ImageObject\",\"inLanguage\":\"fr-FR\",\"@id\":\"https:\\\/\\\/www.enriquerequena.com\\\/fr\\\/#\\\/schema\\\/logo\\\/image\\\/\",\"url\":\"https:\\\/\\\/www.enriquerequena.com\\\/wp-content\\\/uploads\\\/2019\\\/11\\\/enrique-requena-recambios-logotipo.jpg\",\"contentUrl\":\"https:\\\/\\\/www.enriquerequena.com\\\/wp-content\\\/uploads\\\/2019\\\/11\\\/enrique-requena-recambios-logotipo.jpg\",\"width\":381,\"height\":75,\"caption\":\"Enrique Requena S.L.\"},\"image\":{\"@id\":\"https:\\\/\\\/www.enriquerequena.com\\\/fr\\\/#\\\/schema\\\/logo\\\/image\\\/\"}}]}<\/script>\n<!-- \/ Yoast SEO plugin. -->","yoast_head_json":{"title":"Moteur Lombardini LDW 1003\/ B4 Hako - Acheter en Ligne","description":"Nous vendons des moteurs Lombardini LDW 1003\/ B4 Hako en ligne. Nous avons d&#39;autres moteurs Lombardini. Demandez nous. Avec exp\u00e9rience depuis 1950","robots":{"index":"index","follow":"follow","max-snippet":"max-snippet:-1","max-image-preview":"max-image-preview:large","max-video-preview":"max-video-preview:-1"},"canonical":"https:\/\/www.enriquerequena.com\/fr\/tienda-online\/pieces-rechange-camions\/moteur-camion\/moteur-lombardini-ldw1003b4-hako\/","og_locale":"fr_FR","og_type":"article","og_title":"Moteur Lombardini LDW 1003\/ B4 Hako - Acheter en Ligne","og_description":"Nous vendons des moteurs Lombardini LDW 1003\/ B4 Hako en ligne. Nous avons d&#39;autres moteurs Lombardini. Demandez nous. Avec exp\u00e9rience depuis 1950","og_url":"https:\/\/www.enriquerequena.com\/fr\/tienda-online\/pieces-rechange-camions\/moteur-camion\/moteur-lombardini-ldw1003b4-hako\/","og_site_name":"ENRIQUE REQUENA","article_modified_time":"2023-02-07T16:25:21+00:00","og_image":[{"width":1600,"height":1200,"url":"https:\/\/www.enriquerequena.com\/wp-content\/uploads\/2018\/06\/products-MOTOR-LOMBARDINI-LDW-1003-B4-HAKO-3.jpg","type":"image\/jpeg"}],"twitter_card":"summary_large_image","twitter_misc":{"Dur\u00e9e de lecture estim\u00e9e":"1 minute"},"schema":{"@context":"https:\/\/schema.org","@graph":[{"@type":"WebPage","@id":"https:\/\/www.enriquerequena.com\/fr\/tienda-online\/pieces-rechange-camions\/moteur-camion\/moteur-lombardini-ldw1003b4-hako\/","url":"https:\/\/www.enriquerequena.com\/fr\/tienda-online\/pieces-rechange-camions\/moteur-camion\/moteur-lombardini-ldw1003b4-hako\/","name":"Moteur Lombardini LDW 1003\/ B4 Hako - Acheter en Ligne","isPartOf":{"@id":"https:\/\/www.enriquerequena.com\/fr\/#website"},"primaryImageOfPage":{"@id":"https:\/\/www.enriquerequena.com\/fr\/tienda-online\/pieces-rechange-camions\/moteur-camion\/moteur-lombardini-ldw1003b4-hako\/#primaryimage"},"image":{"@id":"https:\/\/www.enriquerequena.com\/fr\/tienda-online\/pieces-rechange-camions\/moteur-camion\/moteur-lombardini-ldw1003b4-hako\/#primaryimage"},"thumbnailUrl":"https:\/\/www.enriquerequena.com\/wp-content\/uploads\/2018\/06\/products-MOTOR-LOMBARDINI-LDW-1003-B4-HAKO-3.jpg","datePublished":"2018-06-16T15:45:44+00:00","dateModified":"2023-02-07T16:25:21+00:00","description":"Nous vendons des moteurs Lombardini LDW 1003\/ B4 Hako en ligne. Nous avons d&#39;autres moteurs Lombardini. Demandez nous. Avec exp\u00e9rience depuis 1950","breadcrumb":{"@id":"https:\/\/www.enriquerequena.com\/fr\/tienda-online\/pieces-rechange-camions\/moteur-camion\/moteur-lombardini-ldw1003b4-hako\/#breadcrumb"},"inLanguage":"fr-FR","potentialAction":[{"@type":"ReadAction","target":["https:\/\/www.enriquerequena.com\/fr\/tienda-online\/pieces-rechange-camions\/moteur-camion\/moteur-lombardini-ldw1003b4-hako\/"]}]},{"@type":"ImageObject","inLanguage":"fr-FR","@id":"https:\/\/www.enriquerequena.com\/fr\/tienda-online\/pieces-rechange-camions\/moteur-camion\/moteur-lombardini-ldw1003b4-hako\/#primaryimage","url":"https:\/\/www.enriquerequena.com\/wp-content\/uploads\/2018\/06\/products-MOTOR-LOMBARDINI-LDW-1003-B4-HAKO-3.jpg","contentUrl":"https:\/\/www.enriquerequena.com\/wp-content\/uploads\/2018\/06\/products-MOTOR-LOMBARDINI-LDW-1003-B4-HAKO-3.jpg","width":1600,"height":1200},{"@type":"WebSite","@id":"https:\/\/www.enriquerequena.com\/fr\/#website","url":"https:\/\/www.enriquerequena.com\/fr\/","name":"ENRIQUE REQUENA","description":"Sp\u00e9cialistes des transmissions cardan avec des exp\u00e9ditions dans le monde entier et des pi\u00e8ces d\u00e9tach\u00e9es pour voitures, camions et accessoires \u00e0 Valence, en Espagne. Avec vous depuis 1950!","publisher":{"@id":"https:\/\/www.enriquerequena.com\/fr\/#organization"},"potentialAction":[{"@type":"SearchAction","target":{"@type":"EntryPoint","urlTemplate":"https:\/\/www.enriquerequena.com\/fr\/?s={search_term_string}"},"query-input":{"@type":"PropertyValueSpecification","valueRequired":true,"valueName":"search_term_string"}}],"inLanguage":"fr-FR"},{"@type":"Organization","@id":"https:\/\/www.enriquerequena.com\/fr\/#organization","name":"Enrique Requena S.L.","url":"https:\/\/www.enriquerequena.com\/fr\/","logo":{"@type":"ImageObject","inLanguage":"fr-FR","@id":"https:\/\/www.enriquerequena.com\/fr\/#\/schema\/logo\/image\/","url":"https:\/\/www.enriquerequena.com\/wp-content\/uploads\/2019\/11\/enrique-requena-recambios-logotipo.jpg","contentUrl":"https:\/\/www.enriquerequena.com\/wp-content\/uploads\/2019\/11\/enrique-requena-recambios-logotipo.jpg","width":381,"height":75,"caption":"Enrique Requena S.L."},"image":{"@id":"https:\/\/www.enriquerequena.com\/fr\/#\/schema\/logo\/image\/"}}]}},"_links":{"self":[{"href":"https:\/\/www.enriquerequena.com\/fr\/wp-json\/wp\/v2\/product\/3605","targetHints":{"allow":["GET"]}}],"collection":[{"href":"https:\/\/www.enriquerequena.com\/fr\/wp-json\/wp\/v2\/product"}],"about":[{"href":"https:\/\/www.enriquerequena.com\/fr\/wp-json\/wp\/v2\/types\/product"}],"wp:featuredmedia":[{"embeddable":true,"href":"https:\/\/www.enriquerequena.com\/fr\/wp-json\/wp\/v2\/media\/3606"}],"wp:attachment":[{"href":"https:\/\/www.enriquerequena.com\/fr\/wp-json\/wp\/v2\/media?parent=3605"}],"wp:term":[{"taxonomy":"product_brand","embeddable":true,"href":"https:\/\/www.enriquerequena.com\/fr\/wp-json\/wp\/v2\/product_brand?post=3605"},{"taxonomy":"product_cat","embeddable":true,"href":"https:\/\/www.enriquerequena.com\/fr\/wp-json\/wp\/v2\/product_cat?post=3605"},{"taxonomy":"product_tag","embeddable":true,"href":"https:\/\/www.enriquerequena.com\/fr\/wp-json\/wp\/v2\/product_tag?post=3605"}],"curies":[{"name":"wp","href":"https:\/\/api.w.org\/{rel}","templated":true}]}}