{"id":3614,"date":"2018-06-17T10:58:48","date_gmt":"2018-06-17T10:58:48","guid":{"rendered":"https:\/\/www.enriquerequena.com\/?post_type=product&#038;p=3614"},"modified":"2023-02-07T16:12:42","modified_gmt":"2023-02-07T15:12:42","slug":"detecteur-uv-fuites-climatiseur-freeze","status":"publish","type":"product","link":"https:\/\/www.enriquerequena.com\/fr\/tienda-online\/pieces-rechange-voiture\/air-conditionne-voiture\/detecteur-uv-fuites-climatiseur-freeze\/","title":{"rendered":"D\u00e9tecteur UV de fuites de climatiseur Freeze+"},"content":{"rendered":"<p><span style=\"color: #3366ff;\">Le d\u00e9tecteur UV de fuites de climatiseur Freeze+:<\/span><\/p>\n<p><span style=\"color: #3366ff;\">&#8211; Scelle les petites fuites dans les condenseurs, les \u00e9vaporateurs, les flexibles, les joints et les joints toriques.<\/span><br \/>\n<span style=\"color: #3366ff;\">&#8211; Compatible avec tous les r\u00e9frig\u00e9rants.<\/span><br \/>\n<span style=\"color: #3366ff;\">&#8211; Exempt de HFC.<\/span><br \/>\n<span style=\"color: #3366ff;\">&#8211; Ne contient pas de r\u00e9frig\u00e9rant<\/span><br \/>\n<span style=\"color: #3366ff;\">&#8211; Bouteille de 28,5 grammes.<\/span><br \/>\n<span style=\"color: #3366ff;\">&#8211; Bo\u00eete de 12 unit\u00e9s.<\/span><\/p>\n","protected":false},"excerpt":{"rendered":"<p>Le d\u00e9tecteur UV de fuites de climatiseur Freeze+ ne contient pas de HFC et ne contient pas de r\u00e9frig\u00e9rant.<\/p>\n","protected":false},"featured_media":3615,"template":"","meta":[],"product_brand":[],"product_cat":[207,141,147,135],"product_tag":[],"class_list":{"0":"post-3614","1":"product","2":"type-product","3":"status-publish","4":"has-post-thumbnail","6":"product_cat-air-conditionne-voiture","7":"product_cat-freeze-refrigerant-2","8":"product_cat-huiles-additifs-moteur","9":"product_cat-pieces-rechange-voiture","10":"product_shipping_class-freeze","12":"first","13":"instock","14":"taxable","15":"shipping-taxable","16":"purchasable","17":"product-type-simple"},"yoast_head":"<!-- This site is optimized with the Yoast SEO plugin v27.5 - https:\/\/yoast.com\/product\/yoast-seo-wordpress\/ -->\n<title>D\u00e9tecteur UV de fuites de climatiseur Freeze+ - Acheter en Ligne<\/title>\n<meta name=\"description\" content=\"Vous pouvez acheter le D\u00e9tecteur UV de fuites de climatiseur Freeze+ en ligne. Achetez vos accessoires pour R134A, R12 et 1234YF ici.\" \/>\n<meta name=\"robots\" content=\"index, follow, max-snippet:-1, max-image-preview:large, max-video-preview:-1\" \/>\n<link rel=\"canonical\" href=\"https:\/\/www.enriquerequena.com\/fr\/tienda-online\/pieces-rechange-voiture\/air-conditionne-voiture\/detecteur-uv-fuites-climatiseur-freeze\/\" \/>\n<meta property=\"og:locale\" content=\"fr_FR\" \/>\n<meta property=\"og:type\" content=\"article\" \/>\n<meta property=\"og:title\" content=\"D\u00e9tecteur UV de fuites de climatiseur Freeze+ - Acheter en Ligne\" \/>\n<meta property=\"og:description\" content=\"Vous pouvez acheter le D\u00e9tecteur UV de fuites de climatiseur Freeze+ en ligne. Achetez vos accessoires pour R134A, R12 et 1234YF ici.\" \/>\n<meta property=\"og:url\" content=\"https:\/\/www.enriquerequena.com\/fr\/tienda-online\/pieces-rechange-voiture\/air-conditionne-voiture\/detecteur-uv-fuites-climatiseur-freeze\/\" \/>\n<meta property=\"og:site_name\" content=\"ENRIQUE REQUENA\" \/>\n<meta property=\"article:modified_time\" content=\"2023-02-07T15:12:42+00:00\" \/>\n<meta property=\"og:image\" content=\"https:\/\/www.enriquerequena.com\/wp-content\/uploads\/2019\/10\/products-TAPAFUGAS-FREEZE-2.jpg\" \/>\n\t<meta property=\"og:image:width\" content=\"800\" \/>\n\t<meta property=\"og:image:height\" content=\"800\" \/>\n\t<meta property=\"og:image:type\" content=\"image\/jpeg\" \/>\n<meta name=\"twitter:card\" content=\"summary_large_image\" \/>\n<script type=\"application\/ld+json\" class=\"yoast-schema-graph\">{\"@context\":\"https:\\\/\\\/schema.org\",\"@graph\":[{\"@type\":\"WebPage\",\"@id\":\"https:\\\/\\\/www.enriquerequena.com\\\/fr\\\/tienda-online\\\/pieces-rechange-voiture\\\/air-conditionne-voiture\\\/detecteur-uv-fuites-climatiseur-freeze\\\/\",\"url\":\"https:\\\/\\\/www.enriquerequena.com\\\/fr\\\/tienda-online\\\/pieces-rechange-voiture\\\/air-conditionne-voiture\\\/detecteur-uv-fuites-climatiseur-freeze\\\/\",\"name\":\"D\u00e9tecteur UV de fuites de climatiseur Freeze+ - Acheter en Ligne\",\"isPartOf\":{\"@id\":\"https:\\\/\\\/www.enriquerequena.com\\\/fr\\\/#website\"},\"primaryImageOfPage\":{\"@id\":\"https:\\\/\\\/www.enriquerequena.com\\\/fr\\\/tienda-online\\\/pieces-rechange-voiture\\\/air-conditionne-voiture\\\/detecteur-uv-fuites-climatiseur-freeze\\\/#primaryimage\"},\"image\":{\"@id\":\"https:\\\/\\\/www.enriquerequena.com\\\/fr\\\/tienda-online\\\/pieces-rechange-voiture\\\/air-conditionne-voiture\\\/detecteur-uv-fuites-climatiseur-freeze\\\/#primaryimage\"},\"thumbnailUrl\":\"https:\\\/\\\/www.enriquerequena.com\\\/wp-content\\\/uploads\\\/2019\\\/10\\\/products-TAPAFUGAS-FREEZE-2.jpg\",\"datePublished\":\"2018-06-17T10:58:48+00:00\",\"dateModified\":\"2023-02-07T15:12:42+00:00\",\"description\":\"Vous pouvez acheter le D\u00e9tecteur UV de fuites de climatiseur Freeze+ en ligne. Achetez vos accessoires pour R134A, R12 et 1234YF ici.\",\"breadcrumb\":{\"@id\":\"https:\\\/\\\/www.enriquerequena.com\\\/fr\\\/tienda-online\\\/pieces-rechange-voiture\\\/air-conditionne-voiture\\\/detecteur-uv-fuites-climatiseur-freeze\\\/#breadcrumb\"},\"inLanguage\":\"fr-FR\",\"potentialAction\":[{\"@type\":\"ReadAction\",\"target\":[\"https:\\\/\\\/www.enriquerequena.com\\\/fr\\\/tienda-online\\\/pieces-rechange-voiture\\\/air-conditionne-voiture\\\/detecteur-uv-fuites-climatiseur-freeze\\\/\"]}]},{\"@type\":\"ImageObject\",\"inLanguage\":\"fr-FR\",\"@id\":\"https:\\\/\\\/www.enriquerequena.com\\\/fr\\\/tienda-online\\\/pieces-rechange-voiture\\\/air-conditionne-voiture\\\/detecteur-uv-fuites-climatiseur-freeze\\\/#primaryimage\",\"url\":\"https:\\\/\\\/www.enriquerequena.com\\\/wp-content\\\/uploads\\\/2019\\\/10\\\/products-TAPAFUGAS-FREEZE-2.jpg\",\"contentUrl\":\"https:\\\/\\\/www.enriquerequena.com\\\/wp-content\\\/uploads\\\/2019\\\/10\\\/products-TAPAFUGAS-FREEZE-2.jpg\",\"width\":800,\"height\":800,\"caption\":\"TAPAFUGAS, DETECTEUR DE FUITES, LEAK SAVERS\"},{\"@type\":\"WebSite\",\"@id\":\"https:\\\/\\\/www.enriquerequena.com\\\/fr\\\/#website\",\"url\":\"https:\\\/\\\/www.enriquerequena.com\\\/fr\\\/\",\"name\":\"ENRIQUE REQUENA\",\"description\":\"Sp\u00e9cialistes des transmissions cardan avec des exp\u00e9ditions dans le monde entier et des pi\u00e8ces d\u00e9tach\u00e9es pour voitures, camions et accessoires \u00e0 Valence, en Espagne. Avec vous depuis 1950!\",\"publisher\":{\"@id\":\"https:\\\/\\\/www.enriquerequena.com\\\/fr\\\/#organization\"},\"potentialAction\":[{\"@type\":\"SearchAction\",\"target\":{\"@type\":\"EntryPoint\",\"urlTemplate\":\"https:\\\/\\\/www.enriquerequena.com\\\/fr\\\/?s={search_term_string}\"},\"query-input\":{\"@type\":\"PropertyValueSpecification\",\"valueRequired\":true,\"valueName\":\"search_term_string\"}}],\"inLanguage\":\"fr-FR\"},{\"@type\":\"Organization\",\"@id\":\"https:\\\/\\\/www.enriquerequena.com\\\/fr\\\/#organization\",\"name\":\"Enrique Requena S.L.\",\"url\":\"https:\\\/\\\/www.enriquerequena.com\\\/fr\\\/\",\"logo\":{\"@type\":\"ImageObject\",\"inLanguage\":\"fr-FR\",\"@id\":\"https:\\\/\\\/www.enriquerequena.com\\\/fr\\\/#\\\/schema\\\/logo\\\/image\\\/\",\"url\":\"https:\\\/\\\/www.enriquerequena.com\\\/wp-content\\\/uploads\\\/2019\\\/11\\\/enrique-requena-recambios-logotipo.jpg\",\"contentUrl\":\"https:\\\/\\\/www.enriquerequena.com\\\/wp-content\\\/uploads\\\/2019\\\/11\\\/enrique-requena-recambios-logotipo.jpg\",\"width\":381,\"height\":75,\"caption\":\"Enrique Requena S.L.\"},\"image\":{\"@id\":\"https:\\\/\\\/www.enriquerequena.com\\\/fr\\\/#\\\/schema\\\/logo\\\/image\\\/\"}}]}<\/script>\n<!-- \/ Yoast SEO plugin. -->","yoast_head_json":{"title":"D\u00e9tecteur UV de fuites de climatiseur Freeze+ - Acheter en Ligne","description":"Vous pouvez acheter le D\u00e9tecteur UV de fuites de climatiseur Freeze+ en ligne. Achetez vos accessoires pour R134A, R12 et 1234YF ici.","robots":{"index":"index","follow":"follow","max-snippet":"max-snippet:-1","max-image-preview":"max-image-preview:large","max-video-preview":"max-video-preview:-1"},"canonical":"https:\/\/www.enriquerequena.com\/fr\/tienda-online\/pieces-rechange-voiture\/air-conditionne-voiture\/detecteur-uv-fuites-climatiseur-freeze\/","og_locale":"fr_FR","og_type":"article","og_title":"D\u00e9tecteur UV de fuites de climatiseur Freeze+ - Acheter en Ligne","og_description":"Vous pouvez acheter le D\u00e9tecteur UV de fuites de climatiseur Freeze+ en ligne. Achetez vos accessoires pour R134A, R12 et 1234YF ici.","og_url":"https:\/\/www.enriquerequena.com\/fr\/tienda-online\/pieces-rechange-voiture\/air-conditionne-voiture\/detecteur-uv-fuites-climatiseur-freeze\/","og_site_name":"ENRIQUE REQUENA","article_modified_time":"2023-02-07T15:12:42+00:00","og_image":[{"width":800,"height":800,"url":"https:\/\/www.enriquerequena.com\/wp-content\/uploads\/2019\/10\/products-TAPAFUGAS-FREEZE-2.jpg","type":"image\/jpeg"}],"twitter_card":"summary_large_image","schema":{"@context":"https:\/\/schema.org","@graph":[{"@type":"WebPage","@id":"https:\/\/www.enriquerequena.com\/fr\/tienda-online\/pieces-rechange-voiture\/air-conditionne-voiture\/detecteur-uv-fuites-climatiseur-freeze\/","url":"https:\/\/www.enriquerequena.com\/fr\/tienda-online\/pieces-rechange-voiture\/air-conditionne-voiture\/detecteur-uv-fuites-climatiseur-freeze\/","name":"D\u00e9tecteur UV de fuites de climatiseur Freeze+ - Acheter en Ligne","isPartOf":{"@id":"https:\/\/www.enriquerequena.com\/fr\/#website"},"primaryImageOfPage":{"@id":"https:\/\/www.enriquerequena.com\/fr\/tienda-online\/pieces-rechange-voiture\/air-conditionne-voiture\/detecteur-uv-fuites-climatiseur-freeze\/#primaryimage"},"image":{"@id":"https:\/\/www.enriquerequena.com\/fr\/tienda-online\/pieces-rechange-voiture\/air-conditionne-voiture\/detecteur-uv-fuites-climatiseur-freeze\/#primaryimage"},"thumbnailUrl":"https:\/\/www.enriquerequena.com\/wp-content\/uploads\/2019\/10\/products-TAPAFUGAS-FREEZE-2.jpg","datePublished":"2018-06-17T10:58:48+00:00","dateModified":"2023-02-07T15:12:42+00:00","description":"Vous pouvez acheter le D\u00e9tecteur UV de fuites de climatiseur Freeze+ en ligne. Achetez vos accessoires pour R134A, R12 et 1234YF ici.","breadcrumb":{"@id":"https:\/\/www.enriquerequena.com\/fr\/tienda-online\/pieces-rechange-voiture\/air-conditionne-voiture\/detecteur-uv-fuites-climatiseur-freeze\/#breadcrumb"},"inLanguage":"fr-FR","potentialAction":[{"@type":"ReadAction","target":["https:\/\/www.enriquerequena.com\/fr\/tienda-online\/pieces-rechange-voiture\/air-conditionne-voiture\/detecteur-uv-fuites-climatiseur-freeze\/"]}]},{"@type":"ImageObject","inLanguage":"fr-FR","@id":"https:\/\/www.enriquerequena.com\/fr\/tienda-online\/pieces-rechange-voiture\/air-conditionne-voiture\/detecteur-uv-fuites-climatiseur-freeze\/#primaryimage","url":"https:\/\/www.enriquerequena.com\/wp-content\/uploads\/2019\/10\/products-TAPAFUGAS-FREEZE-2.jpg","contentUrl":"https:\/\/www.enriquerequena.com\/wp-content\/uploads\/2019\/10\/products-TAPAFUGAS-FREEZE-2.jpg","width":800,"height":800,"caption":"TAPAFUGAS, DETECTEUR DE FUITES, LEAK SAVERS"},{"@type":"WebSite","@id":"https:\/\/www.enriquerequena.com\/fr\/#website","url":"https:\/\/www.enriquerequena.com\/fr\/","name":"ENRIQUE REQUENA","description":"Sp\u00e9cialistes des transmissions cardan avec des exp\u00e9ditions dans le monde entier et des pi\u00e8ces d\u00e9tach\u00e9es pour voitures, camions et accessoires \u00e0 Valence, en Espagne. Avec vous depuis 1950!","publisher":{"@id":"https:\/\/www.enriquerequena.com\/fr\/#organization"},"potentialAction":[{"@type":"SearchAction","target":{"@type":"EntryPoint","urlTemplate":"https:\/\/www.enriquerequena.com\/fr\/?s={search_term_string}"},"query-input":{"@type":"PropertyValueSpecification","valueRequired":true,"valueName":"search_term_string"}}],"inLanguage":"fr-FR"},{"@type":"Organization","@id":"https:\/\/www.enriquerequena.com\/fr\/#organization","name":"Enrique Requena S.L.","url":"https:\/\/www.enriquerequena.com\/fr\/","logo":{"@type":"ImageObject","inLanguage":"fr-FR","@id":"https:\/\/www.enriquerequena.com\/fr\/#\/schema\/logo\/image\/","url":"https:\/\/www.enriquerequena.com\/wp-content\/uploads\/2019\/11\/enrique-requena-recambios-logotipo.jpg","contentUrl":"https:\/\/www.enriquerequena.com\/wp-content\/uploads\/2019\/11\/enrique-requena-recambios-logotipo.jpg","width":381,"height":75,"caption":"Enrique Requena S.L."},"image":{"@id":"https:\/\/www.enriquerequena.com\/fr\/#\/schema\/logo\/image\/"}}]}},"_links":{"self":[{"href":"https:\/\/www.enriquerequena.com\/fr\/wp-json\/wp\/v2\/product\/3614","targetHints":{"allow":["GET"]}}],"collection":[{"href":"https:\/\/www.enriquerequena.com\/fr\/wp-json\/wp\/v2\/product"}],"about":[{"href":"https:\/\/www.enriquerequena.com\/fr\/wp-json\/wp\/v2\/types\/product"}],"wp:featuredmedia":[{"embeddable":true,"href":"https:\/\/www.enriquerequena.com\/fr\/wp-json\/wp\/v2\/media\/3615"}],"wp:attachment":[{"href":"https:\/\/www.enriquerequena.com\/fr\/wp-json\/wp\/v2\/media?parent=3614"}],"wp:term":[{"taxonomy":"product_brand","embeddable":true,"href":"https:\/\/www.enriquerequena.com\/fr\/wp-json\/wp\/v2\/product_brand?post=3614"},{"taxonomy":"product_cat","embeddable":true,"href":"https:\/\/www.enriquerequena.com\/fr\/wp-json\/wp\/v2\/product_cat?post=3614"},{"taxonomy":"product_tag","embeddable":true,"href":"https:\/\/www.enriquerequena.com\/fr\/wp-json\/wp\/v2\/product_tag?post=3614"}],"curies":[{"name":"wp","href":"https:\/\/api.w.org\/{rel}","templated":true}]}}