{"id":3683,"date":"2018-10-12T18:32:25","date_gmt":"2018-10-12T18:32:25","guid":{"rendered":"https:\/\/www.enriquerequena.com\/?post_type=product&#038;p=3683"},"modified":"2023-02-07T17:18:19","modified_gmt":"2023-02-07T16:18:19","slug":"demarreur-psa-5802y4","status":"publish","type":"product","link":"https:\/\/www.enriquerequena.com\/fr\/tienda-online\/pieces-rechange-voiture\/demarreur\/demarreur-psa-5802y4\/","title":{"rendered":"D\u00e9marreur  Peugeot Citroen Ref: 5802Y4"},"content":{"rendered":"<div><span id=\"articleLabel87650\" style=\"color: #3366ff;\">&#8211; D\u00e9marreur<\/span><\/div>\n<div><\/div>\n<div><span id=\"foundOverList87650\" style=\"color: #3366ff;\">&#8211; R\u00e9f. OE:\u00a05802Y4<\/span><\/div>\n<p><span style=\"color: #3366ff;\">&#8211; Volt:\u00a012 V<\/span><\/p>\n<p><span style=\"color: #3366ff;\">&#8211; Performance du d\u00e9marreur 1,4 kW<\/span><\/p>\n<p><span style=\"color: #3366ff;\">&#8211; Nbr. dents:\u00a011<\/span><\/p>\n<p><span style=\"color: #3366ff;\">&#8211; Nombre de trous de fixation:\u00a04<\/span><\/p>\n<p><span style=\"color: #3366ff;\">&#8211; Nombre de taraudages:\u00a02<\/span><\/p>\n<p><span style=\"color: #3366ff;\">&#8211; Bride \u00d8:\u00a00 mm<\/span><\/p>\n<p><span style=\"color: #3366ff;\">&#8211; Longueur 1:\u00a0165 mm\u00a0<\/span><\/p>\n<p><span style=\"color: #3366ff;\">&#8211; Longueur 2:\u00a013 mm\u00a0<\/span><\/p>\n<p><span style=\"color: #3366ff;\">&#8211; Pince:\u00a0M8\u00a0<\/span><\/p>\n<p><span style=\"color: #3366ff;\">&#8211; Vers\u00b0 fiche-ID:\u00a0M5<\/span><\/p>\n<p><span style=\"color: #3366ff;\">&#8211; Rotation dans le sens des aiguilles d&rsquo;une montre<\/span><\/p>\n<p><span style=\"color: #3366ff;\">&#8211; Poids net:\u00a02,8 kg<\/span><\/p>\n","protected":false},"excerpt":{"rendered":"<p>D\u00e9marreur Pi\u00e9ces Neuve Sans Consigne R\u00e9f. OE: 5802 Y4..<\/p>\n","protected":false},"featured_media":3684,"template":"","meta":[],"product_brand":[],"product_cat":[234,135],"product_tag":[],"class_list":{"0":"post-3683","1":"product","2":"type-product","3":"status-publish","4":"has-post-thumbnail","6":"product_cat-demarreur","7":"product_cat-pieces-rechange-voiture","9":"first","10":"instock","11":"taxable","12":"shipping-taxable","13":"purchasable","14":"product-type-simple"},"yoast_head":"<!-- This site is optimized with the Yoast SEO plugin v27.5 - https:\/\/yoast.com\/product\/yoast-seo-wordpress\/ -->\n<title>D\u00e9marreur PSA 5802Y4 - Acheter en Ligne - Enrique Requena<\/title>\n<meta name=\"description\" content=\"Vous pouvez acheter le D\u00e9marreur PSA avec le r\u00e9f\u00e9rence 5802Y4 neuf en ligne ici. Demandez-nous si vous recherchez un autre d\u00e9marreur. Depuis 1950\" \/>\n<meta name=\"robots\" content=\"index, follow, max-snippet:-1, max-image-preview:large, max-video-preview:-1\" \/>\n<link rel=\"canonical\" href=\"https:\/\/www.enriquerequena.com\/fr\/tienda-online\/pieces-rechange-voiture\/demarreur\/demarreur-psa-5802y4\/\" \/>\n<meta property=\"og:locale\" content=\"fr_FR\" \/>\n<meta property=\"og:type\" content=\"article\" \/>\n<meta property=\"og:title\" content=\"D\u00e9marreur PSA 5802Y4 - Acheter en Ligne - Enrique Requena\" \/>\n<meta property=\"og:description\" content=\"Vous pouvez acheter le D\u00e9marreur PSA avec le r\u00e9f\u00e9rence 5802Y4 neuf en ligne ici. Demandez-nous si vous recherchez un autre d\u00e9marreur. Depuis 1950\" \/>\n<meta property=\"og:url\" content=\"https:\/\/www.enriquerequena.com\/fr\/tienda-online\/pieces-rechange-voiture\/demarreur\/demarreur-psa-5802y4\/\" \/>\n<meta property=\"og:site_name\" content=\"ENRIQUE REQUENA\" \/>\n<meta property=\"article:modified_time\" content=\"2023-02-07T16:18:19+00:00\" \/>\n<meta property=\"og:image\" content=\"https:\/\/www.enriquerequena.com\/wp-content\/uploads\/2019\/10\/products-5802Y4-MOTOR-DE-ARRANQUE-DEMARREUR-STARTER1-2.jpg\" \/>\n\t<meta property=\"og:image:width\" content=\"800\" \/>\n\t<meta property=\"og:image:height\" content=\"800\" \/>\n\t<meta property=\"og:image:type\" content=\"image\/jpeg\" \/>\n<meta name=\"twitter:card\" content=\"summary_large_image\" \/>\n<script type=\"application\/ld+json\" class=\"yoast-schema-graph\">{\"@context\":\"https:\\\/\\\/schema.org\",\"@graph\":[{\"@type\":\"WebPage\",\"@id\":\"https:\\\/\\\/www.enriquerequena.com\\\/fr\\\/tienda-online\\\/pieces-rechange-voiture\\\/demarreur\\\/demarreur-psa-5802y4\\\/\",\"url\":\"https:\\\/\\\/www.enriquerequena.com\\\/fr\\\/tienda-online\\\/pieces-rechange-voiture\\\/demarreur\\\/demarreur-psa-5802y4\\\/\",\"name\":\"D\u00e9marreur PSA 5802Y4 - Acheter en Ligne - Enrique Requena\",\"isPartOf\":{\"@id\":\"https:\\\/\\\/www.enriquerequena.com\\\/fr\\\/#website\"},\"primaryImageOfPage\":{\"@id\":\"https:\\\/\\\/www.enriquerequena.com\\\/fr\\\/tienda-online\\\/pieces-rechange-voiture\\\/demarreur\\\/demarreur-psa-5802y4\\\/#primaryimage\"},\"image\":{\"@id\":\"https:\\\/\\\/www.enriquerequena.com\\\/fr\\\/tienda-online\\\/pieces-rechange-voiture\\\/demarreur\\\/demarreur-psa-5802y4\\\/#primaryimage\"},\"thumbnailUrl\":\"https:\\\/\\\/www.enriquerequena.com\\\/wp-content\\\/uploads\\\/2019\\\/10\\\/products-5802Y4-MOTOR-DE-ARRANQUE-DEMARREUR-STARTER1-2.jpg\",\"datePublished\":\"2018-10-12T18:32:25+00:00\",\"dateModified\":\"2023-02-07T16:18:19+00:00\",\"description\":\"Vous pouvez acheter le D\u00e9marreur PSA avec le r\u00e9f\u00e9rence 5802Y4 neuf en ligne ici. Demandez-nous si vous recherchez un autre d\u00e9marreur. Depuis 1950\",\"breadcrumb\":{\"@id\":\"https:\\\/\\\/www.enriquerequena.com\\\/fr\\\/tienda-online\\\/pieces-rechange-voiture\\\/demarreur\\\/demarreur-psa-5802y4\\\/#breadcrumb\"},\"inLanguage\":\"fr-FR\",\"potentialAction\":[{\"@type\":\"ReadAction\",\"target\":[\"https:\\\/\\\/www.enriquerequena.com\\\/fr\\\/tienda-online\\\/pieces-rechange-voiture\\\/demarreur\\\/demarreur-psa-5802y4\\\/\"]}]},{\"@type\":\"ImageObject\",\"inLanguage\":\"fr-FR\",\"@id\":\"https:\\\/\\\/www.enriquerequena.com\\\/fr\\\/tienda-online\\\/pieces-rechange-voiture\\\/demarreur\\\/demarreur-psa-5802y4\\\/#primaryimage\",\"url\":\"https:\\\/\\\/www.enriquerequena.com\\\/wp-content\\\/uploads\\\/2019\\\/10\\\/products-5802Y4-MOTOR-DE-ARRANQUE-DEMARREUR-STARTER1-2.jpg\",\"contentUrl\":\"https:\\\/\\\/www.enriquerequena.com\\\/wp-content\\\/uploads\\\/2019\\\/10\\\/products-5802Y4-MOTOR-DE-ARRANQUE-DEMARREUR-STARTER1-2.jpg\",\"width\":800,\"height\":800,\"caption\":\"5802 Y4, MOTOR DE ARRANQUE, DEMARREUR, STARTER\"},{\"@type\":\"WebSite\",\"@id\":\"https:\\\/\\\/www.enriquerequena.com\\\/fr\\\/#website\",\"url\":\"https:\\\/\\\/www.enriquerequena.com\\\/fr\\\/\",\"name\":\"ENRIQUE REQUENA\",\"description\":\"Sp\u00e9cialistes des transmissions cardan avec des exp\u00e9ditions dans le monde entier et des pi\u00e8ces d\u00e9tach\u00e9es pour voitures, camions et accessoires \u00e0 Valence, en Espagne. Avec vous depuis 1950!\",\"publisher\":{\"@id\":\"https:\\\/\\\/www.enriquerequena.com\\\/fr\\\/#organization\"},\"potentialAction\":[{\"@type\":\"SearchAction\",\"target\":{\"@type\":\"EntryPoint\",\"urlTemplate\":\"https:\\\/\\\/www.enriquerequena.com\\\/fr\\\/?s={search_term_string}\"},\"query-input\":{\"@type\":\"PropertyValueSpecification\",\"valueRequired\":true,\"valueName\":\"search_term_string\"}}],\"inLanguage\":\"fr-FR\"},{\"@type\":\"Organization\",\"@id\":\"https:\\\/\\\/www.enriquerequena.com\\\/fr\\\/#organization\",\"name\":\"Enrique Requena S.L.\",\"url\":\"https:\\\/\\\/www.enriquerequena.com\\\/fr\\\/\",\"logo\":{\"@type\":\"ImageObject\",\"inLanguage\":\"fr-FR\",\"@id\":\"https:\\\/\\\/www.enriquerequena.com\\\/fr\\\/#\\\/schema\\\/logo\\\/image\\\/\",\"url\":\"https:\\\/\\\/www.enriquerequena.com\\\/wp-content\\\/uploads\\\/2019\\\/11\\\/enrique-requena-recambios-logotipo.jpg\",\"contentUrl\":\"https:\\\/\\\/www.enriquerequena.com\\\/wp-content\\\/uploads\\\/2019\\\/11\\\/enrique-requena-recambios-logotipo.jpg\",\"width\":381,\"height\":75,\"caption\":\"Enrique Requena S.L.\"},\"image\":{\"@id\":\"https:\\\/\\\/www.enriquerequena.com\\\/fr\\\/#\\\/schema\\\/logo\\\/image\\\/\"}}]}<\/script>\n<!-- \/ Yoast SEO plugin. -->","yoast_head_json":{"title":"D\u00e9marreur PSA 5802Y4 - Acheter en Ligne - Enrique Requena","description":"Vous pouvez acheter le D\u00e9marreur PSA avec le r\u00e9f\u00e9rence 5802Y4 neuf en ligne ici. Demandez-nous si vous recherchez un autre d\u00e9marreur. Depuis 1950","robots":{"index":"index","follow":"follow","max-snippet":"max-snippet:-1","max-image-preview":"max-image-preview:large","max-video-preview":"max-video-preview:-1"},"canonical":"https:\/\/www.enriquerequena.com\/fr\/tienda-online\/pieces-rechange-voiture\/demarreur\/demarreur-psa-5802y4\/","og_locale":"fr_FR","og_type":"article","og_title":"D\u00e9marreur PSA 5802Y4 - Acheter en Ligne - Enrique Requena","og_description":"Vous pouvez acheter le D\u00e9marreur PSA avec le r\u00e9f\u00e9rence 5802Y4 neuf en ligne ici. Demandez-nous si vous recherchez un autre d\u00e9marreur. Depuis 1950","og_url":"https:\/\/www.enriquerequena.com\/fr\/tienda-online\/pieces-rechange-voiture\/demarreur\/demarreur-psa-5802y4\/","og_site_name":"ENRIQUE REQUENA","article_modified_time":"2023-02-07T16:18:19+00:00","og_image":[{"width":800,"height":800,"url":"https:\/\/www.enriquerequena.com\/wp-content\/uploads\/2019\/10\/products-5802Y4-MOTOR-DE-ARRANQUE-DEMARREUR-STARTER1-2.jpg","type":"image\/jpeg"}],"twitter_card":"summary_large_image","schema":{"@context":"https:\/\/schema.org","@graph":[{"@type":"WebPage","@id":"https:\/\/www.enriquerequena.com\/fr\/tienda-online\/pieces-rechange-voiture\/demarreur\/demarreur-psa-5802y4\/","url":"https:\/\/www.enriquerequena.com\/fr\/tienda-online\/pieces-rechange-voiture\/demarreur\/demarreur-psa-5802y4\/","name":"D\u00e9marreur PSA 5802Y4 - Acheter en Ligne - Enrique Requena","isPartOf":{"@id":"https:\/\/www.enriquerequena.com\/fr\/#website"},"primaryImageOfPage":{"@id":"https:\/\/www.enriquerequena.com\/fr\/tienda-online\/pieces-rechange-voiture\/demarreur\/demarreur-psa-5802y4\/#primaryimage"},"image":{"@id":"https:\/\/www.enriquerequena.com\/fr\/tienda-online\/pieces-rechange-voiture\/demarreur\/demarreur-psa-5802y4\/#primaryimage"},"thumbnailUrl":"https:\/\/www.enriquerequena.com\/wp-content\/uploads\/2019\/10\/products-5802Y4-MOTOR-DE-ARRANQUE-DEMARREUR-STARTER1-2.jpg","datePublished":"2018-10-12T18:32:25+00:00","dateModified":"2023-02-07T16:18:19+00:00","description":"Vous pouvez acheter le D\u00e9marreur PSA avec le r\u00e9f\u00e9rence 5802Y4 neuf en ligne ici. Demandez-nous si vous recherchez un autre d\u00e9marreur. Depuis 1950","breadcrumb":{"@id":"https:\/\/www.enriquerequena.com\/fr\/tienda-online\/pieces-rechange-voiture\/demarreur\/demarreur-psa-5802y4\/#breadcrumb"},"inLanguage":"fr-FR","potentialAction":[{"@type":"ReadAction","target":["https:\/\/www.enriquerequena.com\/fr\/tienda-online\/pieces-rechange-voiture\/demarreur\/demarreur-psa-5802y4\/"]}]},{"@type":"ImageObject","inLanguage":"fr-FR","@id":"https:\/\/www.enriquerequena.com\/fr\/tienda-online\/pieces-rechange-voiture\/demarreur\/demarreur-psa-5802y4\/#primaryimage","url":"https:\/\/www.enriquerequena.com\/wp-content\/uploads\/2019\/10\/products-5802Y4-MOTOR-DE-ARRANQUE-DEMARREUR-STARTER1-2.jpg","contentUrl":"https:\/\/www.enriquerequena.com\/wp-content\/uploads\/2019\/10\/products-5802Y4-MOTOR-DE-ARRANQUE-DEMARREUR-STARTER1-2.jpg","width":800,"height":800,"caption":"5802 Y4, MOTOR DE ARRANQUE, DEMARREUR, STARTER"},{"@type":"WebSite","@id":"https:\/\/www.enriquerequena.com\/fr\/#website","url":"https:\/\/www.enriquerequena.com\/fr\/","name":"ENRIQUE REQUENA","description":"Sp\u00e9cialistes des transmissions cardan avec des exp\u00e9ditions dans le monde entier et des pi\u00e8ces d\u00e9tach\u00e9es pour voitures, camions et accessoires \u00e0 Valence, en Espagne. Avec vous depuis 1950!","publisher":{"@id":"https:\/\/www.enriquerequena.com\/fr\/#organization"},"potentialAction":[{"@type":"SearchAction","target":{"@type":"EntryPoint","urlTemplate":"https:\/\/www.enriquerequena.com\/fr\/?s={search_term_string}"},"query-input":{"@type":"PropertyValueSpecification","valueRequired":true,"valueName":"search_term_string"}}],"inLanguage":"fr-FR"},{"@type":"Organization","@id":"https:\/\/www.enriquerequena.com\/fr\/#organization","name":"Enrique Requena S.L.","url":"https:\/\/www.enriquerequena.com\/fr\/","logo":{"@type":"ImageObject","inLanguage":"fr-FR","@id":"https:\/\/www.enriquerequena.com\/fr\/#\/schema\/logo\/image\/","url":"https:\/\/www.enriquerequena.com\/wp-content\/uploads\/2019\/11\/enrique-requena-recambios-logotipo.jpg","contentUrl":"https:\/\/www.enriquerequena.com\/wp-content\/uploads\/2019\/11\/enrique-requena-recambios-logotipo.jpg","width":381,"height":75,"caption":"Enrique Requena S.L."},"image":{"@id":"https:\/\/www.enriquerequena.com\/fr\/#\/schema\/logo\/image\/"}}]}},"_links":{"self":[{"href":"https:\/\/www.enriquerequena.com\/fr\/wp-json\/wp\/v2\/product\/3683","targetHints":{"allow":["GET"]}}],"collection":[{"href":"https:\/\/www.enriquerequena.com\/fr\/wp-json\/wp\/v2\/product"}],"about":[{"href":"https:\/\/www.enriquerequena.com\/fr\/wp-json\/wp\/v2\/types\/product"}],"wp:featuredmedia":[{"embeddable":true,"href":"https:\/\/www.enriquerequena.com\/fr\/wp-json\/wp\/v2\/media\/3684"}],"wp:attachment":[{"href":"https:\/\/www.enriquerequena.com\/fr\/wp-json\/wp\/v2\/media?parent=3683"}],"wp:term":[{"taxonomy":"product_brand","embeddable":true,"href":"https:\/\/www.enriquerequena.com\/fr\/wp-json\/wp\/v2\/product_brand?post=3683"},{"taxonomy":"product_cat","embeddable":true,"href":"https:\/\/www.enriquerequena.com\/fr\/wp-json\/wp\/v2\/product_cat?post=3683"},{"taxonomy":"product_tag","embeddable":true,"href":"https:\/\/www.enriquerequena.com\/fr\/wp-json\/wp\/v2\/product_tag?post=3683"}],"curies":[{"name":"wp","href":"https:\/\/api.w.org\/{rel}","templated":true}]}}