{"id":3694,"date":"2018-11-11T21:18:17","date_gmt":"2018-11-11T21:18:17","guid":{"rendered":"https:\/\/www.enriquerequena.com\/?post_type=product&#038;p=3694"},"modified":"2023-02-07T17:25:17","modified_gmt":"2023-02-07T16:25:17","slug":"arbre-de-transmission-mercedes-vito-viano-a6394103306-6394103306","status":"publish","type":"product","link":"https:\/\/www.enriquerequena.com\/fr\/tienda-online\/arbre-transmission-cardan\/arbre-transmission-cardan-fourgons\/arbre-de-transmission-mercedes-vito-viano-a6394103306-6394103306\/","title":{"rendered":"Arbre de transmission  Mercedes Vito Viano A6394103306 6394103306"},"content":{"rendered":"<p style=\"text-align: justify;\">Nous disposons d&rsquo;arbres de transmission pour Mercedes Vito o Mercedes Viano r\u00e9f\u00e9rence A6394103006, 6394103306.<strong> Nos transmissions\u00a0 sont neuf et complet d&rsquo;origine \u00e0 moiti\u00e9 prix,<\/strong>parce que nous sommes distribuiteurs de transmissions \u00e1 cardan Spidan &#8211; Gkn , premier fabricant de ce composant en premi\u00e8re \u00e9quipe, c&rsquo;est pour cette raison que nous avons les m\u00eames arbres de transmission d&rsquo;origine, <strong>aux meilleurs prix du march\u00e9.<\/strong><\/p>\n<div>\n<p>N\u00b4h\u00e9sitez pas \u00e0 nous consulter pour d\u00b4autres mod\u00e8les des arbres de transmission \u00a0de Mercedes Vito &#8211; Viano. Nous avons une exp\u00e9rience de 70 ans dans le commerce de transmissions et connaissons tr\u00e8s bien le sujet.<\/p>\n<ul>\n<li>\n<h6>RECHANGES: ARBRES \u00a0DE TRANSMISSION \u00c0 CARDAN<\/h6>\n<\/li>\n<li>\n<h6>MOD\u00c8LE: Mercedes Vito Viano<\/h6>\n<\/li>\n<li>\n<h6>LONGUEUR L= 2441 mm<\/h6>\n<\/li>\n<li>\n<h6>r\u00e9f\u00e9rences: <strong>A6394103306, 6394103306<\/strong><\/h6>\n<\/li>\n<li>\n<h6>\u00a0\u00c0 trois pi\u00e8ces<\/h6>\n<\/li>\n<\/ul>\n<\/div>\n","protected":false},"excerpt":{"rendered":"<p>Arbre de Transmission\u00a0 Mercedes Vito Viano A6394103306, 6394103306. Nos transmissions<strong> sont neuf et complet d&rsquo;origine<\/strong> \u00e0 moiti\u00e9 prix,<\/p>\n","protected":false},"featured_media":3695,"template":"","meta":[],"product_brand":[119],"product_cat":[144,159],"product_tag":[],"class_list":{"0":"post-3694","1":"product","2":"type-product","3":"status-publish","4":"has-post-thumbnail","6":"product_brand-mercedes-benz","7":"product_cat-arbre-transmission-cardan","8":"product_cat-arbre-transmission-cardan-fourgons","9":"pa_manufacturer-mercedes-benz","10":"pa_tipo-fourgons-et-vehicules-legers","12":"first","13":"instock","14":"taxable","15":"shipping-taxable","16":"purchasable","17":"product-type-simple"},"yoast_head":"<!-- This site is optimized with the Yoast SEO plugin v27.1.1 - https:\/\/yoast.com\/product\/yoast-seo-wordpress\/ -->\n<title>Arbre de transmission Mercedes Vito Viano A6394103306 6394103306<\/title>\n<meta name=\"description\" content=\"Arbre de transmission Mercedes Vito Viano A6394103306 6394103306. Nos transmissions \u00e1 cardan sont neuf et complet d&#039;origine \u00e0 moiti\u00e9 prix.\" \/>\n<meta name=\"robots\" content=\"index, follow, max-snippet:-1, max-image-preview:large, max-video-preview:-1\" \/>\n<link rel=\"canonical\" href=\"https:\/\/www.enriquerequena.com\/fr\/tienda-online\/arbre-transmission-cardan\/arbre-transmission-cardan-fourgons\/arbre-de-transmission-mercedes-vito-viano-a6394103306-6394103306\/\" \/>\n<meta property=\"og:locale\" content=\"fr_FR\" \/>\n<meta property=\"og:type\" content=\"article\" \/>\n<meta property=\"og:title\" content=\"Arbre de transmission Mercedes Vito Viano A6394103306 6394103306\" \/>\n<meta property=\"og:description\" content=\"Arbre de transmission Mercedes Vito Viano A6394103306 6394103306. Nos transmissions \u00e1 cardan sont neuf et complet d&#039;origine \u00e0 moiti\u00e9 prix.\" \/>\n<meta property=\"og:url\" content=\"https:\/\/www.enriquerequena.com\/fr\/tienda-online\/arbre-transmission-cardan\/arbre-transmission-cardan-fourgons\/arbre-de-transmission-mercedes-vito-viano-a6394103306-6394103306\/\" \/>\n<meta property=\"og:site_name\" content=\"ENRIQUE REQUENA\" \/>\n<meta property=\"article:modified_time\" content=\"2023-02-07T16:25:17+00:00\" \/>\n<meta property=\"og:image\" content=\"https:\/\/www.enriquerequena.com\/wp-content\/uploads\/2019\/10\/products-A6394103006-6394103006TRANSMISION-CARDAN-ARBRE-DE-TRANSMISSION-PROPSHAFT-MERCEDES-VITO-8-2.jpg\" \/>\n\t<meta property=\"og:image:width\" content=\"800\" \/>\n\t<meta property=\"og:image:height\" content=\"800\" \/>\n\t<meta property=\"og:image:type\" content=\"image\/jpeg\" \/>\n<meta name=\"twitter:card\" content=\"summary_large_image\" \/>\n<meta name=\"twitter:label1\" content=\"Dur\u00e9e de lecture estim\u00e9e\" \/>\n\t<meta name=\"twitter:data1\" content=\"1 minute\" \/>\n<script type=\"application\/ld+json\" class=\"yoast-schema-graph\">{\"@context\":\"https:\/\/schema.org\",\"@graph\":[{\"@type\":\"WebPage\",\"@id\":\"https:\/\/www.enriquerequena.com\/fr\/tienda-online\/arbre-transmission-cardan\/arbre-transmission-cardan-fourgons\/arbre-de-transmission-mercedes-vito-viano-a6394103306-6394103306\/\",\"url\":\"https:\/\/www.enriquerequena.com\/fr\/tienda-online\/arbre-transmission-cardan\/arbre-transmission-cardan-fourgons\/arbre-de-transmission-mercedes-vito-viano-a6394103306-6394103306\/\",\"name\":\"Arbre de transmission Mercedes Vito Viano A6394103306 6394103306\",\"isPartOf\":{\"@id\":\"https:\/\/www.enriquerequena.com\/fr\/#website\"},\"primaryImageOfPage\":{\"@id\":\"https:\/\/www.enriquerequena.com\/fr\/tienda-online\/arbre-transmission-cardan\/arbre-transmission-cardan-fourgons\/arbre-de-transmission-mercedes-vito-viano-a6394103306-6394103306\/#primaryimage\"},\"image\":{\"@id\":\"https:\/\/www.enriquerequena.com\/fr\/tienda-online\/arbre-transmission-cardan\/arbre-transmission-cardan-fourgons\/arbre-de-transmission-mercedes-vito-viano-a6394103306-6394103306\/#primaryimage\"},\"thumbnailUrl\":\"https:\/\/www.enriquerequena.com\/wp-content\/uploads\/2019\/10\/products-A6394103006-6394103006TRANSMISION-CARDAN-ARBRE-DE-TRANSMISSION-PROPSHAFT-MERCEDES-VITO-8-2.jpg\",\"datePublished\":\"2018-11-11T21:18:17+00:00\",\"dateModified\":\"2023-02-07T16:25:17+00:00\",\"description\":\"Arbre de transmission Mercedes Vito Viano A6394103306 6394103306. Nos transmissions \u00e1 cardan sont neuf et complet d'origine \u00e0 moiti\u00e9 prix.\",\"breadcrumb\":{\"@id\":\"https:\/\/www.enriquerequena.com\/fr\/tienda-online\/arbre-transmission-cardan\/arbre-transmission-cardan-fourgons\/arbre-de-transmission-mercedes-vito-viano-a6394103306-6394103306\/#breadcrumb\"},\"inLanguage\":\"fr-FR\",\"potentialAction\":[{\"@type\":\"ReadAction\",\"target\":[\"https:\/\/www.enriquerequena.com\/fr\/tienda-online\/arbre-transmission-cardan\/arbre-transmission-cardan-fourgons\/arbre-de-transmission-mercedes-vito-viano-a6394103306-6394103306\/\"]}]},{\"@type\":\"ImageObject\",\"inLanguage\":\"fr-FR\",\"@id\":\"https:\/\/www.enriquerequena.com\/fr\/tienda-online\/arbre-transmission-cardan\/arbre-transmission-cardan-fourgons\/arbre-de-transmission-mercedes-vito-viano-a6394103306-6394103306\/#primaryimage\",\"url\":\"https:\/\/www.enriquerequena.com\/wp-content\/uploads\/2019\/10\/products-A6394103006-6394103006TRANSMISION-CARDAN-ARBRE-DE-TRANSMISSION-PROPSHAFT-MERCEDES-VITO-8-2.jpg\",\"contentUrl\":\"https:\/\/www.enriquerequena.com\/wp-content\/uploads\/2019\/10\/products-A6394103006-6394103006TRANSMISION-CARDAN-ARBRE-DE-TRANSMISSION-PROPSHAFT-MERCEDES-VITO-8-2.jpg\",\"width\":800,\"height\":800,\"caption\":\"Arbre de transmission Mercedes Vito Viano A6394103306 6394103306\"},{\"@type\":\"WebSite\",\"@id\":\"https:\/\/www.enriquerequena.com\/fr\/#website\",\"url\":\"https:\/\/www.enriquerequena.com\/fr\/\",\"name\":\"ENRIQUE REQUENA\",\"description\":\"Sp\u00e9cialistes des transmissions cardan avec des exp\u00e9ditions dans le monde entier et des pi\u00e8ces d\u00e9tach\u00e9es pour voitures, camions et accessoires \u00e0 Valence, en Espagne. Avec vous depuis 1950!\",\"publisher\":{\"@id\":\"https:\/\/www.enriquerequena.com\/fr\/#organization\"},\"potentialAction\":[{\"@type\":\"SearchAction\",\"target\":{\"@type\":\"EntryPoint\",\"urlTemplate\":\"https:\/\/www.enriquerequena.com\/fr\/?s={search_term_string}\"},\"query-input\":{\"@type\":\"PropertyValueSpecification\",\"valueRequired\":true,\"valueName\":\"search_term_string\"}}],\"inLanguage\":\"fr-FR\"},{\"@type\":\"Organization\",\"@id\":\"https:\/\/www.enriquerequena.com\/fr\/#organization\",\"name\":\"Enrique Requena S.L.\",\"url\":\"https:\/\/www.enriquerequena.com\/fr\/\",\"logo\":{\"@type\":\"ImageObject\",\"inLanguage\":\"fr-FR\",\"@id\":\"https:\/\/www.enriquerequena.com\/fr\/#\/schema\/logo\/image\/\",\"url\":\"https:\/\/www.enriquerequena.com\/wp-content\/uploads\/2019\/11\/enrique-requena-recambios-logotipo.jpg\",\"contentUrl\":\"https:\/\/www.enriquerequena.com\/wp-content\/uploads\/2019\/11\/enrique-requena-recambios-logotipo.jpg\",\"width\":381,\"height\":75,\"caption\":\"Enrique Requena S.L.\"},\"image\":{\"@id\":\"https:\/\/www.enriquerequena.com\/fr\/#\/schema\/logo\/image\/\"}}]}<\/script>\n<!-- \/ Yoast SEO plugin. -->","yoast_head_json":{"title":"Arbre de transmission Mercedes Vito Viano A6394103306 6394103306","description":"Arbre de transmission Mercedes Vito Viano A6394103306 6394103306. Nos transmissions \u00e1 cardan sont neuf et complet d'origine \u00e0 moiti\u00e9 prix.","robots":{"index":"index","follow":"follow","max-snippet":"max-snippet:-1","max-image-preview":"max-image-preview:large","max-video-preview":"max-video-preview:-1"},"canonical":"https:\/\/www.enriquerequena.com\/fr\/tienda-online\/arbre-transmission-cardan\/arbre-transmission-cardan-fourgons\/arbre-de-transmission-mercedes-vito-viano-a6394103306-6394103306\/","og_locale":"fr_FR","og_type":"article","og_title":"Arbre de transmission Mercedes Vito Viano A6394103306 6394103306","og_description":"Arbre de transmission Mercedes Vito Viano A6394103306 6394103306. Nos transmissions \u00e1 cardan sont neuf et complet d'origine \u00e0 moiti\u00e9 prix.","og_url":"https:\/\/www.enriquerequena.com\/fr\/tienda-online\/arbre-transmission-cardan\/arbre-transmission-cardan-fourgons\/arbre-de-transmission-mercedes-vito-viano-a6394103306-6394103306\/","og_site_name":"ENRIQUE REQUENA","article_modified_time":"2023-02-07T16:25:17+00:00","og_image":[{"width":800,"height":800,"url":"https:\/\/www.enriquerequena.com\/wp-content\/uploads\/2019\/10\/products-A6394103006-6394103006TRANSMISION-CARDAN-ARBRE-DE-TRANSMISSION-PROPSHAFT-MERCEDES-VITO-8-2.jpg","type":"image\/jpeg"}],"twitter_card":"summary_large_image","twitter_misc":{"Dur\u00e9e de lecture estim\u00e9e":"1 minute"},"schema":{"@context":"https:\/\/schema.org","@graph":[{"@type":"WebPage","@id":"https:\/\/www.enriquerequena.com\/fr\/tienda-online\/arbre-transmission-cardan\/arbre-transmission-cardan-fourgons\/arbre-de-transmission-mercedes-vito-viano-a6394103306-6394103306\/","url":"https:\/\/www.enriquerequena.com\/fr\/tienda-online\/arbre-transmission-cardan\/arbre-transmission-cardan-fourgons\/arbre-de-transmission-mercedes-vito-viano-a6394103306-6394103306\/","name":"Arbre de transmission Mercedes Vito Viano A6394103306 6394103306","isPartOf":{"@id":"https:\/\/www.enriquerequena.com\/fr\/#website"},"primaryImageOfPage":{"@id":"https:\/\/www.enriquerequena.com\/fr\/tienda-online\/arbre-transmission-cardan\/arbre-transmission-cardan-fourgons\/arbre-de-transmission-mercedes-vito-viano-a6394103306-6394103306\/#primaryimage"},"image":{"@id":"https:\/\/www.enriquerequena.com\/fr\/tienda-online\/arbre-transmission-cardan\/arbre-transmission-cardan-fourgons\/arbre-de-transmission-mercedes-vito-viano-a6394103306-6394103306\/#primaryimage"},"thumbnailUrl":"https:\/\/www.enriquerequena.com\/wp-content\/uploads\/2019\/10\/products-A6394103006-6394103006TRANSMISION-CARDAN-ARBRE-DE-TRANSMISSION-PROPSHAFT-MERCEDES-VITO-8-2.jpg","datePublished":"2018-11-11T21:18:17+00:00","dateModified":"2023-02-07T16:25:17+00:00","description":"Arbre de transmission Mercedes Vito Viano A6394103306 6394103306. Nos transmissions \u00e1 cardan sont neuf et complet d'origine \u00e0 moiti\u00e9 prix.","breadcrumb":{"@id":"https:\/\/www.enriquerequena.com\/fr\/tienda-online\/arbre-transmission-cardan\/arbre-transmission-cardan-fourgons\/arbre-de-transmission-mercedes-vito-viano-a6394103306-6394103306\/#breadcrumb"},"inLanguage":"fr-FR","potentialAction":[{"@type":"ReadAction","target":["https:\/\/www.enriquerequena.com\/fr\/tienda-online\/arbre-transmission-cardan\/arbre-transmission-cardan-fourgons\/arbre-de-transmission-mercedes-vito-viano-a6394103306-6394103306\/"]}]},{"@type":"ImageObject","inLanguage":"fr-FR","@id":"https:\/\/www.enriquerequena.com\/fr\/tienda-online\/arbre-transmission-cardan\/arbre-transmission-cardan-fourgons\/arbre-de-transmission-mercedes-vito-viano-a6394103306-6394103306\/#primaryimage","url":"https:\/\/www.enriquerequena.com\/wp-content\/uploads\/2019\/10\/products-A6394103006-6394103006TRANSMISION-CARDAN-ARBRE-DE-TRANSMISSION-PROPSHAFT-MERCEDES-VITO-8-2.jpg","contentUrl":"https:\/\/www.enriquerequena.com\/wp-content\/uploads\/2019\/10\/products-A6394103006-6394103006TRANSMISION-CARDAN-ARBRE-DE-TRANSMISSION-PROPSHAFT-MERCEDES-VITO-8-2.jpg","width":800,"height":800,"caption":"Arbre de transmission Mercedes Vito Viano A6394103306 6394103306"},{"@type":"WebSite","@id":"https:\/\/www.enriquerequena.com\/fr\/#website","url":"https:\/\/www.enriquerequena.com\/fr\/","name":"ENRIQUE REQUENA","description":"Sp\u00e9cialistes des transmissions cardan avec des exp\u00e9ditions dans le monde entier et des pi\u00e8ces d\u00e9tach\u00e9es pour voitures, camions et accessoires \u00e0 Valence, en Espagne. Avec vous depuis 1950!","publisher":{"@id":"https:\/\/www.enriquerequena.com\/fr\/#organization"},"potentialAction":[{"@type":"SearchAction","target":{"@type":"EntryPoint","urlTemplate":"https:\/\/www.enriquerequena.com\/fr\/?s={search_term_string}"},"query-input":{"@type":"PropertyValueSpecification","valueRequired":true,"valueName":"search_term_string"}}],"inLanguage":"fr-FR"},{"@type":"Organization","@id":"https:\/\/www.enriquerequena.com\/fr\/#organization","name":"Enrique Requena S.L.","url":"https:\/\/www.enriquerequena.com\/fr\/","logo":{"@type":"ImageObject","inLanguage":"fr-FR","@id":"https:\/\/www.enriquerequena.com\/fr\/#\/schema\/logo\/image\/","url":"https:\/\/www.enriquerequena.com\/wp-content\/uploads\/2019\/11\/enrique-requena-recambios-logotipo.jpg","contentUrl":"https:\/\/www.enriquerequena.com\/wp-content\/uploads\/2019\/11\/enrique-requena-recambios-logotipo.jpg","width":381,"height":75,"caption":"Enrique Requena S.L."},"image":{"@id":"https:\/\/www.enriquerequena.com\/fr\/#\/schema\/logo\/image\/"}}]}},"_links":{"self":[{"href":"https:\/\/www.enriquerequena.com\/fr\/wp-json\/wp\/v2\/product\/3694","targetHints":{"allow":["GET"]}}],"collection":[{"href":"https:\/\/www.enriquerequena.com\/fr\/wp-json\/wp\/v2\/product"}],"about":[{"href":"https:\/\/www.enriquerequena.com\/fr\/wp-json\/wp\/v2\/types\/product"}],"wp:featuredmedia":[{"embeddable":true,"href":"https:\/\/www.enriquerequena.com\/fr\/wp-json\/wp\/v2\/media\/3695"}],"wp:attachment":[{"href":"https:\/\/www.enriquerequena.com\/fr\/wp-json\/wp\/v2\/media?parent=3694"}],"wp:term":[{"taxonomy":"product_brand","embeddable":true,"href":"https:\/\/www.enriquerequena.com\/fr\/wp-json\/wp\/v2\/product_brand?post=3694"},{"taxonomy":"product_cat","embeddable":true,"href":"https:\/\/www.enriquerequena.com\/fr\/wp-json\/wp\/v2\/product_cat?post=3694"},{"taxonomy":"product_tag","embeddable":true,"href":"https:\/\/www.enriquerequena.com\/fr\/wp-json\/wp\/v2\/product_tag?post=3694"}],"curies":[{"name":"wp","href":"https:\/\/api.w.org\/{rel}","templated":true}]}}