{"id":3808,"date":"2019-03-18T17:05:25","date_gmt":"2019-03-18T17:05:25","guid":{"rendered":"https:\/\/www.enriquerequena.com\/?post_type=product&#038;p=3808"},"modified":"2023-02-07T16:44:27","modified_gmt":"2023-02-07T15:44:27","slug":"vanne-egr-5s6q9d475aa","status":"publish","type":"product","link":"https:\/\/www.enriquerequena.com\/fr\/tienda-online\/pieces-de-rechange-remplacements-echappement\/egr-fr\/vanne-egr-5s6q9d475aa\/","title":{"rendered":"Vanne EGR  5S6Q9D475AA"},"content":{"rendered":"<h4><span style=\"color: #666699;\">&#8211; Informations sur le produit:<\/span><\/h4>\n<div>\n<p><span style=\"color: #666699;\">&#8211; Article compl\u00e9mentaire\/Info compl\u00e9mentaire:sans joint d&rsquo;\u00e9tanch\u00e9ite<\/span><\/p>\n<div>\n<p><span style=\"color: #666699;\">&#8211; Type de fonctionnement:\u00e9lectrique<\/span><\/p>\n<div><span style=\"color: #666699;\">&#8211;\u00a0Voltage [V]:12<\/span><\/div>\n<\/div>\n<div>\n<div>\n<div><span style=\"color: #666699;\">&#8211; FYRECO Vanne EGR<\/span><\/div>\n<div>\n<div>\n<div><span style=\"color: #666699;\">&#8211; Num\u00e9ro d&rsquo;article<\/span><\/div>\n<div>\n<div><span style=\"color: #666699;\">&#8211; Notre prix 119\u00a0\u20ac<\/span><\/div>\n<div>\n<div><span style=\"color: #666699;\">&#8211; L&rsquo;\u00e9tat\u00a0Neuf<br \/>\n<\/span><\/div>\n<div><span style=\"color: #666699;\">&#8211;\u00a0\u00a0Num\u00e9ro d&rsquo;article :<\/span><\/div>\n<div><\/div>\n<div>\n<table cellspacing=\"0\">\n<tbody>\n<tr>\n<td>\n<div><span style=\"color: #666699;\">BMW<\/span><\/div>\n<\/td>\n<td>\n<div><span style=\"color: #666699;\">11717804950<\/span><\/div>\n<\/td>\n<td><\/td>\n<\/tr>\n<tr>\n<td>\n<div><span style=\"color: #666699;\">CITRO\u00cbN<\/span><\/div>\n<\/td>\n<td>\n<div><span style=\"color: #666699;\">1618NR<\/span><\/div>\n<\/td>\n<td><\/td>\n<\/tr>\n<tr>\n<td>\n<div><span style=\"color: #666699;\">CITRO\u00cbN<\/span><\/div>\n<\/td>\n<td>\n<div><span style=\"color: #666699;\">161859<\/span><\/div>\n<\/td>\n<td><\/td>\n<\/tr>\n<tr>\n<td>\n<div><span style=\"color: #666699;\">CITRO\u00cbN<\/span><\/div>\n<\/td>\n<td>\n<div><span style=\"color: #666699;\">9649358780<\/span><\/div>\n<\/td>\n<td><\/td>\n<\/tr>\n<tr>\n<td>\n<div><span style=\"color: #666699;\">CITRO\u00cbN<\/span><\/div>\n<\/td>\n<td>\n<div><span style=\"color: #666699;\">9660276280<\/span><\/div>\n<\/td>\n<td><\/td>\n<\/tr>\n<tr>\n<td>\n<div><span style=\"color: #666699;\">CITRO\u00cbN<\/span><\/div>\n<\/td>\n<td>\n<div><span style=\"color: #666699;\">9672880080<\/span><\/div>\n<\/td>\n<td><\/td>\n<\/tr>\n<tr>\n<td>\n<div><span style=\"color: #666699;\">CITRO\u00cbN<\/span><\/div>\n<\/td>\n<td>\n<div><span style=\"color: #666699;\">9685640480<\/span><\/div>\n<\/td>\n<td><\/td>\n<\/tr>\n<tr>\n<td>\n<div><span style=\"color: #666699;\">FORD<\/span><\/div>\n<\/td>\n<td>\n<div><span style=\"color: #666699;\">1338675<\/span><\/div>\n<\/td>\n<td><\/td>\n<\/tr>\n<tr>\n<td>\n<div><span style=\"color: #666699;\">FORD<\/span><\/div>\n<\/td>\n<td>\n<div><span style=\"color: #666699;\">1439414<\/span><\/div>\n<\/td>\n<td><\/td>\n<\/tr>\n<tr>\n<td>\n<div><span style=\"color: #666699;\">FORD<\/span><\/div>\n<\/td>\n<td>\n<div><span style=\"color: #666699;\">1479057<\/span><\/div>\n<\/td>\n<td><\/td>\n<\/tr>\n<tr>\n<td>\n<div><span style=\"color: #666699;\">FORD<\/span><\/div>\n<\/td>\n<td>\n<div><span style=\"color: #666699;\">1526689<\/span><\/div>\n<\/td>\n<td><\/td>\n<\/tr>\n<tr>\n<td>\n<div><span style=\"color: #666699;\">FORD<\/span><\/div>\n<\/td>\n<td>\n<div><span style=\"color: #666699;\">1682737<\/span><\/div>\n<\/td>\n<td><\/td>\n<\/tr>\n<tr>\n<td>\n<div><span style=\"color: #666699;\">FORD<\/span><\/div>\n<\/td>\n<td>\n<div><span style=\"color: #666699;\">5S6Q-9D475-AB<\/span><\/div>\n<\/td>\n<td><\/td>\n<\/tr>\n<tr>\n<td>\n<div><span style=\"color: #666699;\">FORD<\/span><\/div>\n<\/td>\n<td>\n<div><span style=\"color: #666699;\">5S6Q-9D475-AC<\/span><\/div>\n<\/td>\n<td><\/td>\n<\/tr>\n<tr>\n<td>\n<div><span style=\"color: #666699;\">FORD<\/span><\/div>\n<\/td>\n<td>\n<div><span style=\"color: #666699;\">5S6Q-9D475-AA<\/span><\/div>\n<\/td>\n<td><\/td>\n<\/tr>\n<tr>\n<td>\n<div><span style=\"color: #666699;\">FORD<\/span><\/div>\n<\/td>\n<td>\n<div><span style=\"color: #666699;\">5S6Q-9D475-AE<\/span><\/div>\n<\/td>\n<td><\/td>\n<\/tr>\n<tr>\n<td>\n<div><span style=\"color: #666699;\">FORD<\/span><\/div>\n<\/td>\n<td>\n<div><span style=\"color: #666699;\">5S6Q-9D475-AD<\/span><\/div>\n<\/td>\n<td><\/td>\n<\/tr>\n<tr>\n<td>\n<div><span style=\"color: #666699;\">MAZDA<\/span><\/div>\n<\/td>\n<td>\n<div><span style=\"color: #666699;\">Y605-20-300<\/span><\/div>\n<\/td>\n<td><\/td>\n<\/tr>\n<tr>\n<td>\n<div><span style=\"color: #666699;\">PEUGEOT<\/span><\/div>\n<\/td>\n<td>\n<div><span style=\"color: #666699;\">9685640480<\/span><\/div>\n<\/td>\n<td><\/td>\n<\/tr>\n<tr>\n<td>\n<div><span style=\"color: #666699;\">PEUGEOT<\/span><\/div>\n<\/td>\n<td>\n<div><span style=\"color: #666699;\">9660276280<\/span><\/div>\n<\/td>\n<td><\/td>\n<\/tr>\n<tr>\n<td>\n<div><span style=\"color: #666699;\">PEUGEOT<\/span><\/div>\n<\/td>\n<td>\n<div><span style=\"color: #666699;\">9672880080<\/span><\/div>\n<\/td>\n<td><\/td>\n<\/tr>\n<tr>\n<td>\n<div><span style=\"color: #666699;\">PEUGEOT<\/span><\/div>\n<\/td>\n<td>\n<div><span style=\"color: #666699;\">9649358780<\/span><\/div>\n<\/td>\n<td><\/td>\n<\/tr>\n<tr>\n<td>\n<div><span style=\"color: #666699;\">PEUGEOT<\/span><\/div>\n<\/td>\n<td>\n<div><span style=\"color: #666699;\">1618NR<\/span><\/div>\n<\/td>\n<td><\/td>\n<\/tr>\n<tr>\n<td>\n<div><span style=\"color: #666699;\">PEUGEOT<\/span><\/div>\n<\/td>\n<td>\n<div><span style=\"color: #666699;\">161859<\/span><\/div>\n<\/td>\n<td><\/td>\n<\/tr>\n<tr>\n<td>\n<div><span style=\"color: #666699;\">SUZUKI<\/span><\/div>\n<\/td>\n<td>\n<div><span style=\"color: #666699;\">18520-69K02<\/span><\/div>\n<\/td>\n<td><\/td>\n<\/tr>\n<tr>\n<td>\n<div><span style=\"color: #666699;\">SUZUKI<\/span><\/div>\n<\/td>\n<td>\n<div><span style=\"color: #666699;\">1852069k02<\/span><\/div>\n<\/td>\n<td><\/td>\n<\/tr>\n<tr>\n<td>\n<div><span style=\"color: #666699;\">VOLVO<\/span><\/div>\n<\/td>\n<td>\n<div><span style=\"color: #666699;\">36001412<\/span><\/div>\n<\/td>\n<\/tr>\n<\/tbody>\n<\/table>\n<\/div>\n<div><\/div>\n<\/div>\n<\/div>\n<\/div>\n<\/div>\n<\/div>\n<\/div>\n<\/div>\n","protected":false},"excerpt":{"rendered":"<p>Vanne EGR Ref: 5S6Q9D475AA<\/p>\n","protected":false},"featured_media":3809,"template":"","meta":[],"product_brand":[99],"product_cat":[9857,10047,198,135],"product_tag":[],"class_list":{"0":"post-3808","1":"product","2":"type-product","3":"status-publish","4":"has-post-thumbnail","6":"product_brand-volvo-2","7":"product_cat-pieces-de-rechange-remplacements-echappement","8":"product_cat-egr-fr","9":"product_cat-moteur-voiture","10":"product_cat-pieces-rechange-voiture","11":"pa_manufacturer-bmw","12":"pa_manufacturer-ford","13":"pa_manufacturer-suzuki","14":"pa_manufacturer-volvo","16":"first","17":"instock","18":"taxable","19":"shipping-taxable","20":"purchasable","21":"product-type-simple"},"yoast_head":"<!-- This site is optimized with the Yoast SEO plugin v27.1.1 - https:\/\/yoast.com\/product\/yoast-seo-wordpress\/ -->\n<title>Vanne EGR Ref: 5S6Q9D475AA<\/title>\n<meta name=\"description\" content=\"Nous sommes des distributeurs des soupapes, nouvelles ou grandes, de marque Fyreco, pour voitures, de fabrication espagnole, avec une garantie d\u2019un an et une qualit\u00e9 comparable \u00e0 celle de la premi\u00e8re \u00e9quipe, le prix de ces soupapes est imbattable.\" \/>\n<meta name=\"robots\" content=\"index, follow, max-snippet:-1, max-image-preview:large, max-video-preview:-1\" \/>\n<link rel=\"canonical\" href=\"https:\/\/www.enriquerequena.com\/fr\/tienda-online\/pieces-de-rechange-remplacements-echappement\/egr-fr\/vanne-egr-5s6q9d475aa\/\" \/>\n<meta property=\"og:locale\" content=\"fr_FR\" \/>\n<meta property=\"og:type\" content=\"article\" \/>\n<meta property=\"og:title\" content=\"Vanne EGR Ref: 5S6Q9D475AA\" \/>\n<meta property=\"og:description\" content=\"Nous sommes des distributeurs des soupapes, nouvelles ou grandes, de marque Fyreco, pour voitures, de fabrication espagnole, avec une garantie d\u2019un an et une qualit\u00e9 comparable \u00e0 celle de la premi\u00e8re \u00e9quipe, le prix de ces soupapes est imbattable.\" \/>\n<meta property=\"og:url\" content=\"https:\/\/www.enriquerequena.com\/fr\/tienda-online\/pieces-de-rechange-remplacements-echappement\/egr-fr\/vanne-egr-5s6q9d475aa\/\" \/>\n<meta property=\"og:site_name\" content=\"ENRIQUE REQUENA\" \/>\n<meta property=\"article:modified_time\" content=\"2023-02-07T15:44:27+00:00\" \/>\n<meta property=\"og:image\" content=\"https:\/\/www.enriquerequena.com\/wp-content\/uploads\/2019\/10\/products-5S6Q9D475AA-VALVULA-EGR-VANNE-EGR-EGR-VALVE-2.jpg\" \/>\n\t<meta property=\"og:image:width\" content=\"800\" \/>\n\t<meta property=\"og:image:height\" content=\"800\" \/>\n\t<meta property=\"og:image:type\" content=\"image\/jpeg\" \/>\n<meta name=\"twitter:card\" content=\"summary_large_image\" \/>\n<meta name=\"twitter:label1\" content=\"Dur\u00e9e de lecture estim\u00e9e\" \/>\n\t<meta name=\"twitter:data1\" content=\"1 minute\" \/>\n<script type=\"application\/ld+json\" class=\"yoast-schema-graph\">{\"@context\":\"https:\/\/schema.org\",\"@graph\":[{\"@type\":\"WebPage\",\"@id\":\"https:\/\/www.enriquerequena.com\/fr\/tienda-online\/pieces-de-rechange-remplacements-echappement\/egr-fr\/vanne-egr-5s6q9d475aa\/\",\"url\":\"https:\/\/www.enriquerequena.com\/fr\/tienda-online\/pieces-de-rechange-remplacements-echappement\/egr-fr\/vanne-egr-5s6q9d475aa\/\",\"name\":\"Vanne EGR Ref: 5S6Q9D475AA\",\"isPartOf\":{\"@id\":\"https:\/\/www.enriquerequena.com\/fr\/#website\"},\"primaryImageOfPage\":{\"@id\":\"https:\/\/www.enriquerequena.com\/fr\/tienda-online\/pieces-de-rechange-remplacements-echappement\/egr-fr\/vanne-egr-5s6q9d475aa\/#primaryimage\"},\"image\":{\"@id\":\"https:\/\/www.enriquerequena.com\/fr\/tienda-online\/pieces-de-rechange-remplacements-echappement\/egr-fr\/vanne-egr-5s6q9d475aa\/#primaryimage\"},\"thumbnailUrl\":\"https:\/\/www.enriquerequena.com\/wp-content\/uploads\/2019\/10\/products-5S6Q9D475AA-VALVULA-EGR-VANNE-EGR-EGR-VALVE-2.jpg\",\"datePublished\":\"2019-03-18T17:05:25+00:00\",\"dateModified\":\"2023-02-07T15:44:27+00:00\",\"description\":\"Nous sommes des distributeurs des soupapes, nouvelles ou grandes, de marque Fyreco, pour voitures, de fabrication espagnole, avec une garantie d\u2019un an et une qualit\u00e9 comparable \u00e0 celle de la premi\u00e8re \u00e9quipe, le prix de ces soupapes est imbattable.\",\"breadcrumb\":{\"@id\":\"https:\/\/www.enriquerequena.com\/fr\/tienda-online\/pieces-de-rechange-remplacements-echappement\/egr-fr\/vanne-egr-5s6q9d475aa\/#breadcrumb\"},\"inLanguage\":\"fr-FR\",\"potentialAction\":[{\"@type\":\"ReadAction\",\"target\":[\"https:\/\/www.enriquerequena.com\/fr\/tienda-online\/pieces-de-rechange-remplacements-echappement\/egr-fr\/vanne-egr-5s6q9d475aa\/\"]}]},{\"@type\":\"ImageObject\",\"inLanguage\":\"fr-FR\",\"@id\":\"https:\/\/www.enriquerequena.com\/fr\/tienda-online\/pieces-de-rechange-remplacements-echappement\/egr-fr\/vanne-egr-5s6q9d475aa\/#primaryimage\",\"url\":\"https:\/\/www.enriquerequena.com\/wp-content\/uploads\/2019\/10\/products-5S6Q9D475AA-VALVULA-EGR-VANNE-EGR-EGR-VALVE-2.jpg\",\"contentUrl\":\"https:\/\/www.enriquerequena.com\/wp-content\/uploads\/2019\/10\/products-5S6Q9D475AA-VALVULA-EGR-VANNE-EGR-EGR-VALVE-2.jpg\",\"width\":800,\"height\":800,\"caption\":\"5S6Q9D475AA, VALVULA EGR, VANNE EGR, EGR VALVE\"},{\"@type\":\"WebSite\",\"@id\":\"https:\/\/www.enriquerequena.com\/fr\/#website\",\"url\":\"https:\/\/www.enriquerequena.com\/fr\/\",\"name\":\"ENRIQUE REQUENA\",\"description\":\"Sp\u00e9cialistes des transmissions cardan avec des exp\u00e9ditions dans le monde entier et des pi\u00e8ces d\u00e9tach\u00e9es pour voitures, camions et accessoires \u00e0 Valence, en Espagne. Avec vous depuis 1950!\",\"publisher\":{\"@id\":\"https:\/\/www.enriquerequena.com\/fr\/#organization\"},\"potentialAction\":[{\"@type\":\"SearchAction\",\"target\":{\"@type\":\"EntryPoint\",\"urlTemplate\":\"https:\/\/www.enriquerequena.com\/fr\/?s={search_term_string}\"},\"query-input\":{\"@type\":\"PropertyValueSpecification\",\"valueRequired\":true,\"valueName\":\"search_term_string\"}}],\"inLanguage\":\"fr-FR\"},{\"@type\":\"Organization\",\"@id\":\"https:\/\/www.enriquerequena.com\/fr\/#organization\",\"name\":\"Enrique Requena S.L.\",\"url\":\"https:\/\/www.enriquerequena.com\/fr\/\",\"logo\":{\"@type\":\"ImageObject\",\"inLanguage\":\"fr-FR\",\"@id\":\"https:\/\/www.enriquerequena.com\/fr\/#\/schema\/logo\/image\/\",\"url\":\"https:\/\/www.enriquerequena.com\/wp-content\/uploads\/2019\/11\/enrique-requena-recambios-logotipo.jpg\",\"contentUrl\":\"https:\/\/www.enriquerequena.com\/wp-content\/uploads\/2019\/11\/enrique-requena-recambios-logotipo.jpg\",\"width\":381,\"height\":75,\"caption\":\"Enrique Requena S.L.\"},\"image\":{\"@id\":\"https:\/\/www.enriquerequena.com\/fr\/#\/schema\/logo\/image\/\"}}]}<\/script>\n<!-- \/ Yoast SEO plugin. -->","yoast_head_json":{"title":"Vanne EGR Ref: 5S6Q9D475AA","description":"Nous sommes des distributeurs des soupapes, nouvelles ou grandes, de marque Fyreco, pour voitures, de fabrication espagnole, avec une garantie d\u2019un an et une qualit\u00e9 comparable \u00e0 celle de la premi\u00e8re \u00e9quipe, le prix de ces soupapes est imbattable.","robots":{"index":"index","follow":"follow","max-snippet":"max-snippet:-1","max-image-preview":"max-image-preview:large","max-video-preview":"max-video-preview:-1"},"canonical":"https:\/\/www.enriquerequena.com\/fr\/tienda-online\/pieces-de-rechange-remplacements-echappement\/egr-fr\/vanne-egr-5s6q9d475aa\/","og_locale":"fr_FR","og_type":"article","og_title":"Vanne EGR Ref: 5S6Q9D475AA","og_description":"Nous sommes des distributeurs des soupapes, nouvelles ou grandes, de marque Fyreco, pour voitures, de fabrication espagnole, avec une garantie d\u2019un an et une qualit\u00e9 comparable \u00e0 celle de la premi\u00e8re \u00e9quipe, le prix de ces soupapes est imbattable.","og_url":"https:\/\/www.enriquerequena.com\/fr\/tienda-online\/pieces-de-rechange-remplacements-echappement\/egr-fr\/vanne-egr-5s6q9d475aa\/","og_site_name":"ENRIQUE REQUENA","article_modified_time":"2023-02-07T15:44:27+00:00","og_image":[{"width":800,"height":800,"url":"https:\/\/www.enriquerequena.com\/wp-content\/uploads\/2019\/10\/products-5S6Q9D475AA-VALVULA-EGR-VANNE-EGR-EGR-VALVE-2.jpg","type":"image\/jpeg"}],"twitter_card":"summary_large_image","twitter_misc":{"Dur\u00e9e de lecture estim\u00e9e":"1 minute"},"schema":{"@context":"https:\/\/schema.org","@graph":[{"@type":"WebPage","@id":"https:\/\/www.enriquerequena.com\/fr\/tienda-online\/pieces-de-rechange-remplacements-echappement\/egr-fr\/vanne-egr-5s6q9d475aa\/","url":"https:\/\/www.enriquerequena.com\/fr\/tienda-online\/pieces-de-rechange-remplacements-echappement\/egr-fr\/vanne-egr-5s6q9d475aa\/","name":"Vanne EGR Ref: 5S6Q9D475AA","isPartOf":{"@id":"https:\/\/www.enriquerequena.com\/fr\/#website"},"primaryImageOfPage":{"@id":"https:\/\/www.enriquerequena.com\/fr\/tienda-online\/pieces-de-rechange-remplacements-echappement\/egr-fr\/vanne-egr-5s6q9d475aa\/#primaryimage"},"image":{"@id":"https:\/\/www.enriquerequena.com\/fr\/tienda-online\/pieces-de-rechange-remplacements-echappement\/egr-fr\/vanne-egr-5s6q9d475aa\/#primaryimage"},"thumbnailUrl":"https:\/\/www.enriquerequena.com\/wp-content\/uploads\/2019\/10\/products-5S6Q9D475AA-VALVULA-EGR-VANNE-EGR-EGR-VALVE-2.jpg","datePublished":"2019-03-18T17:05:25+00:00","dateModified":"2023-02-07T15:44:27+00:00","description":"Nous sommes des distributeurs des soupapes, nouvelles ou grandes, de marque Fyreco, pour voitures, de fabrication espagnole, avec une garantie d\u2019un an et une qualit\u00e9 comparable \u00e0 celle de la premi\u00e8re \u00e9quipe, le prix de ces soupapes est imbattable.","breadcrumb":{"@id":"https:\/\/www.enriquerequena.com\/fr\/tienda-online\/pieces-de-rechange-remplacements-echappement\/egr-fr\/vanne-egr-5s6q9d475aa\/#breadcrumb"},"inLanguage":"fr-FR","potentialAction":[{"@type":"ReadAction","target":["https:\/\/www.enriquerequena.com\/fr\/tienda-online\/pieces-de-rechange-remplacements-echappement\/egr-fr\/vanne-egr-5s6q9d475aa\/"]}]},{"@type":"ImageObject","inLanguage":"fr-FR","@id":"https:\/\/www.enriquerequena.com\/fr\/tienda-online\/pieces-de-rechange-remplacements-echappement\/egr-fr\/vanne-egr-5s6q9d475aa\/#primaryimage","url":"https:\/\/www.enriquerequena.com\/wp-content\/uploads\/2019\/10\/products-5S6Q9D475AA-VALVULA-EGR-VANNE-EGR-EGR-VALVE-2.jpg","contentUrl":"https:\/\/www.enriquerequena.com\/wp-content\/uploads\/2019\/10\/products-5S6Q9D475AA-VALVULA-EGR-VANNE-EGR-EGR-VALVE-2.jpg","width":800,"height":800,"caption":"5S6Q9D475AA, VALVULA EGR, VANNE EGR, EGR VALVE"},{"@type":"WebSite","@id":"https:\/\/www.enriquerequena.com\/fr\/#website","url":"https:\/\/www.enriquerequena.com\/fr\/","name":"ENRIQUE REQUENA","description":"Sp\u00e9cialistes des transmissions cardan avec des exp\u00e9ditions dans le monde entier et des pi\u00e8ces d\u00e9tach\u00e9es pour voitures, camions et accessoires \u00e0 Valence, en Espagne. Avec vous depuis 1950!","publisher":{"@id":"https:\/\/www.enriquerequena.com\/fr\/#organization"},"potentialAction":[{"@type":"SearchAction","target":{"@type":"EntryPoint","urlTemplate":"https:\/\/www.enriquerequena.com\/fr\/?s={search_term_string}"},"query-input":{"@type":"PropertyValueSpecification","valueRequired":true,"valueName":"search_term_string"}}],"inLanguage":"fr-FR"},{"@type":"Organization","@id":"https:\/\/www.enriquerequena.com\/fr\/#organization","name":"Enrique Requena S.L.","url":"https:\/\/www.enriquerequena.com\/fr\/","logo":{"@type":"ImageObject","inLanguage":"fr-FR","@id":"https:\/\/www.enriquerequena.com\/fr\/#\/schema\/logo\/image\/","url":"https:\/\/www.enriquerequena.com\/wp-content\/uploads\/2019\/11\/enrique-requena-recambios-logotipo.jpg","contentUrl":"https:\/\/www.enriquerequena.com\/wp-content\/uploads\/2019\/11\/enrique-requena-recambios-logotipo.jpg","width":381,"height":75,"caption":"Enrique Requena S.L."},"image":{"@id":"https:\/\/www.enriquerequena.com\/fr\/#\/schema\/logo\/image\/"}}]}},"_links":{"self":[{"href":"https:\/\/www.enriquerequena.com\/fr\/wp-json\/wp\/v2\/product\/3808","targetHints":{"allow":["GET"]}}],"collection":[{"href":"https:\/\/www.enriquerequena.com\/fr\/wp-json\/wp\/v2\/product"}],"about":[{"href":"https:\/\/www.enriquerequena.com\/fr\/wp-json\/wp\/v2\/types\/product"}],"wp:featuredmedia":[{"embeddable":true,"href":"https:\/\/www.enriquerequena.com\/fr\/wp-json\/wp\/v2\/media\/3809"}],"wp:attachment":[{"href":"https:\/\/www.enriquerequena.com\/fr\/wp-json\/wp\/v2\/media?parent=3808"}],"wp:term":[{"taxonomy":"product_brand","embeddable":true,"href":"https:\/\/www.enriquerequena.com\/fr\/wp-json\/wp\/v2\/product_brand?post=3808"},{"taxonomy":"product_cat","embeddable":true,"href":"https:\/\/www.enriquerequena.com\/fr\/wp-json\/wp\/v2\/product_cat?post=3808"},{"taxonomy":"product_tag","embeddable":true,"href":"https:\/\/www.enriquerequena.com\/fr\/wp-json\/wp\/v2\/product_tag?post=3808"}],"curies":[{"name":"wp","href":"https:\/\/api.w.org\/{rel}","templated":true}]}}