{"id":3867,"date":"2019-06-08T16:27:53","date_gmt":"2019-06-08T16:27:53","guid":{"rendered":"https:\/\/www.enriquerequena.com\/?post_type=product&#038;p=3867"},"modified":"2023-02-07T16:45:26","modified_gmt":"2023-02-07T15:45:26","slug":"arbre-de-transmision-cardan-grand-cherokee-52099499ag","status":"publish","type":"product","link":"https:\/\/www.enriquerequena.com\/fr\/tienda-online\/arbre-transmission-cardan\/arbre-transmission-cardan-4x4\/arbre-de-transmision-cardan-grand-cherokee-52099499ag\/","title":{"rendered":"Arbre De Transmision Cardan Grand Cherokee 52099499AG"},"content":{"rendered":"<p><span style=\"color: #666699;\">\u00a0Arbre de\u00a0Transmission Cardan Grand Cherokee<\/span><\/p>\n<p><span style=\"color: #666699;\">&#8211; Rechange: Arbre de Transmission Cardan<\/span><\/p>\n<p><span style=\"color: #666699;\">&#8211; Ref:\u00a052099499AG &#8211;\u00a052099499AF &#8211;\u00a052099499AD &#8211;\u00a052099499<\/span><\/p>\n<div>\n<div>\n<p><span style=\"color: #666699;\">&#8211; Endroit d&rsquo;assemblage:\u00a0avant<\/span><\/p>\n<div>\n<p><span style=\"color: #666699;\">&#8211; \u00c0 une seule pi\u00e8ce<\/span><\/p>\n<div>\n<p><span style=\"color: #666699;\">&#8211; Longueur coque:\u00a0804 mm<\/span><\/p>\n<div>\n<p><span style=\"color: #666699;\">&#8211; Cercle de percage \u00d8 1:\u00a086 mm<\/span><\/p>\n<div>\n<p><span style=\"color: #666699;\">&#8211; Al\u00e9sage -\u00d81:\u00a08.35 mm<\/span><\/p>\n<div>\n<p><span style=\"color: #666699;\">&#8211; Nombre de trous 1:\u00a06<\/span><\/p>\n<div>\n<p><span style=\"color: #666699;\">&#8211; Cercle de percage-\u00d8 2:\u00a086 mm\u00a0<\/span><\/p>\n<div>\n<p><span style=\"color: #666699;\">&#8211; Al\u00e9sage -\u00d82:\u00a08.2 mm<\/span><\/p>\n<div>\n<p><span style=\"color: #666699;\">&#8211; Nombre de trous 2:\u00a06<\/span><\/p>\n<div>\n<p><span style=\"color: #666699;\">&#8211; Tuyau-\u00d8:\u00a045.7 mm<\/span><\/p>\n<div><span style=\"color: #666699;\">&#8211; Pi\u00e8ce neuve<\/span><\/div>\n<div><span style=\"color: #666699;\">&#8211; Garantie: 1 an<\/span><\/div>\n<\/div>\n<\/div>\n<\/div>\n<\/div>\n<\/div>\n<\/div>\n<\/div>\n<\/div>\n<\/div>\n<\/div>\n<\/div>\n","protected":false},"excerpt":{"rendered":"<p>Arbre De Transmision Cardan Grand Cherokee . Transmission neuve et avec un an de garantie. Ref:\u00a052099499AG &#8211;\u00a052099499AF &#8211;\u00a052099499AD &#8211;\u00a052099499<\/p>\n","protected":false},"featured_media":3868,"template":"","meta":[],"product_brand":[117],"product_cat":[144,156],"product_tag":[],"class_list":{"0":"post-3867","1":"product","2":"type-product","3":"status-publish","4":"has-post-thumbnail","6":"product_brand-jeep","7":"product_cat-arbre-transmission-cardan","8":"product_cat-arbre-transmission-cardan-4x4","9":"pa_manufacturer-jeep","10":"pa_tipo-4x4","12":"first","13":"instock","14":"taxable","15":"shipping-taxable","16":"purchasable","17":"product-type-simple"},"yoast_head":"<!-- This site is optimized with the Yoast SEO plugin v27.1.1 - https:\/\/yoast.com\/product\/yoast-seo-wordpress\/ -->\n<title>Arbre Transmision Cardan Grand Cherokee Ref:\u00a052099499AG -\u00a052099499AF -\u00a052099499AD -\u00a052099499<\/title>\n<meta name=\"description\" content=\"Arbre De Transmision Cardan Grand Cherokee . Transmission neuve et avec un an de garantie. Ref:\u00a052099499AG -\u00a052099499AF -\u00a052099499AD -\u00a052099499\" \/>\n<meta name=\"robots\" content=\"index, follow, max-snippet:-1, max-image-preview:large, max-video-preview:-1\" \/>\n<link rel=\"canonical\" href=\"https:\/\/www.enriquerequena.com\/fr\/tienda-online\/arbre-transmission-cardan\/arbre-transmission-cardan-4x4\/arbre-de-transmision-cardan-grand-cherokee-52099499ag\/\" \/>\n<meta property=\"og:locale\" content=\"fr_FR\" \/>\n<meta property=\"og:type\" content=\"article\" \/>\n<meta property=\"og:title\" content=\"Arbre Transmision Cardan Grand Cherokee Ref:\u00a052099499AG -\u00a052099499AF -\u00a052099499AD -\u00a052099499\" \/>\n<meta property=\"og:description\" content=\"Arbre De Transmision Cardan Grand Cherokee . Transmission neuve et avec un an de garantie. Ref:\u00a052099499AG -\u00a052099499AF -\u00a052099499AD -\u00a052099499\" \/>\n<meta property=\"og:url\" content=\"https:\/\/www.enriquerequena.com\/fr\/tienda-online\/arbre-transmission-cardan\/arbre-transmission-cardan-4x4\/arbre-de-transmision-cardan-grand-cherokee-52099499ag\/\" \/>\n<meta property=\"og:site_name\" content=\"ENRIQUE REQUENA\" \/>\n<meta property=\"article:modified_time\" content=\"2023-02-07T15:45:26+00:00\" \/>\n<meta property=\"og:image\" content=\"https:\/\/www.enriquerequena.com\/wp-content\/uploads\/2019\/09\/products-TRANSMISION-CARDAN-ARBRE-DE-TRANSMISSION-PROPSHAFT-GRAND-CHEROKEE-52099499AG-52099499AF-52099499AD-52099499--2.jpg-2.jpg\" \/>\n\t<meta property=\"og:image:width\" content=\"800\" \/>\n\t<meta property=\"og:image:height\" content=\"800\" \/>\n\t<meta property=\"og:image:type\" content=\"image\/jpeg\" \/>\n<meta name=\"twitter:card\" content=\"summary_large_image\" \/>\n<script type=\"application\/ld+json\" class=\"yoast-schema-graph\">{\"@context\":\"https:\/\/schema.org\",\"@graph\":[{\"@type\":\"WebPage\",\"@id\":\"https:\/\/www.enriquerequena.com\/fr\/tienda-online\/arbre-transmission-cardan\/arbre-transmission-cardan-4x4\/arbre-de-transmision-cardan-grand-cherokee-52099499ag\/\",\"url\":\"https:\/\/www.enriquerequena.com\/fr\/tienda-online\/arbre-transmission-cardan\/arbre-transmission-cardan-4x4\/arbre-de-transmision-cardan-grand-cherokee-52099499ag\/\",\"name\":\"Arbre Transmision Cardan Grand Cherokee Ref:\u00a052099499AG -\u00a052099499AF -\u00a052099499AD -\u00a052099499\",\"isPartOf\":{\"@id\":\"https:\/\/www.enriquerequena.com\/fr\/#website\"},\"primaryImageOfPage\":{\"@id\":\"https:\/\/www.enriquerequena.com\/fr\/tienda-online\/arbre-transmission-cardan\/arbre-transmission-cardan-4x4\/arbre-de-transmision-cardan-grand-cherokee-52099499ag\/#primaryimage\"},\"image\":{\"@id\":\"https:\/\/www.enriquerequena.com\/fr\/tienda-online\/arbre-transmission-cardan\/arbre-transmission-cardan-4x4\/arbre-de-transmision-cardan-grand-cherokee-52099499ag\/#primaryimage\"},\"thumbnailUrl\":\"https:\/\/www.enriquerequena.com\/wp-content\/uploads\/2019\/09\/products-TRANSMISION-CARDAN-ARBRE-DE-TRANSMISSION-PROPSHAFT-GRAND-CHEROKEE-52099499AG-52099499AF-52099499AD-52099499--2.jpg-2.jpg\",\"datePublished\":\"2019-06-08T16:27:53+00:00\",\"dateModified\":\"2023-02-07T15:45:26+00:00\",\"description\":\"Arbre De Transmision Cardan Grand Cherokee . Transmission neuve et avec un an de garantie. Ref:\u00a052099499AG -\u00a052099499AF -\u00a052099499AD -\u00a052099499\",\"breadcrumb\":{\"@id\":\"https:\/\/www.enriquerequena.com\/fr\/tienda-online\/arbre-transmission-cardan\/arbre-transmission-cardan-4x4\/arbre-de-transmision-cardan-grand-cherokee-52099499ag\/#breadcrumb\"},\"inLanguage\":\"fr-FR\",\"potentialAction\":[{\"@type\":\"ReadAction\",\"target\":[\"https:\/\/www.enriquerequena.com\/fr\/tienda-online\/arbre-transmission-cardan\/arbre-transmission-cardan-4x4\/arbre-de-transmision-cardan-grand-cherokee-52099499ag\/\"]}]},{\"@type\":\"ImageObject\",\"inLanguage\":\"fr-FR\",\"@id\":\"https:\/\/www.enriquerequena.com\/fr\/tienda-online\/arbre-transmission-cardan\/arbre-transmission-cardan-4x4\/arbre-de-transmision-cardan-grand-cherokee-52099499ag\/#primaryimage\",\"url\":\"https:\/\/www.enriquerequena.com\/wp-content\/uploads\/2019\/09\/products-TRANSMISION-CARDAN-ARBRE-DE-TRANSMISSION-PROPSHAFT-GRAND-CHEROKEE-52099499AG-52099499AF-52099499AD-52099499--2.jpg-2.jpg\",\"contentUrl\":\"https:\/\/www.enriquerequena.com\/wp-content\/uploads\/2019\/09\/products-TRANSMISION-CARDAN-ARBRE-DE-TRANSMISSION-PROPSHAFT-GRAND-CHEROKEE-52099499AG-52099499AF-52099499AD-52099499--2.jpg-2.jpg\",\"width\":800,\"height\":800,\"caption\":\"TRANSMISION-CARDAN-ARBRE-DE-TRANSMISSION-PROPSHAFT-GRAND-CHEROKEE-52099499AG-52099499AF-52099499AD-52099499-\"},{\"@type\":\"WebSite\",\"@id\":\"https:\/\/www.enriquerequena.com\/fr\/#website\",\"url\":\"https:\/\/www.enriquerequena.com\/fr\/\",\"name\":\"ENRIQUE REQUENA\",\"description\":\"Sp\u00e9cialistes des transmissions cardan avec des exp\u00e9ditions dans le monde entier et des pi\u00e8ces d\u00e9tach\u00e9es pour voitures, camions et accessoires \u00e0 Valence, en Espagne. Avec vous depuis 1950!\",\"publisher\":{\"@id\":\"https:\/\/www.enriquerequena.com\/fr\/#organization\"},\"potentialAction\":[{\"@type\":\"SearchAction\",\"target\":{\"@type\":\"EntryPoint\",\"urlTemplate\":\"https:\/\/www.enriquerequena.com\/fr\/?s={search_term_string}\"},\"query-input\":{\"@type\":\"PropertyValueSpecification\",\"valueRequired\":true,\"valueName\":\"search_term_string\"}}],\"inLanguage\":\"fr-FR\"},{\"@type\":\"Organization\",\"@id\":\"https:\/\/www.enriquerequena.com\/fr\/#organization\",\"name\":\"Enrique Requena S.L.\",\"url\":\"https:\/\/www.enriquerequena.com\/fr\/\",\"logo\":{\"@type\":\"ImageObject\",\"inLanguage\":\"fr-FR\",\"@id\":\"https:\/\/www.enriquerequena.com\/fr\/#\/schema\/logo\/image\/\",\"url\":\"https:\/\/www.enriquerequena.com\/wp-content\/uploads\/2019\/11\/enrique-requena-recambios-logotipo.jpg\",\"contentUrl\":\"https:\/\/www.enriquerequena.com\/wp-content\/uploads\/2019\/11\/enrique-requena-recambios-logotipo.jpg\",\"width\":381,\"height\":75,\"caption\":\"Enrique Requena S.L.\"},\"image\":{\"@id\":\"https:\/\/www.enriquerequena.com\/fr\/#\/schema\/logo\/image\/\"}}]}<\/script>\n<!-- \/ Yoast SEO plugin. -->","yoast_head_json":{"title":"Arbre Transmision Cardan Grand Cherokee Ref:\u00a052099499AG -\u00a052099499AF -\u00a052099499AD -\u00a052099499","description":"Arbre De Transmision Cardan Grand Cherokee . Transmission neuve et avec un an de garantie. Ref:\u00a052099499AG -\u00a052099499AF -\u00a052099499AD -\u00a052099499","robots":{"index":"index","follow":"follow","max-snippet":"max-snippet:-1","max-image-preview":"max-image-preview:large","max-video-preview":"max-video-preview:-1"},"canonical":"https:\/\/www.enriquerequena.com\/fr\/tienda-online\/arbre-transmission-cardan\/arbre-transmission-cardan-4x4\/arbre-de-transmision-cardan-grand-cherokee-52099499ag\/","og_locale":"fr_FR","og_type":"article","og_title":"Arbre Transmision Cardan Grand Cherokee Ref:\u00a052099499AG -\u00a052099499AF -\u00a052099499AD -\u00a052099499","og_description":"Arbre De Transmision Cardan Grand Cherokee . Transmission neuve et avec un an de garantie. Ref:\u00a052099499AG -\u00a052099499AF -\u00a052099499AD -\u00a052099499","og_url":"https:\/\/www.enriquerequena.com\/fr\/tienda-online\/arbre-transmission-cardan\/arbre-transmission-cardan-4x4\/arbre-de-transmision-cardan-grand-cherokee-52099499ag\/","og_site_name":"ENRIQUE REQUENA","article_modified_time":"2023-02-07T15:45:26+00:00","og_image":[{"width":800,"height":800,"url":"https:\/\/www.enriquerequena.com\/wp-content\/uploads\/2019\/09\/products-TRANSMISION-CARDAN-ARBRE-DE-TRANSMISSION-PROPSHAFT-GRAND-CHEROKEE-52099499AG-52099499AF-52099499AD-52099499--2.jpg-2.jpg","type":"image\/jpeg"}],"twitter_card":"summary_large_image","schema":{"@context":"https:\/\/schema.org","@graph":[{"@type":"WebPage","@id":"https:\/\/www.enriquerequena.com\/fr\/tienda-online\/arbre-transmission-cardan\/arbre-transmission-cardan-4x4\/arbre-de-transmision-cardan-grand-cherokee-52099499ag\/","url":"https:\/\/www.enriquerequena.com\/fr\/tienda-online\/arbre-transmission-cardan\/arbre-transmission-cardan-4x4\/arbre-de-transmision-cardan-grand-cherokee-52099499ag\/","name":"Arbre Transmision Cardan Grand Cherokee Ref:\u00a052099499AG -\u00a052099499AF -\u00a052099499AD -\u00a052099499","isPartOf":{"@id":"https:\/\/www.enriquerequena.com\/fr\/#website"},"primaryImageOfPage":{"@id":"https:\/\/www.enriquerequena.com\/fr\/tienda-online\/arbre-transmission-cardan\/arbre-transmission-cardan-4x4\/arbre-de-transmision-cardan-grand-cherokee-52099499ag\/#primaryimage"},"image":{"@id":"https:\/\/www.enriquerequena.com\/fr\/tienda-online\/arbre-transmission-cardan\/arbre-transmission-cardan-4x4\/arbre-de-transmision-cardan-grand-cherokee-52099499ag\/#primaryimage"},"thumbnailUrl":"https:\/\/www.enriquerequena.com\/wp-content\/uploads\/2019\/09\/products-TRANSMISION-CARDAN-ARBRE-DE-TRANSMISSION-PROPSHAFT-GRAND-CHEROKEE-52099499AG-52099499AF-52099499AD-52099499--2.jpg-2.jpg","datePublished":"2019-06-08T16:27:53+00:00","dateModified":"2023-02-07T15:45:26+00:00","description":"Arbre De Transmision Cardan Grand Cherokee . Transmission neuve et avec un an de garantie. Ref:\u00a052099499AG -\u00a052099499AF -\u00a052099499AD -\u00a052099499","breadcrumb":{"@id":"https:\/\/www.enriquerequena.com\/fr\/tienda-online\/arbre-transmission-cardan\/arbre-transmission-cardan-4x4\/arbre-de-transmision-cardan-grand-cherokee-52099499ag\/#breadcrumb"},"inLanguage":"fr-FR","potentialAction":[{"@type":"ReadAction","target":["https:\/\/www.enriquerequena.com\/fr\/tienda-online\/arbre-transmission-cardan\/arbre-transmission-cardan-4x4\/arbre-de-transmision-cardan-grand-cherokee-52099499ag\/"]}]},{"@type":"ImageObject","inLanguage":"fr-FR","@id":"https:\/\/www.enriquerequena.com\/fr\/tienda-online\/arbre-transmission-cardan\/arbre-transmission-cardan-4x4\/arbre-de-transmision-cardan-grand-cherokee-52099499ag\/#primaryimage","url":"https:\/\/www.enriquerequena.com\/wp-content\/uploads\/2019\/09\/products-TRANSMISION-CARDAN-ARBRE-DE-TRANSMISSION-PROPSHAFT-GRAND-CHEROKEE-52099499AG-52099499AF-52099499AD-52099499--2.jpg-2.jpg","contentUrl":"https:\/\/www.enriquerequena.com\/wp-content\/uploads\/2019\/09\/products-TRANSMISION-CARDAN-ARBRE-DE-TRANSMISSION-PROPSHAFT-GRAND-CHEROKEE-52099499AG-52099499AF-52099499AD-52099499--2.jpg-2.jpg","width":800,"height":800,"caption":"TRANSMISION-CARDAN-ARBRE-DE-TRANSMISSION-PROPSHAFT-GRAND-CHEROKEE-52099499AG-52099499AF-52099499AD-52099499-"},{"@type":"WebSite","@id":"https:\/\/www.enriquerequena.com\/fr\/#website","url":"https:\/\/www.enriquerequena.com\/fr\/","name":"ENRIQUE REQUENA","description":"Sp\u00e9cialistes des transmissions cardan avec des exp\u00e9ditions dans le monde entier et des pi\u00e8ces d\u00e9tach\u00e9es pour voitures, camions et accessoires \u00e0 Valence, en Espagne. Avec vous depuis 1950!","publisher":{"@id":"https:\/\/www.enriquerequena.com\/fr\/#organization"},"potentialAction":[{"@type":"SearchAction","target":{"@type":"EntryPoint","urlTemplate":"https:\/\/www.enriquerequena.com\/fr\/?s={search_term_string}"},"query-input":{"@type":"PropertyValueSpecification","valueRequired":true,"valueName":"search_term_string"}}],"inLanguage":"fr-FR"},{"@type":"Organization","@id":"https:\/\/www.enriquerequena.com\/fr\/#organization","name":"Enrique Requena S.L.","url":"https:\/\/www.enriquerequena.com\/fr\/","logo":{"@type":"ImageObject","inLanguage":"fr-FR","@id":"https:\/\/www.enriquerequena.com\/fr\/#\/schema\/logo\/image\/","url":"https:\/\/www.enriquerequena.com\/wp-content\/uploads\/2019\/11\/enrique-requena-recambios-logotipo.jpg","contentUrl":"https:\/\/www.enriquerequena.com\/wp-content\/uploads\/2019\/11\/enrique-requena-recambios-logotipo.jpg","width":381,"height":75,"caption":"Enrique Requena S.L."},"image":{"@id":"https:\/\/www.enriquerequena.com\/fr\/#\/schema\/logo\/image\/"}}]}},"_links":{"self":[{"href":"https:\/\/www.enriquerequena.com\/fr\/wp-json\/wp\/v2\/product\/3867","targetHints":{"allow":["GET"]}}],"collection":[{"href":"https:\/\/www.enriquerequena.com\/fr\/wp-json\/wp\/v2\/product"}],"about":[{"href":"https:\/\/www.enriquerequena.com\/fr\/wp-json\/wp\/v2\/types\/product"}],"wp:featuredmedia":[{"embeddable":true,"href":"https:\/\/www.enriquerequena.com\/fr\/wp-json\/wp\/v2\/media\/3868"}],"wp:attachment":[{"href":"https:\/\/www.enriquerequena.com\/fr\/wp-json\/wp\/v2\/media?parent=3867"}],"wp:term":[{"taxonomy":"product_brand","embeddable":true,"href":"https:\/\/www.enriquerequena.com\/fr\/wp-json\/wp\/v2\/product_brand?post=3867"},{"taxonomy":"product_cat","embeddable":true,"href":"https:\/\/www.enriquerequena.com\/fr\/wp-json\/wp\/v2\/product_cat?post=3867"},{"taxonomy":"product_tag","embeddable":true,"href":"https:\/\/www.enriquerequena.com\/fr\/wp-json\/wp\/v2\/product_tag?post=3867"}],"curies":[{"name":"wp","href":"https:\/\/api.w.org\/{rel}","templated":true}]}}