{"id":3901,"date":"2019-10-06T22:11:51","date_gmt":"2019-10-06T22:11:51","guid":{"rendered":"https:\/\/www.enriquerequena.com\/?post_type=product&#038;p=3901"},"modified":"2024-11-15T10:09:02","modified_gmt":"2024-11-15T09:09:02","slug":"arbre-detransmission-a-cardan-renault-kerax-5010422618","status":"publish","type":"product","link":"https:\/\/www.enriquerequena.com\/fr\/tienda-online\/arbre-transmission-cardan\/arbre-transmission-cardan-industrielle\/arbre-detransmission-a-cardan-renault-kerax-5010422618\/","title":{"rendered":"Arbre DeTransmission a Cardan Renault Kerax 5010422618"},"content":{"rendered":"<div style=\"text-align: justify;\">Arbre DeTransmission a Cardan Renault Kerax 5010422618, Premium II TRP\/ PR\/ DXI 7 , KERAX \/ DXI 11 \/ 13, AE, Magnum, Magnum E &#8211; Tech.<\/div>\n<div><\/div>\n<div style=\"text-align: justify;\">\n<p>&nbsp;<\/p>\n<p>-Informations sur le produit:<\/p>\n<div>\n<p>&#8211; Longueur [mm]: 700- L&rsquo;\u00e9tat:\u00a0 Neuf<\/p>\n<div>\n<div><\/div>\n<\/div>\n<\/div>\n<\/div>\n<div>&#8211; Num\u00e9ro de r\u00e9f\u00e9rence: OEM:5010422618<\/div>\n<p>&nbsp;<\/p>\n","protected":false},"excerpt":{"rendered":"<p>Arbre DeTransmission a Cardan Renault Kerax 5010422618, Premium II TRP\/ PR\/ DXI 7 , KERAX \/ DXI 11 \/ 13, AE, Magnum, Magnum E &#8211; Tech, neuf et avec un an de garantie, fabrication allemande<\/p>\n","protected":false},"featured_media":3902,"template":"","meta":[],"product_brand":[122],"product_cat":[144,162,168],"product_tag":[],"class_list":{"0":"post-3901","1":"product","2":"type-product","3":"status-publish","4":"has-post-thumbnail","6":"product_brand-renault-2","7":"product_cat-arbre-transmission-cardan","8":"product_cat-arbre-transmission-cardan-industrielle","9":"product_cat-arbre-transmission-cardan-navale-ferroviaire","10":"pa_manufacturer-renault","11":"pa_tipo-camions-poids-lourds","13":"first","14":"instock","15":"taxable","16":"shipping-taxable","17":"purchasable","18":"product-type-simple"},"yoast_head":"<!-- This site is optimized with the Yoast SEO plugin v27.5 - https:\/\/yoast.com\/product\/yoast-seo-wordpress\/ -->\n<title>Arbre DeTransmission a Cardan Renault Kerax 5010422618<\/title>\n<meta name=\"description\" content=\"Arbre DeTransmision a Cardan Renault Kerax 5010422618, Premium II TRP\/ PR\/ DXI 7 , KERAX \/ DXI 11 \/ 13, AE, Magnum, Magnum E - Tech., neuf et avec un an de garantie, fabrication allemande\" \/>\n<meta name=\"robots\" content=\"index, follow, max-snippet:-1, max-image-preview:large, max-video-preview:-1\" \/>\n<link rel=\"canonical\" href=\"https:\/\/www.enriquerequena.com\/fr\/tienda-online\/arbre-transmission-cardan\/arbre-transmission-cardan-industrielle\/arbre-detransmission-a-cardan-renault-kerax-5010422618\/\" \/>\n<meta property=\"og:locale\" content=\"fr_FR\" \/>\n<meta property=\"og:type\" content=\"article\" \/>\n<meta property=\"og:title\" content=\"Arbre DeTransmission a Cardan Renault Kerax 5010422618\" \/>\n<meta property=\"og:description\" content=\"Arbre DeTransmision a Cardan Renault Kerax 5010422618, Premium II TRP\/ PR\/ DXI 7 , KERAX \/ DXI 11 \/ 13, AE, Magnum, Magnum E - Tech., neuf et avec un an de garantie, fabrication allemande\" \/>\n<meta property=\"og:url\" content=\"https:\/\/www.enriquerequena.com\/fr\/tienda-online\/arbre-transmission-cardan\/arbre-transmission-cardan-industrielle\/arbre-detransmission-a-cardan-renault-kerax-5010422618\/\" \/>\n<meta property=\"og:site_name\" content=\"ENRIQUE REQUENA\" \/>\n<meta property=\"article:modified_time\" content=\"2024-11-15T09:09:02+00:00\" \/>\n<meta property=\"og:image\" content=\"https:\/\/www.enriquerequena.com\/wp-content\/uploads\/2019\/10\/products-Transmision-Cardan-Renault-Kerax-Trucks-5010422618-2-9-2.jpg\" \/>\n\t<meta property=\"og:image:width\" content=\"800\" \/>\n\t<meta property=\"og:image:height\" content=\"800\" \/>\n\t<meta property=\"og:image:type\" content=\"image\/jpeg\" \/>\n<meta name=\"twitter:card\" content=\"summary_large_image\" \/>\n<meta name=\"twitter:label1\" content=\"Dur\u00e9e de lecture estim\u00e9e\" \/>\n\t<meta name=\"twitter:data1\" content=\"1 minute\" \/>\n<script type=\"application\/ld+json\" class=\"yoast-schema-graph\">{\"@context\":\"https:\\\/\\\/schema.org\",\"@graph\":[{\"@type\":\"WebPage\",\"@id\":\"https:\\\/\\\/www.enriquerequena.com\\\/fr\\\/tienda-online\\\/arbre-transmission-cardan\\\/arbre-transmission-cardan-industrielle\\\/arbre-detransmission-a-cardan-renault-kerax-5010422618\\\/\",\"url\":\"https:\\\/\\\/www.enriquerequena.com\\\/fr\\\/tienda-online\\\/arbre-transmission-cardan\\\/arbre-transmission-cardan-industrielle\\\/arbre-detransmission-a-cardan-renault-kerax-5010422618\\\/\",\"name\":\"Arbre DeTransmission a Cardan Renault Kerax 5010422618\",\"isPartOf\":{\"@id\":\"https:\\\/\\\/www.enriquerequena.com\\\/fr\\\/#website\"},\"primaryImageOfPage\":{\"@id\":\"https:\\\/\\\/www.enriquerequena.com\\\/fr\\\/tienda-online\\\/arbre-transmission-cardan\\\/arbre-transmission-cardan-industrielle\\\/arbre-detransmission-a-cardan-renault-kerax-5010422618\\\/#primaryimage\"},\"image\":{\"@id\":\"https:\\\/\\\/www.enriquerequena.com\\\/fr\\\/tienda-online\\\/arbre-transmission-cardan\\\/arbre-transmission-cardan-industrielle\\\/arbre-detransmission-a-cardan-renault-kerax-5010422618\\\/#primaryimage\"},\"thumbnailUrl\":\"https:\\\/\\\/www.enriquerequena.com\\\/wp-content\\\/uploads\\\/2019\\\/10\\\/products-Transmision-Cardan-Renault-Kerax-Trucks-5010422618-2-9-2.jpg\",\"datePublished\":\"2019-10-06T22:11:51+00:00\",\"dateModified\":\"2024-11-15T09:09:02+00:00\",\"description\":\"Arbre DeTransmision a Cardan Renault Kerax 5010422618, Premium II TRP\\\/ PR\\\/ DXI 7 , KERAX \\\/ DXI 11 \\\/ 13, AE, Magnum, Magnum E - Tech., neuf et avec un an de garantie, fabrication allemande\",\"breadcrumb\":{\"@id\":\"https:\\\/\\\/www.enriquerequena.com\\\/fr\\\/tienda-online\\\/arbre-transmission-cardan\\\/arbre-transmission-cardan-industrielle\\\/arbre-detransmission-a-cardan-renault-kerax-5010422618\\\/#breadcrumb\"},\"inLanguage\":\"fr-FR\",\"potentialAction\":[{\"@type\":\"ReadAction\",\"target\":[\"https:\\\/\\\/www.enriquerequena.com\\\/fr\\\/tienda-online\\\/arbre-transmission-cardan\\\/arbre-transmission-cardan-industrielle\\\/arbre-detransmission-a-cardan-renault-kerax-5010422618\\\/\"]}]},{\"@type\":\"ImageObject\",\"inLanguage\":\"fr-FR\",\"@id\":\"https:\\\/\\\/www.enriquerequena.com\\\/fr\\\/tienda-online\\\/arbre-transmission-cardan\\\/arbre-transmission-cardan-industrielle\\\/arbre-detransmission-a-cardan-renault-kerax-5010422618\\\/#primaryimage\",\"url\":\"https:\\\/\\\/www.enriquerequena.com\\\/wp-content\\\/uploads\\\/2019\\\/10\\\/products-Transmision-Cardan-Renault-Kerax-Trucks-5010422618-2-9-2.jpg\",\"contentUrl\":\"https:\\\/\\\/www.enriquerequena.com\\\/wp-content\\\/uploads\\\/2019\\\/10\\\/products-Transmision-Cardan-Renault-Kerax-Trucks-5010422618-2-9-2.jpg\",\"width\":800,\"height\":800,\"caption\":\"5010422618, TRANSMISION, CARDAN, ARBRE DE TRANSMISSION, CARDAN SHAFT,\"},{\"@type\":\"WebSite\",\"@id\":\"https:\\\/\\\/www.enriquerequena.com\\\/fr\\\/#website\",\"url\":\"https:\\\/\\\/www.enriquerequena.com\\\/fr\\\/\",\"name\":\"ENRIQUE REQUENA\",\"description\":\"Sp\u00e9cialistes des transmissions cardan avec des exp\u00e9ditions dans le monde entier et des pi\u00e8ces d\u00e9tach\u00e9es pour voitures, camions et accessoires \u00e0 Valence, en Espagne. Avec vous depuis 1950!\",\"publisher\":{\"@id\":\"https:\\\/\\\/www.enriquerequena.com\\\/fr\\\/#organization\"},\"potentialAction\":[{\"@type\":\"SearchAction\",\"target\":{\"@type\":\"EntryPoint\",\"urlTemplate\":\"https:\\\/\\\/www.enriquerequena.com\\\/fr\\\/?s={search_term_string}\"},\"query-input\":{\"@type\":\"PropertyValueSpecification\",\"valueRequired\":true,\"valueName\":\"search_term_string\"}}],\"inLanguage\":\"fr-FR\"},{\"@type\":\"Organization\",\"@id\":\"https:\\\/\\\/www.enriquerequena.com\\\/fr\\\/#organization\",\"name\":\"Enrique Requena S.L.\",\"url\":\"https:\\\/\\\/www.enriquerequena.com\\\/fr\\\/\",\"logo\":{\"@type\":\"ImageObject\",\"inLanguage\":\"fr-FR\",\"@id\":\"https:\\\/\\\/www.enriquerequena.com\\\/fr\\\/#\\\/schema\\\/logo\\\/image\\\/\",\"url\":\"https:\\\/\\\/www.enriquerequena.com\\\/wp-content\\\/uploads\\\/2019\\\/11\\\/enrique-requena-recambios-logotipo.jpg\",\"contentUrl\":\"https:\\\/\\\/www.enriquerequena.com\\\/wp-content\\\/uploads\\\/2019\\\/11\\\/enrique-requena-recambios-logotipo.jpg\",\"width\":381,\"height\":75,\"caption\":\"Enrique Requena S.L.\"},\"image\":{\"@id\":\"https:\\\/\\\/www.enriquerequena.com\\\/fr\\\/#\\\/schema\\\/logo\\\/image\\\/\"}}]}<\/script>\n<!-- \/ Yoast SEO plugin. -->","yoast_head_json":{"title":"Arbre DeTransmission a Cardan Renault Kerax 5010422618","description":"Arbre DeTransmision a Cardan Renault Kerax 5010422618, Premium II TRP\/ PR\/ DXI 7 , KERAX \/ DXI 11 \/ 13, AE, Magnum, Magnum E - Tech., neuf et avec un an de garantie, fabrication allemande","robots":{"index":"index","follow":"follow","max-snippet":"max-snippet:-1","max-image-preview":"max-image-preview:large","max-video-preview":"max-video-preview:-1"},"canonical":"https:\/\/www.enriquerequena.com\/fr\/tienda-online\/arbre-transmission-cardan\/arbre-transmission-cardan-industrielle\/arbre-detransmission-a-cardan-renault-kerax-5010422618\/","og_locale":"fr_FR","og_type":"article","og_title":"Arbre DeTransmission a Cardan Renault Kerax 5010422618","og_description":"Arbre DeTransmision a Cardan Renault Kerax 5010422618, Premium II TRP\/ PR\/ DXI 7 , KERAX \/ DXI 11 \/ 13, AE, Magnum, Magnum E - Tech., neuf et avec un an de garantie, fabrication allemande","og_url":"https:\/\/www.enriquerequena.com\/fr\/tienda-online\/arbre-transmission-cardan\/arbre-transmission-cardan-industrielle\/arbre-detransmission-a-cardan-renault-kerax-5010422618\/","og_site_name":"ENRIQUE REQUENA","article_modified_time":"2024-11-15T09:09:02+00:00","og_image":[{"width":800,"height":800,"url":"https:\/\/www.enriquerequena.com\/wp-content\/uploads\/2019\/10\/products-Transmision-Cardan-Renault-Kerax-Trucks-5010422618-2-9-2.jpg","type":"image\/jpeg"}],"twitter_card":"summary_large_image","twitter_misc":{"Dur\u00e9e de lecture estim\u00e9e":"1 minute"},"schema":{"@context":"https:\/\/schema.org","@graph":[{"@type":"WebPage","@id":"https:\/\/www.enriquerequena.com\/fr\/tienda-online\/arbre-transmission-cardan\/arbre-transmission-cardan-industrielle\/arbre-detransmission-a-cardan-renault-kerax-5010422618\/","url":"https:\/\/www.enriquerequena.com\/fr\/tienda-online\/arbre-transmission-cardan\/arbre-transmission-cardan-industrielle\/arbre-detransmission-a-cardan-renault-kerax-5010422618\/","name":"Arbre DeTransmission a Cardan Renault Kerax 5010422618","isPartOf":{"@id":"https:\/\/www.enriquerequena.com\/fr\/#website"},"primaryImageOfPage":{"@id":"https:\/\/www.enriquerequena.com\/fr\/tienda-online\/arbre-transmission-cardan\/arbre-transmission-cardan-industrielle\/arbre-detransmission-a-cardan-renault-kerax-5010422618\/#primaryimage"},"image":{"@id":"https:\/\/www.enriquerequena.com\/fr\/tienda-online\/arbre-transmission-cardan\/arbre-transmission-cardan-industrielle\/arbre-detransmission-a-cardan-renault-kerax-5010422618\/#primaryimage"},"thumbnailUrl":"https:\/\/www.enriquerequena.com\/wp-content\/uploads\/2019\/10\/products-Transmision-Cardan-Renault-Kerax-Trucks-5010422618-2-9-2.jpg","datePublished":"2019-10-06T22:11:51+00:00","dateModified":"2024-11-15T09:09:02+00:00","description":"Arbre DeTransmision a Cardan Renault Kerax 5010422618, Premium II TRP\/ PR\/ DXI 7 , KERAX \/ DXI 11 \/ 13, AE, Magnum, Magnum E - Tech., neuf et avec un an de garantie, fabrication allemande","breadcrumb":{"@id":"https:\/\/www.enriquerequena.com\/fr\/tienda-online\/arbre-transmission-cardan\/arbre-transmission-cardan-industrielle\/arbre-detransmission-a-cardan-renault-kerax-5010422618\/#breadcrumb"},"inLanguage":"fr-FR","potentialAction":[{"@type":"ReadAction","target":["https:\/\/www.enriquerequena.com\/fr\/tienda-online\/arbre-transmission-cardan\/arbre-transmission-cardan-industrielle\/arbre-detransmission-a-cardan-renault-kerax-5010422618\/"]}]},{"@type":"ImageObject","inLanguage":"fr-FR","@id":"https:\/\/www.enriquerequena.com\/fr\/tienda-online\/arbre-transmission-cardan\/arbre-transmission-cardan-industrielle\/arbre-detransmission-a-cardan-renault-kerax-5010422618\/#primaryimage","url":"https:\/\/www.enriquerequena.com\/wp-content\/uploads\/2019\/10\/products-Transmision-Cardan-Renault-Kerax-Trucks-5010422618-2-9-2.jpg","contentUrl":"https:\/\/www.enriquerequena.com\/wp-content\/uploads\/2019\/10\/products-Transmision-Cardan-Renault-Kerax-Trucks-5010422618-2-9-2.jpg","width":800,"height":800,"caption":"5010422618, TRANSMISION, CARDAN, ARBRE DE TRANSMISSION, CARDAN SHAFT,"},{"@type":"WebSite","@id":"https:\/\/www.enriquerequena.com\/fr\/#website","url":"https:\/\/www.enriquerequena.com\/fr\/","name":"ENRIQUE REQUENA","description":"Sp\u00e9cialistes des transmissions cardan avec des exp\u00e9ditions dans le monde entier et des pi\u00e8ces d\u00e9tach\u00e9es pour voitures, camions et accessoires \u00e0 Valence, en Espagne. Avec vous depuis 1950!","publisher":{"@id":"https:\/\/www.enriquerequena.com\/fr\/#organization"},"potentialAction":[{"@type":"SearchAction","target":{"@type":"EntryPoint","urlTemplate":"https:\/\/www.enriquerequena.com\/fr\/?s={search_term_string}"},"query-input":{"@type":"PropertyValueSpecification","valueRequired":true,"valueName":"search_term_string"}}],"inLanguage":"fr-FR"},{"@type":"Organization","@id":"https:\/\/www.enriquerequena.com\/fr\/#organization","name":"Enrique Requena S.L.","url":"https:\/\/www.enriquerequena.com\/fr\/","logo":{"@type":"ImageObject","inLanguage":"fr-FR","@id":"https:\/\/www.enriquerequena.com\/fr\/#\/schema\/logo\/image\/","url":"https:\/\/www.enriquerequena.com\/wp-content\/uploads\/2019\/11\/enrique-requena-recambios-logotipo.jpg","contentUrl":"https:\/\/www.enriquerequena.com\/wp-content\/uploads\/2019\/11\/enrique-requena-recambios-logotipo.jpg","width":381,"height":75,"caption":"Enrique Requena S.L."},"image":{"@id":"https:\/\/www.enriquerequena.com\/fr\/#\/schema\/logo\/image\/"}}]}},"_links":{"self":[{"href":"https:\/\/www.enriquerequena.com\/fr\/wp-json\/wp\/v2\/product\/3901","targetHints":{"allow":["GET"]}}],"collection":[{"href":"https:\/\/www.enriquerequena.com\/fr\/wp-json\/wp\/v2\/product"}],"about":[{"href":"https:\/\/www.enriquerequena.com\/fr\/wp-json\/wp\/v2\/types\/product"}],"wp:featuredmedia":[{"embeddable":true,"href":"https:\/\/www.enriquerequena.com\/fr\/wp-json\/wp\/v2\/media\/3902"}],"wp:attachment":[{"href":"https:\/\/www.enriquerequena.com\/fr\/wp-json\/wp\/v2\/media?parent=3901"}],"wp:term":[{"taxonomy":"product_brand","embeddable":true,"href":"https:\/\/www.enriquerequena.com\/fr\/wp-json\/wp\/v2\/product_brand?post=3901"},{"taxonomy":"product_cat","embeddable":true,"href":"https:\/\/www.enriquerequena.com\/fr\/wp-json\/wp\/v2\/product_cat?post=3901"},{"taxonomy":"product_tag","embeddable":true,"href":"https:\/\/www.enriquerequena.com\/fr\/wp-json\/wp\/v2\/product_tag?post=3901"}],"curies":[{"name":"wp","href":"https:\/\/api.w.org\/{rel}","templated":true}]}}